{"id":33258,"date":"2024-04-30T10:45:33","date_gmt":"2024-04-30T10:45:33","guid":{"rendered":"https:\/\/www.iceireland.com\/ayp-attendance-consequence-and-expulsion\/"},"modified":"2026-01-30T18:27:06","modified_gmt":"2026-01-30T18:27:06","slug":"ayp-attendance-consequence-and-expulsion","status":"publish","type":"page","link":"https:\/\/www.iceireland.com\/it\/ayp-attendance-consequence-and-expulsion\/","title":{"rendered":"Frequenza AYP, conseguenze ed espulsione"},"content":{"rendered":"\t\t<div data-elementor-type=\"wp-page\" data-elementor-id=\"33258\" class=\"elementor elementor-33258 elementor-26681\" data-elementor-post-type=\"page\">\n\t\t\t\t\t\t<section class=\"elementor-section elementor-top-section elementor-element elementor-element-38e15fa elementor-section-boxed elementor-section-height-default elementor-section-height-default\" data-id=\"38e15fa\" data-element_type=\"section\" data-e-type=\"section\">\n\t\t\t\t\t\t<div class=\"elementor-container elementor-column-gap-default\">\n\t\t\t\t\t<div class=\"elementor-column elementor-col-100 elementor-top-column elementor-element elementor-element-7619e07\" data-id=\"7619e07\" data-element_type=\"column\" data-e-type=\"column\">\n\t\t\t<div class=\"elementor-widget-wrap elementor-element-populated\">\n\t\t\t\t\t\t<div class=\"elementor-element elementor-element-a855156 elementor-widget elementor-widget-spacer\" data-id=\"a855156\" data-element_type=\"widget\" data-e-type=\"widget\" data-widget_type=\"spacer.default\">\n\t\t\t\t<div class=\"elementor-widget-container\">\n\t\t\t\t\t\t\t<div class=\"elementor-spacer\">\n\t\t\t<div class=\"elementor-spacer-inner\"><\/div>\n\t\t<\/div>\n\t\t\t\t\t\t<\/div>\n\t\t\t\t<\/div>\n\t\t\t\t\t<\/div>\n\t\t<\/div>\n\t\t\t\t\t<\/div>\n\t\t<\/section>\n\t\t\t\t<section class=\"elementor-section elementor-top-section elementor-element elementor-element-e146597 elementor-section-boxed elementor-section-height-default elementor-section-height-default\" data-id=\"e146597\" data-element_type=\"section\" data-e-type=\"section\">\n\t\t\t\t\t\t<div class=\"elementor-container elementor-column-gap-default\">\n\t\t\t\t\t<div class=\"elementor-column elementor-col-100 elementor-top-column elementor-element elementor-element-5e0f0d3\" data-id=\"5e0f0d3\" data-element_type=\"column\" data-e-type=\"column\">\n\t\t\t<div class=\"elementor-widget-wrap elementor-element-populated\">\n\t\t\t\t\t\t<div class=\"elementor-element elementor-element-51fc137 elementor-widget elementor-widget-text-editor\" data-id=\"51fc137\" data-element_type=\"widget\" data-e-type=\"widget\" data-widget_type=\"text-editor.default\">\n\t\t\t\t<div class=\"elementor-widget-container\">\n\t\t\t\t\t\t\t\t\t<h4><strong>Frequenza AYP, conseguenze ed espulsione<\/strong><\/h4><p>All&#8217;Irish College of English ci impegniamo a promuovere un ambiente rispettoso, solidale e inclusivo. Tutti gli studenti sono tenuti a rispettare il nostro <strong>Codice di condotta studentesca<\/strong>, che promuove un comportamento rispettoso in tutte le aree della vita scolastica e del campo, comprese le classi, le attivit\u00e0 in sede e fuori sede, gli alloggi e le escursioni. Questo codice, che si trova qui nel Manuale dello Studente, promuove la sicurezza, il benessere e l&#8217;esperienza positiva di tutti gli studenti, del personale, degli ospiti e della comunit\u00e0 locale.  <strong> <\/strong><\/p><p><strong>Codici chiave:<\/strong><\/p><p>Gli studenti sono tenuti a:<\/p><ul><li>Tratta i compagni, il personale e le famiglie ospitanti con rispetto.<\/li><li>Segui le istruzioni degli insegnanti, degli animatori e dei fornitori di alloggi.<\/li><li>Rispettare sempre le linee guida sulla sicurezza e le politiche universitarie.<\/li><li>Rispetta la propriet\u00e0 degli altri e l&#8217;ambiente.<\/li><\/ul><p>Ci sforziamo di guidare gli studenti a mantenere questi standard attraverso una comunicazione chiara e un rinforzo positivo. Tuttavia, i comportamenti inaccettabili saranno affrontati in modo tempestivo e appropriato. <\/p><p>La nostra Politica disciplinare e di espulsione garantisce che tutti i membri della nostra comunit\u00e0 siano trattati in modo equo e che i comportamenti inappropriati siano affrontati in modo tempestivo ed efficace. Le revisioni periodiche di questa politica ne garantiscono l&#8217;allineamento con il nostro impegno a mantenere un ambiente di apprendimento positivo. All&#8217;Irish College of English crediamo nella promozione di una cultura del rispetto, della responsabilit\u00e0 e dell&#8217;affidabilit\u00e0 e questa politica riflette il nostro impegno nel sostenere questi principi.  <\/p><h4> <\/h4><h4>Procedure per affrontare un comportamento inaccettabile<\/h4><p><strong>Intervento iniziale:<\/strong><\/p><p>Gli incidenti minori saranno affrontati con avvertimenti verbali o scritti, con chiare istruzioni per un comportamento correttivo.<\/p><p>Per gli studenti minorenni, i genitori\/tutori possono essere informati in questa fase.<\/p><p><strong>Escalation:<\/strong><\/p><p>Le violazioni ripetute o gravi del codice comporteranno una revisione formale da parte del team di gestione senior della scuola o di membri del team stesso, a seconda della disponibilit\u00e0.<\/p><p>Le conseguenze possono includere un avvertimento, limitazioni alle attivit\u00e0, cambiamenti di alloggio o una sospensione temporanea e saranno comunicate tempestivamente allo studente, insieme alle motivazioni del team.<\/p><p>Se il comportamento dovesse persistere, si proceder\u00e0 all&#8217;espulsione.<\/p><p><strong>Espulsione immediata:<\/strong><\/p><p>Comportamenti gravemente scorretti, come mettere in pericolo gli altri, furto, bullismo o abuso di droghe\/alcool, possono comportare l&#8217;espulsione immediata.<\/p><p>Continue violazioni di un comportamento ritenuto inaccettabile dopo un primo avvertimento da parte di un membro dello staff o di un capogruppo.<\/p><p>Gli studenti minorenni devono essere prelevati tempestivamente dal genitore\/tutore o da un rappresentante designato, oppure devono essere organizzati voli di ritorno a casa secondo le necessit\u00e0.<\/p><p>Gli studenti adulti sono tenuti a lasciare l&#8217;alloggio e a trovare immediatamente un&#8217;alternativa.<\/p><p>Le violazioni gravi della condotta, in particolare quelle che riguardano attivit\u00e0 illegali, possono coinvolgere le autorit\u00e0 esterne, se necessario.<\/p><p><strong> <\/strong><\/p><h4><strong>Assenze ed espulsioni per gli studenti che partecipano ai programmi AYP  <\/strong><\/h4><p class=\"cvGsUA direction-ltr align-start para-style-body\"><span class=\"a_GcMg font-feature-liga-off font-feature-clig-off font-feature-calt-off text-decoration-none text-strikethrough-none\">Programma delle lezioni e frequenza:<\/span><\/p><ul><li><span class=\"a_GcMg font-feature-liga-off font-feature-clig-off font-feature-calt-off text-decoration-none text-strikethrough-none\">Le lezioni sono previste dal luned\u00ec al venerd\u00ec dalle 9.15 alle 12.30.<\/span><\/li><li><span class=\"a_GcMg font-feature-liga-off font-feature-clig-off font-feature-calt-off text-decoration-none text-strikethrough-none\">La frequenza viene presa ogni giorno in classe.<\/span><\/li><li><span class=\"a_GcMg font-feature-liga-off font-feature-clig-off font-feature-calt-off text-decoration-none text-strikethrough-none\">Gli studenti devono arrivare puntuali e frequentare l&#8217;intera classe per essere considerati presenti.<\/span><\/li><\/ul><p class=\"cvGsUA direction-ltr align-start para-style-body\"><span class=\"a_GcMg font-feature-liga-off font-feature-clig-off font-feature-calt-off text-decoration-none text-strikethrough-none\">Requisito minimo di partecipazione:<\/span><\/p><ul><li><span class=\"a_GcMg font-feature-liga-off font-feature-clig-off font-feature-calt-off text-decoration-none text-strikethrough-none\">La frequenza minima obbligatoria \u00e8 dell&#8217;85%.<\/span><\/li><\/ul><div> <\/div><p class=\"cvGsUA direction-ltr align-start para-style-body\"><span class=\"a_GcMg font-feature-liga-off font-feature-clig-off font-feature-calt-off text-decoration-none text-strikethrough-none\">Segnalazione al Servizio Immigrazione:<\/span><\/p><ul><li><span class=\"a_GcMg font-feature-liga-off font-feature-clig-off font-feature-calt-off text-decoration-none text-strikethrough-none\">Un rapporto settimanale sulle presenze viene inviato al servizio immigrazione.<\/span><\/li><li><span class=\"a_GcMg font-feature-liga-off font-feature-clig-off font-feature-calt-off text-decoration-none text-strikethrough-none\">Se uno studente ha il 25% o pi\u00f9 di assenze non certificate nelle prime sei settimane, questa informazione sar\u00e0 comunicata all&#8217;INIS\/GNIB.<\/span><\/li><li><span class=\"a_GcMg font-feature-liga-off font-feature-clig-off font-feature-calt-off text-decoration-none text-strikethrough-none\">Se uno studente non riesce a recuperare almeno l&#8217;85% di presenze prima della fine del programma, gli verr\u00e0 comunicato che non soddisfa i requisiti di frequenza.<\/span><\/li><li><span class=\"a_GcMg font-feature-liga-off font-feature-clig-off font-feature-calt-off text-decoration-none text-strikethrough-none\">Questo fatto sar\u00e0 comunicato al servizio di immigrazione.<\/span><\/li><\/ul><div> <\/div><p class=\"cvGsUA direction-ltr align-start para-style-body\"><span class=\"a_GcMg font-feature-liga-off font-feature-clig-off font-feature-calt-off text-decoration-none text-strikethrough-none\">Nessun meccanismo di recupero delle assenze non certificate:<\/span><\/p><ul><li><span class=\"a_GcMg font-feature-liga-off font-feature-clig-off font-feature-calt-off text-decoration-none text-strikethrough-none\">Non \u00e8 consentito agli studenti di recuperare le assenze non certificate attraverso lezioni aggiuntive, n\u00e9 durante n\u00e9 dopo la fine del programma.<\/span><\/li><\/ul><p class=\"cvGsUA direction-ltr align-start para-style-body\"><span class=\"a_GcMg font-feature-liga-off font-feature-clig-off font-feature-calt-off text-decoration-none text-strikethrough-none\"> <\/span><\/p><p class=\"cvGsUA direction-ltr align-start para-style-body\"><span class=\"a_GcMg font-feature-liga-off font-feature-clig-off font-feature-calt-off text-decoration-none text-strikethrough-none\">Lettera di partecipazione finale:<\/span><\/p><ul><li><span class=\"a_GcMg font-feature-liga-off font-feature-clig-off font-feature-calt-off text-decoration-none text-strikethrough-none\">Alla fine del corso verr\u00e0 rilasciata una lettera di conferma della frequenza finale.<\/span><\/li><\/ul><div> <\/div><p class=\"cvGsUA direction-ltr align-start para-style-body\"><span class=\"a_GcMg font-feature-liga-off font-feature-clig-off font-feature-calt-off text-decoration-none text-strikethrough-none\">Assenteismo ed espulsione<\/span><\/p><p class=\"cvGsUA direction-ltr align-start para-style-body\"><span class=\"a_GcMg font-feature-liga-off font-feature-clig-off font-feature-calt-off text-decoration-none text-strikethrough-none\">Sistema di avviso delle presenze:<\/span><\/p><ul><li><span class=\"a_GcMg font-feature-liga-off font-feature-clig-off font-feature-calt-off text-decoration-none text-strikethrough-none\">Le presenze vengono monitorate settimanalmente e gli studenti che non raggiungono il 75% di presenze riceveranno un&#8217;e-mail di avvertimento.<\/span><\/li><li><span class=\"a_GcMg font-feature-liga-off font-feature-clig-off font-feature-calt-off text-decoration-none text-strikethrough-none\">Dopo il primo avvertimento, se la frequenza dello studente non migliora, verr\u00e0 emesso un secondo avvertimento e verr\u00e0 fissato un incontro con l&#8217;amministrazione della scuola.<\/span><\/li><li><span class=\"a_GcMg font-feature-liga-off font-feature-clig-off font-feature-calt-off text-decoration-none text-strikethrough-none\">Il continuo mancato rispetto degli obblighi di frequenza comporter\u00e0 un avvertimento finale e lo studente potr\u00e0 essere segnalato all&#8217;INIS\/GNIB e rimosso dal programma ILEP.<\/span><\/li><li><span class=\"a_GcMg font-feature-liga-off font-feature-clig-off font-feature-calt-off text-decoration-none text-strikethrough-none\">La decisione sar\u00e0 a discrezione del Responsabile delle Operazioni, Ian McElhinney.<\/span><\/li><\/ul><p class=\"cvGsUA direction-ltr align-start para-style-body\"><span class=\"a_GcMg font-feature-liga-off font-feature-clig-off font-feature-calt-off text-decoration-none text-strikethrough-none\"> <\/span><\/p><p class=\"cvGsUA direction-ltr align-start para-style-body\"><span class=\"a_GcMg font-feature-liga-off font-feature-clig-off font-feature-calt-off text-decoration-none text-strikethrough-none\">Conseguenze dell&#8217;espulsione:<\/span><\/p><ul><li><span class=\"a_GcMg font-feature-liga-off font-feature-clig-off font-feature-calt-off text-decoration-none text-strikethrough-none\">Il mancato miglioramento della frequenza a un livello accettabile comporter\u00e0 l&#8217;espulsione dal programma ILEP.<\/span><\/li><li><span class=\"a_GcMg font-feature-liga-off font-feature-clig-off font-feature-calt-off text-decoration-none text-strikethrough-none\">Le conseguenze sono l&#8217;assenza di certificato, il mancato rimborso e la notifica all&#8217;INIS (Irish Naturalisation and Immigration Service).<\/span><\/li><\/ul><p class=\"cvGsUA direction-ltr align-start para-style-body\"><span class=\"a_GcMg font-feature-liga-off font-feature-clig-off font-feature-calt-off text-decoration-none text-strikethrough-none\">Assenze giustificate<\/span><\/p><ul><li><span class=\"a_GcMg font-feature-liga-off font-feature-clig-off font-feature-calt-off text-decoration-none text-strikethrough-none\">Definizione di assenze giustificate:<\/span><ul><li><span class=\"a_GcMg font-feature-liga-off font-feature-clig-off font-feature-calt-off text-decoration-none text-strikethrough-none\">Le assenze possono essere giustificate in caso di:<\/span><ul><li><span class=\"a_GcMg font-feature-liga-off font-feature-clig-off font-feature-calt-off text-decoration-none text-strikethrough-none\">Malattia, Malattia grave, Lutto di un familiare<\/span><\/li><\/ul><\/li><\/ul><\/li><\/ul><p class=\"cvGsUA direction-ltr align-start para-style-body\"><span class=\"a_GcMg font-feature-liga-off font-feature-clig-off font-feature-calt-off text-decoration-none text-strikethrough-none\"> <\/span><\/p><p class=\"cvGsUA direction-ltr align-start para-style-body\"><span class=\"a_GcMg font-feature-liga-off font-feature-clig-off font-feature-calt-off text-decoration-none text-strikethrough-none\">Notifica e documentazione di supporto<\/span><\/p><ul><li class=\"cvGsUA direction-ltr align-start para-style-body\"><span class=\"a_GcMg font-feature-liga-off font-feature-clig-off font-feature-calt-off text-decoration-none text-strikethrough-none\">In caso di assenze giustificate, gli studenti sono tenuti ad avvisare l&#8217;universit\u00e0 via e-mail.<\/span><\/li><li class=\"cvGsUA direction-ltr align-start para-style-body\"><span class=\"a_GcMg font-feature-liga-off font-feature-clig-off font-feature-calt-off text-decoration-none text-strikethrough-none\">La documentazione di supporto verr\u00e0 richiesta e valutata.<\/span><\/li><\/ul><p class=\"cvGsUA direction-ltr align-start para-style-body\"><span class=\"a_GcMg font-feature-liga-off font-feature-clig-off font-feature-calt-off text-decoration-none text-strikethrough-none\">Documentazione di supporto accettabile:<\/span><\/p><ul><li><span class=\"a_GcMg font-feature-liga-off font-feature-clig-off font-feature-calt-off text-decoration-none text-strikethrough-none\">Malattia: Certificato medico<\/span><\/li><li><span class=\"a_GcMg font-feature-liga-off font-feature-clig-off font-feature-calt-off text-decoration-none text-strikethrough-none\">Malattia grave di un familiare: Certificato medico<\/span><\/li><li><span class=\"a_GcMg font-feature-liga-off font-feature-clig-off font-feature-calt-off text-decoration-none text-strikethrough-none\">Lutto: Prove di lutto.<\/span><\/li><\/ul><p><strong> <\/strong><\/p><h4><strong>Processo di appello<\/strong><\/h4><p>Gli studenti e, per i ragazzi, i loro genitori\/tutori, possono presentare ricorso contro una decisione di espulsione. Il processo di appello prevede: <\/p><p>Presentare un ricorso scritto al direttore del collegio entro 5 giorni lavorativi dall&#8217;espulsione.<\/p><p>Il Consiglio di amministrazione valuter\u00e0 il ricorso prendendo in considerazione tutte le informazioni pertinenti.<\/p><p>La decisione verr\u00e0 comunicata entro 7 giorni lavorativi dalla presentazione del ricorso.<\/p><p>La decisione del Consiglio di Amministrazione \u00e8 definitiva.<\/p>\t\t\t\t\t\t\t\t<\/div>\n\t\t\t\t<\/div>\n\t\t\t\t\t<\/div>\n\t\t<\/div>\n\t\t\t\t\t<\/div>\n\t\t<\/section>\n\t\t\t\t<section class=\"elementor-section elementor-top-section elementor-element elementor-element-52ed7a0 elementor-section-boxed elementor-section-height-default elementor-section-height-default\" data-id=\"52ed7a0\" data-element_type=\"section\" data-e-type=\"section\">\n\t\t\t\t\t\t<div class=\"elementor-container elementor-column-gap-default\">\n\t\t\t\t\t<div class=\"elementor-column elementor-col-100 elementor-top-column elementor-element elementor-element-99a519b\" data-id=\"99a519b\" data-element_type=\"column\" data-e-type=\"column\">\n\t\t\t<div class=\"elementor-widget-wrap elementor-element-populated\">\n\t\t\t\t\t\t<div class=\"elementor-element elementor-element-81a94e8 elementor-widget elementor-widget-spacer\" data-id=\"81a94e8\" data-element_type=\"widget\" data-e-type=\"widget\" data-widget_type=\"spacer.default\">\n\t\t\t\t<div class=\"elementor-widget-container\">\n\t\t\t\t\t\t\t<div class=\"elementor-spacer\">\n\t\t\t<div class=\"elementor-spacer-inner\"><\/div>\n\t\t<\/div>\n\t\t\t\t\t\t<\/div>\n\t\t\t\t<\/div>\n\t\t\t\t\t<\/div>\n\t\t<\/div>\n\t\t\t\t\t<\/div>\n\t\t<\/section>\n\t\t\t\t<\/div>\n\t\t","protected":false},"excerpt":{"rendered":"<p>Frequenza AYP, conseguenze ed espulsione All&#8217;Irish College of English ci impegniamo a promuovere un ambiente rispettoso, solidale e inclusivo. Tutti gli studenti sono tenuti a rispettare il nostro Codice di condotta studentesca, che promuove un comportamento rispettoso in tutte le aree della vita scolastica e del campo, comprese le classi, le attivit\u00e0 in sede e [&hellip;]<\/p>\n","protected":false},"author":3,"featured_media":0,"parent":0,"menu_order":0,"comment_status":"closed","ping_status":"closed","template":"","meta":{"content-type":"","footnotes":""},"class_list":["post-33258","page","type-page","status-publish","hentry"],"yoast_head":"<!-- This site is optimized with the Yoast SEO plugin v27.3 - https:\/\/yoast.com\/product\/yoast-seo-wordpress\/ -->\n<title>Frequenza AYP, conseguenze ed espulsione - Irish College of English<\/title>\n<meta name=\"robots\" content=\"index, follow, max-snippet:-1, max-image-preview:large, max-video-preview:-1\" \/>\n<link rel=\"canonical\" href=\"https:\/\/www.iceireland.com\/it\/ayp-attendance-consequence-and-expulsion\/\" \/>\n<meta property=\"og:locale\" content=\"it_IT\" \/>\n<meta property=\"og:type\" content=\"article\" \/>\n<meta property=\"og:title\" content=\"Frequenza AYP, conseguenze ed espulsione - Irish College of English\" \/>\n<meta property=\"og:description\" content=\"Frequenza AYP, conseguenze ed espulsione All&#8217;Irish College of English ci impegniamo a promuovere un ambiente rispettoso, solidale e inclusivo. Tutti gli studenti sono tenuti a rispettare il nostro Codice di condotta studentesca, che promuove un comportamento rispettoso in tutte le aree della vita scolastica e del campo, comprese le classi, le attivit\u00e0 in sede e [&hellip;]\" \/>\n<meta property=\"og:url\" content=\"https:\/\/www.iceireland.com\/it\/ayp-attendance-consequence-and-expulsion\/\" \/>\n<meta property=\"og:site_name\" content=\"Irish College of English\" \/>\n<meta property=\"article:modified_time\" content=\"2026-01-30T18:27:06+00:00\" \/>\n<meta name=\"twitter:label1\" content=\"Tempo di lettura stimato\" \/>\n\t<meta name=\"twitter:data1\" content=\"4 minuti\" \/>\n<script type=\"application\/ld+json\" class=\"yoast-schema-graph\">{\"@context\":\"https:\\\/\\\/schema.org\",\"@graph\":[{\"@type\":\"WebPage\",\"@id\":\"https:\\\/\\\/www.iceireland.com\\\/it\\\/ayp-attendance-consequence-and-expulsion\\\/\",\"url\":\"https:\\\/\\\/www.iceireland.com\\\/it\\\/ayp-attendance-consequence-and-expulsion\\\/\",\"name\":\"Frequenza AYP, conseguenze ed espulsione - Irish College of English\",\"isPartOf\":{\"@id\":\"https:\\\/\\\/www.iceireland.com\\\/it\\\/#website\"},\"datePublished\":\"2024-04-30T10:45:33+00:00\",\"dateModified\":\"2026-01-30T18:27:06+00:00\",\"breadcrumb\":{\"@id\":\"https:\\\/\\\/www.iceireland.com\\\/it\\\/ayp-attendance-consequence-and-expulsion\\\/#breadcrumb\"},\"inLanguage\":\"it-IT\",\"potentialAction\":[{\"@type\":\"ReadAction\",\"target\":[\"https:\\\/\\\/www.iceireland.com\\\/it\\\/ayp-attendance-consequence-and-expulsion\\\/\"]}]},{\"@type\":\"BreadcrumbList\",\"@id\":\"https:\\\/\\\/www.iceireland.com\\\/it\\\/ayp-attendance-consequence-and-expulsion\\\/#breadcrumb\",\"itemListElement\":[{\"@type\":\"ListItem\",\"position\":1,\"name\":\"Home\",\"item\":\"https:\\\/\\\/www.iceireland.com\\\/it\\\/\"},{\"@type\":\"ListItem\",\"position\":2,\"name\":\"Frequenza AYP, conseguenze ed espulsione\"}]},{\"@type\":\"WebSite\",\"@id\":\"https:\\\/\\\/www.iceireland.com\\\/it\\\/#website\",\"url\":\"https:\\\/\\\/www.iceireland.com\\\/it\\\/\",\"name\":\"Irish College of English\",\"description\":\"English School in Dublin, Malahide\",\"publisher\":{\"@id\":\"https:\\\/\\\/www.iceireland.com\\\/it\\\/#organization\"},\"potentialAction\":[{\"@type\":\"SearchAction\",\"target\":{\"@type\":\"EntryPoint\",\"urlTemplate\":\"https:\\\/\\\/www.iceireland.com\\\/it\\\/?s={search_term_string}\"},\"query-input\":{\"@type\":\"PropertyValueSpecification\",\"valueRequired\":true,\"valueName\":\"search_term_string\"}}],\"inLanguage\":\"it-IT\"},{\"@type\":\"Organization\",\"@id\":\"https:\\\/\\\/www.iceireland.com\\\/it\\\/#organization\",\"name\":\"Irish College of English\",\"url\":\"https:\\\/\\\/www.iceireland.com\\\/it\\\/\",\"logo\":{\"@type\":\"ImageObject\",\"inLanguage\":\"it-IT\",\"@id\":\"https:\\\/\\\/www.iceireland.com\\\/it\\\/#\\\/schema\\\/logo\\\/image\\\/\",\"url\":\"https:\\\/\\\/www.iceireland.com\\\/wp-content\\\/uploads\\\/2022\\\/03\\\/logo.png\",\"contentUrl\":\"https:\\\/\\\/www.iceireland.com\\\/wp-content\\\/uploads\\\/2022\\\/03\\\/logo.png\",\"width\":593,\"height\":92,\"caption\":\"Irish College of English\"},\"image\":{\"@id\":\"https:\\\/\\\/www.iceireland.com\\\/it\\\/#\\\/schema\\\/logo\\\/image\\\/\"}}]}<\/script>\n<!-- \/ Yoast SEO plugin. -->","yoast_head_json":{"title":"Frequenza AYP, conseguenze ed espulsione - Irish College of English","robots":{"index":"index","follow":"follow","max-snippet":"max-snippet:-1","max-image-preview":"max-image-preview:large","max-video-preview":"max-video-preview:-1"},"canonical":"https:\/\/www.iceireland.com\/it\/ayp-attendance-consequence-and-expulsion\/","og_locale":"it_IT","og_type":"article","og_title":"Frequenza AYP, conseguenze ed espulsione - Irish College of English","og_description":"Frequenza AYP, conseguenze ed espulsione All&#8217;Irish College of English ci impegniamo a promuovere un ambiente rispettoso, solidale e inclusivo. Tutti gli studenti sono tenuti a rispettare il nostro Codice di condotta studentesca, che promuove un comportamento rispettoso in tutte le aree della vita scolastica e del campo, comprese le classi, le attivit\u00e0 in sede e [&hellip;]","og_url":"https:\/\/www.iceireland.com\/it\/ayp-attendance-consequence-and-expulsion\/","og_site_name":"Irish College of English","article_modified_time":"2026-01-30T18:27:06+00:00","twitter_misc":{"Tempo di lettura stimato":"4 minuti"},"schema":{"@context":"https:\/\/schema.org","@graph":[{"@type":"WebPage","@id":"https:\/\/www.iceireland.com\/it\/ayp-attendance-consequence-and-expulsion\/","url":"https:\/\/www.iceireland.com\/it\/ayp-attendance-consequence-and-expulsion\/","name":"Frequenza AYP, conseguenze ed espulsione - Irish College of English","isPartOf":{"@id":"https:\/\/www.iceireland.com\/it\/#website"},"datePublished":"2024-04-30T10:45:33+00:00","dateModified":"2026-01-30T18:27:06+00:00","breadcrumb":{"@id":"https:\/\/www.iceireland.com\/it\/ayp-attendance-consequence-and-expulsion\/#breadcrumb"},"inLanguage":"it-IT","potentialAction":[{"@type":"ReadAction","target":["https:\/\/www.iceireland.com\/it\/ayp-attendance-consequence-and-expulsion\/"]}]},{"@type":"BreadcrumbList","@id":"https:\/\/www.iceireland.com\/it\/ayp-attendance-consequence-and-expulsion\/#breadcrumb","itemListElement":[{"@type":"ListItem","position":1,"name":"Home","item":"https:\/\/www.iceireland.com\/it\/"},{"@type":"ListItem","position":2,"name":"Frequenza AYP, conseguenze ed espulsione"}]},{"@type":"WebSite","@id":"https:\/\/www.iceireland.com\/it\/#website","url":"https:\/\/www.iceireland.com\/it\/","name":"Irish College of English","description":"English School in Dublin, Malahide","publisher":{"@id":"https:\/\/www.iceireland.com\/it\/#organization"},"potentialAction":[{"@type":"SearchAction","target":{"@type":"EntryPoint","urlTemplate":"https:\/\/www.iceireland.com\/it\/?s={search_term_string}"},"query-input":{"@type":"PropertyValueSpecification","valueRequired":true,"valueName":"search_term_string"}}],"inLanguage":"it-IT"},{"@type":"Organization","@id":"https:\/\/www.iceireland.com\/it\/#organization","name":"Irish College of English","url":"https:\/\/www.iceireland.com\/it\/","logo":{"@type":"ImageObject","inLanguage":"it-IT","@id":"https:\/\/www.iceireland.com\/it\/#\/schema\/logo\/image\/","url":"https:\/\/www.iceireland.com\/wp-content\/uploads\/2022\/03\/logo.png","contentUrl":"https:\/\/www.iceireland.com\/wp-content\/uploads\/2022\/03\/logo.png","width":593,"height":92,"caption":"Irish College of English"},"image":{"@id":"https:\/\/www.iceireland.com\/it\/#\/schema\/logo\/image\/"}}]}},"_links":{"self":[{"href":"https:\/\/www.iceireland.com\/it\/wp-json\/wp\/v2\/pages\/33258","targetHints":{"allow":["GET"]}}],"collection":[{"href":"https:\/\/www.iceireland.com\/it\/wp-json\/wp\/v2\/pages"}],"about":[{"href":"https:\/\/www.iceireland.com\/it\/wp-json\/wp\/v2\/types\/page"}],"author":[{"embeddable":true,"href":"https:\/\/www.iceireland.com\/it\/wp-json\/wp\/v2\/users\/3"}],"replies":[{"embeddable":true,"href":"https:\/\/www.iceireland.com\/it\/wp-json\/wp\/v2\/comments?post=33258"}],"version-history":[{"count":1,"href":"https:\/\/www.iceireland.com\/it\/wp-json\/wp\/v2\/pages\/33258\/revisions"}],"predecessor-version":[{"id":33259,"href":"https:\/\/www.iceireland.com\/it\/wp-json\/wp\/v2\/pages\/33258\/revisions\/33259"}],"wp:attachment":[{"href":"https:\/\/www.iceireland.com\/it\/wp-json\/wp\/v2\/media?parent=33258"}],"curies":[{"name":"wp","href":"https:\/\/api.w.org\/{rel}","templated":true}]}}