{"id":33264,"date":"2024-04-30T09:25:48","date_gmt":"2024-04-30T09:25:48","guid":{"rendered":"https:\/\/www.iceireland.com\/ayp-students-information\/"},"modified":"2026-01-30T18:27:13","modified_gmt":"2026-01-30T18:27:13","slug":"ayp-students-information","status":"publish","type":"page","link":"https:\/\/www.iceireland.com\/it\/ayp-students-information\/","title":{"rendered":"Informazioni sugli studenti AYP"},"content":{"rendered":"\t\t<div data-elementor-type=\"wp-page\" data-elementor-id=\"33264\" class=\"elementor elementor-33264 elementor-26655\" data-elementor-post-type=\"page\">\n\t\t\t\t\t\t<section class=\"elementor-section elementor-top-section elementor-element elementor-element-243d41d elementor-section-boxed elementor-section-height-default elementor-section-height-default\" data-id=\"243d41d\" data-element_type=\"section\" data-e-type=\"section\">\n\t\t\t\t\t\t<div class=\"elementor-container elementor-column-gap-default\">\n\t\t\t\t\t<div class=\"elementor-column elementor-col-100 elementor-top-column elementor-element elementor-element-676ff18\" data-id=\"676ff18\" data-element_type=\"column\" data-e-type=\"column\">\n\t\t\t<div class=\"elementor-widget-wrap elementor-element-populated\">\n\t\t\t\t\t\t<div class=\"elementor-element elementor-element-bbd609a elementor-widget elementor-widget-heading\" data-id=\"bbd609a\" data-element_type=\"widget\" data-e-type=\"widget\" data-widget_type=\"heading.default\">\n\t\t\t\t<div class=\"elementor-widget-container\">\n\t\t\t\t\t<h2 class=\"elementor-heading-title elementor-size-default\">Informazioni sullo studente AYP<\/h2>\t\t\t\t<\/div>\n\t\t\t\t<\/div>\n\t\t\t\t\t<\/div>\n\t\t<\/div>\n\t\t\t\t\t<\/div>\n\t\t<\/section>\n\t\t\t\t<section class=\"elementor-section elementor-top-section elementor-element elementor-element-063f3d2 elementor-section-boxed elementor-section-height-default elementor-section-height-default\" data-id=\"063f3d2\" data-element_type=\"section\" data-e-type=\"section\">\n\t\t\t\t\t\t<div class=\"elementor-container elementor-column-gap-default\">\n\t\t\t\t\t<div class=\"elementor-column elementor-col-100 elementor-top-column elementor-element elementor-element-13de86c\" data-id=\"13de86c\" data-element_type=\"column\" data-e-type=\"column\">\n\t\t\t<div class=\"elementor-widget-wrap elementor-element-populated\">\n\t\t\t\t\t\t<div class=\"elementor-element elementor-element-d1f6baf elementor-widget elementor-widget-text-editor\" data-id=\"d1f6baf\" data-element_type=\"widget\" data-e-type=\"widget\" data-widget_type=\"text-editor.default\">\n\t\t\t\t<div class=\"elementor-widget-container\">\n\t\t\t\t\t\t\t\t\t<p>Il Programma Anno Accademico \u00e8 un corso di 35 settimane (25 settimane di corso) per studenti non SEE. Questo corso \u00e8 inserito nell&#8217;Interim List of Eligible Programmes (ILEP) ed \u00e8 adatto agli studenti non SEE che desiderano lavorare e studiare Gli studenti sostengono un esame riconosciuto alla fine del corso (IELTS). <\/p><p> <\/p><p><strong>Lavoro e vacanze<\/strong><\/p><p>Gli studenti dell&#8217;anno accademico possono lavorare fino a 20 ore settimanali durante il corso e fino a 40 ore settimanali durante i giorni festivi da giugno a settembre e dal 15 dicembre al 15 gennaio.  <\/p><p>Gli studenti devono completare 25 settimane di corso in un periodo di 8 mesi. Le restanti 10 settimane sono un periodo di vacanza. Sono previste 3 settimane di vacanza obbligatorie per le vacanze di Natale; il resto delle vacanze sar\u00e0 preso al completamento delle 25 settimane di corso. Qualsiasi vacanza che uno studente desideri fare al di fuori di questi periodi deve essere prenotata durante la prima settimana di corso.     <\/p><p> <\/p><p><strong><em>Dettagli del corso<\/em><\/strong><em> <\/em><\/p><p><strong><em>Programma dell&#8217;anno accademico: Inglese generale + IELTS<\/em><\/strong><em> <\/em><\/p><ul><li><em>25 settimane di lezione<\/em><\/li><li><em>15 ore a settimana<\/em><\/li><li><em>Max. 15 studenti per classe<\/em><\/li><li><em>Et\u00e0 minima: 18 anni<\/em><\/li><\/ul><p><em> <\/em><\/p><p><strong>Nota bene<\/strong>: a partire dal 30 giugno 2025, gli importi della prova di sostegno finanziario per i cittadini non soggetti all&#8217;obbligo del visto aumenteranno come indicato di seguito, per allinearsi ai cittadini soggetti all&#8217;obbligo del visto.<\/p><ul><li>833\u20ac al mese o 6.665\u20ac (in totale) per i corsi che prevedono un soggiorno di 8 mesi o meno.<\/li><\/ul><p><strong><em>Livelli<\/em><\/strong><\/p><p><em> <\/em><\/p><table><tbody><tr><td width=\"208\"><p><strong><em>Livello d&#8217;ingresso<\/em><\/strong><\/p><p><strong><em> <\/em><\/strong><\/p><\/td><td width=\"208\"><p><strong><em>Livello di uscita previsto<\/em><\/strong><\/p><p><strong><em> <\/em><\/strong><\/p><\/td><td width=\"208\"><p><strong><em>Opzioni d&#8217;esame<\/em><\/strong><\/p><p><strong><em> <\/em><\/strong><\/p><\/td><\/tr><tr><td width=\"208\"><p><em>Pre-intermedio (A2)  <\/em><\/p><p><em> <\/em><\/p><\/td><td width=\"208\"><p><em>Intermedio (B1)<\/em><\/p><\/td><td width=\"208\"><p><em>Cambridge PET<\/em><\/p><\/td><\/tr><tr><td width=\"208\"><p><em>Intermedio (B1)<\/em><\/p><p><em> <\/em><\/p><\/td><td width=\"208\"><p><em>Intermedio superiore (B2)<\/em><\/p><\/td><td width=\"208\"><p><em>IELTS  <\/em><\/p><\/td><\/tr><tr><td width=\"208\"><p><em>Intermedio superiore (B2)<\/em><\/p><p><em> <\/em><\/p><\/td><td width=\"208\"><p><em>Avanzato (C1)<\/em><\/p><\/td><td width=\"208\"><p><em>IELTS<\/em><\/p><\/td><\/tr><tr><td width=\"208\"><p><em>Avanzato (C1)<\/em><\/p><p><em> <\/em><\/p><\/td><td width=\"208\"><p><em>Avanzato (C1)<\/em><\/p><\/td><td width=\"208\"><p><em>IELTS<\/em><\/p><\/td><\/tr><\/tbody><\/table><p><em>Partecipa al nostro <\/em><a href=\"https:\/\/iceireland.typeform.com\/to\/J4KRFk\">Test online<\/a> <em>e ti confermeremo il tuo livello.<\/em><\/p><p> <\/p><p><strong><em>Orario delle lezioni: <\/em><\/strong>Dal luned\u00ec al venerd\u00ec: dalle 9.15 alle 12.30<\/p><p><strong>Vacanze di Natale 2025<\/strong>: Dal 15 dicembre al 2 gennaio<\/p><p><strong>Giorni festivi 2025<\/strong>: 3 febbraio, 17 marzo, 21 aprile, 5 maggio, 2 giugno, 4 agosto, 27 ottobre<\/p><p> <\/p><p><strong><em>Costo del corso<\/em><\/strong><em> <\/em><\/p><p><em>Costo del corso: \u20ac3710<\/em><em> <\/em><\/p><p><em>Le tariffe includono:<\/em><em> <\/em><\/p><ul><li>25 settimane di lezione<\/li><li>Registrazione<\/li><li>Libro del corso<\/li><li>Assicurazione medica<\/li><li>Protezione degli studenti<\/li><li>IELTS<\/li><\/ul><p><em> <\/em><\/p><p><em> <\/em><\/p><p><strong><em>Esami<\/em><em> <\/em><\/strong><\/p><p>Gli studenti sosterranno l&#8217;esame IELTS alla fine del corso.<\/p><p> <\/p><p><strong><em>Presenza<\/em><\/strong><em> <\/em><\/p><p>Gli studenti sono tenuti a mantenere un livello di frequenza dell&#8217;85%.<em> <\/em><\/p><p><em> <\/em><\/p><p><strong><em>Lavoro e vacanze<\/em><\/strong><em> <\/em><\/p><p>Gli studenti dell&#8217;Anno Accademico devono completare 25 settimane di corso in un periodo di 8 mesi. Le restanti 10 settimane sono un periodo di vacanza. <\/p><p>Sono previste 3 settimane di vacanza obbligatorie per le vacanze di Natale; il resto delle vacanze sar\u00e0 preso al completamento delle 25 settimane di corso; qualsiasi vacanza che uno studente desideri prendere al di fuori di questi periodi deve essere prenotata durante la prima settimana di corso.<\/p><p>Gli studenti dell&#8217;Anno Accademico hanno diritto a lavorare 20 ore a settimana durante il corso e 40 ore a settimana durante le vacanze da giugno a settembre e dal<sup>15<\/sup> dicembre al<sup>15<\/sup> gennaio.<\/p><p><em> <\/em><\/p><p><strong><em>Sistemazione<\/em><\/strong><em> <\/em><\/p><p>Possiamo organizzare una sistemazione in famiglia a Malahide o in una delle citt\u00e0 limitrofe a Malahide, a 10-30 minuti di autobus\/treno dalla scuola. Il costo \u00e8 di \u20ac 280 a settimana, tutti i pasti sono inclusi. La sistemazione in famiglia ospitante \u00e8 soggetta a disponibilit\u00e0, con un massimo di 4 settimane di prenotazione iniziale.  <\/p><p><em>  Questo corso  <\/em><\/p>\t\t\t\t\t\t\t\t<\/div>\n\t\t\t\t<\/div>\n\t\t\t\t\t<\/div>\n\t\t<\/div>\n\t\t\t\t\t<\/div>\n\t\t<\/section>\n\t\t\t\t<section class=\"elementor-section elementor-top-section elementor-element elementor-element-2c19fd8 elementor-section-boxed elementor-section-height-default elementor-section-height-default\" data-id=\"2c19fd8\" data-element_type=\"section\" data-e-type=\"section\">\n\t\t\t\t\t\t<div class=\"elementor-container elementor-column-gap-default\">\n\t\t\t\t\t<div class=\"elementor-column elementor-col-100 elementor-top-column elementor-element elementor-element-8322d7f\" data-id=\"8322d7f\" data-element_type=\"column\" data-e-type=\"column\">\n\t\t\t<div class=\"elementor-widget-wrap elementor-element-populated\">\n\t\t\t\t\t\t<div class=\"elementor-element elementor-element-7a47391 elementor-widget elementor-widget-text-editor\" data-id=\"7a47391\" data-element_type=\"widget\" data-e-type=\"widget\" data-widget_type=\"text-editor.default\">\n\t\t\t\t<div class=\"elementor-widget-container\">\n\t\t\t\t\t\t\t\t\t<div class=\"fusion-text fusion-text-5\"><p><strong>ILEP<\/strong><\/p><p>L&#8217;Interim List of Eligible Programmes (ILEP) \u00e8 un elenco di programmi di istruzione superiore approvati dal Dipartimento irlandese di Giustizia e Immigrazione.<\/p><p>Gli enti di formazione che non fanno parte dell&#8217;ILEP non possono offrire corsi a studenti non appartenenti al SEE.  <span style=\"color: var( --e-global-color-text ); font-family: var( --e-global-typography-text-font-family ), Sans-serif; font-weight: var( --e-global-typography-text-font-weight );\">I cittadini non appartenenti al SEE che intendono studiare per pi\u00f9 di 90 giorni devono iscriversi a un corso elencato nell&#8217;ILEP. Il corso deve essere un programma diurno a tempo pieno e non un programma part-time o a distanza. <\/span><\/p><p>Tutti gli enti di formazione, comprese le universit\u00e0, i college e le scuole di lingua inglese, devono soddisfare determinati standard e requisiti per poter inserire i propri corsi nell&#8217;ILEP.<\/p><p>Ad esempio, gli enti di formazione devono disporre di politiche adeguate per:<\/p><ul><li>Rimborso delle tasse studentesche e di altri pagamenti nel caso in cui il tuo visto studentesco venga rifiutato<\/li><li>Controlla la frequenza e la puntualit\u00e0 delle lezioni<\/li><li>Gestione delle assenze e delle espulsioni<\/li><li>Congedo per malattia degli studenti<\/li><li>Vacanze e pause per gli studenti<\/li><li>Registrazione degli studenti per gli esami di fine programma<\/li><li>Valutazioni ed esami degli studenti<\/li><\/ul><p>Oltre a ci\u00f2, tutti gli enti di formazione devono garantire ai propri studenti la protezione dei discenti, altrimenti nota come Protezione dei discenti iscritti. Questo significa che ci sono misure che ti permettono di continuare gli studi altrove o di ricevere un rimborso per i costi e le tasse se il tuo corso termina prematuramente. <\/p><p>La lettera di accettazione dell&#8217;istituto di formazione scelto deve indicare chiaramente che sei protetto da accordi di protezione dei discenti. Se gli accordi di protezione dei discenti vengono stipulati attraverso un programma assicurativo, il tuo istituto di formazione deve rilasciarti un certificato di prova della protezione dei discenti che dimostri che sei coperto. <\/p><p>Se sei iscritto a un corso di lingua inglese dell&#8217;ILEP, puoi ottenere un permesso di immigrazione una tantum della durata massima di otto mesi.  <span style=\"color: var( --e-global-color-text ); font-family: var( --e-global-typography-text-font-family ), Sans-serif; font-weight: var( --e-global-typography-text-font-weight );\">Puoi frequentare fino a un massimo di tre corsi di lingua inglese, ciascuno della durata di otto mesi, per un totale di 24 mesi di permesso di immigrazione.<\/span><\/p><p>Tieni presente che dovrai soddisfare i requisiti di frequenza e sostenere un esame di fine programma per ogni corso che seguirai al fine di rinnovare ogni volta il tuo permesso di studente.<\/p><p>Se vuoi rimanere come studente dopo la fine del tuo permesso di immigrazione, devi iscriverti a un programma di istruzione superiore elencato nell&#8217;ILEP.<\/p><p data-wahfont=\"19\">La <strong><a role=\"link\" href=\"https:\/\/www.irishimmigration.ie\/coming-to-study-in-ireland\/what-are-my-study-options\/a-third-level-course-or-a-language-course\/\" data-wahfont=\"19\">Elenco provvisorio dei programmi idonei (ILEP)<\/a><\/strong> contiene l&#8217;elenco attuale dei programmi approvati.<\/p><p data-wahfont=\"19\">Una volta iscritto a un corso di studi approvato, potrai richiedere un permesso di immigrazione per studiare in Irlanda.  <span style=\"color: var( --e-global-color-text ); font-family: var( --e-global-typography-text-font-family ), Sans-serif; font-weight: var( --e-global-typography-text-font-weight );\">Se ti iscrivi a un programma di lingua inglese elencato nell&#8217;ILEP, puoi richiedere un permesso di immigrazione Stamp 2 della durata massima di otto mesi. Devi: <\/span><\/p><ul><li data-wahfont=\"19\">iscriversi a un programma della durata di almeno 25 settimane<\/li><li data-wahfont=\"19\">frequentare le lezioni per almeno 15 ore a settimana<\/li><li data-wahfont=\"19\">frequentare almeno l&#8217;85% delle lezioni<\/li><li data-wahfont=\"19\">completare un esame di fine programma.<\/li><\/ul><p> <\/p><p data-wahfont=\"19\"><span style=\"color: var( --e-global-color-text ); font-family: var( --e-global-typography-text-font-family ), Sans-serif; font-weight: var( --e-global-typography-text-font-weight );\">Gli studenti internazionali possono lavorare in Irlanda senza dover richiedere un visto di lavoro separato. Tuttavia, ci sono delle restrizioni per quanto riguarda il numero di ore di lavoro. <\/span><\/p><\/div><p>Durante il periodo scolastico potrai lavorare fino a 20 ore a settimana. Durante le vacanze, invece, (giugno, luglio, agosto e settembre e tra il 15 dicembre e il 15 gennaio) potrai lavorare fino a 40 ore a settimana. <\/p><p data-wahfont=\"19\"> <\/p>\t\t\t\t\t\t\t\t<\/div>\n\t\t\t\t<\/div>\n\t\t\t\t\t<\/div>\n\t\t<\/div>\n\t\t\t\t\t<\/div>\n\t\t<\/section>\n\t\t\t\t<\/div>\n\t\t","protected":false},"excerpt":{"rendered":"<p>Informazioni sullo studente AYP Il Programma Anno Accademico \u00e8 un corso di 35 settimane (25 settimane di corso) per studenti non SEE. Questo corso \u00e8 inserito nell&#8217;Interim List of Eligible Programmes (ILEP) ed \u00e8 adatto agli studenti non SEE che desiderano lavorare e studiare Gli studenti sostengono un esame riconosciuto alla fine del corso (IELTS). [&hellip;]<\/p>\n","protected":false},"author":3,"featured_media":0,"parent":0,"menu_order":0,"comment_status":"closed","ping_status":"closed","template":"","meta":{"content-type":"","footnotes":""},"class_list":["post-33264","page","type-page","status-publish","hentry"],"yoast_head":"<!-- This site is optimized with the Yoast SEO plugin v27.3 - https:\/\/yoast.com\/product\/yoast-seo-wordpress\/ -->\n<title>Informazioni sugli studenti AYP - Irish College of English<\/title>\n<meta name=\"robots\" content=\"index, follow, max-snippet:-1, max-image-preview:large, max-video-preview:-1\" \/>\n<link rel=\"canonical\" href=\"https:\/\/www.iceireland.com\/it\/ayp-students-information\/\" \/>\n<meta property=\"og:locale\" content=\"it_IT\" \/>\n<meta property=\"og:type\" content=\"article\" \/>\n<meta property=\"og:title\" content=\"Informazioni sugli studenti AYP - Irish College of English\" \/>\n<meta property=\"og:description\" content=\"Informazioni sullo studente AYP Il Programma Anno Accademico \u00e8 un corso di 35 settimane (25 settimane di corso) per studenti non SEE. Questo corso \u00e8 inserito nell&#8217;Interim List of Eligible Programmes (ILEP) ed \u00e8 adatto agli studenti non SEE che desiderano lavorare e studiare Gli studenti sostengono un esame riconosciuto alla fine del corso (IELTS). [&hellip;]\" \/>\n<meta property=\"og:url\" content=\"https:\/\/www.iceireland.com\/it\/ayp-students-information\/\" \/>\n<meta property=\"og:site_name\" content=\"Irish College of English\" \/>\n<meta property=\"article:modified_time\" content=\"2026-01-30T18:27:13+00:00\" \/>\n<meta name=\"twitter:label1\" content=\"Tempo di lettura stimato\" \/>\n\t<meta name=\"twitter:data1\" content=\"5 minuti\" \/>\n<script type=\"application\/ld+json\" class=\"yoast-schema-graph\">{\"@context\":\"https:\\\/\\\/schema.org\",\"@graph\":[{\"@type\":\"WebPage\",\"@id\":\"https:\\\/\\\/www.iceireland.com\\\/it\\\/ayp-students-information\\\/\",\"url\":\"https:\\\/\\\/www.iceireland.com\\\/it\\\/ayp-students-information\\\/\",\"name\":\"Informazioni sugli studenti AYP - Irish College of English\",\"isPartOf\":{\"@id\":\"https:\\\/\\\/www.iceireland.com\\\/it\\\/#website\"},\"datePublished\":\"2024-04-30T09:25:48+00:00\",\"dateModified\":\"2026-01-30T18:27:13+00:00\",\"breadcrumb\":{\"@id\":\"https:\\\/\\\/www.iceireland.com\\\/it\\\/ayp-students-information\\\/#breadcrumb\"},\"inLanguage\":\"it-IT\",\"potentialAction\":[{\"@type\":\"ReadAction\",\"target\":[\"https:\\\/\\\/www.iceireland.com\\\/it\\\/ayp-students-information\\\/\"]}]},{\"@type\":\"BreadcrumbList\",\"@id\":\"https:\\\/\\\/www.iceireland.com\\\/it\\\/ayp-students-information\\\/#breadcrumb\",\"itemListElement\":[{\"@type\":\"ListItem\",\"position\":1,\"name\":\"Home\",\"item\":\"https:\\\/\\\/www.iceireland.com\\\/it\\\/\"},{\"@type\":\"ListItem\",\"position\":2,\"name\":\"Informazioni sugli studenti AYP\"}]},{\"@type\":\"WebSite\",\"@id\":\"https:\\\/\\\/www.iceireland.com\\\/it\\\/#website\",\"url\":\"https:\\\/\\\/www.iceireland.com\\\/it\\\/\",\"name\":\"Irish College of English\",\"description\":\"English School in Dublin, Malahide\",\"publisher\":{\"@id\":\"https:\\\/\\\/www.iceireland.com\\\/it\\\/#organization\"},\"potentialAction\":[{\"@type\":\"SearchAction\",\"target\":{\"@type\":\"EntryPoint\",\"urlTemplate\":\"https:\\\/\\\/www.iceireland.com\\\/it\\\/?s={search_term_string}\"},\"query-input\":{\"@type\":\"PropertyValueSpecification\",\"valueRequired\":true,\"valueName\":\"search_term_string\"}}],\"inLanguage\":\"it-IT\"},{\"@type\":\"Organization\",\"@id\":\"https:\\\/\\\/www.iceireland.com\\\/it\\\/#organization\",\"name\":\"Irish College of English\",\"url\":\"https:\\\/\\\/www.iceireland.com\\\/it\\\/\",\"logo\":{\"@type\":\"ImageObject\",\"inLanguage\":\"it-IT\",\"@id\":\"https:\\\/\\\/www.iceireland.com\\\/it\\\/#\\\/schema\\\/logo\\\/image\\\/\",\"url\":\"https:\\\/\\\/www.iceireland.com\\\/wp-content\\\/uploads\\\/2022\\\/03\\\/logo.png\",\"contentUrl\":\"https:\\\/\\\/www.iceireland.com\\\/wp-content\\\/uploads\\\/2022\\\/03\\\/logo.png\",\"width\":593,\"height\":92,\"caption\":\"Irish College of English\"},\"image\":{\"@id\":\"https:\\\/\\\/www.iceireland.com\\\/it\\\/#\\\/schema\\\/logo\\\/image\\\/\"}}]}<\/script>\n<!-- \/ Yoast SEO plugin. -->","yoast_head_json":{"title":"Informazioni sugli studenti AYP - Irish College of English","robots":{"index":"index","follow":"follow","max-snippet":"max-snippet:-1","max-image-preview":"max-image-preview:large","max-video-preview":"max-video-preview:-1"},"canonical":"https:\/\/www.iceireland.com\/it\/ayp-students-information\/","og_locale":"it_IT","og_type":"article","og_title":"Informazioni sugli studenti AYP - Irish College of English","og_description":"Informazioni sullo studente AYP Il Programma Anno Accademico \u00e8 un corso di 35 settimane (25 settimane di corso) per studenti non SEE. Questo corso \u00e8 inserito nell&#8217;Interim List of Eligible Programmes (ILEP) ed \u00e8 adatto agli studenti non SEE che desiderano lavorare e studiare Gli studenti sostengono un esame riconosciuto alla fine del corso (IELTS). [&hellip;]","og_url":"https:\/\/www.iceireland.com\/it\/ayp-students-information\/","og_site_name":"Irish College of English","article_modified_time":"2026-01-30T18:27:13+00:00","twitter_misc":{"Tempo di lettura stimato":"5 minuti"},"schema":{"@context":"https:\/\/schema.org","@graph":[{"@type":"WebPage","@id":"https:\/\/www.iceireland.com\/it\/ayp-students-information\/","url":"https:\/\/www.iceireland.com\/it\/ayp-students-information\/","name":"Informazioni sugli studenti AYP - Irish College of English","isPartOf":{"@id":"https:\/\/www.iceireland.com\/it\/#website"},"datePublished":"2024-04-30T09:25:48+00:00","dateModified":"2026-01-30T18:27:13+00:00","breadcrumb":{"@id":"https:\/\/www.iceireland.com\/it\/ayp-students-information\/#breadcrumb"},"inLanguage":"it-IT","potentialAction":[{"@type":"ReadAction","target":["https:\/\/www.iceireland.com\/it\/ayp-students-information\/"]}]},{"@type":"BreadcrumbList","@id":"https:\/\/www.iceireland.com\/it\/ayp-students-information\/#breadcrumb","itemListElement":[{"@type":"ListItem","position":1,"name":"Home","item":"https:\/\/www.iceireland.com\/it\/"},{"@type":"ListItem","position":2,"name":"Informazioni sugli studenti AYP"}]},{"@type":"WebSite","@id":"https:\/\/www.iceireland.com\/it\/#website","url":"https:\/\/www.iceireland.com\/it\/","name":"Irish College of English","description":"English School in Dublin, Malahide","publisher":{"@id":"https:\/\/www.iceireland.com\/it\/#organization"},"potentialAction":[{"@type":"SearchAction","target":{"@type":"EntryPoint","urlTemplate":"https:\/\/www.iceireland.com\/it\/?s={search_term_string}"},"query-input":{"@type":"PropertyValueSpecification","valueRequired":true,"valueName":"search_term_string"}}],"inLanguage":"it-IT"},{"@type":"Organization","@id":"https:\/\/www.iceireland.com\/it\/#organization","name":"Irish College of English","url":"https:\/\/www.iceireland.com\/it\/","logo":{"@type":"ImageObject","inLanguage":"it-IT","@id":"https:\/\/www.iceireland.com\/it\/#\/schema\/logo\/image\/","url":"https:\/\/www.iceireland.com\/wp-content\/uploads\/2022\/03\/logo.png","contentUrl":"https:\/\/www.iceireland.com\/wp-content\/uploads\/2022\/03\/logo.png","width":593,"height":92,"caption":"Irish College of English"},"image":{"@id":"https:\/\/www.iceireland.com\/it\/#\/schema\/logo\/image\/"}}]}},"_links":{"self":[{"href":"https:\/\/www.iceireland.com\/it\/wp-json\/wp\/v2\/pages\/33264","targetHints":{"allow":["GET"]}}],"collection":[{"href":"https:\/\/www.iceireland.com\/it\/wp-json\/wp\/v2\/pages"}],"about":[{"href":"https:\/\/www.iceireland.com\/it\/wp-json\/wp\/v2\/types\/page"}],"author":[{"embeddable":true,"href":"https:\/\/www.iceireland.com\/it\/wp-json\/wp\/v2\/users\/3"}],"replies":[{"embeddable":true,"href":"https:\/\/www.iceireland.com\/it\/wp-json\/wp\/v2\/comments?post=33264"}],"version-history":[{"count":1,"href":"https:\/\/www.iceireland.com\/it\/wp-json\/wp\/v2\/pages\/33264\/revisions"}],"predecessor-version":[{"id":33268,"href":"https:\/\/www.iceireland.com\/it\/wp-json\/wp\/v2\/pages\/33264\/revisions\/33268"}],"wp:attachment":[{"href":"https:\/\/www.iceireland.com\/it\/wp-json\/wp\/v2\/media?parent=33264"}],"curies":[{"name":"wp","href":"https:\/\/api.w.org\/{rel}","templated":true}]}}