{"id":33460,"date":"2024-04-29T15:19:22","date_gmt":"2024-04-29T15:19:22","guid":{"rendered":"https:\/\/www.iceireland.com\/student-welfare-officers\/"},"modified":"2026-01-30T18:28:09","modified_gmt":"2026-01-30T18:28:09","slug":"student-welfare-officers","status":"publish","type":"page","link":"https:\/\/www.iceireland.com\/it\/student-welfare-officers\/","title":{"rendered":"Responsabili del benessere degli studenti"},"content":{"rendered":"\t\t<div data-elementor-type=\"wp-page\" data-elementor-id=\"33460\" class=\"elementor elementor-33460 elementor-26570\" data-elementor-post-type=\"page\">\n\t\t\t\t\t\t<section class=\"elementor-section elementor-top-section elementor-element elementor-element-763889f elementor-section-boxed elementor-section-height-default elementor-section-height-default\" data-id=\"763889f\" data-element_type=\"section\" data-e-type=\"section\">\n\t\t\t\t\t\t<div class=\"elementor-container elementor-column-gap-default\">\n\t\t\t\t\t<div class=\"elementor-column elementor-col-100 elementor-top-column elementor-element elementor-element-6be54b6\" data-id=\"6be54b6\" data-element_type=\"column\" data-e-type=\"column\">\n\t\t\t<div class=\"elementor-widget-wrap elementor-element-populated\">\n\t\t\t\t\t\t<div class=\"elementor-element elementor-element-cc41595 elementor-widget elementor-widget-heading\" data-id=\"cc41595\" data-element_type=\"widget\" data-e-type=\"widget\" data-widget_type=\"heading.default\">\n\t\t\t\t<div class=\"elementor-widget-container\">\n\t\t\t\t\t<h2 class=\"elementor-heading-title elementor-size-default\">Ufficiali del benessere degli studenti - Siamo qui per aiutarti!<\/h2>\t\t\t\t<\/div>\n\t\t\t\t<\/div>\n\t\t\t\t\t<\/div>\n\t\t<\/div>\n\t\t\t\t\t<\/div>\n\t\t<\/section>\n\t\t\t\t<section class=\"elementor-section elementor-top-section elementor-element elementor-element-7f70896 elementor-section-boxed elementor-section-height-default elementor-section-height-default\" data-id=\"7f70896\" data-element_type=\"section\" data-e-type=\"section\">\n\t\t\t\t\t\t<div class=\"elementor-container elementor-column-gap-default\">\n\t\t\t\t\t<div class=\"elementor-column elementor-col-100 elementor-top-column elementor-element elementor-element-2de0e58\" data-id=\"2de0e58\" data-element_type=\"column\" data-e-type=\"column\">\n\t\t\t<div class=\"elementor-widget-wrap elementor-element-populated\">\n\t\t\t\t\t\t<div class=\"elementor-element elementor-element-4aba74e elementor-widget elementor-widget-text-editor\" data-id=\"4aba74e\" data-element_type=\"widget\" data-e-type=\"widget\" data-widget_type=\"text-editor.default\">\n\t\t\t\t<div class=\"elementor-widget-container\">\n\t\t\t\t\t\t\t\t\t<p>Presso l&#8217;Irish College of English abbiamo dei responsabili del benessere degli studenti che sono qui per aiutarti.<\/p><p>Al The Irish College of English il benessere degli studenti \u00e8 la nostra massima priorit\u00e0. Sappiamo che studiare all&#8217;estero pu\u00f2 essere sia emozionante che impegnativo, ed \u00e8 per questo che abbiamo dei funzionari dedicati al benessere degli studenti pronti a sostenerti in ogni fase del percorso. <\/p><p>Il nostro team, che comprende funzionari specifici sia adulti che giovani, \u00e8 qui per assicurarsi che il tuo tempo con noi non sia solo accademicamente soddisfacente ma anche personalmente arricchente. Che tu abbia nostalgia di casa, difficolt\u00e0 accademiche o semplicemente bisogno di qualcuno con cui parlare, le nostre porte e i nostri cuori sono sempre aperti. <\/p><p>Oltre ai nostri servizi di supporto standard, abbiamo a disposizione risorse finanziarie per sostenere gli studenti in particolari circostanze.<\/p><p>Responsabile del benessere degli studenti adulti &#8211; Ian Mc Elhinney &#8211; <a href=\"mailto:ianmcelhinney@iceireland.com\">ianmcelhinney@iceireland.com<\/a><\/p><p>Principale responsabile del welfare junior e DLP &#8211; Susan Mc Elhinney <a href=\"mailto:info@iceland.com\">info@iceland.com<\/a><\/p><p>Nelle nostre residenze sono presenti altri responsabili del benessere degli studenti, come indicato nel manuale specifico per gli studenti delle residenze.<\/p>\t\t\t\t\t\t\t\t<\/div>\n\t\t\t\t<\/div>\n\t\t\t\t\t<\/div>\n\t\t<\/div>\n\t\t\t\t\t<\/div>\n\t\t<\/section>\n\t\t\t\t<\/div>\n\t\t","protected":false},"excerpt":{"rendered":"<p>Ufficiali del benessere degli studenti &#8211; Siamo qui per aiutarti! Presso l&#8217;Irish College of English abbiamo dei responsabili del benessere degli studenti che sono qui per aiutarti. Al The Irish College of English il benessere degli studenti \u00e8 la nostra massima priorit\u00e0. Sappiamo che studiare all&#8217;estero pu\u00f2 essere sia emozionante che impegnativo, ed \u00e8 per [&hellip;]<\/p>\n","protected":false},"author":3,"featured_media":0,"parent":0,"menu_order":0,"comment_status":"closed","ping_status":"closed","template":"","meta":{"content-type":"","footnotes":""},"class_list":["post-33460","page","type-page","status-publish","hentry"],"yoast_head":"<!-- This site is optimized with the Yoast SEO plugin v27.3 - https:\/\/yoast.com\/product\/yoast-seo-wordpress\/ -->\n<title>Responsabili del benessere degli studenti - Irish College of English<\/title>\n<meta name=\"robots\" content=\"index, follow, max-snippet:-1, max-image-preview:large, max-video-preview:-1\" \/>\n<link rel=\"canonical\" href=\"https:\/\/www.iceireland.com\/it\/student-welfare-officers\/\" \/>\n<meta property=\"og:locale\" content=\"it_IT\" \/>\n<meta property=\"og:type\" content=\"article\" \/>\n<meta property=\"og:title\" content=\"Responsabili del benessere degli studenti - Irish College of English\" \/>\n<meta property=\"og:description\" content=\"Ufficiali del benessere degli studenti &#8211; Siamo qui per aiutarti! Presso l&#8217;Irish College of English abbiamo dei responsabili del benessere degli studenti che sono qui per aiutarti. Al The Irish College of English il benessere degli studenti \u00e8 la nostra massima priorit\u00e0. Sappiamo che studiare all&#8217;estero pu\u00f2 essere sia emozionante che impegnativo, ed \u00e8 per [&hellip;]\" \/>\n<meta property=\"og:url\" content=\"https:\/\/www.iceireland.com\/it\/student-welfare-officers\/\" \/>\n<meta property=\"og:site_name\" content=\"Irish College of English\" \/>\n<meta property=\"article:modified_time\" content=\"2026-01-30T18:28:09+00:00\" \/>\n<meta name=\"twitter:label1\" content=\"Tempo di lettura stimato\" \/>\n\t<meta name=\"twitter:data1\" content=\"1 minuto\" \/>\n<script type=\"application\/ld+json\" class=\"yoast-schema-graph\">{\"@context\":\"https:\\\/\\\/schema.org\",\"@graph\":[{\"@type\":\"WebPage\",\"@id\":\"https:\\\/\\\/www.iceireland.com\\\/it\\\/student-welfare-officers\\\/\",\"url\":\"https:\\\/\\\/www.iceireland.com\\\/it\\\/student-welfare-officers\\\/\",\"name\":\"Responsabili del benessere degli studenti - Irish College of English\",\"isPartOf\":{\"@id\":\"https:\\\/\\\/www.iceireland.com\\\/it\\\/#website\"},\"datePublished\":\"2024-04-29T15:19:22+00:00\",\"dateModified\":\"2026-01-30T18:28:09+00:00\",\"breadcrumb\":{\"@id\":\"https:\\\/\\\/www.iceireland.com\\\/it\\\/student-welfare-officers\\\/#breadcrumb\"},\"inLanguage\":\"it-IT\",\"potentialAction\":[{\"@type\":\"ReadAction\",\"target\":[\"https:\\\/\\\/www.iceireland.com\\\/it\\\/student-welfare-officers\\\/\"]}]},{\"@type\":\"BreadcrumbList\",\"@id\":\"https:\\\/\\\/www.iceireland.com\\\/it\\\/student-welfare-officers\\\/#breadcrumb\",\"itemListElement\":[{\"@type\":\"ListItem\",\"position\":1,\"name\":\"Home\",\"item\":\"https:\\\/\\\/www.iceireland.com\\\/it\\\/\"},{\"@type\":\"ListItem\",\"position\":2,\"name\":\"Responsabili del benessere degli studenti\"}]},{\"@type\":\"WebSite\",\"@id\":\"https:\\\/\\\/www.iceireland.com\\\/it\\\/#website\",\"url\":\"https:\\\/\\\/www.iceireland.com\\\/it\\\/\",\"name\":\"Irish College of English\",\"description\":\"English School in Dublin, Malahide\",\"publisher\":{\"@id\":\"https:\\\/\\\/www.iceireland.com\\\/it\\\/#organization\"},\"potentialAction\":[{\"@type\":\"SearchAction\",\"target\":{\"@type\":\"EntryPoint\",\"urlTemplate\":\"https:\\\/\\\/www.iceireland.com\\\/it\\\/?s={search_term_string}\"},\"query-input\":{\"@type\":\"PropertyValueSpecification\",\"valueRequired\":true,\"valueName\":\"search_term_string\"}}],\"inLanguage\":\"it-IT\"},{\"@type\":\"Organization\",\"@id\":\"https:\\\/\\\/www.iceireland.com\\\/it\\\/#organization\",\"name\":\"Irish College of English\",\"url\":\"https:\\\/\\\/www.iceireland.com\\\/it\\\/\",\"logo\":{\"@type\":\"ImageObject\",\"inLanguage\":\"it-IT\",\"@id\":\"https:\\\/\\\/www.iceireland.com\\\/it\\\/#\\\/schema\\\/logo\\\/image\\\/\",\"url\":\"https:\\\/\\\/www.iceireland.com\\\/wp-content\\\/uploads\\\/2022\\\/03\\\/logo.png\",\"contentUrl\":\"https:\\\/\\\/www.iceireland.com\\\/wp-content\\\/uploads\\\/2022\\\/03\\\/logo.png\",\"width\":593,\"height\":92,\"caption\":\"Irish College of English\"},\"image\":{\"@id\":\"https:\\\/\\\/www.iceireland.com\\\/it\\\/#\\\/schema\\\/logo\\\/image\\\/\"}}]}<\/script>\n<!-- \/ Yoast SEO plugin. -->","yoast_head_json":{"title":"Responsabili del benessere degli studenti - Irish College of English","robots":{"index":"index","follow":"follow","max-snippet":"max-snippet:-1","max-image-preview":"max-image-preview:large","max-video-preview":"max-video-preview:-1"},"canonical":"https:\/\/www.iceireland.com\/it\/student-welfare-officers\/","og_locale":"it_IT","og_type":"article","og_title":"Responsabili del benessere degli studenti - Irish College of English","og_description":"Ufficiali del benessere degli studenti &#8211; Siamo qui per aiutarti! Presso l&#8217;Irish College of English abbiamo dei responsabili del benessere degli studenti che sono qui per aiutarti. Al The Irish College of English il benessere degli studenti \u00e8 la nostra massima priorit\u00e0. Sappiamo che studiare all&#8217;estero pu\u00f2 essere sia emozionante che impegnativo, ed \u00e8 per [&hellip;]","og_url":"https:\/\/www.iceireland.com\/it\/student-welfare-officers\/","og_site_name":"Irish College of English","article_modified_time":"2026-01-30T18:28:09+00:00","twitter_misc":{"Tempo di lettura stimato":"1 minuto"},"schema":{"@context":"https:\/\/schema.org","@graph":[{"@type":"WebPage","@id":"https:\/\/www.iceireland.com\/it\/student-welfare-officers\/","url":"https:\/\/www.iceireland.com\/it\/student-welfare-officers\/","name":"Responsabili del benessere degli studenti - Irish College of English","isPartOf":{"@id":"https:\/\/www.iceireland.com\/it\/#website"},"datePublished":"2024-04-29T15:19:22+00:00","dateModified":"2026-01-30T18:28:09+00:00","breadcrumb":{"@id":"https:\/\/www.iceireland.com\/it\/student-welfare-officers\/#breadcrumb"},"inLanguage":"it-IT","potentialAction":[{"@type":"ReadAction","target":["https:\/\/www.iceireland.com\/it\/student-welfare-officers\/"]}]},{"@type":"BreadcrumbList","@id":"https:\/\/www.iceireland.com\/it\/student-welfare-officers\/#breadcrumb","itemListElement":[{"@type":"ListItem","position":1,"name":"Home","item":"https:\/\/www.iceireland.com\/it\/"},{"@type":"ListItem","position":2,"name":"Responsabili del benessere degli studenti"}]},{"@type":"WebSite","@id":"https:\/\/www.iceireland.com\/it\/#website","url":"https:\/\/www.iceireland.com\/it\/","name":"Irish College of English","description":"English School in Dublin, Malahide","publisher":{"@id":"https:\/\/www.iceireland.com\/it\/#organization"},"potentialAction":[{"@type":"SearchAction","target":{"@type":"EntryPoint","urlTemplate":"https:\/\/www.iceireland.com\/it\/?s={search_term_string}"},"query-input":{"@type":"PropertyValueSpecification","valueRequired":true,"valueName":"search_term_string"}}],"inLanguage":"it-IT"},{"@type":"Organization","@id":"https:\/\/www.iceireland.com\/it\/#organization","name":"Irish College of English","url":"https:\/\/www.iceireland.com\/it\/","logo":{"@type":"ImageObject","inLanguage":"it-IT","@id":"https:\/\/www.iceireland.com\/it\/#\/schema\/logo\/image\/","url":"https:\/\/www.iceireland.com\/wp-content\/uploads\/2022\/03\/logo.png","contentUrl":"https:\/\/www.iceireland.com\/wp-content\/uploads\/2022\/03\/logo.png","width":593,"height":92,"caption":"Irish College of English"},"image":{"@id":"https:\/\/www.iceireland.com\/it\/#\/schema\/logo\/image\/"}}]}},"_links":{"self":[{"href":"https:\/\/www.iceireland.com\/it\/wp-json\/wp\/v2\/pages\/33460","targetHints":{"allow":["GET"]}}],"collection":[{"href":"https:\/\/www.iceireland.com\/it\/wp-json\/wp\/v2\/pages"}],"about":[{"href":"https:\/\/www.iceireland.com\/it\/wp-json\/wp\/v2\/types\/page"}],"author":[{"embeddable":true,"href":"https:\/\/www.iceireland.com\/it\/wp-json\/wp\/v2\/users\/3"}],"replies":[{"embeddable":true,"href":"https:\/\/www.iceireland.com\/it\/wp-json\/wp\/v2\/comments?post=33460"}],"version-history":[{"count":1,"href":"https:\/\/www.iceireland.com\/it\/wp-json\/wp\/v2\/pages\/33460\/revisions"}],"predecessor-version":[{"id":33461,"href":"https:\/\/www.iceireland.com\/it\/wp-json\/wp\/v2\/pages\/33460\/revisions\/33461"}],"wp:attachment":[{"href":"https:\/\/www.iceireland.com\/it\/wp-json\/wp\/v2\/media?parent=33460"}],"curies":[{"name":"wp","href":"https:\/\/api.w.org\/{rel}","templated":true}]}}