{"id":35808,"date":"2026-03-18T16:59:44","date_gmt":"2026-03-18T16:59:44","guid":{"rendered":"https:\/\/www.iceireland.com\/nationality-mix\/"},"modified":"2026-03-19T14:41:48","modified_gmt":"2026-03-19T14:41:48","slug":"nationality-mix","status":"publish","type":"page","link":"https:\/\/www.iceireland.com\/it\/nationality-mix\/","title":{"rendered":"Mix di nazionalit\u00e0"},"content":{"rendered":"\t\t<div data-elementor-type=\"wp-page\" data-elementor-id=\"35808\" class=\"elementor elementor-35808 elementor-35804\" data-elementor-post-type=\"page\">\n\t\t\t\t<div class=\"elementor-element elementor-element-538cab9 e-flex e-con-boxed e-con e-parent\" data-id=\"538cab9\" data-element_type=\"container\" data-e-type=\"container\">\n\t\t\t\t\t<div class=\"e-con-inner\">\n\t\t\t\t<div class=\"elementor-element elementor-element-8526a40 elementor-widget elementor-widget-heading\" data-id=\"8526a40\" data-element_type=\"widget\" data-e-type=\"widget\" data-widget_type=\"heading.default\">\n\t\t\t\t<div class=\"elementor-widget-container\">\n\t\t\t\t\t<h1 class=\"elementor-heading-title elementor-size-default\">Campo estivo per ragazzi  <\/h1>\t\t\t\t<\/div>\n\t\t\t\t<\/div>\n\t\t\t\t<div class=\"elementor-element elementor-element-5276ec2 elementor-widget elementor-widget-heading\" data-id=\"5276ec2\" data-element_type=\"widget\" data-e-type=\"widget\" data-widget_type=\"heading.default\">\n\t\t\t\t<div class=\"elementor-widget-container\">\n\t\t\t\t\t<h2 class=\"elementor-heading-title elementor-size-default\"><h3 data-elementor-setting-key=\"title\" data-pen-placeholder=\"Type Here...\" style=\"font-family: Roboto, sans-serif;font-weight: 600;text-align: center\"><\/h3><h2 data-elementor-setting-key=\"title\" data-pen-placeholder=\"Type Here...\" style=\"font-family: Roboto, sans-serif;font-weight: 600\">Mix di nazionalit\u00e0 in tutti i campi (2025)<span style=\"font-size: 2rem\"><\/span><\/h2><\/h2>\t\t\t\t<\/div>\n\t\t\t\t<\/div>\n\t\t\t\t<div class=\"elementor-element elementor-element-934d0d4 elementor-widget elementor-widget-text-editor\" data-id=\"934d0d4\" data-element_type=\"widget\" data-e-type=\"widget\" data-widget_type=\"text-editor.default\">\n\t\t\t\t<div class=\"elementor-widget-container\">\n\t\t\t\t\t\t\t\t\t<p>Ogni anno accogliamo nei nostri programmi studenti di oltre 30 nazionalit\u00e0 diverse. Garantiamo un mix equilibrato di nazionalit\u00e0 in tutti i campi, con l&#8217;obiettivo di mantenere ogni nazionalit\u00e0 al di sotto del 30% per un ambiente di lingua inglese vario e coinvolgente.<\/p>\t\t\t\t\t\t\t\t<\/div>\n\t\t\t\t<\/div>\n\t\t\t\t<div class=\"elementor-element elementor-element-1e91a0f elementor-widget elementor-widget-image\" data-id=\"1e91a0f\" data-element_type=\"widget\" data-e-type=\"widget\" data-widget_type=\"image.default\">\n\t\t\t\t<div class=\"elementor-widget-container\">\n\t\t\t\t\t\t\t\t\t\t\t\t\t\t\t<img fetchpriority=\"high\" decoding=\"async\" width=\"768\" height=\"1086\" src=\"https:\/\/www.iceireland.com\/wp-content\/uploads\/2026\/03\/300-768x1086.png\" class=\"attachment-medium_large size-medium_large wp-image-35994\" alt=\"\" srcset=\"https:\/\/www.iceireland.com\/wp-content\/uploads\/2026\/03\/300-768x1086.png 768w, https:\/\/www.iceireland.com\/wp-content\/uploads\/2026\/03\/300-212x300.png 212w, https:\/\/www.iceireland.com\/wp-content\/uploads\/2026\/03\/300-724x1024.png 724w, https:\/\/www.iceireland.com\/wp-content\/uploads\/2026\/03\/300-1086x1536.png 1086w, https:\/\/www.iceireland.com\/wp-content\/uploads\/2026\/03\/300-1448x2048.png 1448w, https:\/\/www.iceireland.com\/wp-content\/uploads\/2026\/03\/300.png 1587w\" sizes=\"(max-width: 768px) 100vw, 768px\" \/>\t\t\t\t\t\t\t\t\t\t\t\t\t\t\t<\/div>\n\t\t\t\t<\/div>\n\t\t\t\t<div class=\"elementor-element elementor-element-3702b72 elementor-widget elementor-widget-spacer\" data-id=\"3702b72\" data-element_type=\"widget\" data-e-type=\"widget\" data-widget_type=\"spacer.default\">\n\t\t\t\t<div class=\"elementor-widget-container\">\n\t\t\t\t\t\t\t<div class=\"elementor-spacer\">\n\t\t\t<div class=\"elementor-spacer-inner\"><\/div>\n\t\t<\/div>\n\t\t\t\t\t\t<\/div>\n\t\t\t\t<\/div>\n\t\t\t\t\t<\/div>\n\t\t\t\t<\/div>\n\t\t<div class=\"elementor-element elementor-element-43e89f9 e-flex e-con-boxed e-con e-parent\" data-id=\"43e89f9\" data-element_type=\"container\" data-e-type=\"container\">\n\t\t\t\t\t<div class=\"e-con-inner\">\n\t\t\t\t<div class=\"elementor-element elementor-element-3c890f2 elementor-widget elementor-widget-heading\" data-id=\"3c890f2\" data-element_type=\"widget\" data-e-type=\"widget\" data-widget_type=\"heading.default\">\n\t\t\t\t<div class=\"elementor-widget-container\">\n\t\t\t\t\t<h1 class=\"elementor-heading-title elementor-size-default\">Programmi per studenti adulti<\/h1>\t\t\t\t<\/div>\n\t\t\t\t<\/div>\n\t\t\t\t<div class=\"elementor-element elementor-element-ed3d189 elementor-widget elementor-widget-heading\" data-id=\"ed3d189\" data-element_type=\"widget\" data-e-type=\"widget\" data-widget_type=\"heading.default\">\n\t\t\t\t<div class=\"elementor-widget-container\">\n\t\t\t\t\t<h2 class=\"elementor-heading-title elementor-size-default\"><h3 data-elementor-setting-key=\"title\" data-pen-placeholder=\"Type Here...\" style=\"font-family: Roboto, sans-serif;font-weight: 600;text-align: center\"><\/h3><h2 data-elementor-setting-key=\"title\" data-pen-placeholder=\"Type Here...\" style=\"font-family: Roboto, sans-serif;font-weight: 600\">Mix di nazionalit\u00e0 in tutti i programmi (2025)<span style=\"font-size: 2rem\"><\/span><\/h2><\/h2>\t\t\t\t<\/div>\n\t\t\t\t<\/div>\n\t\t\t\t<div class=\"elementor-element elementor-element-55fe901 elementor-widget elementor-widget-text-editor\" data-id=\"55fe901\" data-element_type=\"widget\" data-e-type=\"widget\" data-widget_type=\"text-editor.default\">\n\t\t\t\t<div class=\"elementor-widget-container\">\n\t\t\t\t\t\t\t\t\t<p>Accogliamo studenti adulti di diverse nazionalit\u00e0 e garantiamo un mix internazionale nelle nostre classi per creare un ambiente di lingua inglese completamente coinvolgente.<\/p>\t\t\t\t\t\t\t\t<\/div>\n\t\t\t\t<\/div>\n\t\t\t\t<div class=\"elementor-element elementor-element-04d0f08 elementor-widget elementor-widget-image\" data-id=\"04d0f08\" data-element_type=\"widget\" data-e-type=\"widget\" data-widget_type=\"image.default\">\n\t\t\t\t<div class=\"elementor-widget-container\">\n\t\t\t\t\t\t\t\t\t\t\t\t\t\t\t<img decoding=\"async\" width=\"768\" height=\"1086\" src=\"https:\/\/www.iceireland.com\/wp-content\/uploads\/2026\/03\/300-2-768x1086.png\" class=\"attachment-medium_large size-medium_large wp-image-36012\" alt=\"\" srcset=\"https:\/\/www.iceireland.com\/wp-content\/uploads\/2026\/03\/300-2-768x1086.png 768w, https:\/\/www.iceireland.com\/wp-content\/uploads\/2026\/03\/300-2-212x300.png 212w, https:\/\/www.iceireland.com\/wp-content\/uploads\/2026\/03\/300-2-724x1024.png 724w, https:\/\/www.iceireland.com\/wp-content\/uploads\/2026\/03\/300-2-1086x1536.png 1086w, https:\/\/www.iceireland.com\/wp-content\/uploads\/2026\/03\/300-2-1448x2048.png 1448w, https:\/\/www.iceireland.com\/wp-content\/uploads\/2026\/03\/300-2.png 1587w\" sizes=\"(max-width: 768px) 100vw, 768px\" \/>\t\t\t\t\t\t\t\t\t\t\t\t\t\t\t<\/div>\n\t\t\t\t<\/div>\n\t\t\t\t\t<\/div>\n\t\t\t\t<\/div>\n\t\t\t\t<\/div>\n\t\t","protected":false},"excerpt":{"rendered":"<p>Campo estivo per ragazzi Mix di nazionalit\u00e0 in tutti i campi (2025) Ogni anno accogliamo nei nostri programmi studenti di oltre 30 nazionalit\u00e0 diverse. Garantiamo un mix equilibrato di nazionalit\u00e0 in tutti i campi, con l&#8217;obiettivo di mantenere ogni nazionalit\u00e0 al di sotto del 30% per un ambiente di lingua inglese vario e coinvolgente. Programmi [&hellip;]<\/p>\n","protected":false},"author":3,"featured_media":0,"parent":0,"menu_order":0,"comment_status":"closed","ping_status":"closed","template":"","meta":{"content-type":"","footnotes":""},"class_list":["post-35808","page","type-page","status-publish","hentry"],"yoast_head":"<!-- This site is optimized with the Yoast SEO plugin v27.3 - https:\/\/yoast.com\/product\/yoast-seo-wordpress\/ -->\n<title>Mix di nazionalit\u00e0 - Irish College of English<\/title>\n<meta name=\"robots\" content=\"index, follow, max-snippet:-1, max-image-preview:large, max-video-preview:-1\" \/>\n<link rel=\"canonical\" href=\"https:\/\/www.iceireland.com\/it\/nationality-mix\/\" \/>\n<meta property=\"og:locale\" content=\"it_IT\" \/>\n<meta property=\"og:type\" content=\"article\" \/>\n<meta property=\"og:title\" content=\"Mix di nazionalit\u00e0 - Irish College of English\" \/>\n<meta property=\"og:description\" content=\"Campo estivo per ragazzi Mix di nazionalit\u00e0 in tutti i campi (2025) Ogni anno accogliamo nei nostri programmi studenti di oltre 30 nazionalit\u00e0 diverse. Garantiamo un mix equilibrato di nazionalit\u00e0 in tutti i campi, con l&#8217;obiettivo di mantenere ogni nazionalit\u00e0 al di sotto del 30% per un ambiente di lingua inglese vario e coinvolgente. Programmi [&hellip;]\" \/>\n<meta property=\"og:url\" content=\"https:\/\/www.iceireland.com\/it\/nationality-mix\/\" \/>\n<meta property=\"og:site_name\" content=\"Irish College of English\" \/>\n<meta property=\"article:modified_time\" content=\"2026-03-19T14:41:48+00:00\" \/>\n<meta property=\"og:image\" content=\"https:\/\/www.iceireland.com\/wp-content\/uploads\/2026\/03\/300-e1773925864194.png\" \/>\n\t<meta property=\"og:image:width\" content=\"1474\" \/>\n\t<meta property=\"og:image:height\" content=\"1435\" \/>\n\t<meta property=\"og:image:type\" content=\"image\/png\" \/>\n<script type=\"application\/ld+json\" class=\"yoast-schema-graph\">{\"@context\":\"https:\\\/\\\/schema.org\",\"@graph\":[{\"@type\":\"WebPage\",\"@id\":\"https:\\\/\\\/www.iceireland.com\\\/it\\\/nationality-mix\\\/\",\"url\":\"https:\\\/\\\/www.iceireland.com\\\/it\\\/nationality-mix\\\/\",\"name\":\"Mix di nazionalit\u00e0 - Irish College of English\",\"isPartOf\":{\"@id\":\"https:\\\/\\\/www.iceireland.com\\\/it\\\/#website\"},\"primaryImageOfPage\":{\"@id\":\"https:\\\/\\\/www.iceireland.com\\\/it\\\/nationality-mix\\\/#primaryimage\"},\"image\":{\"@id\":\"https:\\\/\\\/www.iceireland.com\\\/it\\\/nationality-mix\\\/#primaryimage\"},\"thumbnailUrl\":\"https:\\\/\\\/www.iceireland.com\\\/wp-content\\\/uploads\\\/2026\\\/03\\\/300-e1773925864194-768x748.png\",\"datePublished\":\"2026-03-18T16:59:44+00:00\",\"dateModified\":\"2026-03-19T14:41:48+00:00\",\"breadcrumb\":{\"@id\":\"https:\\\/\\\/www.iceireland.com\\\/it\\\/nationality-mix\\\/#breadcrumb\"},\"inLanguage\":\"it-IT\",\"potentialAction\":[{\"@type\":\"ReadAction\",\"target\":[\"https:\\\/\\\/www.iceireland.com\\\/it\\\/nationality-mix\\\/\"]}]},{\"@type\":\"ImageObject\",\"inLanguage\":\"it-IT\",\"@id\":\"https:\\\/\\\/www.iceireland.com\\\/it\\\/nationality-mix\\\/#primaryimage\",\"url\":\"https:\\\/\\\/www.iceireland.com\\\/wp-content\\\/uploads\\\/2026\\\/03\\\/300-e1773925864194-768x748.png\",\"contentUrl\":\"https:\\\/\\\/www.iceireland.com\\\/wp-content\\\/uploads\\\/2026\\\/03\\\/300-e1773925864194-768x748.png\"},{\"@type\":\"BreadcrumbList\",\"@id\":\"https:\\\/\\\/www.iceireland.com\\\/it\\\/nationality-mix\\\/#breadcrumb\",\"itemListElement\":[{\"@type\":\"ListItem\",\"position\":1,\"name\":\"Home\",\"item\":\"https:\\\/\\\/www.iceireland.com\\\/it\\\/\"},{\"@type\":\"ListItem\",\"position\":2,\"name\":\"Mix di nazionalit\u00e0\"}]},{\"@type\":\"WebSite\",\"@id\":\"https:\\\/\\\/www.iceireland.com\\\/it\\\/#website\",\"url\":\"https:\\\/\\\/www.iceireland.com\\\/it\\\/\",\"name\":\"Irish College of English\",\"description\":\"English School in Dublin, Malahide\",\"publisher\":{\"@id\":\"https:\\\/\\\/www.iceireland.com\\\/it\\\/#organization\"},\"potentialAction\":[{\"@type\":\"SearchAction\",\"target\":{\"@type\":\"EntryPoint\",\"urlTemplate\":\"https:\\\/\\\/www.iceireland.com\\\/it\\\/?s={search_term_string}\"},\"query-input\":{\"@type\":\"PropertyValueSpecification\",\"valueRequired\":true,\"valueName\":\"search_term_string\"}}],\"inLanguage\":\"it-IT\"},{\"@type\":\"Organization\",\"@id\":\"https:\\\/\\\/www.iceireland.com\\\/it\\\/#organization\",\"name\":\"Irish College of English\",\"url\":\"https:\\\/\\\/www.iceireland.com\\\/it\\\/\",\"logo\":{\"@type\":\"ImageObject\",\"inLanguage\":\"it-IT\",\"@id\":\"https:\\\/\\\/www.iceireland.com\\\/it\\\/#\\\/schema\\\/logo\\\/image\\\/\",\"url\":\"https:\\\/\\\/www.iceireland.com\\\/wp-content\\\/uploads\\\/2022\\\/03\\\/logo.png\",\"contentUrl\":\"https:\\\/\\\/www.iceireland.com\\\/wp-content\\\/uploads\\\/2022\\\/03\\\/logo.png\",\"width\":593,\"height\":92,\"caption\":\"Irish College of English\"},\"image\":{\"@id\":\"https:\\\/\\\/www.iceireland.com\\\/it\\\/#\\\/schema\\\/logo\\\/image\\\/\"}}]}<\/script>\n<!-- \/ Yoast SEO plugin. -->","yoast_head_json":{"title":"Mix di nazionalit\u00e0 - Irish College of English","robots":{"index":"index","follow":"follow","max-snippet":"max-snippet:-1","max-image-preview":"max-image-preview:large","max-video-preview":"max-video-preview:-1"},"canonical":"https:\/\/www.iceireland.com\/it\/nationality-mix\/","og_locale":"it_IT","og_type":"article","og_title":"Mix di nazionalit\u00e0 - Irish College of English","og_description":"Campo estivo per ragazzi Mix di nazionalit\u00e0 in tutti i campi (2025) Ogni anno accogliamo nei nostri programmi studenti di oltre 30 nazionalit\u00e0 diverse. Garantiamo un mix equilibrato di nazionalit\u00e0 in tutti i campi, con l&#8217;obiettivo di mantenere ogni nazionalit\u00e0 al di sotto del 30% per un ambiente di lingua inglese vario e coinvolgente. Programmi [&hellip;]","og_url":"https:\/\/www.iceireland.com\/it\/nationality-mix\/","og_site_name":"Irish College of English","article_modified_time":"2026-03-19T14:41:48+00:00","og_image":[{"width":1474,"height":1435,"url":"https:\/\/www.iceireland.com\/wp-content\/uploads\/2026\/03\/300-e1773925864194.png","type":"image\/png"}],"schema":{"@context":"https:\/\/schema.org","@graph":[{"@type":"WebPage","@id":"https:\/\/www.iceireland.com\/it\/nationality-mix\/","url":"https:\/\/www.iceireland.com\/it\/nationality-mix\/","name":"Mix di nazionalit\u00e0 - Irish College of English","isPartOf":{"@id":"https:\/\/www.iceireland.com\/it\/#website"},"primaryImageOfPage":{"@id":"https:\/\/www.iceireland.com\/it\/nationality-mix\/#primaryimage"},"image":{"@id":"https:\/\/www.iceireland.com\/it\/nationality-mix\/#primaryimage"},"thumbnailUrl":"https:\/\/www.iceireland.com\/wp-content\/uploads\/2026\/03\/300-e1773925864194-768x748.png","datePublished":"2026-03-18T16:59:44+00:00","dateModified":"2026-03-19T14:41:48+00:00","breadcrumb":{"@id":"https:\/\/www.iceireland.com\/it\/nationality-mix\/#breadcrumb"},"inLanguage":"it-IT","potentialAction":[{"@type":"ReadAction","target":["https:\/\/www.iceireland.com\/it\/nationality-mix\/"]}]},{"@type":"ImageObject","inLanguage":"it-IT","@id":"https:\/\/www.iceireland.com\/it\/nationality-mix\/#primaryimage","url":"https:\/\/www.iceireland.com\/wp-content\/uploads\/2026\/03\/300-e1773925864194-768x748.png","contentUrl":"https:\/\/www.iceireland.com\/wp-content\/uploads\/2026\/03\/300-e1773925864194-768x748.png"},{"@type":"BreadcrumbList","@id":"https:\/\/www.iceireland.com\/it\/nationality-mix\/#breadcrumb","itemListElement":[{"@type":"ListItem","position":1,"name":"Home","item":"https:\/\/www.iceireland.com\/it\/"},{"@type":"ListItem","position":2,"name":"Mix di nazionalit\u00e0"}]},{"@type":"WebSite","@id":"https:\/\/www.iceireland.com\/it\/#website","url":"https:\/\/www.iceireland.com\/it\/","name":"Irish College of English","description":"English School in Dublin, Malahide","publisher":{"@id":"https:\/\/www.iceireland.com\/it\/#organization"},"potentialAction":[{"@type":"SearchAction","target":{"@type":"EntryPoint","urlTemplate":"https:\/\/www.iceireland.com\/it\/?s={search_term_string}"},"query-input":{"@type":"PropertyValueSpecification","valueRequired":true,"valueName":"search_term_string"}}],"inLanguage":"it-IT"},{"@type":"Organization","@id":"https:\/\/www.iceireland.com\/it\/#organization","name":"Irish College of English","url":"https:\/\/www.iceireland.com\/it\/","logo":{"@type":"ImageObject","inLanguage":"it-IT","@id":"https:\/\/www.iceireland.com\/it\/#\/schema\/logo\/image\/","url":"https:\/\/www.iceireland.com\/wp-content\/uploads\/2022\/03\/logo.png","contentUrl":"https:\/\/www.iceireland.com\/wp-content\/uploads\/2022\/03\/logo.png","width":593,"height":92,"caption":"Irish College of English"},"image":{"@id":"https:\/\/www.iceireland.com\/it\/#\/schema\/logo\/image\/"}}]}},"_links":{"self":[{"href":"https:\/\/www.iceireland.com\/it\/wp-json\/wp\/v2\/pages\/35808","targetHints":{"allow":["GET"]}}],"collection":[{"href":"https:\/\/www.iceireland.com\/it\/wp-json\/wp\/v2\/pages"}],"about":[{"href":"https:\/\/www.iceireland.com\/it\/wp-json\/wp\/v2\/types\/page"}],"author":[{"embeddable":true,"href":"https:\/\/www.iceireland.com\/it\/wp-json\/wp\/v2\/users\/3"}],"replies":[{"embeddable":true,"href":"https:\/\/www.iceireland.com\/it\/wp-json\/wp\/v2\/comments?post=35808"}],"version-history":[{"count":4,"href":"https:\/\/www.iceireland.com\/it\/wp-json\/wp\/v2\/pages\/35808\/revisions"}],"predecessor-version":[{"id":36042,"href":"https:\/\/www.iceireland.com\/it\/wp-json\/wp\/v2\/pages\/35808\/revisions\/36042"}],"wp:attachment":[{"href":"https:\/\/www.iceireland.com\/it\/wp-json\/wp\/v2\/media?parent=35808"}],"curies":[{"name":"wp","href":"https:\/\/api.w.org\/{rel}","templated":true}]}}