{"id":31890,"date":"2014-10-20T08:40:07","date_gmt":"2014-10-20T08:40:07","guid":{"rendered":"https:\/\/www.iceireland.com\/study-english-in-ireland\/"},"modified":"2014-10-20T08:40:07","modified_gmt":"2014-10-20T08:40:07","slug":"study-english-in-ireland","status":"publish","type":"page","link":"https:\/\/www.iceireland.com\/pl\/study-english-in-ireland\/","title":{"rendered":"Nauka angielskiego w Irlandii"},"content":{"rendered":"<h2>Nauka angielskiego w Irlandii<\/h2>\n<p>Nasz oddzia\u0142 Malahide znajduje si\u0119 zaledwie 20 minut od <strong>centrum Dublina<\/strong> i 10 minut od lotniska w Dublinie. Irish College of English jest bardzo wygodny i dost\u0119pny zar\u00f3wno do nauki j\u0119zyka angielskiego, jak i sp\u0119dzania czasu w Dublinie. Dublin jest jedn\u0105 z <strong>najbardziej przyjaznych stolic na \u015bwiecie<\/strong> i wspania\u0142ym miejscem do \u017cycia.  <\/p>\n<p><strong>Wysokie angielskie standardy edukacyjne<\/strong><\/p>\n<p>Irlandia jest doskona\u0142ym miejscem do nauki j\u0119zyka angielskiego i s\u0142ynie jako go\u015bcinny i przyjazny kraj. Irlandia jest znana z <strong>wysokich standard\u00f3w szkolenia j\u0119zyka angielskiego<\/strong> i jako\u015bci edukacji. Irish College of English jest wiod\u0105cym dostawc\u0105 us\u0142ug edukacyjnych z dwoma oddzia\u0142ami w Dublinie uznanymi przez Departament Edukacji i cz\u0142onkiem MEI.  <\/p>\n<p><strong>Irlandzki akcent<\/strong><\/p>\n<p>Irlandzki akcent, zw\u0142aszcza dubli\u0144ski, jest <strong>wyra\u017any i \u0142atwy do zrozumienia<\/strong>. Sprawia to, \u017ce nauka angielskiego jest \u0142atwiejsza i przyjemniejsza, gdy u\u017cywasz j\u0119zyka z mieszka\u0144cami na co dzie\u0144, podczas ka\u017cdego pobytu j\u0119zykowego w Dublinie. <\/p>\n<p><strong>Od\u015bwie\u017caj\u0105ce krajobrazy<\/strong><\/p>\n<p>Orze\u017awiaj\u0105ce pi\u0119kno naturalnie zielonego krajobrazu to kolejny pow\u00f3d, dla kt\u00f3rego warto wybra\u0107 nauk\u0119 j\u0119zyka angielskiego w Irlandii. Dziewicze krajobrazy Irlandii, d\u0142ugie piaszczyste pla\u017ce, spektakularna linia brzegowa, jeziora, wzg\u00f3rza i malownicze wioski sprawiaj\u0105, \u017ce jest to miejsce, kt\u00f3rego nie mo\u017cna przegapi\u0107. Irlandia odnotowa\u0142a r\u00f3wnie\u017c szybki wzrost w ci\u0105gu ostatnich 20 lat i oferuje pierwszorz\u0119dne udogodnienia i us\u0142ugi. Pomimo tych zmian nie utraci\u0142a swojej wyj\u0105tkowej to\u017csamo\u015bci, kultury ani poczucia tradycyjnych warto\u015bci.   <\/p>\n<p><strong>Ciep\u0142e powitanie<\/strong><\/p>\n<p>Ucz si\u0119 angielskiego w Irlandii i prze\u017cyj niezr\u00f3wnane do\u015bwiadczenie &#8211; Irlandia ma charakter wiejski, a ludzie s\u0105 przyja\u017ani i pomocni dla student\u00f3w j\u0119zyk\u00f3w obcych i junior\u00f3w. Dublin jest jedn\u0105 z najbardziej ekscytuj\u0105cych stolic Europy. Jest t\u0119tni\u0105cy \u017cyciem i ma m\u0142od\u0105 populacj\u0119. Tworzy to bardzo o\u017cywion\u0105 scen\u0119 spo\u0142eczn\u0105. Dublin jest dobrze znany z bogactwa kultury i muzyki. Na ka\u017cdym rogu znajduje si\u0119 t\u0119tni\u0105cy \u017cyciem pub lub klub, w kt\u00f3rym mo\u017cna napi\u0107 si\u0119 kufla Guinnessa i pos\u0142ucha\u0107 tradycyjnej muzyki.     <\/p>\n<p>W mie\u015bcie znajduje si\u0119 s\u0142ynny Trinity College, Muzea Narodowe, Galeria Narodowa i Temple Bar. Mi\u0142o\u015bnicy zakup\u00f3w b\u0119d\u0105 naprawd\u0119 zadowoleni z zakup\u00f3w w Dublinie. Morze, g\u00f3ry i tereny wiejskie znajduj\u0105 si\u0119 w odleg\u0142o\u015bci godziny jazdy samochodem od centrum miasta i s\u0105 dost\u0119pne \u015brodkami transportu publicznego. Teatry w Dublinie s\u0105 znane na ca\u0142ym \u015bwiecie, a National Concert Hall zaspokoi wszystkie gusta muzyczne. Sporty, takie jak golf, tenis i jazda konna s\u0105 dost\u0119pne, \u0142atwo dost\u0119pne i blisko miasta. I nie mo\u017cna zapomnie\u0107 o naszym powitaniu, mimo \u017ce Dublin jest stolic\u0105, w przeciwie\u0144stwie do innych czuje si\u0119 ma\u0142y i bezpieczny, \u0142atwo si\u0119 po nim porusza\u0107 i bardzo szybko poczujesz si\u0119 jak w domu.     <\/p>\n<p>&nbsp;<\/p>\n<p><a href=\"http:\/\/bit.ly\/30uWaD3\"><img fetchpriority=\"high\" decoding=\"async\" class=\"alignleft wp-image-5111\" style=\"margin-right: 25px;\" src=\"https:\/\/www.iceireland.com\/wp-content\/uploads\/2019\/09\/3-2-182x300.jpg\" alt=\"\" width=\"212\" height=\"350\" srcset=\"https:\/\/www.iceireland.com\/wp-content\/uploads\/2019\/09\/3-2-182x300.jpg 182w, https:\/\/www.iceireland.com\/wp-content\/uploads\/2019\/09\/3-2.jpg 424w\" sizes=\"(max-width: 212px) 100vw, 212px\" \/><\/a> <a href=\"http:\/\/bit.ly\/2kwaCet\"><img decoding=\"async\" class=\"alignleft wp-image-5110\" style=\"margin-right: 25px;\" src=\"https:\/\/www.iceireland.com\/wp-content\/uploads\/2019\/09\/junior-summer-camp-in-dublin-150x150.jpg\" alt=\"\" width=\"212\" height=\"350\"><\/a> <a href=\"http:\/\/bit.ly\/2P6BBvt\"><img decoding=\"async\" class=\"alignleft wp-image-5109\" style=\"margin-right: 25px;\" src=\"https:\/\/www.iceireland.com\/wp-content\/uploads\/2019\/09\/1-1-182x300.jpg\" alt=\"\" width=\"212\" height=\"350\" srcset=\"https:\/\/www.iceireland.com\/wp-content\/uploads\/2019\/09\/1-1-182x300.jpg 182w, https:\/\/www.iceireland.com\/wp-content\/uploads\/2019\/09\/1-1.jpg 424w\" sizes=\"(max-width: 212px) 100vw, 212px\" \/><\/a> <a href=\"https:\/\/www.iceireland.com\/wp-content\/uploads\/2019\/08\/English-Courses-and-Fees-2021.pdf\"><img loading=\"lazy\" decoding=\"async\" class=\"alignleft wp-image-5112\" style=\"margin-right: 25px;\" src=\"https:\/\/www.iceireland.com\/wp-content\/uploads\/2019\/09\/english-courses-dublin-182x300.jpg\" alt=\"\" width=\"212\" height=\"350\" srcset=\"https:\/\/www.iceireland.com\/wp-content\/uploads\/2019\/09\/english-courses-dublin-182x300.jpg 182w, https:\/\/www.iceireland.com\/wp-content\/uploads\/2019\/09\/english-courses-dublin.jpg 424w\" sizes=\"(max-width: 212px) 100vw, 212px\" \/><\/a> <a href=\"mailto:info@iceireland.com\"><img loading=\"lazy\" decoding=\"async\" class=\"alignleft wp-image-4832\" src=\"https:\/\/www.iceireland.com\/wp-content\/uploads\/2019\/08\/BOOK-NOW.jpg\" alt=\"\" width=\"212\" height=\"300\"><\/a><\/p>\n<p>&nbsp;<\/p>\n<p>&nbsp;<\/p>\n<p>&nbsp;<\/p>\n<p>&nbsp;<\/p>\n<p>&nbsp;<\/p>\n","protected":false},"excerpt":{"rendered":"<p>Nauka angielskiego w Irlandii Nasz oddzia\u0142 Malahide znajduje si\u0119 zaledwie 20 minut od centrum Dublina i 10 minut od lotniska w Dublinie. Irish College of English jest bardzo wygodny i dost\u0119pny zar\u00f3wno do nauki j\u0119zyka angielskiego, jak i sp\u0119dzania czasu w Dublinie. Dublin jest jedn\u0105 z najbardziej przyjaznych stolic na \u015bwiecie i wspania\u0142ym miejscem do [&hellip;]<\/p>\n","protected":false},"author":1,"featured_media":0,"parent":0,"menu_order":0,"comment_status":"open","ping_status":"closed","template":"","meta":{"content-type":"","footnotes":""},"class_list":["post-31890","page","type-page","status-publish","hentry"],"yoast_head":"<!-- This site is optimized with the Yoast SEO plugin v27.3 - https:\/\/yoast.com\/product\/yoast-seo-wordpress\/ -->\n<title>Nauka angielskiego w Irlandii w Irish College of English - Malahide, Dublin<\/title>\n<meta name=\"description\" content=\"Go\u015bcinny i przyjazny kraj, znany z wysokich standard\u00f3w szkolenia j\u0119zyka angielskiego. Zanurz si\u0119 w j\u0119zyku angielskim, wybierz Irlandi\u0119, wybierz nas.\" \/>\n<meta name=\"robots\" content=\"index, follow, max-snippet:-1, max-image-preview:large, max-video-preview:-1\" \/>\n<link rel=\"canonical\" href=\"https:\/\/www.iceireland.com\/pl\/study-english-in-ireland\/\" \/>\n<meta property=\"og:locale\" content=\"pl_PL\" \/>\n<meta property=\"og:type\" content=\"article\" \/>\n<meta property=\"og:title\" content=\"Nauka angielskiego w Irlandii w Irish College of English - Malahide, Dublin\" \/>\n<meta property=\"og:description\" content=\"Go\u015bcinny i przyjazny kraj, znany z wysokich standard\u00f3w szkolenia j\u0119zyka angielskiego. Zanurz si\u0119 w j\u0119zyku angielskim, wybierz Irlandi\u0119, wybierz nas.\" \/>\n<meta property=\"og:url\" content=\"https:\/\/www.iceireland.com\/pl\/study-english-in-ireland\/\" \/>\n<meta property=\"og:site_name\" content=\"Irish College of English\" \/>\n<meta property=\"og:image\" content=\"https:\/\/www.iceireland.com\/wp-content\/uploads\/2019\/09\/3-2.jpg\" \/>\n\t<meta property=\"og:image:width\" content=\"424\" \/>\n\t<meta property=\"og:image:height\" content=\"700\" \/>\n\t<meta property=\"og:image:type\" content=\"image\/jpeg\" \/>\n<meta name=\"twitter:label1\" content=\"Szacowany czas czytania\" \/>\n\t<meta name=\"twitter:data1\" content=\"2 minuty\" \/>\n<script type=\"application\/ld+json\" class=\"yoast-schema-graph\">{\"@context\":\"https:\\\/\\\/schema.org\",\"@graph\":[{\"@type\":\"WebPage\",\"@id\":\"https:\\\/\\\/www.iceireland.com\\\/pl\\\/study-english-in-ireland\\\/\",\"url\":\"https:\\\/\\\/www.iceireland.com\\\/pl\\\/study-english-in-ireland\\\/\",\"name\":\"Nauka angielskiego w Irlandii w Irish College of English - Malahide, Dublin\",\"isPartOf\":{\"@id\":\"https:\\\/\\\/www.iceireland.com\\\/pl\\\/#website\"},\"primaryImageOfPage\":{\"@id\":\"https:\\\/\\\/www.iceireland.com\\\/pl\\\/study-english-in-ireland\\\/#primaryimage\"},\"image\":{\"@id\":\"https:\\\/\\\/www.iceireland.com\\\/pl\\\/study-english-in-ireland\\\/#primaryimage\"},\"thumbnailUrl\":\"https:\\\/\\\/www.iceireland.com\\\/wp-content\\\/uploads\\\/2019\\\/09\\\/3-2-182x300.jpg\",\"datePublished\":\"2014-10-20T08:40:07+00:00\",\"description\":\"Go\u015bcinny i przyjazny kraj, znany z wysokich standard\u00f3w szkolenia j\u0119zyka angielskiego. Zanurz si\u0119 w j\u0119zyku angielskim, wybierz Irlandi\u0119, wybierz nas.\",\"breadcrumb\":{\"@id\":\"https:\\\/\\\/www.iceireland.com\\\/pl\\\/study-english-in-ireland\\\/#breadcrumb\"},\"inLanguage\":\"pl-PL\",\"potentialAction\":[{\"@type\":\"ReadAction\",\"target\":[\"https:\\\/\\\/www.iceireland.com\\\/pl\\\/study-english-in-ireland\\\/\"]}]},{\"@type\":\"ImageObject\",\"inLanguage\":\"pl-PL\",\"@id\":\"https:\\\/\\\/www.iceireland.com\\\/pl\\\/study-english-in-ireland\\\/#primaryimage\",\"url\":\"https:\\\/\\\/www.iceireland.com\\\/wp-content\\\/uploads\\\/2019\\\/09\\\/3-2-182x300.jpg\",\"contentUrl\":\"https:\\\/\\\/www.iceireland.com\\\/wp-content\\\/uploads\\\/2019\\\/09\\\/3-2-182x300.jpg\"},{\"@type\":\"BreadcrumbList\",\"@id\":\"https:\\\/\\\/www.iceireland.com\\\/pl\\\/study-english-in-ireland\\\/#breadcrumb\",\"itemListElement\":[{\"@type\":\"ListItem\",\"position\":1,\"name\":\"Home\",\"item\":\"https:\\\/\\\/www.iceireland.com\\\/pl\\\/\"},{\"@type\":\"ListItem\",\"position\":2,\"name\":\"Nauka angielskiego w Irlandii\"}]},{\"@type\":\"WebSite\",\"@id\":\"https:\\\/\\\/www.iceireland.com\\\/pl\\\/#website\",\"url\":\"https:\\\/\\\/www.iceireland.com\\\/pl\\\/\",\"name\":\"Irish College of English\",\"description\":\"English School in Dublin, Malahide\",\"publisher\":{\"@id\":\"https:\\\/\\\/www.iceireland.com\\\/pl\\\/#organization\"},\"potentialAction\":[{\"@type\":\"SearchAction\",\"target\":{\"@type\":\"EntryPoint\",\"urlTemplate\":\"https:\\\/\\\/www.iceireland.com\\\/pl\\\/?s={search_term_string}\"},\"query-input\":{\"@type\":\"PropertyValueSpecification\",\"valueRequired\":true,\"valueName\":\"search_term_string\"}}],\"inLanguage\":\"pl-PL\"},{\"@type\":\"Organization\",\"@id\":\"https:\\\/\\\/www.iceireland.com\\\/pl\\\/#organization\",\"name\":\"Irish College of English\",\"url\":\"https:\\\/\\\/www.iceireland.com\\\/pl\\\/\",\"logo\":{\"@type\":\"ImageObject\",\"inLanguage\":\"pl-PL\",\"@id\":\"https:\\\/\\\/www.iceireland.com\\\/pl\\\/#\\\/schema\\\/logo\\\/image\\\/\",\"url\":\"https:\\\/\\\/www.iceireland.com\\\/wp-content\\\/uploads\\\/2022\\\/03\\\/logo.png\",\"contentUrl\":\"https:\\\/\\\/www.iceireland.com\\\/wp-content\\\/uploads\\\/2022\\\/03\\\/logo.png\",\"width\":593,\"height\":92,\"caption\":\"Irish College of English\"},\"image\":{\"@id\":\"https:\\\/\\\/www.iceireland.com\\\/pl\\\/#\\\/schema\\\/logo\\\/image\\\/\"}}]}<\/script>\n<!-- \/ Yoast SEO plugin. -->","yoast_head_json":{"title":"Nauka angielskiego w Irlandii w Irish College of English - Malahide, Dublin","description":"Go\u015bcinny i przyjazny kraj, znany z wysokich standard\u00f3w szkolenia j\u0119zyka angielskiego. Zanurz si\u0119 w j\u0119zyku angielskim, wybierz Irlandi\u0119, wybierz nas.","robots":{"index":"index","follow":"follow","max-snippet":"max-snippet:-1","max-image-preview":"max-image-preview:large","max-video-preview":"max-video-preview:-1"},"canonical":"https:\/\/www.iceireland.com\/pl\/study-english-in-ireland\/","og_locale":"pl_PL","og_type":"article","og_title":"Nauka angielskiego w Irlandii w Irish College of English - Malahide, Dublin","og_description":"Go\u015bcinny i przyjazny kraj, znany z wysokich standard\u00f3w szkolenia j\u0119zyka angielskiego. Zanurz si\u0119 w j\u0119zyku angielskim, wybierz Irlandi\u0119, wybierz nas.","og_url":"https:\/\/www.iceireland.com\/pl\/study-english-in-ireland\/","og_site_name":"Irish College of English","og_image":[{"width":424,"height":700,"url":"https:\/\/www.iceireland.com\/wp-content\/uploads\/2019\/09\/3-2.jpg","type":"image\/jpeg"}],"twitter_misc":{"Szacowany czas czytania":"2 minuty"},"schema":{"@context":"https:\/\/schema.org","@graph":[{"@type":"WebPage","@id":"https:\/\/www.iceireland.com\/pl\/study-english-in-ireland\/","url":"https:\/\/www.iceireland.com\/pl\/study-english-in-ireland\/","name":"Nauka angielskiego w Irlandii w Irish College of English - Malahide, Dublin","isPartOf":{"@id":"https:\/\/www.iceireland.com\/pl\/#website"},"primaryImageOfPage":{"@id":"https:\/\/www.iceireland.com\/pl\/study-english-in-ireland\/#primaryimage"},"image":{"@id":"https:\/\/www.iceireland.com\/pl\/study-english-in-ireland\/#primaryimage"},"thumbnailUrl":"https:\/\/www.iceireland.com\/wp-content\/uploads\/2019\/09\/3-2-182x300.jpg","datePublished":"2014-10-20T08:40:07+00:00","description":"Go\u015bcinny i przyjazny kraj, znany z wysokich standard\u00f3w szkolenia j\u0119zyka angielskiego. Zanurz si\u0119 w j\u0119zyku angielskim, wybierz Irlandi\u0119, wybierz nas.","breadcrumb":{"@id":"https:\/\/www.iceireland.com\/pl\/study-english-in-ireland\/#breadcrumb"},"inLanguage":"pl-PL","potentialAction":[{"@type":"ReadAction","target":["https:\/\/www.iceireland.com\/pl\/study-english-in-ireland\/"]}]},{"@type":"ImageObject","inLanguage":"pl-PL","@id":"https:\/\/www.iceireland.com\/pl\/study-english-in-ireland\/#primaryimage","url":"https:\/\/www.iceireland.com\/wp-content\/uploads\/2019\/09\/3-2-182x300.jpg","contentUrl":"https:\/\/www.iceireland.com\/wp-content\/uploads\/2019\/09\/3-2-182x300.jpg"},{"@type":"BreadcrumbList","@id":"https:\/\/www.iceireland.com\/pl\/study-english-in-ireland\/#breadcrumb","itemListElement":[{"@type":"ListItem","position":1,"name":"Home","item":"https:\/\/www.iceireland.com\/pl\/"},{"@type":"ListItem","position":2,"name":"Nauka angielskiego w Irlandii"}]},{"@type":"WebSite","@id":"https:\/\/www.iceireland.com\/pl\/#website","url":"https:\/\/www.iceireland.com\/pl\/","name":"Irish College of English","description":"English School in Dublin, Malahide","publisher":{"@id":"https:\/\/www.iceireland.com\/pl\/#organization"},"potentialAction":[{"@type":"SearchAction","target":{"@type":"EntryPoint","urlTemplate":"https:\/\/www.iceireland.com\/pl\/?s={search_term_string}"},"query-input":{"@type":"PropertyValueSpecification","valueRequired":true,"valueName":"search_term_string"}}],"inLanguage":"pl-PL"},{"@type":"Organization","@id":"https:\/\/www.iceireland.com\/pl\/#organization","name":"Irish College of English","url":"https:\/\/www.iceireland.com\/pl\/","logo":{"@type":"ImageObject","inLanguage":"pl-PL","@id":"https:\/\/www.iceireland.com\/pl\/#\/schema\/logo\/image\/","url":"https:\/\/www.iceireland.com\/wp-content\/uploads\/2022\/03\/logo.png","contentUrl":"https:\/\/www.iceireland.com\/wp-content\/uploads\/2022\/03\/logo.png","width":593,"height":92,"caption":"Irish College of English"},"image":{"@id":"https:\/\/www.iceireland.com\/pl\/#\/schema\/logo\/image\/"}}]}},"_links":{"self":[{"href":"https:\/\/www.iceireland.com\/pl\/wp-json\/wp\/v2\/pages\/31890","targetHints":{"allow":["GET"]}}],"collection":[{"href":"https:\/\/www.iceireland.com\/pl\/wp-json\/wp\/v2\/pages"}],"about":[{"href":"https:\/\/www.iceireland.com\/pl\/wp-json\/wp\/v2\/types\/page"}],"author":[{"embeddable":true,"href":"https:\/\/www.iceireland.com\/pl\/wp-json\/wp\/v2\/users\/1"}],"replies":[{"embeddable":true,"href":"https:\/\/www.iceireland.com\/pl\/wp-json\/wp\/v2\/comments?post=31890"}],"version-history":[{"count":0,"href":"https:\/\/www.iceireland.com\/pl\/wp-json\/wp\/v2\/pages\/31890\/revisions"}],"wp:attachment":[{"href":"https:\/\/www.iceireland.com\/pl\/wp-json\/wp\/v2\/media?parent=31890"}],"curies":[{"name":"wp","href":"https:\/\/api.w.org\/{rel}","templated":true}]}}