{"id":31901,"date":"2014-10-20T08:44:14","date_gmt":"2014-10-20T08:44:14","guid":{"rendered":"https:\/\/www.iceireland.com\/homestay-ireland\/"},"modified":"2026-01-30T16:19:58","modified_gmt":"2026-01-30T16:19:58","slug":"homestay-ireland","status":"publish","type":"page","link":"https:\/\/www.iceireland.com\/pl\/homestay-ireland\/","title":{"rendered":"Home Stay Ireland i zakwaterowanie w domach"},"content":{"rendered":"<h2>Zakwaterowanie u rodziny goszcz\u0105cej<\/h2>\n<blockquote>\n<h4><span style=\"color: #808080;\">Wysokiej jako\u015bci, przyjazne i go\u015bcinne rodziny goszcz\u0105ce w <strong>odleg\u0142o\u015bci spaceru \/ bardzo kr\u00f3tkiej podr\u00f3\u017cy autobusem<\/strong> od naszej szko\u0142y<br \/>\n<\/span><\/h4>\n<h4><span style=\"color: #808080;\">Gwarantujemy tylko jedn\u0105 narodowo\u015b\u0107 u ka\u017cdej rodziny goszcz\u0105cej, wi\u0119kszo\u015b\u0107 rodzin goszcz\u0105cych go\u015bci 2-3 student\u00f3w<br \/>\n<\/span><\/h4>\n<h4><span style=\"color: #808080;\">Zakwaterowanie dla doros\u0142ych i m\u0142odszych student\u00f3w w rodzinach goszcz\u0105cych dost\u0119pne przez ca\u0142y rok<br \/>\n<\/span><\/h4>\n<h4><span style=\"color: #808080;\">Ca\u0142oroczny koordynator rodziny goszcz\u0105cej zapewniaj\u0105cy jako\u015b\u0107 i kart\u0119 rodziny goszcz\u0105cej na miejscu<\/span><\/h4>\n<\/blockquote>\n<p>&nbsp;<\/p>\n<p><strong>Wysokiej jako\u015bci pobyty w domu z The Irish College of English<\/strong>. Przyjazne i go\u015bcinne irlandzkie rodziny goszcz\u0105ce z wygodnymi pokojami w odleg\u0142o\u015bci spaceru od naszych szk\u00f3\u0142 j\u0119zyka angielskiego. <\/p>\n<p><strong>Zakwaterowanie u rodziny goszcz\u0105cej <\/strong>jest organizowane dla student\u00f3w, kt\u00f3rzy chc\u0105 mieszka\u0107 z irlandzk\u0105 rodzin\u0105 podczas<strong> prawdziwie j\u0119zykowego pobytu w Irlandii<\/strong>. Irlandczycy maj\u0105 tradycj\u0119 go\u015bcinno\u015bci i ciep\u0142a. Tradycja ta jest znana na ca\u0142ym \u015bwiecie i jest g\u0142\u00f3wnym czynnikiem przyci\u0105gaj\u0105cym tysi\u0105ce student\u00f3w do nauki j\u0119zyka angielskiego w Irlandii.  <\/p>\n<p><strong>Jako\u015b\u0107 zakwaterowania<\/strong> jest g\u0142\u00f3wnym celem Irish College of English. Nasze lokalizacje s\u0105 doskona\u0142e<span style=\"color: #000000;\">, a Malahide to jedna<\/span> z najbardziej presti\u017cowych dzielnic Dublina, co czyni nas idealnym wyborem na zakwaterowanie u rodziny goszcz\u0105cej. Korzystamy wy\u0142\u0105cznie z zakwaterowania u rodzin goszcz\u0105cych w odleg\u0142o\u015bci kr\u00f3tkiego spaceru od naszych szk\u00f3\u0142, a poniewa\u017c dzia\u0142amy przez ca\u0142y rok, budujemy <strong>silne relacje ze spo\u0142eczno\u015bci\u0105<\/strong> i wszystkimi naszymi rodzinami goszcz\u0105cymi.  <\/p>\n<p>Mamy pe\u0142noetatowego pracownika zajmuj\u0105cego si\u0119 odwiedzaniem i zapewnianiem jako\u015bci naszych pobyt\u00f3w w domu. <strong>Dobro student\u00f3w jest nasz\u0105 g\u0142\u00f3wn\u0105 trosk\u0105<\/strong> i bardzo starannie wybieramy nasze rodziny, aby zapewni\u0107 maksymalny komfort. Ponadto posiadamy Kart\u0119 Pobytu w Domu, kt\u00f3ra jasno okre\u015bla standardy i nasze zasady dotycz\u0105ce wszystkich pobyt\u00f3w w domu. Studenci mog\u0105 by\u0107 umieszczani z innymi studentami zagranicznymi, rozwijaj\u0105c w ten spos\u00f3b nowe przyja\u017anie z m\u0142odymi lud\u017ami z ca\u0142ego \u015bwiata. Mo\u017cemy zagwarantowa\u0107 studentom doskona\u0142y pobyt u rodziny goszcz\u0105cej, co potwierdzaj\u0105 opinie naszych student\u00f3w.   <\/p>\n<p><strong>Pe\u0142ne wy\u017cywienie <\/strong>obejmuje <strong>\u015bniadanie, pakowany lunch i kolacj\u0119<\/strong>, z naciskiem na po\u017cywn\u0105 diet\u0119. Studenci staj\u0105 si\u0119 cz\u0142onkami rodziny na czas pobytu i dopasowuj\u0105 si\u0119 do normalnego \u017cycia rodzinnego, spotykaj\u0105c si\u0119 i jedz\u0105c z rodzin\u0105. <\/p>\n<p>&nbsp;<\/p>\n<h3><span style=\"color: #808080;\"><strong><span style=\"color: #000000;\">&#8222;Dom z domu<\/span><\/strong><\/span><\/h3>\n<h4><strong>Typowy dzie\u0144 z rodzin\u0105 goszcz\u0105c\u0105 ucznia<\/strong><\/h4>\n<ul>\n<li><strong><span style=\"color: #808080;\">Uczniowie s\u0105 budzeni przez goszcz\u0105c\u0105 ich mam\u0119, bior\u0105 prysznic i jedz\u0105 \u015bniadanie.<\/span><\/strong><\/li>\n<li><strong><span style=\"color: #808080;\">Uczniowie otrzymuj\u0105 suchy prowiant na ca\u0142y dzie\u0144.<\/span><\/strong><\/li>\n<li><strong><span style=\"color: #808080;\">Uczniowie chodz\u0105 do szko\u0142y i wracaj\u0105 do domu oko\u0142o godziny 18:00 po zako\u0144czeniu zaj\u0119\u0107 i programu aktywno\u015bci.<\/span><\/strong><\/li>\n<li><strong><span style=\"color: #808080;\">Po powrocie do domu uczniowie jedz\u0105 kolacj\u0119 z rodzin\u0105 goszcz\u0105c\u0105 i rozmawiaj\u0105 o tym, co wydarzy\u0142o si\u0119 tego dnia.<\/span><\/strong><\/li>\n<li><strong><span style=\"color: #808080;\">Studenci mog\u0105 sp\u0119dzi\u0107 wiecz\u00f3r relaksuj\u0105c si\u0119 i rozmawiaj\u0105c z rodzin\u0105 lub spotykaj\u0105c si\u0119 z przyjaci\u00f3\u0142mi w okolicy.<\/span><\/strong><\/li>\n<li><strong><span style=\"color: #808080;\">Juniorzy maj\u0105 \u015bcis\u0142\u0105 godzin\u0119 policyjn\u0105 21:30, kt\u00f3ra obowi\u0105zuje, gdy wszyscy uczniowie musz\u0105 by\u0107 w domu.<br \/>\n<\/span><\/strong><\/li>\n<li><strong><span style=\"color: #808080;\">Juniorzy i rodziny maj\u0105 ca\u0142odobowy dost\u0119p do numeru telefonu alarmowego, a cz\u0142onek naszego zespo\u0142u zawsze s\u0142u\u017cy pomoc\u0105.<\/span><\/strong><\/li>\n<\/ul>\n<p>&nbsp;<\/p>\n<p><a href=\"http:\/\/bit.ly\/30uWaD3\"><img fetchpriority=\"high\" decoding=\"async\" class=\"alignleft wp-image-5111\" style=\"margin-right: 25px;\" src=\"https:\/\/www.iceireland.com\/wp-content\/uploads\/2019\/09\/3-2-182x300.jpg\" alt=\"\" width=\"212\" height=\"350\" srcset=\"https:\/\/www.iceireland.com\/wp-content\/uploads\/2019\/09\/3-2-182x300.jpg 182w, https:\/\/www.iceireland.com\/wp-content\/uploads\/2019\/09\/3-2.jpg 424w\" sizes=\"(max-width: 212px) 100vw, 212px\" \/><\/a> <a href=\"http:\/\/bit.ly\/2kwaCet\"><img decoding=\"async\" class=\"alignleft wp-image-5110\" style=\"margin-right: 25px;\" src=\"https:\/\/www.iceireland.com\/wp-content\/uploads\/2019\/09\/junior-summer-camp-in-dublin-150x150.jpg\" alt=\"\" width=\"212\" height=\"350\"><\/a> <a href=\"http:\/\/bit.ly\/2P6BBvt\"><img decoding=\"async\" class=\"alignleft wp-image-5109\" style=\"margin-right: 25px;\" src=\"https:\/\/www.iceireland.com\/wp-content\/uploads\/2019\/09\/1-1-182x300.jpg\" alt=\"\" width=\"212\" height=\"350\" srcset=\"https:\/\/www.iceireland.com\/wp-content\/uploads\/2019\/09\/1-1-182x300.jpg 182w, https:\/\/www.iceireland.com\/wp-content\/uploads\/2019\/09\/1-1.jpg 424w\" sizes=\"(max-width: 212px) 100vw, 212px\" \/><\/a> <a href=\"https:\/\/www.iceireland.com\/wp-content\/uploads\/2019\/08\/English-Courses-and-Fees-2021.pdf\"><img loading=\"lazy\" decoding=\"async\" class=\"alignleft wp-image-5112\" style=\"margin-right: 25px;\" src=\"https:\/\/www.iceireland.com\/wp-content\/uploads\/2019\/09\/english-courses-dublin-182x300.jpg\" alt=\"\" width=\"212\" height=\"350\" srcset=\"https:\/\/www.iceireland.com\/wp-content\/uploads\/2019\/09\/english-courses-dublin-182x300.jpg 182w, https:\/\/www.iceireland.com\/wp-content\/uploads\/2019\/09\/english-courses-dublin.jpg 424w\" sizes=\"(max-width: 212px) 100vw, 212px\" \/><\/a> <a href=\"mailto:info@iceireland.com\"><img loading=\"lazy\" decoding=\"async\" class=\"alignleft wp-image-4832\" src=\"https:\/\/www.iceireland.com\/wp-content\/uploads\/2019\/08\/BOOK-NOW.jpg\" alt=\"\" width=\"212\" height=\"300\"><\/a><\/p>\n<p>&nbsp;<\/p>\n<p>&nbsp;<\/p>\n<p>&nbsp;<\/p>\n<p>&nbsp;<\/p>\n<p>&nbsp;<\/p>\n","protected":false},"excerpt":{"rendered":"<p>Zakwaterowanie u rodziny goszcz\u0105cej Wysokiej jako\u015bci, przyjazne i go\u015bcinne rodziny goszcz\u0105ce w odleg\u0142o\u015bci spaceru \/ bardzo kr\u00f3tkiej podr\u00f3\u017cy autobusem od naszej szko\u0142y Gwarantujemy tylko jedn\u0105 narodowo\u015b\u0107 u ka\u017cdej rodziny goszcz\u0105cej, wi\u0119kszo\u015b\u0107 rodzin goszcz\u0105cych go\u015bci 2-3 student\u00f3w Zakwaterowanie dla doros\u0142ych i m\u0142odszych student\u00f3w w rodzinach goszcz\u0105cych dost\u0119pne przez ca\u0142y rok Ca\u0142oroczny koordynator rodziny goszcz\u0105cej zapewniaj\u0105cy jako\u015b\u0107 [&hellip;]<\/p>\n","protected":false},"author":1,"featured_media":0,"parent":0,"menu_order":0,"comment_status":"open","ping_status":"closed","template":"","meta":{"content-type":"","footnotes":""},"class_list":["post-31901","page","type-page","status-publish","hentry"],"yoast_head":"<!-- This site is optimized with the Yoast SEO plugin v27.3 - https:\/\/yoast.com\/product\/yoast-seo-wordpress\/ -->\n<title>Homestay Ireland - kursy angielskiego z zakwaterowaniem<\/title>\n<meta name=\"description\" content=\"We\u017a udzia\u0142 w kursie j\u0119zyka angielskiego w Irish College of English i do\u015bwiadcz przyjaznego i go\u015bcinnego zakwaterowania u irlandzkiej rodziny goszcz\u0105cej w odleg\u0142o\u015bci spaceru \/ bardzo kr\u00f3tkiej podr\u00f3\u017cy autobusem.\" \/>\n<meta name=\"robots\" content=\"index, follow, max-snippet:-1, max-image-preview:large, max-video-preview:-1\" \/>\n<link rel=\"canonical\" href=\"https:\/\/www.iceireland.com\/pl\/homestay-ireland\/\" \/>\n<meta property=\"og:locale\" content=\"pl_PL\" \/>\n<meta property=\"og:type\" content=\"article\" \/>\n<meta property=\"og:title\" content=\"Homestay Ireland - kursy angielskiego z zakwaterowaniem\" \/>\n<meta property=\"og:description\" content=\"We\u017a udzia\u0142 w kursie j\u0119zyka angielskiego w Irish College of English i do\u015bwiadcz przyjaznego i go\u015bcinnego zakwaterowania u irlandzkiej rodziny goszcz\u0105cej w odleg\u0142o\u015bci spaceru \/ bardzo kr\u00f3tkiej podr\u00f3\u017cy autobusem.\" \/>\n<meta property=\"og:url\" content=\"https:\/\/www.iceireland.com\/pl\/homestay-ireland\/\" \/>\n<meta property=\"og:site_name\" content=\"Irish College of English\" \/>\n<meta property=\"article:modified_time\" content=\"2026-01-30T16:19:58+00:00\" \/>\n<meta property=\"og:image\" content=\"https:\/\/www.iceireland.com\/wp-content\/uploads\/2019\/09\/3-2.jpg\" \/>\n\t<meta property=\"og:image:width\" content=\"424\" \/>\n\t<meta property=\"og:image:height\" content=\"700\" \/>\n\t<meta property=\"og:image:type\" content=\"image\/jpeg\" \/>\n<meta name=\"twitter:label1\" content=\"Szacowany czas czytania\" \/>\n\t<meta name=\"twitter:data1\" content=\"3 minuty\" \/>\n<script type=\"application\/ld+json\" class=\"yoast-schema-graph\">{\"@context\":\"https:\\\/\\\/schema.org\",\"@graph\":[{\"@type\":\"WebPage\",\"@id\":\"https:\\\/\\\/www.iceireland.com\\\/pl\\\/homestay-ireland\\\/\",\"url\":\"https:\\\/\\\/www.iceireland.com\\\/pl\\\/homestay-ireland\\\/\",\"name\":\"Homestay Ireland - kursy angielskiego z zakwaterowaniem\",\"isPartOf\":{\"@id\":\"https:\\\/\\\/www.iceireland.com\\\/pl\\\/#website\"},\"primaryImageOfPage\":{\"@id\":\"https:\\\/\\\/www.iceireland.com\\\/pl\\\/homestay-ireland\\\/#primaryimage\"},\"image\":{\"@id\":\"https:\\\/\\\/www.iceireland.com\\\/pl\\\/homestay-ireland\\\/#primaryimage\"},\"thumbnailUrl\":\"https:\\\/\\\/www.iceireland.com\\\/wp-content\\\/uploads\\\/2019\\\/09\\\/3-2-182x300.jpg\",\"datePublished\":\"2014-10-20T08:44:14+00:00\",\"dateModified\":\"2026-01-30T16:19:58+00:00\",\"description\":\"We\u017a udzia\u0142 w kursie j\u0119zyka angielskiego w Irish College of English i do\u015bwiadcz przyjaznego i go\u015bcinnego zakwaterowania u irlandzkiej rodziny goszcz\u0105cej w odleg\u0142o\u015bci spaceru \\\/ bardzo kr\u00f3tkiej podr\u00f3\u017cy autobusem.\",\"breadcrumb\":{\"@id\":\"https:\\\/\\\/www.iceireland.com\\\/pl\\\/homestay-ireland\\\/#breadcrumb\"},\"inLanguage\":\"pl-PL\",\"potentialAction\":[{\"@type\":\"ReadAction\",\"target\":[\"https:\\\/\\\/www.iceireland.com\\\/pl\\\/homestay-ireland\\\/\"]}]},{\"@type\":\"ImageObject\",\"inLanguage\":\"pl-PL\",\"@id\":\"https:\\\/\\\/www.iceireland.com\\\/pl\\\/homestay-ireland\\\/#primaryimage\",\"url\":\"https:\\\/\\\/www.iceireland.com\\\/wp-content\\\/uploads\\\/2019\\\/09\\\/3-2-182x300.jpg\",\"contentUrl\":\"https:\\\/\\\/www.iceireland.com\\\/wp-content\\\/uploads\\\/2019\\\/09\\\/3-2-182x300.jpg\"},{\"@type\":\"BreadcrumbList\",\"@id\":\"https:\\\/\\\/www.iceireland.com\\\/pl\\\/homestay-ireland\\\/#breadcrumb\",\"itemListElement\":[{\"@type\":\"ListItem\",\"position\":1,\"name\":\"Home\",\"item\":\"https:\\\/\\\/www.iceireland.com\\\/pl\\\/\"},{\"@type\":\"ListItem\",\"position\":2,\"name\":\"Home Stay Ireland i zakwaterowanie w domach\"}]},{\"@type\":\"WebSite\",\"@id\":\"https:\\\/\\\/www.iceireland.com\\\/pl\\\/#website\",\"url\":\"https:\\\/\\\/www.iceireland.com\\\/pl\\\/\",\"name\":\"Irish College of English\",\"description\":\"English School in Dublin, Malahide\",\"publisher\":{\"@id\":\"https:\\\/\\\/www.iceireland.com\\\/pl\\\/#organization\"},\"potentialAction\":[{\"@type\":\"SearchAction\",\"target\":{\"@type\":\"EntryPoint\",\"urlTemplate\":\"https:\\\/\\\/www.iceireland.com\\\/pl\\\/?s={search_term_string}\"},\"query-input\":{\"@type\":\"PropertyValueSpecification\",\"valueRequired\":true,\"valueName\":\"search_term_string\"}}],\"inLanguage\":\"pl-PL\"},{\"@type\":\"Organization\",\"@id\":\"https:\\\/\\\/www.iceireland.com\\\/pl\\\/#organization\",\"name\":\"Irish College of English\",\"url\":\"https:\\\/\\\/www.iceireland.com\\\/pl\\\/\",\"logo\":{\"@type\":\"ImageObject\",\"inLanguage\":\"pl-PL\",\"@id\":\"https:\\\/\\\/www.iceireland.com\\\/pl\\\/#\\\/schema\\\/logo\\\/image\\\/\",\"url\":\"https:\\\/\\\/www.iceireland.com\\\/wp-content\\\/uploads\\\/2022\\\/03\\\/logo.png\",\"contentUrl\":\"https:\\\/\\\/www.iceireland.com\\\/wp-content\\\/uploads\\\/2022\\\/03\\\/logo.png\",\"width\":593,\"height\":92,\"caption\":\"Irish College of English\"},\"image\":{\"@id\":\"https:\\\/\\\/www.iceireland.com\\\/pl\\\/#\\\/schema\\\/logo\\\/image\\\/\"}}]}<\/script>\n<!-- \/ Yoast SEO plugin. -->","yoast_head_json":{"title":"Homestay Ireland - kursy angielskiego z zakwaterowaniem","description":"We\u017a udzia\u0142 w kursie j\u0119zyka angielskiego w Irish College of English i do\u015bwiadcz przyjaznego i go\u015bcinnego zakwaterowania u irlandzkiej rodziny goszcz\u0105cej w odleg\u0142o\u015bci spaceru \/ bardzo kr\u00f3tkiej podr\u00f3\u017cy autobusem.","robots":{"index":"index","follow":"follow","max-snippet":"max-snippet:-1","max-image-preview":"max-image-preview:large","max-video-preview":"max-video-preview:-1"},"canonical":"https:\/\/www.iceireland.com\/pl\/homestay-ireland\/","og_locale":"pl_PL","og_type":"article","og_title":"Homestay Ireland - kursy angielskiego z zakwaterowaniem","og_description":"We\u017a udzia\u0142 w kursie j\u0119zyka angielskiego w Irish College of English i do\u015bwiadcz przyjaznego i go\u015bcinnego zakwaterowania u irlandzkiej rodziny goszcz\u0105cej w odleg\u0142o\u015bci spaceru \/ bardzo kr\u00f3tkiej podr\u00f3\u017cy autobusem.","og_url":"https:\/\/www.iceireland.com\/pl\/homestay-ireland\/","og_site_name":"Irish College of English","article_modified_time":"2026-01-30T16:19:58+00:00","og_image":[{"width":424,"height":700,"url":"https:\/\/www.iceireland.com\/wp-content\/uploads\/2019\/09\/3-2.jpg","type":"image\/jpeg"}],"twitter_misc":{"Szacowany czas czytania":"3 minuty"},"schema":{"@context":"https:\/\/schema.org","@graph":[{"@type":"WebPage","@id":"https:\/\/www.iceireland.com\/pl\/homestay-ireland\/","url":"https:\/\/www.iceireland.com\/pl\/homestay-ireland\/","name":"Homestay Ireland - kursy angielskiego z zakwaterowaniem","isPartOf":{"@id":"https:\/\/www.iceireland.com\/pl\/#website"},"primaryImageOfPage":{"@id":"https:\/\/www.iceireland.com\/pl\/homestay-ireland\/#primaryimage"},"image":{"@id":"https:\/\/www.iceireland.com\/pl\/homestay-ireland\/#primaryimage"},"thumbnailUrl":"https:\/\/www.iceireland.com\/wp-content\/uploads\/2019\/09\/3-2-182x300.jpg","datePublished":"2014-10-20T08:44:14+00:00","dateModified":"2026-01-30T16:19:58+00:00","description":"We\u017a udzia\u0142 w kursie j\u0119zyka angielskiego w Irish College of English i do\u015bwiadcz przyjaznego i go\u015bcinnego zakwaterowania u irlandzkiej rodziny goszcz\u0105cej w odleg\u0142o\u015bci spaceru \/ bardzo kr\u00f3tkiej podr\u00f3\u017cy autobusem.","breadcrumb":{"@id":"https:\/\/www.iceireland.com\/pl\/homestay-ireland\/#breadcrumb"},"inLanguage":"pl-PL","potentialAction":[{"@type":"ReadAction","target":["https:\/\/www.iceireland.com\/pl\/homestay-ireland\/"]}]},{"@type":"ImageObject","inLanguage":"pl-PL","@id":"https:\/\/www.iceireland.com\/pl\/homestay-ireland\/#primaryimage","url":"https:\/\/www.iceireland.com\/wp-content\/uploads\/2019\/09\/3-2-182x300.jpg","contentUrl":"https:\/\/www.iceireland.com\/wp-content\/uploads\/2019\/09\/3-2-182x300.jpg"},{"@type":"BreadcrumbList","@id":"https:\/\/www.iceireland.com\/pl\/homestay-ireland\/#breadcrumb","itemListElement":[{"@type":"ListItem","position":1,"name":"Home","item":"https:\/\/www.iceireland.com\/pl\/"},{"@type":"ListItem","position":2,"name":"Home Stay Ireland i zakwaterowanie w domach"}]},{"@type":"WebSite","@id":"https:\/\/www.iceireland.com\/pl\/#website","url":"https:\/\/www.iceireland.com\/pl\/","name":"Irish College of English","description":"English School in Dublin, Malahide","publisher":{"@id":"https:\/\/www.iceireland.com\/pl\/#organization"},"potentialAction":[{"@type":"SearchAction","target":{"@type":"EntryPoint","urlTemplate":"https:\/\/www.iceireland.com\/pl\/?s={search_term_string}"},"query-input":{"@type":"PropertyValueSpecification","valueRequired":true,"valueName":"search_term_string"}}],"inLanguage":"pl-PL"},{"@type":"Organization","@id":"https:\/\/www.iceireland.com\/pl\/#organization","name":"Irish College of English","url":"https:\/\/www.iceireland.com\/pl\/","logo":{"@type":"ImageObject","inLanguage":"pl-PL","@id":"https:\/\/www.iceireland.com\/pl\/#\/schema\/logo\/image\/","url":"https:\/\/www.iceireland.com\/wp-content\/uploads\/2022\/03\/logo.png","contentUrl":"https:\/\/www.iceireland.com\/wp-content\/uploads\/2022\/03\/logo.png","width":593,"height":92,"caption":"Irish College of English"},"image":{"@id":"https:\/\/www.iceireland.com\/pl\/#\/schema\/logo\/image\/"}}]}},"_links":{"self":[{"href":"https:\/\/www.iceireland.com\/pl\/wp-json\/wp\/v2\/pages\/31901","targetHints":{"allow":["GET"]}}],"collection":[{"href":"https:\/\/www.iceireland.com\/pl\/wp-json\/wp\/v2\/pages"}],"about":[{"href":"https:\/\/www.iceireland.com\/pl\/wp-json\/wp\/v2\/types\/page"}],"author":[{"embeddable":true,"href":"https:\/\/www.iceireland.com\/pl\/wp-json\/wp\/v2\/users\/1"}],"replies":[{"embeddable":true,"href":"https:\/\/www.iceireland.com\/pl\/wp-json\/wp\/v2\/comments?post=31901"}],"version-history":[{"count":1,"href":"https:\/\/www.iceireland.com\/pl\/wp-json\/wp\/v2\/pages\/31901\/revisions"}],"predecessor-version":[{"id":31902,"href":"https:\/\/www.iceireland.com\/pl\/wp-json\/wp\/v2\/pages\/31901\/revisions\/31902"}],"wp:attachment":[{"href":"https:\/\/www.iceireland.com\/pl\/wp-json\/wp\/v2\/media?parent=31901"}],"curies":[{"name":"wp","href":"https:\/\/api.w.org\/{rel}","templated":true}]}}