{"id":31926,"date":"2014-10-20T13:40:15","date_gmt":"2014-10-20T13:40:15","guid":{"rendered":"https:\/\/www.iceireland.com\/cultural-and-social-programmes\/"},"modified":"2026-01-30T16:30:41","modified_gmt":"2026-01-30T16:30:41","slug":"cultural-and-social-programmes","status":"publish","type":"page","link":"https:\/\/www.iceireland.com\/pl\/useful-info\/cultural-and-social-programmes\/","title":{"rendered":"Zaj\u0119cia i wydarzenia dla doros\u0142ych, programy kulturalne i spo\u0142eczne"},"content":{"rendered":"<h3>Programy kulturalne i spo\u0142eczne<\/h3>\n<p>W Irish College of English promujemy student\u00f3w prowadz\u0105cych aktywne \u017cycie towarzyskie, mieszaj\u0105cych si\u0119 ze studentami wszystkich narodowo\u015bci i Irlandczykami, a tak\u017ce maj\u0105cych okazj\u0119 zobaczy\u0107 niekt\u00f3re ze s\u0142ynnych kulturowych, historycznych i naturalnych miejsc w Irlandii.<\/p>\n<p>W szkole organizujemy bezp\u0142atne lekcje konwersacji, wycieczki po mie\u015bcie w jeden dzie\u0144 w tygodniu, wieczory w pubie lub imprezy szkolne.<\/p>\n<p>Nasze regularne wycieczki, w kt\u00f3rych mog\u0105 wzi\u0105\u0107 udzia\u0142 studenci, s\u0105 bezp\u0142atne lub studenci p\u0142ac\u0105 tylko za wst\u0119p. Obejmuj\u0105 one orientacj\u0119 w centrum Dublina, wizyty w atrakcjach turystycznych, takich jak Trinity College, Guinness Storehouse, sobotnie wycieczki autokarowe poza Dublin itp. <\/p>\n<p>Mamy r\u00f3wnie\u017c tablic\u0119 og\u0142osze\u0144 z interesuj\u0105cymi wydarzeniami w ca\u0142ym kraju, pomys\u0142ami na weekendowe podr\u00f3\u017ce itp.<\/p>\n<p>Nasi pracownicy zawsze ch\u0119tnie pomagaj\u0105 uczniom w organizacji wycieczek itp. \u015aled\u017a nas w mediach spo\u0142eczno\u015bciowych, aby uzyska\u0107 wi\u0119cej aktualnych wiadomo\u015bci i dzia\u0142a\u0144 spo\u0142eczno\u015bciowych. <\/p>\n<h3>Program spo\u0142eczny dla doros\u0142ych<\/h3>\n<p>W Irish College of English studenci prowadz\u0105 o\u017cywione \u017cycie towarzyskie. Z trzema pubami w odleg\u0142o\u015bci dw\u00f3ch minut spacerem od szko\u0142y, nie jest to trudne! Centrum Dublina oddalone jest o zaledwie 20 minut jazdy poci\u0105giem, wi\u0119c \u0142atwo jest cieszy\u0107 si\u0119 nocami w wielkim mie\u015bcie.  <\/p>\n<p>W szkole panuje przyjazna atmosfera i zawsze \u0142atwo jest nawi\u0105za\u0107 nowe znajomo\u015bci. Chocia\u017c nie mamy zorganizowanego programu towarzyskiego, szko\u0142a ma tablic\u0119 og\u0142osze\u0144 z wydarzeniami i pomys\u0142ami. <\/p>\n<p>W miesi\u0105cach letnich oferujemy cotygodniowe sobotnie wycieczki dla doros\u0142ych student\u00f3w. Wycieczki obejmuj\u0105 Kilkenny, Glendalough i Belfast. <\/p>\n","protected":false},"excerpt":{"rendered":"<p>Programy kulturalne i spo\u0142eczne W Irish College of English promujemy student\u00f3w prowadz\u0105cych aktywne \u017cycie towarzyskie, mieszaj\u0105cych si\u0119 ze studentami wszystkich narodowo\u015bci i Irlandczykami, a tak\u017ce maj\u0105cych okazj\u0119 zobaczy\u0107 niekt\u00f3re ze s\u0142ynnych kulturowych, historycznych i naturalnych miejsc w Irlandii. W szkole organizujemy bezp\u0142atne lekcje konwersacji, wycieczki po mie\u015bcie w jeden dzie\u0144 w tygodniu, wieczory w pubie [&hellip;]<\/p>\n","protected":false},"author":1,"featured_media":0,"parent":32207,"menu_order":0,"comment_status":"open","ping_status":"open","template":"","meta":{"content-type":"","footnotes":""},"class_list":["post-31926","page","type-page","status-publish","hentry"],"yoast_head":"<!-- This site is optimized with the Yoast SEO plugin v27.3 - https:\/\/yoast.com\/product\/yoast-seo-wordpress\/ -->\n<title>Zaj\u0119cia i wydarzenia dla doros\u0142ych, programy kulturalne i spo\u0142eczne - Irish College of English<\/title>\n<meta name=\"description\" content=\"W Irish College of English promujemy student\u00f3w prowadz\u0105cych aktywne \u017cycie towarzyskie, mieszaj\u0105cych si\u0119 ze studentami wszystkich narodowo\u015bci i Irlandczykami, a tak\u017ce maj\u0105cych okazj\u0119 zobaczy\u0107 niekt\u00f3re z Irlandii\" \/>\n<meta name=\"robots\" content=\"index, follow, max-snippet:-1, max-image-preview:large, max-video-preview:-1\" \/>\n<link rel=\"canonical\" href=\"https:\/\/www.iceireland.com\/pl\/useful-info\/cultural-and-social-programmes\/\" \/>\n<meta property=\"og:locale\" content=\"pl_PL\" \/>\n<meta property=\"og:type\" content=\"article\" \/>\n<meta property=\"og:title\" content=\"Zaj\u0119cia i wydarzenia dla doros\u0142ych, programy kulturalne i spo\u0142eczne - Irish College of English\" \/>\n<meta property=\"og:description\" content=\"W Irish College of English promujemy student\u00f3w prowadz\u0105cych aktywne \u017cycie towarzyskie, mieszaj\u0105cych si\u0119 ze studentami wszystkich narodowo\u015bci i Irlandczykami, a tak\u017ce maj\u0105cych okazj\u0119 zobaczy\u0107 niekt\u00f3re z Irlandii\" \/>\n<meta property=\"og:url\" content=\"https:\/\/www.iceireland.com\/pl\/useful-info\/cultural-and-social-programmes\/\" \/>\n<meta property=\"og:site_name\" content=\"Irish College of English\" \/>\n<meta property=\"article:modified_time\" content=\"2026-01-30T16:30:41+00:00\" \/>\n<meta name=\"twitter:label1\" content=\"Szacowany czas czytania\" \/>\n\t<meta name=\"twitter:data1\" content=\"1 minuta\" \/>\n<script type=\"application\/ld+json\" class=\"yoast-schema-graph\">{\"@context\":\"https:\\\/\\\/schema.org\",\"@graph\":[{\"@type\":\"WebPage\",\"@id\":\"https:\\\/\\\/www.iceireland.com\\\/pl\\\/useful-info\\\/cultural-and-social-programmes\\\/\",\"url\":\"https:\\\/\\\/www.iceireland.com\\\/pl\\\/useful-info\\\/cultural-and-social-programmes\\\/\",\"name\":\"Zaj\u0119cia i wydarzenia dla doros\u0142ych, programy kulturalne i spo\u0142eczne - Irish College of English\",\"isPartOf\":{\"@id\":\"https:\\\/\\\/www.iceireland.com\\\/pl\\\/#website\"},\"datePublished\":\"2014-10-20T13:40:15+00:00\",\"dateModified\":\"2026-01-30T16:30:41+00:00\",\"description\":\"W Irish College of English promujemy student\u00f3w prowadz\u0105cych aktywne \u017cycie towarzyskie, mieszaj\u0105cych si\u0119 ze studentami wszystkich narodowo\u015bci i Irlandczykami, a tak\u017ce maj\u0105cych okazj\u0119 zobaczy\u0107 niekt\u00f3re z Irlandii\",\"breadcrumb\":{\"@id\":\"https:\\\/\\\/www.iceireland.com\\\/pl\\\/useful-info\\\/cultural-and-social-programmes\\\/#breadcrumb\"},\"inLanguage\":\"pl-PL\",\"potentialAction\":[{\"@type\":\"ReadAction\",\"target\":[\"https:\\\/\\\/www.iceireland.com\\\/pl\\\/useful-info\\\/cultural-and-social-programmes\\\/\"]}]},{\"@type\":\"BreadcrumbList\",\"@id\":\"https:\\\/\\\/www.iceireland.com\\\/pl\\\/useful-info\\\/cultural-and-social-programmes\\\/#breadcrumb\",\"itemListElement\":[{\"@type\":\"ListItem\",\"position\":1,\"name\":\"Home\",\"item\":\"https:\\\/\\\/www.iceireland.com\\\/pl\\\/\"},{\"@type\":\"ListItem\",\"position\":2,\"name\":\"Przydatne informacje\",\"item\":\"https:\\\/\\\/www.iceireland.com\\\/pl\\\/useful-info\\\/\"},{\"@type\":\"ListItem\",\"position\":3,\"name\":\"Zaj\u0119cia i wydarzenia dla doros\u0142ych, programy kulturalne i spo\u0142eczne\"}]},{\"@type\":\"WebSite\",\"@id\":\"https:\\\/\\\/www.iceireland.com\\\/pl\\\/#website\",\"url\":\"https:\\\/\\\/www.iceireland.com\\\/pl\\\/\",\"name\":\"Irish College of English\",\"description\":\"English School in Dublin, Malahide\",\"publisher\":{\"@id\":\"https:\\\/\\\/www.iceireland.com\\\/pl\\\/#organization\"},\"potentialAction\":[{\"@type\":\"SearchAction\",\"target\":{\"@type\":\"EntryPoint\",\"urlTemplate\":\"https:\\\/\\\/www.iceireland.com\\\/pl\\\/?s={search_term_string}\"},\"query-input\":{\"@type\":\"PropertyValueSpecification\",\"valueRequired\":true,\"valueName\":\"search_term_string\"}}],\"inLanguage\":\"pl-PL\"},{\"@type\":\"Organization\",\"@id\":\"https:\\\/\\\/www.iceireland.com\\\/pl\\\/#organization\",\"name\":\"Irish College of English\",\"url\":\"https:\\\/\\\/www.iceireland.com\\\/pl\\\/\",\"logo\":{\"@type\":\"ImageObject\",\"inLanguage\":\"pl-PL\",\"@id\":\"https:\\\/\\\/www.iceireland.com\\\/pl\\\/#\\\/schema\\\/logo\\\/image\\\/\",\"url\":\"https:\\\/\\\/www.iceireland.com\\\/wp-content\\\/uploads\\\/2022\\\/03\\\/logo.png\",\"contentUrl\":\"https:\\\/\\\/www.iceireland.com\\\/wp-content\\\/uploads\\\/2022\\\/03\\\/logo.png\",\"width\":593,\"height\":92,\"caption\":\"Irish College of English\"},\"image\":{\"@id\":\"https:\\\/\\\/www.iceireland.com\\\/pl\\\/#\\\/schema\\\/logo\\\/image\\\/\"}}]}<\/script>\n<!-- \/ Yoast SEO plugin. -->","yoast_head_json":{"title":"Zaj\u0119cia i wydarzenia dla doros\u0142ych, programy kulturalne i spo\u0142eczne - Irish College of English","description":"W Irish College of English promujemy student\u00f3w prowadz\u0105cych aktywne \u017cycie towarzyskie, mieszaj\u0105cych si\u0119 ze studentami wszystkich narodowo\u015bci i Irlandczykami, a tak\u017ce maj\u0105cych okazj\u0119 zobaczy\u0107 niekt\u00f3re z Irlandii","robots":{"index":"index","follow":"follow","max-snippet":"max-snippet:-1","max-image-preview":"max-image-preview:large","max-video-preview":"max-video-preview:-1"},"canonical":"https:\/\/www.iceireland.com\/pl\/useful-info\/cultural-and-social-programmes\/","og_locale":"pl_PL","og_type":"article","og_title":"Zaj\u0119cia i wydarzenia dla doros\u0142ych, programy kulturalne i spo\u0142eczne - Irish College of English","og_description":"W Irish College of English promujemy student\u00f3w prowadz\u0105cych aktywne \u017cycie towarzyskie, mieszaj\u0105cych si\u0119 ze studentami wszystkich narodowo\u015bci i Irlandczykami, a tak\u017ce maj\u0105cych okazj\u0119 zobaczy\u0107 niekt\u00f3re z Irlandii","og_url":"https:\/\/www.iceireland.com\/pl\/useful-info\/cultural-and-social-programmes\/","og_site_name":"Irish College of English","article_modified_time":"2026-01-30T16:30:41+00:00","twitter_misc":{"Szacowany czas czytania":"1 minuta"},"schema":{"@context":"https:\/\/schema.org","@graph":[{"@type":"WebPage","@id":"https:\/\/www.iceireland.com\/pl\/useful-info\/cultural-and-social-programmes\/","url":"https:\/\/www.iceireland.com\/pl\/useful-info\/cultural-and-social-programmes\/","name":"Zaj\u0119cia i wydarzenia dla doros\u0142ych, programy kulturalne i spo\u0142eczne - Irish College of English","isPartOf":{"@id":"https:\/\/www.iceireland.com\/pl\/#website"},"datePublished":"2014-10-20T13:40:15+00:00","dateModified":"2026-01-30T16:30:41+00:00","description":"W Irish College of English promujemy student\u00f3w prowadz\u0105cych aktywne \u017cycie towarzyskie, mieszaj\u0105cych si\u0119 ze studentami wszystkich narodowo\u015bci i Irlandczykami, a tak\u017ce maj\u0105cych okazj\u0119 zobaczy\u0107 niekt\u00f3re z Irlandii","breadcrumb":{"@id":"https:\/\/www.iceireland.com\/pl\/useful-info\/cultural-and-social-programmes\/#breadcrumb"},"inLanguage":"pl-PL","potentialAction":[{"@type":"ReadAction","target":["https:\/\/www.iceireland.com\/pl\/useful-info\/cultural-and-social-programmes\/"]}]},{"@type":"BreadcrumbList","@id":"https:\/\/www.iceireland.com\/pl\/useful-info\/cultural-and-social-programmes\/#breadcrumb","itemListElement":[{"@type":"ListItem","position":1,"name":"Home","item":"https:\/\/www.iceireland.com\/pl\/"},{"@type":"ListItem","position":2,"name":"Przydatne informacje","item":"https:\/\/www.iceireland.com\/pl\/useful-info\/"},{"@type":"ListItem","position":3,"name":"Zaj\u0119cia i wydarzenia dla doros\u0142ych, programy kulturalne i spo\u0142eczne"}]},{"@type":"WebSite","@id":"https:\/\/www.iceireland.com\/pl\/#website","url":"https:\/\/www.iceireland.com\/pl\/","name":"Irish College of English","description":"English School in Dublin, Malahide","publisher":{"@id":"https:\/\/www.iceireland.com\/pl\/#organization"},"potentialAction":[{"@type":"SearchAction","target":{"@type":"EntryPoint","urlTemplate":"https:\/\/www.iceireland.com\/pl\/?s={search_term_string}"},"query-input":{"@type":"PropertyValueSpecification","valueRequired":true,"valueName":"search_term_string"}}],"inLanguage":"pl-PL"},{"@type":"Organization","@id":"https:\/\/www.iceireland.com\/pl\/#organization","name":"Irish College of English","url":"https:\/\/www.iceireland.com\/pl\/","logo":{"@type":"ImageObject","inLanguage":"pl-PL","@id":"https:\/\/www.iceireland.com\/pl\/#\/schema\/logo\/image\/","url":"https:\/\/www.iceireland.com\/wp-content\/uploads\/2022\/03\/logo.png","contentUrl":"https:\/\/www.iceireland.com\/wp-content\/uploads\/2022\/03\/logo.png","width":593,"height":92,"caption":"Irish College of English"},"image":{"@id":"https:\/\/www.iceireland.com\/pl\/#\/schema\/logo\/image\/"}}]}},"_links":{"self":[{"href":"https:\/\/www.iceireland.com\/pl\/wp-json\/wp\/v2\/pages\/31926","targetHints":{"allow":["GET"]}}],"collection":[{"href":"https:\/\/www.iceireland.com\/pl\/wp-json\/wp\/v2\/pages"}],"about":[{"href":"https:\/\/www.iceireland.com\/pl\/wp-json\/wp\/v2\/types\/page"}],"author":[{"embeddable":true,"href":"https:\/\/www.iceireland.com\/pl\/wp-json\/wp\/v2\/users\/1"}],"replies":[{"embeddable":true,"href":"https:\/\/www.iceireland.com\/pl\/wp-json\/wp\/v2\/comments?post=31926"}],"version-history":[{"count":1,"href":"https:\/\/www.iceireland.com\/pl\/wp-json\/wp\/v2\/pages\/31926\/revisions"}],"predecessor-version":[{"id":31927,"href":"https:\/\/www.iceireland.com\/pl\/wp-json\/wp\/v2\/pages\/31926\/revisions\/31927"}],"up":[{"embeddable":true,"href":"https:\/\/www.iceireland.com\/pl\/wp-json\/wp\/v2\/pages\/32207"}],"wp:attachment":[{"href":"https:\/\/www.iceireland.com\/pl\/wp-json\/wp\/v2\/media?parent=31926"}],"curies":[{"name":"wp","href":"https:\/\/api.w.org\/{rel}","templated":true}]}}