{"id":32067,"date":"2020-02-11T15:56:52","date_gmt":"2020-02-11T15:56:52","guid":{"rendered":"https:\/\/www.iceireland.com\/terms-and-conditions\/"},"modified":"2026-01-30T16:24:59","modified_gmt":"2026-01-30T16:24:59","slug":"terms-and-conditions","status":"publish","type":"page","link":"https:\/\/www.iceireland.com\/pl\/terms-and-conditions\/","title":{"rendered":"Zasady i warunki"},"content":{"rendered":"\t\t<div data-elementor-type=\"wp-page\" data-elementor-id=\"32067\" class=\"elementor elementor-32067 elementor-6985\" data-elementor-post-type=\"page\">\n\t\t\t\t\t\t<section class=\"elementor-section elementor-top-section elementor-element elementor-element-3c0a1b6 elementor-section-boxed elementor-section-height-default elementor-section-height-default\" data-id=\"3c0a1b6\" data-element_type=\"section\" data-e-type=\"section\">\n\t\t\t\t\t\t<div class=\"elementor-container elementor-column-gap-default\">\n\t\t\t\t\t<div class=\"elementor-column elementor-col-100 elementor-top-column elementor-element elementor-element-3cd70ad\" data-id=\"3cd70ad\" data-element_type=\"column\" data-e-type=\"column\">\n\t\t\t<div class=\"elementor-widget-wrap elementor-element-populated\">\n\t\t\t\t\t\t<div class=\"elementor-element elementor-element-8110a42 elementor-widget elementor-widget-text-editor\" data-id=\"8110a42\" data-element_type=\"widget\" data-e-type=\"widget\" data-widget_type=\"text-editor.default\">\n\t\t\t\t<div class=\"elementor-widget-container\">\n\t\t\t\t\t\t\t\t\t<h1>Regulamin<\/h1>\t\t\t\t\t\t\t\t<\/div>\n\t\t\t\t<\/div>\n\t\t\t\t\t<\/div>\n\t\t<\/div>\n\t\t\t\t\t<\/div>\n\t\t<\/section>\n\t\t\t\t<section class=\"elementor-section elementor-top-section elementor-element elementor-element-73497784 elementor-section-boxed elementor-section-height-default elementor-section-height-default\" data-id=\"73497784\" data-element_type=\"section\" data-e-type=\"section\">\n\t\t\t\t\t\t<div class=\"elementor-container elementor-column-gap-default\">\n\t\t\t\t\t<div class=\"elementor-column elementor-col-100 elementor-top-column elementor-element elementor-element-66b1651e\" data-id=\"66b1651e\" data-element_type=\"column\" data-e-type=\"column\">\n\t\t\t<div class=\"elementor-widget-wrap elementor-element-populated\">\n\t\t\t\t\t\t<div class=\"elementor-element elementor-element-24b70953 elementor-widget elementor-widget-text-editor\" data-id=\"24b70953\" data-element_type=\"widget\" data-e-type=\"widget\" data-widget_type=\"text-editor.default\">\n\t\t\t\t<div class=\"elementor-widget-container\">\n\t\t\t\t\t\t\t\t\t<ol><li>Zasady anulowania i zwrotu koszt\u00f3w: Nasza &#8222;Gwarancja pewnej rezerwacji&#8221; ma na celu zapewnienie elastyczno\u015bci przy jednoczesnym zapewnieniu najlepszej obs\u0142ugi wszystkim studentom. Zdecydowanie zalecamy uczniom\/rodzicom\/opiekunom\/organizatorom grup wykupienie ubezpieczenia podr\u00f3\u017cnego w celu ochrony przed nieoczekiwanymi zmianami plan\u00f3w podr\u00f3\u017cy. <\/li><\/ol><p> <\/p><ul><li>Anulowanie rezerwacji na 7 lub wi\u0119cej dni przed przyjazdem &#8211; pe\u0142ny zwrot koszt\u00f3w<\/li><li>Anulowanie rezerwacji na 3-6 dni przed przyjazdem &#8211; zwrot 50% ca\u0142kowitej kwoty rezerwacji<\/li><li>Anulowanie rezerwacji 1-2 dni przed przyjazdem &#8211; brak zwrotu koszt\u00f3w<\/li><\/ul><p>         <\/p><p>  Wa\u017cne uwagi:<\/p><p>  Wszystkie anulacje musz\u0105 by\u0107 dokonane na pi\u015bmie na adres <a href=\"mailto:info@iceireland.com\">info@iceireland.com<\/a> i potwierdzone przez College.<\/p><ul><li>Zwroty zostan\u0105 przetworzone w ci\u0105gu 7-10 dni roboczych od potwierdzenia anulowania.<\/li><li>W przypadku niestawienia si\u0119 na kurs lub wcze\u015bniejszego opuszczenia kursu nie przys\u0142uguje zwrot koszt\u00f3w.<\/li><li>&#8222;Przyjazd&#8221; dla cel\u00f3w naszej polityki zwrot\u00f3w to 10 rano w dniu przyjazdu bez wzgl\u0119du na rzeczywisty czas przyjazdu.<\/li><\/ul><p> <\/p><ol start=\"2\"><li>Rekrutacja: Nasz proces rekrutacji zosta\u0142 zaprojektowany tak, aby by\u0142 inkluzywny i przejrzysty, przestrzegaj\u0105c jasnych kryteri\u00f3w zar\u00f3wno dla m\u0142odszych, jak i doros\u0142ych uczni\u00f3w, zapewniaj\u0105c r\u00f3wne szanse wszystkim kandydatom. Informacje o naszych programach i procedurach rekrutacyjnych s\u0105 przekazywane w spos\u00f3b jasny i \u0142atwo dost\u0119pne dla potencjalnych uczni\u00f3w, zapewniaj\u0105c przejrzysto\u015b\u0107 i dost\u0119pno\u015b\u0107. <\/li><\/ol><ul><li>Informacje na temat naszych kurs\u00f3w s\u0105 dost\u0119pne na naszej stronie internetowej, a tak\u017ce w naszym zespole ds. zapis\u00f3w.<\/li><li>Uczniowie\/rodzice\/opiekunowie lub organizatorzy grup mog\u0105 sk\u0142ada\u0107 wnioski online za po\u015brednictwem naszego systemu rezerwacji lub formularza zapytania grupowego.<\/li><li>Czekamy r\u00f3wnie\u017c na bezpo\u015brednie zapytania i kontakt mailowy, telefoniczny lub osobisty w naszej szkole w Malahide<\/li><li>Zapewniamy kompleksowe informacje przed dokonaniem rezerwacji, w tym broszury, formularze rezerwacji i dodatkowe informacje.<\/li><li>Wsparcie dla zr\u00f3\u017cnicowanych uczni\u00f3w: Zobowi\u0105zujemy si\u0119 do zapewnienia uczniom rozs\u0105dnych udogodnie\u0144 i us\u0142ug wsparcia oraz b\u0119dziemy ocenia\u0107 indywidualnie dla ka\u017cdego przypadku, jakie dodatkowe potrzeby mo\u017cemy wspiera\u0107 w ramach naszych program\u00f3w. Nasza Polityka dotycz\u0105ca alergii, warunk\u00f3w medycznych i dodatkowych potrzeb jest dost\u0119pna do wgl\u0105du na naszej stronie internetowej w Podr\u0119czniku QA dla wszystkich zainteresowanych stron. <\/li><\/ul><p> <\/p><ol start=\"3\"><li>Transfery: Nale\u017cy jak najszybciej poinformowa\u0107 Irish College of English o numerze lotu, dacie i godzinie przylotu, aby umo\u017cliwi\u0107 nam zorganizowanie odbioru na lotnisku. W przypadku op\u00f3\u017anienia\/odwo\u0142ania lot\u00f3w nale\u017cy niezw\u0142ocznie poinformowa\u0107 o tym uczelni\u0119, aby umo\u017cliwi\u0107 nam zmian\u0119 harmonogramu transfer\u00f3w. Je\u015bli nie b\u0119dziemy w stanie zmieni\u0107 harmonogramu transfer\u00f3w z powodu braku powiadomienia, studenci b\u0119d\u0105 zobowi\u0105zani do zorganizowania i op\u0142acenia w\u0142asnego transportu do miejsca zamieszkania. <\/li><\/ol><p> <\/p><ol start=\"4\"><li>Potrzeba dodatkowych transfer\u00f3w lub zakwaterowania. Je\u015bli z jakiegokolwiek powodu ucze\u0144 nie mo\u017ce wej\u015b\u0107 na pok\u0142ad samolotu, z przyjemno\u015bci\u0105 zapewniamy wsparcie i u\u0142atwiamy zakwaterowanie i transfery, je\u015bli to mo\u017cliwe. Uczniowie lub rodzice\/organizatorzy jako opiekunowie mog\u0105 zdecydowa\u0107, czy chc\u0105 skorzysta\u0107 z tych us\u0142ug, op\u0142aty b\u0119d\u0105 naszymi bezpo\u015brednimi kosztami.  <\/li><\/ol><p> <\/p><ol start=\"5\"><li>Zalecamy wszystkim klientom wykupienie pe\u0142nego ubezpieczenia osobowego i medycznego przed przyjazdem, poniewa\u017c ICE nie ponosi odpowiedzialno\u015bci w przypadku choroby, kradzie\u017cy, wypadku, uszkodzenia lub utraty rzeczy osobistych. Wszyscy klienci z kraj\u00f3w UE powinni posiada\u0107 Europejsk\u0105 Kart\u0119 Ubezpieczenia Zdrowotnego. Studenci spoza UE musz\u0105 wykupi\u0107 prywatne ubezpieczenie medyczne. Studenci\/rodzice s\u0105 odpowiedzialni za wszystkie koszty medyczne i powi\u0105zane poniesione podczas ich pobytu. Przed przyjazdem nale\u017cy podpisa\u0107 grupowe\/indywidualne zrzeczenie si\u0119 odpowiedzialno\u015bci.    <\/li><\/ol><p> <\/p><ol start=\"6\"><li>Nie ponosimy odpowiedzialno\u015bci za koszty poniesione w zwi\u0105zku z op\u00f3\u017anieniem\/odwo\u0142aniem lotu, np. koszty zakwaterowania itp.<\/li><\/ol><p> <\/p><ol start=\"7\"><li>ICE zastrzega sobie prawo do wydalenia uczni\u00f3w, kt\u00f3rzy nie przestrzegaj\u0105 zasad naszej szko\u0142y lub bior\u0105 udzia\u0142 w dzia\u0142aniach, kt\u00f3re ICE uzna za niedopuszczalne. W takiej sytuacji agenci\/rodzice s\u0105 odpowiedzialni za zorganizowanie zakwaterowania \/ zmian\u0119 harmonogramu lot\u00f3w do domu itp. Zwroty koszt\u00f3w nie b\u0119d\u0105 przyznawane.  <\/li><\/ol><p> <\/p><ol start=\"8\"><li>Rejestracja ka\u017cdego uczestnika zostanie potwierdzona dopiero po otrzymaniu wype\u0142nionych formularzy rejestracyjnych i uiszczeniu pe\u0142nej op\u0142aty.<\/li><\/ol><p> <\/p><ol start=\"9\"><li>W przypadku uszkodzenia\/kradzie\u017cy mienia gospodarza lub szko\u0142y\/rezydencji lub jakiegokolwiek innego mienia spowodowanego przez ucznia, ucze\u0144 ten (w przypadku gdy ucze\u0144 jest niepe\u0142noletni, rodzice ucznia) b\u0119dzie odpowiedzialny za koszty wszelkich takich szk\u00f3d, a p\u0142atno\u015b\u0107 powinna by\u0107 natychmiastowa.<\/li><\/ol><p> <\/p><ol start=\"10\"><li>ICE zastrzega sobie prawo do anulowania ustale\u0144, je\u015bli warunki rezerwacji nie zostan\u0105 spe\u0142nione.<\/li><\/ol><p> <\/p><ol start=\"11\"><li>ICE zastrzega sobie prawo do anulowania program\u00f3w w przypadku niewystarczaj\u0105cej liczby uczestnik\u00f3w lub gdy z jakiegokolwiek powodu program nie mo\u017ce zosta\u0107 uruchomiony. Je\u015bli program zostanie odwo\u0142any, przeniesiemy rezerwacje uczni\u00f3w do alternatywnego programu w tych samych terminach. Je\u015bli uczestnik zechce anulowa\u0107 rezerwacj\u0119 w takich okoliczno\u015bciach, zastosowanie b\u0119d\u0105 mia\u0142y nasze normalne zasady zwrotu koszt\u00f3w. Je\u015bli alternatywny program nie b\u0119dzie dost\u0119pny, ICE dokona zwrotu pieni\u0119dzy \/ zaliczy kurs, nie zostanie wyp\u0142acona \u017cadna inna rekompensata.   <\/li><\/ol><p> <\/p><ol start=\"12\"><li>ICE musi zosta\u0107 poinformowana o wszelkich problemach zdrowotnych, dodatkowych potrzebach lub szczeg\u00f3lnych wymaganiach dietetycznych przed dokonaniem rezerwacji, a potwierdzenie rezerwacji b\u0119dzie zgodne z nasz\u0105 Polityk\u0105 dotycz\u0105c\u0105 alergii, warunk\u00f3w medycznych i dodatkowych potrzeb.<\/li><\/ol><p> <\/p><ol start=\"13\"><li>Je\u015bli z jakiegokolwiek powodu uznanego przez ICE za mo\u017cliwy do zaakceptowania ucze\u0144 nie mo\u017ce zosta\u0107 zakwaterowany w domu lub w naszych rezydencjach, obowi\u0105zkiem agenta\/rodzic\u00f3w jest znalezienie odpowiedniego zakwaterowania dla ucznia. ICE zwr\u00f3ci agentowi\/rodzicom wszelkie niewykorzystane op\u0142aty za zakwaterowanie. Przyk\u0142adami takich sytuacji mog\u0105 by\u0107: niedopuszczalne zachowanie ucznia, problem medyczny, do kt\u00f3rego rodzina nie jest w stanie si\u0119 dostosowa\u0107, choroba zaka\u017ana itp.  <\/li><\/ol><p> <\/p><ol start=\"14\"><li>Studenci, kt\u00f3rzy zmieniaj\u0105 kurs na inny o mniejszej liczbie godzin\/warto\u015bci\/programie itp. nie otrzymuj\u0105 zwrotu koszt\u00f3w. Nie ma zwrotu op\u0142at za dni opuszczone podczas kursu, za p\u00f3\u017any przyjazd lub wcze\u015bniejszy wyjazd lub za \u015bwi\u0119ta pa\u0144stwowe. <\/li><\/ol><p> <\/p><ol start=\"15\"><li>Studenci wymagaj\u0105cy wizy &#8211; ICE wyda list akceptacyjny po otrzymaniu pe\u0142nych informacji o rezerwacji i op\u0142atach za program. Je\u015bli student nie otrzyma wizy, zwr\u00f3cimy wszystkie uiszczone op\u0142aty, z wyj\u0105tkiem 200 euro, kt\u00f3re zatrzymamy jako op\u0142at\u0119 administracyjn\u0105. W takich okoliczno\u015bciach obowi\u0105zkiem studenta\/rodzica\/opiekuna jest przes\u0142anie ICE o\u015bwiadczenia od odpowiedniego konsultanta\/ambasady, \u017ce wiza nie zosta\u0142a wydana, przed dokonaniem zwrotu. Gdy studenci skorzystaj\u0105 z naszego listu akceptacyjnego, aby wjecha\u0107 do Irlandii, musz\u0105 ucz\u0119szcza\u0107 na zaj\u0119cia, a wszystkie op\u0142aty nie podlegaj\u0105 zwrotowi.   <\/li><\/ol><p> <\/p><ol start=\"16\"><li>Wszyscy uczniowie w wieku poni\u017cej 18 lat bior\u0105cy udzia\u0142 w kursie online musz\u0105 by\u0107 przez ca\u0142y czas pod nadzorem osoby doros\u0142ej, aby zapewni\u0107 im bezpiecze\u0144stwo w Internecie.<\/li><\/ol><p> <\/p><ol start=\"17\"><li>W przypadku wyst\u0105pienia Si\u0142y Wy\u017cszej, powy\u017csze warunki mog\u0105 nie by\u0107 mo\u017cliwe do spe\u0142nienia, jednak do\u0142o\u017cymy wszelkich stara\u0144, aby wznowi\u0107 nasz\u0105 normaln\u0105 dzia\u0142alno\u015b\u0107, warunki i zasady. Kursy mog\u0105 zosta\u0107 prze\u0142o\u017cone, w takim przypadku zostanie zastosowany pe\u0142ny kredyt lub zwrot pieni\u0119dzy, a kurs mo\u017ce zosta\u0107 ponownie zorganizowany w p\u00f3\u017aniejszym terminie. \u017badna inna rekompensata nie b\u0119dzie mia\u0142a zastosowania.  <\/li><\/ol>\t\t\t\t\t\t\t\t<\/div>\n\t\t\t\t<\/div>\n\t\t\t\t\t<\/div>\n\t\t<\/div>\n\t\t\t\t\t<\/div>\n\t\t<\/section>\n\t\t\t\t<section class=\"elementor-section elementor-top-section elementor-element elementor-element-a14887b elementor-section-boxed elementor-section-height-default elementor-section-height-default\" data-id=\"a14887b\" data-element_type=\"section\" data-e-type=\"section\">\n\t\t\t\t\t\t<div class=\"elementor-container elementor-column-gap-default\">\n\t\t\t\t\t<div class=\"elementor-column elementor-col-100 elementor-top-column elementor-element elementor-element-fe4e607\" data-id=\"fe4e607\" data-element_type=\"column\" data-e-type=\"column\">\n\t\t\t<div class=\"elementor-widget-wrap elementor-element-populated\">\n\t\t\t\t\t\t<div class=\"elementor-element elementor-element-72e3c6c elementor-widget elementor-widget-spacer\" data-id=\"72e3c6c\" data-element_type=\"widget\" data-e-type=\"widget\" data-widget_type=\"spacer.default\">\n\t\t\t\t<div class=\"elementor-widget-container\">\n\t\t\t\t\t\t\t<div class=\"elementor-spacer\">\n\t\t\t<div class=\"elementor-spacer-inner\"><\/div>\n\t\t<\/div>\n\t\t\t\t\t\t<\/div>\n\t\t\t\t<\/div>\n\t\t\t\t\t<\/div>\n\t\t<\/div>\n\t\t\t\t\t<\/div>\n\t\t<\/section>\n\t\t\t\t<\/div>\n\t\t","protected":false},"excerpt":{"rendered":"<p>Regulamin Zasady anulowania i zwrotu koszt\u00f3w: Nasza &#8222;Gwarancja pewnej rezerwacji&#8221; ma na celu zapewnienie elastyczno\u015bci przy jednoczesnym zapewnieniu najlepszej obs\u0142ugi wszystkim studentom. Zdecydowanie zalecamy uczniom\/rodzicom\/opiekunom\/organizatorom grup wykupienie ubezpieczenia podr\u00f3\u017cnego w celu ochrony przed nieoczekiwanymi zmianami plan\u00f3w podr\u00f3\u017cy. Anulowanie rezerwacji na 7 lub wi\u0119cej dni przed przyjazdem &#8211; pe\u0142ny zwrot koszt\u00f3w Anulowanie rezerwacji na 3-6 dni [&hellip;]<\/p>\n","protected":false},"author":3,"featured_media":0,"parent":0,"menu_order":0,"comment_status":"closed","ping_status":"closed","template":"","meta":{"content-type":"","footnotes":""},"class_list":["post-32067","page","type-page","status-publish","hentry"],"yoast_head":"<!-- This site is optimized with the Yoast SEO plugin v27.3 - https:\/\/yoast.com\/product\/yoast-seo-wordpress\/ -->\n<title>Zasady i warunki - Irish College of English<\/title>\n<meta name=\"robots\" content=\"index, follow, max-snippet:-1, max-image-preview:large, max-video-preview:-1\" \/>\n<link rel=\"canonical\" href=\"https:\/\/www.iceireland.com\/pl\/terms-and-conditions\/\" \/>\n<meta property=\"og:locale\" content=\"pl_PL\" \/>\n<meta property=\"og:type\" content=\"article\" \/>\n<meta property=\"og:title\" content=\"Zasady i warunki - Irish College of English\" \/>\n<meta property=\"og:description\" content=\"Regulamin Zasady anulowania i zwrotu koszt\u00f3w: Nasza &#8222;Gwarancja pewnej rezerwacji&#8221; ma na celu zapewnienie elastyczno\u015bci przy jednoczesnym zapewnieniu najlepszej obs\u0142ugi wszystkim studentom. Zdecydowanie zalecamy uczniom\/rodzicom\/opiekunom\/organizatorom grup wykupienie ubezpieczenia podr\u00f3\u017cnego w celu ochrony przed nieoczekiwanymi zmianami plan\u00f3w podr\u00f3\u017cy. Anulowanie rezerwacji na 7 lub wi\u0119cej dni przed przyjazdem &#8211; pe\u0142ny zwrot koszt\u00f3w Anulowanie rezerwacji na 3-6 dni [&hellip;]\" \/>\n<meta property=\"og:url\" content=\"https:\/\/www.iceireland.com\/pl\/terms-and-conditions\/\" \/>\n<meta property=\"og:site_name\" content=\"Irish College of English\" \/>\n<meta property=\"article:modified_time\" content=\"2026-01-30T16:24:59+00:00\" \/>\n<meta name=\"twitter:label1\" content=\"Szacowany czas czytania\" \/>\n\t<meta name=\"twitter:data1\" content=\"6 minut\" \/>\n<script type=\"application\/ld+json\" class=\"yoast-schema-graph\">{\"@context\":\"https:\\\/\\\/schema.org\",\"@graph\":[{\"@type\":\"WebPage\",\"@id\":\"https:\\\/\\\/www.iceireland.com\\\/pl\\\/terms-and-conditions\\\/\",\"url\":\"https:\\\/\\\/www.iceireland.com\\\/pl\\\/terms-and-conditions\\\/\",\"name\":\"Zasady i warunki - Irish College of English\",\"isPartOf\":{\"@id\":\"https:\\\/\\\/www.iceireland.com\\\/pl\\\/#website\"},\"datePublished\":\"2020-02-11T15:56:52+00:00\",\"dateModified\":\"2026-01-30T16:24:59+00:00\",\"breadcrumb\":{\"@id\":\"https:\\\/\\\/www.iceireland.com\\\/pl\\\/terms-and-conditions\\\/#breadcrumb\"},\"inLanguage\":\"pl-PL\",\"potentialAction\":[{\"@type\":\"ReadAction\",\"target\":[\"https:\\\/\\\/www.iceireland.com\\\/pl\\\/terms-and-conditions\\\/\"]}]},{\"@type\":\"BreadcrumbList\",\"@id\":\"https:\\\/\\\/www.iceireland.com\\\/pl\\\/terms-and-conditions\\\/#breadcrumb\",\"itemListElement\":[{\"@type\":\"ListItem\",\"position\":1,\"name\":\"Home\",\"item\":\"https:\\\/\\\/www.iceireland.com\\\/pl\\\/\"},{\"@type\":\"ListItem\",\"position\":2,\"name\":\"Zasady i warunki\"}]},{\"@type\":\"WebSite\",\"@id\":\"https:\\\/\\\/www.iceireland.com\\\/pl\\\/#website\",\"url\":\"https:\\\/\\\/www.iceireland.com\\\/pl\\\/\",\"name\":\"Irish College of English\",\"description\":\"English School in Dublin, Malahide\",\"publisher\":{\"@id\":\"https:\\\/\\\/www.iceireland.com\\\/pl\\\/#organization\"},\"potentialAction\":[{\"@type\":\"SearchAction\",\"target\":{\"@type\":\"EntryPoint\",\"urlTemplate\":\"https:\\\/\\\/www.iceireland.com\\\/pl\\\/?s={search_term_string}\"},\"query-input\":{\"@type\":\"PropertyValueSpecification\",\"valueRequired\":true,\"valueName\":\"search_term_string\"}}],\"inLanguage\":\"pl-PL\"},{\"@type\":\"Organization\",\"@id\":\"https:\\\/\\\/www.iceireland.com\\\/pl\\\/#organization\",\"name\":\"Irish College of English\",\"url\":\"https:\\\/\\\/www.iceireland.com\\\/pl\\\/\",\"logo\":{\"@type\":\"ImageObject\",\"inLanguage\":\"pl-PL\",\"@id\":\"https:\\\/\\\/www.iceireland.com\\\/pl\\\/#\\\/schema\\\/logo\\\/image\\\/\",\"url\":\"https:\\\/\\\/www.iceireland.com\\\/wp-content\\\/uploads\\\/2022\\\/03\\\/logo.png\",\"contentUrl\":\"https:\\\/\\\/www.iceireland.com\\\/wp-content\\\/uploads\\\/2022\\\/03\\\/logo.png\",\"width\":593,\"height\":92,\"caption\":\"Irish College of English\"},\"image\":{\"@id\":\"https:\\\/\\\/www.iceireland.com\\\/pl\\\/#\\\/schema\\\/logo\\\/image\\\/\"}}]}<\/script>\n<!-- \/ Yoast SEO plugin. -->","yoast_head_json":{"title":"Zasady i warunki - Irish College of English","robots":{"index":"index","follow":"follow","max-snippet":"max-snippet:-1","max-image-preview":"max-image-preview:large","max-video-preview":"max-video-preview:-1"},"canonical":"https:\/\/www.iceireland.com\/pl\/terms-and-conditions\/","og_locale":"pl_PL","og_type":"article","og_title":"Zasady i warunki - Irish College of English","og_description":"Regulamin Zasady anulowania i zwrotu koszt\u00f3w: Nasza &#8222;Gwarancja pewnej rezerwacji&#8221; ma na celu zapewnienie elastyczno\u015bci przy jednoczesnym zapewnieniu najlepszej obs\u0142ugi wszystkim studentom. Zdecydowanie zalecamy uczniom\/rodzicom\/opiekunom\/organizatorom grup wykupienie ubezpieczenia podr\u00f3\u017cnego w celu ochrony przed nieoczekiwanymi zmianami plan\u00f3w podr\u00f3\u017cy. Anulowanie rezerwacji na 7 lub wi\u0119cej dni przed przyjazdem &#8211; pe\u0142ny zwrot koszt\u00f3w Anulowanie rezerwacji na 3-6 dni [&hellip;]","og_url":"https:\/\/www.iceireland.com\/pl\/terms-and-conditions\/","og_site_name":"Irish College of English","article_modified_time":"2026-01-30T16:24:59+00:00","twitter_misc":{"Szacowany czas czytania":"6 minut"},"schema":{"@context":"https:\/\/schema.org","@graph":[{"@type":"WebPage","@id":"https:\/\/www.iceireland.com\/pl\/terms-and-conditions\/","url":"https:\/\/www.iceireland.com\/pl\/terms-and-conditions\/","name":"Zasady i warunki - Irish College of English","isPartOf":{"@id":"https:\/\/www.iceireland.com\/pl\/#website"},"datePublished":"2020-02-11T15:56:52+00:00","dateModified":"2026-01-30T16:24:59+00:00","breadcrumb":{"@id":"https:\/\/www.iceireland.com\/pl\/terms-and-conditions\/#breadcrumb"},"inLanguage":"pl-PL","potentialAction":[{"@type":"ReadAction","target":["https:\/\/www.iceireland.com\/pl\/terms-and-conditions\/"]}]},{"@type":"BreadcrumbList","@id":"https:\/\/www.iceireland.com\/pl\/terms-and-conditions\/#breadcrumb","itemListElement":[{"@type":"ListItem","position":1,"name":"Home","item":"https:\/\/www.iceireland.com\/pl\/"},{"@type":"ListItem","position":2,"name":"Zasady i warunki"}]},{"@type":"WebSite","@id":"https:\/\/www.iceireland.com\/pl\/#website","url":"https:\/\/www.iceireland.com\/pl\/","name":"Irish College of English","description":"English School in Dublin, Malahide","publisher":{"@id":"https:\/\/www.iceireland.com\/pl\/#organization"},"potentialAction":[{"@type":"SearchAction","target":{"@type":"EntryPoint","urlTemplate":"https:\/\/www.iceireland.com\/pl\/?s={search_term_string}"},"query-input":{"@type":"PropertyValueSpecification","valueRequired":true,"valueName":"search_term_string"}}],"inLanguage":"pl-PL"},{"@type":"Organization","@id":"https:\/\/www.iceireland.com\/pl\/#organization","name":"Irish College of English","url":"https:\/\/www.iceireland.com\/pl\/","logo":{"@type":"ImageObject","inLanguage":"pl-PL","@id":"https:\/\/www.iceireland.com\/pl\/#\/schema\/logo\/image\/","url":"https:\/\/www.iceireland.com\/wp-content\/uploads\/2022\/03\/logo.png","contentUrl":"https:\/\/www.iceireland.com\/wp-content\/uploads\/2022\/03\/logo.png","width":593,"height":92,"caption":"Irish College of English"},"image":{"@id":"https:\/\/www.iceireland.com\/pl\/#\/schema\/logo\/image\/"}}]}},"_links":{"self":[{"href":"https:\/\/www.iceireland.com\/pl\/wp-json\/wp\/v2\/pages\/32067","targetHints":{"allow":["GET"]}}],"collection":[{"href":"https:\/\/www.iceireland.com\/pl\/wp-json\/wp\/v2\/pages"}],"about":[{"href":"https:\/\/www.iceireland.com\/pl\/wp-json\/wp\/v2\/types\/page"}],"author":[{"embeddable":true,"href":"https:\/\/www.iceireland.com\/pl\/wp-json\/wp\/v2\/users\/3"}],"replies":[{"embeddable":true,"href":"https:\/\/www.iceireland.com\/pl\/wp-json\/wp\/v2\/comments?post=32067"}],"version-history":[{"count":1,"href":"https:\/\/www.iceireland.com\/pl\/wp-json\/wp\/v2\/pages\/32067\/revisions"}],"predecessor-version":[{"id":32068,"href":"https:\/\/www.iceireland.com\/pl\/wp-json\/wp\/v2\/pages\/32067\/revisions\/32068"}],"wp:attachment":[{"href":"https:\/\/www.iceireland.com\/pl\/wp-json\/wp\/v2\/media?parent=32067"}],"curies":[{"name":"wp","href":"https:\/\/api.w.org\/{rel}","templated":true}]}}