{"id":32104,"date":"2020-02-27T10:40:47","date_gmt":"2020-02-27T10:40:47","guid":{"rendered":"https:\/\/www.iceireland.com\/coronavirus-and-irish-college-of-english-programmes\/"},"modified":"2026-01-30T16:26:09","modified_gmt":"2026-01-30T16:26:09","slug":"coronavirus-and-irish-college-of-english-programmes","status":"publish","type":"page","link":"https:\/\/www.iceireland.com\/pl\/coronavirus-and-irish-college-of-english-programmes\/","title":{"rendered":"Koronawirus i programy Irish College of English"},"content":{"rendered":"\t\t<div data-elementor-type=\"wp-page\" data-elementor-id=\"32104\" class=\"elementor elementor-32104 elementor-7011\" data-elementor-post-type=\"page\">\n\t\t\t\t\t\t<section class=\"elementor-section elementor-top-section elementor-element elementor-element-745564da elementor-section-boxed elementor-section-height-default elementor-section-height-default\" data-id=\"745564da\" data-element_type=\"section\" data-e-type=\"section\">\n\t\t\t\t\t\t<div class=\"elementor-container elementor-column-gap-default\">\n\t\t\t\t\t<div class=\"elementor-column elementor-col-100 elementor-top-column elementor-element elementor-element-346afb08\" data-id=\"346afb08\" data-element_type=\"column\" data-e-type=\"column\">\n\t\t\t<div class=\"elementor-widget-wrap elementor-element-populated\">\n\t\t\t\t\t\t<div class=\"elementor-element elementor-element-67097e24 elementor-widget elementor-widget-text-editor\" data-id=\"67097e24\" data-element_type=\"widget\" data-e-type=\"widget\" data-widget_type=\"text-editor.default\">\n\t\t\t\t<div class=\"elementor-widget-container\">\n\t\t\t\t\t\t\t\t\t<p><strong>Data: 7 marca 2022 r.<\/strong><\/p><p><strong>Programy Covid-19 i Irish College of English<\/strong><\/p><p style=\"background-image: initial; background-position: initial; background-size: initial; background-repeat: initial; background-attachment: initial; background-origin: initial; background-clip: initial;\"><b><span style=\"font-size: 12pt; font-family: Roboto;\">\u015awietna wiadomo\u015b\u0107<\/span><\/b><\/p><p style=\"margin-bottom: 14.4pt; background-image: initial; background-position: initial; background-size: initial; background-repeat: initial; background-attachment: initial; background-origin: initial; background-clip: initial;\"><b><i><span style=\"font-size: 12.0pt; color: #404040; letter-spacing: .15pt;\">Wszystkie ograniczenia zwi\u0105zane z COVID-19 zosta\u0142y zniesione w przypadku podr\u00f3\u017cy do Irlandii. Nie trzeba ju\u017c wype\u0142nia\u0107 formularza lokalizacji pasa\u017cera. Nie potrzebujesz ju\u017c r\u00f3wnie\u017c dowodu szczepienia lub wyzdrowienia ani testu na COVID-19.  <\/span><\/i><\/b><\/p><p style=\"margin-bottom: 14.4pt; background-image: initial; background-position: initial; background-size: initial; background-repeat: initial; background-attachment: initial; background-origin: initial; background-clip: initial;\"><span style=\"color: #404040; font-size: 12pt; letter-spacing: 0.15pt;\">W Irlandii nie ma \u017cadnych ogranicze\u0144 dotycz\u0105cych noszenia masek lub dystansu spo\u0142ecznego.<\/span><\/p><p style=\"margin-bottom: 14.4pt; background-image: initial; background-position: initial; background-size: initial; background-repeat: initial; background-attachment: initial; background-origin: initial; background-clip: initial;\"><span style=\"font-size: 12.0pt; color: #404040; letter-spacing: .15pt;\">Jedyne pozosta\u0142e ograniczenia dotycz\u0105  <\/span><span style=\"font-size: 12.0pt; color: black;\">konieczno\u015b\u0107 samoizolacji w przypadku wyst\u0105pienia objaw\u00f3w i pewne ograniczone wytyczne dotycz\u0105ce bliskiego kontaktu. Rz\u0105d planuje stopniowo wycofywa\u0107 te pozosta\u0142e ograniczenia. <\/span><\/p><p style=\"margin-bottom: 14.4pt; background-image: initial; background-position: initial; background-size: initial; background-repeat: initial; background-attachment: initial; background-origin: initial; background-clip: initial;\"><span style=\"font-size: 12.0pt; color: black;\">Irlandia odnios\u0142a du\u017cy sukces dzi\u0119ki swojemu programowi szczepie\u0144, poziom wykorzystania naszego podstawowego programu szczepie\u0144 wynosi ponad 95%, a poziom wykorzystania programu szczepie\u0144 uzupe\u0142niaj\u0105cych wynosi obecnie 70%. W zwi\u0105zku z tym zdecydowana wi\u0119kszo\u015b\u0107 naszych pracownik\u00f3w i rodzin goszcz\u0105cych jest w pe\u0142ni zaszczepiona.   <\/span><\/p><p>Irlandia wkracza teraz w now\u0105 faz\u0119 wraz ze z\u0142agodzeniem wi\u0119kszo\u015bci ogranicze\u0144 dotycz\u0105cych Covid-19. \u017bycie wr\u00f3ci\u0142o do normy i ludzie nie musz\u0105 ju\u017c nosi\u0107 masek ani zachowywa\u0107 dystansu spo\u0142ecznego. Jedyne pozosta\u0142e ograniczenia dotycz\u0105 podr\u00f3\u017cy mi\u0119dzynarodowych i samoizolacji. Mamy nadziej\u0119, \u017ce z czasem te pozosta\u0142e ograniczenia r\u00f3wnie\u017c zostan\u0105 zniesione.   <\/p><p>W Irish College of English zdrowie i bezpiecze\u0144stwo wszystkich naszych pracownik\u00f3w, student\u00f3w, rodzin goszcz\u0105cych i spo\u0142eczno\u015bci, w kt\u00f3rych dzia\u0142amy, jest naszym priorytetem. Jeste\u015bmy na bie\u017c\u0105co ze wszystkimi zaleceniami rz\u0105dowymi dotycz\u0105cymi Covid-19 i b\u0119dziemy post\u0119powa\u0107 zgodnie z najlepszymi praktykami w tym zakresie, aby zapewni\u0107 dobre samopoczucie wszystkich naszych pracownik\u00f3w i klient\u00f3w teraz i w przysz\u0142o\u015bci. <\/p><p>Dla wszystkich naszych program\u00f3w mamy ulepszone protoko\u0142y bezpiecze\u0144stwa i czyszczenia, aby zapewni\u0107, \u017ce przestrzegamy wszystkich wytycznych dotycz\u0105cych Covid-19. Wszystkie nasze sale lekcyjne s\u0105 wyposa\u017cone w monitory CO2. Stacje do dezynfekcji r\u0105k s\u0105 dost\u0119pne w ca\u0142ej szkole. B\u0119dziemy nadal aktualizowa\u0107 nasze zasady i zapewnia\u0107 bezpieczne i przyjemne do\u015bwiadczenie edukacyjne dla wszystkich.   <\/p><p>Irlandia odnios\u0142a r\u00f3wnie\u017c du\u017cy sukces dzi\u0119ki programowi szczepie\u0144, w kt\u00f3rym udzia\u0142 wzi\u0119\u0142o ponad 95% os\u00f3b, a udzia\u0142 w programie szczepie\u0144 uzupe\u0142niaj\u0105cych wynosi obecnie 65%. W zwi\u0105zku z tym zdecydowana wi\u0119kszo\u015b\u0107 naszych pracownik\u00f3w i rodzin goszcz\u0105cych jest w pe\u0142ni zaszczepiona. Obecna fala Omicron min\u0119\u0142a ju\u017c sw\u00f3j szczyt.  <\/p><div><p><a href=\"#\">Czy szko\u0142a jest obecnie otwarta na zaj\u0119cia stacjonarne?<\/a><\/p><\/div><div><div><p>Tak, wszystkie nasze zaj\u0119cia i programy dla doros\u0142ych i junior\u00f3w dzia\u0142aj\u0105 normalnie.<\/p><\/div><\/div><div><p><a href=\"#\">W jaki spos\u00f3b Irish College of English zapewni bezpiecze\u0144stwo uczniom i pracownikom szko\u0142y?<\/a><\/p><div><p>Dzi\u0119ki \u015bcis\u0142emu przestrzeganiu wytycznych rz\u0105du irlandzkiego i \u015bledzeniu najnowszych zalece\u0144 Health Service Executive (HSE), wprowadzili\u015bmy \u015brodki, kt\u00f3re umo\u017cliwi\u0105 bezpieczny powr\u00f3t do szko\u0142y. Kluczowym \u015brodkiem s\u0105 monitory CO2 w ka\u017cdej klasie, aby zapewni\u0107 odpowiedni\u0105 wentylacj\u0119 przez ca\u0142y czas. Wdro\u017cono plany czyszczenia, aby zapewni\u0107 lepsz\u0105 ochron\u0119 przed COVID-19, w tym dok\u0142adne codzienne czyszczenie i dezynfekcj\u0119 potencjalnie zanieczyszczonych powierzchni regularnie przez ca\u0142y dzie\u0144.  <\/p><\/div><\/div><div><p><a href=\"#\">Jak skontaktowa\u0107 si\u0119 ze szko\u0142\u0105 w razie w\u0105tpliwo\u015bci?<\/a><\/p><div><p>Mo\u017cesz zadzwoni\u0107 lub wys\u0142a\u0107 e-mail do biura pod numer 01 8453744 lub info@iceireland.com.<\/p><\/div><\/div><div><p><a href=\"#\">Co powinienem zrobi\u0107, je\u015bli wyst\u0105pi\u0105 u mnie objawy COVID-19?<\/a><\/p><div><p>Je\u015bli u ucznia wyst\u0105pi\u0105 objawy COVID-19: nowy ci\u0105g\u0142y kaszel, wysoka temperatura lub utrata \/ zmiana zmys\u0142u smaku lub w\u0119chu ucznia (anosmia), zm\u0119czenie, podczas pobytu w Irlandii lub podczas podr\u00f3\u017cy, ucze\u0144 powinien zadzwoni\u0107 do swojego dostawcy us\u0142ug zdrowotnych i \/ lub firmy ubezpieczeniowej, aby om\u00f3wi\u0107, co nale\u017cy zrobi\u0107 i post\u0119powa\u0107 zgodnie z zaleceniami dotycz\u0105cymi zdrowia publicznego w Irlandii w tym czasie.<\/p><p>Obecnie obowi\u0105zuj\u0105 poni\u017csze zasady:<\/p><ol><li>Samoizolacja (pozostanie w domu i unikanie kontaktu z innymi lud\u017ami)<\/li><li>Wykonaj samodzielnie test antygenowy, je\u015bli masz mniej ni\u017c 39 lat, test PCR nie jest konieczny. Szko\u0142a zapewni bezp\u0142atne testy antygenowe ka\u017cdemu uczniowi z objawami lub bliskiemu kontaktowi. <\/li><\/ol><p>Wynik pozytywny<\/p><p>Ucze\u0144 musi izolowa\u0107 si\u0119 przez 7 dni w pokoju jednoosobowym.<\/p><p>Wynik negatywny<\/p><p>Ucze\u0144 musi izolowa\u0107 si\u0119 w pokoju jednoosobowym do czasu ust\u0105pienia objaw\u00f3w przez 48 godzin.<\/p><\/div><\/div><div><div><p><a href=\"#\">Jakie s\u0105 zasady podr\u00f3\u017cowania do Irlandii?<\/a><\/p><\/div><\/div><div><div><p><span style=\"font-size: 12pt; font-family: Roboto;\">Aktualne informacje na temat podr\u00f3\u017cy do Irlandii mo\u017cna znale\u017a\u0107 na stronie:<\/span> <u><\/u><\/p><p><u><span style=\"font-size: 12pt; font-family: Roboto; color: #0563c1; background-image: initial; background-position: initial; background-size: initial; background-repeat: initial; background-attachment: initial; background-origin: initial; background-clip: initial;\"><a style=\"color: #1155cc;\" href=\"https:\/\/urldefense.proofpoint.com\/v2\/url?u=https-3A__www.citizensinformation.ie_en_travel-5Fand-5Frecreation_travel-5Fto-5Fireland_travel-5Fto-5Fireland-5Fduring-5Fcovid.html-23l41d7d&amp;d=DwMFaQ&amp;c=euGZstcaTDllvimEN8b7jXrwqOf-v5A_CdpgnVfiiMM&amp;r=6sF5MjZTTADw7lYvl303WIaH3-wpCL1IW38EiTxvrEI&amp;m=p9OyM7sZ5u0ffIW7UqJVoFDalkDTlJvYoIiyAjolaMU&amp;s=6srtfScuvZoXuxhn7PEbFjN-8wz32DKwysxId8cbKg8&amp;e=\" target=\"_blank\" rel=\"noopener\" data-saferedirecturl=\"https:\/\/www.google.com\/url?q=https:\/\/urldefense.proofpoint.com\/v2\/url?u%3Dhttps-3A__www.citizensinformation.ie_en_travel-5Fand-5Frecreation_travel-5Fto-5Fireland_travel-5Fto-5Fireland-5Fduring-5Fcovid.html-23l41d7d%26d%3DDwMFaQ%26c%3DeuGZstcaTDllvimEN8b7jXrwqOf-v5A_CdpgnVfiiMM%26r%3D6sF5MjZTTADw7lYvl303WIaH3-wpCL1IW38EiTxvrEI%26m%3Dp9OyM7sZ5u0ffIW7UqJVoFDalkDTlJvYoIiyAjolaMU%26s%3D6srtfScuvZoXuxhn7PEbFjN-8wz32DKwysxId8cbKg8%26e%3D&amp;source=gmail&amp;ust=1631951870289000&amp;usg=AFQjCNG-qMUtp6MUmoQ2CVJBiDWXOWGl9A\">https:\/\/www.<wbr><\/wbr>citizensinformation.ie\/en\/<wbr><\/wbr>travel_and_recreation\/travel_<wbr><\/wbr>to_ireland\/travel_to_ireland_<wbr><\/wbr>during_covid.html#l41d7d<\/a><\/span><\/u><\/p><p><span style=\"font-size: 12pt; font-family: Roboto;\">Aby u\u0142atwi\u0107 podr\u00f3\u017cowanie, zalecamy wszystkim uczniom zaszczepienie si\u0119 szczepionk\u0105 zatwierdzon\u0105 przez EMA. Ponadto w Irlandii, je\u015bli zosta\u0142e\u015b w pe\u0142ni zaszczepiony szczepionk\u0105 przypominaj\u0105c\u0105, nie musisz si\u0119 izolowa\u0107, je\u015bli jeste\u015b bliskim kontaktem i nie wykazujesz \u017cadnych objaw\u00f3w.   <\/span><\/p><p>Je\u015bli wje\u017cd\u017casz do Irlandii przy u\u017cyciu testu PCR i potrzebujesz kolejnego testu 72 godziny przed wylotem, mo\u017cemy pom\u00f3c w jego zorganizowaniu, skontaktuj si\u0119 z nami, aby uzyska\u0107 wi\u0119cej informacji.<\/p><\/div><\/div><div><p><a href=\"#\">Gdzie mog\u0119 uzyska\u0107 porady dotycz\u0105ce COVID-19 jako student zagraniczny?  <\/a><\/p><div><p>Irlandzka Rada Student\u00f3w Mi\u0119dzynarodowych (ICOS) zebra\u0142a informacje na temat zdrowia, podr\u00f3\u017cy, edukacji i dobrego samopoczucia, o kt\u00f3rych studenci zagraniczni mog\u0105 potrzebowa\u0107 wiedzie\u0107. Je\u015bli masz pytania dotycz\u0105ce podr\u00f3\u017cy zwi\u0105zanych z COVID-19, mo\u017cesz zadzwoni\u0107 do centrum porad Departamentu Spraw Zagranicznych pod numer 01 613 1733. <\/p><\/div><\/div><div><p><a href=\"#\">Jakie s\u0105 opcje zakwaterowania?<\/a><\/p><div><p>Oferujemy pe\u0142n\u0105 gam\u0119 rodzin goszcz\u0105cych i opcji zakwaterowania.<\/p><\/div><\/div><div><p><a href=\"#\">Co si\u0119 stanie, je\u015bli podczas kursu zachoruj\u0119 na Covid-19?<\/a><\/p><div><p>W takiej sytuacji zostaniesz poproszony przez HSE o izolacj\u0119. Wszyscy studenci powinni posiada\u0107 odpowiednie ubezpieczenie lub osobiste fundusze na pokrycie wszelkich dodatkowych koszt\u00f3w, w tym zakwaterowania, koszt\u00f3w utrzymania, zmiany lot\u00f3w itp. <\/p><\/div><\/div><div><p><a href=\"#\">Jakie s\u0105 zasady anulowania, je\u015bli zarezerwuj\u0119 kurs teraz, a potem nie b\u0119d\u0119 m\u00f3g\u0142 w nim uczestniczy\u0107?<\/a><\/p><div><p>Nasza &#8222;Gwarancja pewnej rezerwacji&#8221; umo\u017cliwia osobom i grupom podr\u00f3\u017cuj\u0105cym do Irlandii bezp\u0142atne anulowanie rezerwacji do 7 dni przed przyjazdem. W przypadku konieczno\u015bci anulowania rezerwacji w ci\u0105gu 7 dni przed przyjazdem zaoferujemy bezp\u0142atne prze\u0142o\u017cenie kursu, kt\u00f3re b\u0119dzie wa\u017cne do ko\u0144ca 2023 roku. Za pobyty anulowane w ci\u0105gu 7 dni przed przyjazdem nie przys\u0142uguje zwrot koszt\u00f3w.  <\/p><\/div><\/div>\t\t\t\t\t\t\t\t<\/div>\n\t\t\t\t<\/div>\n\t\t\t\t\t<\/div>\n\t\t<\/div>\n\t\t\t\t\t<\/div>\n\t\t<\/section>\n\t\t\t\t<\/div>\n\t\t","protected":false},"excerpt":{"rendered":"<p>Data: 7 marca 2022 r. Programy Covid-19 i Irish College of English \u015awietna wiadomo\u015b\u0107 Wszystkie ograniczenia zwi\u0105zane z COVID-19 zosta\u0142y zniesione w przypadku podr\u00f3\u017cy do Irlandii. Nie trzeba ju\u017c wype\u0142nia\u0107 formularza lokalizacji pasa\u017cera. Nie potrzebujesz ju\u017c r\u00f3wnie\u017c dowodu szczepienia lub wyzdrowienia ani testu na COVID-19. W Irlandii nie ma \u017cadnych ogranicze\u0144 dotycz\u0105cych noszenia masek lub [&hellip;]<\/p>\n","protected":false},"author":3,"featured_media":0,"parent":0,"menu_order":0,"comment_status":"closed","ping_status":"closed","template":"","meta":{"content-type":"","footnotes":""},"class_list":["post-32104","page","type-page","status-publish","hentry"],"yoast_head":"<!-- This site is optimized with the Yoast SEO plugin v27.3 - https:\/\/yoast.com\/product\/yoast-seo-wordpress\/ -->\n<title>Koronawirus i programy Irish College of English - Irish College of English<\/title>\n<meta name=\"robots\" content=\"index, follow, max-snippet:-1, max-image-preview:large, max-video-preview:-1\" \/>\n<link rel=\"canonical\" href=\"https:\/\/www.iceireland.com\/pl\/coronavirus-and-irish-college-of-english-programmes\/\" \/>\n<meta property=\"og:locale\" content=\"pl_PL\" \/>\n<meta property=\"og:type\" content=\"article\" \/>\n<meta property=\"og:title\" content=\"Koronawirus i programy Irish College of English - Irish College of English\" \/>\n<meta property=\"og:description\" content=\"Data: 7 marca 2022 r. Programy Covid-19 i Irish College of English \u015awietna wiadomo\u015b\u0107 Wszystkie ograniczenia zwi\u0105zane z COVID-19 zosta\u0142y zniesione w przypadku podr\u00f3\u017cy do Irlandii. Nie trzeba ju\u017c wype\u0142nia\u0107 formularza lokalizacji pasa\u017cera. Nie potrzebujesz ju\u017c r\u00f3wnie\u017c dowodu szczepienia lub wyzdrowienia ani testu na COVID-19. W Irlandii nie ma \u017cadnych ogranicze\u0144 dotycz\u0105cych noszenia masek lub [&hellip;]\" \/>\n<meta property=\"og:url\" content=\"https:\/\/www.iceireland.com\/pl\/coronavirus-and-irish-college-of-english-programmes\/\" \/>\n<meta property=\"og:site_name\" content=\"Irish College of English\" \/>\n<meta property=\"article:modified_time\" content=\"2026-01-30T16:26:09+00:00\" \/>\n<meta name=\"twitter:label1\" content=\"Szacowany czas czytania\" \/>\n\t<meta name=\"twitter:data1\" content=\"5 minut\" \/>\n<script type=\"application\/ld+json\" class=\"yoast-schema-graph\">{\"@context\":\"https:\\\/\\\/schema.org\",\"@graph\":[{\"@type\":\"WebPage\",\"@id\":\"https:\\\/\\\/www.iceireland.com\\\/pl\\\/coronavirus-and-irish-college-of-english-programmes\\\/\",\"url\":\"https:\\\/\\\/www.iceireland.com\\\/pl\\\/coronavirus-and-irish-college-of-english-programmes\\\/\",\"name\":\"Koronawirus i programy Irish College of English - Irish College of English\",\"isPartOf\":{\"@id\":\"https:\\\/\\\/www.iceireland.com\\\/pl\\\/#website\"},\"datePublished\":\"2020-02-27T10:40:47+00:00\",\"dateModified\":\"2026-01-30T16:26:09+00:00\",\"breadcrumb\":{\"@id\":\"https:\\\/\\\/www.iceireland.com\\\/pl\\\/coronavirus-and-irish-college-of-english-programmes\\\/#breadcrumb\"},\"inLanguage\":\"pl-PL\",\"potentialAction\":[{\"@type\":\"ReadAction\",\"target\":[\"https:\\\/\\\/www.iceireland.com\\\/pl\\\/coronavirus-and-irish-college-of-english-programmes\\\/\"]}]},{\"@type\":\"BreadcrumbList\",\"@id\":\"https:\\\/\\\/www.iceireland.com\\\/pl\\\/coronavirus-and-irish-college-of-english-programmes\\\/#breadcrumb\",\"itemListElement\":[{\"@type\":\"ListItem\",\"position\":1,\"name\":\"Home\",\"item\":\"https:\\\/\\\/www.iceireland.com\\\/pl\\\/\"},{\"@type\":\"ListItem\",\"position\":2,\"name\":\"Koronawirus i programy Irish College of English\"}]},{\"@type\":\"WebSite\",\"@id\":\"https:\\\/\\\/www.iceireland.com\\\/pl\\\/#website\",\"url\":\"https:\\\/\\\/www.iceireland.com\\\/pl\\\/\",\"name\":\"Irish College of English\",\"description\":\"English School in Dublin, Malahide\",\"publisher\":{\"@id\":\"https:\\\/\\\/www.iceireland.com\\\/pl\\\/#organization\"},\"potentialAction\":[{\"@type\":\"SearchAction\",\"target\":{\"@type\":\"EntryPoint\",\"urlTemplate\":\"https:\\\/\\\/www.iceireland.com\\\/pl\\\/?s={search_term_string}\"},\"query-input\":{\"@type\":\"PropertyValueSpecification\",\"valueRequired\":true,\"valueName\":\"search_term_string\"}}],\"inLanguage\":\"pl-PL\"},{\"@type\":\"Organization\",\"@id\":\"https:\\\/\\\/www.iceireland.com\\\/pl\\\/#organization\",\"name\":\"Irish College of English\",\"url\":\"https:\\\/\\\/www.iceireland.com\\\/pl\\\/\",\"logo\":{\"@type\":\"ImageObject\",\"inLanguage\":\"pl-PL\",\"@id\":\"https:\\\/\\\/www.iceireland.com\\\/pl\\\/#\\\/schema\\\/logo\\\/image\\\/\",\"url\":\"https:\\\/\\\/www.iceireland.com\\\/wp-content\\\/uploads\\\/2022\\\/03\\\/logo.png\",\"contentUrl\":\"https:\\\/\\\/www.iceireland.com\\\/wp-content\\\/uploads\\\/2022\\\/03\\\/logo.png\",\"width\":593,\"height\":92,\"caption\":\"Irish College of English\"},\"image\":{\"@id\":\"https:\\\/\\\/www.iceireland.com\\\/pl\\\/#\\\/schema\\\/logo\\\/image\\\/\"}}]}<\/script>\n<!-- \/ Yoast SEO plugin. -->","yoast_head_json":{"title":"Koronawirus i programy Irish College of English - Irish College of English","robots":{"index":"index","follow":"follow","max-snippet":"max-snippet:-1","max-image-preview":"max-image-preview:large","max-video-preview":"max-video-preview:-1"},"canonical":"https:\/\/www.iceireland.com\/pl\/coronavirus-and-irish-college-of-english-programmes\/","og_locale":"pl_PL","og_type":"article","og_title":"Koronawirus i programy Irish College of English - Irish College of English","og_description":"Data: 7 marca 2022 r. Programy Covid-19 i Irish College of English \u015awietna wiadomo\u015b\u0107 Wszystkie ograniczenia zwi\u0105zane z COVID-19 zosta\u0142y zniesione w przypadku podr\u00f3\u017cy do Irlandii. Nie trzeba ju\u017c wype\u0142nia\u0107 formularza lokalizacji pasa\u017cera. Nie potrzebujesz ju\u017c r\u00f3wnie\u017c dowodu szczepienia lub wyzdrowienia ani testu na COVID-19. W Irlandii nie ma \u017cadnych ogranicze\u0144 dotycz\u0105cych noszenia masek lub [&hellip;]","og_url":"https:\/\/www.iceireland.com\/pl\/coronavirus-and-irish-college-of-english-programmes\/","og_site_name":"Irish College of English","article_modified_time":"2026-01-30T16:26:09+00:00","twitter_misc":{"Szacowany czas czytania":"5 minut"},"schema":{"@context":"https:\/\/schema.org","@graph":[{"@type":"WebPage","@id":"https:\/\/www.iceireland.com\/pl\/coronavirus-and-irish-college-of-english-programmes\/","url":"https:\/\/www.iceireland.com\/pl\/coronavirus-and-irish-college-of-english-programmes\/","name":"Koronawirus i programy Irish College of English - Irish College of English","isPartOf":{"@id":"https:\/\/www.iceireland.com\/pl\/#website"},"datePublished":"2020-02-27T10:40:47+00:00","dateModified":"2026-01-30T16:26:09+00:00","breadcrumb":{"@id":"https:\/\/www.iceireland.com\/pl\/coronavirus-and-irish-college-of-english-programmes\/#breadcrumb"},"inLanguage":"pl-PL","potentialAction":[{"@type":"ReadAction","target":["https:\/\/www.iceireland.com\/pl\/coronavirus-and-irish-college-of-english-programmes\/"]}]},{"@type":"BreadcrumbList","@id":"https:\/\/www.iceireland.com\/pl\/coronavirus-and-irish-college-of-english-programmes\/#breadcrumb","itemListElement":[{"@type":"ListItem","position":1,"name":"Home","item":"https:\/\/www.iceireland.com\/pl\/"},{"@type":"ListItem","position":2,"name":"Koronawirus i programy Irish College of English"}]},{"@type":"WebSite","@id":"https:\/\/www.iceireland.com\/pl\/#website","url":"https:\/\/www.iceireland.com\/pl\/","name":"Irish College of English","description":"English School in Dublin, Malahide","publisher":{"@id":"https:\/\/www.iceireland.com\/pl\/#organization"},"potentialAction":[{"@type":"SearchAction","target":{"@type":"EntryPoint","urlTemplate":"https:\/\/www.iceireland.com\/pl\/?s={search_term_string}"},"query-input":{"@type":"PropertyValueSpecification","valueRequired":true,"valueName":"search_term_string"}}],"inLanguage":"pl-PL"},{"@type":"Organization","@id":"https:\/\/www.iceireland.com\/pl\/#organization","name":"Irish College of English","url":"https:\/\/www.iceireland.com\/pl\/","logo":{"@type":"ImageObject","inLanguage":"pl-PL","@id":"https:\/\/www.iceireland.com\/pl\/#\/schema\/logo\/image\/","url":"https:\/\/www.iceireland.com\/wp-content\/uploads\/2022\/03\/logo.png","contentUrl":"https:\/\/www.iceireland.com\/wp-content\/uploads\/2022\/03\/logo.png","width":593,"height":92,"caption":"Irish College of English"},"image":{"@id":"https:\/\/www.iceireland.com\/pl\/#\/schema\/logo\/image\/"}}]}},"_links":{"self":[{"href":"https:\/\/www.iceireland.com\/pl\/wp-json\/wp\/v2\/pages\/32104","targetHints":{"allow":["GET"]}}],"collection":[{"href":"https:\/\/www.iceireland.com\/pl\/wp-json\/wp\/v2\/pages"}],"about":[{"href":"https:\/\/www.iceireland.com\/pl\/wp-json\/wp\/v2\/types\/page"}],"author":[{"embeddable":true,"href":"https:\/\/www.iceireland.com\/pl\/wp-json\/wp\/v2\/users\/3"}],"replies":[{"embeddable":true,"href":"https:\/\/www.iceireland.com\/pl\/wp-json\/wp\/v2\/comments?post=32104"}],"version-history":[{"count":1,"href":"https:\/\/www.iceireland.com\/pl\/wp-json\/wp\/v2\/pages\/32104\/revisions"}],"predecessor-version":[{"id":32105,"href":"https:\/\/www.iceireland.com\/pl\/wp-json\/wp\/v2\/pages\/32104\/revisions\/32105"}],"wp:attachment":[{"href":"https:\/\/www.iceireland.com\/pl\/wp-json\/wp\/v2\/media?parent=32104"}],"curies":[{"name":"wp","href":"https:\/\/api.w.org\/{rel}","templated":true}]}}