{"id":32128,"date":"2014-10-20T09:11:13","date_gmt":"2014-10-20T09:11:13","guid":{"rendered":"https:\/\/www.iceireland.com\/learn-english-ireland-host-family\/"},"modified":"2026-01-30T16:27:16","modified_gmt":"2026-01-30T16:27:16","slug":"learn-english-ireland-host-family","status":"publish","type":"page","link":"https:\/\/www.iceireland.com\/pl\/learn-english-ireland-host-family\/","title":{"rendered":"Nauka angielskiego Irlandia Rodzina goszcz\u0105ca"},"content":{"rendered":"<h2><strong>Zakwaterowanie u rodziny goszcz\u0105cej  <\/strong><\/h2>\n<p><strong style=\"color: #339966; line-height: 1.5;\"> <\/strong><\/p>\n<blockquote>\n<h4 style=\"text-align: justify;\"><span style=\"color: #808080;\">Przyjazne i go\u015bcinne rodziny w odleg\u0142o\u015bci spaceru \/ bardzo kr\u00f3tkiej podr\u00f3\u017cy autobusem od naszej szko\u0142y<\/span><\/h4>\n<h4 style=\"text-align: justify;\"><span style=\"color: #808080;\">Wi\u0119kszo\u015b\u0107 rodzin przyjmuje dw\u00f3ch lub trzech uczni\u00f3w<\/span><\/h4>\n<h4 style=\"text-align: justify;\"><span style=\"color: #808080;\">Ca\u0142oroczny koordynator rodziny goszcz\u0105cej zapewniaj\u0105cy jako\u015b\u0107, Karta Rodziny Goszcz\u0105cej na miejscu<\/span><\/h4>\n<\/blockquote>\n<h3 style=\"text-align: justify;\"><\/h3>\n<p style=\"text-align: justify;\"><strong>Wysokiej jako\u015bci rodziny goszcz\u0105ce z Irish College of English &#8211;<\/strong> Ucz si\u0119 angielskiego w naszej wysokiej jako\u015bci szkole j\u0119zyka angielskiego i zatrzymaj si\u0119 u <strong>przyjaznych i go\u015bcinnych irlandzkich <\/strong><strong>rodzin<\/strong> <strong>goszcz\u0105cych <\/strong> z wygodnymi pokojami w odleg\u0142o\u015bci spaceru lub bardzo kr\u00f3tkiej podr\u00f3\u017cy autobusem od naszych szk\u00f3\u0142 j\u0119zyka angielskiego.  <strong><br \/>\n<\/strong><\/p>\n<p style=\"text-align: justify;\">Organizujemy pobyty dla student\u00f3w, kt\u00f3rzy chc\u0105 mieszka\u0107 z irlandzk\u0105 rodzin\u0105 na prawdziwie j\u0119zykowy pobyt w Irlandii. Irlandczycy maj\u0105 tradycj\u0119 go\u015bcinno\u015bci i ciep\u0142a. Tradycja ta jest znana na ca\u0142ym \u015bwiecie i jest g\u0142\u00f3wnym czynnikiem przyci\u0105gaj\u0105cym tysi\u0105ce student\u00f3w do nauki j\u0119zyka angielskiego w Irlandii. Jako\u015b\u0107 zakwaterowania jest g\u0142\u00f3wnym celem Irish College of English. Nasze lokalizacje s\u0105 doskona\u0142e, a Malahide to jedna z najbardziej presti\u017cowych dzielnic Dublina. Korzystamy wy\u0142\u0105cznie z zakwaterowania rodzin goszcz\u0105cych w odleg\u0142o\u015bci spaceru lub bardzo kr\u00f3tkiej podr\u00f3\u017cy autobusem od naszych szk\u00f3\u0142, a poniewa\u017c dzia\u0142amy przez ca\u0142y rok, budujemy silne relacje ze spo\u0142eczno\u015bci\u0105 i wszystkimi naszymi rodzinami goszcz\u0105cymi. Mamy pe\u0142noetatowego pracownika zajmuj\u0105cego si\u0119 odwiedzaniem i zapewnianiem jako\u015bci naszych pobyt\u00f3w w domu.      <\/p>\n<p style=\"text-align: justify;\"><strong>Dobro student\u00f3w jest nasz\u0105 g\u0142\u00f3wn\u0105 trosk\u0105<\/strong> i bardzo starannie dobieramy nasze rodziny, aby zapewni\u0107 maksymalny komfort. Ponadto posiadamy Kart\u0119 pobytu w domu, kt\u00f3ra jasno okre\u015bla standardy i nasze zasady dotycz\u0105ce wszystkich program\u00f3w rodzin goszcz\u0105cych Learn English Ireland. Studenci mog\u0105 by\u0107 umieszczani z innymi studentami zagranicznymi, rozwijaj\u0105c w ten spos\u00f3b nowe przyja\u017anie z m\u0142odymi lud\u017ami z ca\u0142ego \u015bwiata. Mo\u017cemy zagwarantowa\u0107 studentom doskona\u0142y pobyt u rodziny goszcz\u0105cej, co potwierdzaj\u0105 opinie naszych student\u00f3w. Pe\u0142ne wy\u017cywienie obejmuje \u015bniadanie, pakowany lunch i kolacj\u0119, z naciskiem na po\u017cywn\u0105 diet\u0119. Studenci staj\u0105 si\u0119 cz\u0142onkami rodziny na czas pobytu i dopasowuj\u0105 si\u0119 do normalnego \u017cycia rodzinnego. Mo\u017cemy zagwarantowa\u0107 studentom doskona\u0142y pobyt u rodziny goszcz\u0105cej, co potwierdzaj\u0105 opinie naszych student\u00f3w.      <\/p>\n<p>Wi\u0119kszo\u015b\u0107 rodzin goszcz\u0105cych przyjmuje od 1 do 3 uczni\u00f3w w dowolnym momencie. Je\u015bli masz specjalne \u017cyczenia   <a href=\"https:\/\/www.iceireland.com\/wp-content\/uploads\/2014\/10\/Homestay-for-Teenagers-on-Junior-English-Summer-Camps-Ireland.jpg\"><img fetchpriority=\"high\" decoding=\"async\" class=\"alignright wp-image-1827\" title=\"Zakwaterowanie u rodziny goszcz\u0105cej dla nastolatk\u00f3w na letnich obozach j\u0119zykowych w Irlandii\" src=\"https:\/\/www.iceireland.com\/wp-content\/uploads\/2014\/10\/Homestay-for-Teenagers-on-Junior-English-Summer-Camps-Ireland.jpg\" alt=\"Zakwaterowanie u rodziny goszcz\u0105cej dla nastolatk\u00f3w na letnich obozach j\u0119zykowych w Irlandii\" width=\"533\" height=\"445\" srcset=\"https:\/\/www.iceireland.com\/wp-content\/uploads\/2014\/10\/Homestay-for-Teenagers-on-Junior-English-Summer-Camps-Ireland.jpg 572w, https:\/\/www.iceireland.com\/wp-content\/uploads\/2014\/10\/Homestay-for-Teenagers-on-Junior-English-Summer-Camps-Ireland-300x250.jpg 300w\" sizes=\"(max-width: 533px) 100vw, 533px\" \/><\/a>Je\u015bli chodzi o zakwaterowanie u rodziny goszcz\u0105cej, z przyjemno\u015bci\u0105 postaramy si\u0119 spe\u0142ni\u0107 te wymagania w miar\u0119 mo\u017cliwo\u015bci. Wszystkie kwatery rodzin goszcz\u0105cych znajduj\u0105 si\u0119 w odleg\u0142o\u015bci spaceru lub bardzo kr\u00f3tkiej podr\u00f3\u017cy autobusem od naszej szko\u0142y i zosta\u0142y zweryfikowane przez naszych pracownik\u00f3w. <\/p>\n<h3><\/h3>\n<h3>Typowy dzie\u0144 z rodzin\u0105 goszcz\u0105c\u0105 &#8222;Dom z domu<\/h3>\n<ul>\n<li><strong><span style=\"color: #808080;\">Uczniowie s\u0105 budzeni przez goszcz\u0105c\u0105 ich mam\u0119, bior\u0105 prysznic i jedz\u0105 \u015bniadanie<\/span><\/strong><\/li>\n<li><strong><span style=\"color: #808080;\">Uczniowie otrzymuj\u0105 suchy prowiant na ca\u0142y dzie\u0144<\/span><\/strong><\/li>\n<li><strong><span style=\"color: #808080;\">Uczniowie id\u0105 do szko\u0142y pieszo lub jad\u0105 autobusem i wracaj\u0105 do domu oko\u0142o godziny 18:00. <\/span><\/strong><strong><span style=\"color: #808080;\">wracaj\u0105 do domu oko\u0142o godziny 18:00 po zako\u0144czeniu zaj\u0119\u0107 i programu aktywno\u015bci<\/span><\/strong><\/li>\n<li><strong><span style=\"color: #808080;\">Po powrocie do domu uczniowie jedz\u0105 kolacj\u0119 z rodzin\u0105 goszcz\u0105c\u0105 i rozmawiaj\u0105 o tym, co wydarzy\u0142o si\u0119 tego dnia<\/span><\/strong><\/li>\n<li><strong><span style=\"color: #808080;\">Studenci mog\u0105 sp\u0119dzi\u0107 wiecz\u00f3r <\/span><\/strong><strong><span style=\"color: #808080;\">relaksuj\u0105c si\u0119 i rozmawiaj\u0105c z rodzin\u0105 lub spotykaj\u0105c si\u0119 z przyjaci\u00f3\u0142mi w okolicy.<\/span><\/strong><\/li>\n<li><strong><span style=\"color: #808080;\">Obowi\u0105zuje \u015bcis\u0142a godzina policyjna 21:30, kiedy wszyscy uczniowie musz\u0105 wr\u00f3ci\u0107 do domu.<\/span><\/strong><\/li>\n<li><strong><span style=\"color: #808080;\">Studenci i rodziny maj\u0105 24-godzinny dost\u0119p do numeru telefonu alarmowego, a cz\u0142onek naszego zespo\u0142u jest zawsze na s\u0142u\u017cbie, aby pom\u00f3c<\/span><\/strong><\/li>\n<\/ul>\n<h2><\/h2>\n","protected":false},"excerpt":{"rendered":"<p>Zakwaterowanie u rodziny goszcz\u0105cej Przyjazne i go\u015bcinne rodziny w odleg\u0142o\u015bci spaceru \/ bardzo kr\u00f3tkiej podr\u00f3\u017cy autobusem od naszej szko\u0142y Wi\u0119kszo\u015b\u0107 rodzin przyjmuje dw\u00f3ch lub trzech uczni\u00f3w Ca\u0142oroczny koordynator rodziny goszcz\u0105cej zapewniaj\u0105cy jako\u015b\u0107, Karta Rodziny Goszcz\u0105cej na miejscu Wysokiej jako\u015bci rodziny goszcz\u0105ce z Irish College of English &#8211; Ucz si\u0119 angielskiego w naszej wysokiej jako\u015bci szkole [&hellip;]<\/p>\n","protected":false},"author":1,"featured_media":0,"parent":0,"menu_order":0,"comment_status":"open","ping_status":"open","template":"","meta":{"content-type":"","footnotes":""},"class_list":["post-32128","page","type-page","status-publish","hentry"],"yoast_head":"<!-- This site is optimized with the Yoast SEO plugin v27.3 - https:\/\/yoast.com\/product\/yoast-seo-wordpress\/ -->\n<title>Nauka angielskiego Irlandia Rodzina goszcz\u0105ca w odleg\u0142o\u015bci spaceru\/Bardzo kr\u00f3tka podr\u00f3\u017c autobusem<\/title>\n<meta name=\"description\" content=\"Zarezerwuj ob\u00f3z letni Junior English z Irish College of English i zapewnij sobie wysokiej jako\u015bci zakwaterowanie u rodziny goszcz\u0105cej w odleg\u0142o\u015bci spaceru lub kr\u00f3tkiej podr\u00f3\u017cy autobusem od naszej szko\u0142y.\" \/>\n<meta name=\"robots\" content=\"index, follow, max-snippet:-1, max-image-preview:large, max-video-preview:-1\" \/>\n<link rel=\"canonical\" href=\"https:\/\/www.iceireland.com\/pl\/learn-english-ireland-host-family\/\" \/>\n<meta property=\"og:locale\" content=\"pl_PL\" \/>\n<meta property=\"og:type\" content=\"article\" \/>\n<meta property=\"og:title\" content=\"Nauka angielskiego Irlandia Rodzina goszcz\u0105ca w odleg\u0142o\u015bci spaceru\/Bardzo kr\u00f3tka podr\u00f3\u017c autobusem\" \/>\n<meta property=\"og:description\" content=\"Zarezerwuj ob\u00f3z letni Junior English z Irish College of English i zapewnij sobie wysokiej jako\u015bci zakwaterowanie u rodziny goszcz\u0105cej w odleg\u0142o\u015bci spaceru lub kr\u00f3tkiej podr\u00f3\u017cy autobusem od naszej szko\u0142y.\" \/>\n<meta property=\"og:url\" content=\"https:\/\/www.iceireland.com\/pl\/learn-english-ireland-host-family\/\" \/>\n<meta property=\"og:site_name\" content=\"Irish College of English\" \/>\n<meta property=\"article:modified_time\" content=\"2026-01-30T16:27:16+00:00\" \/>\n<meta property=\"og:image\" content=\"https:\/\/www.iceireland.com\/wp-content\/uploads\/2014\/10\/Homestay-for-Teenagers-on-Junior-English-Summer-Camps-Ireland.jpg\" \/>\n\t<meta property=\"og:image:width\" content=\"572\" \/>\n\t<meta property=\"og:image:height\" content=\"477\" \/>\n\t<meta property=\"og:image:type\" content=\"image\/jpeg\" \/>\n<meta name=\"twitter:label1\" content=\"Szacowany czas czytania\" \/>\n\t<meta name=\"twitter:data1\" content=\"3 minuty\" \/>\n<script type=\"application\/ld+json\" class=\"yoast-schema-graph\">{\"@context\":\"https:\\\/\\\/schema.org\",\"@graph\":[{\"@type\":\"WebPage\",\"@id\":\"https:\\\/\\\/www.iceireland.com\\\/pl\\\/learn-english-ireland-host-family\\\/\",\"url\":\"https:\\\/\\\/www.iceireland.com\\\/pl\\\/learn-english-ireland-host-family\\\/\",\"name\":\"Nauka angielskiego Irlandia Rodzina goszcz\u0105ca w odleg\u0142o\u015bci spaceru\\\/Bardzo kr\u00f3tka podr\u00f3\u017c autobusem\",\"isPartOf\":{\"@id\":\"https:\\\/\\\/www.iceireland.com\\\/pl\\\/#website\"},\"primaryImageOfPage\":{\"@id\":\"https:\\\/\\\/www.iceireland.com\\\/pl\\\/learn-english-ireland-host-family\\\/#primaryimage\"},\"image\":{\"@id\":\"https:\\\/\\\/www.iceireland.com\\\/pl\\\/learn-english-ireland-host-family\\\/#primaryimage\"},\"thumbnailUrl\":\"https:\\\/\\\/www.iceireland.com\\\/wp-content\\\/uploads\\\/2014\\\/10\\\/Homestay-for-Teenagers-on-Junior-English-Summer-Camps-Ireland.jpg\",\"datePublished\":\"2014-10-20T09:11:13+00:00\",\"dateModified\":\"2026-01-30T16:27:16+00:00\",\"description\":\"Zarezerwuj ob\u00f3z letni Junior English z Irish College of English i zapewnij sobie wysokiej jako\u015bci zakwaterowanie u rodziny goszcz\u0105cej w odleg\u0142o\u015bci spaceru lub kr\u00f3tkiej podr\u00f3\u017cy autobusem od naszej szko\u0142y.\",\"breadcrumb\":{\"@id\":\"https:\\\/\\\/www.iceireland.com\\\/pl\\\/learn-english-ireland-host-family\\\/#breadcrumb\"},\"inLanguage\":\"pl-PL\",\"potentialAction\":[{\"@type\":\"ReadAction\",\"target\":[\"https:\\\/\\\/www.iceireland.com\\\/pl\\\/learn-english-ireland-host-family\\\/\"]}]},{\"@type\":\"ImageObject\",\"inLanguage\":\"pl-PL\",\"@id\":\"https:\\\/\\\/www.iceireland.com\\\/pl\\\/learn-english-ireland-host-family\\\/#primaryimage\",\"url\":\"https:\\\/\\\/www.iceireland.com\\\/wp-content\\\/uploads\\\/2014\\\/10\\\/Homestay-for-Teenagers-on-Junior-English-Summer-Camps-Ireland.jpg\",\"contentUrl\":\"https:\\\/\\\/www.iceireland.com\\\/wp-content\\\/uploads\\\/2014\\\/10\\\/Homestay-for-Teenagers-on-Junior-English-Summer-Camps-Ireland.jpg\"},{\"@type\":\"BreadcrumbList\",\"@id\":\"https:\\\/\\\/www.iceireland.com\\\/pl\\\/learn-english-ireland-host-family\\\/#breadcrumb\",\"itemListElement\":[{\"@type\":\"ListItem\",\"position\":1,\"name\":\"Home\",\"item\":\"https:\\\/\\\/www.iceireland.com\\\/pl\\\/\"},{\"@type\":\"ListItem\",\"position\":2,\"name\":\"Nauka angielskiego Irlandia Rodzina goszcz\u0105ca\"}]},{\"@type\":\"WebSite\",\"@id\":\"https:\\\/\\\/www.iceireland.com\\\/pl\\\/#website\",\"url\":\"https:\\\/\\\/www.iceireland.com\\\/pl\\\/\",\"name\":\"Irish College of English\",\"description\":\"English School in Dublin, Malahide\",\"publisher\":{\"@id\":\"https:\\\/\\\/www.iceireland.com\\\/pl\\\/#organization\"},\"potentialAction\":[{\"@type\":\"SearchAction\",\"target\":{\"@type\":\"EntryPoint\",\"urlTemplate\":\"https:\\\/\\\/www.iceireland.com\\\/pl\\\/?s={search_term_string}\"},\"query-input\":{\"@type\":\"PropertyValueSpecification\",\"valueRequired\":true,\"valueName\":\"search_term_string\"}}],\"inLanguage\":\"pl-PL\"},{\"@type\":\"Organization\",\"@id\":\"https:\\\/\\\/www.iceireland.com\\\/pl\\\/#organization\",\"name\":\"Irish College of English\",\"url\":\"https:\\\/\\\/www.iceireland.com\\\/pl\\\/\",\"logo\":{\"@type\":\"ImageObject\",\"inLanguage\":\"pl-PL\",\"@id\":\"https:\\\/\\\/www.iceireland.com\\\/pl\\\/#\\\/schema\\\/logo\\\/image\\\/\",\"url\":\"https:\\\/\\\/www.iceireland.com\\\/wp-content\\\/uploads\\\/2022\\\/03\\\/logo.png\",\"contentUrl\":\"https:\\\/\\\/www.iceireland.com\\\/wp-content\\\/uploads\\\/2022\\\/03\\\/logo.png\",\"width\":593,\"height\":92,\"caption\":\"Irish College of English\"},\"image\":{\"@id\":\"https:\\\/\\\/www.iceireland.com\\\/pl\\\/#\\\/schema\\\/logo\\\/image\\\/\"}}]}<\/script>\n<!-- \/ Yoast SEO plugin. -->","yoast_head_json":{"title":"Nauka angielskiego Irlandia Rodzina goszcz\u0105ca w odleg\u0142o\u015bci spaceru\/Bardzo kr\u00f3tka podr\u00f3\u017c autobusem","description":"Zarezerwuj ob\u00f3z letni Junior English z Irish College of English i zapewnij sobie wysokiej jako\u015bci zakwaterowanie u rodziny goszcz\u0105cej w odleg\u0142o\u015bci spaceru lub kr\u00f3tkiej podr\u00f3\u017cy autobusem od naszej szko\u0142y.","robots":{"index":"index","follow":"follow","max-snippet":"max-snippet:-1","max-image-preview":"max-image-preview:large","max-video-preview":"max-video-preview:-1"},"canonical":"https:\/\/www.iceireland.com\/pl\/learn-english-ireland-host-family\/","og_locale":"pl_PL","og_type":"article","og_title":"Nauka angielskiego Irlandia Rodzina goszcz\u0105ca w odleg\u0142o\u015bci spaceru\/Bardzo kr\u00f3tka podr\u00f3\u017c autobusem","og_description":"Zarezerwuj ob\u00f3z letni Junior English z Irish College of English i zapewnij sobie wysokiej jako\u015bci zakwaterowanie u rodziny goszcz\u0105cej w odleg\u0142o\u015bci spaceru lub kr\u00f3tkiej podr\u00f3\u017cy autobusem od naszej szko\u0142y.","og_url":"https:\/\/www.iceireland.com\/pl\/learn-english-ireland-host-family\/","og_site_name":"Irish College of English","article_modified_time":"2026-01-30T16:27:16+00:00","og_image":[{"width":572,"height":477,"url":"https:\/\/www.iceireland.com\/wp-content\/uploads\/2014\/10\/Homestay-for-Teenagers-on-Junior-English-Summer-Camps-Ireland.jpg","type":"image\/jpeg"}],"twitter_misc":{"Szacowany czas czytania":"3 minuty"},"schema":{"@context":"https:\/\/schema.org","@graph":[{"@type":"WebPage","@id":"https:\/\/www.iceireland.com\/pl\/learn-english-ireland-host-family\/","url":"https:\/\/www.iceireland.com\/pl\/learn-english-ireland-host-family\/","name":"Nauka angielskiego Irlandia Rodzina goszcz\u0105ca w odleg\u0142o\u015bci spaceru\/Bardzo kr\u00f3tka podr\u00f3\u017c autobusem","isPartOf":{"@id":"https:\/\/www.iceireland.com\/pl\/#website"},"primaryImageOfPage":{"@id":"https:\/\/www.iceireland.com\/pl\/learn-english-ireland-host-family\/#primaryimage"},"image":{"@id":"https:\/\/www.iceireland.com\/pl\/learn-english-ireland-host-family\/#primaryimage"},"thumbnailUrl":"https:\/\/www.iceireland.com\/wp-content\/uploads\/2014\/10\/Homestay-for-Teenagers-on-Junior-English-Summer-Camps-Ireland.jpg","datePublished":"2014-10-20T09:11:13+00:00","dateModified":"2026-01-30T16:27:16+00:00","description":"Zarezerwuj ob\u00f3z letni Junior English z Irish College of English i zapewnij sobie wysokiej jako\u015bci zakwaterowanie u rodziny goszcz\u0105cej w odleg\u0142o\u015bci spaceru lub kr\u00f3tkiej podr\u00f3\u017cy autobusem od naszej szko\u0142y.","breadcrumb":{"@id":"https:\/\/www.iceireland.com\/pl\/learn-english-ireland-host-family\/#breadcrumb"},"inLanguage":"pl-PL","potentialAction":[{"@type":"ReadAction","target":["https:\/\/www.iceireland.com\/pl\/learn-english-ireland-host-family\/"]}]},{"@type":"ImageObject","inLanguage":"pl-PL","@id":"https:\/\/www.iceireland.com\/pl\/learn-english-ireland-host-family\/#primaryimage","url":"https:\/\/www.iceireland.com\/wp-content\/uploads\/2014\/10\/Homestay-for-Teenagers-on-Junior-English-Summer-Camps-Ireland.jpg","contentUrl":"https:\/\/www.iceireland.com\/wp-content\/uploads\/2014\/10\/Homestay-for-Teenagers-on-Junior-English-Summer-Camps-Ireland.jpg"},{"@type":"BreadcrumbList","@id":"https:\/\/www.iceireland.com\/pl\/learn-english-ireland-host-family\/#breadcrumb","itemListElement":[{"@type":"ListItem","position":1,"name":"Home","item":"https:\/\/www.iceireland.com\/pl\/"},{"@type":"ListItem","position":2,"name":"Nauka angielskiego Irlandia Rodzina goszcz\u0105ca"}]},{"@type":"WebSite","@id":"https:\/\/www.iceireland.com\/pl\/#website","url":"https:\/\/www.iceireland.com\/pl\/","name":"Irish College of English","description":"English School in Dublin, Malahide","publisher":{"@id":"https:\/\/www.iceireland.com\/pl\/#organization"},"potentialAction":[{"@type":"SearchAction","target":{"@type":"EntryPoint","urlTemplate":"https:\/\/www.iceireland.com\/pl\/?s={search_term_string}"},"query-input":{"@type":"PropertyValueSpecification","valueRequired":true,"valueName":"search_term_string"}}],"inLanguage":"pl-PL"},{"@type":"Organization","@id":"https:\/\/www.iceireland.com\/pl\/#organization","name":"Irish College of English","url":"https:\/\/www.iceireland.com\/pl\/","logo":{"@type":"ImageObject","inLanguage":"pl-PL","@id":"https:\/\/www.iceireland.com\/pl\/#\/schema\/logo\/image\/","url":"https:\/\/www.iceireland.com\/wp-content\/uploads\/2022\/03\/logo.png","contentUrl":"https:\/\/www.iceireland.com\/wp-content\/uploads\/2022\/03\/logo.png","width":593,"height":92,"caption":"Irish College of English"},"image":{"@id":"https:\/\/www.iceireland.com\/pl\/#\/schema\/logo\/image\/"}}]}},"_links":{"self":[{"href":"https:\/\/www.iceireland.com\/pl\/wp-json\/wp\/v2\/pages\/32128","targetHints":{"allow":["GET"]}}],"collection":[{"href":"https:\/\/www.iceireland.com\/pl\/wp-json\/wp\/v2\/pages"}],"about":[{"href":"https:\/\/www.iceireland.com\/pl\/wp-json\/wp\/v2\/types\/page"}],"author":[{"embeddable":true,"href":"https:\/\/www.iceireland.com\/pl\/wp-json\/wp\/v2\/users\/1"}],"replies":[{"embeddable":true,"href":"https:\/\/www.iceireland.com\/pl\/wp-json\/wp\/v2\/comments?post=32128"}],"version-history":[{"count":1,"href":"https:\/\/www.iceireland.com\/pl\/wp-json\/wp\/v2\/pages\/32128\/revisions"}],"predecessor-version":[{"id":32135,"href":"https:\/\/www.iceireland.com\/pl\/wp-json\/wp\/v2\/pages\/32128\/revisions\/32135"}],"wp:attachment":[{"href":"https:\/\/www.iceireland.com\/pl\/wp-json\/wp\/v2\/media?parent=32128"}],"curies":[{"name":"wp","href":"https:\/\/api.w.org\/{rel}","templated":true}]}}