{"id":32199,"date":"2014-10-20T09:28:41","date_gmt":"2014-10-20T09:28:41","guid":{"rendered":"https:\/\/www.iceireland.com\/contact-us\/"},"modified":"2026-03-31T10:55:25","modified_gmt":"2026-03-31T10:55:25","slug":"contact-us","status":"publish","type":"page","link":"https:\/\/www.iceireland.com\/pl\/contact-us\/","title":{"rendered":"Kontakt"},"content":{"rendered":"\t\t<div data-elementor-type=\"wp-page\" data-elementor-id=\"32199\" class=\"elementor elementor-32199 elementor-139\" data-elementor-post-type=\"page\">\n\t\t\t\t\t\t<section class=\"elementor-section elementor-top-section elementor-element elementor-element-786134da cta elementor-section-boxed elementor-section-height-default elementor-section-height-default\" data-id=\"786134da\" data-element_type=\"section\" data-e-type=\"section\" id=\"cta\">\n\t\t\t\t\t\t<div class=\"elementor-container elementor-column-gap-default\">\n\t\t\t\t\t<div class=\"elementor-column elementor-col-100 elementor-top-column elementor-element elementor-element-53db5293\" data-id=\"53db5293\" data-element_type=\"column\" data-e-type=\"column\">\n\t\t\t<div class=\"elementor-widget-wrap elementor-element-populated\">\n\t\t\t\t\t\t<div class=\"elementor-element elementor-element-361f624d elementor-widget elementor-widget-text-editor\" data-id=\"361f624d\" data-element_type=\"widget\" data-e-type=\"widget\" data-widget_type=\"text-editor.default\">\n\t\t\t\t<div class=\"elementor-widget-container\">\n\t\t\t\t\t\t\t\t\t<p>Dzi\u0119kujemy za odwiedzenie naszej strony internetowej. Aby uzyska\u0107 wi\u0119cej informacji na temat naszej szko\u0142y j\u0119zyka angielskiego lub kt\u00f3regokolwiek z naszych kurs\u00f3w i program\u00f3w lub zada\u0107 jakiekolwiek pytania do naszego biura zapis\u00f3w, skontaktuj si\u0119 z nami za pomoc\u0105 poni\u017cszego formularza: <\/p>\t\t\t\t\t\t\t\t<\/div>\n\t\t\t\t<\/div>\n\t\t\t\t\t<\/div>\n\t\t<\/div>\n\t\t\t\t\t<\/div>\n\t\t<\/section>\n\t\t\t\t<section class=\"elementor-section elementor-top-section elementor-element elementor-element-0233543 cta elementor-section-boxed elementor-section-height-default elementor-section-height-default\" data-id=\"0233543\" data-element_type=\"section\" data-e-type=\"section\">\n\t\t\t\t\t\t<div class=\"elementor-container elementor-column-gap-default\">\n\t\t\t\t\t<div class=\"elementor-column elementor-col-100 elementor-top-column elementor-element elementor-element-87a5043\" data-id=\"87a5043\" data-element_type=\"column\" data-e-type=\"column\">\n\t\t\t<div class=\"elementor-widget-wrap elementor-element-populated\">\n\t\t\t\t\t\t<div class=\"elementor-element elementor-element-290df99 elementor-button-align-start elementor-widget elementor-widget-form\" data-id=\"290df99\" data-element_type=\"widget\" data-e-type=\"widget\" data-settings=\"{&quot;step_next_label&quot;:&quot;Nast\\u0119pny&quot;,&quot;step_previous_label&quot;:&quot;Poprzedni&quot;,&quot;button_width&quot;:&quot;100&quot;,&quot;step_type&quot;:&quot;number_text&quot;,&quot;step_icon_shape&quot;:&quot;circle&quot;}\" data-widget_type=\"form.default\">\n\t\t\t\t<div class=\"elementor-widget-container\">\n\t\t\t\t\t\t\t<form class=\"elementor-form\" method=\"post\" id=\"ice_contact_page\" name=\"Nowy formularz\" aria-label=\"Nowy formularz\">\n\t\t\t<input type=\"hidden\" name=\"post_id\" value=\"32199\"\/>\n\t\t\t<input type=\"hidden\" name=\"form_id\" value=\"290df99\"\/>\n\t\t\t<input type=\"hidden\" name=\"referer_title\" value=\"Kontakt Irish College of English | Szko\u0142a j\u0119zyka angielskiego\" \/>\n\n\t\t\t\t\t\t\t<input type=\"hidden\" name=\"queried_id\" value=\"32199\"\/>\n\t\t\t\n\t\t\t<div class=\"elementor-form-fields-wrapper elementor-labels-above\">\n\t\t\t\t\t\t\t\t<div class=\"elementor-field-type-text elementor-field-group elementor-column elementor-field-group-name elementor-col-30 elementor-field-required elementor-mark-required\">\n\t\t\t\t\t\t\t\t\t\t\t\t<label for=\"form-field-name\" class=\"elementor-field-label\">\n\t\t\t\t\t\t\t\tNazwa\t\t\t\t\t\t\t<\/label>\n\t\t\t\t\t\t\t\t\t\t\t\t\t\t<input size=\"1\" type=\"text\" name=\"form_fields[name]\" id=\"form-field-name\" class=\"elementor-field elementor-size-sm  elementor-field-textual\" placeholder=\"Nazwa\" required=\"required\">\n\t\t\t\t\t\t\t\t\t\t\t<\/div>\n\t\t\t\t\t\t\t\t<div class=\"elementor-field-type-text elementor-field-group elementor-column elementor-field-group-field_4933d27 elementor-col-40 elementor-field-required elementor-mark-required\">\n\t\t\t\t\t\t\t\t\t\t\t\t<label for=\"form-field-field_4933d27\" class=\"elementor-field-label\">\n\t\t\t\t\t\t\t\tNazwisko\t\t\t\t\t\t\t<\/label>\n\t\t\t\t\t\t\t\t\t\t\t\t\t\t<input size=\"1\" type=\"text\" name=\"form_fields[field_4933d27]\" id=\"form-field-field_4933d27\" class=\"elementor-field elementor-size-sm  elementor-field-textual\" placeholder=\"Nazwisko\" required=\"required\">\n\t\t\t\t\t\t\t\t\t\t\t<\/div>\n\t\t\t\t\t\t\t\t<div class=\"elementor-field-type-text elementor-field-group elementor-column elementor-field-group-field_9c254b5 elementor-col-30\">\n\t\t\t\t\t\t\t\t\t\t\t\t<label for=\"form-field-field_9c254b5\" class=\"elementor-field-label\">\n\t\t\t\t\t\t\t\tNarodowo\u015b\u0107\t\t\t\t\t\t\t<\/label>\n\t\t\t\t\t\t\t\t\t\t\t\t\t\t<input size=\"1\" type=\"text\" name=\"form_fields[field_9c254b5]\" id=\"form-field-field_9c254b5\" class=\"elementor-field elementor-size-sm  elementor-field-textual\" placeholder=\"Narodowo\u015b\u0107\">\n\t\t\t\t\t\t\t\t\t\t\t<\/div>\n\t\t\t\t\t\t\t\t<div class=\"elementor-field-type-email elementor-field-group elementor-column elementor-field-group-email elementor-col-70 elementor-field-required elementor-mark-required\">\n\t\t\t\t\t\t\t\t\t\t\t\t<label for=\"form-field-email\" class=\"elementor-field-label\">\n\t\t\t\t\t\t\t\tE-mail\t\t\t\t\t\t\t<\/label>\n\t\t\t\t\t\t\t\t\t\t\t\t\t\t<input size=\"1\" type=\"email\" name=\"form_fields[email]\" id=\"form-field-email\" class=\"elementor-field elementor-size-sm  elementor-field-textual\" placeholder=\"E-mail\" required=\"required\">\n\t\t\t\t\t\t\t\t\t\t\t<\/div>\n\t\t\t\t\t\t\t\t<div class=\"elementor-field-type-tel elementor-field-group elementor-column elementor-field-group-field_56c1d0e elementor-col-30\">\n\t\t\t\t\t\t\t\t\t\t\t\t<label for=\"form-field-field_56c1d0e\" class=\"elementor-field-label\">\n\t\t\t\t\t\t\t\tNumer telefonu\t\t\t\t\t\t\t<\/label>\n\t\t\t\t\t\t\t\t<input size=\"1\" type=\"tel\" name=\"form_fields[field_56c1d0e]\" id=\"form-field-field_56c1d0e\" class=\"elementor-field elementor-size-sm  elementor-field-textual\" placeholder=\"Numer telefonu\" pattern=\"[0-9()#&amp;+*-=.]+\" title=\"Akceptowane s\u0105 jedynie cyfry i znaki telefoniczne (#,-,*).\">\n\n\t\t\t\t\t\t<\/div>\n\t\t\t\t\t\t\t\t<div class=\"elementor-field-type-text elementor-field-group elementor-column elementor-field-group-field_c5b98b7 elementor-col-50\">\n\t\t\t\t\t\t\t\t\t\t\t\t<label for=\"form-field-field_c5b98b7\" class=\"elementor-field-label\">\n\t\t\t\t\t\t\t\tPrzedmiot\t\t\t\t\t\t\t<\/label>\n\t\t\t\t\t\t\t\t\t\t\t\t\t\t<input size=\"1\" type=\"text\" name=\"form_fields[field_c5b98b7]\" id=\"form-field-field_c5b98b7\" class=\"elementor-field elementor-size-sm  elementor-field-textual\" placeholder=\"Przedmiot\">\n\t\t\t\t\t\t\t\t\t\t\t<\/div>\n\t\t\t\t\t\t\t\t<div class=\"elementor-field-type-textarea elementor-field-group elementor-column elementor-field-group-message elementor-col-100\">\n\t\t\t\t\t\t\t\t\t\t\t\t<label for=\"form-field-message\" class=\"elementor-field-label\">\n\t\t\t\t\t\t\t\tWiadomo\u015b\u0107\t\t\t\t\t\t\t<\/label>\n\t\t\t\t\t\t<textarea class=\"elementor-field-textual elementor-field  elementor-size-sm\" name=\"form_fields[message]\" id=\"form-field-message\" rows=\"4\" placeholder=\"Wiadomo\u015b\u0107\"><\/textarea>\t\t\t\t<\/div>\n\t\t\t\t\t\t\t\t<div class=\"elementor-field-type-acceptance elementor-field-group elementor-column elementor-field-group-field_5c5a042 elementor-col-100 elementor-field-required elementor-mark-required\">\n\t\t\t\t\t\t\t<div class=\"elementor-field-subgroup\">\n\t\t\t<span class=\"elementor-field-option\">\n\t\t\t\t<input type=\"checkbox\" name=\"form_fields[field_5c5a042]\" id=\"form-field-field_5c5a042\" class=\"elementor-field elementor-size-sm  elementor-acceptance-field\" required=\"required\">\n\t\t\t\t<label for=\"form-field-field_5c5a042\">Zgadzam si\u0119 z <a target=\"_blank\" href=\"https:\/\/www.iceireland.com\/wp-content\/uploads\/2023\/07\/ICE-Data-Protection-Policy.pdf\">polityk\u0105 prywatno\u015bci<\/a> ICE<\/label>\t\t\t<\/span>\n\t\t<\/div>\n\t\t\t\t\t\t<\/div>\n\t\t\t\t\t\t\t\t<div class=\"elementor-field-type-recaptcha_v3 elementor-field-group elementor-column elementor-field-group-field_6396056 elementor-col-100 recaptcha_v3-inline\">\n\t\t\t\t\t<div class=\"elementor-field\" id=\"form-field-field_6396056\"><div class=\"elementor-g-recaptcha\" data-sitekey=\"6LdLbp8sAAAAANkX9ZeXlqiJm2n5ZylOcI7_zgSO\" data-type=\"v3\" data-action=\"Form\" data-badge=\"inline\" data-size=\"invisible\"><\/div><\/div>\t\t\t\t<\/div>\n\t\t\t\t\t\t\t\t<div class=\"elementor-field-group elementor-column elementor-field-type-submit elementor-col-100 e-form__buttons\">\n\t\t\t\t\t<button class=\"elementor-button elementor-size-sm\" type=\"submit\">\n\t\t\t\t\t\t<span class=\"elementor-button-content-wrapper\">\n\t\t\t\t\t\t\t\t\t\t\t\t\t\t\t\t\t\t\t\t\t\t<span class=\"elementor-button-text\">Wy\u015blij<\/span>\n\t\t\t\t\t\t\t\t\t\t\t\t\t<\/span>\n\t\t\t\t\t<\/button>\n\t\t\t\t<\/div>\n\t\t\t<\/div>\n\t\t<\/form>\n\t\t\t\t\t\t<\/div>\n\t\t\t\t<\/div>\n\t\t\t\t\t<\/div>\n\t\t<\/div>\n\t\t\t\t\t<\/div>\n\t\t<\/section>\n\t\t\t\t<section class=\"elementor-section elementor-top-section elementor-element elementor-element-aa905f3 cta elementor-section-boxed elementor-section-height-default elementor-section-height-default\" data-id=\"aa905f3\" data-element_type=\"section\" data-e-type=\"section\">\n\t\t\t\t\t\t<div class=\"elementor-container elementor-column-gap-default\">\n\t\t\t\t\t<div class=\"elementor-column elementor-col-100 elementor-top-column elementor-element elementor-element-f5b358c\" data-id=\"f5b358c\" data-element_type=\"column\" data-e-type=\"column\">\n\t\t\t<div class=\"elementor-widget-wrap elementor-element-populated\">\n\t\t\t\t\t\t<div class=\"elementor-element elementor-element-9116cc6 elementor-widget elementor-widget-text-editor\" data-id=\"9116cc6\" data-element_type=\"widget\" data-e-type=\"widget\" data-widget_type=\"text-editor.default\">\n\t\t\t\t<div class=\"elementor-widget-container\">\n\t\t\t\t\t\t\t\t\t<p style=\"text-align: left;\"><strong>Lokalizacja szko\u0142y na mapie<\/strong><\/p><h2><iframe style=\"border: 0px currentColor;\" src=\"https:\/\/www.google.com\/maps\/embed?pb=!1m18!1m12!1m3!1d2376.028543784925!2d-6.153333999999976!3d53.45007599999998!2m3!1f0!2f0!3f0!3m2!1i1024!2i768!4f13.1!3m3!1m2!1s0x48671a603ffaed79%3A0xff1db755ca7863d5!2sIrish+College+of+English!5e0!3m2!1sen!2s!4v1413811112153\" width=\"100%\" height=\"450\" frameborder=\"0\"><\/iframe><\/h2><p><strong>Biuro g\u0142\u00f3wne<\/strong><br>Irish College of English,<br>6 Church Road,<br>Malahide,<br>Co. Dublin, <\/p><p>Kod pocztowy: K36 KF21<\/p><p>Tel: +353 1 8453744<\/p><p><strong>Email: <span style=\"color: #339966;\"><a style=\"color: #339966;\" title=\"kontakt\" href=\"mailto:info@iceireland.com\">info@iceireland.com<\/a><br><\/span><\/strong><\/p><p><strong> <\/strong><\/p><p><strong>Skontaktuj si\u0119 z naszym specjalist\u0105 ds. rejestracji:<\/strong><\/p><p>W przypadku pyta\u0144 dotycz\u0105cych wst\u0119pnej rejestracji prosimy o kontakt z naszym specjalist\u0105 ds. rejestracji za pomoc\u0105 dowolnego formularza na tej stronie lub na nasz adres e-mail: <span style=\"color: #339966;\"><a style=\"color: #339966;\" title=\"kontakt\" href=\"mailto:info@iceireland.com\">info@iceireland.com<\/a><br><\/span><\/p><p><span style=\"color: #339966;\"> <\/span><\/p>\t\t\t\t\t\t\t\t<\/div>\n\t\t\t\t<\/div>\n\t\t\t\t\t<\/div>\n\t\t<\/div>\n\t\t\t\t\t<\/div>\n\t\t<\/section>\n\t\t\t\t<\/div>\n\t\t","protected":false},"excerpt":{"rendered":"<p>Dzi\u0119kujemy za odwiedzenie naszej strony internetowej. Aby uzyska\u0107 wi\u0119cej informacji na temat naszej szko\u0142y j\u0119zyka angielskiego lub kt\u00f3regokolwiek z naszych kurs\u00f3w i program\u00f3w lub zada\u0107 jakiekolwiek pytania do naszego biura zapis\u00f3w, skontaktuj si\u0119 z nami za pomoc\u0105 poni\u017cszego formularza: Lokalizacja szko\u0142y na mapie Biuro g\u0142\u00f3wneIrish College of English,6 Church Road,Malahide,Co. Dublin, Kod pocztowy: K36 KF21 [&hellip;]<\/p>\n","protected":false},"author":1,"featured_media":0,"parent":0,"menu_order":0,"comment_status":"open","ping_status":"open","template":"elementor_header_footer","meta":{"content-type":"","footnotes":""},"class_list":["post-32199","page","type-page","status-publish","hentry"],"yoast_head":"<!-- This site is optimized with the Yoast SEO plugin v27.3 - https:\/\/yoast.com\/product\/yoast-seo-wordpress\/ -->\n<title>Kontakt Irish College of English | Szko\u0142a j\u0119zyka angielskiego<\/title>\n<meta name=\"description\" content=\"Szukasz szko\u0142y j\u0119zyka angielskiego w Dublinie. Skontaktuj si\u0119 z nami na infor@iceireland.com lub zadzwo\u0144 do nas ju\u017c dzi\u015b pod numer 00353 1 8453744 lub odwied\u017a www.iceireland.com.\" \/>\n<meta name=\"robots\" content=\"index, follow, max-snippet:-1, max-image-preview:large, max-video-preview:-1\" \/>\n<link rel=\"canonical\" href=\"https:\/\/www.iceireland.com\/pl\/contact-us\/\" \/>\n<meta property=\"og:locale\" content=\"pl_PL\" \/>\n<meta property=\"og:type\" content=\"article\" \/>\n<meta property=\"og:title\" content=\"Kontakt Irish College of English | Szko\u0142a j\u0119zyka angielskiego\" \/>\n<meta property=\"og:description\" content=\"Szukasz szko\u0142y j\u0119zyka angielskiego w Dublinie. Skontaktuj si\u0119 z nami na infor@iceireland.com lub zadzwo\u0144 do nas ju\u017c dzi\u015b pod numer 00353 1 8453744 lub odwied\u017a www.iceireland.com.\" \/>\n<meta property=\"og:url\" content=\"https:\/\/www.iceireland.com\/pl\/contact-us\/\" \/>\n<meta property=\"og:site_name\" content=\"Irish College of English\" \/>\n<meta property=\"article:modified_time\" content=\"2026-03-31T10:55:25+00:00\" \/>\n<meta name=\"twitter:label1\" content=\"Szacowany czas czytania\" \/>\n\t<meta name=\"twitter:data1\" content=\"1 minuta\" \/>\n<script type=\"application\/ld+json\" class=\"yoast-schema-graph\">{\"@context\":\"https:\\\/\\\/schema.org\",\"@graph\":[{\"@type\":\"WebPage\",\"@id\":\"https:\\\/\\\/www.iceireland.com\\\/pl\\\/contact-us\\\/\",\"url\":\"https:\\\/\\\/www.iceireland.com\\\/pl\\\/contact-us\\\/\",\"name\":\"Kontakt Irish College of English | Szko\u0142a j\u0119zyka angielskiego\",\"isPartOf\":{\"@id\":\"https:\\\/\\\/www.iceireland.com\\\/pl\\\/#website\"},\"datePublished\":\"2014-10-20T09:28:41+00:00\",\"dateModified\":\"2026-03-31T10:55:25+00:00\",\"description\":\"Szukasz szko\u0142y j\u0119zyka angielskiego w Dublinie. Skontaktuj si\u0119 z nami na infor@iceireland.com lub zadzwo\u0144 do nas ju\u017c dzi\u015b pod numer 00353 1 8453744 lub odwied\u017a www.iceireland.com.\",\"breadcrumb\":{\"@id\":\"https:\\\/\\\/www.iceireland.com\\\/pl\\\/contact-us\\\/#breadcrumb\"},\"inLanguage\":\"pl-PL\",\"potentialAction\":[{\"@type\":\"ReadAction\",\"target\":[\"https:\\\/\\\/www.iceireland.com\\\/pl\\\/contact-us\\\/\"]}]},{\"@type\":\"BreadcrumbList\",\"@id\":\"https:\\\/\\\/www.iceireland.com\\\/pl\\\/contact-us\\\/#breadcrumb\",\"itemListElement\":[{\"@type\":\"ListItem\",\"position\":1,\"name\":\"Home\",\"item\":\"https:\\\/\\\/www.iceireland.com\\\/pl\\\/\"},{\"@type\":\"ListItem\",\"position\":2,\"name\":\"Kontakt\"}]},{\"@type\":\"WebSite\",\"@id\":\"https:\\\/\\\/www.iceireland.com\\\/pl\\\/#website\",\"url\":\"https:\\\/\\\/www.iceireland.com\\\/pl\\\/\",\"name\":\"Irish College of English\",\"description\":\"English School in Dublin, Malahide\",\"publisher\":{\"@id\":\"https:\\\/\\\/www.iceireland.com\\\/pl\\\/#organization\"},\"potentialAction\":[{\"@type\":\"SearchAction\",\"target\":{\"@type\":\"EntryPoint\",\"urlTemplate\":\"https:\\\/\\\/www.iceireland.com\\\/pl\\\/?s={search_term_string}\"},\"query-input\":{\"@type\":\"PropertyValueSpecification\",\"valueRequired\":true,\"valueName\":\"search_term_string\"}}],\"inLanguage\":\"pl-PL\"},{\"@type\":\"Organization\",\"@id\":\"https:\\\/\\\/www.iceireland.com\\\/pl\\\/#organization\",\"name\":\"Irish College of English\",\"url\":\"https:\\\/\\\/www.iceireland.com\\\/pl\\\/\",\"logo\":{\"@type\":\"ImageObject\",\"inLanguage\":\"pl-PL\",\"@id\":\"https:\\\/\\\/www.iceireland.com\\\/pl\\\/#\\\/schema\\\/logo\\\/image\\\/\",\"url\":\"https:\\\/\\\/www.iceireland.com\\\/wp-content\\\/uploads\\\/2022\\\/03\\\/logo.png\",\"contentUrl\":\"https:\\\/\\\/www.iceireland.com\\\/wp-content\\\/uploads\\\/2022\\\/03\\\/logo.png\",\"width\":593,\"height\":92,\"caption\":\"Irish College of English\"},\"image\":{\"@id\":\"https:\\\/\\\/www.iceireland.com\\\/pl\\\/#\\\/schema\\\/logo\\\/image\\\/\"}}]}<\/script>\n<!-- \/ Yoast SEO plugin. -->","yoast_head_json":{"title":"Kontakt Irish College of English | Szko\u0142a j\u0119zyka angielskiego","description":"Szukasz szko\u0142y j\u0119zyka angielskiego w Dublinie. Skontaktuj si\u0119 z nami na infor@iceireland.com lub zadzwo\u0144 do nas ju\u017c dzi\u015b pod numer 00353 1 8453744 lub odwied\u017a www.iceireland.com.","robots":{"index":"index","follow":"follow","max-snippet":"max-snippet:-1","max-image-preview":"max-image-preview:large","max-video-preview":"max-video-preview:-1"},"canonical":"https:\/\/www.iceireland.com\/pl\/contact-us\/","og_locale":"pl_PL","og_type":"article","og_title":"Kontakt Irish College of English | Szko\u0142a j\u0119zyka angielskiego","og_description":"Szukasz szko\u0142y j\u0119zyka angielskiego w Dublinie. Skontaktuj si\u0119 z nami na infor@iceireland.com lub zadzwo\u0144 do nas ju\u017c dzi\u015b pod numer 00353 1 8453744 lub odwied\u017a www.iceireland.com.","og_url":"https:\/\/www.iceireland.com\/pl\/contact-us\/","og_site_name":"Irish College of English","article_modified_time":"2026-03-31T10:55:25+00:00","twitter_misc":{"Szacowany czas czytania":"1 minuta"},"schema":{"@context":"https:\/\/schema.org","@graph":[{"@type":"WebPage","@id":"https:\/\/www.iceireland.com\/pl\/contact-us\/","url":"https:\/\/www.iceireland.com\/pl\/contact-us\/","name":"Kontakt Irish College of English | Szko\u0142a j\u0119zyka angielskiego","isPartOf":{"@id":"https:\/\/www.iceireland.com\/pl\/#website"},"datePublished":"2014-10-20T09:28:41+00:00","dateModified":"2026-03-31T10:55:25+00:00","description":"Szukasz szko\u0142y j\u0119zyka angielskiego w Dublinie. Skontaktuj si\u0119 z nami na infor@iceireland.com lub zadzwo\u0144 do nas ju\u017c dzi\u015b pod numer 00353 1 8453744 lub odwied\u017a www.iceireland.com.","breadcrumb":{"@id":"https:\/\/www.iceireland.com\/pl\/contact-us\/#breadcrumb"},"inLanguage":"pl-PL","potentialAction":[{"@type":"ReadAction","target":["https:\/\/www.iceireland.com\/pl\/contact-us\/"]}]},{"@type":"BreadcrumbList","@id":"https:\/\/www.iceireland.com\/pl\/contact-us\/#breadcrumb","itemListElement":[{"@type":"ListItem","position":1,"name":"Home","item":"https:\/\/www.iceireland.com\/pl\/"},{"@type":"ListItem","position":2,"name":"Kontakt"}]},{"@type":"WebSite","@id":"https:\/\/www.iceireland.com\/pl\/#website","url":"https:\/\/www.iceireland.com\/pl\/","name":"Irish College of English","description":"English School in Dublin, Malahide","publisher":{"@id":"https:\/\/www.iceireland.com\/pl\/#organization"},"potentialAction":[{"@type":"SearchAction","target":{"@type":"EntryPoint","urlTemplate":"https:\/\/www.iceireland.com\/pl\/?s={search_term_string}"},"query-input":{"@type":"PropertyValueSpecification","valueRequired":true,"valueName":"search_term_string"}}],"inLanguage":"pl-PL"},{"@type":"Organization","@id":"https:\/\/www.iceireland.com\/pl\/#organization","name":"Irish College of English","url":"https:\/\/www.iceireland.com\/pl\/","logo":{"@type":"ImageObject","inLanguage":"pl-PL","@id":"https:\/\/www.iceireland.com\/pl\/#\/schema\/logo\/image\/","url":"https:\/\/www.iceireland.com\/wp-content\/uploads\/2022\/03\/logo.png","contentUrl":"https:\/\/www.iceireland.com\/wp-content\/uploads\/2022\/03\/logo.png","width":593,"height":92,"caption":"Irish College of English"},"image":{"@id":"https:\/\/www.iceireland.com\/pl\/#\/schema\/logo\/image\/"}}]}},"_links":{"self":[{"href":"https:\/\/www.iceireland.com\/pl\/wp-json\/wp\/v2\/pages\/32199","targetHints":{"allow":["GET"]}}],"collection":[{"href":"https:\/\/www.iceireland.com\/pl\/wp-json\/wp\/v2\/pages"}],"about":[{"href":"https:\/\/www.iceireland.com\/pl\/wp-json\/wp\/v2\/types\/page"}],"author":[{"embeddable":true,"href":"https:\/\/www.iceireland.com\/pl\/wp-json\/wp\/v2\/users\/1"}],"replies":[{"embeddable":true,"href":"https:\/\/www.iceireland.com\/pl\/wp-json\/wp\/v2\/comments?post=32199"}],"version-history":[{"count":4,"href":"https:\/\/www.iceireland.com\/pl\/wp-json\/wp\/v2\/pages\/32199\/revisions"}],"predecessor-version":[{"id":36164,"href":"https:\/\/www.iceireland.com\/pl\/wp-json\/wp\/v2\/pages\/32199\/revisions\/36164"}],"wp:attachment":[{"href":"https:\/\/www.iceireland.com\/pl\/wp-json\/wp\/v2\/media?parent=32199"}],"curies":[{"name":"wp","href":"https:\/\/api.w.org\/{rel}","templated":true}]}}