{"id":32255,"date":"2014-11-12T15:03:17","date_gmt":"2014-11-12T15:03:17","guid":{"rendered":"https:\/\/www.iceireland.com\/study-abroad-host-family\/"},"modified":"2026-01-30T16:38:56","modified_gmt":"2026-01-30T16:38:56","slug":"study-abroad-host-family","status":"publish","type":"page","link":"https:\/\/www.iceireland.com\/pl\/study-abroad-host-family\/","title":{"rendered":"Doros\u0142a rodzina goszcz\u0105ca"},"content":{"rendered":"\t\t<div data-elementor-type=\"wp-page\" data-elementor-id=\"32255\" class=\"elementor elementor-32255 elementor-657\" data-elementor-post-type=\"page\">\n\t\t\t\t\t\t<section class=\"elementor-section elementor-top-section elementor-element elementor-element-4e9cc1c elementor-section-content-middle elementor-section-boxed elementor-section-height-default elementor-section-height-default\" data-id=\"4e9cc1c\" data-element_type=\"section\" data-e-type=\"section\">\n\t\t\t\t\t\t<div class=\"elementor-container elementor-column-gap-no\">\n\t\t\t\t\t<div class=\"elementor-column elementor-col-100 elementor-top-column elementor-element elementor-element-142e06c\" data-id=\"142e06c\" data-element_type=\"column\" data-e-type=\"column\">\n\t\t\t<div class=\"elementor-widget-wrap elementor-element-populated\">\n\t\t\t\t\t\t<div class=\"elementor-element elementor-element-0fa216a elementor-widget elementor-widget-heading\" data-id=\"0fa216a\" data-element_type=\"widget\" data-e-type=\"widget\" data-widget_type=\"heading.default\">\n\t\t\t\t<div class=\"elementor-widget-container\">\n\t\t\t\t\t<h1 class=\"elementor-heading-title elementor-size-default\">Zakwaterowanie u rodziny goszcz\u0105cej<\/h1>\t\t\t\t<\/div>\n\t\t\t\t<\/div>\n\t\t\t\t\t<\/div>\n\t\t<\/div>\n\t\t\t\t\t<\/div>\n\t\t<\/section>\n\t\t\t\t<section class=\"elementor-section elementor-top-section elementor-element elementor-element-a56626b elementor-section-content-middle elementor-section-stretched elementor-section-boxed elementor-section-height-default elementor-section-height-default\" data-id=\"a56626b\" data-element_type=\"section\" data-e-type=\"section\" data-settings=\"{&quot;background_background&quot;:&quot;classic&quot;,&quot;stretch_section&quot;:&quot;section-stretched&quot;}\">\n\t\t\t\t\t\t<div class=\"elementor-container elementor-column-gap-no\">\n\t\t\t\t\t<div class=\"elementor-column elementor-col-50 elementor-top-column elementor-element elementor-element-ad9d52d\" data-id=\"ad9d52d\" data-element_type=\"column\" data-e-type=\"column\" data-settings=\"{&quot;background_background&quot;:&quot;classic&quot;}\">\n\t\t\t<div class=\"elementor-widget-wrap elementor-element-populated\">\n\t\t\t\t\t\t<div class=\"elementor-element elementor-element-2d974c4 elementor-widget elementor-widget-spacer\" data-id=\"2d974c4\" data-element_type=\"widget\" data-e-type=\"widget\" data-widget_type=\"spacer.default\">\n\t\t\t\t<div class=\"elementor-widget-container\">\n\t\t\t\t\t\t\t<div class=\"elementor-spacer\">\n\t\t\t<div class=\"elementor-spacer-inner\"><\/div>\n\t\t<\/div>\n\t\t\t\t\t\t<\/div>\n\t\t\t\t<\/div>\n\t\t\t\t\t<\/div>\n\t\t<\/div>\n\t\t\t\t<div class=\"elementor-column elementor-col-50 elementor-top-column elementor-element elementor-element-158f932\" data-id=\"158f932\" data-element_type=\"column\" data-e-type=\"column\" data-settings=\"{&quot;background_background&quot;:&quot;classic&quot;}\">\n\t\t\t<div class=\"elementor-widget-wrap elementor-element-populated\">\n\t\t\t\t\t\t<section class=\"elementor-section elementor-inner-section elementor-element elementor-element-80348ba elementor-section-boxed elementor-section-height-default elementor-section-height-default\" data-id=\"80348ba\" data-element_type=\"section\" data-e-type=\"section\">\n\t\t\t\t\t\t<div class=\"elementor-container elementor-column-gap-default\">\n\t\t\t\t\t<div class=\"elementor-column elementor-col-100 elementor-inner-column elementor-element elementor-element-2dd7c50\" data-id=\"2dd7c50\" data-element_type=\"column\" data-e-type=\"column\">\n\t\t\t<div class=\"elementor-widget-wrap\">\n\t\t\t\t\t\t\t<\/div>\n\t\t<\/div>\n\t\t\t\t\t<\/div>\n\t\t<\/section>\n\t\t\t\t<div class=\"elementor-element elementor-element-5967be2 elementor-widget elementor-widget-text-editor\" data-id=\"5967be2\" data-element_type=\"widget\" data-e-type=\"widget\" data-widget_type=\"text-editor.default\">\n\t\t\t\t<div class=\"elementor-widget-container\">\n\t\t\t\t\t\t\t\t\t<p>Przyja\u017ani i go\u015bcinni irlandzcy gospodarze z wygodnymi pokojami w odleg\u0142o\u015bci spaceru lub kr\u00f3tkiej podr\u00f3\u017cy autobusem\/poci\u0105giem od naszej szko\u0142y sprawiaj\u0105, \u017ce jest to idealne do\u015bwiadczenie.<\/p><ul><li>Pe\u0142ne wy\u017cywienie<\/li><li>Pok\u00f3j jednoosobowy<\/li><li>\u20ac280 za tydzie\u0144<\/li><li>Odleg\u0142o\u015b\u0107 pieszo lub kr\u00f3tka podr\u00f3\u017c autobusem\/poci\u0105giem<\/li><\/ul>\t\t\t\t\t\t\t\t<\/div>\n\t\t\t\t<\/div>\n\t\t\t\t<section class=\"elementor-section elementor-inner-section elementor-element elementor-element-490ae53 elementor-section-boxed elementor-section-height-default elementor-section-height-default\" data-id=\"490ae53\" data-element_type=\"section\" data-e-type=\"section\">\n\t\t\t\t\t\t<div class=\"elementor-container elementor-column-gap-default\">\n\t\t\t\t\t<div class=\"elementor-column elementor-col-100 elementor-inner-column elementor-element elementor-element-97768cf\" data-id=\"97768cf\" data-element_type=\"column\" data-e-type=\"column\">\n\t\t\t<div class=\"elementor-widget-wrap\">\n\t\t\t\t\t\t\t<\/div>\n\t\t<\/div>\n\t\t\t\t\t<\/div>\n\t\t<\/section>\n\t\t\t\t\t<\/div>\n\t\t<\/div>\n\t\t\t\t\t<\/div>\n\t\t<\/section>\n\t\t\t\t<section class=\"elementor-section elementor-top-section elementor-element elementor-element-f70dfe6 elementor-section-boxed elementor-section-height-default elementor-section-height-default\" data-id=\"f70dfe6\" data-element_type=\"section\" data-e-type=\"section\">\n\t\t\t\t\t\t<div class=\"elementor-container elementor-column-gap-default\">\n\t\t\t\t\t<div class=\"elementor-column elementor-col-100 elementor-top-column elementor-element elementor-element-b370312\" data-id=\"b370312\" data-element_type=\"column\" data-e-type=\"column\">\n\t\t\t<div class=\"elementor-widget-wrap elementor-element-populated\">\n\t\t\t\t\t\t<div class=\"elementor-element elementor-element-02494d1 elementor-widget elementor-widget-spacer\" data-id=\"02494d1\" data-element_type=\"widget\" data-e-type=\"widget\" data-widget_type=\"spacer.default\">\n\t\t\t\t<div class=\"elementor-widget-container\">\n\t\t\t\t\t\t\t<div class=\"elementor-spacer\">\n\t\t\t<div class=\"elementor-spacer-inner\"><\/div>\n\t\t<\/div>\n\t\t\t\t\t\t<\/div>\n\t\t\t\t<\/div>\n\t\t\t\t\t<\/div>\n\t\t<\/div>\n\t\t\t\t\t<\/div>\n\t\t<\/section>\n\t\t\t\t<section class=\"elementor-section elementor-top-section elementor-element elementor-element-1ac13f3d elementor-section-boxed elementor-section-height-default elementor-section-height-default\" data-id=\"1ac13f3d\" data-element_type=\"section\" data-e-type=\"section\">\n\t\t\t\t\t\t<div class=\"elementor-container elementor-column-gap-default\">\n\t\t\t\t\t<div class=\"elementor-column elementor-col-100 elementor-top-column elementor-element elementor-element-2548a6dd\" data-id=\"2548a6dd\" data-element_type=\"column\" data-e-type=\"column\">\n\t\t\t<div class=\"elementor-widget-wrap elementor-element-populated\">\n\t\t\t\t\t\t<div class=\"elementor-element elementor-element-61fd282e elementor-widget elementor-widget-text-editor\" data-id=\"61fd282e\" data-element_type=\"widget\" data-e-type=\"widget\" data-widget_type=\"text-editor.default\">\n\t\t\t\t<div class=\"elementor-widget-container\">\n\t\t\t\t\t\t\t\t\t<div id=\"page-view\" class=\"full-width\"> <\/div><h2>Inne opcje zakwaterowania:<\/h2><p> <\/p><h4 class=\"full-width\"><strong>Zakwaterowanie w hotelu<\/strong><\/h4><p>Grand Hotel to pi\u0119kny 4-gwiazdkowy hotel w centrum Malahide, zaledwie kilka minut spacerem od naszej szko\u0142y<\/p><p><strong><a href=\"http:\/\/www.thegrand.ie\" target=\"_blank\" rel=\"noopener noreferrer\">www.thegrand.ie<\/a><\/strong><\/p><h4> <\/h4><h4><strong>Airbnb<\/strong><\/h4><p>Przeszukaj obszary takie jak Malahide, Swords, Portmarnock, aby zobaczy\u0107, co jest w ofercie.<\/p><p><strong><a href=\"http:\/\/www.airbnb.ie\" target=\"_blank\" rel=\"noopener noreferrer\">www.airbnb.ie<\/a><\/strong><\/p><h4> <\/h4><h4><strong>Wynajem pokoju lub mieszkania<\/strong><\/h4><p>Przeszukaj obszary takie jak Malahide, Swords, Portmarnock, aby zobaczy\u0107, co jest w ofercie.<\/p><p><strong><a href=\"http:\/\/www.daft.ie\" target=\"_blank\" rel=\"noopener noreferrer\">www.daft.ie<\/a><\/strong><\/p>\t\t\t\t\t\t\t\t<\/div>\n\t\t\t\t<\/div>\n\t\t\t\t\t<\/div>\n\t\t<\/div>\n\t\t\t\t\t<\/div>\n\t\t<\/section>\n\t\t\t\t<\/div>\n\t\t","protected":false},"excerpt":{"rendered":"<p>Zakwaterowanie u rodziny goszcz\u0105cej Przyja\u017ani i go\u015bcinni irlandzcy gospodarze z wygodnymi pokojami w odleg\u0142o\u015bci spaceru lub kr\u00f3tkiej podr\u00f3\u017cy autobusem\/poci\u0105giem od naszej szko\u0142y sprawiaj\u0105, \u017ce jest to idealne do\u015bwiadczenie. Pe\u0142ne wy\u017cywienie Pok\u00f3j jednoosobowy \u20ac280 za tydzie\u0144 Odleg\u0142o\u015b\u0107 pieszo lub kr\u00f3tka podr\u00f3\u017c autobusem\/poci\u0105giem Inne opcje zakwaterowania: Zakwaterowanie w hotelu Grand Hotel to pi\u0119kny 4-gwiazdkowy hotel w centrum [&hellip;]<\/p>\n","protected":false},"author":3,"featured_media":0,"parent":0,"menu_order":0,"comment_status":"open","ping_status":"closed","template":"","meta":{"content-type":"","footnotes":""},"class_list":["post-32255","page","type-page","status-publish","hentry"],"yoast_head":"<!-- This site is optimized with the Yoast SEO plugin v27.3 - https:\/\/yoast.com\/product\/yoast-seo-wordpress\/ -->\n<title>Studiuj za granic\u0105 z wysokiej jako\u015bci zakwaterowaniem u rodziny goszcz\u0105cej<\/title>\n<meta name=\"description\" content=\"Zanurz si\u0119 w j\u0119zyku - zarezerwuj English Study Stay i ciesz si\u0119 wspania\u0142ymi rodzinami goszcz\u0105cymi w odleg\u0142o\u015bci spaceru lub bardzo kr\u00f3tkiej podr\u00f3\u017cy autobusem od szko\u0142y w pi\u0119knym Malahide i okolicach Dublina.\" \/>\n<meta name=\"robots\" content=\"index, follow, max-snippet:-1, max-image-preview:large, max-video-preview:-1\" \/>\n<link rel=\"canonical\" href=\"https:\/\/www.iceireland.com\/pl\/study-abroad-host-family\/\" \/>\n<meta property=\"og:locale\" content=\"pl_PL\" \/>\n<meta property=\"og:type\" content=\"article\" \/>\n<meta property=\"og:title\" content=\"Studiuj za granic\u0105 z wysokiej jako\u015bci zakwaterowaniem u rodziny goszcz\u0105cej\" \/>\n<meta property=\"og:description\" content=\"Zanurz si\u0119 w j\u0119zyku - zarezerwuj English Study Stay i ciesz si\u0119 wspania\u0142ymi rodzinami goszcz\u0105cymi w odleg\u0142o\u015bci spaceru lub bardzo kr\u00f3tkiej podr\u00f3\u017cy autobusem od szko\u0142y w pi\u0119knym Malahide i okolicach Dublina.\" \/>\n<meta property=\"og:url\" content=\"https:\/\/www.iceireland.com\/pl\/study-abroad-host-family\/\" \/>\n<meta property=\"og:site_name\" content=\"Irish College of English\" \/>\n<meta property=\"article:modified_time\" content=\"2026-01-30T16:38:56+00:00\" \/>\n<meta name=\"twitter:label1\" content=\"Szacowany czas czytania\" \/>\n\t<meta name=\"twitter:data1\" content=\"1 minuta\" \/>\n<script type=\"application\/ld+json\" class=\"yoast-schema-graph\">{\"@context\":\"https:\\\/\\\/schema.org\",\"@graph\":[{\"@type\":\"WebPage\",\"@id\":\"https:\\\/\\\/www.iceireland.com\\\/pl\\\/study-abroad-host-family\\\/\",\"url\":\"https:\\\/\\\/www.iceireland.com\\\/pl\\\/study-abroad-host-family\\\/\",\"name\":\"Studiuj za granic\u0105 z wysokiej jako\u015bci zakwaterowaniem u rodziny goszcz\u0105cej\",\"isPartOf\":{\"@id\":\"https:\\\/\\\/www.iceireland.com\\\/pl\\\/#website\"},\"datePublished\":\"2014-11-12T15:03:17+00:00\",\"dateModified\":\"2026-01-30T16:38:56+00:00\",\"description\":\"Zanurz si\u0119 w j\u0119zyku - zarezerwuj English Study Stay i ciesz si\u0119 wspania\u0142ymi rodzinami goszcz\u0105cymi w odleg\u0142o\u015bci spaceru lub bardzo kr\u00f3tkiej podr\u00f3\u017cy autobusem od szko\u0142y w pi\u0119knym Malahide i okolicach Dublina.\",\"breadcrumb\":{\"@id\":\"https:\\\/\\\/www.iceireland.com\\\/pl\\\/study-abroad-host-family\\\/#breadcrumb\"},\"inLanguage\":\"pl-PL\",\"potentialAction\":[{\"@type\":\"ReadAction\",\"target\":[\"https:\\\/\\\/www.iceireland.com\\\/pl\\\/study-abroad-host-family\\\/\"]}]},{\"@type\":\"BreadcrumbList\",\"@id\":\"https:\\\/\\\/www.iceireland.com\\\/pl\\\/study-abroad-host-family\\\/#breadcrumb\",\"itemListElement\":[{\"@type\":\"ListItem\",\"position\":1,\"name\":\"Home\",\"item\":\"https:\\\/\\\/www.iceireland.com\\\/pl\\\/\"},{\"@type\":\"ListItem\",\"position\":2,\"name\":\"Doros\u0142a rodzina goszcz\u0105ca\"}]},{\"@type\":\"WebSite\",\"@id\":\"https:\\\/\\\/www.iceireland.com\\\/pl\\\/#website\",\"url\":\"https:\\\/\\\/www.iceireland.com\\\/pl\\\/\",\"name\":\"Irish College of English\",\"description\":\"English School in Dublin, Malahide\",\"publisher\":{\"@id\":\"https:\\\/\\\/www.iceireland.com\\\/pl\\\/#organization\"},\"potentialAction\":[{\"@type\":\"SearchAction\",\"target\":{\"@type\":\"EntryPoint\",\"urlTemplate\":\"https:\\\/\\\/www.iceireland.com\\\/pl\\\/?s={search_term_string}\"},\"query-input\":{\"@type\":\"PropertyValueSpecification\",\"valueRequired\":true,\"valueName\":\"search_term_string\"}}],\"inLanguage\":\"pl-PL\"},{\"@type\":\"Organization\",\"@id\":\"https:\\\/\\\/www.iceireland.com\\\/pl\\\/#organization\",\"name\":\"Irish College of English\",\"url\":\"https:\\\/\\\/www.iceireland.com\\\/pl\\\/\",\"logo\":{\"@type\":\"ImageObject\",\"inLanguage\":\"pl-PL\",\"@id\":\"https:\\\/\\\/www.iceireland.com\\\/pl\\\/#\\\/schema\\\/logo\\\/image\\\/\",\"url\":\"https:\\\/\\\/www.iceireland.com\\\/wp-content\\\/uploads\\\/2022\\\/03\\\/logo.png\",\"contentUrl\":\"https:\\\/\\\/www.iceireland.com\\\/wp-content\\\/uploads\\\/2022\\\/03\\\/logo.png\",\"width\":593,\"height\":92,\"caption\":\"Irish College of English\"},\"image\":{\"@id\":\"https:\\\/\\\/www.iceireland.com\\\/pl\\\/#\\\/schema\\\/logo\\\/image\\\/\"}}]}<\/script>\n<!-- \/ Yoast SEO plugin. -->","yoast_head_json":{"title":"Studiuj za granic\u0105 z wysokiej jako\u015bci zakwaterowaniem u rodziny goszcz\u0105cej","description":"Zanurz si\u0119 w j\u0119zyku - zarezerwuj English Study Stay i ciesz si\u0119 wspania\u0142ymi rodzinami goszcz\u0105cymi w odleg\u0142o\u015bci spaceru lub bardzo kr\u00f3tkiej podr\u00f3\u017cy autobusem od szko\u0142y w pi\u0119knym Malahide i okolicach Dublina.","robots":{"index":"index","follow":"follow","max-snippet":"max-snippet:-1","max-image-preview":"max-image-preview:large","max-video-preview":"max-video-preview:-1"},"canonical":"https:\/\/www.iceireland.com\/pl\/study-abroad-host-family\/","og_locale":"pl_PL","og_type":"article","og_title":"Studiuj za granic\u0105 z wysokiej jako\u015bci zakwaterowaniem u rodziny goszcz\u0105cej","og_description":"Zanurz si\u0119 w j\u0119zyku - zarezerwuj English Study Stay i ciesz si\u0119 wspania\u0142ymi rodzinami goszcz\u0105cymi w odleg\u0142o\u015bci spaceru lub bardzo kr\u00f3tkiej podr\u00f3\u017cy autobusem od szko\u0142y w pi\u0119knym Malahide i okolicach Dublina.","og_url":"https:\/\/www.iceireland.com\/pl\/study-abroad-host-family\/","og_site_name":"Irish College of English","article_modified_time":"2026-01-30T16:38:56+00:00","twitter_misc":{"Szacowany czas czytania":"1 minuta"},"schema":{"@context":"https:\/\/schema.org","@graph":[{"@type":"WebPage","@id":"https:\/\/www.iceireland.com\/pl\/study-abroad-host-family\/","url":"https:\/\/www.iceireland.com\/pl\/study-abroad-host-family\/","name":"Studiuj za granic\u0105 z wysokiej jako\u015bci zakwaterowaniem u rodziny goszcz\u0105cej","isPartOf":{"@id":"https:\/\/www.iceireland.com\/pl\/#website"},"datePublished":"2014-11-12T15:03:17+00:00","dateModified":"2026-01-30T16:38:56+00:00","description":"Zanurz si\u0119 w j\u0119zyku - zarezerwuj English Study Stay i ciesz si\u0119 wspania\u0142ymi rodzinami goszcz\u0105cymi w odleg\u0142o\u015bci spaceru lub bardzo kr\u00f3tkiej podr\u00f3\u017cy autobusem od szko\u0142y w pi\u0119knym Malahide i okolicach Dublina.","breadcrumb":{"@id":"https:\/\/www.iceireland.com\/pl\/study-abroad-host-family\/#breadcrumb"},"inLanguage":"pl-PL","potentialAction":[{"@type":"ReadAction","target":["https:\/\/www.iceireland.com\/pl\/study-abroad-host-family\/"]}]},{"@type":"BreadcrumbList","@id":"https:\/\/www.iceireland.com\/pl\/study-abroad-host-family\/#breadcrumb","itemListElement":[{"@type":"ListItem","position":1,"name":"Home","item":"https:\/\/www.iceireland.com\/pl\/"},{"@type":"ListItem","position":2,"name":"Doros\u0142a rodzina goszcz\u0105ca"}]},{"@type":"WebSite","@id":"https:\/\/www.iceireland.com\/pl\/#website","url":"https:\/\/www.iceireland.com\/pl\/","name":"Irish College of English","description":"English School in Dublin, Malahide","publisher":{"@id":"https:\/\/www.iceireland.com\/pl\/#organization"},"potentialAction":[{"@type":"SearchAction","target":{"@type":"EntryPoint","urlTemplate":"https:\/\/www.iceireland.com\/pl\/?s={search_term_string}"},"query-input":{"@type":"PropertyValueSpecification","valueRequired":true,"valueName":"search_term_string"}}],"inLanguage":"pl-PL"},{"@type":"Organization","@id":"https:\/\/www.iceireland.com\/pl\/#organization","name":"Irish College of English","url":"https:\/\/www.iceireland.com\/pl\/","logo":{"@type":"ImageObject","inLanguage":"pl-PL","@id":"https:\/\/www.iceireland.com\/pl\/#\/schema\/logo\/image\/","url":"https:\/\/www.iceireland.com\/wp-content\/uploads\/2022\/03\/logo.png","contentUrl":"https:\/\/www.iceireland.com\/wp-content\/uploads\/2022\/03\/logo.png","width":593,"height":92,"caption":"Irish College of English"},"image":{"@id":"https:\/\/www.iceireland.com\/pl\/#\/schema\/logo\/image\/"}}]}},"_links":{"self":[{"href":"https:\/\/www.iceireland.com\/pl\/wp-json\/wp\/v2\/pages\/32255","targetHints":{"allow":["GET"]}}],"collection":[{"href":"https:\/\/www.iceireland.com\/pl\/wp-json\/wp\/v2\/pages"}],"about":[{"href":"https:\/\/www.iceireland.com\/pl\/wp-json\/wp\/v2\/types\/page"}],"author":[{"embeddable":true,"href":"https:\/\/www.iceireland.com\/pl\/wp-json\/wp\/v2\/users\/3"}],"replies":[{"embeddable":true,"href":"https:\/\/www.iceireland.com\/pl\/wp-json\/wp\/v2\/comments?post=32255"}],"version-history":[{"count":6,"href":"https:\/\/www.iceireland.com\/pl\/wp-json\/wp\/v2\/pages\/32255\/revisions"}],"predecessor-version":[{"id":32317,"href":"https:\/\/www.iceireland.com\/pl\/wp-json\/wp\/v2\/pages\/32255\/revisions\/32317"}],"wp:attachment":[{"href":"https:\/\/www.iceireland.com\/pl\/wp-json\/wp\/v2\/media?parent=32255"}],"curies":[{"name":"wp","href":"https:\/\/api.w.org\/{rel}","templated":true}]}}