{"id":32265,"date":"2015-01-14T12:14:36","date_gmt":"2015-01-14T12:14:36","guid":{"rendered":"https:\/\/www.iceireland.com\/blog\/"},"modified":"2015-01-14T12:14:36","modified_gmt":"2015-01-14T12:14:36","slug":"blog","status":"publish","type":"page","link":"https:\/\/www.iceireland.com\/pl\/blog\/","title":{"rendered":"Blog"},"content":{"rendered":"","protected":false},"excerpt":{"rendered":"","protected":false},"author":3,"featured_media":0,"parent":0,"menu_order":0,"comment_status":"open","ping_status":"open","template":"","meta":{"content-type":"","footnotes":""},"class_list":["post-32265","page","type-page","status-publish","hentry"],"yoast_head":"<!-- This site is optimized with the Yoast SEO plugin v27.3 - https:\/\/yoast.com\/product\/yoast-seo-wordpress\/ -->\n<title>Blog - ICE Ireland - Porady i wskaz\u00f3wki dotycz\u0105ce j\u0119zyka angielskiego<\/title>\n<meta name=\"description\" content=\"Odwied\u017a nasz\u0105 stron\u0119, aby dowiedzie\u0107 si\u0119 wi\u0119cej o Ice Ireland. Nasz blog zawiera artyku\u0142y takie jak porady i wskaz\u00f3wki dotycz\u0105ce j\u0119zyka angielskiego, informacje o Irlandii, a nawet porady dotycz\u0105ce gotowania!\" \/>\n<meta name=\"robots\" content=\"index, follow, max-snippet:-1, max-image-preview:large, max-video-preview:-1\" \/>\n<link rel=\"canonical\" href=\"https:\/\/www.iceireland.com\/pl\/blog\/\" \/>\n<meta property=\"og:locale\" content=\"pl_PL\" \/>\n<meta property=\"og:type\" content=\"article\" \/>\n<meta property=\"og:title\" content=\"Blog - ICE Ireland - Porady i wskaz\u00f3wki dotycz\u0105ce j\u0119zyka angielskiego\" \/>\n<meta property=\"og:description\" content=\"Odwied\u017a nasz\u0105 stron\u0119, aby dowiedzie\u0107 si\u0119 wi\u0119cej o Ice Ireland. Nasz blog zawiera artyku\u0142y takie jak porady i wskaz\u00f3wki dotycz\u0105ce j\u0119zyka angielskiego, informacje o Irlandii, a nawet porady dotycz\u0105ce gotowania!\" \/>\n<meta property=\"og:url\" content=\"https:\/\/www.iceireland.com\/pl\/blog\/\" \/>\n<meta property=\"og:site_name\" content=\"Irish College of English\" \/>\n<script type=\"application\/ld+json\" class=\"yoast-schema-graph\">{\"@context\":\"https:\\\/\\\/schema.org\",\"@graph\":[{\"@type\":\"WebPage\",\"@id\":\"https:\\\/\\\/www.iceireland.com\\\/pl\\\/blog\\\/\",\"url\":\"https:\\\/\\\/www.iceireland.com\\\/pl\\\/blog\\\/\",\"name\":\"Blog - ICE Ireland - Porady i wskaz\u00f3wki dotycz\u0105ce j\u0119zyka angielskiego\",\"isPartOf\":{\"@id\":\"https:\\\/\\\/www.iceireland.com\\\/pl\\\/#website\"},\"datePublished\":\"2015-01-14T12:14:36+00:00\",\"description\":\"Odwied\u017a nasz\u0105 stron\u0119, aby dowiedzie\u0107 si\u0119 wi\u0119cej o Ice Ireland. Nasz blog zawiera artyku\u0142y takie jak porady i wskaz\u00f3wki dotycz\u0105ce j\u0119zyka angielskiego, informacje o Irlandii, a nawet porady dotycz\u0105ce gotowania!\",\"breadcrumb\":{\"@id\":\"https:\\\/\\\/www.iceireland.com\\\/pl\\\/blog\\\/#breadcrumb\"},\"inLanguage\":\"pl-PL\",\"potentialAction\":[{\"@type\":\"ReadAction\",\"target\":[\"https:\\\/\\\/www.iceireland.com\\\/pl\\\/blog\\\/\"]}]},{\"@type\":\"BreadcrumbList\",\"@id\":\"https:\\\/\\\/www.iceireland.com\\\/pl\\\/blog\\\/#breadcrumb\",\"itemListElement\":[{\"@type\":\"ListItem\",\"position\":1,\"name\":\"Home\",\"item\":\"https:\\\/\\\/www.iceireland.com\\\/pl\\\/\"},{\"@type\":\"ListItem\",\"position\":2,\"name\":\"Blog\"}]},{\"@type\":\"WebSite\",\"@id\":\"https:\\\/\\\/www.iceireland.com\\\/pl\\\/#website\",\"url\":\"https:\\\/\\\/www.iceireland.com\\\/pl\\\/\",\"name\":\"Irish College of English\",\"description\":\"English School in Dublin, Malahide\",\"publisher\":{\"@id\":\"https:\\\/\\\/www.iceireland.com\\\/pl\\\/#organization\"},\"potentialAction\":[{\"@type\":\"SearchAction\",\"target\":{\"@type\":\"EntryPoint\",\"urlTemplate\":\"https:\\\/\\\/www.iceireland.com\\\/pl\\\/?s={search_term_string}\"},\"query-input\":{\"@type\":\"PropertyValueSpecification\",\"valueRequired\":true,\"valueName\":\"search_term_string\"}}],\"inLanguage\":\"pl-PL\"},{\"@type\":\"Organization\",\"@id\":\"https:\\\/\\\/www.iceireland.com\\\/pl\\\/#organization\",\"name\":\"Irish College of English\",\"url\":\"https:\\\/\\\/www.iceireland.com\\\/pl\\\/\",\"logo\":{\"@type\":\"ImageObject\",\"inLanguage\":\"pl-PL\",\"@id\":\"https:\\\/\\\/www.iceireland.com\\\/pl\\\/#\\\/schema\\\/logo\\\/image\\\/\",\"url\":\"https:\\\/\\\/www.iceireland.com\\\/wp-content\\\/uploads\\\/2022\\\/03\\\/logo.png\",\"contentUrl\":\"https:\\\/\\\/www.iceireland.com\\\/wp-content\\\/uploads\\\/2022\\\/03\\\/logo.png\",\"width\":593,\"height\":92,\"caption\":\"Irish College of English\"},\"image\":{\"@id\":\"https:\\\/\\\/www.iceireland.com\\\/pl\\\/#\\\/schema\\\/logo\\\/image\\\/\"}}]}<\/script>\n<!-- \/ Yoast SEO plugin. -->","yoast_head_json":{"title":"Blog - ICE Ireland - Porady i wskaz\u00f3wki dotycz\u0105ce j\u0119zyka angielskiego","description":"Odwied\u017a nasz\u0105 stron\u0119, aby dowiedzie\u0107 si\u0119 wi\u0119cej o Ice Ireland. Nasz blog zawiera artyku\u0142y takie jak porady i wskaz\u00f3wki dotycz\u0105ce j\u0119zyka angielskiego, informacje o Irlandii, a nawet porady dotycz\u0105ce gotowania!","robots":{"index":"index","follow":"follow","max-snippet":"max-snippet:-1","max-image-preview":"max-image-preview:large","max-video-preview":"max-video-preview:-1"},"canonical":"https:\/\/www.iceireland.com\/pl\/blog\/","og_locale":"pl_PL","og_type":"article","og_title":"Blog - ICE Ireland - Porady i wskaz\u00f3wki dotycz\u0105ce j\u0119zyka angielskiego","og_description":"Odwied\u017a nasz\u0105 stron\u0119, aby dowiedzie\u0107 si\u0119 wi\u0119cej o Ice Ireland. Nasz blog zawiera artyku\u0142y takie jak porady i wskaz\u00f3wki dotycz\u0105ce j\u0119zyka angielskiego, informacje o Irlandii, a nawet porady dotycz\u0105ce gotowania!","og_url":"https:\/\/www.iceireland.com\/pl\/blog\/","og_site_name":"Irish College of English","schema":{"@context":"https:\/\/schema.org","@graph":[{"@type":"WebPage","@id":"https:\/\/www.iceireland.com\/pl\/blog\/","url":"https:\/\/www.iceireland.com\/pl\/blog\/","name":"Blog - ICE Ireland - Porady i wskaz\u00f3wki dotycz\u0105ce j\u0119zyka angielskiego","isPartOf":{"@id":"https:\/\/www.iceireland.com\/pl\/#website"},"datePublished":"2015-01-14T12:14:36+00:00","description":"Odwied\u017a nasz\u0105 stron\u0119, aby dowiedzie\u0107 si\u0119 wi\u0119cej o Ice Ireland. Nasz blog zawiera artyku\u0142y takie jak porady i wskaz\u00f3wki dotycz\u0105ce j\u0119zyka angielskiego, informacje o Irlandii, a nawet porady dotycz\u0105ce gotowania!","breadcrumb":{"@id":"https:\/\/www.iceireland.com\/pl\/blog\/#breadcrumb"},"inLanguage":"pl-PL","potentialAction":[{"@type":"ReadAction","target":["https:\/\/www.iceireland.com\/pl\/blog\/"]}]},{"@type":"BreadcrumbList","@id":"https:\/\/www.iceireland.com\/pl\/blog\/#breadcrumb","itemListElement":[{"@type":"ListItem","position":1,"name":"Home","item":"https:\/\/www.iceireland.com\/pl\/"},{"@type":"ListItem","position":2,"name":"Blog"}]},{"@type":"WebSite","@id":"https:\/\/www.iceireland.com\/pl\/#website","url":"https:\/\/www.iceireland.com\/pl\/","name":"Irish College of English","description":"English School in Dublin, Malahide","publisher":{"@id":"https:\/\/www.iceireland.com\/pl\/#organization"},"potentialAction":[{"@type":"SearchAction","target":{"@type":"EntryPoint","urlTemplate":"https:\/\/www.iceireland.com\/pl\/?s={search_term_string}"},"query-input":{"@type":"PropertyValueSpecification","valueRequired":true,"valueName":"search_term_string"}}],"inLanguage":"pl-PL"},{"@type":"Organization","@id":"https:\/\/www.iceireland.com\/pl\/#organization","name":"Irish College of English","url":"https:\/\/www.iceireland.com\/pl\/","logo":{"@type":"ImageObject","inLanguage":"pl-PL","@id":"https:\/\/www.iceireland.com\/pl\/#\/schema\/logo\/image\/","url":"https:\/\/www.iceireland.com\/wp-content\/uploads\/2022\/03\/logo.png","contentUrl":"https:\/\/www.iceireland.com\/wp-content\/uploads\/2022\/03\/logo.png","width":593,"height":92,"caption":"Irish College of English"},"image":{"@id":"https:\/\/www.iceireland.com\/pl\/#\/schema\/logo\/image\/"}}]}},"_links":{"self":[{"href":"https:\/\/www.iceireland.com\/pl\/wp-json\/wp\/v2\/pages\/32265","targetHints":{"allow":["GET"]}}],"collection":[{"href":"https:\/\/www.iceireland.com\/pl\/wp-json\/wp\/v2\/pages"}],"about":[{"href":"https:\/\/www.iceireland.com\/pl\/wp-json\/wp\/v2\/types\/page"}],"author":[{"embeddable":true,"href":"https:\/\/www.iceireland.com\/pl\/wp-json\/wp\/v2\/users\/3"}],"replies":[{"embeddable":true,"href":"https:\/\/www.iceireland.com\/pl\/wp-json\/wp\/v2\/comments?post=32265"}],"version-history":[{"count":0,"href":"https:\/\/www.iceireland.com\/pl\/wp-json\/wp\/v2\/pages\/32265\/revisions"}],"wp:attachment":[{"href":"https:\/\/www.iceireland.com\/pl\/wp-json\/wp\/v2\/media?parent=32265"}],"curies":[{"name":"wp","href":"https:\/\/api.w.org\/{rel}","templated":true}]}}