{"id":32275,"date":"2014-10-20T13:45:06","date_gmt":"2014-10-20T13:45:06","guid":{"rendered":"https:\/\/www.iceireland.com\/useful-info\/english-language-school-in-dublin-ireland\/"},"modified":"2014-10-20T13:45:06","modified_gmt":"2014-10-20T13:45:06","slug":"english-language-school-in-dublin-ireland","status":"publish","type":"page","link":"https:\/\/www.iceireland.com\/pl\/useful-info\/english-language-school-in-dublin-ireland\/","title":{"rendered":"Szko\u0142a j\u0119zyka angielskiego w Dublinie Irlandia"},"content":{"rendered":"<h3>Centrum Studi\u00f3w Angielskich dla Doskona\u0142o\u015bci<\/h3>\n<p>Za\u0142o\u017cony po raz pierwszy w 1992 roku jako szko\u0142a j\u0119zyka angielskiego w Dublinie w Irlandii, Irish College of English jest wysokiej jako\u015bci dostawc\u0105 us\u0142ug edukacyjnych i jest uznawany przez Departament Edukacji za ca\u0142oroczn\u0105 szko\u0142\u0119 j\u0119zyka angielskiego do nauczania j\u0119zyka angielskiego jako j\u0119zyka obcego. Nasze programy nauczania s\u0105 starannie zaprojektowane, aby zaspokoi\u0107 potrzeby naszych uczni\u00f3w, a ka\u017cdy ucze\u0144 jest oceniany po przyje\u017adzie i umieszczany w odpowiedniej klasie. Po uko\u0144czeniu kursu uczniowie otrzymuj\u0105 indywidualny raport ko\u0144cowy i oceniony certyfikat osi\u0105gni\u0119\u0107.  <\/p>\n<h3>Od poziomu podstawowego do zaawansowanego<\/h3>\n<p>Zaj\u0119cia obejmuj\u0105 poziomy od podstawowego do zaawansowanego, a wszyscy uczniowie s\u0105 testowani po przyje\u017adzie i umieszczani w klasie, kt\u00f3ra najlepiej odpowiada ich poziomowi znajomo\u015bci j\u0119zyka angielskiego. G\u0142\u00f3wnym celem wszystkich naszych kurs\u00f3w j\u0119zykowych jest komunikacja za pomoc\u0105 m\u00f3wionego i pisanego j\u0119zyka angielskiego. Nasi wysoko wykwalifikowani nauczyciele wyznaczaj\u0105 uczniom jasne cele nauczania i wykorzystuj\u0105 najlepsze techniki, aby zapewni\u0107 praktyk\u0119 w m\u00f3wieniu, pisaniu, s\u0142uchaniu, czytaniu i gramatyce j\u0119zyka angielskiego.  <\/p>\n<h3>Czynniki w szko\u0142ach j\u0119zyka angielskiego ICE, kt\u00f3re pomagaj\u0105 naszym uczniom osi\u0105gn\u0105\u0107 sukces:<\/h3>\n<ul>\n<li>Uczniowie s\u0105 zaanga\u017cowani w dzia\u0142ania komunikacyjne, aby rozwija\u0107 swoje umiej\u0119tno\u015bci m\u00f3wienia, s\u0142uchania, czytania i pisania w j\u0119zyku angielskim. Nacisk k\u0142adziony jest na wykorzystanie autentycznych tekst\u00f3w i materia\u0142\u00f3w w celu budowania \u015bwiadomo\u015bci kulturowej uczni\u00f3w podczas kursu w Irish College of English. <\/li>\n<li>Bie\u017c\u0105ca ocena i przechodzenie mi\u0119dzy poziomami klas zapewnia, \u017ce uczniowie zawsze ucz\u0105 si\u0119 w tempie najlepiej dostosowanym do ich potrzeb.<\/li>\n<li>Nasi oddani nauczyciele oferuj\u0105 doskona\u0142e wsparcie i nadz\u00f3r nad uczniami i s\u0105 zawsze dost\u0119pni, aby pom\u00f3c uczniom i zapewni\u0107 im dodatkowe materia\u0142y.<\/li>\n<li>Na \u017cyczenie mo\u017cemy zaoferowa\u0107 indywidualne lekcje dostosowane do konkretnych wymaga\u0144 uczni\u00f3w.<\/li>\n<li>Studenci mog\u0105 korzysta\u0107 z biblioteki i bezp\u0142atnego dost\u0119pu do szybkiego Internetu i poczty e-mail, aby pom\u00f3c w rozwijaniu swoich umiej\u0119tno\u015bci j\u0119zykowych.<\/li>\n<\/ul>\n<h3>Profesjonalni nauczyciele j\u0119zyka angielskiego<\/h3>\n<p>Nasza kadra nauczycielska jest profesjonalnie wykwalifikowana, z wykszta\u0142ceniem podstawowym i uznanymi kwalifikacjami TEFL (nauczanie j\u0119zyka angielskiego jako j\u0119zyka obcego) oraz do\u015bwiadczonymi nauczycielami j\u0119zyka angielskiego. Doskona\u0142e opinie naszych uczni\u00f3w \u015bwiadcz\u0105 o jako\u015bci naszego nauczania i wysi\u0142ku, jaki nasi nauczyciele wk\u0142adaj\u0105 w zapewnienie, \u017ce ka\u017cdy ucze\u0144 jest zmotywowany i robi post\u0119py w klasie. Nasz etos nauczania polega na tym, aby lekcje by\u0142y nie tylko edukacyjne, ale tak\u017ce zabawne i rozrywkowe, promuj\u0105c w ten spos\u00f3b nauk\u0119 w mi\u0142ej atmosferze.  <\/p>\n<h3>Nowoczesna szko\u0142a angielskiego w Dublinie<\/h3>\n<p>Studenci ucz\u0105cy si\u0119 j\u0119zyka angielskiego w Irish College of English mog\u0105 korzysta\u0107 z doskona\u0142ych udogodnie\u0144 nowoczesnych szk\u00f3\u0142 j\u0119zykowych i wysokiej jako\u015bci centr\u00f3w nauki j\u0119zyka angielskiego (CES). Centra j\u0119zykowe s\u0105 jasne i przestronne i zosta\u0142y niedawno odnowione. Nasze sale lekcyjne mieszcz\u0105 maksymalnie 15 uczni\u00f3w, a wszyscy uczniowie maj\u0105 indywidualne biurka. Mamy du\u017c\u0105 sal\u0119 studenck\u0105, kt\u00f3r\u0105 regularnie wykorzystujemy do zaj\u0119\u0107 grupowych, gdy klasy \u0142\u0105cz\u0105 si\u0119 razem. Jest on r\u00f3wnie\u017c dost\u0119pny jako miejsce do nauki dla uczni\u00f3w. Szko\u0142y maj\u0105 wsp\u00f3lny obszar dla uczni\u00f3w z wygodnymi krzes\u0142ami i bezp\u0142atnym dost\u0119pem do szybkiego Internetu. Jest to dobre miejsce do spotka\u0144 z innymi uczniami i relaksu mi\u0119dzy lekcjami.      <\/p>\n<p>Posiadamy r\u00f3wnie\u017c bibliotek\u0119, w kt\u00f3rej uczniowie maj\u0105 dost\u0119p do r\u00f3\u017cnych ksi\u0105\u017cek w j\u0119zyku angielskim, w tym podr\u0119cznik\u00f3w do nauki, bestseller\u00f3w i ksi\u0105\u017cek o tematyce irlandzkiej. Nasi nauczyciele maj\u0105 r\u00f3wnie\u017c dost\u0119p do najnowszych technologii w zakresie audiowizualnych pomocy szkoleniowych do nauczania j\u0119zyka w klasie. <\/p>\n","protected":false},"excerpt":{"rendered":"<p>Centrum Studi\u00f3w Angielskich dla Doskona\u0142o\u015bci Za\u0142o\u017cony po raz pierwszy w 1992 roku jako szko\u0142a j\u0119zyka angielskiego w Dublinie w Irlandii, Irish College of English jest wysokiej jako\u015bci dostawc\u0105 us\u0142ug edukacyjnych i jest uznawany przez Departament Edukacji za ca\u0142oroczn\u0105 szko\u0142\u0119 j\u0119zyka angielskiego do nauczania j\u0119zyka angielskiego jako j\u0119zyka obcego. Nasze programy nauczania s\u0105 starannie zaprojektowane, aby [&hellip;]<\/p>\n","protected":false},"author":1,"featured_media":0,"parent":32207,"menu_order":0,"comment_status":"open","ping_status":"open","template":"","meta":{"content-type":"","footnotes":""},"class_list":["post-32275","page","type-page","status-publish","hentry"],"yoast_head":"<!-- This site is optimized with the Yoast SEO plugin v27.3 - https:\/\/yoast.com\/product\/yoast-seo-wordpress\/ -->\n<title>Szko\u0142a j\u0119zyka angielskiego w Dublinie Irlandia<\/title>\n<meta name=\"description\" content=\"Za\u0142o\u017cony w 1992 roku jako szko\u0142a j\u0119zyka angielskiego w Dublinie w Irlandii, Irish College of English jest wysokiej jako\u015bci dostawc\u0105 us\u0142ug edukacyjnych i jest uznawany przez Departament Edukacji\" \/>\n<meta name=\"robots\" content=\"index, follow, max-snippet:-1, max-image-preview:large, max-video-preview:-1\" \/>\n<link rel=\"canonical\" href=\"https:\/\/www.iceireland.com\/pl\/useful-info\/english-language-school-in-dublin-ireland\/\" \/>\n<meta property=\"og:locale\" content=\"pl_PL\" \/>\n<meta property=\"og:type\" content=\"article\" \/>\n<meta property=\"og:title\" content=\"Szko\u0142a j\u0119zyka angielskiego w Dublinie Irlandia\" \/>\n<meta property=\"og:description\" content=\"Za\u0142o\u017cony w 1992 roku jako szko\u0142a j\u0119zyka angielskiego w Dublinie w Irlandii, Irish College of English jest wysokiej jako\u015bci dostawc\u0105 us\u0142ug edukacyjnych i jest uznawany przez Departament Edukacji\" \/>\n<meta property=\"og:url\" content=\"https:\/\/www.iceireland.com\/pl\/useful-info\/english-language-school-in-dublin-ireland\/\" \/>\n<meta property=\"og:site_name\" content=\"Irish College of English\" \/>\n<meta name=\"twitter:label1\" content=\"Szacowany czas czytania\" \/>\n\t<meta name=\"twitter:data1\" content=\"3 minuty\" \/>\n<script type=\"application\/ld+json\" class=\"yoast-schema-graph\">{\"@context\":\"https:\\\/\\\/schema.org\",\"@graph\":[{\"@type\":\"WebPage\",\"@id\":\"https:\\\/\\\/www.iceireland.com\\\/pl\\\/useful-info\\\/english-language-school-in-dublin-ireland\\\/\",\"url\":\"https:\\\/\\\/www.iceireland.com\\\/pl\\\/useful-info\\\/english-language-school-in-dublin-ireland\\\/\",\"name\":\"Szko\u0142a j\u0119zyka angielskiego w Dublinie Irlandia\",\"isPartOf\":{\"@id\":\"https:\\\/\\\/www.iceireland.com\\\/pl\\\/#website\"},\"datePublished\":\"2014-10-20T13:45:06+00:00\",\"description\":\"Za\u0142o\u017cony w 1992 roku jako szko\u0142a j\u0119zyka angielskiego w Dublinie w Irlandii, Irish College of English jest wysokiej jako\u015bci dostawc\u0105 us\u0142ug edukacyjnych i jest uznawany przez Departament Edukacji\",\"breadcrumb\":{\"@id\":\"https:\\\/\\\/www.iceireland.com\\\/pl\\\/useful-info\\\/english-language-school-in-dublin-ireland\\\/#breadcrumb\"},\"inLanguage\":\"pl-PL\",\"potentialAction\":[{\"@type\":\"ReadAction\",\"target\":[\"https:\\\/\\\/www.iceireland.com\\\/pl\\\/useful-info\\\/english-language-school-in-dublin-ireland\\\/\"]}]},{\"@type\":\"BreadcrumbList\",\"@id\":\"https:\\\/\\\/www.iceireland.com\\\/pl\\\/useful-info\\\/english-language-school-in-dublin-ireland\\\/#breadcrumb\",\"itemListElement\":[{\"@type\":\"ListItem\",\"position\":1,\"name\":\"Home\",\"item\":\"https:\\\/\\\/www.iceireland.com\\\/pl\\\/\"},{\"@type\":\"ListItem\",\"position\":2,\"name\":\"Przydatne informacje\",\"item\":\"https:\\\/\\\/www.iceireland.com\\\/pl\\\/useful-info\\\/\"},{\"@type\":\"ListItem\",\"position\":3,\"name\":\"Szko\u0142a j\u0119zyka angielskiego w Dublinie Irlandia\"}]},{\"@type\":\"WebSite\",\"@id\":\"https:\\\/\\\/www.iceireland.com\\\/pl\\\/#website\",\"url\":\"https:\\\/\\\/www.iceireland.com\\\/pl\\\/\",\"name\":\"Irish College of English\",\"description\":\"English School in Dublin, Malahide\",\"publisher\":{\"@id\":\"https:\\\/\\\/www.iceireland.com\\\/pl\\\/#organization\"},\"potentialAction\":[{\"@type\":\"SearchAction\",\"target\":{\"@type\":\"EntryPoint\",\"urlTemplate\":\"https:\\\/\\\/www.iceireland.com\\\/pl\\\/?s={search_term_string}\"},\"query-input\":{\"@type\":\"PropertyValueSpecification\",\"valueRequired\":true,\"valueName\":\"search_term_string\"}}],\"inLanguage\":\"pl-PL\"},{\"@type\":\"Organization\",\"@id\":\"https:\\\/\\\/www.iceireland.com\\\/pl\\\/#organization\",\"name\":\"Irish College of English\",\"url\":\"https:\\\/\\\/www.iceireland.com\\\/pl\\\/\",\"logo\":{\"@type\":\"ImageObject\",\"inLanguage\":\"pl-PL\",\"@id\":\"https:\\\/\\\/www.iceireland.com\\\/pl\\\/#\\\/schema\\\/logo\\\/image\\\/\",\"url\":\"https:\\\/\\\/www.iceireland.com\\\/wp-content\\\/uploads\\\/2022\\\/03\\\/logo.png\",\"contentUrl\":\"https:\\\/\\\/www.iceireland.com\\\/wp-content\\\/uploads\\\/2022\\\/03\\\/logo.png\",\"width\":593,\"height\":92,\"caption\":\"Irish College of English\"},\"image\":{\"@id\":\"https:\\\/\\\/www.iceireland.com\\\/pl\\\/#\\\/schema\\\/logo\\\/image\\\/\"}}]}<\/script>\n<!-- \/ Yoast SEO plugin. -->","yoast_head_json":{"title":"Szko\u0142a j\u0119zyka angielskiego w Dublinie Irlandia","description":"Za\u0142o\u017cony w 1992 roku jako szko\u0142a j\u0119zyka angielskiego w Dublinie w Irlandii, Irish College of English jest wysokiej jako\u015bci dostawc\u0105 us\u0142ug edukacyjnych i jest uznawany przez Departament Edukacji","robots":{"index":"index","follow":"follow","max-snippet":"max-snippet:-1","max-image-preview":"max-image-preview:large","max-video-preview":"max-video-preview:-1"},"canonical":"https:\/\/www.iceireland.com\/pl\/useful-info\/english-language-school-in-dublin-ireland\/","og_locale":"pl_PL","og_type":"article","og_title":"Szko\u0142a j\u0119zyka angielskiego w Dublinie Irlandia","og_description":"Za\u0142o\u017cony w 1992 roku jako szko\u0142a j\u0119zyka angielskiego w Dublinie w Irlandii, Irish College of English jest wysokiej jako\u015bci dostawc\u0105 us\u0142ug edukacyjnych i jest uznawany przez Departament Edukacji","og_url":"https:\/\/www.iceireland.com\/pl\/useful-info\/english-language-school-in-dublin-ireland\/","og_site_name":"Irish College of English","twitter_misc":{"Szacowany czas czytania":"3 minuty"},"schema":{"@context":"https:\/\/schema.org","@graph":[{"@type":"WebPage","@id":"https:\/\/www.iceireland.com\/pl\/useful-info\/english-language-school-in-dublin-ireland\/","url":"https:\/\/www.iceireland.com\/pl\/useful-info\/english-language-school-in-dublin-ireland\/","name":"Szko\u0142a j\u0119zyka angielskiego w Dublinie Irlandia","isPartOf":{"@id":"https:\/\/www.iceireland.com\/pl\/#website"},"datePublished":"2014-10-20T13:45:06+00:00","description":"Za\u0142o\u017cony w 1992 roku jako szko\u0142a j\u0119zyka angielskiego w Dublinie w Irlandii, Irish College of English jest wysokiej jako\u015bci dostawc\u0105 us\u0142ug edukacyjnych i jest uznawany przez Departament Edukacji","breadcrumb":{"@id":"https:\/\/www.iceireland.com\/pl\/useful-info\/english-language-school-in-dublin-ireland\/#breadcrumb"},"inLanguage":"pl-PL","potentialAction":[{"@type":"ReadAction","target":["https:\/\/www.iceireland.com\/pl\/useful-info\/english-language-school-in-dublin-ireland\/"]}]},{"@type":"BreadcrumbList","@id":"https:\/\/www.iceireland.com\/pl\/useful-info\/english-language-school-in-dublin-ireland\/#breadcrumb","itemListElement":[{"@type":"ListItem","position":1,"name":"Home","item":"https:\/\/www.iceireland.com\/pl\/"},{"@type":"ListItem","position":2,"name":"Przydatne informacje","item":"https:\/\/www.iceireland.com\/pl\/useful-info\/"},{"@type":"ListItem","position":3,"name":"Szko\u0142a j\u0119zyka angielskiego w Dublinie Irlandia"}]},{"@type":"WebSite","@id":"https:\/\/www.iceireland.com\/pl\/#website","url":"https:\/\/www.iceireland.com\/pl\/","name":"Irish College of English","description":"English School in Dublin, Malahide","publisher":{"@id":"https:\/\/www.iceireland.com\/pl\/#organization"},"potentialAction":[{"@type":"SearchAction","target":{"@type":"EntryPoint","urlTemplate":"https:\/\/www.iceireland.com\/pl\/?s={search_term_string}"},"query-input":{"@type":"PropertyValueSpecification","valueRequired":true,"valueName":"search_term_string"}}],"inLanguage":"pl-PL"},{"@type":"Organization","@id":"https:\/\/www.iceireland.com\/pl\/#organization","name":"Irish College of English","url":"https:\/\/www.iceireland.com\/pl\/","logo":{"@type":"ImageObject","inLanguage":"pl-PL","@id":"https:\/\/www.iceireland.com\/pl\/#\/schema\/logo\/image\/","url":"https:\/\/www.iceireland.com\/wp-content\/uploads\/2022\/03\/logo.png","contentUrl":"https:\/\/www.iceireland.com\/wp-content\/uploads\/2022\/03\/logo.png","width":593,"height":92,"caption":"Irish College of English"},"image":{"@id":"https:\/\/www.iceireland.com\/pl\/#\/schema\/logo\/image\/"}}]}},"_links":{"self":[{"href":"https:\/\/www.iceireland.com\/pl\/wp-json\/wp\/v2\/pages\/32275","targetHints":{"allow":["GET"]}}],"collection":[{"href":"https:\/\/www.iceireland.com\/pl\/wp-json\/wp\/v2\/pages"}],"about":[{"href":"https:\/\/www.iceireland.com\/pl\/wp-json\/wp\/v2\/types\/page"}],"author":[{"embeddable":true,"href":"https:\/\/www.iceireland.com\/pl\/wp-json\/wp\/v2\/users\/1"}],"replies":[{"embeddable":true,"href":"https:\/\/www.iceireland.com\/pl\/wp-json\/wp\/v2\/comments?post=32275"}],"version-history":[{"count":0,"href":"https:\/\/www.iceireland.com\/pl\/wp-json\/wp\/v2\/pages\/32275\/revisions"}],"up":[{"embeddable":true,"href":"https:\/\/www.iceireland.com\/pl\/wp-json\/wp\/v2\/pages\/32207"}],"wp:attachment":[{"href":"https:\/\/www.iceireland.com\/pl\/wp-json\/wp\/v2\/media?parent=32275"}],"curies":[{"name":"wp","href":"https:\/\/api.w.org\/{rel}","templated":true}]}}