{"id":32418,"date":"2023-11-29T15:33:01","date_gmt":"2023-11-29T15:33:01","guid":{"rendered":"https:\/\/www.iceireland.com\/induction-orientation\/"},"modified":"2026-01-30T16:50:31","modified_gmt":"2026-01-30T16:50:31","slug":"induction-orientation","status":"publish","type":"page","link":"https:\/\/www.iceireland.com\/pl\/useful-information-and-supports\/induction-orientation\/","title":{"rendered":"Wprowadzenie i orientacja"},"content":{"rendered":"\t\t<div data-elementor-type=\"wp-page\" data-elementor-id=\"32418\" class=\"elementor elementor-32418 elementor-25711\" data-elementor-post-type=\"page\">\n\t\t\t\t\t\t<section class=\"elementor-section elementor-top-section elementor-element elementor-element-e585a1e elementor-section-boxed elementor-section-height-default elementor-section-height-default\" data-id=\"e585a1e\" data-element_type=\"section\" data-e-type=\"section\">\n\t\t\t\t\t\t<div class=\"elementor-container elementor-column-gap-default\">\n\t\t\t\t\t<div class=\"elementor-column elementor-col-100 elementor-top-column elementor-element elementor-element-655e19e\" data-id=\"655e19e\" data-element_type=\"column\" data-e-type=\"column\">\n\t\t\t<div class=\"elementor-widget-wrap elementor-element-populated\">\n\t\t\t\t\t\t<div class=\"elementor-element elementor-element-3c0f89b elementor-widget elementor-widget-text-editor\" data-id=\"3c0f89b\" data-element_type=\"widget\" data-e-type=\"widget\" data-widget_type=\"text-editor.default\">\n\t\t\t\t<div class=\"elementor-widget-container\">\n\t\t\t\t\t\t\t\t\t<h4>Wprowadzenie i orientacja<\/h4><p>W ICE naszym celem jest zapewnienie wszystkim uczniom informacji, zasob\u00f3w i wsparcia, kt\u00f3rych potrzebuj\u0105, aby z powodzeniem zintegrowa\u0107 si\u0119 ze spo\u0142eczno\u015bci\u0105 szkoln\u0105, zrozumie\u0107 oczekiwania i poczu\u0107 si\u0119 pewnie, rozpoczynaj\u0105c nauk\u0119 j\u0119zyka.<\/p><ul><li>Wspieramy student\u00f3w przed przyjazdem, dostarczaj\u0105c im wszystkich informacji potrzebnych do przygotowania si\u0119 i poinformowania o ich pobycie w ICE, w tym szczeg\u00f3\u0142\u00f3w programu, zakwaterowania i szczeg\u00f3\u0142\u00f3w transferu, je\u015bli jest to wymagane.<\/li><li>Uczniowie przed przyjazdem wezm\u0105 udzia\u0142 w odpowiednim te\u015bcie przed przyjazdem.<\/li><li>Doro\u015bli studenci zostan\u0105 zaproszeni do udzia\u0142u w spotkaniu przed przyjazdem. Na spotkaniu tym om\u00f3wione zostan\u0105 cele i oczekiwania dotycz\u0105ce nauki, ocena ustna, przegl\u0105d wynik\u00f3w oceny kwalifikacyjnej, przegl\u0105d struktury kursu i wsparcie. <\/li><li>Ka\u017cdy ucze\u0144 otrzyma kopi\u0119 naszego Podr\u0119cznika ucznia oraz link do naszego Podr\u0119cznika zapewniania jako\u015bci i Karty pobytu w domu (w stosownych przypadkach). Dokumenty te zapewniaj\u0105 uczniom i \/ lub rodzicom \/ opiekunom jasne zrozumienie naszej szko\u0142y, program\u00f3w i wsparcia. <\/li><li>Po przyje\u017adzie ka\u017cdy ucze\u0144 przejdzie orientacj\u0119 specyficzn\u0105 dla jego kursu, jak okre\u015blono w podr\u0119czniku lub informacjach przed przyjazdem.<\/li><li>Wprowadzanie jest procesem ci\u0105g\u0142ym, a nasi pracownicy s\u0105 zawsze dost\u0119pni, aby pom\u00f3c studentom w przypadku jakichkolwiek pyta\u0144 akademickich lub pozaakademickich lub innych w\u0105tpliwo\u015bci.<\/li><li>Nasi kierownicy akademiccy, personel akademicki, zesp\u00f3\u0142 recepcji, oficerowie ds. zakwaterowania, oficerowie opieki spo\u0142ecznej i inni pracownicy s\u0105 tutaj, aby wspiera\u0107 i pomaga\u0107.<\/li><li>Je\u015bli potrzebujesz wi\u0119cej informacji, zapoznaj si\u0119 z naszym Podr\u0119cznikiem QA &#8211; Polityka wprowadzania student\u00f3w lub skontaktuj si\u0119 z nami pod adresem <a href=\"mailto:info@iceireland.com\">info@iceireland.com<\/a>.  <\/li><\/ul>\t\t\t\t\t\t\t\t<\/div>\n\t\t\t\t<\/div>\n\t\t\t\t\t<\/div>\n\t\t<\/div>\n\t\t\t\t\t<\/div>\n\t\t<\/section>\n\t\t\t\t<section class=\"elementor-section elementor-top-section elementor-element elementor-element-609f049 elementor-section-boxed elementor-section-height-default elementor-section-height-default\" data-id=\"609f049\" data-element_type=\"section\" data-e-type=\"section\">\n\t\t\t\t\t\t<div class=\"elementor-container elementor-column-gap-default\">\n\t\t\t\t\t<div class=\"elementor-column elementor-col-100 elementor-top-column elementor-element elementor-element-04dd031\" data-id=\"04dd031\" data-element_type=\"column\" data-e-type=\"column\">\n\t\t\t<div class=\"elementor-widget-wrap elementor-element-populated\">\n\t\t\t\t\t\t<div class=\"elementor-element elementor-element-bf3c1c1 elementor-widget elementor-widget-spacer\" data-id=\"bf3c1c1\" data-element_type=\"widget\" data-e-type=\"widget\" data-widget_type=\"spacer.default\">\n\t\t\t\t<div class=\"elementor-widget-container\">\n\t\t\t\t\t\t\t<div class=\"elementor-spacer\">\n\t\t\t<div class=\"elementor-spacer-inner\"><\/div>\n\t\t<\/div>\n\t\t\t\t\t\t<\/div>\n\t\t\t\t<\/div>\n\t\t\t\t\t<\/div>\n\t\t<\/div>\n\t\t\t\t\t<\/div>\n\t\t<\/section>\n\t\t\t\t<\/div>\n\t\t","protected":false},"excerpt":{"rendered":"<p>Wprowadzenie i orientacja W ICE naszym celem jest zapewnienie wszystkim uczniom informacji, zasob\u00f3w i wsparcia, kt\u00f3rych potrzebuj\u0105, aby z powodzeniem zintegrowa\u0107 si\u0119 ze spo\u0142eczno\u015bci\u0105 szkoln\u0105, zrozumie\u0107 oczekiwania i poczu\u0107 si\u0119 pewnie, rozpoczynaj\u0105c nauk\u0119 j\u0119zyka. Wspieramy student\u00f3w przed przyjazdem, dostarczaj\u0105c im wszystkich informacji potrzebnych do przygotowania si\u0119 i poinformowania o ich pobycie w ICE, w tym [&hellip;]<\/p>\n","protected":false},"author":3,"featured_media":0,"parent":32486,"menu_order":0,"comment_status":"closed","ping_status":"closed","template":"","meta":{"content-type":"","footnotes":""},"class_list":["post-32418","page","type-page","status-publish","hentry"],"yoast_head":"<!-- This site is optimized with the Yoast SEO plugin v27.3 - https:\/\/yoast.com\/product\/yoast-seo-wordpress\/ -->\n<title>Wprowadzenie i orientacja - Irish College of English<\/title>\n<meta name=\"robots\" content=\"noindex, follow\" \/>\n<meta property=\"og:locale\" content=\"pl_PL\" \/>\n<meta property=\"og:type\" content=\"article\" \/>\n<meta property=\"og:title\" content=\"Wprowadzenie i orientacja - Irish College of English\" \/>\n<meta property=\"og:description\" content=\"Wprowadzenie i orientacja W ICE naszym celem jest zapewnienie wszystkim uczniom informacji, zasob\u00f3w i wsparcia, kt\u00f3rych potrzebuj\u0105, aby z powodzeniem zintegrowa\u0107 si\u0119 ze spo\u0142eczno\u015bci\u0105 szkoln\u0105, zrozumie\u0107 oczekiwania i poczu\u0107 si\u0119 pewnie, rozpoczynaj\u0105c nauk\u0119 j\u0119zyka. Wspieramy student\u00f3w przed przyjazdem, dostarczaj\u0105c im wszystkich informacji potrzebnych do przygotowania si\u0119 i poinformowania o ich pobycie w ICE, w tym [&hellip;]\" \/>\n<meta property=\"og:url\" content=\"https:\/\/www.iceireland.com\/pl\/useful-information-and-supports\/induction-orientation\/\" \/>\n<meta property=\"og:site_name\" content=\"Irish College of English\" \/>\n<meta property=\"article:modified_time\" content=\"2026-01-30T16:50:31+00:00\" \/>\n<meta name=\"twitter:label1\" content=\"Szacowany czas czytania\" \/>\n\t<meta name=\"twitter:data1\" content=\"1 minuta\" \/>\n<script type=\"application\/ld+json\" class=\"yoast-schema-graph\">{\"@context\":\"https:\\\/\\\/schema.org\",\"@graph\":[{\"@type\":\"WebPage\",\"@id\":\"https:\\\/\\\/www.iceireland.com\\\/pl\\\/useful-information-and-supports\\\/induction-orientation\\\/\",\"url\":\"https:\\\/\\\/www.iceireland.com\\\/pl\\\/useful-information-and-supports\\\/induction-orientation\\\/\",\"name\":\"Wprowadzenie i orientacja - Irish College of English\",\"isPartOf\":{\"@id\":\"https:\\\/\\\/www.iceireland.com\\\/pl\\\/#website\"},\"datePublished\":\"2023-11-29T15:33:01+00:00\",\"dateModified\":\"2026-01-30T16:50:31+00:00\",\"breadcrumb\":{\"@id\":\"https:\\\/\\\/www.iceireland.com\\\/pl\\\/useful-information-and-supports\\\/induction-orientation\\\/#breadcrumb\"},\"inLanguage\":\"pl-PL\",\"potentialAction\":[{\"@type\":\"ReadAction\",\"target\":[\"https:\\\/\\\/www.iceireland.com\\\/pl\\\/useful-information-and-supports\\\/induction-orientation\\\/\"]}]},{\"@type\":\"BreadcrumbList\",\"@id\":\"https:\\\/\\\/www.iceireland.com\\\/pl\\\/useful-information-and-supports\\\/induction-orientation\\\/#breadcrumb\",\"itemListElement\":[{\"@type\":\"ListItem\",\"position\":1,\"name\":\"Home\",\"item\":\"https:\\\/\\\/www.iceireland.com\\\/pl\\\/\"},{\"@type\":\"ListItem\",\"position\":2,\"name\":\"Przydatne informacje i wsparcie\",\"item\":\"https:\\\/\\\/www.iceireland.com\\\/pl\\\/useful-information-and-supports\\\/\"},{\"@type\":\"ListItem\",\"position\":3,\"name\":\"Wprowadzenie i orientacja\"}]},{\"@type\":\"WebSite\",\"@id\":\"https:\\\/\\\/www.iceireland.com\\\/pl\\\/#website\",\"url\":\"https:\\\/\\\/www.iceireland.com\\\/pl\\\/\",\"name\":\"Irish College of English\",\"description\":\"English School in Dublin, Malahide\",\"publisher\":{\"@id\":\"https:\\\/\\\/www.iceireland.com\\\/pl\\\/#organization\"},\"potentialAction\":[{\"@type\":\"SearchAction\",\"target\":{\"@type\":\"EntryPoint\",\"urlTemplate\":\"https:\\\/\\\/www.iceireland.com\\\/pl\\\/?s={search_term_string}\"},\"query-input\":{\"@type\":\"PropertyValueSpecification\",\"valueRequired\":true,\"valueName\":\"search_term_string\"}}],\"inLanguage\":\"pl-PL\"},{\"@type\":\"Organization\",\"@id\":\"https:\\\/\\\/www.iceireland.com\\\/pl\\\/#organization\",\"name\":\"Irish College of English\",\"url\":\"https:\\\/\\\/www.iceireland.com\\\/pl\\\/\",\"logo\":{\"@type\":\"ImageObject\",\"inLanguage\":\"pl-PL\",\"@id\":\"https:\\\/\\\/www.iceireland.com\\\/pl\\\/#\\\/schema\\\/logo\\\/image\\\/\",\"url\":\"https:\\\/\\\/www.iceireland.com\\\/wp-content\\\/uploads\\\/2022\\\/03\\\/logo.png\",\"contentUrl\":\"https:\\\/\\\/www.iceireland.com\\\/wp-content\\\/uploads\\\/2022\\\/03\\\/logo.png\",\"width\":593,\"height\":92,\"caption\":\"Irish College of English\"},\"image\":{\"@id\":\"https:\\\/\\\/www.iceireland.com\\\/pl\\\/#\\\/schema\\\/logo\\\/image\\\/\"}}]}<\/script>\n<!-- \/ Yoast SEO plugin. -->","yoast_head_json":{"title":"Wprowadzenie i orientacja - Irish College of English","robots":{"index":"noindex","follow":"follow"},"og_locale":"pl_PL","og_type":"article","og_title":"Wprowadzenie i orientacja - Irish College of English","og_description":"Wprowadzenie i orientacja W ICE naszym celem jest zapewnienie wszystkim uczniom informacji, zasob\u00f3w i wsparcia, kt\u00f3rych potrzebuj\u0105, aby z powodzeniem zintegrowa\u0107 si\u0119 ze spo\u0142eczno\u015bci\u0105 szkoln\u0105, zrozumie\u0107 oczekiwania i poczu\u0107 si\u0119 pewnie, rozpoczynaj\u0105c nauk\u0119 j\u0119zyka. Wspieramy student\u00f3w przed przyjazdem, dostarczaj\u0105c im wszystkich informacji potrzebnych do przygotowania si\u0119 i poinformowania o ich pobycie w ICE, w tym [&hellip;]","og_url":"https:\/\/www.iceireland.com\/pl\/useful-information-and-supports\/induction-orientation\/","og_site_name":"Irish College of English","article_modified_time":"2026-01-30T16:50:31+00:00","twitter_misc":{"Szacowany czas czytania":"1 minuta"},"schema":{"@context":"https:\/\/schema.org","@graph":[{"@type":"WebPage","@id":"https:\/\/www.iceireland.com\/pl\/useful-information-and-supports\/induction-orientation\/","url":"https:\/\/www.iceireland.com\/pl\/useful-information-and-supports\/induction-orientation\/","name":"Wprowadzenie i orientacja - Irish College of English","isPartOf":{"@id":"https:\/\/www.iceireland.com\/pl\/#website"},"datePublished":"2023-11-29T15:33:01+00:00","dateModified":"2026-01-30T16:50:31+00:00","breadcrumb":{"@id":"https:\/\/www.iceireland.com\/pl\/useful-information-and-supports\/induction-orientation\/#breadcrumb"},"inLanguage":"pl-PL","potentialAction":[{"@type":"ReadAction","target":["https:\/\/www.iceireland.com\/pl\/useful-information-and-supports\/induction-orientation\/"]}]},{"@type":"BreadcrumbList","@id":"https:\/\/www.iceireland.com\/pl\/useful-information-and-supports\/induction-orientation\/#breadcrumb","itemListElement":[{"@type":"ListItem","position":1,"name":"Home","item":"https:\/\/www.iceireland.com\/pl\/"},{"@type":"ListItem","position":2,"name":"Przydatne informacje i wsparcie","item":"https:\/\/www.iceireland.com\/pl\/useful-information-and-supports\/"},{"@type":"ListItem","position":3,"name":"Wprowadzenie i orientacja"}]},{"@type":"WebSite","@id":"https:\/\/www.iceireland.com\/pl\/#website","url":"https:\/\/www.iceireland.com\/pl\/","name":"Irish College of English","description":"English School in Dublin, Malahide","publisher":{"@id":"https:\/\/www.iceireland.com\/pl\/#organization"},"potentialAction":[{"@type":"SearchAction","target":{"@type":"EntryPoint","urlTemplate":"https:\/\/www.iceireland.com\/pl\/?s={search_term_string}"},"query-input":{"@type":"PropertyValueSpecification","valueRequired":true,"valueName":"search_term_string"}}],"inLanguage":"pl-PL"},{"@type":"Organization","@id":"https:\/\/www.iceireland.com\/pl\/#organization","name":"Irish College of English","url":"https:\/\/www.iceireland.com\/pl\/","logo":{"@type":"ImageObject","inLanguage":"pl-PL","@id":"https:\/\/www.iceireland.com\/pl\/#\/schema\/logo\/image\/","url":"https:\/\/www.iceireland.com\/wp-content\/uploads\/2022\/03\/logo.png","contentUrl":"https:\/\/www.iceireland.com\/wp-content\/uploads\/2022\/03\/logo.png","width":593,"height":92,"caption":"Irish College of English"},"image":{"@id":"https:\/\/www.iceireland.com\/pl\/#\/schema\/logo\/image\/"}}]}},"_links":{"self":[{"href":"https:\/\/www.iceireland.com\/pl\/wp-json\/wp\/v2\/pages\/32418","targetHints":{"allow":["GET"]}}],"collection":[{"href":"https:\/\/www.iceireland.com\/pl\/wp-json\/wp\/v2\/pages"}],"about":[{"href":"https:\/\/www.iceireland.com\/pl\/wp-json\/wp\/v2\/types\/page"}],"author":[{"embeddable":true,"href":"https:\/\/www.iceireland.com\/pl\/wp-json\/wp\/v2\/users\/3"}],"replies":[{"embeddable":true,"href":"https:\/\/www.iceireland.com\/pl\/wp-json\/wp\/v2\/comments?post=32418"}],"version-history":[{"count":1,"href":"https:\/\/www.iceireland.com\/pl\/wp-json\/wp\/v2\/pages\/32418\/revisions"}],"predecessor-version":[{"id":32420,"href":"https:\/\/www.iceireland.com\/pl\/wp-json\/wp\/v2\/pages\/32418\/revisions\/32420"}],"up":[{"embeddable":true,"href":"https:\/\/www.iceireland.com\/pl\/wp-json\/wp\/v2\/pages\/32486"}],"wp:attachment":[{"href":"https:\/\/www.iceireland.com\/pl\/wp-json\/wp\/v2\/media?parent=32418"}],"curies":[{"name":"wp","href":"https:\/\/api.w.org\/{rel}","templated":true}]}}