{"id":32442,"date":"2023-11-29T15:32:14","date_gmt":"2023-11-29T15:32:14","guid":{"rendered":"https:\/\/www.iceireland.com\/assessment\/"},"modified":"2026-01-30T16:50:31","modified_gmt":"2026-01-30T16:50:31","slug":"assessment","status":"publish","type":"page","link":"https:\/\/www.iceireland.com\/pl\/useful-information-and-supports\/assessment\/","title":{"rendered":"Ocena"},"content":{"rendered":"\t\t<div data-elementor-type=\"wp-page\" data-elementor-id=\"32442\" class=\"elementor elementor-32442 elementor-25709\" data-elementor-post-type=\"page\">\n\t\t\t\t\t\t<section class=\"elementor-section elementor-top-section elementor-element elementor-element-0b49e11 elementor-section-boxed elementor-section-height-default elementor-section-height-default\" data-id=\"0b49e11\" data-element_type=\"section\" data-e-type=\"section\">\n\t\t\t\t\t\t<div class=\"elementor-container elementor-column-gap-default\">\n\t\t\t\t\t<div class=\"elementor-column elementor-col-100 elementor-top-column elementor-element elementor-element-9d18d67\" data-id=\"9d18d67\" data-element_type=\"column\" data-e-type=\"column\">\n\t\t\t<div class=\"elementor-widget-wrap elementor-element-populated\">\n\t\t\t\t\t\t<div class=\"elementor-element elementor-element-03ed506 elementor-widget elementor-widget-text-editor\" data-id=\"03ed506\" data-element_type=\"widget\" data-e-type=\"widget\" data-widget_type=\"text-editor.default\">\n\t\t\t\t<div class=\"elementor-widget-container\">\n\t\t\t\t\t\t\t\t\t<p class=\"MsoNormal\"><b><span lang=\"EN-GB\">Rozw\u00f3j oceny<o:p><\/o:p><\/span><\/b><\/p><p class=\"MsoNormal\" style=\"text-align:justify\"><span lang=\"EN-GB\">Oceny s\u0105\nistotn\u0105 cz\u0119\u015bci\u0105 podr\u00f3\u017cy edukacyjnej, zaprojektowan\u0105 w celu wspierania post\u0119p\u00f3w\ni budowania pewno\u015bci siebie w pos\u0142ugiwaniu si\u0119 j\u0119zykiem angielskim. Skupiamy si\u0119 na wszystkich kluczowych umiej\u0119tno\u015bciach CEFR &#8211;\ns\u0142uchaniu, czytaniu, pisaniu i m\u00f3wieniu &#8211; zapewniaj\u0105c zr\u00f3wnowa\u017cone podej\u015bcie do\nnauki j\u0119zyka. Dzi\u0119ki temu uczniowie rozwijaj\u0105 wszechstronn\u0105 bieg\u0142o\u015b\u0107, jednocze\u015bnie\nidentyfikuj\u0105c obszary wymagaj\u0105ce poprawy.  <o:p><\/o:p><\/span><\/p><p class=\"MsoNormal\" style=\"text-align:justify\"><span lang=\"EN-GB\">Nasza metoda oceny\nma nisk\u0105 stawk\u0119, co oznacza, \u017ce koncentrujemy si\u0119 raczej na nauce i rozwoju\nni\u017c na presji. K\u0142ad\u0105c nacisk na uczestnictwo i informacje zwrotne, tworzymy\nmotywuj\u0105ce \u015brodowisko, w kt\u00f3rym czujesz si\u0119 upowa\u017cniony do wzi\u0119cia odpowiedzialno\u015bci za swoj\u0105\nnauk\u0119. <o:p><\/o:p><\/span><\/p><p class=\"MsoNormal\" style=\"text-align:justify\"><span lang=\"EN-GB\">Studenci s\u0105\nwst\u0119pnie oceniani przed przyjazdem w celu okre\u015blenia ich poziomu bieg\u0142o\u015bci poprzez ocen\u0119 online\n, kt\u00f3ra jest dostosowana do CEFR.<o:p><\/o:p><\/span><\/p><p class=\"MsoNormal\" style=\"text-align:justify\"><span lang=\"EN-GB\">Nasi uczniowie s\u0105\nnast\u0119pnie oceniani za pomoc\u0105 naszych formatywnych i sumatywnych system\u00f3w oceny, kt\u00f3re zapewniaj\u0105\nwa\u017cno\u015b\u0107, niezawodno\u015b\u0107 i uczciwo\u015b\u0107 w ocenie wynik\u00f3w uczni\u00f3w w zakresie\numiej\u0119tno\u015bci j\u0119zykowych.<o:p><\/o:p><\/span><\/p><p class=\"MsoNormal\" style=\"line-height:107%\"><b><span lang=\"EN-GB\">Ocena formatywna\n<o:p><\/o:p><\/span><\/b><\/p><p class=\"MsoNormal\" style=\"text-align:justify;line-height:107%\"><span lang=\"EN-GB\">Ocenianie kszta\u0142tuj\u0105ce to ci\u0105g\u0142y proces, kt\u00f3ry pomaga mierzy\u0107\npost\u0119py uczni\u00f3w i zapewnia\u0107 konstruktywne informacje zwrotne przez ca\u0142y czas ich pobytu. Obejmuje ona\nobserwacje w klasie, interaktywne zaj\u0119cia, quizy i cotygodniowe projekty\n. Innymi przyk\u0142adami oceny kszta\u0142tuj\u0105cej mo\u017ce by\u0107 zaanga\u017cowanie uczni\u00f3w\nw zaj\u0119cia i ich zdolno\u015b\u0107 do pokonywania przeszk\u00f3d j\u0119zykowych. S\u0105 one\nrejestrowane i wykorzystywane jako podstawa do komentarzy dotycz\u0105cych oceny w naszym\nraporcie z wyjazdu student\u00f3w.   <o:p><\/o:p><\/span><\/p><p class=\"MsoNormal\"><b><span lang=\"EN-GB\">Ocena podsumowuj\u0105ca<o:p><\/o:p><\/span><\/b><\/p><p>\n\n\n\n\n\n\n\n\n\n\n\n\n\n\n\n<\/p><p class=\"MsoNormal\" style=\"text-align:justify;line-height:107%\"><span lang=\"EN-GB\">Oceny podsumowuj\u0105ce s\u0105 przeprowadzane pod koniec ka\u017cdego tygodnia, aby\nzmierzy\u0107 post\u0119py uczni\u00f3w w nauce w oparciu o podstawow\u0105 jednostk\u0119 podr\u0119cznika, kt\u00f3r\u0105\nstudiowali. Testy te s\u0105 standaryzowane, aby zapewni\u0107 sp\u00f3jno\u015b\u0107 i sprawiedliwo\u015b\u0107, a\ns\u0105 wymienione w programie nauczania uczni\u00f3w, aby pom\u00f3c im skutecznie si\u0119 przygotowa\u0107. <o:p><\/o:p><\/span><\/p>\t\t\t\t\t\t\t\t<\/div>\n\t\t\t\t<\/div>\n\t\t\t\t\t<\/div>\n\t\t<\/div>\n\t\t\t\t\t<\/div>\n\t\t<\/section>\n\t\t\t\t<\/div>\n\t\t","protected":false},"excerpt":{"rendered":"<p>Rozw\u00f3j oceny Oceny s\u0105 istotn\u0105 cz\u0119\u015bci\u0105 podr\u00f3\u017cy edukacyjnej, zaprojektowan\u0105 w celu wspierania post\u0119p\u00f3w i budowania pewno\u015bci siebie w pos\u0142ugiwaniu si\u0119 j\u0119zykiem angielskim. Skupiamy si\u0119 na wszystkich kluczowych umiej\u0119tno\u015bciach CEFR &#8211; s\u0142uchaniu, czytaniu, pisaniu i m\u00f3wieniu &#8211; zapewniaj\u0105c zr\u00f3wnowa\u017cone podej\u015bcie do nauki j\u0119zyka. Dzi\u0119ki temu uczniowie rozwijaj\u0105 wszechstronn\u0105 bieg\u0142o\u015b\u0107, jednocze\u015bnie identyfikuj\u0105c obszary wymagaj\u0105ce poprawy. Nasza metoda [&hellip;]<\/p>\n","protected":false},"author":3,"featured_media":0,"parent":32486,"menu_order":0,"comment_status":"closed","ping_status":"closed","template":"","meta":{"content-type":"","footnotes":""},"class_list":["post-32442","page","type-page","status-publish","hentry"],"yoast_head":"<!-- This site is optimized with the Yoast SEO plugin v27.3 - https:\/\/yoast.com\/product\/yoast-seo-wordpress\/ -->\n<title>Ocena - Irish College of English<\/title>\n<meta name=\"robots\" content=\"noindex, follow\" \/>\n<meta property=\"og:locale\" content=\"pl_PL\" \/>\n<meta property=\"og:type\" content=\"article\" \/>\n<meta property=\"og:title\" content=\"Ocena - Irish College of English\" \/>\n<meta property=\"og:description\" content=\"Rozw\u00f3j oceny Oceny s\u0105 istotn\u0105 cz\u0119\u015bci\u0105 podr\u00f3\u017cy edukacyjnej, zaprojektowan\u0105 w celu wspierania post\u0119p\u00f3w i budowania pewno\u015bci siebie w pos\u0142ugiwaniu si\u0119 j\u0119zykiem angielskim. Skupiamy si\u0119 na wszystkich kluczowych umiej\u0119tno\u015bciach CEFR &#8211; s\u0142uchaniu, czytaniu, pisaniu i m\u00f3wieniu &#8211; zapewniaj\u0105c zr\u00f3wnowa\u017cone podej\u015bcie do nauki j\u0119zyka. Dzi\u0119ki temu uczniowie rozwijaj\u0105 wszechstronn\u0105 bieg\u0142o\u015b\u0107, jednocze\u015bnie identyfikuj\u0105c obszary wymagaj\u0105ce poprawy. Nasza metoda [&hellip;]\" \/>\n<meta property=\"og:url\" content=\"https:\/\/www.iceireland.com\/pl\/useful-information-and-supports\/assessment\/\" \/>\n<meta property=\"og:site_name\" content=\"Irish College of English\" \/>\n<meta property=\"article:modified_time\" content=\"2026-01-30T16:50:31+00:00\" \/>\n<meta name=\"twitter:label1\" content=\"Szacowany czas czytania\" \/>\n\t<meta name=\"twitter:data1\" content=\"2 minuty\" \/>\n<script type=\"application\/ld+json\" class=\"yoast-schema-graph\">{\"@context\":\"https:\\\/\\\/schema.org\",\"@graph\":[{\"@type\":\"WebPage\",\"@id\":\"https:\\\/\\\/www.iceireland.com\\\/pl\\\/useful-information-and-supports\\\/assessment\\\/\",\"url\":\"https:\\\/\\\/www.iceireland.com\\\/pl\\\/useful-information-and-supports\\\/assessment\\\/\",\"name\":\"Ocena - Irish College of English\",\"isPartOf\":{\"@id\":\"https:\\\/\\\/www.iceireland.com\\\/pl\\\/#website\"},\"datePublished\":\"2023-11-29T15:32:14+00:00\",\"dateModified\":\"2026-01-30T16:50:31+00:00\",\"breadcrumb\":{\"@id\":\"https:\\\/\\\/www.iceireland.com\\\/pl\\\/useful-information-and-supports\\\/assessment\\\/#breadcrumb\"},\"inLanguage\":\"pl-PL\",\"potentialAction\":[{\"@type\":\"ReadAction\",\"target\":[\"https:\\\/\\\/www.iceireland.com\\\/pl\\\/useful-information-and-supports\\\/assessment\\\/\"]}]},{\"@type\":\"BreadcrumbList\",\"@id\":\"https:\\\/\\\/www.iceireland.com\\\/pl\\\/useful-information-and-supports\\\/assessment\\\/#breadcrumb\",\"itemListElement\":[{\"@type\":\"ListItem\",\"position\":1,\"name\":\"Home\",\"item\":\"https:\\\/\\\/www.iceireland.com\\\/pl\\\/\"},{\"@type\":\"ListItem\",\"position\":2,\"name\":\"Przydatne informacje i wsparcie\",\"item\":\"https:\\\/\\\/www.iceireland.com\\\/pl\\\/useful-information-and-supports\\\/\"},{\"@type\":\"ListItem\",\"position\":3,\"name\":\"Ocena\"}]},{\"@type\":\"WebSite\",\"@id\":\"https:\\\/\\\/www.iceireland.com\\\/pl\\\/#website\",\"url\":\"https:\\\/\\\/www.iceireland.com\\\/pl\\\/\",\"name\":\"Irish College of English\",\"description\":\"English School in Dublin, Malahide\",\"publisher\":{\"@id\":\"https:\\\/\\\/www.iceireland.com\\\/pl\\\/#organization\"},\"potentialAction\":[{\"@type\":\"SearchAction\",\"target\":{\"@type\":\"EntryPoint\",\"urlTemplate\":\"https:\\\/\\\/www.iceireland.com\\\/pl\\\/?s={search_term_string}\"},\"query-input\":{\"@type\":\"PropertyValueSpecification\",\"valueRequired\":true,\"valueName\":\"search_term_string\"}}],\"inLanguage\":\"pl-PL\"},{\"@type\":\"Organization\",\"@id\":\"https:\\\/\\\/www.iceireland.com\\\/pl\\\/#organization\",\"name\":\"Irish College of English\",\"url\":\"https:\\\/\\\/www.iceireland.com\\\/pl\\\/\",\"logo\":{\"@type\":\"ImageObject\",\"inLanguage\":\"pl-PL\",\"@id\":\"https:\\\/\\\/www.iceireland.com\\\/pl\\\/#\\\/schema\\\/logo\\\/image\\\/\",\"url\":\"https:\\\/\\\/www.iceireland.com\\\/wp-content\\\/uploads\\\/2022\\\/03\\\/logo.png\",\"contentUrl\":\"https:\\\/\\\/www.iceireland.com\\\/wp-content\\\/uploads\\\/2022\\\/03\\\/logo.png\",\"width\":593,\"height\":92,\"caption\":\"Irish College of English\"},\"image\":{\"@id\":\"https:\\\/\\\/www.iceireland.com\\\/pl\\\/#\\\/schema\\\/logo\\\/image\\\/\"}}]}<\/script>\n<!-- \/ Yoast SEO plugin. -->","yoast_head_json":{"title":"Ocena - Irish College of English","robots":{"index":"noindex","follow":"follow"},"og_locale":"pl_PL","og_type":"article","og_title":"Ocena - Irish College of English","og_description":"Rozw\u00f3j oceny Oceny s\u0105 istotn\u0105 cz\u0119\u015bci\u0105 podr\u00f3\u017cy edukacyjnej, zaprojektowan\u0105 w celu wspierania post\u0119p\u00f3w i budowania pewno\u015bci siebie w pos\u0142ugiwaniu si\u0119 j\u0119zykiem angielskim. Skupiamy si\u0119 na wszystkich kluczowych umiej\u0119tno\u015bciach CEFR &#8211; s\u0142uchaniu, czytaniu, pisaniu i m\u00f3wieniu &#8211; zapewniaj\u0105c zr\u00f3wnowa\u017cone podej\u015bcie do nauki j\u0119zyka. Dzi\u0119ki temu uczniowie rozwijaj\u0105 wszechstronn\u0105 bieg\u0142o\u015b\u0107, jednocze\u015bnie identyfikuj\u0105c obszary wymagaj\u0105ce poprawy. Nasza metoda [&hellip;]","og_url":"https:\/\/www.iceireland.com\/pl\/useful-information-and-supports\/assessment\/","og_site_name":"Irish College of English","article_modified_time":"2026-01-30T16:50:31+00:00","twitter_misc":{"Szacowany czas czytania":"2 minuty"},"schema":{"@context":"https:\/\/schema.org","@graph":[{"@type":"WebPage","@id":"https:\/\/www.iceireland.com\/pl\/useful-information-and-supports\/assessment\/","url":"https:\/\/www.iceireland.com\/pl\/useful-information-and-supports\/assessment\/","name":"Ocena - Irish College of English","isPartOf":{"@id":"https:\/\/www.iceireland.com\/pl\/#website"},"datePublished":"2023-11-29T15:32:14+00:00","dateModified":"2026-01-30T16:50:31+00:00","breadcrumb":{"@id":"https:\/\/www.iceireland.com\/pl\/useful-information-and-supports\/assessment\/#breadcrumb"},"inLanguage":"pl-PL","potentialAction":[{"@type":"ReadAction","target":["https:\/\/www.iceireland.com\/pl\/useful-information-and-supports\/assessment\/"]}]},{"@type":"BreadcrumbList","@id":"https:\/\/www.iceireland.com\/pl\/useful-information-and-supports\/assessment\/#breadcrumb","itemListElement":[{"@type":"ListItem","position":1,"name":"Home","item":"https:\/\/www.iceireland.com\/pl\/"},{"@type":"ListItem","position":2,"name":"Przydatne informacje i wsparcie","item":"https:\/\/www.iceireland.com\/pl\/useful-information-and-supports\/"},{"@type":"ListItem","position":3,"name":"Ocena"}]},{"@type":"WebSite","@id":"https:\/\/www.iceireland.com\/pl\/#website","url":"https:\/\/www.iceireland.com\/pl\/","name":"Irish College of English","description":"English School in Dublin, Malahide","publisher":{"@id":"https:\/\/www.iceireland.com\/pl\/#organization"},"potentialAction":[{"@type":"SearchAction","target":{"@type":"EntryPoint","urlTemplate":"https:\/\/www.iceireland.com\/pl\/?s={search_term_string}"},"query-input":{"@type":"PropertyValueSpecification","valueRequired":true,"valueName":"search_term_string"}}],"inLanguage":"pl-PL"},{"@type":"Organization","@id":"https:\/\/www.iceireland.com\/pl\/#organization","name":"Irish College of English","url":"https:\/\/www.iceireland.com\/pl\/","logo":{"@type":"ImageObject","inLanguage":"pl-PL","@id":"https:\/\/www.iceireland.com\/pl\/#\/schema\/logo\/image\/","url":"https:\/\/www.iceireland.com\/wp-content\/uploads\/2022\/03\/logo.png","contentUrl":"https:\/\/www.iceireland.com\/wp-content\/uploads\/2022\/03\/logo.png","width":593,"height":92,"caption":"Irish College of English"},"image":{"@id":"https:\/\/www.iceireland.com\/pl\/#\/schema\/logo\/image\/"}}]}},"_links":{"self":[{"href":"https:\/\/www.iceireland.com\/pl\/wp-json\/wp\/v2\/pages\/32442","targetHints":{"allow":["GET"]}}],"collection":[{"href":"https:\/\/www.iceireland.com\/pl\/wp-json\/wp\/v2\/pages"}],"about":[{"href":"https:\/\/www.iceireland.com\/pl\/wp-json\/wp\/v2\/types\/page"}],"author":[{"embeddable":true,"href":"https:\/\/www.iceireland.com\/pl\/wp-json\/wp\/v2\/users\/3"}],"replies":[{"embeddable":true,"href":"https:\/\/www.iceireland.com\/pl\/wp-json\/wp\/v2\/comments?post=32442"}],"version-history":[{"count":1,"href":"https:\/\/www.iceireland.com\/pl\/wp-json\/wp\/v2\/pages\/32442\/revisions"}],"predecessor-version":[{"id":32445,"href":"https:\/\/www.iceireland.com\/pl\/wp-json\/wp\/v2\/pages\/32442\/revisions\/32445"}],"up":[{"embeddable":true,"href":"https:\/\/www.iceireland.com\/pl\/wp-json\/wp\/v2\/pages\/32486"}],"wp:attachment":[{"href":"https:\/\/www.iceireland.com\/pl\/wp-json\/wp\/v2\/media?parent=32442"}],"curies":[{"name":"wp","href":"https:\/\/api.w.org\/{rel}","templated":true}]}}