{"id":32498,"date":"2023-11-28T14:29:02","date_gmt":"2023-11-28T14:29:02","guid":{"rendered":"https:\/\/www.iceireland.com\/useful-information-and-supports\/learner-protection\/"},"modified":"2026-01-30T16:50:53","modified_gmt":"2026-01-30T16:50:53","slug":"learner-protection","status":"publish","type":"page","link":"https:\/\/www.iceireland.com\/pl\/useful-information-and-supports\/learner-protection\/","title":{"rendered":"Ochrona uczni\u00f3w"},"content":{"rendered":"\t\t<div data-elementor-type=\"wp-page\" data-elementor-id=\"32498\" class=\"elementor elementor-32498 elementor-25634\" data-elementor-post-type=\"page\">\n\t\t\t\t\t\t<section class=\"elementor-section elementor-top-section elementor-element elementor-element-f28b19c elementor-section-boxed elementor-section-height-default elementor-section-height-default\" data-id=\"f28b19c\" data-element_type=\"section\" data-e-type=\"section\">\n\t\t\t\t\t\t<div class=\"elementor-container elementor-column-gap-default\">\n\t\t\t\t\t<div class=\"elementor-column elementor-col-100 elementor-top-column elementor-element elementor-element-f788b3d\" data-id=\"f788b3d\" data-element_type=\"column\" data-e-type=\"column\">\n\t\t\t<div class=\"elementor-widget-wrap elementor-element-populated\">\n\t\t\t\t\t\t<div class=\"elementor-element elementor-element-86ec0a2 elementor-widget elementor-widget-heading\" data-id=\"86ec0a2\" data-element_type=\"widget\" data-e-type=\"widget\" data-widget_type=\"heading.default\">\n\t\t\t\t<div class=\"elementor-widget-container\">\n\t\t\t\t\t<h2 class=\"elementor-heading-title elementor-size-default\">Ochrona uczni\u00f3w<\/h2>\t\t\t\t<\/div>\n\t\t\t\t<\/div>\n\t\t\t\t\t<\/div>\n\t\t<\/div>\n\t\t\t\t\t<\/div>\n\t\t<\/section>\n\t\t\t\t<section class=\"elementor-section elementor-top-section elementor-element elementor-element-04766b2 elementor-section-boxed elementor-section-height-default elementor-section-height-default\" data-id=\"04766b2\" data-element_type=\"section\" data-e-type=\"section\">\n\t\t\t\t\t\t<div class=\"elementor-container elementor-column-gap-default\">\n\t\t\t\t\t<div class=\"elementor-column elementor-col-100 elementor-top-column elementor-element elementor-element-731c06c\" data-id=\"731c06c\" data-element_type=\"column\" data-e-type=\"column\">\n\t\t\t<div class=\"elementor-widget-wrap elementor-element-populated\">\n\t\t\t\t\t\t<div class=\"elementor-element elementor-element-a4037cf elementor-widget elementor-widget-text-editor\" data-id=\"a4037cf\" data-element_type=\"widget\" data-e-type=\"widget\" data-widget_type=\"text-editor.default\">\n\t\t\t\t<div class=\"elementor-widget-container\">\n\t\t\t\t\t\t\t\t\t<p>W Irish College of English priorytetowo traktujemy dobro i bezpiecze\u0144stwo naszych student\u00f3w.<\/p><p>W ramach naszego zobowi\u0105zania do zapewnienia bezpiecznego i wspieraj\u0105cego \u015brodowiska uczenia si\u0119, zapewniamy ubezpieczenie dla wszystkich uczni\u00f3w ILEP w ramach programu Arachas Enrolled Learner Protection Programme oraz ochron\u0119 uczni\u00f3w MEI dla wszystkich uczni\u00f3w.<\/p><p><strong>Program ochrony zapisanych uczni\u00f3w Arachas<\/strong><\/p><p>To ubezpieczenie, zapewniane przez Aviva Insurance Ireland DAC, jest regulowane przez Centralny Bank Irlandii, zapewniaj\u0105c najwy\u017csze standardy ochrony naszych student\u00f3w. W ramach tej polisy grupowej studenci s\u0105 zabezpieczeni na wypadek przedwczesnego zako\u0144czenia programu. <\/p><p>Zgodnie z sekcj\u0105 5A14 ustale\u0144 maj\u0105cych zastosowanie do program\u00f3w w j\u0119zyku angielskim, zapewniamy, \u017ce nasze ustalenia dotycz\u0105ce ochrony os\u00f3b ucz\u0105cych si\u0119 spe\u0142niaj\u0105 niezb\u0119dne standardy okre\u015blone przez organy regulacyjne. Ustalenia te obejmuj\u0105 student\u00f3w od momentu rejestracji i uiszczenia op\u0142at do uko\u0144czenia programu i egzamin\u00f3w ko\u0144cowych. <\/p><p><strong>Ochrona uczni\u00f3w<\/strong><\/p><p>Jako cz\u0142onkowie EEI jeste\u015bmy obj\u0119ci programem ochrony uczni\u00f3w EEI poprzez Study &amp; Protect, a w przypadku zamkni\u0119cia szko\u0142y uczniowie b\u0119d\u0105 mogli uko\u0144czy\u0107 nauk\u0119 w innej szkole EEI bez dodatkowych koszt\u00f3w. Zostanie to u\u0142atwione przez biuro EEI, a przeniesienie do innej szko\u0142y j\u0119zykowej EEI zostanie skoordynowane w szybki i bezstresowy spos\u00f3b. <\/p><p>Nasze ustalenia dotycz\u0105ce ochrony os\u00f3b ucz\u0105cych si\u0119 s\u0105 tak skonstruowane, aby zagwarantowa\u0107 kompleksow\u0105 ochron\u0119 dla ka\u017cdego indywidualnego ucznia, z jasn\u0105 komunikacj\u0105 szczeg\u00f3\u0142\u00f3w polisy i procedur roszcze\u0144 zapewnianych przez ubezpieczyciela. Ponadto przestrzegamy ustale\u0144 dotycz\u0105cych zabezpiecze\u0144 akademickich, aby zapewni\u0107 ci\u0105g\u0142o\u015b\u0107 edukacji w przypadku zak\u0142\u00f3cenia programu, z rygorystycznymi wytycznymi maj\u0105cymi na celu utrzymanie przejrzysto\u015bci i odpowiedzialno\u015bci.   <\/p><p>Rozumiemy znaczenie przejrzysto\u015bci i odpowiedzialno\u015bci w ochronie interes\u00f3w naszych uczni\u00f3w i nadal d\u0105\u017cymy do utrzymania najwy\u017cszych standard\u00f3w ochrony uczni\u00f3w. Wszelkie proponowane zmiany w naszych ustaleniach dotycz\u0105cych ochrony uczni\u00f3w podlegaj\u0105 zatwierdzeniu przez odpowiednie organy, zapewniaj\u0105c ci\u0105g\u0142e bezpiecze\u0144stwo i dobre samopoczucie naszej spo\u0142eczno\u015bci studenckiej. <\/p><p>W Irish College of English dok\u0142adamy wszelkich stara\u0144, aby zapewni\u0107 nie tylko wysokiej jako\u015bci edukacj\u0119, ale tak\u017ce spok\u00f3j ducha naszym uczniom i ich rodzinom dzi\u0119ki solidnym \u015brodkom ochrony uczni\u00f3w.<\/p>\t\t\t\t\t\t\t\t<\/div>\n\t\t\t\t<\/div>\n\t\t\t\t\t<\/div>\n\t\t<\/div>\n\t\t\t\t\t<\/div>\n\t\t<\/section>\n\t\t\t\t<\/div>\n\t\t","protected":false},"excerpt":{"rendered":"<p>Ochrona uczni\u00f3w W Irish College of English priorytetowo traktujemy dobro i bezpiecze\u0144stwo naszych student\u00f3w. W ramach naszego zobowi\u0105zania do zapewnienia bezpiecznego i wspieraj\u0105cego \u015brodowiska uczenia si\u0119, zapewniamy ubezpieczenie dla wszystkich uczni\u00f3w ILEP w ramach programu Arachas Enrolled Learner Protection Programme oraz ochron\u0119 uczni\u00f3w MEI dla wszystkich uczni\u00f3w. Program ochrony zapisanych uczni\u00f3w Arachas To ubezpieczenie, zapewniane [&hellip;]<\/p>\n","protected":false},"author":3,"featured_media":0,"parent":32486,"menu_order":0,"comment_status":"closed","ping_status":"closed","template":"","meta":{"content-type":"","footnotes":""},"class_list":["post-32498","page","type-page","status-publish","hentry"],"yoast_head":"<!-- This site is optimized with the Yoast SEO plugin v27.3 - https:\/\/yoast.com\/product\/yoast-seo-wordpress\/ -->\n<title>Ochrona uczni\u00f3w - Irish College of English<\/title>\n<meta name=\"robots\" content=\"noindex, follow\" \/>\n<meta property=\"og:locale\" content=\"pl_PL\" \/>\n<meta property=\"og:type\" content=\"article\" \/>\n<meta property=\"og:title\" content=\"Ochrona uczni\u00f3w - Irish College of English\" \/>\n<meta property=\"og:description\" content=\"Ochrona uczni\u00f3w W Irish College of English priorytetowo traktujemy dobro i bezpiecze\u0144stwo naszych student\u00f3w. W ramach naszego zobowi\u0105zania do zapewnienia bezpiecznego i wspieraj\u0105cego \u015brodowiska uczenia si\u0119, zapewniamy ubezpieczenie dla wszystkich uczni\u00f3w ILEP w ramach programu Arachas Enrolled Learner Protection Programme oraz ochron\u0119 uczni\u00f3w MEI dla wszystkich uczni\u00f3w. Program ochrony zapisanych uczni\u00f3w Arachas To ubezpieczenie, zapewniane [&hellip;]\" \/>\n<meta property=\"og:url\" content=\"https:\/\/www.iceireland.com\/pl\/useful-information-and-supports\/learner-protection\/\" \/>\n<meta property=\"og:site_name\" content=\"Irish College of English\" \/>\n<meta property=\"article:modified_time\" content=\"2026-01-30T16:50:53+00:00\" \/>\n<meta name=\"twitter:label1\" content=\"Szacowany czas czytania\" \/>\n\t<meta name=\"twitter:data1\" content=\"2 minuty\" \/>\n<script type=\"application\/ld+json\" class=\"yoast-schema-graph\">{\"@context\":\"https:\\\/\\\/schema.org\",\"@graph\":[{\"@type\":\"WebPage\",\"@id\":\"https:\\\/\\\/www.iceireland.com\\\/pl\\\/useful-information-and-supports\\\/learner-protection\\\/\",\"url\":\"https:\\\/\\\/www.iceireland.com\\\/pl\\\/useful-information-and-supports\\\/learner-protection\\\/\",\"name\":\"Ochrona uczni\u00f3w - Irish College of English\",\"isPartOf\":{\"@id\":\"https:\\\/\\\/www.iceireland.com\\\/pl\\\/#website\"},\"datePublished\":\"2023-11-28T14:29:02+00:00\",\"dateModified\":\"2026-01-30T16:50:53+00:00\",\"breadcrumb\":{\"@id\":\"https:\\\/\\\/www.iceireland.com\\\/pl\\\/useful-information-and-supports\\\/learner-protection\\\/#breadcrumb\"},\"inLanguage\":\"pl-PL\",\"potentialAction\":[{\"@type\":\"ReadAction\",\"target\":[\"https:\\\/\\\/www.iceireland.com\\\/pl\\\/useful-information-and-supports\\\/learner-protection\\\/\"]}]},{\"@type\":\"BreadcrumbList\",\"@id\":\"https:\\\/\\\/www.iceireland.com\\\/pl\\\/useful-information-and-supports\\\/learner-protection\\\/#breadcrumb\",\"itemListElement\":[{\"@type\":\"ListItem\",\"position\":1,\"name\":\"Home\",\"item\":\"https:\\\/\\\/www.iceireland.com\\\/pl\\\/\"},{\"@type\":\"ListItem\",\"position\":2,\"name\":\"Przydatne informacje i wsparcie\",\"item\":\"https:\\\/\\\/www.iceireland.com\\\/pl\\\/useful-information-and-supports\\\/\"},{\"@type\":\"ListItem\",\"position\":3,\"name\":\"Ochrona uczni\u00f3w\"}]},{\"@type\":\"WebSite\",\"@id\":\"https:\\\/\\\/www.iceireland.com\\\/pl\\\/#website\",\"url\":\"https:\\\/\\\/www.iceireland.com\\\/pl\\\/\",\"name\":\"Irish College of English\",\"description\":\"English School in Dublin, Malahide\",\"publisher\":{\"@id\":\"https:\\\/\\\/www.iceireland.com\\\/pl\\\/#organization\"},\"potentialAction\":[{\"@type\":\"SearchAction\",\"target\":{\"@type\":\"EntryPoint\",\"urlTemplate\":\"https:\\\/\\\/www.iceireland.com\\\/pl\\\/?s={search_term_string}\"},\"query-input\":{\"@type\":\"PropertyValueSpecification\",\"valueRequired\":true,\"valueName\":\"search_term_string\"}}],\"inLanguage\":\"pl-PL\"},{\"@type\":\"Organization\",\"@id\":\"https:\\\/\\\/www.iceireland.com\\\/pl\\\/#organization\",\"name\":\"Irish College of English\",\"url\":\"https:\\\/\\\/www.iceireland.com\\\/pl\\\/\",\"logo\":{\"@type\":\"ImageObject\",\"inLanguage\":\"pl-PL\",\"@id\":\"https:\\\/\\\/www.iceireland.com\\\/pl\\\/#\\\/schema\\\/logo\\\/image\\\/\",\"url\":\"https:\\\/\\\/www.iceireland.com\\\/wp-content\\\/uploads\\\/2022\\\/03\\\/logo.png\",\"contentUrl\":\"https:\\\/\\\/www.iceireland.com\\\/wp-content\\\/uploads\\\/2022\\\/03\\\/logo.png\",\"width\":593,\"height\":92,\"caption\":\"Irish College of English\"},\"image\":{\"@id\":\"https:\\\/\\\/www.iceireland.com\\\/pl\\\/#\\\/schema\\\/logo\\\/image\\\/\"}}]}<\/script>\n<!-- \/ Yoast SEO plugin. -->","yoast_head_json":{"title":"Ochrona uczni\u00f3w - Irish College of English","robots":{"index":"noindex","follow":"follow"},"og_locale":"pl_PL","og_type":"article","og_title":"Ochrona uczni\u00f3w - Irish College of English","og_description":"Ochrona uczni\u00f3w W Irish College of English priorytetowo traktujemy dobro i bezpiecze\u0144stwo naszych student\u00f3w. W ramach naszego zobowi\u0105zania do zapewnienia bezpiecznego i wspieraj\u0105cego \u015brodowiska uczenia si\u0119, zapewniamy ubezpieczenie dla wszystkich uczni\u00f3w ILEP w ramach programu Arachas Enrolled Learner Protection Programme oraz ochron\u0119 uczni\u00f3w MEI dla wszystkich uczni\u00f3w. Program ochrony zapisanych uczni\u00f3w Arachas To ubezpieczenie, zapewniane [&hellip;]","og_url":"https:\/\/www.iceireland.com\/pl\/useful-information-and-supports\/learner-protection\/","og_site_name":"Irish College of English","article_modified_time":"2026-01-30T16:50:53+00:00","twitter_misc":{"Szacowany czas czytania":"2 minuty"},"schema":{"@context":"https:\/\/schema.org","@graph":[{"@type":"WebPage","@id":"https:\/\/www.iceireland.com\/pl\/useful-information-and-supports\/learner-protection\/","url":"https:\/\/www.iceireland.com\/pl\/useful-information-and-supports\/learner-protection\/","name":"Ochrona uczni\u00f3w - Irish College of English","isPartOf":{"@id":"https:\/\/www.iceireland.com\/pl\/#website"},"datePublished":"2023-11-28T14:29:02+00:00","dateModified":"2026-01-30T16:50:53+00:00","breadcrumb":{"@id":"https:\/\/www.iceireland.com\/pl\/useful-information-and-supports\/learner-protection\/#breadcrumb"},"inLanguage":"pl-PL","potentialAction":[{"@type":"ReadAction","target":["https:\/\/www.iceireland.com\/pl\/useful-information-and-supports\/learner-protection\/"]}]},{"@type":"BreadcrumbList","@id":"https:\/\/www.iceireland.com\/pl\/useful-information-and-supports\/learner-protection\/#breadcrumb","itemListElement":[{"@type":"ListItem","position":1,"name":"Home","item":"https:\/\/www.iceireland.com\/pl\/"},{"@type":"ListItem","position":2,"name":"Przydatne informacje i wsparcie","item":"https:\/\/www.iceireland.com\/pl\/useful-information-and-supports\/"},{"@type":"ListItem","position":3,"name":"Ochrona uczni\u00f3w"}]},{"@type":"WebSite","@id":"https:\/\/www.iceireland.com\/pl\/#website","url":"https:\/\/www.iceireland.com\/pl\/","name":"Irish College of English","description":"English School in Dublin, Malahide","publisher":{"@id":"https:\/\/www.iceireland.com\/pl\/#organization"},"potentialAction":[{"@type":"SearchAction","target":{"@type":"EntryPoint","urlTemplate":"https:\/\/www.iceireland.com\/pl\/?s={search_term_string}"},"query-input":{"@type":"PropertyValueSpecification","valueRequired":true,"valueName":"search_term_string"}}],"inLanguage":"pl-PL"},{"@type":"Organization","@id":"https:\/\/www.iceireland.com\/pl\/#organization","name":"Irish College of English","url":"https:\/\/www.iceireland.com\/pl\/","logo":{"@type":"ImageObject","inLanguage":"pl-PL","@id":"https:\/\/www.iceireland.com\/pl\/#\/schema\/logo\/image\/","url":"https:\/\/www.iceireland.com\/wp-content\/uploads\/2022\/03\/logo.png","contentUrl":"https:\/\/www.iceireland.com\/wp-content\/uploads\/2022\/03\/logo.png","width":593,"height":92,"caption":"Irish College of English"},"image":{"@id":"https:\/\/www.iceireland.com\/pl\/#\/schema\/logo\/image\/"}}]}},"_links":{"self":[{"href":"https:\/\/www.iceireland.com\/pl\/wp-json\/wp\/v2\/pages\/32498","targetHints":{"allow":["GET"]}}],"collection":[{"href":"https:\/\/www.iceireland.com\/pl\/wp-json\/wp\/v2\/pages"}],"about":[{"href":"https:\/\/www.iceireland.com\/pl\/wp-json\/wp\/v2\/types\/page"}],"author":[{"embeddable":true,"href":"https:\/\/www.iceireland.com\/pl\/wp-json\/wp\/v2\/users\/3"}],"replies":[{"embeddable":true,"href":"https:\/\/www.iceireland.com\/pl\/wp-json\/wp\/v2\/comments?post=32498"}],"version-history":[{"count":1,"href":"https:\/\/www.iceireland.com\/pl\/wp-json\/wp\/v2\/pages\/32498\/revisions"}],"predecessor-version":[{"id":32499,"href":"https:\/\/www.iceireland.com\/pl\/wp-json\/wp\/v2\/pages\/32498\/revisions\/32499"}],"up":[{"embeddable":true,"href":"https:\/\/www.iceireland.com\/pl\/wp-json\/wp\/v2\/pages\/32486"}],"wp:attachment":[{"href":"https:\/\/www.iceireland.com\/pl\/wp-json\/wp\/v2\/media?parent=32498"}],"curies":[{"name":"wp","href":"https:\/\/api.w.org\/{rel}","templated":true}]}}