{"id":32871,"date":"2022-03-22T11:13:00","date_gmt":"2022-03-22T11:13:00","guid":{"rendered":"https:\/\/www.iceireland.com\/hostfamilycharter\/"},"modified":"2022-03-22T11:13:00","modified_gmt":"2022-03-22T11:13:00","slug":"hostfamilycharter","status":"publish","type":"page","link":"https:\/\/www.iceireland.com\/pl\/hostfamilycharter\/","title":{"rendered":"Karta pobytu w domu dla student\u00f3w"},"content":{"rendered":"<h2><strong>Karta pobytu w domu dla student\u00f3w<\/strong><\/h2>\n<p><strong> <\/strong><\/p>\n<p><strong>Wprowadzenie<\/strong><\/p>\n<p>W Irish College of English wierzymy, \u017ce pobyt u rodziny goszcz\u0105cej powinien by\u0107 jedn\u0105 z g\u0142\u00f3wnych atrakcji pobytu u nas i w tym celu zach\u0119camy wszystkich student\u00f3w, zar\u00f3wno doros\u0142ych, jak i junior\u00f3w, do jak najlepszego wykorzystania tej fantastycznej okazji. By\u0107 mo\u017ce po raz pierwszy do\u015bwiadczasz irlandzkiej kultury i powiniene\u015b by\u0107 przygotowany na do\u015bwiadczenie i przyj\u0119cie rutynowych czynno\u015bci, posi\u0142k\u00f3w i zwyczaj\u00f3w innych ni\u017c te, do kt\u00f3rych jeste\u015b przyzwyczajony. <\/p>\n<p>&nbsp;<\/p>\n<p><strong>Wa\u017cne liczby:<\/strong><\/p>\n<p>Numer telefonu do biura 00353 1 845 3744 (dla zapyta\u0144 og\u00f3lnych)<\/p>\n<p>&nbsp;<\/p>\n<p>Wa\u017cne jest, aby pami\u0119ta\u0107, \u017ce zakwaterowanie w domu nie jest tym samym, co pobyt w pensjonacie lub hotelu, jest to pobyt w przyjaznym, go\u015bcinnym domu, w kt\u00f3rym uczniowie s\u0105 traktowani jako cz\u0142onkowie gospodarstwa domowego i b\u0119d\u0105 mieli okazj\u0119 m\u00f3wi\u0107 po angielsku i wchodzi\u0107 w interakcje z irlandzkim gospodarstwem domowym. Celem jest, aby uczniowie w jak najwi\u0119kszym stopniu przy\u0142\u0105czyli si\u0119 do \u017cycia domowego i poprawili sw\u00f3j angielski, u\u017cywaj\u0105c go w rzeczywistych sytuacjach. Uczniowie powinni z kolei zachowywa\u0107 si\u0119 z szacunkiem i uprzejmo\u015bci\u0105 wobec gospodarza oraz przestrzega\u0107 zasad panuj\u0105cych w domu. Wi\u0119kszo\u015b\u0107 rodzin goszcz\u0105cych ma swoje w\u0142asne zasady, o kt\u00f3rych poinformuje student\u00f3w na pocz\u0105tku ich pobytu, zasady te b\u0119d\u0105 zawiera\u0107 informacje na temat korzystania z kuchni, \u0142azienki, pralni itp. Oczekuje si\u0119, \u017ce uczniowie dostosuj\u0105 si\u0119 do normalnej rutyny domowej. Mamy szereg r\u00f3\u017cnych rodzin goszcz\u0105cych i r\u00f3\u017cnych dynamik domowych, w tym gospodarstwa domowe m\u0142ode i starsze, z dzie\u0107mi i bez, a tak\u017ce samotne kobiety w ka\u017cdym wieku.     <\/p>\n<p>&nbsp;<\/p>\n<p><strong>Rodziny goszcz\u0105ce wysokiej jako\u015bci:<\/strong><\/p>\n<p>Studenci s\u0105 umieszczani w starannie wybranych rodzinach goszcz\u0105cych z naszej okolicy, kt\u00f3re zosta\u0142y odwiedzone i sprawdzone przez cz\u0142onka ICE przed przyj\u0119ciem student\u00f3w. Prowadzimy r\u00f3wnie\u017c ci\u0105g\u0142\u0105 ocen\u0119 poprzez pisemne formularze opinii, kt\u00f3re wszyscy studenci wype\u0142niaj\u0105 przed wyjazdem. Wszyscy nasi gospodarze przechodz\u0105 oficjalny proces weryfikacji Garda, kt\u00f3ry jest organizowany przez nasz\u0105 szko\u0142\u0119.  <\/p>\n<p>&nbsp;<\/p>\n<p><strong>Przylot i odlot:<\/strong><\/p>\n<p>Je\u015bli jeste\u015b cz\u0119\u015bci\u0105 grupy, zostaniesz odebrany na lotnisku przez cz\u0142onka naszego personelu i przewieziony do punktu odbioru, gdzie zostaniesz odebrany przez gospodarza. Osoby, kt\u00f3re poprosi\u0142y o transfer, zostan\u0105 odebrane przez cz\u0142onka personelu i przewiezione do swojej rodziny goszcz\u0105cej. <\/p>\n<p>&nbsp;<\/p>\n<p><strong>Podr\u00f3\u017c do i ze szko\u0142y:<\/strong><\/p>\n<ul>\n<li>Tw\u00f3j gospodarz pomo\u017ce Ci dotrze\u0107 do szko\u0142y pierwszego ranka, po czym uczniowie powinni samodzielnie dotrze\u0107 do i ze szko\u0142y.<\/li>\n<\/ul>\n<p><strong> <\/strong><\/p>\n<p><strong>Posi\u0142ki<\/strong><\/p>\n<ul>\n<li>Posi\u0142ki s\u0105 dostarczane przez gospodarza zgodnie z normaln\u0105 rutyn\u0105 domow\u0105. Je\u015bli masz jakiekolwiek problemy dietetyczne lub alergie, <u>koniecznie poinformuj nas o tym przed przyjazdem<\/u>, a my ocenimy, czy mo\u017cemy zaspokoi\u0107 Twoje potrzeby. Nale\u017cy r\u00f3wnie\u017c pami\u0119ta\u0107, \u017ce pory posi\u0142k\u00f3w i jedzenie w Irlandii mog\u0105 r\u00f3\u017cni\u0107 si\u0119 od tego w kraju ojczystym, wi\u0119c nale\u017cy skorzysta\u0107 z okazji, aby uwzgl\u0119dni\u0107 r\u00f3\u017cnice kulturowe. Poinformuj swojego gospodarza, je\u015bli jest jakie\u015b jedzenie, kt\u00f3rego szczeg\u00f3lnie nie lubisz.   <\/li>\n<li>\u015aniadanie kontynentalne (p\u0142atki zbo\u017cowe, tosty, sok, herbata\/kawa).<\/li>\n<li>Zapakowany lunch (kanapki, nap\u00f3j, owoce i przek\u0105ski) &#8211; w przypadku opcji pe\u0142nego wy\u017cywienia.<\/li>\n<li>Kolacja b\u0119dzie normalnym wieczornym posi\u0142kiem domowym (mi\u0119so \/ ryba \/ kurczak z warzywami i ziemniakami lub makaron z sa\u0142atk\u0105 itp.) Jest to dobra pora dnia na rozmow\u0119 z gospodarzem i \u0107wiczenie j\u0119zyka angielskiego! Prosimy o poinformowanie gospodarza z wyprzedzeniem, je\u015bli nie b\u0119dzie Ci\u0119 w domu na kolacji. <\/li>\n<\/ul>\n<p><strong> <\/strong><\/p>\n<p><strong> <\/strong><strong>Pranie, po\u015bciel i r\u0119czniki<\/strong><\/p>\n<ul>\n<li>Gospodarze zapewni\u0105 uczniom r\u0119cznik po przyje\u017adzie, a ich \u0142\u00f3\u017cko zostanie \u015bwie\u017co po\u015bcielone.<\/li>\n<li>Gospodarze b\u0119d\u0105 pra\u0107 ubrania uczni\u00f3w co tydzie\u0144, a wi\u0119kszo\u015b\u0107 gospodarzy poka\u017ce uczniom, gdzie umie\u015bci\u0107 ubrania do prania ka\u017cdego tygodnia i wyja\u015bni, jak dzia\u0142a ich domowa pralnia.<\/li>\n<li>Rodziny goszcz\u0105ce nie zapewniaj\u0105 przybor\u00f3w toaletowych, dlatego nale\u017cy zabra\u0107 je ze sob\u0105.<\/li>\n<\/ul>\n<p>&nbsp;<\/p>\n<p><strong>Korzystanie z Domu:<\/strong><\/p>\n<ul>\n<li>Uczniowie powinni mie\u0107 dost\u0119p do jednego prysznica dziennie w domu rodzinnym, ale powinni szanowa\u0107 czas sp\u0119dzony w \u0142azience i ilo\u015b\u0107 ciep\u0142ej wody, kt\u00f3rej u\u017cywaj\u0105, poniewa\u017c domy s\u0105 cz\u0119sto zaj\u0119te, a uczniowie powinni by\u0107 \u015bwiadomi potrzeb innych. Normalne jest r\u00f3wnie\u017c czyszczenie wanny\/prysznica\/umywalki po ka\u017cdym u\u017cyciu. <\/li>\n<li>Uczniowie nie powinni zabiera\u0107 jedzenia z kuchni bez pozwolenia.<\/li>\n<li>Uczniowie nie maj\u0105 pozwolenia na przygotowywanie posi\u0142k\u00f3w w kuchni.<\/li>\n<li>Uczniowie powinni szanowa\u0107 korzystanie ze wsp\u00f3lnych obszar\u00f3w, w tym salonu, pokoju telewizyjnego i nie mog\u0105 zajmowa\u0107 \u017cadnej przestrzeni, kt\u00f3ra jest normalnie dzielona przez innych cz\u0142onk\u00f3w gospodarstwa domowego.<\/li>\n<li>Uczniowie nie mog\u0105 przyprowadza\u0107 znajomych bez specjalnego pozwolenia.<\/li>\n<li>Przekazanie studentom klucza do domu zale\u017cy od decyzji gospodarza.<\/li>\n<li>Je\u015bli ucze\u0144 uszkodzi lub zniszczy jakiekolwiek przedmioty gospodarstwa domowego, za szkody powinien zap\u0142aci\u0107 ucze\u0144 (je\u015bli jest doros\u0142y) lub rodzice ucznia (je\u015bli jest juniorem). Irish College of English nie ponosi odpowiedzialno\u015bci za takie szkody. <\/li>\n<\/ul>\n<p>&nbsp;<\/p>\n<p><strong>Porz\u0105dek i maniery<\/strong><\/p>\n<ul>\n<li>Pami\u0119taj, \u017ce b\u0119dziesz mieszka\u0107 u rodziny goszcz\u0105cej jako cz\u0119\u015b\u0107 gospodarstwa domowego i dlatego powiniene\u015b utrzymywa\u0107 sw\u00f3j pok\u00f3j w czysto\u015bci i porz\u0105dku oraz oferowa\u0107 pomoc gospodarzowi w sprz\u0105taniu po kolacji itp.<\/li>\n<li>W Irlandii zwyczajowo zawsze m\u00f3wi si\u0119 prosz\u0119 i dzi\u0119kuj\u0119, dzie\u0144 dobry\/wiecz\u00f3r itp., a gospodarze mog\u0105 poczu\u0107 si\u0119 ura\u017ceni, je\u015bli nie u\u017cyjesz tych grzeczno\u015bciowych zwrot\u00f3w.<\/li>\n<li>Poziom ha\u0142asu powinien by\u0107 ograniczony do minimum, zw\u0142aszcza w nocy.<\/li>\n<\/ul>\n<p>&nbsp;<\/p>\n<p><strong>Palenie \/ Alkohol<\/strong><\/p>\n<ul>\n<li>Uczniom nie wolno pali\u0107 w domach rodzinnych.<\/li>\n<li>Uczniowie poni\u017cej 18 roku \u017cycia lub osoby ucz\u0119szczaj\u0105ce do szko\u0142y\/uczestnicz\u0105ce w programach letnich nie mog\u0105 spo\u017cywa\u0107 alkoholu, czy to w domu, czy poza domem i nie powinni wchodzi\u0107 do pub\u00f3w. Jest to niezale\u017cne od tego, co jest dozwolone w ich w\u0142asnych domach lub krajach pochodzenia. Spo\u017cywanie alkoholu lub za\u017cywanie narkotyk\u00f3w b\u0119dzie skutkowa\u0107 natychmiastowym wydaleniem z programu.  <\/li>\n<\/ul>\n<p>&nbsp;<\/p>\n<p><strong>Czas wolny<\/strong><\/p>\n<ul>\n<li>Podczas gdy wi\u0119kszo\u015b\u0107 naszych program\u00f3w w ICE ma napi\u0119ty harmonogram, uczniowie zawsze maj\u0105 troch\u0119 wolnego czasu. M\u0142odsi uczniowie maj\u0105 czas wolny na dojazd do i z domu rodzinnego, przerwy i czas wolny podczas zaj\u0119\u0107 szkolnych i pozaszkolnych, wieczory i niedziele. <\/li>\n<li>Radzimy rodzicom m\u0142odszych uczni\u00f3w przed wyjazdem, aby ustalili w\u0142asne ograniczenia dotycz\u0105ce tego wolnego czasu i bezpiecze\u0144stwa, poniewa\u017c czas ten nie jest nadzorowany przez nasz personel. Radzimy rodzicom, aby nie pozwalali im opuszcza\u0107 okolicy w tym czasie. M\u0142odsi uczniowie nie mog\u0105 udawa\u0107 si\u0119 do Dublina bez nadzoru ani uczestniczy\u0107 w dyskotekach\/innych tego typu wydarzeniach niezorganizowanych przez ICE.  <\/li>\n<li>Niedziela to dzie\u0144, w kt\u00f3rym sp\u0119dzisz wi\u0119cej czasu ze swoim gospodarzem. Prosimy uczni\u00f3w o wsp\u00f3\u0142prac\u0119 i po\u015bwi\u0119cenie czasu na przebywanie z gospodarzem w niedziel\u0119. Wi\u0119kszo\u015b\u0107 uczni\u00f3w sp\u0119dzi cz\u0119\u015b\u0107 dnia z gospodarzem, a cz\u0119\u015b\u0107 z przyjaci\u00f3\u0142mi.  <\/li>\n<\/ul>\n<p>&nbsp;<\/p>\n<p><strong>Godzina policyjna:<\/strong><\/p>\n<ul>\n<li>Mamy \u015bcis\u0142\u0105 godzin\u0119 policyjn\u0105 21:30 dla wszystkich uczni\u00f3w uczestnicz\u0105cych w programie m\u0142odzie\u017cowym, nawet je\u015bli maj\u0105 18 lat.<\/li>\n<li>Obowi\u0105zkiem gospodarza jest dopilnowanie, aby uczniowie wr\u00f3cili do domu do godziny 21:30. Je\u015bli ucznia nie ma w domu, gospodarz poinformuje o tym szko\u0142\u0119, korzystaj\u0105c z numeru telefonu alarmowego. Uczniowie, kt\u00f3rzy nie przestrzegaj\u0105 zasady godziny policyjnej, zostan\u0105 wydaleni<strong>.<\/strong> <\/li>\n<li>Uczniowie bior\u0105cy udzia\u0142 w programie dla doros\u0142ych powinni poinformowa\u0107 swojego gospodarza o wszelkich p\u00f3\u017anych powrotach do domu.<\/li>\n<\/ul>\n<p>&nbsp;<\/p>\n<p><strong>Nag\u0142e przypadki medyczne<\/strong><\/p>\n<ul>\n<li>Gospodarze b\u0119d\u0105 post\u0119powa\u0107 w nag\u0142ych wypadkach w taki sam spos\u00f3b, jak w przypadku cz\u0142onk\u00f3w w\u0142asnego gospodarstwa domowego. Mo\u017ce to wymaga\u0107 wezwania policji, pogotowia ratunkowego lub lekarza. <\/li>\n<li>Je\u015bli uczniowie maj\u0105 alergie lub inne schorzenia, o kt\u00f3rych zostaniemy poinformowani, do\u0142o\u017cymy wszelkich stara\u0144, aby poinformowa\u0107 gospodarzy przed przyjazdem, jednak uczniowie powinni r\u00f3wnie\u017c poinformowa\u0107 swoich gospodarzy o wszelkich alergiach lub problemach medycznych, kt\u00f3re uznaj\u0105 za stosowne. ICE ani gospodarze nie mog\u0105 by\u0107 poci\u0105gni\u0119ci do odpowiedzialno\u015bci za spe\u0142nienie wymaga\u0144 medycznych uczni\u00f3w, poniewa\u017c wprowadzaj\u0105 si\u0119 oni do normalnego gospodarstwa domowego &#8211; zapoznaj si\u0119 z nasz\u0105 polityk\u0105 poni\u017cej. <\/li>\n<li>W Northside dzia\u0142a pogotowie ratunkowe poza godzinami pracy o nazwie &#8211; <strong>D DOC<\/strong>, otwarte od poniedzia\u0142ku do pi\u0105tku od 18:00 do 8:00 rano i 24 godziny w weekendy i \u015bwi\u0119ta. W ramach tej us\u0142ugi mo\u017cna porozmawia\u0107 z piel\u0119gniark\u0105 lub lekarzem, a w razie potrzeby um\u00f3wi\u0107 si\u0119 na wizyt\u0119 u lekarza pierwszego kontaktu. Numer to <strong>1850 22 4477.<\/strong>  <\/li>\n<li>Irish College of English powinien by\u0107 informowany o wszelkich takich sytuacjach awaryjnych.<\/li>\n<li><u>Studenci z Europy powinni mie\u0107 przy sobie europejsk\u0105 kart\u0119 ubezpieczenia medycznego, kt\u00f3ra obejmuje zar\u00f3wno wizyty w szpitalu, jak i w prywatnych gabinetach oraz niekt\u00f3re recepty.<\/u><\/li>\n<li><u>Studenci spoza UE powinni wykupi\u0107 prywatne ubezpieczenie medyczne na czas pobytu.<\/u><\/li>\n<li>Wszystkie koszty medyczne i powi\u0105zane koszty powinny by\u0107 pokrywane przez studenta, je\u015bli ubezpieczenie nie pokrywa koszt\u00f3w. Studenci powinni posiada\u0107 wystarczaj\u0105ce \u015brodki na pokrycie koszt\u00f3w niezb\u0119dnych wizyt u lekarzy\/dentyst\u00f3w itp. <\/li>\n<\/ul>\n<p>&nbsp;<\/p>\n<p><strong>Studenci z alergiami i przewlek\u0142ymi schorzeniami ucz\u0119szczaj\u0105cy do Irish College of English<\/strong><\/p>\n<p><strong>Nasza polityka<\/strong><\/p>\n<p>Nasz\u0105 polityk\u0105 w Irish College of English jest post\u0119powanie jak ka\u017cdy rozs\u0105dny rodzic w sytuacjach awaryjnych. Jednak ze wzgl\u0119du na kr\u00f3tkoterminowy charakter pobyt\u00f3w (zwykle od 1 do 4 tygodni) nie jeste\u015bmy w stanie przeszkoli\u0107 personelu ani gospodarzy w zakresie radzenia sobie z okre\u015blonymi schorzeniami uczni\u00f3w. <\/p>\n<p>Radzimy rodzicom lub opiekunom uczni\u00f3w z powa\u017cnymi schorzeniami, aby rozwa\u017cyli, czy ich dziecko jest wystarczaj\u0105co dojrza\u0142e w zakresie zarz\u0105dzania swoim stanem zdrowia, aby uczestniczy\u0107 w kursie za granic\u0105. Rodzice powinni zapozna\u0107 si\u0119 ze wszystkimi informacjami dost\u0119pnymi na naszej stronie internetowej pod adresem <a href=\"http:\/\/www.iceireland.com\/\">www.iceireland.com.<\/a> Je\u015bli zdecydujesz, \u017ce program nie jest odpowiedni dla Twojego dziecka, z przyjemno\u015bci\u0105 anulujemy rezerwacj\u0119 i zwr\u00f3cimy koszty kursu przed przyjazdem.  <\/p>\n<p>Je\u015bli rodzice lub opiekunowie zdecyduj\u0105 si\u0119 wys\u0142a\u0107 dzieci na jeden z naszych oboz\u00f3w, robi\u0105 to potwierdzaj\u0105c, \u017ce ich dziecko jest w stanie uczestniczy\u0107 w takim kursie. Ponadto rodzice lub opiekunowie s\u0105 \u015bwiadomi, \u017ce szko\u0142a, jej personel lub gospodarze nie mog\u0105 by\u0107 odpowiedzialni za jakiekolwiek leki lub zapobieganie alergiom lub innym schorzeniom. <\/p>\n<p>Rodzice powinni mie\u0107 \u015bwiadomo\u015b\u0107, \u017ce wi\u0119kszo\u015b\u0107 naszych pracownik\u00f3w i gospodarzy nie ma przeszkolenia medycznego. W ka\u017cdym o\u015brodku mamy apteczki pierwszej pomocy, za kt\u00f3re odpowiedzialny jest cz\u0142onek personelu. Nie dotyczy to zaj\u0119\u0107 pozaszkolnych. \u017baden cz\u0142onek personelu ani gospodarz nie ma prawnego ani umownego obowi\u0105zku podawania lek\u00f3w lub nadzorowania ucznia przyjmuj\u0105cego leki. W sytuacjach awaryjnych oczekujemy, \u017ce wszyscy nasi gospodarze i pracownicy b\u0119d\u0105 post\u0119powa\u0107 tak, jak post\u0105pi\u0142by rozs\u0105dny rodzic. W przypadku przekazania ICE szczeg\u00f3\u0142owych informacji na temat stanu zdrowia uczni\u00f3w, informacje te mog\u0105 by\u0107 w miar\u0119 mo\u017cliwo\u015bci przekazywane odpowiednim pracownikom, gospodarzom, personelowi medycznemu itp., ale obowi\u0105zkiem dziecka jest przekazanie wszystkich niezb\u0119dnych informacji medycznych na temat jego stanu zdrowia.     <\/p>\n<p>&nbsp;<\/p>\n<p><strong>Komunikacja<\/strong><\/p>\n<p>Chocia\u017c jest ma\u0142o prawdopodobne, aby\u015b mia\u0142 jakiekolwiek problemy podczas pobytu u rodziny goszcz\u0105cej, oto kilka zalece\u0144 na wypadek jakichkolwiek problem\u00f3w, kt\u00f3re mog\u0105 si\u0119 pojawi\u0107. Przede wszystkim nale\u017cy om\u00f3wi\u0107 ka\u017cdy problem i spr\u00f3bowa\u0107 znale\u017a\u0107 rozwi\u0105zanie mi\u0119dzy uczniem a gospodarzem. Wa\u017cne jest, aby spojrze\u0107 na ka\u017cdy problem z obu perspektyw w celu znalezienia rozwi\u0105zania. Je\u015bli problem nie ust\u0119puje lub uwa\u017casz, \u017ce nie jeste\u015b w stanie poradzi\u0107 sobie z sytuacj\u0105, poinformuj <u>nas o tym, aby\u015bmy mogli rozwi\u0105za\u0107 t\u0119 kwesti\u0119 podczas Twojego pobytu.<\/u> W przypadku, gdy gospodarz lub ucze\u0144 s\u0105 niezadowoleni z ustale\u0144, Irish College of English, o ile to mo\u017cliwe i stosowne, umie\u015bci ucznia w alternatywnym zakwaterowaniu.   <\/p>\n<p>&nbsp;<\/p>\n<p><strong>Uwaga:<\/strong><\/p>\n<p>W Irish College of English organizujemy us\u0142ug\u0119 rezerwacji pobytu w domu, aby u\u0142atwi\u0107 studentom nauk\u0119 w naszej szkole. Mamy zasady, aby zapewni\u0107, \u017ce gospodarze s\u0105 na odpowiednim poziomie i otrzymujemy informacje zwrotne od student\u00f3w na temat ka\u017cdego pobytu w domu, te opinie wraz z inspekcj\u0105 przeprowadzon\u0105 przez cz\u0142onka ICE pozwalaj\u0105 nam poleci\u0107 gospodarzy studentom. Irish College of English nie ponosi \u017cadnej odpowiedzialno\u015bci za jakiekolwiek przypadki maj\u0105ce miejsce podczas pobytu w domu lub za jakiekolwiek poniesione szkody lub straty itp.  <\/p>\n<p>&nbsp;<\/p>\n<p>&nbsp;<\/p>\n","protected":false},"excerpt":{"rendered":"<p>Karta pobytu w domu dla student\u00f3w Wprowadzenie W Irish College of English wierzymy, \u017ce pobyt u rodziny goszcz\u0105cej powinien by\u0107 jedn\u0105 z g\u0142\u00f3wnych atrakcji pobytu u nas i w tym celu zach\u0119camy wszystkich student\u00f3w, zar\u00f3wno doros\u0142ych, jak i junior\u00f3w, do jak najlepszego wykorzystania tej fantastycznej okazji. By\u0107 mo\u017ce po raz pierwszy do\u015bwiadczasz irlandzkiej kultury i [&hellip;]<\/p>\n","protected":false},"author":3,"featured_media":0,"parent":0,"menu_order":0,"comment_status":"closed","ping_status":"closed","template":"","meta":{"content-type":"","footnotes":""},"class_list":["post-32871","page","type-page","status-publish","hentry"],"yoast_head":"<!-- This site is optimized with the Yoast SEO plugin v27.3 - https:\/\/yoast.com\/product\/yoast-seo-wordpress\/ -->\n<title>Karta pobytu w domu dla student\u00f3w - Irish College of English<\/title>\n<meta name=\"robots\" content=\"index, follow, max-snippet:-1, max-image-preview:large, max-video-preview:-1\" \/>\n<link rel=\"canonical\" href=\"https:\/\/www.iceireland.com\/pl\/hostfamilycharter\/\" \/>\n<meta property=\"og:locale\" content=\"pl_PL\" \/>\n<meta property=\"og:type\" content=\"article\" \/>\n<meta property=\"og:title\" content=\"Karta pobytu w domu dla student\u00f3w - Irish College of English\" \/>\n<meta property=\"og:description\" content=\"Karta pobytu w domu dla student\u00f3w Wprowadzenie W Irish College of English wierzymy, \u017ce pobyt u rodziny goszcz\u0105cej powinien by\u0107 jedn\u0105 z g\u0142\u00f3wnych atrakcji pobytu u nas i w tym celu zach\u0119camy wszystkich student\u00f3w, zar\u00f3wno doros\u0142ych, jak i junior\u00f3w, do jak najlepszego wykorzystania tej fantastycznej okazji. By\u0107 mo\u017ce po raz pierwszy do\u015bwiadczasz irlandzkiej kultury i [&hellip;]\" \/>\n<meta property=\"og:url\" content=\"https:\/\/www.iceireland.com\/pl\/hostfamilycharter\/\" \/>\n<meta property=\"og:site_name\" content=\"Irish College of English\" \/>\n<meta name=\"twitter:label1\" content=\"Szacowany czas czytania\" \/>\n\t<meta name=\"twitter:data1\" content=\"10 minut\" \/>\n<script type=\"application\/ld+json\" class=\"yoast-schema-graph\">{\"@context\":\"https:\\\/\\\/schema.org\",\"@graph\":[{\"@type\":\"WebPage\",\"@id\":\"https:\\\/\\\/www.iceireland.com\\\/pl\\\/hostfamilycharter\\\/\",\"url\":\"https:\\\/\\\/www.iceireland.com\\\/pl\\\/hostfamilycharter\\\/\",\"name\":\"Karta pobytu w domu dla student\u00f3w - Irish College of English\",\"isPartOf\":{\"@id\":\"https:\\\/\\\/www.iceireland.com\\\/pl\\\/#website\"},\"datePublished\":\"2022-03-22T11:13:00+00:00\",\"breadcrumb\":{\"@id\":\"https:\\\/\\\/www.iceireland.com\\\/pl\\\/hostfamilycharter\\\/#breadcrumb\"},\"inLanguage\":\"pl-PL\",\"potentialAction\":[{\"@type\":\"ReadAction\",\"target\":[\"https:\\\/\\\/www.iceireland.com\\\/pl\\\/hostfamilycharter\\\/\"]}]},{\"@type\":\"BreadcrumbList\",\"@id\":\"https:\\\/\\\/www.iceireland.com\\\/pl\\\/hostfamilycharter\\\/#breadcrumb\",\"itemListElement\":[{\"@type\":\"ListItem\",\"position\":1,\"name\":\"Home\",\"item\":\"https:\\\/\\\/www.iceireland.com\\\/pl\\\/\"},{\"@type\":\"ListItem\",\"position\":2,\"name\":\"Karta pobytu w domu dla student\u00f3w\"}]},{\"@type\":\"WebSite\",\"@id\":\"https:\\\/\\\/www.iceireland.com\\\/pl\\\/#website\",\"url\":\"https:\\\/\\\/www.iceireland.com\\\/pl\\\/\",\"name\":\"Irish College of English\",\"description\":\"English School in Dublin, Malahide\",\"publisher\":{\"@id\":\"https:\\\/\\\/www.iceireland.com\\\/pl\\\/#organization\"},\"potentialAction\":[{\"@type\":\"SearchAction\",\"target\":{\"@type\":\"EntryPoint\",\"urlTemplate\":\"https:\\\/\\\/www.iceireland.com\\\/pl\\\/?s={search_term_string}\"},\"query-input\":{\"@type\":\"PropertyValueSpecification\",\"valueRequired\":true,\"valueName\":\"search_term_string\"}}],\"inLanguage\":\"pl-PL\"},{\"@type\":\"Organization\",\"@id\":\"https:\\\/\\\/www.iceireland.com\\\/pl\\\/#organization\",\"name\":\"Irish College of English\",\"url\":\"https:\\\/\\\/www.iceireland.com\\\/pl\\\/\",\"logo\":{\"@type\":\"ImageObject\",\"inLanguage\":\"pl-PL\",\"@id\":\"https:\\\/\\\/www.iceireland.com\\\/pl\\\/#\\\/schema\\\/logo\\\/image\\\/\",\"url\":\"https:\\\/\\\/www.iceireland.com\\\/wp-content\\\/uploads\\\/2022\\\/03\\\/logo.png\",\"contentUrl\":\"https:\\\/\\\/www.iceireland.com\\\/wp-content\\\/uploads\\\/2022\\\/03\\\/logo.png\",\"width\":593,\"height\":92,\"caption\":\"Irish College of English\"},\"image\":{\"@id\":\"https:\\\/\\\/www.iceireland.com\\\/pl\\\/#\\\/schema\\\/logo\\\/image\\\/\"}}]}<\/script>\n<!-- \/ Yoast SEO plugin. -->","yoast_head_json":{"title":"Karta pobytu w domu dla student\u00f3w - Irish College of English","robots":{"index":"index","follow":"follow","max-snippet":"max-snippet:-1","max-image-preview":"max-image-preview:large","max-video-preview":"max-video-preview:-1"},"canonical":"https:\/\/www.iceireland.com\/pl\/hostfamilycharter\/","og_locale":"pl_PL","og_type":"article","og_title":"Karta pobytu w domu dla student\u00f3w - Irish College of English","og_description":"Karta pobytu w domu dla student\u00f3w Wprowadzenie W Irish College of English wierzymy, \u017ce pobyt u rodziny goszcz\u0105cej powinien by\u0107 jedn\u0105 z g\u0142\u00f3wnych atrakcji pobytu u nas i w tym celu zach\u0119camy wszystkich student\u00f3w, zar\u00f3wno doros\u0142ych, jak i junior\u00f3w, do jak najlepszego wykorzystania tej fantastycznej okazji. By\u0107 mo\u017ce po raz pierwszy do\u015bwiadczasz irlandzkiej kultury i [&hellip;]","og_url":"https:\/\/www.iceireland.com\/pl\/hostfamilycharter\/","og_site_name":"Irish College of English","twitter_misc":{"Szacowany czas czytania":"10 minut"},"schema":{"@context":"https:\/\/schema.org","@graph":[{"@type":"WebPage","@id":"https:\/\/www.iceireland.com\/pl\/hostfamilycharter\/","url":"https:\/\/www.iceireland.com\/pl\/hostfamilycharter\/","name":"Karta pobytu w domu dla student\u00f3w - Irish College of English","isPartOf":{"@id":"https:\/\/www.iceireland.com\/pl\/#website"},"datePublished":"2022-03-22T11:13:00+00:00","breadcrumb":{"@id":"https:\/\/www.iceireland.com\/pl\/hostfamilycharter\/#breadcrumb"},"inLanguage":"pl-PL","potentialAction":[{"@type":"ReadAction","target":["https:\/\/www.iceireland.com\/pl\/hostfamilycharter\/"]}]},{"@type":"BreadcrumbList","@id":"https:\/\/www.iceireland.com\/pl\/hostfamilycharter\/#breadcrumb","itemListElement":[{"@type":"ListItem","position":1,"name":"Home","item":"https:\/\/www.iceireland.com\/pl\/"},{"@type":"ListItem","position":2,"name":"Karta pobytu w domu dla student\u00f3w"}]},{"@type":"WebSite","@id":"https:\/\/www.iceireland.com\/pl\/#website","url":"https:\/\/www.iceireland.com\/pl\/","name":"Irish College of English","description":"English School in Dublin, Malahide","publisher":{"@id":"https:\/\/www.iceireland.com\/pl\/#organization"},"potentialAction":[{"@type":"SearchAction","target":{"@type":"EntryPoint","urlTemplate":"https:\/\/www.iceireland.com\/pl\/?s={search_term_string}"},"query-input":{"@type":"PropertyValueSpecification","valueRequired":true,"valueName":"search_term_string"}}],"inLanguage":"pl-PL"},{"@type":"Organization","@id":"https:\/\/www.iceireland.com\/pl\/#organization","name":"Irish College of English","url":"https:\/\/www.iceireland.com\/pl\/","logo":{"@type":"ImageObject","inLanguage":"pl-PL","@id":"https:\/\/www.iceireland.com\/pl\/#\/schema\/logo\/image\/","url":"https:\/\/www.iceireland.com\/wp-content\/uploads\/2022\/03\/logo.png","contentUrl":"https:\/\/www.iceireland.com\/wp-content\/uploads\/2022\/03\/logo.png","width":593,"height":92,"caption":"Irish College of English"},"image":{"@id":"https:\/\/www.iceireland.com\/pl\/#\/schema\/logo\/image\/"}}]}},"_links":{"self":[{"href":"https:\/\/www.iceireland.com\/pl\/wp-json\/wp\/v2\/pages\/32871","targetHints":{"allow":["GET"]}}],"collection":[{"href":"https:\/\/www.iceireland.com\/pl\/wp-json\/wp\/v2\/pages"}],"about":[{"href":"https:\/\/www.iceireland.com\/pl\/wp-json\/wp\/v2\/types\/page"}],"author":[{"embeddable":true,"href":"https:\/\/www.iceireland.com\/pl\/wp-json\/wp\/v2\/users\/3"}],"replies":[{"embeddable":true,"href":"https:\/\/www.iceireland.com\/pl\/wp-json\/wp\/v2\/comments?post=32871"}],"version-history":[{"count":0,"href":"https:\/\/www.iceireland.com\/pl\/wp-json\/wp\/v2\/pages\/32871\/revisions"}],"wp:attachment":[{"href":"https:\/\/www.iceireland.com\/pl\/wp-json\/wp\/v2\/media?parent=32871"}],"curies":[{"name":"wp","href":"https:\/\/api.w.org\/{rel}","templated":true}]}}