{"id":33050,"date":"2025-08-28T10:59:56","date_gmt":"2025-08-28T10:59:56","guid":{"rendered":"https:\/\/www.iceireland.com\/academic-support\/"},"modified":"2026-01-30T18:25:39","modified_gmt":"2026-01-30T18:25:39","slug":"academic-support","status":"publish","type":"page","link":"https:\/\/www.iceireland.com\/pl\/academic-support\/","title":{"rendered":"Wsparcie akademickie"},"content":{"rendered":"\t\t<div data-elementor-type=\"wp-page\" data-elementor-id=\"33050\" class=\"elementor elementor-33050 elementor-31352\" data-elementor-post-type=\"page\">\n\t\t\t\t\t\t<section class=\"elementor-section elementor-top-section elementor-element elementor-element-b55a7ad elementor-section-boxed elementor-section-height-default elementor-section-height-default\" data-id=\"b55a7ad\" data-element_type=\"section\" data-e-type=\"section\">\n\t\t\t\t\t\t<div class=\"elementor-container elementor-column-gap-default\">\n\t\t\t\t\t<div class=\"elementor-column elementor-col-100 elementor-top-column elementor-element elementor-element-2f2634f\" data-id=\"2f2634f\" data-element_type=\"column\" data-e-type=\"column\">\n\t\t\t<div class=\"elementor-widget-wrap elementor-element-populated\">\n\t\t\t\t\t\t<div class=\"elementor-element elementor-element-edea061 elementor-widget elementor-widget-text-editor\" data-id=\"edea061\" data-element_type=\"widget\" data-e-type=\"widget\" data-widget_type=\"text-editor.default\">\n\t\t\t\t<div class=\"elementor-widget-container\">\n\t\t\t\t\t\t\t\t\t<h4 style=\"font-weight: 400;\">Wsparcie akademickie<\/h4><p style=\"font-weight: 400;\">W ICE oferujemy wsparcie akademickie, aby pom\u00f3c uczniom odnie\u015b\u0107 sukces w nauce j\u0119zyka. Us\u0142ugi te s\u0105 dostosowane do r\u00f3\u017cnych styl\u00f3w uczenia si\u0119, poziom\u00f3w i cel\u00f3w i cz\u0119sto koncentruj\u0105 si\u0119 zar\u00f3wno na umiej\u0119tno\u015bciach j\u0119zykowych, jak i szerszym rozwoju akademickim lub zawodowym. <\/p><p style=\"font-weight: 400;\">Jeste\u015bmy zobowi\u0105zani do \u015bwiadczenia us\u0142ug wsparcia, aby pom\u00f3c uczniom w osi\u0105gni\u0119ciu ich cel\u00f3w w zakresie nauki j\u0119zyk\u00f3w obcych. Obejmuje to doradztwo akademickie, korepetycje i dodatkowe wsparcie dla student\u00f3w, kt\u00f3rzy maj\u0105 dodatkowe potrzeby. <\/p><p style=\"font-weight: 400;\">Promujemy aktywne zaanga\u017cowanie uczni\u00f3w poprzez interaktywne zaj\u0119cia w klasie, projekty grupowe i mo\u017cliwo\u015bci pozalekcyjne, takie jak zaj\u0119cia konwersacyjne i wydarzenia kulturalne.<\/p><p style=\"font-weight: 400;\">ICE zach\u0119ca do otwartej komunikacji mi\u0119dzy uczniami i nauczycielami, poszukuj\u0105c informacji zwrotnych na temat skuteczno\u015bci nauczania, tre\u015bci kursu i og\u00f3lnego do\u015bwiadczenia edukacyjnego w celu ci\u0105g\u0142ego doskonalenia.<\/p><p> <\/p><p style=\"font-weight: 400;\">Poni\u017cej przedstawiono przyk\u0142ady tego, jak ICE wspiera doros\u0142ych student\u00f3w w nauce:<\/p><p> <\/p><p style=\"font-weight: 400;\">Rozw\u00f3j umiej\u0119tno\u015bci j\u0119zykowych<\/p><ul style=\"font-weight: 400;\"><li>Cotygodniowe bezp\u0142atne zaj\u0119cia konwersacyjne zapewniaj\u0105 regularne sesje treningowe w celu poprawy p\u0142ynno\u015bci m\u00f3wienia z innymi studentami i native speakerami.<\/li><li>Cotygodniowe lekcje egzaminacyjne IELTS daj\u0105 studentom mo\u017cliwo\u015b\u0107 przygotowania si\u0119 do egzamin\u00f3w, a tak\u017ce oferuj\u0105 innym studentom mo\u017cliwo\u015b\u0107 zapoznania si\u0119 z modelem egzaminacyjnym.<\/li><\/ul><p> <\/p><p style=\"font-weight: 400;\">Przygotowanie do egzaminu<\/p><ul style=\"font-weight: 400;\"><li>Indywidualne zaj\u0119cia przygotowuj\u0105ce do egzamin\u00f3w IELTS lub Cambridge w celu przygotowania uczni\u00f3w do nadchodz\u0105cych standardowych egzamin\u00f3w z j\u0119zyka angielskiego s\u0105 dost\u0119pne jako wsparcie w nauce.<\/li><li>Egzaminy pr\u00f3bne, kt\u00f3re s\u0105 cz\u0119\u015bci\u0105 naszych zaj\u0119\u0107 egzaminacyjnych IELTS, daj\u0105 uczniom mo\u017cliwo\u015b\u0107 przyst\u0105pienia do prawdziwych test\u00f3w w warunkach egzaminacyjnych, aby pom\u00f3c uczniom oceni\u0107 ich gotowo\u015b\u0107 i zidentyfikowa\u0107 obszary wymagaj\u0105ce poprawy. Studentom przyst\u0119puj\u0105cym do innych egzamin\u00f3w nasz zesp\u00f3\u0142 akademicki mo\u017ce pom\u00f3c w uzyskaniu dost\u0119pu do pr\u00f3bnych egzamin\u00f3w. <\/li><\/ul><p> <\/p><p style=\"font-weight: 400;\">Indywidualne wsparcie w nauce<\/p><ul style=\"font-weight: 400;\"><li>Cele edukacyjne uczni\u00f3w i planowane egzaminy zewn\u0119trzne s\u0105 odnotowywane w rejestrze zaj\u0119\u0107 dla nauczycieli, aby mogli pom\u00f3c uczniom w ich realizacji.<\/li><li>Dost\u0119pne s\u0105 korepetycje indywidualne, kt\u00f3re oferuj\u0105 spersonalizowane instrukcje skoncentrowane na konkretnych potrzebach i celach ucznia.<\/li><li>Wsparcie akademickie jest dost\u0119pne w ramach indywidualnych konsultacji akademickich, zapewniaj\u0105c wskaz\u00f3wki dotycz\u0105ce kwestii j\u0119zykowych lub cel\u00f3w akademickich.<\/li><li>Uczniowie otrzymuj\u0105 comiesi\u0119czne raporty z procesu, kt\u00f3re maj\u0105 r\u00f3wnie\u017c prosty system umo\u017cliwiaj\u0105cy uczniom kontakt z naszym zespo\u0142em akademickim, je\u015bli potrzebuj\u0105 dodatkowego wsparcia. Ponadto nauczyciele b\u0119d\u0105 wspiera\u0107 uczni\u00f3w na bie\u017c\u0105co i mog\u0105 zg\u0142asza\u0107 zespo\u0142owi akademickiemu, je\u015bli uczniowie skorzystaj\u0105 z dodatkowego wsparcia poza klas\u0105. <\/li><li>Koordynator Program\u00f3w Akademickich zapewni, \u017ce Student Welfare Officer i Assistant Student Welfare Officers b\u0119d\u0105 w stanie zapewni\u0107 wsparcie i porady dotycz\u0105ce \u015bcie\u017cek szkolnictwa wy\u017cszego i dalszego, \u017cycia w Irlandii i praktycznej pomocy.<\/li><\/ul><p> <\/p><p style=\"font-weight: 400;\">Ponadto wszyscy studenci korzystaj\u0105 z:<\/p><p> <\/p><p style=\"font-weight: 400;\">Informacje zwrotne i ocena<\/p><ul style=\"font-weight: 400;\"><li>Ci\u0105g\u0142a ocena poprzez cotygodniowe, sumatywne i formatywne oceny oraz dzia\u0142ania w klasie w celu \u015bledzenia post\u0119p\u00f3w uczni\u00f3w.<\/li><li>Nauczyciele stale przekazuj\u0105 uczniom informacje zwrotne, a ponadto oceny s\u0105 rejestrowane, a miesi\u0119czne raporty z post\u0119p\u00f3w s\u0105 wysy\u0142ane do uczni\u00f3w.<\/li><\/ul><p> <\/p><p style=\"font-weight: 400;\">Zasoby do samodzielnej nauki<\/p><ul style=\"font-weight: 400;\"><li>Nauczyciele pomagaj\u0105 uczniom w dost\u0119pie do podr\u0119cznik\u00f3w, zeszyt\u00f3w \u0107wicze\u0144, przewodnik\u00f3w gramatycznych i innych materia\u0142\u00f3w edukacyjnych.<\/li><li>Nasza niewielka biblioteka jest \u0142atwo dost\u0119pna, a ksi\u0105\u017cki mo\u017cna wypo\u017cycza\u0107 w systemie honorowym bez \u017cadnych formalno\u015bci.<\/li><li>Uczniowie zapoznaj\u0105 si\u0119 z zasobami online, takimi jak aplikacje, strony internetowe i interaktywne platformy edukacyjne, np. English File online.<\/li><\/ul>\t\t\t\t\t\t\t\t<\/div>\n\t\t\t\t<\/div>\n\t\t\t\t\t<\/div>\n\t\t<\/div>\n\t\t\t\t\t<\/div>\n\t\t<\/section>\n\t\t\t\t<section class=\"elementor-section elementor-top-section elementor-element elementor-element-d3ca70a elementor-section-boxed elementor-section-height-default elementor-section-height-default\" data-id=\"d3ca70a\" data-element_type=\"section\" data-e-type=\"section\">\n\t\t\t\t\t\t<div class=\"elementor-container elementor-column-gap-default\">\n\t\t\t\t\t<div class=\"elementor-column elementor-col-100 elementor-top-column elementor-element elementor-element-ea712aa\" data-id=\"ea712aa\" data-element_type=\"column\" data-e-type=\"column\">\n\t\t\t<div class=\"elementor-widget-wrap elementor-element-populated\">\n\t\t\t\t\t\t<div class=\"elementor-element elementor-element-83e9269 elementor-widget elementor-widget-spacer\" data-id=\"83e9269\" data-element_type=\"widget\" data-e-type=\"widget\" data-widget_type=\"spacer.default\">\n\t\t\t\t<div class=\"elementor-widget-container\">\n\t\t\t\t\t\t\t<div class=\"elementor-spacer\">\n\t\t\t<div class=\"elementor-spacer-inner\"><\/div>\n\t\t<\/div>\n\t\t\t\t\t\t<\/div>\n\t\t\t\t<\/div>\n\t\t\t\t\t<\/div>\n\t\t<\/div>\n\t\t\t\t\t<\/div>\n\t\t<\/section>\n\t\t\t\t<\/div>\n\t\t","protected":false},"excerpt":{"rendered":"<p>Wsparcie akademickie W ICE oferujemy wsparcie akademickie, aby pom\u00f3c uczniom odnie\u015b\u0107 sukces w nauce j\u0119zyka. Us\u0142ugi te s\u0105 dostosowane do r\u00f3\u017cnych styl\u00f3w uczenia si\u0119, poziom\u00f3w i cel\u00f3w i cz\u0119sto koncentruj\u0105 si\u0119 zar\u00f3wno na umiej\u0119tno\u015bciach j\u0119zykowych, jak i szerszym rozwoju akademickim lub zawodowym. Jeste\u015bmy zobowi\u0105zani do \u015bwiadczenia us\u0142ug wsparcia, aby pom\u00f3c uczniom w osi\u0105gni\u0119ciu ich cel\u00f3w [&hellip;]<\/p>\n","protected":false},"author":3,"featured_media":0,"parent":0,"menu_order":0,"comment_status":"closed","ping_status":"closed","template":"","meta":{"content-type":"","footnotes":""},"class_list":["post-33050","page","type-page","status-publish","hentry"],"yoast_head":"<!-- This site is optimized with the Yoast SEO plugin v27.3 - https:\/\/yoast.com\/product\/yoast-seo-wordpress\/ -->\n<title>Wsparcie akademickie - Irish College of English<\/title>\n<meta name=\"robots\" content=\"index, follow, max-snippet:-1, max-image-preview:large, max-video-preview:-1\" \/>\n<link rel=\"canonical\" href=\"https:\/\/www.iceireland.com\/pl\/academic-support\/\" \/>\n<meta property=\"og:locale\" content=\"pl_PL\" \/>\n<meta property=\"og:type\" content=\"article\" \/>\n<meta property=\"og:title\" content=\"Wsparcie akademickie - Irish College of English\" \/>\n<meta property=\"og:description\" content=\"Wsparcie akademickie W ICE oferujemy wsparcie akademickie, aby pom\u00f3c uczniom odnie\u015b\u0107 sukces w nauce j\u0119zyka. Us\u0142ugi te s\u0105 dostosowane do r\u00f3\u017cnych styl\u00f3w uczenia si\u0119, poziom\u00f3w i cel\u00f3w i cz\u0119sto koncentruj\u0105 si\u0119 zar\u00f3wno na umiej\u0119tno\u015bciach j\u0119zykowych, jak i szerszym rozwoju akademickim lub zawodowym. Jeste\u015bmy zobowi\u0105zani do \u015bwiadczenia us\u0142ug wsparcia, aby pom\u00f3c uczniom w osi\u0105gni\u0119ciu ich cel\u00f3w [&hellip;]\" \/>\n<meta property=\"og:url\" content=\"https:\/\/www.iceireland.com\/pl\/academic-support\/\" \/>\n<meta property=\"og:site_name\" content=\"Irish College of English\" \/>\n<meta property=\"article:modified_time\" content=\"2026-01-30T18:25:39+00:00\" \/>\n<meta name=\"twitter:label1\" content=\"Szacowany czas czytania\" \/>\n\t<meta name=\"twitter:data1\" content=\"3 minuty\" \/>\n<script type=\"application\/ld+json\" class=\"yoast-schema-graph\">{\"@context\":\"https:\\\/\\\/schema.org\",\"@graph\":[{\"@type\":\"WebPage\",\"@id\":\"https:\\\/\\\/www.iceireland.com\\\/pl\\\/academic-support\\\/\",\"url\":\"https:\\\/\\\/www.iceireland.com\\\/pl\\\/academic-support\\\/\",\"name\":\"Wsparcie akademickie - Irish College of English\",\"isPartOf\":{\"@id\":\"https:\\\/\\\/www.iceireland.com\\\/pl\\\/#website\"},\"datePublished\":\"2025-08-28T10:59:56+00:00\",\"dateModified\":\"2026-01-30T18:25:39+00:00\",\"breadcrumb\":{\"@id\":\"https:\\\/\\\/www.iceireland.com\\\/pl\\\/academic-support\\\/#breadcrumb\"},\"inLanguage\":\"pl-PL\",\"potentialAction\":[{\"@type\":\"ReadAction\",\"target\":[\"https:\\\/\\\/www.iceireland.com\\\/pl\\\/academic-support\\\/\"]}]},{\"@type\":\"BreadcrumbList\",\"@id\":\"https:\\\/\\\/www.iceireland.com\\\/pl\\\/academic-support\\\/#breadcrumb\",\"itemListElement\":[{\"@type\":\"ListItem\",\"position\":1,\"name\":\"Home\",\"item\":\"https:\\\/\\\/www.iceireland.com\\\/pl\\\/\"},{\"@type\":\"ListItem\",\"position\":2,\"name\":\"Wsparcie akademickie\"}]},{\"@type\":\"WebSite\",\"@id\":\"https:\\\/\\\/www.iceireland.com\\\/pl\\\/#website\",\"url\":\"https:\\\/\\\/www.iceireland.com\\\/pl\\\/\",\"name\":\"Irish College of English\",\"description\":\"English School in Dublin, Malahide\",\"publisher\":{\"@id\":\"https:\\\/\\\/www.iceireland.com\\\/pl\\\/#organization\"},\"potentialAction\":[{\"@type\":\"SearchAction\",\"target\":{\"@type\":\"EntryPoint\",\"urlTemplate\":\"https:\\\/\\\/www.iceireland.com\\\/pl\\\/?s={search_term_string}\"},\"query-input\":{\"@type\":\"PropertyValueSpecification\",\"valueRequired\":true,\"valueName\":\"search_term_string\"}}],\"inLanguage\":\"pl-PL\"},{\"@type\":\"Organization\",\"@id\":\"https:\\\/\\\/www.iceireland.com\\\/pl\\\/#organization\",\"name\":\"Irish College of English\",\"url\":\"https:\\\/\\\/www.iceireland.com\\\/pl\\\/\",\"logo\":{\"@type\":\"ImageObject\",\"inLanguage\":\"pl-PL\",\"@id\":\"https:\\\/\\\/www.iceireland.com\\\/pl\\\/#\\\/schema\\\/logo\\\/image\\\/\",\"url\":\"https:\\\/\\\/www.iceireland.com\\\/wp-content\\\/uploads\\\/2022\\\/03\\\/logo.png\",\"contentUrl\":\"https:\\\/\\\/www.iceireland.com\\\/wp-content\\\/uploads\\\/2022\\\/03\\\/logo.png\",\"width\":593,\"height\":92,\"caption\":\"Irish College of English\"},\"image\":{\"@id\":\"https:\\\/\\\/www.iceireland.com\\\/pl\\\/#\\\/schema\\\/logo\\\/image\\\/\"}}]}<\/script>\n<!-- \/ Yoast SEO plugin. -->","yoast_head_json":{"title":"Wsparcie akademickie - Irish College of English","robots":{"index":"index","follow":"follow","max-snippet":"max-snippet:-1","max-image-preview":"max-image-preview:large","max-video-preview":"max-video-preview:-1"},"canonical":"https:\/\/www.iceireland.com\/pl\/academic-support\/","og_locale":"pl_PL","og_type":"article","og_title":"Wsparcie akademickie - Irish College of English","og_description":"Wsparcie akademickie W ICE oferujemy wsparcie akademickie, aby pom\u00f3c uczniom odnie\u015b\u0107 sukces w nauce j\u0119zyka. Us\u0142ugi te s\u0105 dostosowane do r\u00f3\u017cnych styl\u00f3w uczenia si\u0119, poziom\u00f3w i cel\u00f3w i cz\u0119sto koncentruj\u0105 si\u0119 zar\u00f3wno na umiej\u0119tno\u015bciach j\u0119zykowych, jak i szerszym rozwoju akademickim lub zawodowym. Jeste\u015bmy zobowi\u0105zani do \u015bwiadczenia us\u0142ug wsparcia, aby pom\u00f3c uczniom w osi\u0105gni\u0119ciu ich cel\u00f3w [&hellip;]","og_url":"https:\/\/www.iceireland.com\/pl\/academic-support\/","og_site_name":"Irish College of English","article_modified_time":"2026-01-30T18:25:39+00:00","twitter_misc":{"Szacowany czas czytania":"3 minuty"},"schema":{"@context":"https:\/\/schema.org","@graph":[{"@type":"WebPage","@id":"https:\/\/www.iceireland.com\/pl\/academic-support\/","url":"https:\/\/www.iceireland.com\/pl\/academic-support\/","name":"Wsparcie akademickie - Irish College of English","isPartOf":{"@id":"https:\/\/www.iceireland.com\/pl\/#website"},"datePublished":"2025-08-28T10:59:56+00:00","dateModified":"2026-01-30T18:25:39+00:00","breadcrumb":{"@id":"https:\/\/www.iceireland.com\/pl\/academic-support\/#breadcrumb"},"inLanguage":"pl-PL","potentialAction":[{"@type":"ReadAction","target":["https:\/\/www.iceireland.com\/pl\/academic-support\/"]}]},{"@type":"BreadcrumbList","@id":"https:\/\/www.iceireland.com\/pl\/academic-support\/#breadcrumb","itemListElement":[{"@type":"ListItem","position":1,"name":"Home","item":"https:\/\/www.iceireland.com\/pl\/"},{"@type":"ListItem","position":2,"name":"Wsparcie akademickie"}]},{"@type":"WebSite","@id":"https:\/\/www.iceireland.com\/pl\/#website","url":"https:\/\/www.iceireland.com\/pl\/","name":"Irish College of English","description":"English School in Dublin, Malahide","publisher":{"@id":"https:\/\/www.iceireland.com\/pl\/#organization"},"potentialAction":[{"@type":"SearchAction","target":{"@type":"EntryPoint","urlTemplate":"https:\/\/www.iceireland.com\/pl\/?s={search_term_string}"},"query-input":{"@type":"PropertyValueSpecification","valueRequired":true,"valueName":"search_term_string"}}],"inLanguage":"pl-PL"},{"@type":"Organization","@id":"https:\/\/www.iceireland.com\/pl\/#organization","name":"Irish College of English","url":"https:\/\/www.iceireland.com\/pl\/","logo":{"@type":"ImageObject","inLanguage":"pl-PL","@id":"https:\/\/www.iceireland.com\/pl\/#\/schema\/logo\/image\/","url":"https:\/\/www.iceireland.com\/wp-content\/uploads\/2022\/03\/logo.png","contentUrl":"https:\/\/www.iceireland.com\/wp-content\/uploads\/2022\/03\/logo.png","width":593,"height":92,"caption":"Irish College of English"},"image":{"@id":"https:\/\/www.iceireland.com\/pl\/#\/schema\/logo\/image\/"}}]}},"_links":{"self":[{"href":"https:\/\/www.iceireland.com\/pl\/wp-json\/wp\/v2\/pages\/33050","targetHints":{"allow":["GET"]}}],"collection":[{"href":"https:\/\/www.iceireland.com\/pl\/wp-json\/wp\/v2\/pages"}],"about":[{"href":"https:\/\/www.iceireland.com\/pl\/wp-json\/wp\/v2\/types\/page"}],"author":[{"embeddable":true,"href":"https:\/\/www.iceireland.com\/pl\/wp-json\/wp\/v2\/users\/3"}],"replies":[{"embeddable":true,"href":"https:\/\/www.iceireland.com\/pl\/wp-json\/wp\/v2\/comments?post=33050"}],"version-history":[{"count":1,"href":"https:\/\/www.iceireland.com\/pl\/wp-json\/wp\/v2\/pages\/33050\/revisions"}],"predecessor-version":[{"id":33051,"href":"https:\/\/www.iceireland.com\/pl\/wp-json\/wp\/v2\/pages\/33050\/revisions\/33051"}],"wp:attachment":[{"href":"https:\/\/www.iceireland.com\/pl\/wp-json\/wp\/v2\/media?parent=33050"}],"curies":[{"name":"wp","href":"https:\/\/api.w.org\/{rel}","templated":true}]}}