{"id":33060,"date":"2025-08-28T09:23:09","date_gmt":"2025-08-28T09:23:09","guid":{"rendered":"https:\/\/www.iceireland.com\/visa-immigration-support\/"},"modified":"2026-03-14T11:33:50","modified_gmt":"2026-03-14T11:33:50","slug":"visa-immigration-support","status":"publish","type":"page","link":"https:\/\/www.iceireland.com\/pl\/visa-immigration-support\/","title":{"rendered":"Wsparcie wizowe i imigracyjne"},"content":{"rendered":"\t\t<div data-elementor-type=\"wp-page\" data-elementor-id=\"33060\" class=\"elementor elementor-33060 elementor-31322\" data-elementor-post-type=\"page\">\n\t\t\t\t\t\t<section class=\"elementor-section elementor-top-section elementor-element elementor-element-ded4c0a elementor-section-boxed elementor-section-height-default elementor-section-height-default\" data-id=\"ded4c0a\" data-element_type=\"section\" data-e-type=\"section\">\n\t\t\t\t\t\t<div class=\"elementor-container elementor-column-gap-default\">\n\t\t\t\t\t<div class=\"elementor-column elementor-col-100 elementor-top-column elementor-element elementor-element-07c7a5c\" data-id=\"07c7a5c\" data-element_type=\"column\" data-e-type=\"column\">\n\t\t\t<div class=\"elementor-widget-wrap elementor-element-populated\">\n\t\t\t\t\t\t<div class=\"elementor-element elementor-element-4254848 elementor-widget elementor-widget-text-editor\" data-id=\"4254848\" data-element_type=\"widget\" data-e-type=\"widget\" data-widget_type=\"text-editor.default\">\n\t\t\t\t<div class=\"elementor-widget-container\">\n\t\t\t\t\t\t\t\t\t<h2><span style=\"color: #808080;\">Wsparcie wizowe i imigracyjne<\/span><\/h2><p data-start=\"386\" data-end=\"759\"> <\/p><p data-start=\"386\" data-end=\"759\"><span style=\"color: #808080;\"><strong>Czy musisz ubiega\u0107 si\u0119 o wiz\u0119?<\/strong><\/span><\/p><ul><li data-start=\"386\" data-end=\"759\">Je\u015bli pochodzisz z kraju UE\/EAA, nie potrzebujesz wizy, aby studiowa\u0107 w Irlandii.<\/li><li>Studenci spoza UE\/EOG b\u0119d\u0105 musieli posiada\u0107 list akceptacyjny i ui\u015bci\u0107 op\u0142aty za studia w Irlandii.<\/li><li>W zale\u017cno\u015bci od narodowo\u015bci mo\u017ce by\u0107 r\u00f3wnie\u017c wymagana wiza. <span style=\"color: #808080;\">Dowiedz si\u0119, czego potrzebujesz, aby wjecha\u0107 do Irlandii na podstawie swojej narodowo\u015bci na <span style=\"text-decoration: underline;\"><a style=\"color: #808080; text-decoration: underline;\" href=\"https:\/\/www.irishimmigration.ie\/\" target=\"_blank\" rel=\"noopener\">stronie Irish Immigration.<\/a><\/span><\/span><\/li><li data-start=\"386\" data-end=\"759\">Wszyscy studenci spoza UE\/EAA przebywaj\u0105cy d\u0142u\u017cej ni\u017c 90 dni musz\u0105 zarejestrowa\u0107 si\u0119 w Irish Immigration (ISD).<\/li><\/ul><div id=\"Requirements\"><div class=\"wrapper wrapper--large content--padding\"><div class=\"rich-text\"><div class=\"rich-text rich-text__narrow\"><div class=\"rich_text__summary\"><p data-block-key=\"8i3qr\"> <\/p><\/div><\/div><\/div><\/div><\/div><div tabindex=\"0\"><span style=\"color: #808080;\"><strong>Je\u015bli potrzebujesz wizy, aby studiowa\u0107 w Irlandii<\/strong><\/span><\/div><div tabindex=\"0\"> <\/div><div tabindex=\"0\"><span style=\"color: #808080;\">Nale\u017cy wype\u0142ni\u0107 formularz rezerwacji i przes\u0142a\u0107 kopi\u0119 paszportu. Wystawimy faktur\u0119 za kurs, op\u0142aty nale\u017cy ui\u015bci\u0107 za po\u015brednictwem Transfermate i b\u0119d\u0105 one przechowywane w depozycie w oczekiwaniu na decyzj\u0119 wizow\u0105. Po potwierdzeniu p\u0142atno\u015bci za kurs mo\u017cemy wyda\u0107 list akceptacyjny i mo\u017cesz ubiega\u0107 si\u0119 o wiz\u0119.  <\/span><\/div><div tabindex=\"0\"> <\/div><div tabindex=\"0\">Z\u0142o\u017cenie wniosku wizowego trwa zazwyczaj od 6 do 8 tygodni i zalecamy z\u0142o\u017cenie wniosku na 3 miesi\u0105ce przed dat\u0105 rozpocz\u0119cia kursu, aby unikn\u0105\u0107 op\u00f3\u017anie\u0144.<\/div><div tabindex=\"0\"> <\/div><div id=\"Application\"><div class=\"wrapper wrapper--large content--padding\"><div class=\"rich-text\"><div class=\"rich-text rich-text__narrow\"><p class=\"story__heading heading--2\"><span style=\"color: #808080;\"><b>Sk\u0142adanie wniosku wizowego<\/b><\/span><\/p><div class=\"rich_text__summary\"> <\/div><div class=\"rich_text__summary\"><p>Aby ubiega\u0107 si\u0119 o wiz\u0119:<\/p><ol><li>Wype\u0142nij internetowy formularz zg\u0142oszeniowy <a href=\"http:\/\/www.visas.inis.gov.ie\/AVATS\/OnlineHome.aspx\">www.visas.inis.gov.ie\/AVATS\/OnlineHome.aspx<\/a><\/li><li>Zbierz dokumentacj\u0119 uzupe\u0142niaj\u0105c\u0105, zdj\u0119cie paszportowe i op\u0142at\u0119.<\/li><li>System aplikacji online automatycznie poprosi student\u00f3w o przes\u0142anie dokumentacji do ambasady.<\/li><\/ol><p>Dodatkowe informacje na temat wniosk\u00f3w wizowych mo\u017cna znale\u017a\u0107 na nast\u0119puj\u0105cych stronach internetowych: <a href=\"https:\/\/www.dfa.ie\/travel\/visas\/visas-for-ireland\/\">https:\/\/www.dfa.ie\/travel\/visas\/visas-for-ireland\/<\/a> i <a href=\"http:\/\/www.inis.gov.ie\/en\/INIS\/Pages\/Study\">http:\/\/www.inis.gov.ie\/en\/INIS\/Pages\/Study.<\/a><\/p><p data-block-key=\"9or89\"> <\/p><p data-block-key=\"9or89\"><span style=\"color: #808080;\"><strong>\u015aledzenie aplikacji<\/strong><\/span><\/p><p data-block-key=\"1md8t\"><span style=\"color: #808080;\">\u015aled\u017a sw\u00f3j wniosek, kontaktuj\u0105c si\u0119 z ambasad\u0105 lub konsulatem, do kt\u00f3rego zosta\u0142 z\u0142o\u017cony, podaj\u0105c numer referencyjny z wniosku.<\/span><\/p><p data-block-key=\"7eoon\"><span style=\"color: #808080;\">Je\u015bli wys\u0142a\u0142e\u015b sw\u00f3j wniosek do Dublina, powiniene\u015b <a style=\"color: #808080;\" href=\"https:\/\/www.irishimmigration.ie\/contact-immigration-service-delivery\/\">skontaktowa\u0107 si\u0119 bezpo\u015brednio z Immigration Service Delivery<\/a>.<\/span><\/p><p data-block-key=\"98tpr\"> <\/p><p data-block-key=\"98tpr\"><span style=\"color: #808080;\"><b>Powiadomienie<\/b><\/span><\/p><p data-block-key=\"ffqqi\"><span style=\"color: #808080;\">Je\u015bli z\u0142o\u017cy\u0142e\u015b wniosek w ambasadzie lub konsulacie, skontaktuj\u0105 si\u0119 z Tob\u0105 po podj\u0119ciu decyzji.<\/span><\/p><p data-block-key=\"3pd3g\"><span style=\"color: #808080;\">Je\u015bli z\u0142o\u017cy\u0142e\u015b wniosek bezpo\u015brednio do INIS w Dublinie lub je\u015bli Tw\u00f3j wniosek zosta\u0142 skierowany do INIS w celu podj\u0119cia decyzji, mo\u017cesz sprawdzi\u0107 Immigraion Service Delivery&#8217;s <a style=\"color: #808080;\" href=\"https:\/\/www.irishimmigration.ie\/visa-decisions\/\"><b>Cotygodniowy wykaz decyzji wizowych<\/b><\/a> u\u017cywaj\u0105c swojego numeru referencyjnego.<\/span><\/p><\/div><p data-block-key=\"3pd3g\"><strong>Je\u015bli wniosek wizowy zosta\u0142 odrzucony<\/strong><\/p><p>Studenci mog\u0105 nie otrzyma\u0107 wizy, a w przypadku odrzucenia wniosku wizowego zatrzymana zostanie op\u0142ata administracyjna w wysoko\u015bci 200 EUR.<\/p><p>Zwroty koszt\u00f3w b\u0119d\u0105 dokonywane wy\u0142\u0105cznie po otrzymaniu pisma z ambasady o odmowie wydania wizy.<\/p><div class=\"rich_text__summary\"><p data-block-key=\"3pd3g\"> <\/p><p data-block-key=\"3pd3g\"><strong>Rejestracja imigracyjna w Irlandii<\/strong><\/p><p data-block-key=\"3pd3g\">Je\u015bli jeste\u015b <strong data-start=\"2145\" data-end=\"2192\">studentem spoza UE studiuj\u0105cym d\u0142u\u017cej ni\u017c 90 dni<\/strong>, zarejestrujesz si\u0119 w urz\u0119dzie imigracyjnym po przybyciu do Irlandii.<\/p><p class=\"cvGsUA direction-ltr align-start para-style-body\"><span class=\"a_GcMg font-feature-liga-off font-feature-clig-off font-feature-calt-off text-decoration-none text-strikethrough-none\">Spotkanie mo\u017cna zarezerwowa\u0107 na stronie Irish Immigration <\/span><span class=\"a_GcMg font-feature-liga-off font-feature-clig-off font-feature-calt-off text-decoration-none text-strikethrough-none\">https:\/\/portal.irishimmigration.ie\/en\/ <\/span> <\/p><p>Podczas rejestracji potrzebne b\u0119d\u0105 nast\u0119puj\u0105ce dokumenty;<\/p><ul><li>List potwierdzaj\u0105cy przyj\u0119cie na kurs<\/li><li>Dow\u00f3d pe\u0142nej p\u0142atno\u015bci za kurs<\/li><li>Wa\u017cny paszport<\/li><li>Prywatne ubezpieczenie medyczne<\/li><li>Dow\u00f3d adresu zamieszkania w Irlandii<\/li><li>Dow\u00f3d wsparcia finansowego, wyci\u0105g bankowy na Twoje nazwisko z saldem w wysoko\u015bci co najmniej 6 665 EUR<\/li><li>Op\u0142ata rejestracyjna, 300 \u20ac p\u0142atne kart\u0105 debetow\u0105\/kredytow\u0105<\/li><\/ul><div> <\/div><div>W ci\u0105gu kilku tygodni otrzymasz poczt\u0105 <strong data-start=\"2019\" data-end=\"2056\">kart\u0119 irlandzkiego zezwolenia na pobyt (IRP)<\/strong>. Karta zawiera <strong data-start=\"2107\" data-end=\"2157\">piecz\u0119\u0107 imigracyjn\u0105 (np. piecz\u0119\u0107 2 dla student\u00f3w)<\/strong> i dat\u0119 wa\u017cno\u015bci.   <\/div><div> <\/div><div>Studenci mog\u0105 odnowi\u0107 swoj\u0105 wiz\u0119 dwa razy, je\u015bli;<\/div><\/div><ul><li>  Zapisa\u0107 si\u0119 na inny kurs zarejestrowany w ILEP.<\/li><li>Uiszczaj\u0105 pe\u0142n\u0105 op\u0142at\u0119 za kurs.<\/li><li>Utrzymanie frekwencji na poziomie co najmniej 85%.<\/li><li>Przyst\u0105pienie do uznawanego egzaminu na koniec kursu (ILETS).<\/li><li>Wykup prywatne ubezpieczenie medyczne.  <\/li><li>Posiada\u0107 wa\u017cny paszport.  <\/li><\/ul><div class=\"rich_text__summary\"><div> <\/div><p data-block-key=\"3pd3g\"><strong>Wizowe obowi\u0105zki studenta<\/strong><\/p><p data-block-key=\"3pd3g\">Studenci wizowi uczestnicz\u0105cy w kursie zarejestrowanym w ILEP musz\u0105<\/p><ul><li data-block-key=\"3pd3g\">Utrzymanie minimalnej frekwencji na poziomie 85%.<\/li><li data-block-key=\"3pd3g\">Przyst\u0105pi\u0107 do uznawanego egzaminu na koniec kursu, IELTS jest uwzgl\u0119dniony w programie roku akademickiego.<\/li><li data-block-key=\"3pd3g\">Posiada\u0107 wa\u017cne ubezpieczenie medyczne na czas trwania kursu.<\/li><li data-block-key=\"3pd3g\">Upewnij si\u0119, \u017ce Tw\u00f3j paszport jest wa\u017cny d\u0142u\u017cej ni\u017c 8 miesi\u0119cy.<\/li><\/ul><p> <\/p><p><strong>Praca i wakacje<\/strong><\/p><p>Studenci roku akademickiego musz\u0105 uko\u0144czy\u0107 25 tygodni kursu. Pozosta\u0142e 8 tygodni to okres wakacyjny. <\/p><p>Obowi\u0105zkowe 3-tygodniowe wakacje przypadaj\u0105 na okres \u015bwi\u0105t Bo\u017cego Narodzenia, pozosta\u0142a cz\u0119\u015b\u0107 wakacji zostanie wykorzystana po uko\u0144czeniu 25 tygodni kursu, a wszelkie wakacje, kt\u00f3re student chce wykorzysta\u0107 poza tymi okresami, musz\u0105 zosta\u0107 zarezerwowane w pierwszym tygodniu kursu.<\/p><p>Studenci roku akademickiego maj\u0105 prawo do pracy w wymiarze 20 godzin tygodniowo podczas trwania kursu i 40 godzin tygodniowo podczas wakacji od czerwca do wrze\u015bnia i od<sup>15<\/sup> grudnia do<sup>15<\/sup> stycznia.<\/p><\/div><\/div><\/div><\/div><\/div><p data-start=\"3634\" data-end=\"3727\"> <\/p>\t\t\t\t\t\t\t\t<\/div>\n\t\t\t\t<\/div>\n\t\t\t\t\t<\/div>\n\t\t<\/div>\n\t\t\t\t\t<\/div>\n\t\t<\/section>\n\t\t\t\t<section class=\"elementor-section elementor-top-section elementor-element elementor-element-d3fae5e elementor-section-boxed elementor-section-height-default elementor-section-height-default\" data-id=\"d3fae5e\" data-element_type=\"section\" data-e-type=\"section\">\n\t\t\t\t\t\t<div class=\"elementor-container elementor-column-gap-default\">\n\t\t\t\t\t<div class=\"elementor-column elementor-col-100 elementor-top-column elementor-element elementor-element-b10bd47\" data-id=\"b10bd47\" data-element_type=\"column\" data-e-type=\"column\">\n\t\t\t<div class=\"elementor-widget-wrap elementor-element-populated\">\n\t\t\t\t\t\t<div class=\"elementor-element elementor-element-6d2bda8 elementor-widget elementor-widget-spacer\" data-id=\"6d2bda8\" data-element_type=\"widget\" data-e-type=\"widget\" data-widget_type=\"spacer.default\">\n\t\t\t\t<div class=\"elementor-widget-container\">\n\t\t\t\t\t\t\t<div class=\"elementor-spacer\">\n\t\t\t<div class=\"elementor-spacer-inner\"><\/div>\n\t\t<\/div>\n\t\t\t\t\t\t<\/div>\n\t\t\t\t<\/div>\n\t\t\t\t\t<\/div>\n\t\t<\/div>\n\t\t\t\t\t<\/div>\n\t\t<\/section>\n\t\t\t\t<\/div>\n\t\t","protected":false},"excerpt":{"rendered":"<p>Wsparcie wizowe i imigracyjne Czy musisz ubiega\u0107 si\u0119 o wiz\u0119? Je\u015bli pochodzisz z kraju UE\/EAA, nie potrzebujesz wizy, aby studiowa\u0107 w Irlandii. Studenci spoza UE\/EOG b\u0119d\u0105 musieli posiada\u0107 list akceptacyjny i ui\u015bci\u0107 op\u0142aty za studia w Irlandii. W zale\u017cno\u015bci od narodowo\u015bci mo\u017ce by\u0107 r\u00f3wnie\u017c wymagana wiza. Dowiedz si\u0119, czego potrzebujesz, aby wjecha\u0107 do Irlandii na [&hellip;]<\/p>\n","protected":false},"author":3,"featured_media":0,"parent":0,"menu_order":0,"comment_status":"closed","ping_status":"closed","template":"elementor_header_footer","meta":{"content-type":"","footnotes":""},"class_list":["post-33060","page","type-page","status-publish","hentry"],"yoast_head":"<!-- This site is optimized with the Yoast SEO plugin v27.3 - https:\/\/yoast.com\/product\/yoast-seo-wordpress\/ -->\n<title>Wsparcie wizowe i imigracyjne - Irish College of English<\/title>\n<meta name=\"robots\" content=\"index, follow, max-snippet:-1, max-image-preview:large, max-video-preview:-1\" \/>\n<link rel=\"canonical\" href=\"https:\/\/www.iceireland.com\/pl\/visa-immigration-support\/\" \/>\n<meta property=\"og:locale\" content=\"pl_PL\" \/>\n<meta property=\"og:type\" content=\"article\" \/>\n<meta property=\"og:title\" content=\"Wsparcie wizowe i imigracyjne - Irish College of English\" \/>\n<meta property=\"og:description\" content=\"Wsparcie wizowe i imigracyjne Czy musisz ubiega\u0107 si\u0119 o wiz\u0119? Je\u015bli pochodzisz z kraju UE\/EAA, nie potrzebujesz wizy, aby studiowa\u0107 w Irlandii. Studenci spoza UE\/EOG b\u0119d\u0105 musieli posiada\u0107 list akceptacyjny i ui\u015bci\u0107 op\u0142aty za studia w Irlandii. W zale\u017cno\u015bci od narodowo\u015bci mo\u017ce by\u0107 r\u00f3wnie\u017c wymagana wiza. Dowiedz si\u0119, czego potrzebujesz, aby wjecha\u0107 do Irlandii na [&hellip;]\" \/>\n<meta property=\"og:url\" content=\"https:\/\/www.iceireland.com\/pl\/visa-immigration-support\/\" \/>\n<meta property=\"og:site_name\" content=\"Irish College of English\" \/>\n<meta property=\"article:modified_time\" content=\"2026-03-14T11:33:50+00:00\" \/>\n<meta name=\"twitter:label1\" content=\"Szacowany czas czytania\" \/>\n\t<meta name=\"twitter:data1\" content=\"4 minuty\" \/>\n<script type=\"application\/ld+json\" class=\"yoast-schema-graph\">{\"@context\":\"https:\\\/\\\/schema.org\",\"@graph\":[{\"@type\":\"WebPage\",\"@id\":\"https:\\\/\\\/www.iceireland.com\\\/pl\\\/visa-immigration-support\\\/\",\"url\":\"https:\\\/\\\/www.iceireland.com\\\/pl\\\/visa-immigration-support\\\/\",\"name\":\"Wsparcie wizowe i imigracyjne - Irish College of English\",\"isPartOf\":{\"@id\":\"https:\\\/\\\/www.iceireland.com\\\/pl\\\/#website\"},\"datePublished\":\"2025-08-28T09:23:09+00:00\",\"dateModified\":\"2026-03-14T11:33:50+00:00\",\"breadcrumb\":{\"@id\":\"https:\\\/\\\/www.iceireland.com\\\/pl\\\/visa-immigration-support\\\/#breadcrumb\"},\"inLanguage\":\"pl-PL\",\"potentialAction\":[{\"@type\":\"ReadAction\",\"target\":[\"https:\\\/\\\/www.iceireland.com\\\/pl\\\/visa-immigration-support\\\/\"]}]},{\"@type\":\"BreadcrumbList\",\"@id\":\"https:\\\/\\\/www.iceireland.com\\\/pl\\\/visa-immigration-support\\\/#breadcrumb\",\"itemListElement\":[{\"@type\":\"ListItem\",\"position\":1,\"name\":\"Home\",\"item\":\"https:\\\/\\\/www.iceireland.com\\\/pl\\\/\"},{\"@type\":\"ListItem\",\"position\":2,\"name\":\"Wsparcie wizowe i imigracyjne\"}]},{\"@type\":\"WebSite\",\"@id\":\"https:\\\/\\\/www.iceireland.com\\\/pl\\\/#website\",\"url\":\"https:\\\/\\\/www.iceireland.com\\\/pl\\\/\",\"name\":\"Irish College of English\",\"description\":\"English School in Dublin, Malahide\",\"publisher\":{\"@id\":\"https:\\\/\\\/www.iceireland.com\\\/pl\\\/#organization\"},\"potentialAction\":[{\"@type\":\"SearchAction\",\"target\":{\"@type\":\"EntryPoint\",\"urlTemplate\":\"https:\\\/\\\/www.iceireland.com\\\/pl\\\/?s={search_term_string}\"},\"query-input\":{\"@type\":\"PropertyValueSpecification\",\"valueRequired\":true,\"valueName\":\"search_term_string\"}}],\"inLanguage\":\"pl-PL\"},{\"@type\":\"Organization\",\"@id\":\"https:\\\/\\\/www.iceireland.com\\\/pl\\\/#organization\",\"name\":\"Irish College of English\",\"url\":\"https:\\\/\\\/www.iceireland.com\\\/pl\\\/\",\"logo\":{\"@type\":\"ImageObject\",\"inLanguage\":\"pl-PL\",\"@id\":\"https:\\\/\\\/www.iceireland.com\\\/pl\\\/#\\\/schema\\\/logo\\\/image\\\/\",\"url\":\"https:\\\/\\\/www.iceireland.com\\\/wp-content\\\/uploads\\\/2022\\\/03\\\/logo.png\",\"contentUrl\":\"https:\\\/\\\/www.iceireland.com\\\/wp-content\\\/uploads\\\/2022\\\/03\\\/logo.png\",\"width\":593,\"height\":92,\"caption\":\"Irish College of English\"},\"image\":{\"@id\":\"https:\\\/\\\/www.iceireland.com\\\/pl\\\/#\\\/schema\\\/logo\\\/image\\\/\"}}]}<\/script>\n<!-- \/ Yoast SEO plugin. -->","yoast_head_json":{"title":"Wsparcie wizowe i imigracyjne - Irish College of English","robots":{"index":"index","follow":"follow","max-snippet":"max-snippet:-1","max-image-preview":"max-image-preview:large","max-video-preview":"max-video-preview:-1"},"canonical":"https:\/\/www.iceireland.com\/pl\/visa-immigration-support\/","og_locale":"pl_PL","og_type":"article","og_title":"Wsparcie wizowe i imigracyjne - Irish College of English","og_description":"Wsparcie wizowe i imigracyjne Czy musisz ubiega\u0107 si\u0119 o wiz\u0119? Je\u015bli pochodzisz z kraju UE\/EAA, nie potrzebujesz wizy, aby studiowa\u0107 w Irlandii. Studenci spoza UE\/EOG b\u0119d\u0105 musieli posiada\u0107 list akceptacyjny i ui\u015bci\u0107 op\u0142aty za studia w Irlandii. W zale\u017cno\u015bci od narodowo\u015bci mo\u017ce by\u0107 r\u00f3wnie\u017c wymagana wiza. Dowiedz si\u0119, czego potrzebujesz, aby wjecha\u0107 do Irlandii na [&hellip;]","og_url":"https:\/\/www.iceireland.com\/pl\/visa-immigration-support\/","og_site_name":"Irish College of English","article_modified_time":"2026-03-14T11:33:50+00:00","twitter_misc":{"Szacowany czas czytania":"4 minuty"},"schema":{"@context":"https:\/\/schema.org","@graph":[{"@type":"WebPage","@id":"https:\/\/www.iceireland.com\/pl\/visa-immigration-support\/","url":"https:\/\/www.iceireland.com\/pl\/visa-immigration-support\/","name":"Wsparcie wizowe i imigracyjne - Irish College of English","isPartOf":{"@id":"https:\/\/www.iceireland.com\/pl\/#website"},"datePublished":"2025-08-28T09:23:09+00:00","dateModified":"2026-03-14T11:33:50+00:00","breadcrumb":{"@id":"https:\/\/www.iceireland.com\/pl\/visa-immigration-support\/#breadcrumb"},"inLanguage":"pl-PL","potentialAction":[{"@type":"ReadAction","target":["https:\/\/www.iceireland.com\/pl\/visa-immigration-support\/"]}]},{"@type":"BreadcrumbList","@id":"https:\/\/www.iceireland.com\/pl\/visa-immigration-support\/#breadcrumb","itemListElement":[{"@type":"ListItem","position":1,"name":"Home","item":"https:\/\/www.iceireland.com\/pl\/"},{"@type":"ListItem","position":2,"name":"Wsparcie wizowe i imigracyjne"}]},{"@type":"WebSite","@id":"https:\/\/www.iceireland.com\/pl\/#website","url":"https:\/\/www.iceireland.com\/pl\/","name":"Irish College of English","description":"English School in Dublin, Malahide","publisher":{"@id":"https:\/\/www.iceireland.com\/pl\/#organization"},"potentialAction":[{"@type":"SearchAction","target":{"@type":"EntryPoint","urlTemplate":"https:\/\/www.iceireland.com\/pl\/?s={search_term_string}"},"query-input":{"@type":"PropertyValueSpecification","valueRequired":true,"valueName":"search_term_string"}}],"inLanguage":"pl-PL"},{"@type":"Organization","@id":"https:\/\/www.iceireland.com\/pl\/#organization","name":"Irish College of English","url":"https:\/\/www.iceireland.com\/pl\/","logo":{"@type":"ImageObject","inLanguage":"pl-PL","@id":"https:\/\/www.iceireland.com\/pl\/#\/schema\/logo\/image\/","url":"https:\/\/www.iceireland.com\/wp-content\/uploads\/2022\/03\/logo.png","contentUrl":"https:\/\/www.iceireland.com\/wp-content\/uploads\/2022\/03\/logo.png","width":593,"height":92,"caption":"Irish College of English"},"image":{"@id":"https:\/\/www.iceireland.com\/pl\/#\/schema\/logo\/image\/"}}]}},"_links":{"self":[{"href":"https:\/\/www.iceireland.com\/pl\/wp-json\/wp\/v2\/pages\/33060","targetHints":{"allow":["GET"]}}],"collection":[{"href":"https:\/\/www.iceireland.com\/pl\/wp-json\/wp\/v2\/pages"}],"about":[{"href":"https:\/\/www.iceireland.com\/pl\/wp-json\/wp\/v2\/types\/page"}],"author":[{"embeddable":true,"href":"https:\/\/www.iceireland.com\/pl\/wp-json\/wp\/v2\/users\/3"}],"replies":[{"embeddable":true,"href":"https:\/\/www.iceireland.com\/pl\/wp-json\/wp\/v2\/comments?post=33060"}],"version-history":[{"count":4,"href":"https:\/\/www.iceireland.com\/pl\/wp-json\/wp\/v2\/pages\/33060\/revisions"}],"predecessor-version":[{"id":35748,"href":"https:\/\/www.iceireland.com\/pl\/wp-json\/wp\/v2\/pages\/33060\/revisions\/35748"}],"wp:attachment":[{"href":"https:\/\/www.iceireland.com\/pl\/wp-json\/wp\/v2\/media?parent=33060"}],"curies":[{"name":"wp","href":"https:\/\/api.w.org\/{rel}","templated":true}]}}