{"id":33067,"date":"2025-08-28T09:16:10","date_gmt":"2025-08-28T09:16:10","guid":{"rendered":"https:\/\/www.iceireland.com\/accommodation-support\/"},"modified":"2026-03-13T15:53:53","modified_gmt":"2026-03-13T15:53:53","slug":"accommodation-support","status":"publish","type":"page","link":"https:\/\/www.iceireland.com\/pl\/accommodation-support\/","title":{"rendered":"Wsparcie zakwaterowania"},"content":{"rendered":"\t\t<div data-elementor-type=\"wp-page\" data-elementor-id=\"33067\" class=\"elementor elementor-33067 elementor-31311\" data-elementor-post-type=\"page\">\n\t\t\t\t\t\t<section class=\"elementor-section elementor-top-section elementor-element elementor-element-325c2a3 elementor-section-boxed elementor-section-height-default elementor-section-height-default\" data-id=\"325c2a3\" data-element_type=\"section\" data-e-type=\"section\">\n\t\t\t\t\t\t<div class=\"elementor-container elementor-column-gap-default\">\n\t\t\t\t\t<div class=\"elementor-column elementor-col-100 elementor-top-column elementor-element elementor-element-8737b22\" data-id=\"8737b22\" data-element_type=\"column\" data-e-type=\"column\">\n\t\t\t<div class=\"elementor-widget-wrap elementor-element-populated\">\n\t\t\t\t\t\t<div class=\"elementor-element elementor-element-cc64c5f elementor-widget elementor-widget-text-editor\" data-id=\"cc64c5f\" data-element_type=\"widget\" data-e-type=\"widget\" data-widget_type=\"text-editor.default\">\n\t\t\t\t<div class=\"elementor-widget-container\">\n\t\t\t\t\t\t\t\t\t<h4>Wsparcie zakwaterowania<\/h4><p>Zapewniamy pomoc i informacje w znalezieniu odpowiedniego zakwaterowania oraz oferujemy regularne odprawy i wsparcie dla student\u00f3w korzystaj\u0105cych z naszych us\u0142ug zakwaterowania.<\/p><p>Doro\u015bli studenci mog\u0105 skorzysta\u0107 z opcji zakwaterowania w domu.<\/p><p>M\u0142odsi uczniowie mog\u0105 skorzysta\u0107 z naszych opcji pobytu w domu lub zakwaterowania (letnie obozy Glenstal Abbey i Clongowes Wood College).<\/p><p>Posiadamy systemy zapewniaj\u0105ce jako\u015b\u0107 naszego zakwaterowania i wsp\u00f3\u0142pracujemy z lokalnymi rodzinami i jednymi z najlepszych irlandzkich szk\u00f3\u0142 z internatem, aby zaoferowa\u0107 naszym uczniom niezapomniane wra\u017cenia.<\/p><p>Wszyscy gospodarze i personel pracuj\u0105cy w naszych rezydencjach s\u0105 weryfikowani przez Gard\u0119 (sprawdzani przez policj\u0119).<\/p>\t\t\t\t\t\t\t\t<\/div>\n\t\t\t\t<\/div>\n\t\t\t\t\t<\/div>\n\t\t<\/div>\n\t\t\t\t\t<\/div>\n\t\t<\/section>\n\t\t\t\t<section class=\"elementor-section elementor-top-section elementor-element elementor-element-0e09569 elementor-section-boxed elementor-section-height-default elementor-section-height-default\" data-id=\"0e09569\" data-element_type=\"section\" data-e-type=\"section\">\n\t\t\t\t\t\t<div class=\"elementor-container elementor-column-gap-default\">\n\t\t\t\t\t<div class=\"elementor-column elementor-col-100 elementor-top-column elementor-element elementor-element-3473db6\" data-id=\"3473db6\" data-element_type=\"column\" data-e-type=\"column\">\n\t\t\t<div class=\"elementor-widget-wrap elementor-element-populated\">\n\t\t\t\t\t\t<div class=\"elementor-element elementor-element-6fd73ef elementor-widget elementor-widget-spacer\" data-id=\"6fd73ef\" data-element_type=\"widget\" data-e-type=\"widget\" data-widget_type=\"spacer.default\">\n\t\t\t\t<div class=\"elementor-widget-container\">\n\t\t\t\t\t\t\t<div class=\"elementor-spacer\">\n\t\t\t<div class=\"elementor-spacer-inner\"><\/div>\n\t\t<\/div>\n\t\t\t\t\t\t<\/div>\n\t\t\t\t<\/div>\n\t\t\t\t\t<\/div>\n\t\t<\/div>\n\t\t\t\t\t<\/div>\n\t\t<\/section>\n\t\t\t\t<section class=\"elementor-section elementor-top-section elementor-element elementor-element-7b090a1 elementor-section-boxed elementor-section-height-default elementor-section-height-default\" data-id=\"7b090a1\" data-element_type=\"section\" data-e-type=\"section\">\n\t\t\t\t\t\t<div class=\"elementor-container elementor-column-gap-default\">\n\t\t\t\t\t<div class=\"elementor-column elementor-col-100 elementor-top-column elementor-element elementor-element-da26d4a\" data-id=\"da26d4a\" data-element_type=\"column\" data-e-type=\"column\">\n\t\t\t<div class=\"elementor-widget-wrap elementor-element-populated\">\n\t\t\t\t\t\t<div class=\"elementor-element elementor-element-c3d61da elementor-widget elementor-widget-text-editor\" data-id=\"c3d61da\" data-element_type=\"widget\" data-e-type=\"widget\" data-widget_type=\"text-editor.default\">\n\t\t\t\t<div class=\"elementor-widget-container\">\n\t\t\t\t\t\t\t\t\t<div id=\"page-view\" class=\"full-width\"> <\/div><h2>Inne opcje zakwaterowania:<\/h2><p> <\/p><h4 class=\"full-width\"><strong>Zakwaterowanie w hotelu<\/strong><\/h4><p>Grand Hotel to pi\u0119kny 4-gwiazdkowy hotel w centrum Malahide, zaledwie kilka minut spacerem od naszej szko\u0142y<\/p><p><strong><a href=\"http:\/\/www.thegrand.ie\" target=\"_blank\" rel=\"noopener noreferrer\">www.thegrand.ie<\/a><\/strong><\/p><h4> <\/h4><h4><strong>Airbnb<\/strong><\/h4><p>Przeszukaj obszary takie jak Malahide, Swords, Portmarnock, aby zobaczy\u0107, co jest w ofercie.<\/p><p><strong><a href=\"http:\/\/www.airbnb.ie\" target=\"_blank\" rel=\"noopener noreferrer\">www.airbnb.ie<\/a><\/strong><\/p><h4> <\/h4><h4><strong>Wynajem pokoju lub mieszkania<\/strong><\/h4><p>Przeszukaj obszary takie jak Malahide, Swords, Portmarnock, aby zobaczy\u0107, co jest w ofercie.<\/p><p><strong><a href=\"http:\/\/www.daft.ie\" target=\"_blank\" rel=\"noopener noreferrer\">www.daft.ie<\/a><\/strong><\/p>\t\t\t\t\t\t\t\t<\/div>\n\t\t\t\t<\/div>\n\t\t\t\t\t<\/div>\n\t\t<\/div>\n\t\t\t\t\t<\/div>\n\t\t<\/section>\n\t\t\t\t<\/div>\n\t\t","protected":false},"excerpt":{"rendered":"<p>Wsparcie zakwaterowania Zapewniamy pomoc i informacje w znalezieniu odpowiedniego zakwaterowania oraz oferujemy regularne odprawy i wsparcie dla student\u00f3w korzystaj\u0105cych z naszych us\u0142ug zakwaterowania. Doro\u015bli studenci mog\u0105 skorzysta\u0107 z opcji zakwaterowania w domu. M\u0142odsi uczniowie mog\u0105 skorzysta\u0107 z naszych opcji pobytu w domu lub zakwaterowania (letnie obozy Glenstal Abbey i Clongowes Wood College). Posiadamy systemy zapewniaj\u0105ce [&hellip;]<\/p>\n","protected":false},"author":3,"featured_media":0,"parent":0,"menu_order":0,"comment_status":"closed","ping_status":"closed","template":"","meta":{"content-type":"","footnotes":""},"class_list":["post-33067","page","type-page","status-publish","hentry"],"yoast_head":"<!-- This site is optimized with the Yoast SEO plugin v27.3 - https:\/\/yoast.com\/product\/yoast-seo-wordpress\/ -->\n<title>Wsparcie zakwaterowania - Irish College of English<\/title>\n<meta name=\"robots\" content=\"index, follow, max-snippet:-1, max-image-preview:large, max-video-preview:-1\" \/>\n<link rel=\"canonical\" href=\"https:\/\/www.iceireland.com\/pl\/accommodation-support\/\" \/>\n<meta property=\"og:locale\" content=\"pl_PL\" \/>\n<meta property=\"og:type\" content=\"article\" \/>\n<meta property=\"og:title\" content=\"Wsparcie zakwaterowania - Irish College of English\" \/>\n<meta property=\"og:description\" content=\"Wsparcie zakwaterowania Zapewniamy pomoc i informacje w znalezieniu odpowiedniego zakwaterowania oraz oferujemy regularne odprawy i wsparcie dla student\u00f3w korzystaj\u0105cych z naszych us\u0142ug zakwaterowania. Doro\u015bli studenci mog\u0105 skorzysta\u0107 z opcji zakwaterowania w domu. M\u0142odsi uczniowie mog\u0105 skorzysta\u0107 z naszych opcji pobytu w domu lub zakwaterowania (letnie obozy Glenstal Abbey i Clongowes Wood College). Posiadamy systemy zapewniaj\u0105ce [&hellip;]\" \/>\n<meta property=\"og:url\" content=\"https:\/\/www.iceireland.com\/pl\/accommodation-support\/\" \/>\n<meta property=\"og:site_name\" content=\"Irish College of English\" \/>\n<meta property=\"article:modified_time\" content=\"2026-03-13T15:53:53+00:00\" \/>\n<meta name=\"twitter:label1\" content=\"Szacowany czas czytania\" \/>\n\t<meta name=\"twitter:data1\" content=\"1 minuta\" \/>\n<script type=\"application\/ld+json\" class=\"yoast-schema-graph\">{\"@context\":\"https:\\\/\\\/schema.org\",\"@graph\":[{\"@type\":\"WebPage\",\"@id\":\"https:\\\/\\\/www.iceireland.com\\\/pl\\\/accommodation-support\\\/\",\"url\":\"https:\\\/\\\/www.iceireland.com\\\/pl\\\/accommodation-support\\\/\",\"name\":\"Wsparcie zakwaterowania - Irish College of English\",\"isPartOf\":{\"@id\":\"https:\\\/\\\/www.iceireland.com\\\/pl\\\/#website\"},\"datePublished\":\"2025-08-28T09:16:10+00:00\",\"dateModified\":\"2026-03-13T15:53:53+00:00\",\"breadcrumb\":{\"@id\":\"https:\\\/\\\/www.iceireland.com\\\/pl\\\/accommodation-support\\\/#breadcrumb\"},\"inLanguage\":\"pl-PL\",\"potentialAction\":[{\"@type\":\"ReadAction\",\"target\":[\"https:\\\/\\\/www.iceireland.com\\\/pl\\\/accommodation-support\\\/\"]}]},{\"@type\":\"BreadcrumbList\",\"@id\":\"https:\\\/\\\/www.iceireland.com\\\/pl\\\/accommodation-support\\\/#breadcrumb\",\"itemListElement\":[{\"@type\":\"ListItem\",\"position\":1,\"name\":\"Home\",\"item\":\"https:\\\/\\\/www.iceireland.com\\\/pl\\\/\"},{\"@type\":\"ListItem\",\"position\":2,\"name\":\"Wsparcie zakwaterowania\"}]},{\"@type\":\"WebSite\",\"@id\":\"https:\\\/\\\/www.iceireland.com\\\/pl\\\/#website\",\"url\":\"https:\\\/\\\/www.iceireland.com\\\/pl\\\/\",\"name\":\"Irish College of English\",\"description\":\"English School in Dublin, Malahide\",\"publisher\":{\"@id\":\"https:\\\/\\\/www.iceireland.com\\\/pl\\\/#organization\"},\"potentialAction\":[{\"@type\":\"SearchAction\",\"target\":{\"@type\":\"EntryPoint\",\"urlTemplate\":\"https:\\\/\\\/www.iceireland.com\\\/pl\\\/?s={search_term_string}\"},\"query-input\":{\"@type\":\"PropertyValueSpecification\",\"valueRequired\":true,\"valueName\":\"search_term_string\"}}],\"inLanguage\":\"pl-PL\"},{\"@type\":\"Organization\",\"@id\":\"https:\\\/\\\/www.iceireland.com\\\/pl\\\/#organization\",\"name\":\"Irish College of English\",\"url\":\"https:\\\/\\\/www.iceireland.com\\\/pl\\\/\",\"logo\":{\"@type\":\"ImageObject\",\"inLanguage\":\"pl-PL\",\"@id\":\"https:\\\/\\\/www.iceireland.com\\\/pl\\\/#\\\/schema\\\/logo\\\/image\\\/\",\"url\":\"https:\\\/\\\/www.iceireland.com\\\/wp-content\\\/uploads\\\/2022\\\/03\\\/logo.png\",\"contentUrl\":\"https:\\\/\\\/www.iceireland.com\\\/wp-content\\\/uploads\\\/2022\\\/03\\\/logo.png\",\"width\":593,\"height\":92,\"caption\":\"Irish College of English\"},\"image\":{\"@id\":\"https:\\\/\\\/www.iceireland.com\\\/pl\\\/#\\\/schema\\\/logo\\\/image\\\/\"}}]}<\/script>\n<!-- \/ Yoast SEO plugin. -->","yoast_head_json":{"title":"Wsparcie zakwaterowania - Irish College of English","robots":{"index":"index","follow":"follow","max-snippet":"max-snippet:-1","max-image-preview":"max-image-preview:large","max-video-preview":"max-video-preview:-1"},"canonical":"https:\/\/www.iceireland.com\/pl\/accommodation-support\/","og_locale":"pl_PL","og_type":"article","og_title":"Wsparcie zakwaterowania - Irish College of English","og_description":"Wsparcie zakwaterowania Zapewniamy pomoc i informacje w znalezieniu odpowiedniego zakwaterowania oraz oferujemy regularne odprawy i wsparcie dla student\u00f3w korzystaj\u0105cych z naszych us\u0142ug zakwaterowania. Doro\u015bli studenci mog\u0105 skorzysta\u0107 z opcji zakwaterowania w domu. M\u0142odsi uczniowie mog\u0105 skorzysta\u0107 z naszych opcji pobytu w domu lub zakwaterowania (letnie obozy Glenstal Abbey i Clongowes Wood College). Posiadamy systemy zapewniaj\u0105ce [&hellip;]","og_url":"https:\/\/www.iceireland.com\/pl\/accommodation-support\/","og_site_name":"Irish College of English","article_modified_time":"2026-03-13T15:53:53+00:00","twitter_misc":{"Szacowany czas czytania":"1 minuta"},"schema":{"@context":"https:\/\/schema.org","@graph":[{"@type":"WebPage","@id":"https:\/\/www.iceireland.com\/pl\/accommodation-support\/","url":"https:\/\/www.iceireland.com\/pl\/accommodation-support\/","name":"Wsparcie zakwaterowania - Irish College of English","isPartOf":{"@id":"https:\/\/www.iceireland.com\/pl\/#website"},"datePublished":"2025-08-28T09:16:10+00:00","dateModified":"2026-03-13T15:53:53+00:00","breadcrumb":{"@id":"https:\/\/www.iceireland.com\/pl\/accommodation-support\/#breadcrumb"},"inLanguage":"pl-PL","potentialAction":[{"@type":"ReadAction","target":["https:\/\/www.iceireland.com\/pl\/accommodation-support\/"]}]},{"@type":"BreadcrumbList","@id":"https:\/\/www.iceireland.com\/pl\/accommodation-support\/#breadcrumb","itemListElement":[{"@type":"ListItem","position":1,"name":"Home","item":"https:\/\/www.iceireland.com\/pl\/"},{"@type":"ListItem","position":2,"name":"Wsparcie zakwaterowania"}]},{"@type":"WebSite","@id":"https:\/\/www.iceireland.com\/pl\/#website","url":"https:\/\/www.iceireland.com\/pl\/","name":"Irish College of English","description":"English School in Dublin, Malahide","publisher":{"@id":"https:\/\/www.iceireland.com\/pl\/#organization"},"potentialAction":[{"@type":"SearchAction","target":{"@type":"EntryPoint","urlTemplate":"https:\/\/www.iceireland.com\/pl\/?s={search_term_string}"},"query-input":{"@type":"PropertyValueSpecification","valueRequired":true,"valueName":"search_term_string"}}],"inLanguage":"pl-PL"},{"@type":"Organization","@id":"https:\/\/www.iceireland.com\/pl\/#organization","name":"Irish College of English","url":"https:\/\/www.iceireland.com\/pl\/","logo":{"@type":"ImageObject","inLanguage":"pl-PL","@id":"https:\/\/www.iceireland.com\/pl\/#\/schema\/logo\/image\/","url":"https:\/\/www.iceireland.com\/wp-content\/uploads\/2022\/03\/logo.png","contentUrl":"https:\/\/www.iceireland.com\/wp-content\/uploads\/2022\/03\/logo.png","width":593,"height":92,"caption":"Irish College of English"},"image":{"@id":"https:\/\/www.iceireland.com\/pl\/#\/schema\/logo\/image\/"}}]}},"_links":{"self":[{"href":"https:\/\/www.iceireland.com\/pl\/wp-json\/wp\/v2\/pages\/33067","targetHints":{"allow":["GET"]}}],"collection":[{"href":"https:\/\/www.iceireland.com\/pl\/wp-json\/wp\/v2\/pages"}],"about":[{"href":"https:\/\/www.iceireland.com\/pl\/wp-json\/wp\/v2\/types\/page"}],"author":[{"embeddable":true,"href":"https:\/\/www.iceireland.com\/pl\/wp-json\/wp\/v2\/users\/3"}],"replies":[{"embeddable":true,"href":"https:\/\/www.iceireland.com\/pl\/wp-json\/wp\/v2\/comments?post=33067"}],"version-history":[{"count":4,"href":"https:\/\/www.iceireland.com\/pl\/wp-json\/wp\/v2\/pages\/33067\/revisions"}],"predecessor-version":[{"id":35724,"href":"https:\/\/www.iceireland.com\/pl\/wp-json\/wp\/v2\/pages\/33067\/revisions\/35724"}],"wp:attachment":[{"href":"https:\/\/www.iceireland.com\/pl\/wp-json\/wp\/v2\/media?parent=33067"}],"curies":[{"name":"wp","href":"https:\/\/api.w.org\/{rel}","templated":true}]}}