{"id":33095,"date":"2025-08-27T17:58:07","date_gmt":"2025-08-27T17:58:07","guid":{"rendered":"https:\/\/www.iceireland.com\/health-and-wellbeing\/"},"modified":"2026-01-30T18:25:52","modified_gmt":"2026-01-30T18:25:52","slug":"health-and-wellbeing","status":"publish","type":"page","link":"https:\/\/www.iceireland.com\/pl\/health-and-wellbeing\/","title":{"rendered":"Zdrowie i dobre samopoczucie"},"content":{"rendered":"\t\t<div data-elementor-type=\"wp-page\" data-elementor-id=\"33095\" class=\"elementor elementor-33095 elementor-31272\" data-elementor-post-type=\"page\">\n\t\t\t\t\t\t<section class=\"elementor-section elementor-top-section elementor-element elementor-element-637dd89 elementor-section-boxed elementor-section-height-default elementor-section-height-default\" data-id=\"637dd89\" data-element_type=\"section\" data-e-type=\"section\">\n\t\t\t\t\t\t<div class=\"elementor-container elementor-column-gap-default\">\n\t\t\t\t\t<div class=\"elementor-column elementor-col-100 elementor-top-column elementor-element elementor-element-2b0fe48\" data-id=\"2b0fe48\" data-element_type=\"column\" data-e-type=\"column\">\n\t\t\t<div class=\"elementor-widget-wrap elementor-element-populated\">\n\t\t\t\t\t\t<div class=\"elementor-element elementor-element-d4a904b elementor-widget elementor-widget-spacer\" data-id=\"d4a904b\" data-element_type=\"widget\" data-e-type=\"widget\" data-widget_type=\"spacer.default\">\n\t\t\t\t<div class=\"elementor-widget-container\">\n\t\t\t\t\t\t\t<div class=\"elementor-spacer\">\n\t\t\t<div class=\"elementor-spacer-inner\"><\/div>\n\t\t<\/div>\n\t\t\t\t\t\t<\/div>\n\t\t\t\t<\/div>\n\t\t\t\t\t<\/div>\n\t\t<\/div>\n\t\t\t\t\t<\/div>\n\t\t<\/section>\n\t\t\t\t<section class=\"elementor-section elementor-top-section elementor-element elementor-element-9817a5e elementor-section-boxed elementor-section-height-default elementor-section-height-default\" data-id=\"9817a5e\" data-element_type=\"section\" data-e-type=\"section\">\n\t\t\t\t\t\t<div class=\"elementor-container elementor-column-gap-default\">\n\t\t\t\t\t<div class=\"elementor-column elementor-col-100 elementor-top-column elementor-element elementor-element-fe0d37a\" data-id=\"fe0d37a\" data-element_type=\"column\" data-e-type=\"column\">\n\t\t\t<div class=\"elementor-widget-wrap elementor-element-populated\">\n\t\t\t\t\t\t<div class=\"elementor-element elementor-element-20e19ca elementor-widget elementor-widget-text-editor\" data-id=\"20e19ca\" data-element_type=\"widget\" data-e-type=\"widget\" data-widget_type=\"text-editor.default\">\n\t\t\t\t<div class=\"elementor-widget-container\">\n\t\t\t\t\t\t\t\t\t<h3><span style=\"color: #808080;\"><strong>Zdrowie i dobre samopoczucie  <\/strong><\/span><\/h3><p><strong> <\/strong><\/p><p><strong>Dobre samopoczucie student\u00f3w<\/strong><\/p><p>Nasza polityka opieki spo\u0142ecznej dla student\u00f3w zapewnia, \u017ce mamy wyznaczonego urz\u0119dnika ds. opieki spo\u0142ecznej dla student\u00f3w, kt\u00f3ry pomaga studentom w nag\u0142ych wypadkach i trudno\u015bciach. W razie potrzeby zapewniamy us\u0142ugi skierowania do specjalistycznej opieki w zakresie zdrowia psychicznego. <\/p><p>Oferujemy wskaz\u00f3wki dotycz\u0105ce dost\u0119pu do us\u0142ug opieki zdrowotnej w Irlandii i pomagamy studentom w uzyskaniu informacji na temat ubezpieczenia zdrowotnego i roszcze\u0144.<\/p><p><strong> <\/strong><\/p><p><strong>St<\/strong><strong>Dobrostan student\u00f3w<\/strong><\/p><p>Pomagamy naszym studentom zaaklimatyzowa\u0107 si\u0119 w naszych programach i obozach. Mamy zr\u00f3\u017cnicowan\u0105 mieszank\u0119 typ\u00f3w student\u00f3w i d\u0142ugo\u015bci pobyt\u00f3w. Wi\u0119kszo\u015b\u0107 naszych student\u00f3w to studenci Junior z kr\u00f3tkim pobytem. Zdajemy sobie spraw\u0119, \u017ce ze wzgl\u0119du na kr\u00f3tki charakter naszych kurs\u00f3w mo\u017cemy nie by\u0107 w stanie wspiera\u0107 student\u00f3w z ci\u0105g\u0142ymi potrzebami i \u017ce najlepiej jest je przezwyci\u0119\u017cy\u0107, szukaj\u0105c wsparcia u przyjaci\u00f3\u0142 i rodziny. Nasz zesp\u00f3\u0142 jest r\u00f3wnie\u017c dost\u0119pny i oferuje wszelkie wsparcie, kt\u00f3re jest rozs\u0105dnie praktyczne. Nasz opiekun spo\u0142eczny mo\u017ce zaoferowa\u0107 wsparcie w kwestiach praktycznych.     <\/p><p>Czasami mog\u0105 pojawi\u0107 si\u0119 obawy, kt\u00f3re mog\u0105 wymaga\u0107 specjalistycznego wk\u0142adu, wsparcia lub wiedzy w celu ich rozwi\u0105zania. Cz\u0119\u015b\u0107 tego wsparcia mo\u017cna zapewni\u0107 w ramach organizacji. Jednak rozwi\u0105zanie niekt\u00f3rych rodzaj\u00f3w potrzeb mo\u017ce wykracza\u0107 poza wewn\u0119trzne zasoby i mo\u017cliwo\u015bci. W takim przypadku szko\u0142a doradzi uczniom, gdzie ich potrzeby b\u0119d\u0105 lepiej zaspokojone. W niekt\u00f3rych okoliczno\u015bciach doradzimy uczniom \/ ich rodzicom, \u017ce powinni wr\u00f3ci\u0107 do domu, gdzie mog\u0105 uzyska\u0107 wsparcie, kt\u00f3rego potrzebuj\u0105, jest to szczeg\u00f3lnie konieczne, gdy m\u0142odsi uczniowie do\u015bwiadczaj\u0105 problem\u00f3w spo\u0142ecznych niezwi\u0105zanych z naszymi programami.    <\/p><p><strong> <\/strong><\/p><p><strong>Polityka r\u00f3wno\u015bci, r\u00f3\u017cnorodno\u015bci i integracji<\/strong><\/p><p>Jeste\u015bmy mocno zaanga\u017cowani we wspieranie w\u0142\u0105czaj\u0105cego i sprawiedliwego \u015brodowiska nauki i pracy, w kt\u00f3rym celebruje si\u0119 r\u00f3\u017cnorodno\u015b\u0107, a wszystkie osoby s\u0105 szanowane, cenione i wzmacniane. Nasze zaanga\u017cowanie na rzecz r\u00f3wno\u015bci, r\u00f3\u017cnorodno\u015bci i integracji (EDI) przenika ka\u017cdy aspekt naszej dzia\u0142alno\u015bci, od zaanga\u017cowania uczni\u00f3w po rekrutacj\u0119 pracownik\u00f3w, opracowywanie program\u00f3w nauczania i zaanga\u017cowanie spo\u0142eczno\u015bci. W ICE wierzymy, \u017ce przyj\u0119cie r\u00f3\u017cnorodno\u015bci wzbogaca do\u015bwiadczenie edukacyjne, zwi\u0119ksza zrozumienie kulturowe i kultywuje poczucie przynale\u017cno\u015bci dla wszystkich zaanga\u017cowanych.  <\/p><p> <\/p><p><strong>Zdrowie i bezpiecze\u0144stwo<\/strong><strong> <\/strong><\/p><p>Zobowi\u0105zujemy si\u0119 do zapewnienia bezpiecze\u0144stwa, zdrowia i dobrostanu w pracy wszystkim pracownikom, uczniom, kontrahentom, go\u015bciom i innym osobom w szkole, na kt\u00f3re mo\u017ce mie\u0107 wp\u0142yw praca i dzia\u0142alno\u015b\u0107 szko\u0142y.<strong> <\/strong><\/p><p><strong> <\/strong><\/p><p><strong>Ochrona<\/strong><strong> <\/strong><\/p><p>ICE zobowi\u0105zuje si\u0119 do dbania o bezpiecze\u0144stwo, ochron\u0119 i promowanie dobra dzieci oraz do zapewnienia, \u017ce praktyki w zakresie ochrony odzwierciedlaj\u0105 ustawowe obowi\u0105zki, wytyczne rz\u0105dowe i s\u0105 zgodne z najlepszymi praktykami i wymogami QQI.<\/p><p> <\/p><p><strong>Wsparcie i us\u0142ugi dla student\u00f3w<\/strong><\/p><p>W Irish College of English (ICE) naszym celem jest zapewnienie kompleksowego wsparcia i us\u0142ug naszym studentom zagranicznym, aby zapewni\u0107 im dobre samopoczucie, sukces akademicki i og\u00f3lne pozytywne do\u015bwiadczenia. Niniejsza polityka okre\u015bla nasze zobowi\u0105zanie do oferowania przejrzystych proces\u00f3w przyjmowania, orientacji, wsparcia akademickiego, us\u0142ug zwi\u0105zanych z dobrostanem student\u00f3w, pomocy w zakwaterowaniu, inicjatyw integracji kulturowej, skutecznych kana\u0142\u00f3w komunikacji, zgodno\u015bci z zobowi\u0105zaniami prawnymi i strategii ci\u0105g\u0142ego doskonalenia. <\/p><p> <\/p><p><strong>Zasady dotycz\u0105ce alergii, schorze\u0144 i dodatkowych potrzeb<\/strong><\/p><p>D\u0105\u017cymy do zapewnienia integracyjnego i przyjaznego \u015brodowiska dla wszystkich student\u00f3w. Staramy si\u0119 zaspokaja\u0107 r\u00f3\u017cnorodne potrzeby; jednak ze wzgl\u0119du na kr\u00f3tkoterminowy charakter naszych program\u00f3w (zazwyczaj 1-4 tygodnie) nie jeste\u015bmy w stanie zapewni\u0107 specjalistycznej opieki medycznej ani nadzoru dla student\u00f3w z alergiami, przewlek\u0142ymi i innymi schorzeniami lub dodatkowymi potrzebami. Chocia\u017c podejmiemy uzasadnione kroki, aby podzieli\u0107 si\u0119 odpowiednimi informacjami z rodzinami goszcz\u0105cymi i personelem mieszkalnym, ostateczna odpowiedzialno\u015b\u0107 za zarz\u0105dzanie warunkami medycznymi i dodatkowymi potrzebami spoczywa na uczniu i jego rodzicach \/ opiekunach \/ organizatorach grup.  <\/p><p> <\/p><p><strong>Nadz\u00f3r<\/strong><\/p><p>Nasze obozy zach\u0119caj\u0105 uczni\u00f3w do aktywnego zanurzenia si\u0119 w j\u0119zyku angielskim, interakcji z Irlandczykami, innymi nastolatkami i dobrej zabawy poprzez zaj\u0119cia i wizyty kulturalne.<\/p><p>Nadz\u00f3r jest jedn\u0105 z r\u00f3l pomagaj\u0105cych w zapewnieniu bezpiecze\u0144stwa naszym uczniom. Nasza filozofia nadzoru pozwala na eksploracj\u0119 i interakcj\u0119. Uczniowie uczestnicz\u0105cy w naszych obozach powinni by\u0107 wystarczaj\u0105co dojrzali dla swojego wieku, niezale\u017cni, samowystarczalni i odpowiedzialni. Posiadamy zasady i procedury maj\u0105ce na celu stworzenie przyjemnej i bezpiecznej atmosfery obozowej, ale \u017cycie niesie ze sob\u0105 nieod\u0142\u0105czne ryzyko i prosimy wszystkich uczni\u00f3w o podj\u0119cie takich samych \u015brodk\u00f3w ostro\u017cno\u015bci, jak w ich kraju ojczystym.   <\/p><p>Nasz model nadzoru jest wspieraj\u0105cy i interaktywny. Nie b\u0119dziemy nadmiernie lub natr\u0119tnie nadzorowa\u0107 uczni\u00f3w, aby umo\u017cliwi\u0107 im czerpanie pe\u0142nych korzy\u015bci z obozu. W zwi\u0105zku z tym uczniowie mog\u0105 by\u0107 nara\u017ceni na ryzyko, mog\u0105 pope\u0142nia\u0107 b\u0142\u0119dy lub dozna\u0107 obra\u017ce\u0144 podczas pobytu na obozie.  <\/p><p>Na wszystkich naszych obozach uczniowie b\u0119d\u0105 mieli czas wolny bez nadzoru. W tym czasie uczniowie b\u0119d\u0105 mieli dost\u0119p do cz\u0142onk\u00f3w personelu lub do naszego numeru telefonu alarmowego, pod kt\u00f3rym cz\u0142onek naszego personelu jest dost\u0119pny 24 godziny na dob\u0119. <\/p><p> <\/p><p><strong>Ochrona dzieci<\/strong><\/p><p>Wszyscy nasi pracownicy pracuj\u0105cy bezpo\u015brednio z juniorami uko\u0144czyli kurs ochrony dzieci. Szkolenie na miejscu b\u0119dzie przypomnieniem dotycz\u0105cym bezpiecznej ochrony uczni\u00f3w i obowi\u0105zk\u00f3w personelu. <\/p><p> <\/p><p><strong>Wytyczne dotycz\u0105ce zakwaterowania<\/strong><\/p><p>Student otrzymuje poni\u017csze wytyczne dotycz\u0105ce zakwaterowania:<\/p><p>Home Stay &#8211; Karta Home Stay<\/p><p>Rezydencja &#8211; wy\u017cywienie w przewodniku po rezydencjach w podr\u0119czniku dla student\u00f3w<\/p><p>Personel obs\u0142uguj\u0105cy nasze rezydencje mo\u017ce uzyska\u0107 dost\u0119p do tych wytycznych w naszym Podr\u0119czniku personelu.<\/p><p> <\/p><p><strong>Kodeksy post\u0119powania<\/strong><\/p><p>Nasze kodeksy post\u0119powania s\u0105 przekazywane rodzicom\/opiekunom\/liderom grup i uczniom przed przyjazdem za po\u015brednictwem naszego formularza rezerwacji i podr\u0119cznika dla uczni\u00f3w. Kluczowe jest ustalenie jasnych i prostych zasad <\/p>\t\t\t\t\t\t\t\t<\/div>\n\t\t\t\t<\/div>\n\t\t\t\t\t<\/div>\n\t\t<\/div>\n\t\t\t\t\t<\/div>\n\t\t<\/section>\n\t\t\t\t<section class=\"elementor-section elementor-top-section elementor-element elementor-element-78eee0e elementor-section-boxed elementor-section-height-default elementor-section-height-default\" data-id=\"78eee0e\" data-element_type=\"section\" data-e-type=\"section\">\n\t\t\t\t\t\t<div class=\"elementor-container elementor-column-gap-default\">\n\t\t\t\t\t<div class=\"elementor-column elementor-col-100 elementor-top-column elementor-element elementor-element-1cdbbea\" data-id=\"1cdbbea\" data-element_type=\"column\" data-e-type=\"column\">\n\t\t\t<div class=\"elementor-widget-wrap elementor-element-populated\">\n\t\t\t\t\t\t<div class=\"elementor-element elementor-element-ba89721 elementor-widget elementor-widget-spacer\" data-id=\"ba89721\" data-element_type=\"widget\" data-e-type=\"widget\" data-widget_type=\"spacer.default\">\n\t\t\t\t<div class=\"elementor-widget-container\">\n\t\t\t\t\t\t\t<div class=\"elementor-spacer\">\n\t\t\t<div class=\"elementor-spacer-inner\"><\/div>\n\t\t<\/div>\n\t\t\t\t\t\t<\/div>\n\t\t\t\t<\/div>\n\t\t\t\t\t<\/div>\n\t\t<\/div>\n\t\t\t\t\t<\/div>\n\t\t<\/section>\n\t\t\t\t<section class=\"elementor-section elementor-top-section elementor-element elementor-element-d39cfef elementor-section-boxed elementor-section-height-default elementor-section-height-default\" data-id=\"d39cfef\" data-element_type=\"section\" data-e-type=\"section\">\n\t\t\t\t\t\t<div class=\"elementor-container elementor-column-gap-default\">\n\t\t\t\t\t<div class=\"elementor-column elementor-col-100 elementor-top-column elementor-element elementor-element-3ebc0a2\" data-id=\"3ebc0a2\" data-element_type=\"column\" data-e-type=\"column\">\n\t\t\t<div class=\"elementor-widget-wrap elementor-element-populated\">\n\t\t\t\t\t\t<div class=\"elementor-element elementor-element-c4f2735 elementor-widget elementor-widget-image\" data-id=\"c4f2735\" data-element_type=\"widget\" data-e-type=\"widget\" data-widget_type=\"image.default\">\n\t\t\t\t<div class=\"elementor-widget-container\">\n\t\t\t\t\t\t\t\t\t\t\t\t\t\t\t<img fetchpriority=\"high\" decoding=\"async\" width=\"1448\" height=\"2048\" src=\"https:\/\/www.iceireland.com\/wp-content\/uploads\/2025\/11\/Student-Support-ICE-1448x2048.png\" class=\"attachment-2048x2048 size-2048x2048 wp-image-31638\" alt=\"\" srcset=\"https:\/\/www.iceireland.com\/wp-content\/uploads\/2025\/11\/Student-Support-ICE-1448x2048.png 1448w, https:\/\/www.iceireland.com\/wp-content\/uploads\/2025\/11\/Student-Support-ICE-212x300.png 212w, https:\/\/www.iceireland.com\/wp-content\/uploads\/2025\/11\/Student-Support-ICE-724x1024.png 724w, https:\/\/www.iceireland.com\/wp-content\/uploads\/2025\/11\/Student-Support-ICE-768x1086.png 768w, https:\/\/www.iceireland.com\/wp-content\/uploads\/2025\/11\/Student-Support-ICE-1086x1536.png 1086w, https:\/\/www.iceireland.com\/wp-content\/uploads\/2025\/11\/Student-Support-ICE.png 1655w\" sizes=\"(max-width: 1448px) 100vw, 1448px\" \/>\t\t\t\t\t\t\t\t\t\t\t\t\t\t\t<\/div>\n\t\t\t\t<\/div>\n\t\t\t\t\t<\/div>\n\t\t<\/div>\n\t\t\t\t\t<\/div>\n\t\t<\/section>\n\t\t\t\t<section class=\"elementor-section elementor-top-section elementor-element elementor-element-52aebab elementor-section-boxed elementor-section-height-default elementor-section-height-default\" data-id=\"52aebab\" data-element_type=\"section\" data-e-type=\"section\">\n\t\t\t\t\t\t<div class=\"elementor-container elementor-column-gap-default\">\n\t\t\t\t\t<div class=\"elementor-column elementor-col-100 elementor-top-column elementor-element elementor-element-1c80ec8\" data-id=\"1c80ec8\" data-element_type=\"column\" data-e-type=\"column\">\n\t\t\t<div class=\"elementor-widget-wrap elementor-element-populated\">\n\t\t\t\t\t\t<div class=\"elementor-element elementor-element-54893ad elementor-widget elementor-widget-spacer\" data-id=\"54893ad\" data-element_type=\"widget\" data-e-type=\"widget\" data-widget_type=\"spacer.default\">\n\t\t\t\t<div class=\"elementor-widget-container\">\n\t\t\t\t\t\t\t<div class=\"elementor-spacer\">\n\t\t\t<div class=\"elementor-spacer-inner\"><\/div>\n\t\t<\/div>\n\t\t\t\t\t\t<\/div>\n\t\t\t\t<\/div>\n\t\t\t\t\t<\/div>\n\t\t<\/div>\n\t\t\t\t\t<\/div>\n\t\t<\/section>\n\t\t\t\t<\/div>\n\t\t","protected":false},"excerpt":{"rendered":"<p>Zdrowie i dobre samopoczucie Dobre samopoczucie student\u00f3w Nasza polityka opieki spo\u0142ecznej dla student\u00f3w zapewnia, \u017ce mamy wyznaczonego urz\u0119dnika ds. opieki spo\u0142ecznej dla student\u00f3w, kt\u00f3ry pomaga studentom w nag\u0142ych wypadkach i trudno\u015bciach. W razie potrzeby zapewniamy us\u0142ugi skierowania do specjalistycznej opieki w zakresie zdrowia psychicznego. Oferujemy wskaz\u00f3wki dotycz\u0105ce dost\u0119pu do us\u0142ug opieki zdrowotnej w Irlandii i [&hellip;]<\/p>\n","protected":false},"author":3,"featured_media":0,"parent":0,"menu_order":0,"comment_status":"closed","ping_status":"closed","template":"","meta":{"content-type":"","footnotes":""},"class_list":["post-33095","page","type-page","status-publish","hentry"],"yoast_head":"<!-- This site is optimized with the Yoast SEO plugin v27.3 - https:\/\/yoast.com\/product\/yoast-seo-wordpress\/ -->\n<title>Zdrowie i dobre samopoczucie - Irish College of English<\/title>\n<meta name=\"robots\" content=\"index, follow, max-snippet:-1, max-image-preview:large, max-video-preview:-1\" \/>\n<link rel=\"canonical\" href=\"https:\/\/www.iceireland.com\/pl\/health-and-wellbeing\/\" \/>\n<meta property=\"og:locale\" content=\"pl_PL\" \/>\n<meta property=\"og:type\" content=\"article\" \/>\n<meta property=\"og:title\" content=\"Zdrowie i dobre samopoczucie - Irish College of English\" \/>\n<meta property=\"og:description\" content=\"Zdrowie i dobre samopoczucie Dobre samopoczucie student\u00f3w Nasza polityka opieki spo\u0142ecznej dla student\u00f3w zapewnia, \u017ce mamy wyznaczonego urz\u0119dnika ds. opieki spo\u0142ecznej dla student\u00f3w, kt\u00f3ry pomaga studentom w nag\u0142ych wypadkach i trudno\u015bciach. W razie potrzeby zapewniamy us\u0142ugi skierowania do specjalistycznej opieki w zakresie zdrowia psychicznego. Oferujemy wskaz\u00f3wki dotycz\u0105ce dost\u0119pu do us\u0142ug opieki zdrowotnej w Irlandii i [&hellip;]\" \/>\n<meta property=\"og:url\" content=\"https:\/\/www.iceireland.com\/pl\/health-and-wellbeing\/\" \/>\n<meta property=\"og:site_name\" content=\"Irish College of English\" \/>\n<meta property=\"article:modified_time\" content=\"2026-01-30T18:25:52+00:00\" \/>\n<meta property=\"og:image\" content=\"https:\/\/www.iceireland.com\/wp-content\/uploads\/2025\/11\/Student-Support-ICE.png\" \/>\n\t<meta property=\"og:image:width\" content=\"1655\" \/>\n\t<meta property=\"og:image:height\" content=\"2340\" \/>\n\t<meta property=\"og:image:type\" content=\"image\/png\" \/>\n<meta name=\"twitter:label1\" content=\"Szacowany czas czytania\" \/>\n\t<meta name=\"twitter:data1\" content=\"5 minut\" \/>\n<script type=\"application\/ld+json\" class=\"yoast-schema-graph\">{\"@context\":\"https:\\\/\\\/schema.org\",\"@graph\":[{\"@type\":\"WebPage\",\"@id\":\"https:\\\/\\\/www.iceireland.com\\\/pl\\\/health-and-wellbeing\\\/\",\"url\":\"https:\\\/\\\/www.iceireland.com\\\/pl\\\/health-and-wellbeing\\\/\",\"name\":\"Zdrowie i dobre samopoczucie - Irish College of English\",\"isPartOf\":{\"@id\":\"https:\\\/\\\/www.iceireland.com\\\/pl\\\/#website\"},\"primaryImageOfPage\":{\"@id\":\"https:\\\/\\\/www.iceireland.com\\\/pl\\\/health-and-wellbeing\\\/#primaryimage\"},\"image\":{\"@id\":\"https:\\\/\\\/www.iceireland.com\\\/pl\\\/health-and-wellbeing\\\/#primaryimage\"},\"thumbnailUrl\":\"https:\\\/\\\/www.iceireland.com\\\/wp-content\\\/uploads\\\/2025\\\/11\\\/Student-Support-ICE-1448x2048.png\",\"datePublished\":\"2025-08-27T17:58:07+00:00\",\"dateModified\":\"2026-01-30T18:25:52+00:00\",\"breadcrumb\":{\"@id\":\"https:\\\/\\\/www.iceireland.com\\\/pl\\\/health-and-wellbeing\\\/#breadcrumb\"},\"inLanguage\":\"pl-PL\",\"potentialAction\":[{\"@type\":\"ReadAction\",\"target\":[\"https:\\\/\\\/www.iceireland.com\\\/pl\\\/health-and-wellbeing\\\/\"]}]},{\"@type\":\"ImageObject\",\"inLanguage\":\"pl-PL\",\"@id\":\"https:\\\/\\\/www.iceireland.com\\\/pl\\\/health-and-wellbeing\\\/#primaryimage\",\"url\":\"https:\\\/\\\/www.iceireland.com\\\/wp-content\\\/uploads\\\/2025\\\/11\\\/Student-Support-ICE-1448x2048.png\",\"contentUrl\":\"https:\\\/\\\/www.iceireland.com\\\/wp-content\\\/uploads\\\/2025\\\/11\\\/Student-Support-ICE-1448x2048.png\"},{\"@type\":\"BreadcrumbList\",\"@id\":\"https:\\\/\\\/www.iceireland.com\\\/pl\\\/health-and-wellbeing\\\/#breadcrumb\",\"itemListElement\":[{\"@type\":\"ListItem\",\"position\":1,\"name\":\"Home\",\"item\":\"https:\\\/\\\/www.iceireland.com\\\/pl\\\/\"},{\"@type\":\"ListItem\",\"position\":2,\"name\":\"Zdrowie i dobre samopoczucie\"}]},{\"@type\":\"WebSite\",\"@id\":\"https:\\\/\\\/www.iceireland.com\\\/pl\\\/#website\",\"url\":\"https:\\\/\\\/www.iceireland.com\\\/pl\\\/\",\"name\":\"Irish College of English\",\"description\":\"English School in Dublin, Malahide\",\"publisher\":{\"@id\":\"https:\\\/\\\/www.iceireland.com\\\/pl\\\/#organization\"},\"potentialAction\":[{\"@type\":\"SearchAction\",\"target\":{\"@type\":\"EntryPoint\",\"urlTemplate\":\"https:\\\/\\\/www.iceireland.com\\\/pl\\\/?s={search_term_string}\"},\"query-input\":{\"@type\":\"PropertyValueSpecification\",\"valueRequired\":true,\"valueName\":\"search_term_string\"}}],\"inLanguage\":\"pl-PL\"},{\"@type\":\"Organization\",\"@id\":\"https:\\\/\\\/www.iceireland.com\\\/pl\\\/#organization\",\"name\":\"Irish College of English\",\"url\":\"https:\\\/\\\/www.iceireland.com\\\/pl\\\/\",\"logo\":{\"@type\":\"ImageObject\",\"inLanguage\":\"pl-PL\",\"@id\":\"https:\\\/\\\/www.iceireland.com\\\/pl\\\/#\\\/schema\\\/logo\\\/image\\\/\",\"url\":\"https:\\\/\\\/www.iceireland.com\\\/wp-content\\\/uploads\\\/2022\\\/03\\\/logo.png\",\"contentUrl\":\"https:\\\/\\\/www.iceireland.com\\\/wp-content\\\/uploads\\\/2022\\\/03\\\/logo.png\",\"width\":593,\"height\":92,\"caption\":\"Irish College of English\"},\"image\":{\"@id\":\"https:\\\/\\\/www.iceireland.com\\\/pl\\\/#\\\/schema\\\/logo\\\/image\\\/\"}}]}<\/script>\n<!-- \/ Yoast SEO plugin. -->","yoast_head_json":{"title":"Zdrowie i dobre samopoczucie - Irish College of English","robots":{"index":"index","follow":"follow","max-snippet":"max-snippet:-1","max-image-preview":"max-image-preview:large","max-video-preview":"max-video-preview:-1"},"canonical":"https:\/\/www.iceireland.com\/pl\/health-and-wellbeing\/","og_locale":"pl_PL","og_type":"article","og_title":"Zdrowie i dobre samopoczucie - Irish College of English","og_description":"Zdrowie i dobre samopoczucie Dobre samopoczucie student\u00f3w Nasza polityka opieki spo\u0142ecznej dla student\u00f3w zapewnia, \u017ce mamy wyznaczonego urz\u0119dnika ds. opieki spo\u0142ecznej dla student\u00f3w, kt\u00f3ry pomaga studentom w nag\u0142ych wypadkach i trudno\u015bciach. W razie potrzeby zapewniamy us\u0142ugi skierowania do specjalistycznej opieki w zakresie zdrowia psychicznego. Oferujemy wskaz\u00f3wki dotycz\u0105ce dost\u0119pu do us\u0142ug opieki zdrowotnej w Irlandii i [&hellip;]","og_url":"https:\/\/www.iceireland.com\/pl\/health-and-wellbeing\/","og_site_name":"Irish College of English","article_modified_time":"2026-01-30T18:25:52+00:00","og_image":[{"width":1655,"height":2340,"url":"https:\/\/www.iceireland.com\/wp-content\/uploads\/2025\/11\/Student-Support-ICE.png","type":"image\/png"}],"twitter_misc":{"Szacowany czas czytania":"5 minut"},"schema":{"@context":"https:\/\/schema.org","@graph":[{"@type":"WebPage","@id":"https:\/\/www.iceireland.com\/pl\/health-and-wellbeing\/","url":"https:\/\/www.iceireland.com\/pl\/health-and-wellbeing\/","name":"Zdrowie i dobre samopoczucie - Irish College of English","isPartOf":{"@id":"https:\/\/www.iceireland.com\/pl\/#website"},"primaryImageOfPage":{"@id":"https:\/\/www.iceireland.com\/pl\/health-and-wellbeing\/#primaryimage"},"image":{"@id":"https:\/\/www.iceireland.com\/pl\/health-and-wellbeing\/#primaryimage"},"thumbnailUrl":"https:\/\/www.iceireland.com\/wp-content\/uploads\/2025\/11\/Student-Support-ICE-1448x2048.png","datePublished":"2025-08-27T17:58:07+00:00","dateModified":"2026-01-30T18:25:52+00:00","breadcrumb":{"@id":"https:\/\/www.iceireland.com\/pl\/health-and-wellbeing\/#breadcrumb"},"inLanguage":"pl-PL","potentialAction":[{"@type":"ReadAction","target":["https:\/\/www.iceireland.com\/pl\/health-and-wellbeing\/"]}]},{"@type":"ImageObject","inLanguage":"pl-PL","@id":"https:\/\/www.iceireland.com\/pl\/health-and-wellbeing\/#primaryimage","url":"https:\/\/www.iceireland.com\/wp-content\/uploads\/2025\/11\/Student-Support-ICE-1448x2048.png","contentUrl":"https:\/\/www.iceireland.com\/wp-content\/uploads\/2025\/11\/Student-Support-ICE-1448x2048.png"},{"@type":"BreadcrumbList","@id":"https:\/\/www.iceireland.com\/pl\/health-and-wellbeing\/#breadcrumb","itemListElement":[{"@type":"ListItem","position":1,"name":"Home","item":"https:\/\/www.iceireland.com\/pl\/"},{"@type":"ListItem","position":2,"name":"Zdrowie i dobre samopoczucie"}]},{"@type":"WebSite","@id":"https:\/\/www.iceireland.com\/pl\/#website","url":"https:\/\/www.iceireland.com\/pl\/","name":"Irish College of English","description":"English School in Dublin, Malahide","publisher":{"@id":"https:\/\/www.iceireland.com\/pl\/#organization"},"potentialAction":[{"@type":"SearchAction","target":{"@type":"EntryPoint","urlTemplate":"https:\/\/www.iceireland.com\/pl\/?s={search_term_string}"},"query-input":{"@type":"PropertyValueSpecification","valueRequired":true,"valueName":"search_term_string"}}],"inLanguage":"pl-PL"},{"@type":"Organization","@id":"https:\/\/www.iceireland.com\/pl\/#organization","name":"Irish College of English","url":"https:\/\/www.iceireland.com\/pl\/","logo":{"@type":"ImageObject","inLanguage":"pl-PL","@id":"https:\/\/www.iceireland.com\/pl\/#\/schema\/logo\/image\/","url":"https:\/\/www.iceireland.com\/wp-content\/uploads\/2022\/03\/logo.png","contentUrl":"https:\/\/www.iceireland.com\/wp-content\/uploads\/2022\/03\/logo.png","width":593,"height":92,"caption":"Irish College of English"},"image":{"@id":"https:\/\/www.iceireland.com\/pl\/#\/schema\/logo\/image\/"}}]}},"_links":{"self":[{"href":"https:\/\/www.iceireland.com\/pl\/wp-json\/wp\/v2\/pages\/33095","targetHints":{"allow":["GET"]}}],"collection":[{"href":"https:\/\/www.iceireland.com\/pl\/wp-json\/wp\/v2\/pages"}],"about":[{"href":"https:\/\/www.iceireland.com\/pl\/wp-json\/wp\/v2\/types\/page"}],"author":[{"embeddable":true,"href":"https:\/\/www.iceireland.com\/pl\/wp-json\/wp\/v2\/users\/3"}],"replies":[{"embeddable":true,"href":"https:\/\/www.iceireland.com\/pl\/wp-json\/wp\/v2\/comments?post=33095"}],"version-history":[{"count":1,"href":"https:\/\/www.iceireland.com\/pl\/wp-json\/wp\/v2\/pages\/33095\/revisions"}],"predecessor-version":[{"id":33097,"href":"https:\/\/www.iceireland.com\/pl\/wp-json\/wp\/v2\/pages\/33095\/revisions\/33097"}],"wp:attachment":[{"href":"https:\/\/www.iceireland.com\/pl\/wp-json\/wp\/v2\/media?parent=33095"}],"curies":[{"name":"wp","href":"https:\/\/api.w.org\/{rel}","templated":true}]}}