{"id":33102,"date":"2025-07-28T10:34:51","date_gmt":"2025-07-28T10:34:51","guid":{"rendered":"https:\/\/www.iceireland.com\/student-handbooks-pre-arrival-information\/"},"modified":"2026-01-30T18:25:59","modified_gmt":"2026-01-30T18:25:59","slug":"student-handbooks-pre-arrival-information","status":"publish","type":"page","link":"https:\/\/www.iceireland.com\/pl\/student-handbooks-pre-arrival-information\/","title":{"rendered":"Podr\u0119czniki dla student\u00f3w i informacje przed przyjazdem"},"content":{"rendered":"\t\t<div data-elementor-type=\"wp-page\" data-elementor-id=\"33102\" class=\"elementor elementor-33102 elementor-29704\" data-elementor-post-type=\"page\">\n\t\t\t\t\t\t<section class=\"elementor-section elementor-top-section elementor-element elementor-element-6040813 elementor-section-boxed elementor-section-height-default elementor-section-height-default\" data-id=\"6040813\" data-element_type=\"section\" data-e-type=\"section\">\n\t\t\t\t\t\t<div class=\"elementor-container elementor-column-gap-default\">\n\t\t\t\t\t<div class=\"elementor-column elementor-col-100 elementor-top-column elementor-element elementor-element-4256457\" data-id=\"4256457\" data-element_type=\"column\" data-e-type=\"column\">\n\t\t\t<div class=\"elementor-widget-wrap elementor-element-populated\">\n\t\t\t\t\t\t<div class=\"elementor-element elementor-element-82382b1 elementor-widget elementor-widget-text-editor\" data-id=\"82382b1\" data-element_type=\"widget\" data-e-type=\"widget\" data-widget_type=\"text-editor.default\">\n\t\t\t\t<div class=\"elementor-widget-container\">\n\t\t\t\t\t\t\t\t\t<h2>Podr\u0119cznik studenta i przed przyjazdem<\/h2><p class=\"MsoNormal\"><span lang=\"EN-GB\">Informacje przed przyjazdem:<\/span><\/p><ul style=\"margin-top: 0cm;\" type=\"disc\"><li class=\"MsoNormal\"><span lang=\"EN-GB\">Dostarcza szczeg\u00f3\u0142owych informacji potencjalnym studentom za po\u015brednictwem publicznych materia\u0142\u00f3w marketingowych, w tym broszur, tre\u015bci stron internetowych i platform medi\u00f3w spo\u0142eczno\u015bciowych.<\/span><\/li><\/ul><ul style=\"margin-top: 0cm;\" type=\"disc\"><li class=\"MsoNormal\"><span lang=\"EN-GB\">Przed przyjazdem studenci otrzymuj\u0105 wa\u017cne materia\u0142y, w tym szczeg\u00f3\u0142y dotycz\u0105ce zakwaterowania, kontakt\u00f3w w nag\u0142ych wypadkach, procedur przyjazdu, harmonogram\u00f3w, transfer\u00f3w lotniskowych i test\u00f3w przed przyjazdem.<\/span><\/li><\/ul><ul style=\"margin-top: 0cm;\" type=\"disc\"><li class=\"MsoNormal\"><span lang=\"EN-GB\">Wszyscy uczniowie otrzymaj\u0105 r\u00f3wnie\u017c podr\u0119cznik ucznia przed przyjazdem.  <\/span><\/li><\/ul>\t\t\t\t\t\t\t\t<\/div>\n\t\t\t\t<\/div>\n\t\t\t\t\t<\/div>\n\t\t<\/div>\n\t\t\t\t\t<\/div>\n\t\t<\/section>\n\t\t\t\t<section class=\"elementor-section elementor-top-section elementor-element elementor-element-1e4ce2d elementor-section-boxed elementor-section-height-default elementor-section-height-default\" data-id=\"1e4ce2d\" data-element_type=\"section\" data-e-type=\"section\">\n\t\t\t\t\t\t<div class=\"elementor-container elementor-column-gap-default\">\n\t\t\t\t\t<div class=\"elementor-column elementor-col-100 elementor-top-column elementor-element elementor-element-f85982c\" data-id=\"f85982c\" data-element_type=\"column\" data-e-type=\"column\">\n\t\t\t<div class=\"elementor-widget-wrap elementor-element-populated\">\n\t\t\t\t\t\t<div class=\"elementor-element elementor-element-189f343 elementor-widget elementor-widget-spacer\" data-id=\"189f343\" data-element_type=\"widget\" data-e-type=\"widget\" data-widget_type=\"spacer.default\">\n\t\t\t\t<div class=\"elementor-widget-container\">\n\t\t\t\t\t\t\t<div class=\"elementor-spacer\">\n\t\t\t<div class=\"elementor-spacer-inner\"><\/div>\n\t\t<\/div>\n\t\t\t\t\t\t<\/div>\n\t\t\t\t<\/div>\n\t\t\t\t\t<\/div>\n\t\t<\/div>\n\t\t\t\t\t<\/div>\n\t\t<\/section>\n\t\t\t\t<\/div>\n\t\t","protected":false},"excerpt":{"rendered":"<p>Podr\u0119cznik studenta i przed przyjazdem Informacje przed przyjazdem: Dostarcza szczeg\u00f3\u0142owych informacji potencjalnym studentom za po\u015brednictwem publicznych materia\u0142\u00f3w marketingowych, w tym broszur, tre\u015bci stron internetowych i platform medi\u00f3w spo\u0142eczno\u015bciowych. Przed przyjazdem studenci otrzymuj\u0105 wa\u017cne materia\u0142y, w tym szczeg\u00f3\u0142y dotycz\u0105ce zakwaterowania, kontakt\u00f3w w nag\u0142ych wypadkach, procedur przyjazdu, harmonogram\u00f3w, transfer\u00f3w lotniskowych i test\u00f3w przed przyjazdem. Wszyscy uczniowie otrzymaj\u0105 [&hellip;]<\/p>\n","protected":false},"author":3,"featured_media":0,"parent":0,"menu_order":0,"comment_status":"closed","ping_status":"closed","template":"","meta":{"content-type":"","footnotes":""},"class_list":["post-33102","page","type-page","status-publish","hentry"],"yoast_head":"<!-- This site is optimized with the Yoast SEO plugin v27.3 - https:\/\/yoast.com\/product\/yoast-seo-wordpress\/ -->\n<title>Podr\u0119czniki dla student\u00f3w i informacje przed przyjazdem - Irish College of English<\/title>\n<meta name=\"robots\" content=\"index, follow, max-snippet:-1, max-image-preview:large, max-video-preview:-1\" \/>\n<link rel=\"canonical\" href=\"https:\/\/www.iceireland.com\/pl\/student-handbooks-pre-arrival-information\/\" \/>\n<meta property=\"og:locale\" content=\"pl_PL\" \/>\n<meta property=\"og:type\" content=\"article\" \/>\n<meta property=\"og:title\" content=\"Podr\u0119czniki dla student\u00f3w i informacje przed przyjazdem - Irish College of English\" \/>\n<meta property=\"og:description\" content=\"Podr\u0119cznik studenta i przed przyjazdem Informacje przed przyjazdem: Dostarcza szczeg\u00f3\u0142owych informacji potencjalnym studentom za po\u015brednictwem publicznych materia\u0142\u00f3w marketingowych, w tym broszur, tre\u015bci stron internetowych i platform medi\u00f3w spo\u0142eczno\u015bciowych. Przed przyjazdem studenci otrzymuj\u0105 wa\u017cne materia\u0142y, w tym szczeg\u00f3\u0142y dotycz\u0105ce zakwaterowania, kontakt\u00f3w w nag\u0142ych wypadkach, procedur przyjazdu, harmonogram\u00f3w, transfer\u00f3w lotniskowych i test\u00f3w przed przyjazdem. Wszyscy uczniowie otrzymaj\u0105 [&hellip;]\" \/>\n<meta property=\"og:url\" content=\"https:\/\/www.iceireland.com\/pl\/student-handbooks-pre-arrival-information\/\" \/>\n<meta property=\"og:site_name\" content=\"Irish College of English\" \/>\n<meta property=\"article:modified_time\" content=\"2026-01-30T18:25:59+00:00\" \/>\n<script type=\"application\/ld+json\" class=\"yoast-schema-graph\">{\"@context\":\"https:\\\/\\\/schema.org\",\"@graph\":[{\"@type\":\"WebPage\",\"@id\":\"https:\\\/\\\/www.iceireland.com\\\/pl\\\/student-handbooks-pre-arrival-information\\\/\",\"url\":\"https:\\\/\\\/www.iceireland.com\\\/pl\\\/student-handbooks-pre-arrival-information\\\/\",\"name\":\"Podr\u0119czniki dla student\u00f3w i informacje przed przyjazdem - Irish College of English\",\"isPartOf\":{\"@id\":\"https:\\\/\\\/www.iceireland.com\\\/pl\\\/#website\"},\"datePublished\":\"2025-07-28T10:34:51+00:00\",\"dateModified\":\"2026-01-30T18:25:59+00:00\",\"breadcrumb\":{\"@id\":\"https:\\\/\\\/www.iceireland.com\\\/pl\\\/student-handbooks-pre-arrival-information\\\/#breadcrumb\"},\"inLanguage\":\"pl-PL\",\"potentialAction\":[{\"@type\":\"ReadAction\",\"target\":[\"https:\\\/\\\/www.iceireland.com\\\/pl\\\/student-handbooks-pre-arrival-information\\\/\"]}]},{\"@type\":\"BreadcrumbList\",\"@id\":\"https:\\\/\\\/www.iceireland.com\\\/pl\\\/student-handbooks-pre-arrival-information\\\/#breadcrumb\",\"itemListElement\":[{\"@type\":\"ListItem\",\"position\":1,\"name\":\"Home\",\"item\":\"https:\\\/\\\/www.iceireland.com\\\/pl\\\/\"},{\"@type\":\"ListItem\",\"position\":2,\"name\":\"Podr\u0119czniki dla student\u00f3w i informacje przed przyjazdem\"}]},{\"@type\":\"WebSite\",\"@id\":\"https:\\\/\\\/www.iceireland.com\\\/pl\\\/#website\",\"url\":\"https:\\\/\\\/www.iceireland.com\\\/pl\\\/\",\"name\":\"Irish College of English\",\"description\":\"English School in Dublin, Malahide\",\"publisher\":{\"@id\":\"https:\\\/\\\/www.iceireland.com\\\/pl\\\/#organization\"},\"potentialAction\":[{\"@type\":\"SearchAction\",\"target\":{\"@type\":\"EntryPoint\",\"urlTemplate\":\"https:\\\/\\\/www.iceireland.com\\\/pl\\\/?s={search_term_string}\"},\"query-input\":{\"@type\":\"PropertyValueSpecification\",\"valueRequired\":true,\"valueName\":\"search_term_string\"}}],\"inLanguage\":\"pl-PL\"},{\"@type\":\"Organization\",\"@id\":\"https:\\\/\\\/www.iceireland.com\\\/pl\\\/#organization\",\"name\":\"Irish College of English\",\"url\":\"https:\\\/\\\/www.iceireland.com\\\/pl\\\/\",\"logo\":{\"@type\":\"ImageObject\",\"inLanguage\":\"pl-PL\",\"@id\":\"https:\\\/\\\/www.iceireland.com\\\/pl\\\/#\\\/schema\\\/logo\\\/image\\\/\",\"url\":\"https:\\\/\\\/www.iceireland.com\\\/wp-content\\\/uploads\\\/2022\\\/03\\\/logo.png\",\"contentUrl\":\"https:\\\/\\\/www.iceireland.com\\\/wp-content\\\/uploads\\\/2022\\\/03\\\/logo.png\",\"width\":593,\"height\":92,\"caption\":\"Irish College of English\"},\"image\":{\"@id\":\"https:\\\/\\\/www.iceireland.com\\\/pl\\\/#\\\/schema\\\/logo\\\/image\\\/\"}}]}<\/script>\n<!-- \/ Yoast SEO plugin. -->","yoast_head_json":{"title":"Podr\u0119czniki dla student\u00f3w i informacje przed przyjazdem - Irish College of English","robots":{"index":"index","follow":"follow","max-snippet":"max-snippet:-1","max-image-preview":"max-image-preview:large","max-video-preview":"max-video-preview:-1"},"canonical":"https:\/\/www.iceireland.com\/pl\/student-handbooks-pre-arrival-information\/","og_locale":"pl_PL","og_type":"article","og_title":"Podr\u0119czniki dla student\u00f3w i informacje przed przyjazdem - Irish College of English","og_description":"Podr\u0119cznik studenta i przed przyjazdem Informacje przed przyjazdem: Dostarcza szczeg\u00f3\u0142owych informacji potencjalnym studentom za po\u015brednictwem publicznych materia\u0142\u00f3w marketingowych, w tym broszur, tre\u015bci stron internetowych i platform medi\u00f3w spo\u0142eczno\u015bciowych. Przed przyjazdem studenci otrzymuj\u0105 wa\u017cne materia\u0142y, w tym szczeg\u00f3\u0142y dotycz\u0105ce zakwaterowania, kontakt\u00f3w w nag\u0142ych wypadkach, procedur przyjazdu, harmonogram\u00f3w, transfer\u00f3w lotniskowych i test\u00f3w przed przyjazdem. Wszyscy uczniowie otrzymaj\u0105 [&hellip;]","og_url":"https:\/\/www.iceireland.com\/pl\/student-handbooks-pre-arrival-information\/","og_site_name":"Irish College of English","article_modified_time":"2026-01-30T18:25:59+00:00","schema":{"@context":"https:\/\/schema.org","@graph":[{"@type":"WebPage","@id":"https:\/\/www.iceireland.com\/pl\/student-handbooks-pre-arrival-information\/","url":"https:\/\/www.iceireland.com\/pl\/student-handbooks-pre-arrival-information\/","name":"Podr\u0119czniki dla student\u00f3w i informacje przed przyjazdem - Irish College of English","isPartOf":{"@id":"https:\/\/www.iceireland.com\/pl\/#website"},"datePublished":"2025-07-28T10:34:51+00:00","dateModified":"2026-01-30T18:25:59+00:00","breadcrumb":{"@id":"https:\/\/www.iceireland.com\/pl\/student-handbooks-pre-arrival-information\/#breadcrumb"},"inLanguage":"pl-PL","potentialAction":[{"@type":"ReadAction","target":["https:\/\/www.iceireland.com\/pl\/student-handbooks-pre-arrival-information\/"]}]},{"@type":"BreadcrumbList","@id":"https:\/\/www.iceireland.com\/pl\/student-handbooks-pre-arrival-information\/#breadcrumb","itemListElement":[{"@type":"ListItem","position":1,"name":"Home","item":"https:\/\/www.iceireland.com\/pl\/"},{"@type":"ListItem","position":2,"name":"Podr\u0119czniki dla student\u00f3w i informacje przed przyjazdem"}]},{"@type":"WebSite","@id":"https:\/\/www.iceireland.com\/pl\/#website","url":"https:\/\/www.iceireland.com\/pl\/","name":"Irish College of English","description":"English School in Dublin, Malahide","publisher":{"@id":"https:\/\/www.iceireland.com\/pl\/#organization"},"potentialAction":[{"@type":"SearchAction","target":{"@type":"EntryPoint","urlTemplate":"https:\/\/www.iceireland.com\/pl\/?s={search_term_string}"},"query-input":{"@type":"PropertyValueSpecification","valueRequired":true,"valueName":"search_term_string"}}],"inLanguage":"pl-PL"},{"@type":"Organization","@id":"https:\/\/www.iceireland.com\/pl\/#organization","name":"Irish College of English","url":"https:\/\/www.iceireland.com\/pl\/","logo":{"@type":"ImageObject","inLanguage":"pl-PL","@id":"https:\/\/www.iceireland.com\/pl\/#\/schema\/logo\/image\/","url":"https:\/\/www.iceireland.com\/wp-content\/uploads\/2022\/03\/logo.png","contentUrl":"https:\/\/www.iceireland.com\/wp-content\/uploads\/2022\/03\/logo.png","width":593,"height":92,"caption":"Irish College of English"},"image":{"@id":"https:\/\/www.iceireland.com\/pl\/#\/schema\/logo\/image\/"}}]}},"_links":{"self":[{"href":"https:\/\/www.iceireland.com\/pl\/wp-json\/wp\/v2\/pages\/33102","targetHints":{"allow":["GET"]}}],"collection":[{"href":"https:\/\/www.iceireland.com\/pl\/wp-json\/wp\/v2\/pages"}],"about":[{"href":"https:\/\/www.iceireland.com\/pl\/wp-json\/wp\/v2\/types\/page"}],"author":[{"embeddable":true,"href":"https:\/\/www.iceireland.com\/pl\/wp-json\/wp\/v2\/users\/3"}],"replies":[{"embeddable":true,"href":"https:\/\/www.iceireland.com\/pl\/wp-json\/wp\/v2\/comments?post=33102"}],"version-history":[{"count":1,"href":"https:\/\/www.iceireland.com\/pl\/wp-json\/wp\/v2\/pages\/33102\/revisions"}],"predecessor-version":[{"id":33104,"href":"https:\/\/www.iceireland.com\/pl\/wp-json\/wp\/v2\/pages\/33102\/revisions\/33104"}],"wp:attachment":[{"href":"https:\/\/www.iceireland.com\/pl\/wp-json\/wp\/v2\/media?parent=33102"}],"curies":[{"name":"wp","href":"https:\/\/api.w.org\/{rel}","templated":true}]}}