{"id":33155,"date":"2024-08-14T09:14:18","date_gmt":"2024-08-14T09:14:18","guid":{"rendered":"https:\/\/www.iceireland.com\/access-transfer-and-progression-adult-courses\/"},"modified":"2026-01-30T18:26:26","modified_gmt":"2026-01-30T18:26:26","slug":"access-transfer-and-progression-adult-courses","status":"publish","type":"page","link":"https:\/\/www.iceireland.com\/pl\/access-transfer-and-progression-adult-courses\/","title":{"rendered":"Dost\u0119p, transfer i progresja &#8211; kursy dla doros\u0142ych"},"content":{"rendered":"\t\t<div data-elementor-type=\"wp-page\" data-elementor-id=\"33155\" class=\"elementor elementor-33155 elementor-27311\" data-elementor-post-type=\"page\">\n\t\t\t\t\t\t<section class=\"elementor-section elementor-top-section elementor-element elementor-element-3e74ae5 elementor-section-boxed elementor-section-height-default elementor-section-height-default\" data-id=\"3e74ae5\" data-element_type=\"section\" data-e-type=\"section\">\n\t\t\t\t\t\t<div class=\"elementor-container elementor-column-gap-default\">\n\t\t\t\t\t<div class=\"elementor-column elementor-col-100 elementor-top-column elementor-element elementor-element-f15b9c2\" data-id=\"f15b9c2\" data-element_type=\"column\" data-e-type=\"column\">\n\t\t\t<div class=\"elementor-widget-wrap elementor-element-populated\">\n\t\t\t\t\t\t<div class=\"elementor-element elementor-element-de548c2 elementor-widget elementor-widget-text-editor\" data-id=\"de548c2\" data-element_type=\"widget\" data-e-type=\"widget\" data-widget_type=\"text-editor.default\">\n\t\t\t\t<div class=\"elementor-widget-container\">\n\t\t\t\t\t\t\t\t\t<h2><strong>Dost\u0119p, transfer i progresja &#8211; kursy dla doros\u0142ych<\/strong><\/h2><p><strong>Dost\u0119p<\/strong><\/p><p>Kryteria przyj\u0119cia:<\/p><p>Nasz proces rekrutacji zosta\u0142 zaprojektowany tak, aby by\u0142 inkluzywny i przejrzysty, przestrzegaj\u0105c jasnych kryteri\u00f3w zar\u00f3wno dla m\u0142odszych, jak i doros\u0142ych uczni\u00f3w, zapewniaj\u0105c r\u00f3wne szanse wszystkim kandydatom. Informacje o naszych programach i procedurach rekrutacyjnych s\u0105 przekazywane w spos\u00f3b jasny i \u0142atwo dost\u0119pne dla potencjalnych uczni\u00f3w, zapewniaj\u0105c przejrzysto\u015b\u0107 i dost\u0119pno\u015b\u0107. <\/p><ul><li>Informacje na temat naszych kurs\u00f3w s\u0105 dost\u0119pne na naszej stronie internetowej, a tak\u017ce w naszym zespole ds. zapis\u00f3w.<\/li><li>Uczniowie\/rodzice\/opiekunowie lub organizatorzy grup mog\u0105 sk\u0142ada\u0107 wnioski online za po\u015brednictwem naszego systemu rezerwacji lub formularza zapytania grupowego.<\/li><li>Czekamy r\u00f3wnie\u017c na bezpo\u015brednie zapytania i kontakt mailowy, telefoniczny lub osobisty w naszej szkole w Malahide<\/li><li>Zapewniamy kompleksowe informacje przed dokonaniem rezerwacji, w tym broszury, formularze rezerwacji i dodatkowe informacje.<\/li><\/ul><p>Wsparcie dla zr\u00f3\u017cnicowanych uczni\u00f3w:<\/p><p>Jeste\u015bmy zobowi\u0105zani do zapewnienia uczniom rozs\u0105dnych udogodnie\u0144 i us\u0142ug wsparcia i b\u0119dziemy ocenia\u0107 indywidualnie dla ka\u017cdego przypadku, jakie dodatkowe potrzeby mo\u017cemy wspiera\u0107 w ramach naszych program\u00f3w. Nasza polityka dotycz\u0105ca warunk\u00f3w medycznych i dodatkowych potrzeb jest dost\u0119pna do wgl\u0105du na naszej stronie internetowej w QA Manual dla wszystkich zainteresowanych stron.   <\/p><p> <\/p><p><strong>Transfer<\/strong><\/p><p>Transfer wewn\u0119trzny:<\/p><p>Uczniowie mog\u0105 wnioskowa\u0107 o wewn\u0119trzne przeniesienie mi\u0119dzy kursami lub poziomami, w zale\u017cno\u015bci od dost\u0119pno\u015bci i wykazanych umiej\u0119tno\u015bci ucznia.<\/p><p>Transfer zewn\u0119trzny:<\/p><p>Pro\u015bby uczni\u00f3w do\u0142\u0105czaj\u0105cych do nas z innych szk\u00f3\u0142 j\u0119zykowych lub instytucji b\u0119d\u0105 rozpatrywane indywidualnie, bior\u0105c pod uwag\u0119 wcze\u015bniejsz\u0105 znajomo\u015b\u0107 j\u0119zyka i tre\u015b\u0107 kursu.<\/p><p>Procedury transferu:<\/p><p>Uczniowie, kt\u00f3rzy chc\u0105 przenie\u015b\u0107 si\u0119 do innego programu lub na inny poziom, mog\u0105 poinformowa\u0107 o tym swojego nauczyciela lub recepcj\u0119. Mened\u017cer akademicki om\u00f3wi przeniesienie z nauczycielem w odniesieniu do jego akademickiej przydatno\u015bci do takiego przeniesienia oraz z operacjami dotycz\u0105cymi miejsc i podejmie decyzj\u0119, kt\u00f3r\u0105 przeka\u017ce uczniowi wraz z uzasadnieniem. <\/p><p> <\/p><p><strong>Progresja<\/strong><\/p><p>Post\u0119p akademicki:<\/p><p>Wspieramy rozw\u00f3j akademicki uczni\u00f3w w oparciu o pomy\u015blne uko\u0144czenie cel\u00f3w kursu zgodnych z CEFR.<\/p><p>Procedury progresji:<\/p><ul><li>Regularne oceny i informacje zwrotne b\u0119d\u0105 \u015bledzi\u0107 post\u0119py ucznia zgodnie z CEFR, a gdy nauczyciel uzna, \u017ce ucze\u0144 jest gotowy do przej\u015bcia na nast\u0119pny poziom, zostanie mu to zakomunikowane i wprowadzony zostanie odpowiedni plan.<\/li><li>Plakaty dotycz\u0105ce \u015bcie\u017cek rozwoju znajduj\u0105 si\u0119 na tablicach og\u0142osze\u0144 i w niekt\u00f3rych podr\u0119cznikach.<\/li><li>Po uko\u0144czeniu kursu uczestnicy otrzymuj\u0105 certyfikat bieg\u0142o\u015bci i indywidualny raport \u015bledz\u0105cy ich post\u0119py w odniesieniu do deskryptor\u00f3w &#8222;can do&#8221; w CEFR.<\/li><\/ul><p>Cel program\u00f3w kurs\u00f3w i zamierzone efekty uczenia si\u0119 s\u0105 opisane dla ka\u017cdego programu kursu.<\/p>\t\t\t\t\t\t\t\t<\/div>\n\t\t\t\t<\/div>\n\t\t\t\t\t<\/div>\n\t\t<\/div>\n\t\t\t\t\t<\/div>\n\t\t<\/section>\n\t\t\t\t<section class=\"elementor-section elementor-top-section elementor-element elementor-element-e7e679c elementor-section-boxed elementor-section-height-default elementor-section-height-default\" data-id=\"e7e679c\" data-element_type=\"section\" data-e-type=\"section\">\n\t\t\t\t\t\t<div class=\"elementor-container elementor-column-gap-default\">\n\t\t\t\t\t<div class=\"elementor-column elementor-col-100 elementor-top-column elementor-element elementor-element-c46311f\" data-id=\"c46311f\" data-element_type=\"column\" data-e-type=\"column\">\n\t\t\t<div class=\"elementor-widget-wrap elementor-element-populated\">\n\t\t\t\t\t\t<div class=\"elementor-element elementor-element-d944837 elementor-widget elementor-widget-spacer\" data-id=\"d944837\" data-element_type=\"widget\" data-e-type=\"widget\" data-widget_type=\"spacer.default\">\n\t\t\t\t<div class=\"elementor-widget-container\">\n\t\t\t\t\t\t\t<div class=\"elementor-spacer\">\n\t\t\t<div class=\"elementor-spacer-inner\"><\/div>\n\t\t<\/div>\n\t\t\t\t\t\t<\/div>\n\t\t\t\t<\/div>\n\t\t\t\t\t<\/div>\n\t\t<\/div>\n\t\t\t\t\t<\/div>\n\t\t<\/section>\n\t\t\t\t<section class=\"elementor-section elementor-top-section elementor-element elementor-element-8507fe4 elementor-section-boxed elementor-section-height-default elementor-section-height-default\" data-id=\"8507fe4\" data-element_type=\"section\" data-e-type=\"section\">\n\t\t\t\t\t\t<div class=\"elementor-container elementor-column-gap-default\">\n\t\t\t\t\t<div class=\"elementor-column elementor-col-100 elementor-top-column elementor-element elementor-element-5cedeef\" data-id=\"5cedeef\" data-element_type=\"column\" data-e-type=\"column\">\n\t\t\t<div class=\"elementor-widget-wrap elementor-element-populated\">\n\t\t\t\t\t\t<div class=\"elementor-element elementor-element-67ee8c4 elementor-widget elementor-widget-image\" data-id=\"67ee8c4\" data-element_type=\"widget\" data-e-type=\"widget\" data-widget_type=\"image.default\">\n\t\t\t\t<div class=\"elementor-widget-container\">\n\t\t\t\t\t\t\t\t\t\t\t\t\t\t\t<img fetchpriority=\"high\" decoding=\"async\" width=\"800\" height=\"566\" src=\"https:\/\/www.iceireland.com\/wp-content\/uploads\/2025\/11\/Adult-Student-CEFR-pathway-at-ICE-1024x724.png\" class=\"attachment-large size-large wp-image-31620\" alt=\"\" srcset=\"https:\/\/www.iceireland.com\/wp-content\/uploads\/2025\/11\/Adult-Student-CEFR-pathway-at-ICE-1024x724.png 1024w, https:\/\/www.iceireland.com\/wp-content\/uploads\/2025\/11\/Adult-Student-CEFR-pathway-at-ICE-300x212.png 300w, https:\/\/www.iceireland.com\/wp-content\/uploads\/2025\/11\/Adult-Student-CEFR-pathway-at-ICE-768x543.png 768w, https:\/\/www.iceireland.com\/wp-content\/uploads\/2025\/11\/Adult-Student-CEFR-pathway-at-ICE-1536x1086.png 1536w, https:\/\/www.iceireland.com\/wp-content\/uploads\/2025\/11\/Adult-Student-CEFR-pathway-at-ICE-2048x1448.png 2048w\" sizes=\"(max-width: 800px) 100vw, 800px\" \/>\t\t\t\t\t\t\t\t\t\t\t\t\t\t\t<\/div>\n\t\t\t\t<\/div>\n\t\t\t\t\t<\/div>\n\t\t<\/div>\n\t\t\t\t\t<\/div>\n\t\t<\/section>\n\t\t\t\t<section class=\"elementor-section elementor-top-section elementor-element elementor-element-ca5c80e elementor-section-boxed elementor-section-height-default elementor-section-height-default\" data-id=\"ca5c80e\" data-element_type=\"section\" data-e-type=\"section\">\n\t\t\t\t\t\t<div class=\"elementor-container elementor-column-gap-default\">\n\t\t\t\t\t<div class=\"elementor-column elementor-col-100 elementor-top-column elementor-element elementor-element-856ef30\" data-id=\"856ef30\" data-element_type=\"column\" data-e-type=\"column\">\n\t\t\t<div class=\"elementor-widget-wrap elementor-element-populated\">\n\t\t\t\t\t\t<div class=\"elementor-element elementor-element-dc8efe8 elementor-widget elementor-widget-spacer\" data-id=\"dc8efe8\" data-element_type=\"widget\" data-e-type=\"widget\" data-widget_type=\"spacer.default\">\n\t\t\t\t<div class=\"elementor-widget-container\">\n\t\t\t\t\t\t\t<div class=\"elementor-spacer\">\n\t\t\t<div class=\"elementor-spacer-inner\"><\/div>\n\t\t<\/div>\n\t\t\t\t\t\t<\/div>\n\t\t\t\t<\/div>\n\t\t\t\t\t<\/div>\n\t\t<\/div>\n\t\t\t\t\t<\/div>\n\t\t<\/section>\n\t\t\t\t<\/div>\n\t\t","protected":false},"excerpt":{"rendered":"<p>Dost\u0119p, transfer i progresja &#8211; kursy dla doros\u0142ych Dost\u0119p Kryteria przyj\u0119cia: Nasz proces rekrutacji zosta\u0142 zaprojektowany tak, aby by\u0142 inkluzywny i przejrzysty, przestrzegaj\u0105c jasnych kryteri\u00f3w zar\u00f3wno dla m\u0142odszych, jak i doros\u0142ych uczni\u00f3w, zapewniaj\u0105c r\u00f3wne szanse wszystkim kandydatom. Informacje o naszych programach i procedurach rekrutacyjnych s\u0105 przekazywane w spos\u00f3b jasny i \u0142atwo dost\u0119pne dla potencjalnych uczni\u00f3w, [&hellip;]<\/p>\n","protected":false},"author":3,"featured_media":0,"parent":0,"menu_order":0,"comment_status":"closed","ping_status":"closed","template":"","meta":{"content-type":"","footnotes":""},"class_list":["post-33155","page","type-page","status-publish","hentry"],"yoast_head":"<!-- This site is optimized with the Yoast SEO plugin v27.3 - https:\/\/yoast.com\/product\/yoast-seo-wordpress\/ -->\n<title>Dost\u0119p, transfer i progresja - kursy dla doros\u0142ych - Irish College of English<\/title>\n<meta name=\"robots\" content=\"index, follow, max-snippet:-1, max-image-preview:large, max-video-preview:-1\" \/>\n<link rel=\"canonical\" href=\"https:\/\/www.iceireland.com\/pl\/access-transfer-and-progression-adult-courses\/\" \/>\n<meta property=\"og:locale\" content=\"pl_PL\" \/>\n<meta property=\"og:type\" content=\"article\" \/>\n<meta property=\"og:title\" content=\"Dost\u0119p, transfer i progresja - kursy dla doros\u0142ych - Irish College of English\" \/>\n<meta property=\"og:description\" content=\"Dost\u0119p, transfer i progresja &#8211; kursy dla doros\u0142ych Dost\u0119p Kryteria przyj\u0119cia: Nasz proces rekrutacji zosta\u0142 zaprojektowany tak, aby by\u0142 inkluzywny i przejrzysty, przestrzegaj\u0105c jasnych kryteri\u00f3w zar\u00f3wno dla m\u0142odszych, jak i doros\u0142ych uczni\u00f3w, zapewniaj\u0105c r\u00f3wne szanse wszystkim kandydatom. Informacje o naszych programach i procedurach rekrutacyjnych s\u0105 przekazywane w spos\u00f3b jasny i \u0142atwo dost\u0119pne dla potencjalnych uczni\u00f3w, [&hellip;]\" \/>\n<meta property=\"og:url\" content=\"https:\/\/www.iceireland.com\/pl\/access-transfer-and-progression-adult-courses\/\" \/>\n<meta property=\"og:site_name\" content=\"Irish College of English\" \/>\n<meta property=\"article:modified_time\" content=\"2026-01-30T18:26:26+00:00\" \/>\n<meta property=\"og:image\" content=\"https:\/\/www.iceireland.com\/wp-content\/uploads\/2025\/11\/Adult-Student-CEFR-pathway-at-ICE-scaled.png\" \/>\n\t<meta property=\"og:image:width\" content=\"2560\" \/>\n\t<meta property=\"og:image:height\" content=\"1810\" \/>\n\t<meta property=\"og:image:type\" content=\"image\/png\" \/>\n<meta name=\"twitter:label1\" content=\"Szacowany czas czytania\" \/>\n\t<meta name=\"twitter:data1\" content=\"2 minuty\" \/>\n<script type=\"application\/ld+json\" class=\"yoast-schema-graph\">{\"@context\":\"https:\\\/\\\/schema.org\",\"@graph\":[{\"@type\":\"WebPage\",\"@id\":\"https:\\\/\\\/www.iceireland.com\\\/pl\\\/access-transfer-and-progression-adult-courses\\\/\",\"url\":\"https:\\\/\\\/www.iceireland.com\\\/pl\\\/access-transfer-and-progression-adult-courses\\\/\",\"name\":\"Dost\u0119p, transfer i progresja - kursy dla doros\u0142ych - Irish College of English\",\"isPartOf\":{\"@id\":\"https:\\\/\\\/www.iceireland.com\\\/pl\\\/#website\"},\"primaryImageOfPage\":{\"@id\":\"https:\\\/\\\/www.iceireland.com\\\/pl\\\/access-transfer-and-progression-adult-courses\\\/#primaryimage\"},\"image\":{\"@id\":\"https:\\\/\\\/www.iceireland.com\\\/pl\\\/access-transfer-and-progression-adult-courses\\\/#primaryimage\"},\"thumbnailUrl\":\"https:\\\/\\\/www.iceireland.com\\\/wp-content\\\/uploads\\\/2025\\\/11\\\/Adult-Student-CEFR-pathway-at-ICE-1024x724.png\",\"datePublished\":\"2024-08-14T09:14:18+00:00\",\"dateModified\":\"2026-01-30T18:26:26+00:00\",\"breadcrumb\":{\"@id\":\"https:\\\/\\\/www.iceireland.com\\\/pl\\\/access-transfer-and-progression-adult-courses\\\/#breadcrumb\"},\"inLanguage\":\"pl-PL\",\"potentialAction\":[{\"@type\":\"ReadAction\",\"target\":[\"https:\\\/\\\/www.iceireland.com\\\/pl\\\/access-transfer-and-progression-adult-courses\\\/\"]}]},{\"@type\":\"ImageObject\",\"inLanguage\":\"pl-PL\",\"@id\":\"https:\\\/\\\/www.iceireland.com\\\/pl\\\/access-transfer-and-progression-adult-courses\\\/#primaryimage\",\"url\":\"https:\\\/\\\/www.iceireland.com\\\/wp-content\\\/uploads\\\/2025\\\/11\\\/Adult-Student-CEFR-pathway-at-ICE-1024x724.png\",\"contentUrl\":\"https:\\\/\\\/www.iceireland.com\\\/wp-content\\\/uploads\\\/2025\\\/11\\\/Adult-Student-CEFR-pathway-at-ICE-1024x724.png\"},{\"@type\":\"BreadcrumbList\",\"@id\":\"https:\\\/\\\/www.iceireland.com\\\/pl\\\/access-transfer-and-progression-adult-courses\\\/#breadcrumb\",\"itemListElement\":[{\"@type\":\"ListItem\",\"position\":1,\"name\":\"Home\",\"item\":\"https:\\\/\\\/www.iceireland.com\\\/pl\\\/\"},{\"@type\":\"ListItem\",\"position\":2,\"name\":\"Dost\u0119p, transfer i progresja &#8211; kursy dla doros\u0142ych\"}]},{\"@type\":\"WebSite\",\"@id\":\"https:\\\/\\\/www.iceireland.com\\\/pl\\\/#website\",\"url\":\"https:\\\/\\\/www.iceireland.com\\\/pl\\\/\",\"name\":\"Irish College of English\",\"description\":\"English School in Dublin, Malahide\",\"publisher\":{\"@id\":\"https:\\\/\\\/www.iceireland.com\\\/pl\\\/#organization\"},\"potentialAction\":[{\"@type\":\"SearchAction\",\"target\":{\"@type\":\"EntryPoint\",\"urlTemplate\":\"https:\\\/\\\/www.iceireland.com\\\/pl\\\/?s={search_term_string}\"},\"query-input\":{\"@type\":\"PropertyValueSpecification\",\"valueRequired\":true,\"valueName\":\"search_term_string\"}}],\"inLanguage\":\"pl-PL\"},{\"@type\":\"Organization\",\"@id\":\"https:\\\/\\\/www.iceireland.com\\\/pl\\\/#organization\",\"name\":\"Irish College of English\",\"url\":\"https:\\\/\\\/www.iceireland.com\\\/pl\\\/\",\"logo\":{\"@type\":\"ImageObject\",\"inLanguage\":\"pl-PL\",\"@id\":\"https:\\\/\\\/www.iceireland.com\\\/pl\\\/#\\\/schema\\\/logo\\\/image\\\/\",\"url\":\"https:\\\/\\\/www.iceireland.com\\\/wp-content\\\/uploads\\\/2022\\\/03\\\/logo.png\",\"contentUrl\":\"https:\\\/\\\/www.iceireland.com\\\/wp-content\\\/uploads\\\/2022\\\/03\\\/logo.png\",\"width\":593,\"height\":92,\"caption\":\"Irish College of English\"},\"image\":{\"@id\":\"https:\\\/\\\/www.iceireland.com\\\/pl\\\/#\\\/schema\\\/logo\\\/image\\\/\"}}]}<\/script>\n<!-- \/ Yoast SEO plugin. -->","yoast_head_json":{"title":"Dost\u0119p, transfer i progresja - kursy dla doros\u0142ych - Irish College of English","robots":{"index":"index","follow":"follow","max-snippet":"max-snippet:-1","max-image-preview":"max-image-preview:large","max-video-preview":"max-video-preview:-1"},"canonical":"https:\/\/www.iceireland.com\/pl\/access-transfer-and-progression-adult-courses\/","og_locale":"pl_PL","og_type":"article","og_title":"Dost\u0119p, transfer i progresja - kursy dla doros\u0142ych - Irish College of English","og_description":"Dost\u0119p, transfer i progresja &#8211; kursy dla doros\u0142ych Dost\u0119p Kryteria przyj\u0119cia: Nasz proces rekrutacji zosta\u0142 zaprojektowany tak, aby by\u0142 inkluzywny i przejrzysty, przestrzegaj\u0105c jasnych kryteri\u00f3w zar\u00f3wno dla m\u0142odszych, jak i doros\u0142ych uczni\u00f3w, zapewniaj\u0105c r\u00f3wne szanse wszystkim kandydatom. Informacje o naszych programach i procedurach rekrutacyjnych s\u0105 przekazywane w spos\u00f3b jasny i \u0142atwo dost\u0119pne dla potencjalnych uczni\u00f3w, [&hellip;]","og_url":"https:\/\/www.iceireland.com\/pl\/access-transfer-and-progression-adult-courses\/","og_site_name":"Irish College of English","article_modified_time":"2026-01-30T18:26:26+00:00","og_image":[{"width":2560,"height":1810,"url":"https:\/\/www.iceireland.com\/wp-content\/uploads\/2025\/11\/Adult-Student-CEFR-pathway-at-ICE-scaled.png","type":"image\/png"}],"twitter_misc":{"Szacowany czas czytania":"2 minuty"},"schema":{"@context":"https:\/\/schema.org","@graph":[{"@type":"WebPage","@id":"https:\/\/www.iceireland.com\/pl\/access-transfer-and-progression-adult-courses\/","url":"https:\/\/www.iceireland.com\/pl\/access-transfer-and-progression-adult-courses\/","name":"Dost\u0119p, transfer i progresja - kursy dla doros\u0142ych - Irish College of English","isPartOf":{"@id":"https:\/\/www.iceireland.com\/pl\/#website"},"primaryImageOfPage":{"@id":"https:\/\/www.iceireland.com\/pl\/access-transfer-and-progression-adult-courses\/#primaryimage"},"image":{"@id":"https:\/\/www.iceireland.com\/pl\/access-transfer-and-progression-adult-courses\/#primaryimage"},"thumbnailUrl":"https:\/\/www.iceireland.com\/wp-content\/uploads\/2025\/11\/Adult-Student-CEFR-pathway-at-ICE-1024x724.png","datePublished":"2024-08-14T09:14:18+00:00","dateModified":"2026-01-30T18:26:26+00:00","breadcrumb":{"@id":"https:\/\/www.iceireland.com\/pl\/access-transfer-and-progression-adult-courses\/#breadcrumb"},"inLanguage":"pl-PL","potentialAction":[{"@type":"ReadAction","target":["https:\/\/www.iceireland.com\/pl\/access-transfer-and-progression-adult-courses\/"]}]},{"@type":"ImageObject","inLanguage":"pl-PL","@id":"https:\/\/www.iceireland.com\/pl\/access-transfer-and-progression-adult-courses\/#primaryimage","url":"https:\/\/www.iceireland.com\/wp-content\/uploads\/2025\/11\/Adult-Student-CEFR-pathway-at-ICE-1024x724.png","contentUrl":"https:\/\/www.iceireland.com\/wp-content\/uploads\/2025\/11\/Adult-Student-CEFR-pathway-at-ICE-1024x724.png"},{"@type":"BreadcrumbList","@id":"https:\/\/www.iceireland.com\/pl\/access-transfer-and-progression-adult-courses\/#breadcrumb","itemListElement":[{"@type":"ListItem","position":1,"name":"Home","item":"https:\/\/www.iceireland.com\/pl\/"},{"@type":"ListItem","position":2,"name":"Dost\u0119p, transfer i progresja &#8211; kursy dla doros\u0142ych"}]},{"@type":"WebSite","@id":"https:\/\/www.iceireland.com\/pl\/#website","url":"https:\/\/www.iceireland.com\/pl\/","name":"Irish College of English","description":"English School in Dublin, Malahide","publisher":{"@id":"https:\/\/www.iceireland.com\/pl\/#organization"},"potentialAction":[{"@type":"SearchAction","target":{"@type":"EntryPoint","urlTemplate":"https:\/\/www.iceireland.com\/pl\/?s={search_term_string}"},"query-input":{"@type":"PropertyValueSpecification","valueRequired":true,"valueName":"search_term_string"}}],"inLanguage":"pl-PL"},{"@type":"Organization","@id":"https:\/\/www.iceireland.com\/pl\/#organization","name":"Irish College of English","url":"https:\/\/www.iceireland.com\/pl\/","logo":{"@type":"ImageObject","inLanguage":"pl-PL","@id":"https:\/\/www.iceireland.com\/pl\/#\/schema\/logo\/image\/","url":"https:\/\/www.iceireland.com\/wp-content\/uploads\/2022\/03\/logo.png","contentUrl":"https:\/\/www.iceireland.com\/wp-content\/uploads\/2022\/03\/logo.png","width":593,"height":92,"caption":"Irish College of English"},"image":{"@id":"https:\/\/www.iceireland.com\/pl\/#\/schema\/logo\/image\/"}}]}},"_links":{"self":[{"href":"https:\/\/www.iceireland.com\/pl\/wp-json\/wp\/v2\/pages\/33155","targetHints":{"allow":["GET"]}}],"collection":[{"href":"https:\/\/www.iceireland.com\/pl\/wp-json\/wp\/v2\/pages"}],"about":[{"href":"https:\/\/www.iceireland.com\/pl\/wp-json\/wp\/v2\/types\/page"}],"author":[{"embeddable":true,"href":"https:\/\/www.iceireland.com\/pl\/wp-json\/wp\/v2\/users\/3"}],"replies":[{"embeddable":true,"href":"https:\/\/www.iceireland.com\/pl\/wp-json\/wp\/v2\/comments?post=33155"}],"version-history":[{"count":1,"href":"https:\/\/www.iceireland.com\/pl\/wp-json\/wp\/v2\/pages\/33155\/revisions"}],"predecessor-version":[{"id":33157,"href":"https:\/\/www.iceireland.com\/pl\/wp-json\/wp\/v2\/pages\/33155\/revisions\/33157"}],"wp:attachment":[{"href":"https:\/\/www.iceireland.com\/pl\/wp-json\/wp\/v2\/media?parent=33155"}],"curies":[{"name":"wp","href":"https:\/\/api.w.org\/{rel}","templated":true}]}}