{"id":33163,"date":"2024-08-14T08:50:50","date_gmt":"2024-08-14T08:50:50","guid":{"rendered":"https:\/\/www.iceireland.com\/course-purpose-intended-learning-outcome-junior-students\/"},"modified":"2026-01-30T18:26:34","modified_gmt":"2026-01-30T18:26:34","slug":"course-purpose-intended-learning-outcome-junior-students","status":"publish","type":"page","link":"https:\/\/www.iceireland.com\/pl\/course-purpose-intended-learning-outcome-junior-students\/","title":{"rendered":"Cel kursu i zamierzone efekty uczenia si\u0119 &#8211; m\u0142odsi studenci"},"content":{"rendered":"\t\t<div data-elementor-type=\"wp-page\" data-elementor-id=\"33163\" class=\"elementor elementor-33163 elementor-27291\" data-elementor-post-type=\"page\">\n\t\t\t\t\t\t<section class=\"elementor-section elementor-top-section elementor-element elementor-element-4a5cdd0 elementor-section-boxed elementor-section-height-default elementor-section-height-default\" data-id=\"4a5cdd0\" data-element_type=\"section\" data-e-type=\"section\">\n\t\t\t\t\t\t<div class=\"elementor-container elementor-column-gap-default\">\n\t\t\t\t\t<div class=\"elementor-column elementor-col-100 elementor-top-column elementor-element elementor-element-6d05157\" data-id=\"6d05157\" data-element_type=\"column\" data-e-type=\"column\">\n\t\t\t<div class=\"elementor-widget-wrap elementor-element-populated\">\n\t\t\t\t\t\t<div class=\"elementor-element elementor-element-6115213 elementor-widget elementor-widget-text-editor\" data-id=\"6115213\" data-element_type=\"widget\" data-e-type=\"widget\" data-widget_type=\"text-editor.default\">\n\t\t\t\t<div class=\"elementor-widget-container\">\n\t\t\t\t\t\t\t\t\t<h2>Cel kursu i zamierzone efekty uczenia si\u0119 &#8211; letnie obozy dla m\u0142odzie\u017cy<\/h2><p>Cel<\/p><p>Celem naszych program\u00f3w Junior jest zapewnienie m\u0142odym uczniom anga\u017cuj\u0105cego i wspieraj\u0105cego \u015brodowiska do poprawy ich umiej\u0119tno\u015bci j\u0119zykowych. Post\u0119puj\u0105c zgodnie z ustrukturyzowanym programem nauczania opartym na skali CEFR, ob\u00f3z ma na celu pom\u00f3c uczniom osi\u0105gn\u0105\u0107 wymierny post\u0119p w ich bieg\u0142o\u015bci j\u0119zykowej. Programy te maj\u0105 na celu nie tylko popraw\u0119 umiej\u0119tno\u015bci akademickich uczni\u00f3w, ale tak\u017ce budowanie ich pewno\u015bci siebie i entuzjazmu do u\u017cywania j\u0119zyka angielskiego w codziennych sytuacjach. Poprzez interaktywne zaj\u0119cia, takie jak dyskusje grupowe, odgrywanie r\u00f3l i projekty, wraz z elementem mi\u0119dzykulturowym, kt\u00f3ry wystawia uczni\u00f3w na r\u00f3\u017cne kultury i perspektywy, ob\u00f3z ma na celu stworzenie holistycznego do\u015bwiadczenia edukacyjnego. Ponadto, dla os\u00f3b przebywaj\u0105cych u rodzin goszcz\u0105cych, zanurzenie zapewni autentyczne mo\u017cliwo\u015bci \u0107wiczenia j\u0119zyka angielskiego i anga\u017cowania si\u0119 w wymian\u0119 kulturow\u0105, dodatkowo wzbogacaj\u0105c ich zrozumienie i docenienie j\u0119zyka i jego kontekstu kulturowego.    <\/p><p>Ka\u017cdy program obejmuje zr\u00f3\u017cnicowany program zaj\u0119\u0107, w kt\u00f3rym nasi do\u015bwiadczeni liderzy prowadz\u0105 uczni\u00f3w podczas wizyt w interesuj\u0105cych miejscach, u\u0142atwiaj\u0105c uczenie si\u0119 przez do\u015bwiadczenie i docenianie kultury. Opr\u00f3cz zwiedzania miejsc zwi\u0105zanych z kultur\u0105, ob\u00f3z obejmuje zaj\u0119cia sportowe, rekreacyjne i zabawne sesje interaktywne zaprojektowane w celu promowania pracy zespo\u0142owej, kreatywno\u015bci i zaanga\u017cowania. <\/p><p>Niekt\u00f3re programy oferuj\u0105 dodatkowe godziny nauki, koncentruj\u0105c si\u0119 na niekt\u00f3rych sportach, takich jak jazda konna lub \u017ceglarstwo, umo\u017cliwiaj\u0105c bardziej dostosowane do\u015bwiadczenie z konkretnym celem.<\/p><p> <\/p><p>Zamierzone efekty uczenia si\u0119<\/p><p>Zamierzone efekty uczenia si\u0119 w naszych programach dla junior\u00f3w maj\u0105 na celu zwi\u0119kszenie bieg\u0142o\u015bci uczni\u00f3w w j\u0119zyku angielskim poprzez rozwijanie ich umiej\u0119tno\u015bci zgodnie ze skal\u0105 Europejskiego Systemu Opisu Kszta\u0142cenia J\u0119zykowego (CEFR). Dzi\u0119ki dynamicznemu i wci\u0105gaj\u0105cemu programowi nauczania uczniowie b\u0119d\u0105 rozwija\u0107 swoje umiej\u0119tno\u015bci czytania, pisania, m\u00f3wienia i s\u0142uchania, d\u0105\u017c\u0105c do rozwoju swoich kompetencji j\u0119zykowych do obecnego poziomu CEFR lub do nast\u0119pnego poziomu CEFR, w zale\u017cno\u015bci od poziomu pocz\u0105tkowego i czasu trwania programu. Kurs koncentruje si\u0119 na praktycznej komunikacji, poszerzaniu s\u0142ownictwa i poprawno\u015bci gramatycznej, zapewniaj\u0105c uczniom pewno\u015b\u0107 siebie i p\u0142ynno\u015b\u0107 w rzeczywistych kontekstach, jednocze\u015bnie rozwijaj\u0105c mi\u0142o\u015b\u0107 do j\u0119zyka angielskiego.  <\/p>\t\t\t\t\t\t\t\t<\/div>\n\t\t\t\t<\/div>\n\t\t\t\t\t<\/div>\n\t\t<\/div>\n\t\t\t\t\t<\/div>\n\t\t<\/section>\n\t\t\t\t<section class=\"elementor-section elementor-top-section elementor-element elementor-element-5afb7b7 elementor-section-boxed elementor-section-height-default elementor-section-height-default\" data-id=\"5afb7b7\" data-element_type=\"section\" data-e-type=\"section\">\n\t\t\t\t\t\t<div class=\"elementor-container elementor-column-gap-default\">\n\t\t\t\t\t<div class=\"elementor-column elementor-col-100 elementor-top-column elementor-element elementor-element-1810e58\" data-id=\"1810e58\" data-element_type=\"column\" data-e-type=\"column\">\n\t\t\t<div class=\"elementor-widget-wrap elementor-element-populated\">\n\t\t\t\t\t\t<div class=\"elementor-element elementor-element-4d2a221 elementor-widget elementor-widget-spacer\" data-id=\"4d2a221\" data-element_type=\"widget\" data-e-type=\"widget\" data-widget_type=\"spacer.default\">\n\t\t\t\t<div class=\"elementor-widget-container\">\n\t\t\t\t\t\t\t<div class=\"elementor-spacer\">\n\t\t\t<div class=\"elementor-spacer-inner\"><\/div>\n\t\t<\/div>\n\t\t\t\t\t\t<\/div>\n\t\t\t\t<\/div>\n\t\t\t\t\t<\/div>\n\t\t<\/div>\n\t\t\t\t\t<\/div>\n\t\t<\/section>\n\t\t\t\t<\/div>\n\t\t","protected":false},"excerpt":{"rendered":"<p>Cel kursu i zamierzone efekty uczenia si\u0119 &#8211; letnie obozy dla m\u0142odzie\u017cy Cel Celem naszych program\u00f3w Junior jest zapewnienie m\u0142odym uczniom anga\u017cuj\u0105cego i wspieraj\u0105cego \u015brodowiska do poprawy ich umiej\u0119tno\u015bci j\u0119zykowych. Post\u0119puj\u0105c zgodnie z ustrukturyzowanym programem nauczania opartym na skali CEFR, ob\u00f3z ma na celu pom\u00f3c uczniom osi\u0105gn\u0105\u0107 wymierny post\u0119p w ich bieg\u0142o\u015bci j\u0119zykowej. Programy te [&hellip;]<\/p>\n","protected":false},"author":3,"featured_media":0,"parent":0,"menu_order":0,"comment_status":"closed","ping_status":"closed","template":"","meta":{"content-type":"","footnotes":""},"class_list":["post-33163","page","type-page","status-publish","hentry"],"yoast_head":"<!-- This site is optimized with the Yoast SEO plugin v27.3 - https:\/\/yoast.com\/product\/yoast-seo-wordpress\/ -->\n<title>Cel kursu i zamierzone efekty uczenia si\u0119 - m\u0142odsi studenci - Irish College of English<\/title>\n<meta name=\"robots\" content=\"index, follow, max-snippet:-1, max-image-preview:large, max-video-preview:-1\" \/>\n<link rel=\"canonical\" href=\"https:\/\/www.iceireland.com\/pl\/course-purpose-intended-learning-outcome-junior-students\/\" \/>\n<meta property=\"og:locale\" content=\"pl_PL\" \/>\n<meta property=\"og:type\" content=\"article\" \/>\n<meta property=\"og:title\" content=\"Cel kursu i zamierzone efekty uczenia si\u0119 - m\u0142odsi studenci - Irish College of English\" \/>\n<meta property=\"og:description\" content=\"Cel kursu i zamierzone efekty uczenia si\u0119 &#8211; letnie obozy dla m\u0142odzie\u017cy Cel Celem naszych program\u00f3w Junior jest zapewnienie m\u0142odym uczniom anga\u017cuj\u0105cego i wspieraj\u0105cego \u015brodowiska do poprawy ich umiej\u0119tno\u015bci j\u0119zykowych. Post\u0119puj\u0105c zgodnie z ustrukturyzowanym programem nauczania opartym na skali CEFR, ob\u00f3z ma na celu pom\u00f3c uczniom osi\u0105gn\u0105\u0107 wymierny post\u0119p w ich bieg\u0142o\u015bci j\u0119zykowej. Programy te [&hellip;]\" \/>\n<meta property=\"og:url\" content=\"https:\/\/www.iceireland.com\/pl\/course-purpose-intended-learning-outcome-junior-students\/\" \/>\n<meta property=\"og:site_name\" content=\"Irish College of English\" \/>\n<meta property=\"article:modified_time\" content=\"2026-01-30T18:26:34+00:00\" \/>\n<meta name=\"twitter:label1\" content=\"Szacowany czas czytania\" \/>\n\t<meta name=\"twitter:data1\" content=\"2 minuty\" \/>\n<script type=\"application\/ld+json\" class=\"yoast-schema-graph\">{\"@context\":\"https:\\\/\\\/schema.org\",\"@graph\":[{\"@type\":\"WebPage\",\"@id\":\"https:\\\/\\\/www.iceireland.com\\\/pl\\\/course-purpose-intended-learning-outcome-junior-students\\\/\",\"url\":\"https:\\\/\\\/www.iceireland.com\\\/pl\\\/course-purpose-intended-learning-outcome-junior-students\\\/\",\"name\":\"Cel kursu i zamierzone efekty uczenia si\u0119 - m\u0142odsi studenci - Irish College of English\",\"isPartOf\":{\"@id\":\"https:\\\/\\\/www.iceireland.com\\\/pl\\\/#website\"},\"datePublished\":\"2024-08-14T08:50:50+00:00\",\"dateModified\":\"2026-01-30T18:26:34+00:00\",\"breadcrumb\":{\"@id\":\"https:\\\/\\\/www.iceireland.com\\\/pl\\\/course-purpose-intended-learning-outcome-junior-students\\\/#breadcrumb\"},\"inLanguage\":\"pl-PL\",\"potentialAction\":[{\"@type\":\"ReadAction\",\"target\":[\"https:\\\/\\\/www.iceireland.com\\\/pl\\\/course-purpose-intended-learning-outcome-junior-students\\\/\"]}]},{\"@type\":\"BreadcrumbList\",\"@id\":\"https:\\\/\\\/www.iceireland.com\\\/pl\\\/course-purpose-intended-learning-outcome-junior-students\\\/#breadcrumb\",\"itemListElement\":[{\"@type\":\"ListItem\",\"position\":1,\"name\":\"Home\",\"item\":\"https:\\\/\\\/www.iceireland.com\\\/pl\\\/\"},{\"@type\":\"ListItem\",\"position\":2,\"name\":\"Cel kursu i zamierzone efekty uczenia si\u0119 &#8211; m\u0142odsi studenci\"}]},{\"@type\":\"WebSite\",\"@id\":\"https:\\\/\\\/www.iceireland.com\\\/pl\\\/#website\",\"url\":\"https:\\\/\\\/www.iceireland.com\\\/pl\\\/\",\"name\":\"Irish College of English\",\"description\":\"English School in Dublin, Malahide\",\"publisher\":{\"@id\":\"https:\\\/\\\/www.iceireland.com\\\/pl\\\/#organization\"},\"potentialAction\":[{\"@type\":\"SearchAction\",\"target\":{\"@type\":\"EntryPoint\",\"urlTemplate\":\"https:\\\/\\\/www.iceireland.com\\\/pl\\\/?s={search_term_string}\"},\"query-input\":{\"@type\":\"PropertyValueSpecification\",\"valueRequired\":true,\"valueName\":\"search_term_string\"}}],\"inLanguage\":\"pl-PL\"},{\"@type\":\"Organization\",\"@id\":\"https:\\\/\\\/www.iceireland.com\\\/pl\\\/#organization\",\"name\":\"Irish College of English\",\"url\":\"https:\\\/\\\/www.iceireland.com\\\/pl\\\/\",\"logo\":{\"@type\":\"ImageObject\",\"inLanguage\":\"pl-PL\",\"@id\":\"https:\\\/\\\/www.iceireland.com\\\/pl\\\/#\\\/schema\\\/logo\\\/image\\\/\",\"url\":\"https:\\\/\\\/www.iceireland.com\\\/wp-content\\\/uploads\\\/2022\\\/03\\\/logo.png\",\"contentUrl\":\"https:\\\/\\\/www.iceireland.com\\\/wp-content\\\/uploads\\\/2022\\\/03\\\/logo.png\",\"width\":593,\"height\":92,\"caption\":\"Irish College of English\"},\"image\":{\"@id\":\"https:\\\/\\\/www.iceireland.com\\\/pl\\\/#\\\/schema\\\/logo\\\/image\\\/\"}}]}<\/script>\n<!-- \/ Yoast SEO plugin. -->","yoast_head_json":{"title":"Cel kursu i zamierzone efekty uczenia si\u0119 - m\u0142odsi studenci - Irish College of English","robots":{"index":"index","follow":"follow","max-snippet":"max-snippet:-1","max-image-preview":"max-image-preview:large","max-video-preview":"max-video-preview:-1"},"canonical":"https:\/\/www.iceireland.com\/pl\/course-purpose-intended-learning-outcome-junior-students\/","og_locale":"pl_PL","og_type":"article","og_title":"Cel kursu i zamierzone efekty uczenia si\u0119 - m\u0142odsi studenci - Irish College of English","og_description":"Cel kursu i zamierzone efekty uczenia si\u0119 &#8211; letnie obozy dla m\u0142odzie\u017cy Cel Celem naszych program\u00f3w Junior jest zapewnienie m\u0142odym uczniom anga\u017cuj\u0105cego i wspieraj\u0105cego \u015brodowiska do poprawy ich umiej\u0119tno\u015bci j\u0119zykowych. Post\u0119puj\u0105c zgodnie z ustrukturyzowanym programem nauczania opartym na skali CEFR, ob\u00f3z ma na celu pom\u00f3c uczniom osi\u0105gn\u0105\u0107 wymierny post\u0119p w ich bieg\u0142o\u015bci j\u0119zykowej. Programy te [&hellip;]","og_url":"https:\/\/www.iceireland.com\/pl\/course-purpose-intended-learning-outcome-junior-students\/","og_site_name":"Irish College of English","article_modified_time":"2026-01-30T18:26:34+00:00","twitter_misc":{"Szacowany czas czytania":"2 minuty"},"schema":{"@context":"https:\/\/schema.org","@graph":[{"@type":"WebPage","@id":"https:\/\/www.iceireland.com\/pl\/course-purpose-intended-learning-outcome-junior-students\/","url":"https:\/\/www.iceireland.com\/pl\/course-purpose-intended-learning-outcome-junior-students\/","name":"Cel kursu i zamierzone efekty uczenia si\u0119 - m\u0142odsi studenci - Irish College of English","isPartOf":{"@id":"https:\/\/www.iceireland.com\/pl\/#website"},"datePublished":"2024-08-14T08:50:50+00:00","dateModified":"2026-01-30T18:26:34+00:00","breadcrumb":{"@id":"https:\/\/www.iceireland.com\/pl\/course-purpose-intended-learning-outcome-junior-students\/#breadcrumb"},"inLanguage":"pl-PL","potentialAction":[{"@type":"ReadAction","target":["https:\/\/www.iceireland.com\/pl\/course-purpose-intended-learning-outcome-junior-students\/"]}]},{"@type":"BreadcrumbList","@id":"https:\/\/www.iceireland.com\/pl\/course-purpose-intended-learning-outcome-junior-students\/#breadcrumb","itemListElement":[{"@type":"ListItem","position":1,"name":"Home","item":"https:\/\/www.iceireland.com\/pl\/"},{"@type":"ListItem","position":2,"name":"Cel kursu i zamierzone efekty uczenia si\u0119 &#8211; m\u0142odsi studenci"}]},{"@type":"WebSite","@id":"https:\/\/www.iceireland.com\/pl\/#website","url":"https:\/\/www.iceireland.com\/pl\/","name":"Irish College of English","description":"English School in Dublin, Malahide","publisher":{"@id":"https:\/\/www.iceireland.com\/pl\/#organization"},"potentialAction":[{"@type":"SearchAction","target":{"@type":"EntryPoint","urlTemplate":"https:\/\/www.iceireland.com\/pl\/?s={search_term_string}"},"query-input":{"@type":"PropertyValueSpecification","valueRequired":true,"valueName":"search_term_string"}}],"inLanguage":"pl-PL"},{"@type":"Organization","@id":"https:\/\/www.iceireland.com\/pl\/#organization","name":"Irish College of English","url":"https:\/\/www.iceireland.com\/pl\/","logo":{"@type":"ImageObject","inLanguage":"pl-PL","@id":"https:\/\/www.iceireland.com\/pl\/#\/schema\/logo\/image\/","url":"https:\/\/www.iceireland.com\/wp-content\/uploads\/2022\/03\/logo.png","contentUrl":"https:\/\/www.iceireland.com\/wp-content\/uploads\/2022\/03\/logo.png","width":593,"height":92,"caption":"Irish College of English"},"image":{"@id":"https:\/\/www.iceireland.com\/pl\/#\/schema\/logo\/image\/"}}]}},"_links":{"self":[{"href":"https:\/\/www.iceireland.com\/pl\/wp-json\/wp\/v2\/pages\/33163","targetHints":{"allow":["GET"]}}],"collection":[{"href":"https:\/\/www.iceireland.com\/pl\/wp-json\/wp\/v2\/pages"}],"about":[{"href":"https:\/\/www.iceireland.com\/pl\/wp-json\/wp\/v2\/types\/page"}],"author":[{"embeddable":true,"href":"https:\/\/www.iceireland.com\/pl\/wp-json\/wp\/v2\/users\/3"}],"replies":[{"embeddable":true,"href":"https:\/\/www.iceireland.com\/pl\/wp-json\/wp\/v2\/comments?post=33163"}],"version-history":[{"count":1,"href":"https:\/\/www.iceireland.com\/pl\/wp-json\/wp\/v2\/pages\/33163\/revisions"}],"predecessor-version":[{"id":33165,"href":"https:\/\/www.iceireland.com\/pl\/wp-json\/wp\/v2\/pages\/33163\/revisions\/33165"}],"wp:attachment":[{"href":"https:\/\/www.iceireland.com\/pl\/wp-json\/wp\/v2\/media?parent=33163"}],"curies":[{"name":"wp","href":"https:\/\/api.w.org\/{rel}","templated":true}]}}