{"id":33190,"date":"2024-08-13T15:03:55","date_gmt":"2024-08-13T15:03:55","guid":{"rendered":"https:\/\/www.iceireland.com\/student-support-and-engagement\/"},"modified":"2026-01-30T18:26:41","modified_gmt":"2026-01-30T18:26:41","slug":"student-support-and-engagement","status":"publish","type":"page","link":"https:\/\/www.iceireland.com\/pl\/student-support-and-engagement\/","title":{"rendered":"Wsparcie i zaanga\u017cowanie student\u00f3w"},"content":{"rendered":"\t\t<div data-elementor-type=\"wp-page\" data-elementor-id=\"33190\" class=\"elementor elementor-33190 elementor-27273\" data-elementor-post-type=\"page\">\n\t\t\t\t\t\t<section class=\"elementor-section elementor-top-section elementor-element elementor-element-1e7adfc elementor-section-boxed elementor-section-height-default elementor-section-height-default\" data-id=\"1e7adfc\" data-element_type=\"section\" data-e-type=\"section\">\n\t\t\t\t\t\t<div class=\"elementor-container elementor-column-gap-default\">\n\t\t\t\t\t<div class=\"elementor-column elementor-col-100 elementor-top-column elementor-element elementor-element-46edb3c\" data-id=\"46edb3c\" data-element_type=\"column\" data-e-type=\"column\">\n\t\t\t<div class=\"elementor-widget-wrap elementor-element-populated\">\n\t\t\t\t\t\t<div class=\"elementor-element elementor-element-bace280 elementor-widget elementor-widget-text-editor\" data-id=\"bace280\" data-element_type=\"widget\" data-e-type=\"widget\" data-widget_type=\"text-editor.default\">\n\t\t\t\t<div class=\"elementor-widget-container\">\n\t\t\t\t\t\t\t\t\t<h2><strong>Wsparcie i zaanga\u017cowanie student\u00f3w:<\/strong><\/h2><p>ICE zobowi\u0105zuje si\u0119 do \u015bwiadczenia us\u0142ug wsparcia, aby pom\u00f3c uczniom w osi\u0105gni\u0119ciu ich cel\u00f3w zwi\u0105zanych z nauk\u0105 j\u0119zyka. Obejmuje to doradztwo akademickie, korepetycje i dodatkowe wsparcie dla uczni\u00f3w o specjalnych potrzebach. Wspieramy post\u0119py akademickie uczni\u00f3w w oparciu o pomy\u015blne uko\u0144czenie cel\u00f3w kursu zgodnych z CEFR.  <\/p><p> <\/p><ul><li>Promujemy aktywne zaanga\u017cowanie uczni\u00f3w poprzez interaktywne zaj\u0119cia w klasie, projekty grupowe i mo\u017cliwo\u015bci pozalekcyjne, takie jak kluby j\u0119zykowe i wydarzenia kulturalne.<\/li><li>Regularna informacja zwrotna: ICE zach\u0119ca do otwartej komunikacji mi\u0119dzy uczniami i nauczycielami, szukaj\u0105c informacji zwrotnych na temat skuteczno\u015bci nauczania, tre\u015bci kursu i og\u00f3lnego do\u015bwiadczenia edukacyjnego w celu ci\u0105g\u0142ego doskonalenia.<\/li><li>Wi\u0119cej informacji na temat wsparcia, w tym \u017cycia w Irlandii i wydarze\u0144, mo\u017cna znale\u017a\u0107 na stronie <a href=\"https:\/\/www.iceireland.com\/pl\/useful-information-and-supports\/\">https:\/\/www.iceireland.com\/useful-information-and-supports\/<\/a>.<\/li><\/ul>\t\t\t\t\t\t\t\t<\/div>\n\t\t\t\t<\/div>\n\t\t\t\t\t<\/div>\n\t\t<\/div>\n\t\t\t\t\t<\/div>\n\t\t<\/section>\n\t\t\t\t<section class=\"elementor-section elementor-top-section elementor-element elementor-element-ed51cea elementor-section-boxed elementor-section-height-default elementor-section-height-default\" data-id=\"ed51cea\" data-element_type=\"section\" data-e-type=\"section\">\n\t\t\t\t\t\t<div class=\"elementor-container elementor-column-gap-default\">\n\t\t\t\t\t<div class=\"elementor-column elementor-col-100 elementor-top-column elementor-element elementor-element-b78c5e0\" data-id=\"b78c5e0\" data-element_type=\"column\" data-e-type=\"column\">\n\t\t\t<div class=\"elementor-widget-wrap elementor-element-populated\">\n\t\t\t\t\t\t<div class=\"elementor-element elementor-element-93c6b21 elementor-widget elementor-widget-spacer\" data-id=\"93c6b21\" data-element_type=\"widget\" data-e-type=\"widget\" data-widget_type=\"spacer.default\">\n\t\t\t\t<div class=\"elementor-widget-container\">\n\t\t\t\t\t\t\t<div class=\"elementor-spacer\">\n\t\t\t<div class=\"elementor-spacer-inner\"><\/div>\n\t\t<\/div>\n\t\t\t\t\t\t<\/div>\n\t\t\t\t<\/div>\n\t\t\t\t\t<\/div>\n\t\t<\/div>\n\t\t\t\t\t<\/div>\n\t\t<\/section>\n\t\t\t\t<\/div>\n\t\t","protected":false},"excerpt":{"rendered":"<p>Wsparcie i zaanga\u017cowanie student\u00f3w: ICE zobowi\u0105zuje si\u0119 do \u015bwiadczenia us\u0142ug wsparcia, aby pom\u00f3c uczniom w osi\u0105gni\u0119ciu ich cel\u00f3w zwi\u0105zanych z nauk\u0105 j\u0119zyka. Obejmuje to doradztwo akademickie, korepetycje i dodatkowe wsparcie dla uczni\u00f3w o specjalnych potrzebach. Wspieramy post\u0119py akademickie uczni\u00f3w w oparciu o pomy\u015blne uko\u0144czenie cel\u00f3w kursu zgodnych z CEFR. Promujemy aktywne zaanga\u017cowanie uczni\u00f3w poprzez interaktywne [&hellip;]<\/p>\n","protected":false},"author":3,"featured_media":0,"parent":0,"menu_order":0,"comment_status":"closed","ping_status":"closed","template":"","meta":{"content-type":"","footnotes":""},"class_list":["post-33190","page","type-page","status-publish","hentry"],"yoast_head":"<!-- This site is optimized with the Yoast SEO plugin v27.3 - https:\/\/yoast.com\/product\/yoast-seo-wordpress\/ -->\n<title>Wsparcie i zaanga\u017cowanie student\u00f3w - Irish College of English<\/title>\n<meta name=\"robots\" content=\"index, follow, max-snippet:-1, max-image-preview:large, max-video-preview:-1\" \/>\n<link rel=\"canonical\" href=\"https:\/\/www.iceireland.com\/pl\/student-support-and-engagement\/\" \/>\n<meta property=\"og:locale\" content=\"pl_PL\" \/>\n<meta property=\"og:type\" content=\"article\" \/>\n<meta property=\"og:title\" content=\"Wsparcie i zaanga\u017cowanie student\u00f3w - Irish College of English\" \/>\n<meta property=\"og:description\" content=\"Wsparcie i zaanga\u017cowanie student\u00f3w: ICE zobowi\u0105zuje si\u0119 do \u015bwiadczenia us\u0142ug wsparcia, aby pom\u00f3c uczniom w osi\u0105gni\u0119ciu ich cel\u00f3w zwi\u0105zanych z nauk\u0105 j\u0119zyka. Obejmuje to doradztwo akademickie, korepetycje i dodatkowe wsparcie dla uczni\u00f3w o specjalnych potrzebach. Wspieramy post\u0119py akademickie uczni\u00f3w w oparciu o pomy\u015blne uko\u0144czenie cel\u00f3w kursu zgodnych z CEFR. Promujemy aktywne zaanga\u017cowanie uczni\u00f3w poprzez interaktywne [&hellip;]\" \/>\n<meta property=\"og:url\" content=\"https:\/\/www.iceireland.com\/pl\/student-support-and-engagement\/\" \/>\n<meta property=\"og:site_name\" content=\"Irish College of English\" \/>\n<meta property=\"article:modified_time\" content=\"2026-01-30T18:26:41+00:00\" \/>\n<meta name=\"twitter:label1\" content=\"Szacowany czas czytania\" \/>\n\t<meta name=\"twitter:data1\" content=\"1 minuta\" \/>\n<script type=\"application\/ld+json\" class=\"yoast-schema-graph\">{\"@context\":\"https:\\\/\\\/schema.org\",\"@graph\":[{\"@type\":\"WebPage\",\"@id\":\"https:\\\/\\\/www.iceireland.com\\\/pl\\\/student-support-and-engagement\\\/\",\"url\":\"https:\\\/\\\/www.iceireland.com\\\/pl\\\/student-support-and-engagement\\\/\",\"name\":\"Wsparcie i zaanga\u017cowanie student\u00f3w - Irish College of English\",\"isPartOf\":{\"@id\":\"https:\\\/\\\/www.iceireland.com\\\/pl\\\/#website\"},\"datePublished\":\"2024-08-13T15:03:55+00:00\",\"dateModified\":\"2026-01-30T18:26:41+00:00\",\"breadcrumb\":{\"@id\":\"https:\\\/\\\/www.iceireland.com\\\/pl\\\/student-support-and-engagement\\\/#breadcrumb\"},\"inLanguage\":\"pl-PL\",\"potentialAction\":[{\"@type\":\"ReadAction\",\"target\":[\"https:\\\/\\\/www.iceireland.com\\\/pl\\\/student-support-and-engagement\\\/\"]}]},{\"@type\":\"BreadcrumbList\",\"@id\":\"https:\\\/\\\/www.iceireland.com\\\/pl\\\/student-support-and-engagement\\\/#breadcrumb\",\"itemListElement\":[{\"@type\":\"ListItem\",\"position\":1,\"name\":\"Home\",\"item\":\"https:\\\/\\\/www.iceireland.com\\\/pl\\\/\"},{\"@type\":\"ListItem\",\"position\":2,\"name\":\"Wsparcie i zaanga\u017cowanie student\u00f3w\"}]},{\"@type\":\"WebSite\",\"@id\":\"https:\\\/\\\/www.iceireland.com\\\/pl\\\/#website\",\"url\":\"https:\\\/\\\/www.iceireland.com\\\/pl\\\/\",\"name\":\"Irish College of English\",\"description\":\"English School in Dublin, Malahide\",\"publisher\":{\"@id\":\"https:\\\/\\\/www.iceireland.com\\\/pl\\\/#organization\"},\"potentialAction\":[{\"@type\":\"SearchAction\",\"target\":{\"@type\":\"EntryPoint\",\"urlTemplate\":\"https:\\\/\\\/www.iceireland.com\\\/pl\\\/?s={search_term_string}\"},\"query-input\":{\"@type\":\"PropertyValueSpecification\",\"valueRequired\":true,\"valueName\":\"search_term_string\"}}],\"inLanguage\":\"pl-PL\"},{\"@type\":\"Organization\",\"@id\":\"https:\\\/\\\/www.iceireland.com\\\/pl\\\/#organization\",\"name\":\"Irish College of English\",\"url\":\"https:\\\/\\\/www.iceireland.com\\\/pl\\\/\",\"logo\":{\"@type\":\"ImageObject\",\"inLanguage\":\"pl-PL\",\"@id\":\"https:\\\/\\\/www.iceireland.com\\\/pl\\\/#\\\/schema\\\/logo\\\/image\\\/\",\"url\":\"https:\\\/\\\/www.iceireland.com\\\/wp-content\\\/uploads\\\/2022\\\/03\\\/logo.png\",\"contentUrl\":\"https:\\\/\\\/www.iceireland.com\\\/wp-content\\\/uploads\\\/2022\\\/03\\\/logo.png\",\"width\":593,\"height\":92,\"caption\":\"Irish College of English\"},\"image\":{\"@id\":\"https:\\\/\\\/www.iceireland.com\\\/pl\\\/#\\\/schema\\\/logo\\\/image\\\/\"}}]}<\/script>\n<!-- \/ Yoast SEO plugin. -->","yoast_head_json":{"title":"Wsparcie i zaanga\u017cowanie student\u00f3w - Irish College of English","robots":{"index":"index","follow":"follow","max-snippet":"max-snippet:-1","max-image-preview":"max-image-preview:large","max-video-preview":"max-video-preview:-1"},"canonical":"https:\/\/www.iceireland.com\/pl\/student-support-and-engagement\/","og_locale":"pl_PL","og_type":"article","og_title":"Wsparcie i zaanga\u017cowanie student\u00f3w - Irish College of English","og_description":"Wsparcie i zaanga\u017cowanie student\u00f3w: ICE zobowi\u0105zuje si\u0119 do \u015bwiadczenia us\u0142ug wsparcia, aby pom\u00f3c uczniom w osi\u0105gni\u0119ciu ich cel\u00f3w zwi\u0105zanych z nauk\u0105 j\u0119zyka. Obejmuje to doradztwo akademickie, korepetycje i dodatkowe wsparcie dla uczni\u00f3w o specjalnych potrzebach. Wspieramy post\u0119py akademickie uczni\u00f3w w oparciu o pomy\u015blne uko\u0144czenie cel\u00f3w kursu zgodnych z CEFR. Promujemy aktywne zaanga\u017cowanie uczni\u00f3w poprzez interaktywne [&hellip;]","og_url":"https:\/\/www.iceireland.com\/pl\/student-support-and-engagement\/","og_site_name":"Irish College of English","article_modified_time":"2026-01-30T18:26:41+00:00","twitter_misc":{"Szacowany czas czytania":"1 minuta"},"schema":{"@context":"https:\/\/schema.org","@graph":[{"@type":"WebPage","@id":"https:\/\/www.iceireland.com\/pl\/student-support-and-engagement\/","url":"https:\/\/www.iceireland.com\/pl\/student-support-and-engagement\/","name":"Wsparcie i zaanga\u017cowanie student\u00f3w - Irish College of English","isPartOf":{"@id":"https:\/\/www.iceireland.com\/pl\/#website"},"datePublished":"2024-08-13T15:03:55+00:00","dateModified":"2026-01-30T18:26:41+00:00","breadcrumb":{"@id":"https:\/\/www.iceireland.com\/pl\/student-support-and-engagement\/#breadcrumb"},"inLanguage":"pl-PL","potentialAction":[{"@type":"ReadAction","target":["https:\/\/www.iceireland.com\/pl\/student-support-and-engagement\/"]}]},{"@type":"BreadcrumbList","@id":"https:\/\/www.iceireland.com\/pl\/student-support-and-engagement\/#breadcrumb","itemListElement":[{"@type":"ListItem","position":1,"name":"Home","item":"https:\/\/www.iceireland.com\/pl\/"},{"@type":"ListItem","position":2,"name":"Wsparcie i zaanga\u017cowanie student\u00f3w"}]},{"@type":"WebSite","@id":"https:\/\/www.iceireland.com\/pl\/#website","url":"https:\/\/www.iceireland.com\/pl\/","name":"Irish College of English","description":"English School in Dublin, Malahide","publisher":{"@id":"https:\/\/www.iceireland.com\/pl\/#organization"},"potentialAction":[{"@type":"SearchAction","target":{"@type":"EntryPoint","urlTemplate":"https:\/\/www.iceireland.com\/pl\/?s={search_term_string}"},"query-input":{"@type":"PropertyValueSpecification","valueRequired":true,"valueName":"search_term_string"}}],"inLanguage":"pl-PL"},{"@type":"Organization","@id":"https:\/\/www.iceireland.com\/pl\/#organization","name":"Irish College of English","url":"https:\/\/www.iceireland.com\/pl\/","logo":{"@type":"ImageObject","inLanguage":"pl-PL","@id":"https:\/\/www.iceireland.com\/pl\/#\/schema\/logo\/image\/","url":"https:\/\/www.iceireland.com\/wp-content\/uploads\/2022\/03\/logo.png","contentUrl":"https:\/\/www.iceireland.com\/wp-content\/uploads\/2022\/03\/logo.png","width":593,"height":92,"caption":"Irish College of English"},"image":{"@id":"https:\/\/www.iceireland.com\/pl\/#\/schema\/logo\/image\/"}}]}},"_links":{"self":[{"href":"https:\/\/www.iceireland.com\/pl\/wp-json\/wp\/v2\/pages\/33190","targetHints":{"allow":["GET"]}}],"collection":[{"href":"https:\/\/www.iceireland.com\/pl\/wp-json\/wp\/v2\/pages"}],"about":[{"href":"https:\/\/www.iceireland.com\/pl\/wp-json\/wp\/v2\/types\/page"}],"author":[{"embeddable":true,"href":"https:\/\/www.iceireland.com\/pl\/wp-json\/wp\/v2\/users\/3"}],"replies":[{"embeddable":true,"href":"https:\/\/www.iceireland.com\/pl\/wp-json\/wp\/v2\/comments?post=33190"}],"version-history":[{"count":1,"href":"https:\/\/www.iceireland.com\/pl\/wp-json\/wp\/v2\/pages\/33190\/revisions"}],"predecessor-version":[{"id":33193,"href":"https:\/\/www.iceireland.com\/pl\/wp-json\/wp\/v2\/pages\/33190\/revisions\/33193"}],"wp:attachment":[{"href":"https:\/\/www.iceireland.com\/pl\/wp-json\/wp\/v2\/media?parent=33190"}],"curies":[{"name":"wp","href":"https:\/\/api.w.org\/{rel}","templated":true}]}}