{"id":33198,"date":"2024-08-13T14:18:49","date_gmt":"2024-08-13T14:18:49","guid":{"rendered":"https:\/\/www.iceireland.com\/course-purpose-intended-learning-outcomes-adult-courses\/"},"modified":"2026-01-30T18:26:41","modified_gmt":"2026-01-30T18:26:41","slug":"course-purpose-intended-learning-outcomes-adult-courses","status":"publish","type":"page","link":"https:\/\/www.iceireland.com\/pl\/course-purpose-intended-learning-outcomes-adult-courses\/","title":{"rendered":"Cel kursu i zamierzone efekty uczenia si\u0119 &#8211; kursy dla doros\u0142ych"},"content":{"rendered":"\t\t<div data-elementor-type=\"wp-page\" data-elementor-id=\"33198\" class=\"elementor elementor-33198 elementor-27245\" data-elementor-post-type=\"page\">\n\t\t\t\t\t\t<section class=\"elementor-section elementor-top-section elementor-element elementor-element-edee056 elementor-section-boxed elementor-section-height-default elementor-section-height-default\" data-id=\"edee056\" data-element_type=\"section\" data-e-type=\"section\">\n\t\t\t\t\t\t<div class=\"elementor-container elementor-column-gap-default\">\n\t\t\t\t\t<div class=\"elementor-column elementor-col-100 elementor-top-column elementor-element elementor-element-7b200fb\" data-id=\"7b200fb\" data-element_type=\"column\" data-e-type=\"column\">\n\t\t\t<div class=\"elementor-widget-wrap elementor-element-populated\">\n\t\t\t\t\t\t<div class=\"elementor-element elementor-element-05f6122 elementor-widget elementor-widget-text-editor\" data-id=\"05f6122\" data-element_type=\"widget\" data-e-type=\"widget\" data-widget_type=\"text-editor.default\">\n\t\t\t\t<div class=\"elementor-widget-container\">\n\t\t\t\t\t\t\t\t\t<h2>Cel kursu i zamierzone efekty uczenia si\u0119 &#8211; kursy dla doros\u0142ych<\/h2><p> <\/p><p>Cel<\/p><p>Celem naszych kurs\u00f3w dla doros\u0142ych jest zapewnienie doros\u0142ym ucz\u0105cym si\u0119 kompleksowego i elastycznego \u015brodowiska do poprawy ich umiej\u0119tno\u015bci j\u0119zykowych. Poprzez przestrzeganie ustrukturyzowanego programu nauczania opartego na skali CEFR, kurs ma na celu pom\u00f3c uczestnikom osi\u0105gn\u0105\u0107 wymierny post\u0119p w ich bieg\u0142o\u015bci j\u0119zykowej, zaspokajaj\u0105c r\u00f3\u017cne cele osobiste i zawodowe. Chocia\u017c naszym g\u0142\u00f3wnym celem jest zwi\u0119kszenie zdolno\u015bci naszych uczni\u00f3w do skutecznego komunikowania si\u0119 w j\u0119zyku angielskim, koncentrujemy si\u0119 r\u00f3wnie\u017c na wyposa\u017ceniu uczni\u00f3w w umiej\u0119tno\u015bci j\u0119zykowe potrzebne w miejscu pracy, programach uniwersyteckich i integracji spo\u0142ecznej. Doro\u015bli mog\u0105 dostosowa\u0107 sw\u00f3j program, aby doda\u0107 dodatkowe zaj\u0119cia indywidualne, co pozwala im zwi\u0119kszy\u0107 intensywno\u015b\u0107 ich programu. Doro\u015bli mog\u0105 r\u00f3wnie\u017c uczestniczy\u0107 w naszych programach spo\u0142ecznych i aktywno\u015bciach dla doros\u0142ych, dodaj\u0105c element mi\u0119dzykulturowy i krajoznawczy do swojego do\u015bwiadczenia. Ponadto program oferuje mo\u017cliwo\u015b\u0107 pobytu u lokalnych gospodarzy, zapewniaj\u0105c autentyczne mo\u017cliwo\u015bci \u0107wiczenia j\u0119zyka angielskiego i zanurzenia si\u0119 w kulturze, zwi\u0119kszaj\u0105c ich og\u00f3lne zrozumienie i docenienie j\u0119zyka w rzeczywistych kontekstach.     <\/p><p> <\/p><p>Zamierzone efekty uczenia si\u0119<\/p><p>Zamierzone efekty uczenia si\u0119 naszego kursu j\u0119zyka angielskiego dla doros\u0142ych maj\u0105 zapewni\u0107, \u017ce uczniowie osi\u0105gn\u0105 wszechstronn\u0105 i praktyczn\u0105 znajomo\u015b\u0107 j\u0119zyka, u\u0142atwiaj\u0105c\u0105 skuteczn\u0105 komunikacj\u0119 w r\u00f3\u017cnych kontekstach. Pod koniec kursu uczniowie powinni by\u0107 w stanie wykaza\u0107 si\u0119 lepsz\u0105 bieg\u0142o\u015bci\u0105 w s\u0142uchaniu, m\u00f3wieniu, czytaniu i pisaniu, dostosowan\u0105 do ich konkretnego poziomu CEFR. B\u0119d\u0105 przygotowani do rozumienia i anga\u017cowania si\u0119 w codzienne rozmowy, jasnego wyra\u017cania swoich my\u015bli i pomys\u0142\u00f3w oraz rozumienia tekst\u00f3w pisanych o r\u00f3\u017cnym stopniu z\u0142o\u017cono\u015bci. Ponadto uczniowie rozwin\u0105 umiej\u0119tno\u015b\u0107 pisania sp\u00f3jnych i ustrukturyzowanych tekst\u00f3w, w tym e-maili, raport\u00f3w i esej\u00f3w, odpowiednich do ich poziomu zaawansowania.   <\/p><p>Poza umiej\u0119tno\u015bciami j\u0119zykowymi, kurs ma na celu zwi\u0119kszenie kompetencji kulturowych uczni\u00f3w i ich zdolno\u015bci do poruszania si\u0119 w \u015brodowisku spo\u0142ecznym i zawodowym w \u015brodowisku angloj\u0119zycznym. Uczniowie zdob\u0119d\u0105 wgl\u0105d w normy kulturowe, wyra\u017cenia idiomatyczne i u\u017cycie j\u0119zyka specyficzne dla kontekstu, co pozwoli im na bardziej efektywn\u0105 i pewn\u0105 interakcj\u0119. Kurs ma r\u00f3wnie\u017c na celu zwi\u0119kszenie szans uczni\u00f3w na zatrudnienie poprzez zapewnienie im s\u0142ownictwa i umiej\u0119tno\u015bci komunikacyjnych, otwieraj\u0105c tym samym wi\u0119ksze mo\u017cliwo\u015bci kariery. Og\u00f3lnie rzecz bior\u0105c, kurs ma na celu umo\u017cliwienie uczniom osi\u0105gni\u0119cia ich osobistych, zawodowych i akademickich cel\u00f3w poprzez solidne podstawy znajomo\u015bci j\u0119zyka angielskiego i zrozumienia kulturowego.   <\/p>\t\t\t\t\t\t\t\t<\/div>\n\t\t\t\t<\/div>\n\t\t\t\t\t<\/div>\n\t\t<\/div>\n\t\t\t\t\t<\/div>\n\t\t<\/section>\n\t\t\t\t<\/div>\n\t\t","protected":false},"excerpt":{"rendered":"<p>Cel kursu i zamierzone efekty uczenia si\u0119 &#8211; kursy dla doros\u0142ych Cel Celem naszych kurs\u00f3w dla doros\u0142ych jest zapewnienie doros\u0142ym ucz\u0105cym si\u0119 kompleksowego i elastycznego \u015brodowiska do poprawy ich umiej\u0119tno\u015bci j\u0119zykowych. Poprzez przestrzeganie ustrukturyzowanego programu nauczania opartego na skali CEFR, kurs ma na celu pom\u00f3c uczestnikom osi\u0105gn\u0105\u0107 wymierny post\u0119p w ich bieg\u0142o\u015bci j\u0119zykowej, zaspokajaj\u0105c r\u00f3\u017cne [&hellip;]<\/p>\n","protected":false},"author":3,"featured_media":0,"parent":0,"menu_order":0,"comment_status":"closed","ping_status":"closed","template":"","meta":{"content-type":"","footnotes":""},"class_list":["post-33198","page","type-page","status-publish","hentry"],"yoast_head":"<!-- This site is optimized with the Yoast SEO plugin v27.3 - https:\/\/yoast.com\/product\/yoast-seo-wordpress\/ -->\n<title>Cel kursu i zamierzone efekty uczenia si\u0119 - kursy dla doros\u0142ych - Irish College of English<\/title>\n<meta name=\"robots\" content=\"index, follow, max-snippet:-1, max-image-preview:large, max-video-preview:-1\" \/>\n<link rel=\"canonical\" href=\"https:\/\/www.iceireland.com\/pl\/course-purpose-intended-learning-outcomes-adult-courses\/\" \/>\n<meta property=\"og:locale\" content=\"pl_PL\" \/>\n<meta property=\"og:type\" content=\"article\" \/>\n<meta property=\"og:title\" content=\"Cel kursu i zamierzone efekty uczenia si\u0119 - kursy dla doros\u0142ych - Irish College of English\" \/>\n<meta property=\"og:description\" content=\"Cel kursu i zamierzone efekty uczenia si\u0119 &#8211; kursy dla doros\u0142ych Cel Celem naszych kurs\u00f3w dla doros\u0142ych jest zapewnienie doros\u0142ym ucz\u0105cym si\u0119 kompleksowego i elastycznego \u015brodowiska do poprawy ich umiej\u0119tno\u015bci j\u0119zykowych. Poprzez przestrzeganie ustrukturyzowanego programu nauczania opartego na skali CEFR, kurs ma na celu pom\u00f3c uczestnikom osi\u0105gn\u0105\u0107 wymierny post\u0119p w ich bieg\u0142o\u015bci j\u0119zykowej, zaspokajaj\u0105c r\u00f3\u017cne [&hellip;]\" \/>\n<meta property=\"og:url\" content=\"https:\/\/www.iceireland.com\/pl\/course-purpose-intended-learning-outcomes-adult-courses\/\" \/>\n<meta property=\"og:site_name\" content=\"Irish College of English\" \/>\n<meta property=\"article:modified_time\" content=\"2026-01-30T18:26:41+00:00\" \/>\n<meta name=\"twitter:label1\" content=\"Szacowany czas czytania\" \/>\n\t<meta name=\"twitter:data1\" content=\"2 minuty\" \/>\n<script type=\"application\/ld+json\" class=\"yoast-schema-graph\">{\"@context\":\"https:\\\/\\\/schema.org\",\"@graph\":[{\"@type\":\"WebPage\",\"@id\":\"https:\\\/\\\/www.iceireland.com\\\/pl\\\/course-purpose-intended-learning-outcomes-adult-courses\\\/\",\"url\":\"https:\\\/\\\/www.iceireland.com\\\/pl\\\/course-purpose-intended-learning-outcomes-adult-courses\\\/\",\"name\":\"Cel kursu i zamierzone efekty uczenia si\u0119 - kursy dla doros\u0142ych - Irish College of English\",\"isPartOf\":{\"@id\":\"https:\\\/\\\/www.iceireland.com\\\/pl\\\/#website\"},\"datePublished\":\"2024-08-13T14:18:49+00:00\",\"dateModified\":\"2026-01-30T18:26:41+00:00\",\"breadcrumb\":{\"@id\":\"https:\\\/\\\/www.iceireland.com\\\/pl\\\/course-purpose-intended-learning-outcomes-adult-courses\\\/#breadcrumb\"},\"inLanguage\":\"pl-PL\",\"potentialAction\":[{\"@type\":\"ReadAction\",\"target\":[\"https:\\\/\\\/www.iceireland.com\\\/pl\\\/course-purpose-intended-learning-outcomes-adult-courses\\\/\"]}]},{\"@type\":\"BreadcrumbList\",\"@id\":\"https:\\\/\\\/www.iceireland.com\\\/pl\\\/course-purpose-intended-learning-outcomes-adult-courses\\\/#breadcrumb\",\"itemListElement\":[{\"@type\":\"ListItem\",\"position\":1,\"name\":\"Home\",\"item\":\"https:\\\/\\\/www.iceireland.com\\\/pl\\\/\"},{\"@type\":\"ListItem\",\"position\":2,\"name\":\"Cel kursu i zamierzone efekty uczenia si\u0119 &#8211; kursy dla doros\u0142ych\"}]},{\"@type\":\"WebSite\",\"@id\":\"https:\\\/\\\/www.iceireland.com\\\/pl\\\/#website\",\"url\":\"https:\\\/\\\/www.iceireland.com\\\/pl\\\/\",\"name\":\"Irish College of English\",\"description\":\"English School in Dublin, Malahide\",\"publisher\":{\"@id\":\"https:\\\/\\\/www.iceireland.com\\\/pl\\\/#organization\"},\"potentialAction\":[{\"@type\":\"SearchAction\",\"target\":{\"@type\":\"EntryPoint\",\"urlTemplate\":\"https:\\\/\\\/www.iceireland.com\\\/pl\\\/?s={search_term_string}\"},\"query-input\":{\"@type\":\"PropertyValueSpecification\",\"valueRequired\":true,\"valueName\":\"search_term_string\"}}],\"inLanguage\":\"pl-PL\"},{\"@type\":\"Organization\",\"@id\":\"https:\\\/\\\/www.iceireland.com\\\/pl\\\/#organization\",\"name\":\"Irish College of English\",\"url\":\"https:\\\/\\\/www.iceireland.com\\\/pl\\\/\",\"logo\":{\"@type\":\"ImageObject\",\"inLanguage\":\"pl-PL\",\"@id\":\"https:\\\/\\\/www.iceireland.com\\\/pl\\\/#\\\/schema\\\/logo\\\/image\\\/\",\"url\":\"https:\\\/\\\/www.iceireland.com\\\/wp-content\\\/uploads\\\/2022\\\/03\\\/logo.png\",\"contentUrl\":\"https:\\\/\\\/www.iceireland.com\\\/wp-content\\\/uploads\\\/2022\\\/03\\\/logo.png\",\"width\":593,\"height\":92,\"caption\":\"Irish College of English\"},\"image\":{\"@id\":\"https:\\\/\\\/www.iceireland.com\\\/pl\\\/#\\\/schema\\\/logo\\\/image\\\/\"}}]}<\/script>\n<!-- \/ Yoast SEO plugin. -->","yoast_head_json":{"title":"Cel kursu i zamierzone efekty uczenia si\u0119 - kursy dla doros\u0142ych - Irish College of English","robots":{"index":"index","follow":"follow","max-snippet":"max-snippet:-1","max-image-preview":"max-image-preview:large","max-video-preview":"max-video-preview:-1"},"canonical":"https:\/\/www.iceireland.com\/pl\/course-purpose-intended-learning-outcomes-adult-courses\/","og_locale":"pl_PL","og_type":"article","og_title":"Cel kursu i zamierzone efekty uczenia si\u0119 - kursy dla doros\u0142ych - Irish College of English","og_description":"Cel kursu i zamierzone efekty uczenia si\u0119 &#8211; kursy dla doros\u0142ych Cel Celem naszych kurs\u00f3w dla doros\u0142ych jest zapewnienie doros\u0142ym ucz\u0105cym si\u0119 kompleksowego i elastycznego \u015brodowiska do poprawy ich umiej\u0119tno\u015bci j\u0119zykowych. Poprzez przestrzeganie ustrukturyzowanego programu nauczania opartego na skali CEFR, kurs ma na celu pom\u00f3c uczestnikom osi\u0105gn\u0105\u0107 wymierny post\u0119p w ich bieg\u0142o\u015bci j\u0119zykowej, zaspokajaj\u0105c r\u00f3\u017cne [&hellip;]","og_url":"https:\/\/www.iceireland.com\/pl\/course-purpose-intended-learning-outcomes-adult-courses\/","og_site_name":"Irish College of English","article_modified_time":"2026-01-30T18:26:41+00:00","twitter_misc":{"Szacowany czas czytania":"2 minuty"},"schema":{"@context":"https:\/\/schema.org","@graph":[{"@type":"WebPage","@id":"https:\/\/www.iceireland.com\/pl\/course-purpose-intended-learning-outcomes-adult-courses\/","url":"https:\/\/www.iceireland.com\/pl\/course-purpose-intended-learning-outcomes-adult-courses\/","name":"Cel kursu i zamierzone efekty uczenia si\u0119 - kursy dla doros\u0142ych - Irish College of English","isPartOf":{"@id":"https:\/\/www.iceireland.com\/pl\/#website"},"datePublished":"2024-08-13T14:18:49+00:00","dateModified":"2026-01-30T18:26:41+00:00","breadcrumb":{"@id":"https:\/\/www.iceireland.com\/pl\/course-purpose-intended-learning-outcomes-adult-courses\/#breadcrumb"},"inLanguage":"pl-PL","potentialAction":[{"@type":"ReadAction","target":["https:\/\/www.iceireland.com\/pl\/course-purpose-intended-learning-outcomes-adult-courses\/"]}]},{"@type":"BreadcrumbList","@id":"https:\/\/www.iceireland.com\/pl\/course-purpose-intended-learning-outcomes-adult-courses\/#breadcrumb","itemListElement":[{"@type":"ListItem","position":1,"name":"Home","item":"https:\/\/www.iceireland.com\/pl\/"},{"@type":"ListItem","position":2,"name":"Cel kursu i zamierzone efekty uczenia si\u0119 &#8211; kursy dla doros\u0142ych"}]},{"@type":"WebSite","@id":"https:\/\/www.iceireland.com\/pl\/#website","url":"https:\/\/www.iceireland.com\/pl\/","name":"Irish College of English","description":"English School in Dublin, Malahide","publisher":{"@id":"https:\/\/www.iceireland.com\/pl\/#organization"},"potentialAction":[{"@type":"SearchAction","target":{"@type":"EntryPoint","urlTemplate":"https:\/\/www.iceireland.com\/pl\/?s={search_term_string}"},"query-input":{"@type":"PropertyValueSpecification","valueRequired":true,"valueName":"search_term_string"}}],"inLanguage":"pl-PL"},{"@type":"Organization","@id":"https:\/\/www.iceireland.com\/pl\/#organization","name":"Irish College of English","url":"https:\/\/www.iceireland.com\/pl\/","logo":{"@type":"ImageObject","inLanguage":"pl-PL","@id":"https:\/\/www.iceireland.com\/pl\/#\/schema\/logo\/image\/","url":"https:\/\/www.iceireland.com\/wp-content\/uploads\/2022\/03\/logo.png","contentUrl":"https:\/\/www.iceireland.com\/wp-content\/uploads\/2022\/03\/logo.png","width":593,"height":92,"caption":"Irish College of English"},"image":{"@id":"https:\/\/www.iceireland.com\/pl\/#\/schema\/logo\/image\/"}}]}},"_links":{"self":[{"href":"https:\/\/www.iceireland.com\/pl\/wp-json\/wp\/v2\/pages\/33198","targetHints":{"allow":["GET"]}}],"collection":[{"href":"https:\/\/www.iceireland.com\/pl\/wp-json\/wp\/v2\/pages"}],"about":[{"href":"https:\/\/www.iceireland.com\/pl\/wp-json\/wp\/v2\/types\/page"}],"author":[{"embeddable":true,"href":"https:\/\/www.iceireland.com\/pl\/wp-json\/wp\/v2\/users\/3"}],"replies":[{"embeddable":true,"href":"https:\/\/www.iceireland.com\/pl\/wp-json\/wp\/v2\/comments?post=33198"}],"version-history":[{"count":1,"href":"https:\/\/www.iceireland.com\/pl\/wp-json\/wp\/v2\/pages\/33198\/revisions"}],"predecessor-version":[{"id":33200,"href":"https:\/\/www.iceireland.com\/pl\/wp-json\/wp\/v2\/pages\/33198\/revisions\/33200"}],"wp:attachment":[{"href":"https:\/\/www.iceireland.com\/pl\/wp-json\/wp\/v2\/media?parent=33198"}],"curies":[{"name":"wp","href":"https:\/\/api.w.org\/{rel}","templated":true}]}}