{"id":33279,"date":"2024-04-30T09:25:48","date_gmt":"2024-04-30T09:25:48","guid":{"rendered":"https:\/\/www.iceireland.com\/ayp-students-information\/"},"modified":"2026-01-30T18:27:13","modified_gmt":"2026-01-30T18:27:13","slug":"ayp-students-information","status":"publish","type":"page","link":"https:\/\/www.iceireland.com\/pl\/ayp-students-information\/","title":{"rendered":"Informacje dla student\u00f3w AYP"},"content":{"rendered":"\t\t<div data-elementor-type=\"wp-page\" data-elementor-id=\"33279\" class=\"elementor elementor-33279 elementor-26655\" data-elementor-post-type=\"page\">\n\t\t\t\t\t\t<section class=\"elementor-section elementor-top-section elementor-element elementor-element-243d41d elementor-section-boxed elementor-section-height-default elementor-section-height-default\" data-id=\"243d41d\" data-element_type=\"section\" data-e-type=\"section\">\n\t\t\t\t\t\t<div class=\"elementor-container elementor-column-gap-default\">\n\t\t\t\t\t<div class=\"elementor-column elementor-col-100 elementor-top-column elementor-element elementor-element-676ff18\" data-id=\"676ff18\" data-element_type=\"column\" data-e-type=\"column\">\n\t\t\t<div class=\"elementor-widget-wrap elementor-element-populated\">\n\t\t\t\t\t\t<div class=\"elementor-element elementor-element-bbd609a elementor-widget elementor-widget-heading\" data-id=\"bbd609a\" data-element_type=\"widget\" data-e-type=\"widget\" data-widget_type=\"heading.default\">\n\t\t\t\t<div class=\"elementor-widget-container\">\n\t\t\t\t\t<h2 class=\"elementor-heading-title elementor-size-default\">Informacje dla student\u00f3w AYP<\/h2>\t\t\t\t<\/div>\n\t\t\t\t<\/div>\n\t\t\t\t\t<\/div>\n\t\t<\/div>\n\t\t\t\t\t<\/div>\n\t\t<\/section>\n\t\t\t\t<section class=\"elementor-section elementor-top-section elementor-element elementor-element-063f3d2 elementor-section-boxed elementor-section-height-default elementor-section-height-default\" data-id=\"063f3d2\" data-element_type=\"section\" data-e-type=\"section\">\n\t\t\t\t\t\t<div class=\"elementor-container elementor-column-gap-default\">\n\t\t\t\t\t<div class=\"elementor-column elementor-col-100 elementor-top-column elementor-element elementor-element-13de86c\" data-id=\"13de86c\" data-element_type=\"column\" data-e-type=\"column\">\n\t\t\t<div class=\"elementor-widget-wrap elementor-element-populated\">\n\t\t\t\t\t\t<div class=\"elementor-element elementor-element-d1f6baf elementor-widget elementor-widget-text-editor\" data-id=\"d1f6baf\" data-element_type=\"widget\" data-e-type=\"widget\" data-widget_type=\"text-editor.default\">\n\t\t\t\t<div class=\"elementor-widget-container\">\n\t\t\t\t\t\t\t\t\t<p>Program Roku Akademickiego to 35-tygodniowy kurs (25 tygodni kursu) dla student\u00f3w spoza EOG. Kurs ten jest wymieniony na tymczasowej li\u015bcie kwalifikuj\u0105cych si\u0119 program\u00f3w (ILEP) i jest odpowiedni dla student\u00f3w spoza EOG, kt\u00f3rzy chcieliby pracowa\u0107 i studiowa\u0107 Studenci przyst\u0119puj\u0105 do uznanego egzaminu na koniec kursu (IELTS). <\/p><p> <\/p><p><strong>Praca i wakacje<\/strong><\/p><p>W trakcie roku akademickiego studenci mog\u0105 pracowa\u0107 do 20 godzin tygodniowo, a w wakacje od czerwca do wrze\u015bnia i od 15 grudnia do 15 stycznia do 40 godzin tygodniowo.  <\/p><p>Studenci musz\u0105 uko\u0144czy\u0107 25 tygodni kursu w okresie 8 miesi\u0119cy. Pozosta\u0142e 10 tygodni to okres wakacyjny. Obowi\u0105zkowe 3-tygodniowe wakacje przypadaj\u0105 na okres \u015bwi\u0105t Bo\u017cego Narodzenia, a pozosta\u0142a cz\u0119\u015b\u0107 wakacji zostanie wykorzystana po uko\u0144czeniu 25 tygodni kursu. Wszelkie wakacje, kt\u00f3re student chce wzi\u0105\u0107 poza tymi okresami, musz\u0105 zosta\u0107 zarezerwowane w pierwszym tygodniu kursu.     <\/p><p> <\/p><p><strong><em>Szczeg\u00f3\u0142y kursu<\/em><\/strong><em> <\/em><\/p><p><strong><em>Program na rok akademicki: Angielski og\u00f3lny + IELTS<\/em><\/strong><em> <\/em><\/p><ul><li><em>25 tygodni czesnego<\/em><\/li><li><em>15 godzin tygodniowo<\/em><\/li><li><em>Maks. 15 uczni\u00f3w na klas\u0119 <\/em><\/li><li><em>Minimalny wiek: 18 lat<\/em><\/li><\/ul><p><em> <\/em><\/p><p><strong>Uwaga<\/strong>: Od 30 czerwca 2025 r. kwoty za dow\u00f3d wsparcia finansowego dla obywateli nieobj\u0119tych obowi\u0105zkiem wizowym wzrosn\u0105 zgodnie z poni\u017cszym opisem, aby dostosowa\u0107 si\u0119 do obywateli obj\u0119tych obowi\u0105zkiem wizowym.<\/p><ul><li>833 euro miesi\u0119cznie lub 6 665 euro (\u0142\u0105cznie) w przypadku kurs\u00f3w skutkuj\u0105cych pobytem trwaj\u0105cym 8 miesi\u0119cy lub kr\u00f3cej.<\/li><\/ul><p><strong><em>Poziomy<\/em><\/strong><\/p><p><em> <\/em><\/p><table><tbody><tr><td width=\"208\"><p><strong><em>Poziom wej\u015bcia<\/em><\/strong><\/p><p><strong><em> <\/em><\/strong><\/p><\/td><td width=\"208\"><p><strong><em>Oczekiwany poziom wyj\u015bcia<\/em><\/strong><\/p><p><strong><em> <\/em><\/strong><\/p><\/td><td width=\"208\"><p><strong><em>Opcje egzaminu<\/em><\/strong><\/p><p><strong><em> <\/em><\/strong><\/p><\/td><\/tr><tr><td width=\"208\"><p><em>Pre-Intermediate (A2)  <\/em><\/p><p><em> <\/em><\/p><\/td><td width=\"208\"><p><em>\u015arednio zaawansowany (B1)<\/em><\/p><\/td><td width=\"208\"><p><em>Cambridge PET<\/em><\/p><\/td><\/tr><tr><td width=\"208\"><p><em>\u015arednio zaawansowany (B1)<\/em><\/p><p><em> <\/em><\/p><\/td><td width=\"208\"><p><em>\u015arednio zaawansowany (B2)<\/em><\/p><\/td><td width=\"208\"><p><em>IELTS  <\/em><\/p><\/td><\/tr><tr><td width=\"208\"><p><em>\u015arednio zaawansowany (B2)<\/em><\/p><p><em> <\/em><\/p><\/td><td width=\"208\"><p><em>Zaawansowany (C1)<\/em><\/p><\/td><td width=\"208\"><p><em>IELTS<\/em><\/p><\/td><\/tr><tr><td width=\"208\"><p><em>Zaawansowany (C1)<\/em><\/p><p><em> <\/em><\/p><\/td><td width=\"208\"><p><em>Zaawansowany (C1)<\/em><\/p><\/td><td width=\"208\"><p><em>IELTS<\/em><\/p><\/td><\/tr><\/tbody><\/table><p><em>We\u017a udzia\u0142 w naszym <\/em><a href=\"https:\/\/iceireland.typeform.com\/to\/J4KRFk\">Test online<\/a> <em>a my potwierdzimy Tw\u00f3j poziom.<\/em><\/p><p> <\/p><p><strong><em>Harmonogram zaj\u0119\u0107: <\/em><\/strong>Od poniedzia\u0142ku do pi\u0105tku: 9.15-12.30<\/p><p><strong>Przerwa \u015bwi\u0105teczna 2025<\/strong>: 15 grudnia &#8211; 2 stycznia<\/p><p><strong>\u015awi\u0119ta pa\u0144stwowe 2025<\/strong>: 3 lutego, 17 marca, 21 kwietnia, 5 maja, 2 czerwca, 4 sierpnia, 27 pa\u017adziernika<\/p><p> <\/p><p><strong><em>Op\u0142aty za kurs<\/em><\/strong><em> <\/em><\/p><p><em>Op\u0142ata za kurs: 3710 \u20ac<\/em><em> <\/em><\/p><p><em>Op\u0142aty obejmuj\u0105:<\/em><em> <\/em><\/p><ul><li>25 tygodni czesnego<\/li><li>Rejestracja<\/li><li>Podr\u0119cznik<\/li><li>Ubezpieczenie medyczne<\/li><li>Ochrona uczni\u00f3w<\/li><li>IELTS<\/li><\/ul><p><em> <\/em><\/p><p><em> <\/em><\/p><p><strong><em>Egzaminy<\/em><em> <\/em><\/strong><\/p><p>Studenci przyst\u0105pi\u0105 do egzaminu IELTS pod koniec kursu.<\/p><p> <\/p><p><strong><em>Obecno\u015b\u0107<\/em><\/strong><em> <\/em><\/p><p>Studenci s\u0105 zobowi\u0105zani do utrzymania frekwencji na poziomie 85%.<em> <\/em><\/p><p><em> <\/em><\/p><p><strong><em>Praca i wakacje<\/em><\/strong><em> <\/em><\/p><p>Studenci roku akademickiego musz\u0105 uko\u0144czy\u0107 25 tygodni kursu w okresie 8 miesi\u0119cy. Pozosta\u0142e 10 tygodni to okres wakacyjny. <\/p><p>Obowi\u0105zkowe 3-tygodniowe wakacje przypadaj\u0105 na okres \u015bwi\u0105t Bo\u017cego Narodzenia, pozosta\u0142a cz\u0119\u015b\u0107 wakacji zostanie wykorzystana po uko\u0144czeniu 25 tygodni kursu, a wszelkie wakacje, kt\u00f3re student chce wykorzysta\u0107 poza tymi okresami, musz\u0105 zosta\u0107 zarezerwowane w pierwszym tygodniu kursu.<\/p><p>Studenci roku akademickiego maj\u0105 prawo do pracy w wymiarze 20 godzin tygodniowo podczas trwania kursu i 40 godzin tygodniowo podczas wakacji od czerwca do wrze\u015bnia i od<sup>15<\/sup> grudnia do<sup>15<\/sup> stycznia.<\/p><p><em> <\/em><\/p><p><strong><em>Zakwaterowanie<\/em><\/strong><em> <\/em><\/p><p>Mo\u017cemy zorganizowa\u0107 zakwaterowanie u rodziny goszcz\u0105cej w Malahide lub jednym z okolicznych miast obok Malahide, 10-30 minut jazdy autobusem\/poci\u0105giem od szko\u0142y. Koszt wynosi 280 \u20ac tygodniowo, wszystkie posi\u0142ki s\u0105 wliczone w cen\u0119. Zakwaterowanie u rodziny goszcz\u0105cej zale\u017cy od dost\u0119pno\u015bci, maksymalna pocz\u0105tkowa rezerwacja to 4 tygodnie.  <\/p><p><em>  Ten kurs  <\/em><\/p>\t\t\t\t\t\t\t\t<\/div>\n\t\t\t\t<\/div>\n\t\t\t\t\t<\/div>\n\t\t<\/div>\n\t\t\t\t\t<\/div>\n\t\t<\/section>\n\t\t\t\t<section class=\"elementor-section elementor-top-section elementor-element elementor-element-2c19fd8 elementor-section-boxed elementor-section-height-default elementor-section-height-default\" data-id=\"2c19fd8\" data-element_type=\"section\" data-e-type=\"section\">\n\t\t\t\t\t\t<div class=\"elementor-container elementor-column-gap-default\">\n\t\t\t\t\t<div class=\"elementor-column elementor-col-100 elementor-top-column elementor-element elementor-element-8322d7f\" data-id=\"8322d7f\" data-element_type=\"column\" data-e-type=\"column\">\n\t\t\t<div class=\"elementor-widget-wrap elementor-element-populated\">\n\t\t\t\t\t\t<div class=\"elementor-element elementor-element-7a47391 elementor-widget elementor-widget-text-editor\" data-id=\"7a47391\" data-element_type=\"widget\" data-e-type=\"widget\" data-widget_type=\"text-editor.default\">\n\t\t\t\t<div class=\"elementor-widget-container\">\n\t\t\t\t\t\t\t\t\t<div class=\"fusion-text fusion-text-5\"><p><strong>ILEP<\/strong><\/p><p>Interim List of Eligible Programmes (ILEP) to lista zatwierdzonych program\u00f3w szkolnictwa wy\u017cszego opracowana przez irlandzki Departament Sprawiedliwo\u015bci i Imigracji.<\/p><p>Dostawcy us\u0142ug edukacyjnych, kt\u00f3rzy nie nale\u017c\u0105 do ILEP, nie mog\u0105 oferowa\u0107 kurs\u00f3w studentom spoza EOG.  <span style=\"color: var( --e-global-color-text ); font-family: var( --e-global-typography-text-font-family ), Sans-serif; font-weight: var( --e-global-typography-text-font-weight );\">Obywatele spoza EOG, kt\u00f3rzy zamierzaj\u0105 studiowa\u0107 d\u0142u\u017cej ni\u017c 90 dni, musz\u0105 zapisa\u0107 si\u0119 na kurs wymieniony w ILEP. Kurs musi by\u0107 programem dziennym w pe\u0142nym wymiarze godzin, a nie programem w niepe\u0142nym wymiarze godzin lub programem kszta\u0142cenia na odleg\u0142o\u015b\u0107. <\/span><\/p><p>Wszyscy dostawcy us\u0142ug edukacyjnych, w tym uniwersytety, szko\u0142y wy\u017csze i szko\u0142y j\u0119zyka angielskiego, musz\u0105 spe\u0142nia\u0107 okre\u015blone standardy i wymagania, aby ich kursy zosta\u0142y uwzgl\u0119dnione w ILEP.<\/p><p>Na przyk\u0142ad, dostawcy us\u0142ug edukacyjnych musz\u0105 posiada\u0107 odpowiednie zasady dotycz\u0105ce:<\/p><ul><li>Zwrot op\u0142at studenckich i innych p\u0142atno\u015bci w przypadku odmowy wydania wizy studenckiej<\/li><li>Monitorowanie obecno\u015bci na zaj\u0119ciach i punktualno\u015bci<\/li><li>Post\u0119powanie w przypadku nieobecno\u015bci i wydalenia<\/li><li>Zwolnienie lekarskie studenta<\/li><li>Wakacje i przerwy dla student\u00f3w<\/li><li>Rejestracja student\u00f3w na egzaminy ko\u0144cz\u0105ce program<\/li><li>Oceny i egzaminy student\u00f3w<\/li><\/ul><p>Opr\u00f3cz tego wszyscy dostawcy us\u0142ug edukacyjnych musz\u0105 zapewni\u0107 swoim studentom ochron\u0119 os\u00f3b ucz\u0105cych si\u0119, znan\u0105 r\u00f3wnie\u017c jako ochrona zapisanych os\u00f3b ucz\u0105cych si\u0119. Oznacza to, \u017ce istniej\u0105 \u015brodki umo\u017cliwiaj\u0105ce kontynuowanie nauki w innym miejscu lub otrzymanie zwrotu koszt\u00f3w i op\u0142at w przypadku przedwczesnego zako\u0144czenia kursu. <\/p><p>List akceptacyjny od wybranego dostawcy us\u0142ug edukacyjnych musi wyra\u017anie stwierdza\u0107, \u017ce jeste\u015b chroniony umowami o ochronie uczni\u00f3w. Je\u015bli ustalenia dotycz\u0105ce ochrony os\u00f3b ucz\u0105cych si\u0119 s\u0105 dokonywane w ramach programu ubezpieczeniowego, dostawca us\u0142ug edukacyjnych musi wyda\u0107 za\u015bwiadczenie potwierdzaj\u0105ce, \u017ce jeste\u015b obj\u0119ty ochron\u0105. <\/p><p>Je\u015bli jeste\u015b zapisany na kurs j\u0119zyka angielskiego w ILEP, mo\u017cesz otrzyma\u0107 jednorazowe zezwolenie imigracyjne na okres do o\u015bmiu miesi\u0119cy.  <span style=\"color: var( --e-global-color-text ); font-family: var( --e-global-typography-text-font-family ), Sans-serif; font-weight: var( --e-global-typography-text-font-weight );\">Mo\u017cesz wzi\u0105\u0107 udzia\u0142 w maksymalnie trzech kursach j\u0119zyka angielskiego, z kt\u00f3rych ka\u017cdy trwa osiem miesi\u0119cy, co daje \u0142\u0105cznie 24 miesi\u0105ce pozwolenia imigracyjnego.<\/span><\/p><p>Pami\u0119taj, \u017ce b\u0119dziesz musia\u0142 spe\u0142ni\u0107 wymagania dotycz\u0105ce frekwencji i przyst\u0105pi\u0107 do egzaminu ko\u0144cz\u0105cego program dla ka\u017cdego kursu, w kt\u00f3rym we\u017amiesz udzia\u0142, aby za ka\u017cdym razem odnowi\u0107 pozwolenie na nauk\u0119.<\/p><p>Je\u015bli chcesz pozosta\u0107 studentem po wyga\u015bni\u0119ciu pozwolenia imigracyjnego, musisz zapisa\u0107 si\u0119 na program szkolnictwa wy\u017cszego wymieniony w ILEP.<\/p><p data-wahfont=\"19\">Tymczasowa Lista Kwalifikuj\u0105cych si\u0119 Program\u00f3w (ILEP) <strong><a role=\"link\" href=\"https:\/\/www.irishimmigration.ie\/coming-to-study-in-ireland\/what-are-my-study-options\/a-third-level-course-or-a-language-course\/\" data-wahfont=\"19\">Tymczasowa lista kwalifikuj\u0105cych si\u0119 program\u00f3w (ILEP)<\/a><\/strong> zawiera aktualn\u0105 list\u0119 zatwierdzonych program\u00f3w.<\/p><p data-wahfont=\"19\">Po zapisaniu si\u0119 na zatwierdzony kierunek studi\u00f3w mo\u017cesz ubiega\u0107 si\u0119 o pozwolenie imigracyjne na studia w Irlandii.  <span style=\"color: var( --e-global-color-text ); font-family: var( --e-global-typography-text-font-family ), Sans-serif; font-weight: var( --e-global-typography-text-font-weight );\">Je\u015bli zapiszesz si\u0119 na program nauki j\u0119zyka angielskiego wymieniony na li\u015bcie ILEP, mo\u017cesz ubiega\u0107 si\u0119 o zezwolenie imigracyjne Stamp 2 na okres do o\u015bmiu miesi\u0119cy. Musisz: <\/span><\/p><ul><li data-wahfont=\"19\">zapisa\u0107 si\u0119 na program trwaj\u0105cy co najmniej 25 tygodni<\/li><li data-wahfont=\"19\">ucz\u0119szcza\u0107 na zaj\u0119cia przez co najmniej 15 godzin tygodniowo<\/li><li data-wahfont=\"19\">ucz\u0119szcza\u0107 na co najmniej 85% zaj\u0119\u0107<\/li><li data-wahfont=\"19\">zda\u0107 egzamin ko\u0144cz\u0105cy program.<\/li><\/ul><p> <\/p><p data-wahfont=\"19\"><span style=\"color: var( --e-global-color-text ); font-family: var( --e-global-typography-text-font-family ), Sans-serif; font-weight: var( --e-global-typography-text-font-weight );\">Studenci zagraniczni mog\u0105 pracowa\u0107 w Irlandii bez konieczno\u015bci ubiegania si\u0119 o oddzieln\u0105 wiz\u0119 pracownicz\u0105. Istniej\u0105 jednak ograniczenia dotycz\u0105ce liczby godzin pracy. <\/span><\/p><\/div><p>W czasie semestru b\u0119dziesz m\u00f3g\u0142 pracowa\u0107 do 20 godzin tygodniowo. Natomiast w okresie wakacji (czerwiec, lipiec, sierpie\u0144 i wrzesie\u0144 oraz mi\u0119dzy 15 grudnia a 15 stycznia) b\u0119dziesz m\u00f3g\u0142 pracowa\u0107 do 40 godzin tygodniowo. <\/p><p data-wahfont=\"19\"> <\/p>\t\t\t\t\t\t\t\t<\/div>\n\t\t\t\t<\/div>\n\t\t\t\t\t<\/div>\n\t\t<\/div>\n\t\t\t\t\t<\/div>\n\t\t<\/section>\n\t\t\t\t<\/div>\n\t\t","protected":false},"excerpt":{"rendered":"<p>Informacje dla student\u00f3w AYP Program Roku Akademickiego to 35-tygodniowy kurs (25 tygodni kursu) dla student\u00f3w spoza EOG. Kurs ten jest wymieniony na tymczasowej li\u015bcie kwalifikuj\u0105cych si\u0119 program\u00f3w (ILEP) i jest odpowiedni dla student\u00f3w spoza EOG, kt\u00f3rzy chcieliby pracowa\u0107 i studiowa\u0107 Studenci przyst\u0119puj\u0105 do uznanego egzaminu na koniec kursu (IELTS). Praca i wakacje W trakcie roku [&hellip;]<\/p>\n","protected":false},"author":3,"featured_media":0,"parent":0,"menu_order":0,"comment_status":"closed","ping_status":"closed","template":"","meta":{"content-type":"","footnotes":""},"class_list":["post-33279","page","type-page","status-publish","hentry"],"yoast_head":"<!-- This site is optimized with the Yoast SEO plugin v27.3 - https:\/\/yoast.com\/product\/yoast-seo-wordpress\/ -->\n<title>Informacje dla student\u00f3w AYP - Irish College of English<\/title>\n<meta name=\"robots\" content=\"index, follow, max-snippet:-1, max-image-preview:large, max-video-preview:-1\" \/>\n<link rel=\"canonical\" href=\"https:\/\/www.iceireland.com\/pl\/ayp-students-information\/\" \/>\n<meta property=\"og:locale\" content=\"pl_PL\" \/>\n<meta property=\"og:type\" content=\"article\" \/>\n<meta property=\"og:title\" content=\"Informacje dla student\u00f3w AYP - Irish College of English\" \/>\n<meta property=\"og:description\" content=\"Informacje dla student\u00f3w AYP Program Roku Akademickiego to 35-tygodniowy kurs (25 tygodni kursu) dla student\u00f3w spoza EOG. Kurs ten jest wymieniony na tymczasowej li\u015bcie kwalifikuj\u0105cych si\u0119 program\u00f3w (ILEP) i jest odpowiedni dla student\u00f3w spoza EOG, kt\u00f3rzy chcieliby pracowa\u0107 i studiowa\u0107 Studenci przyst\u0119puj\u0105 do uznanego egzaminu na koniec kursu (IELTS). Praca i wakacje W trakcie roku [&hellip;]\" \/>\n<meta property=\"og:url\" content=\"https:\/\/www.iceireland.com\/pl\/ayp-students-information\/\" \/>\n<meta property=\"og:site_name\" content=\"Irish College of English\" \/>\n<meta property=\"article:modified_time\" content=\"2026-01-30T18:27:13+00:00\" \/>\n<meta name=\"twitter:label1\" content=\"Szacowany czas czytania\" \/>\n\t<meta name=\"twitter:data1\" content=\"5 minut\" \/>\n<script type=\"application\/ld+json\" class=\"yoast-schema-graph\">{\"@context\":\"https:\\\/\\\/schema.org\",\"@graph\":[{\"@type\":\"WebPage\",\"@id\":\"https:\\\/\\\/www.iceireland.com\\\/pl\\\/ayp-students-information\\\/\",\"url\":\"https:\\\/\\\/www.iceireland.com\\\/pl\\\/ayp-students-information\\\/\",\"name\":\"Informacje dla student\u00f3w AYP - Irish College of English\",\"isPartOf\":{\"@id\":\"https:\\\/\\\/www.iceireland.com\\\/pl\\\/#website\"},\"datePublished\":\"2024-04-30T09:25:48+00:00\",\"dateModified\":\"2026-01-30T18:27:13+00:00\",\"breadcrumb\":{\"@id\":\"https:\\\/\\\/www.iceireland.com\\\/pl\\\/ayp-students-information\\\/#breadcrumb\"},\"inLanguage\":\"pl-PL\",\"potentialAction\":[{\"@type\":\"ReadAction\",\"target\":[\"https:\\\/\\\/www.iceireland.com\\\/pl\\\/ayp-students-information\\\/\"]}]},{\"@type\":\"BreadcrumbList\",\"@id\":\"https:\\\/\\\/www.iceireland.com\\\/pl\\\/ayp-students-information\\\/#breadcrumb\",\"itemListElement\":[{\"@type\":\"ListItem\",\"position\":1,\"name\":\"Home\",\"item\":\"https:\\\/\\\/www.iceireland.com\\\/pl\\\/\"},{\"@type\":\"ListItem\",\"position\":2,\"name\":\"Informacje dla student\u00f3w AYP\"}]},{\"@type\":\"WebSite\",\"@id\":\"https:\\\/\\\/www.iceireland.com\\\/pl\\\/#website\",\"url\":\"https:\\\/\\\/www.iceireland.com\\\/pl\\\/\",\"name\":\"Irish College of English\",\"description\":\"English School in Dublin, Malahide\",\"publisher\":{\"@id\":\"https:\\\/\\\/www.iceireland.com\\\/pl\\\/#organization\"},\"potentialAction\":[{\"@type\":\"SearchAction\",\"target\":{\"@type\":\"EntryPoint\",\"urlTemplate\":\"https:\\\/\\\/www.iceireland.com\\\/pl\\\/?s={search_term_string}\"},\"query-input\":{\"@type\":\"PropertyValueSpecification\",\"valueRequired\":true,\"valueName\":\"search_term_string\"}}],\"inLanguage\":\"pl-PL\"},{\"@type\":\"Organization\",\"@id\":\"https:\\\/\\\/www.iceireland.com\\\/pl\\\/#organization\",\"name\":\"Irish College of English\",\"url\":\"https:\\\/\\\/www.iceireland.com\\\/pl\\\/\",\"logo\":{\"@type\":\"ImageObject\",\"inLanguage\":\"pl-PL\",\"@id\":\"https:\\\/\\\/www.iceireland.com\\\/pl\\\/#\\\/schema\\\/logo\\\/image\\\/\",\"url\":\"https:\\\/\\\/www.iceireland.com\\\/wp-content\\\/uploads\\\/2022\\\/03\\\/logo.png\",\"contentUrl\":\"https:\\\/\\\/www.iceireland.com\\\/wp-content\\\/uploads\\\/2022\\\/03\\\/logo.png\",\"width\":593,\"height\":92,\"caption\":\"Irish College of English\"},\"image\":{\"@id\":\"https:\\\/\\\/www.iceireland.com\\\/pl\\\/#\\\/schema\\\/logo\\\/image\\\/\"}}]}<\/script>\n<!-- \/ Yoast SEO plugin. -->","yoast_head_json":{"title":"Informacje dla student\u00f3w AYP - Irish College of English","robots":{"index":"index","follow":"follow","max-snippet":"max-snippet:-1","max-image-preview":"max-image-preview:large","max-video-preview":"max-video-preview:-1"},"canonical":"https:\/\/www.iceireland.com\/pl\/ayp-students-information\/","og_locale":"pl_PL","og_type":"article","og_title":"Informacje dla student\u00f3w AYP - Irish College of English","og_description":"Informacje dla student\u00f3w AYP Program Roku Akademickiego to 35-tygodniowy kurs (25 tygodni kursu) dla student\u00f3w spoza EOG. Kurs ten jest wymieniony na tymczasowej li\u015bcie kwalifikuj\u0105cych si\u0119 program\u00f3w (ILEP) i jest odpowiedni dla student\u00f3w spoza EOG, kt\u00f3rzy chcieliby pracowa\u0107 i studiowa\u0107 Studenci przyst\u0119puj\u0105 do uznanego egzaminu na koniec kursu (IELTS). Praca i wakacje W trakcie roku [&hellip;]","og_url":"https:\/\/www.iceireland.com\/pl\/ayp-students-information\/","og_site_name":"Irish College of English","article_modified_time":"2026-01-30T18:27:13+00:00","twitter_misc":{"Szacowany czas czytania":"5 minut"},"schema":{"@context":"https:\/\/schema.org","@graph":[{"@type":"WebPage","@id":"https:\/\/www.iceireland.com\/pl\/ayp-students-information\/","url":"https:\/\/www.iceireland.com\/pl\/ayp-students-information\/","name":"Informacje dla student\u00f3w AYP - Irish College of English","isPartOf":{"@id":"https:\/\/www.iceireland.com\/pl\/#website"},"datePublished":"2024-04-30T09:25:48+00:00","dateModified":"2026-01-30T18:27:13+00:00","breadcrumb":{"@id":"https:\/\/www.iceireland.com\/pl\/ayp-students-information\/#breadcrumb"},"inLanguage":"pl-PL","potentialAction":[{"@type":"ReadAction","target":["https:\/\/www.iceireland.com\/pl\/ayp-students-information\/"]}]},{"@type":"BreadcrumbList","@id":"https:\/\/www.iceireland.com\/pl\/ayp-students-information\/#breadcrumb","itemListElement":[{"@type":"ListItem","position":1,"name":"Home","item":"https:\/\/www.iceireland.com\/pl\/"},{"@type":"ListItem","position":2,"name":"Informacje dla student\u00f3w AYP"}]},{"@type":"WebSite","@id":"https:\/\/www.iceireland.com\/pl\/#website","url":"https:\/\/www.iceireland.com\/pl\/","name":"Irish College of English","description":"English School in Dublin, Malahide","publisher":{"@id":"https:\/\/www.iceireland.com\/pl\/#organization"},"potentialAction":[{"@type":"SearchAction","target":{"@type":"EntryPoint","urlTemplate":"https:\/\/www.iceireland.com\/pl\/?s={search_term_string}"},"query-input":{"@type":"PropertyValueSpecification","valueRequired":true,"valueName":"search_term_string"}}],"inLanguage":"pl-PL"},{"@type":"Organization","@id":"https:\/\/www.iceireland.com\/pl\/#organization","name":"Irish College of English","url":"https:\/\/www.iceireland.com\/pl\/","logo":{"@type":"ImageObject","inLanguage":"pl-PL","@id":"https:\/\/www.iceireland.com\/pl\/#\/schema\/logo\/image\/","url":"https:\/\/www.iceireland.com\/wp-content\/uploads\/2022\/03\/logo.png","contentUrl":"https:\/\/www.iceireland.com\/wp-content\/uploads\/2022\/03\/logo.png","width":593,"height":92,"caption":"Irish College of English"},"image":{"@id":"https:\/\/www.iceireland.com\/pl\/#\/schema\/logo\/image\/"}}]}},"_links":{"self":[{"href":"https:\/\/www.iceireland.com\/pl\/wp-json\/wp\/v2\/pages\/33279","targetHints":{"allow":["GET"]}}],"collection":[{"href":"https:\/\/www.iceireland.com\/pl\/wp-json\/wp\/v2\/pages"}],"about":[{"href":"https:\/\/www.iceireland.com\/pl\/wp-json\/wp\/v2\/types\/page"}],"author":[{"embeddable":true,"href":"https:\/\/www.iceireland.com\/pl\/wp-json\/wp\/v2\/users\/3"}],"replies":[{"embeddable":true,"href":"https:\/\/www.iceireland.com\/pl\/wp-json\/wp\/v2\/comments?post=33279"}],"version-history":[{"count":1,"href":"https:\/\/www.iceireland.com\/pl\/wp-json\/wp\/v2\/pages\/33279\/revisions"}],"predecessor-version":[{"id":33281,"href":"https:\/\/www.iceireland.com\/pl\/wp-json\/wp\/v2\/pages\/33279\/revisions\/33281"}],"wp:attachment":[{"href":"https:\/\/www.iceireland.com\/pl\/wp-json\/wp\/v2\/media?parent=33279"}],"curies":[{"name":"wp","href":"https:\/\/api.w.org\/{rel}","templated":true}]}}