{"id":33304,"date":"2024-04-30T08:28:30","date_gmt":"2024-04-30T08:28:30","guid":{"rendered":"https:\/\/www.iceireland.com\/adult-student-events-activity-programme\/"},"modified":"2026-01-30T18:27:21","modified_gmt":"2026-01-30T18:27:21","slug":"adult-student-events-activity-programme","status":"publish","type":"page","link":"https:\/\/www.iceireland.com\/pl\/adult-student-events-activity-programme\/","title":{"rendered":"Program wydarze\u0144 i aktywno\u015bci dla doros\u0142ych student\u00f3w"},"content":{"rendered":"\t\t<div data-elementor-type=\"wp-page\" data-elementor-id=\"33304\" class=\"elementor elementor-33304 elementor-26633\" data-elementor-post-type=\"page\">\n\t\t\t\t\t\t<section class=\"elementor-section elementor-top-section elementor-element elementor-element-621842e elementor-section-boxed elementor-section-height-default elementor-section-height-default\" data-id=\"621842e\" data-element_type=\"section\" data-e-type=\"section\">\n\t\t\t\t\t\t<div class=\"elementor-container elementor-column-gap-default\">\n\t\t\t\t\t<div class=\"elementor-column elementor-col-100 elementor-top-column elementor-element elementor-element-9248c5c\" data-id=\"9248c5c\" data-element_type=\"column\" data-e-type=\"column\">\n\t\t\t<div class=\"elementor-widget-wrap elementor-element-populated\">\n\t\t\t\t\t\t<div class=\"elementor-element elementor-element-833c559 elementor-widget elementor-widget-heading\" data-id=\"833c559\" data-element_type=\"widget\" data-e-type=\"widget\" data-widget_type=\"heading.default\">\n\t\t\t\t<div class=\"elementor-widget-container\">\n\t\t\t\t\t<h2 class=\"elementor-heading-title elementor-size-default\">Program wydarze\u0144 i aktywno\u015bci dla doros\u0142ych student\u00f3w<\/h2>\t\t\t\t<\/div>\n\t\t\t\t<\/div>\n\t\t\t\t\t<\/div>\n\t\t<\/div>\n\t\t\t\t\t<\/div>\n\t\t<\/section>\n\t\t\t\t<section class=\"elementor-section elementor-top-section elementor-element elementor-element-cc16b05 elementor-section-boxed elementor-section-height-default elementor-section-height-default\" data-id=\"cc16b05\" data-element_type=\"section\" data-e-type=\"section\">\n\t\t\t\t\t\t<div class=\"elementor-container elementor-column-gap-default\">\n\t\t\t\t\t<div class=\"elementor-column elementor-col-100 elementor-top-column elementor-element elementor-element-af502e2\" data-id=\"af502e2\" data-element_type=\"column\" data-e-type=\"column\">\n\t\t\t<div class=\"elementor-widget-wrap elementor-element-populated\">\n\t\t\t\t\t\t<div class=\"elementor-element elementor-element-6cab296 elementor-widget elementor-widget-text-editor\" data-id=\"6cab296\" data-element_type=\"widget\" data-e-type=\"widget\" data-widget_type=\"text-editor.default\">\n\t\t\t\t<div class=\"elementor-widget-container\">\n\t\t\t\t\t\t\t\t\t<p>Nasz program wydarze\u0144 i aktywno\u015bci dla doros\u0142ych uczni\u00f3w jest dodatkowym wsparciem, kt\u00f3re ICE zapewnia doros\u0142ym uczniom, aby urozmaici\u0107 ich czas w naszej szkole i pom\u00f3c w integracji z innymi uczniami, nauczycielami i szersz\u0105 spo\u0142eczno\u015bci\u0105.<\/p><p>Procedury administracyjne dotycz\u0105ce dzia\u0142alno\u015bci obejmuj\u0105 formu\u0142owanie ocen ryzyka, wdra\u017canie polityk nadzoru i proporcji, zarz\u0105dzanie dzia\u0142aniami i zadaniami zwi\u0105zanymi z programami akademickimi oraz zapewnianie obecno\u015bci.<\/p><p> <\/p><h4 style=\"text-align: center;\"><strong>Tygodniowy program aktywno\u015bci<\/strong><\/h4><p>Co tydzie\u0144 na tablicy og\u0142osze\u0144 dla uczni\u00f3w b\u0119dzie dost\u0119pna lista zaj\u0119\u0107 i koszt\u00f3w. Zapewniamy bezp\u0142atnego lidera, kt\u00f3ry b\u0119dzie towarzyszy\u0142 uczniom, a uczniowie b\u0119d\u0105 p\u0142aci\u0107 za w\u0142asny transport i op\u0142aty za wst\u0119p, je\u015bli dotyczy. <\/p><p>Istnieje arkusz rejestracyjny, a uczniowie mog\u0105 zg\u0142osi\u0107 swoje zainteresowanie uczestnictwem w zaj\u0119ciach.<\/p>\t\t\t\t\t\t\t\t<\/div>\n\t\t\t\t<\/div>\n\t\t\t\t<div class=\"elementor-element elementor-element-da527fb elementor-widget elementor-widget-image\" data-id=\"da527fb\" data-element_type=\"widget\" data-e-type=\"widget\" data-widget_type=\"image.default\">\n\t\t\t\t<div class=\"elementor-widget-container\">\n\t\t\t\t\t\t\t\t\t\t\t\t\t\t\t<img fetchpriority=\"high\" decoding=\"async\" width=\"800\" height=\"534\" src=\"https:\/\/www.iceireland.com\/wp-content\/uploads\/2024\/10\/30th-Oct-10th-Nov-2-1024x683.png\" class=\"attachment-large size-large wp-image-33307\" alt=\"\" srcset=\"https:\/\/www.iceireland.com\/wp-content\/uploads\/2024\/10\/30th-Oct-10th-Nov-2-1024x683.png 1024w, https:\/\/www.iceireland.com\/wp-content\/uploads\/2024\/10\/30th-Oct-10th-Nov-2-300x200.png 300w, https:\/\/www.iceireland.com\/wp-content\/uploads\/2024\/10\/30th-Oct-10th-Nov-2-768x512.png 768w, https:\/\/www.iceireland.com\/wp-content\/uploads\/2024\/10\/30th-Oct-10th-Nov-2-1536x1024.png 1536w, https:\/\/www.iceireland.com\/wp-content\/uploads\/2024\/10\/30th-Oct-10th-Nov-2-2048x1365.png 2048w\" sizes=\"(max-width: 800px) 100vw, 800px\" \/>\t\t\t\t\t\t\t\t\t\t\t\t\t\t\t<\/div>\n\t\t\t\t<\/div>\n\t\t\t\t\t<\/div>\n\t\t<\/div>\n\t\t\t\t\t<\/div>\n\t\t<\/section>\n\t\t\t\t<section class=\"elementor-section elementor-top-section elementor-element elementor-element-7fdc1ab elementor-section-boxed elementor-section-height-default elementor-section-height-default\" data-id=\"7fdc1ab\" data-element_type=\"section\" data-e-type=\"section\">\n\t\t\t\t\t\t<div class=\"elementor-container elementor-column-gap-default\">\n\t\t\t\t\t<div class=\"elementor-column elementor-col-100 elementor-top-column elementor-element elementor-element-754cf18\" data-id=\"754cf18\" data-element_type=\"column\" data-e-type=\"column\">\n\t\t\t<div class=\"elementor-widget-wrap elementor-element-populated\">\n\t\t\t\t\t\t<div class=\"elementor-element elementor-element-ba17b63 elementor-widget elementor-widget-text-editor\" data-id=\"ba17b63\" data-element_type=\"widget\" data-e-type=\"widget\" data-widget_type=\"text-editor.default\">\n\t\t\t\t<div class=\"elementor-widget-container\">\n\t\t\t\t\t\t\t\t\t<h4 style=\"text-align: center;\"><span style=\"color: #339966;\"><strong>\u015awiadomo\u015b\u0107 mi\u0119dzykulturowa i kulturowa w ICE<\/strong><\/span><\/h4><p class=\"cvGsUA direction-ltr align-start para-style-body\"><span class=\"OYPEnA font-feature-liga-off font-feature-clig-off font-feature-calt-off text-decoration-none text-strikethrough-none\">W The Irish College of English wierzymy, \u017ce nauka j\u0119zyka angielskiego wykracza poza sal\u0119 lekcyjn\u0105. Chodzi r\u00f3wnie\u017c o zrozumienie r\u00f3\u017cnych kultur, \u0142\u0105czenie si\u0119 z innymi i dzielenie si\u0119 do\u015bwiadczeniami. Nasze modu\u0142y kultury irlandzkiej maj\u0105 na celu zapoznanie Ci\u0119 z bogat\u0105 histori\u0105, tradycjami i stylem \u017cycia w Irlandii &#8211; od irlandzkiego folkloru i muzyki po obchody \u015bwi\u0105t, takich jak Dzie\u0144 \u015awi\u0119tego Patryka i Halloween, kt\u00f3re maj\u0105 silne korzenie w kulturze irlandzkiej.  <\/span><\/p><p class=\"cvGsUA direction-ltr align-start para-style-body\"><span class=\"OYPEnA font-feature-liga-off font-feature-clig-off font-feature-calt-off text-decoration-none text-strikethrough-none\">Aby zach\u0119ci\u0107 do interakcji spo\u0142ecznych i pom\u00f3c uczniom pozna\u0107 si\u0119 nawzajem, oferujemy bezp\u0142atn\u0105 kaw\u0119, herbat\u0119 i ciastka podczas przerw. Tworzy to przyjazn\u0105 przestrze\u0144, w kt\u00f3rej mo\u017cna si\u0119 zrelaksowa\u0107, porozmawia\u0107 z kolegami z klasy i dzieli\u0107 si\u0119 kulturami. <\/span><\/p><p class=\"cvGsUA direction-ltr align-start para-style-body\"><span class=\"OYPEnA font-feature-liga-off font-feature-clig-off font-feature-calt-off text-decoration-none text-strikethrough-none\">Przez ca\u0142y rok organizujemy r\u00f3wnie\u017c r\u00f3\u017cne wydarzenia mi\u0119dzykulturowe, takie jak \u015awiatowy Dzie\u0144 \u017bywno\u015bci, podczas kt\u00f3rego uczniowie s\u0105 proszeni o przyniesienie potrawy ze swojego kraju, oraz Mi\u0119dzynarodowy Dzie\u0144 Kobiet, \u015bwi\u0119tuj\u0105cy wk\u0142ad kobiet ze wszystkich kultur. Obchodzimy globalne \u015bwi\u0119ta wraz z irlandzkimi, takimi jak Bo\u017ce Narodzenie, Wielkanoc i \u015awiatowy Dzie\u0144 Ochrony \u015arodowiska, wspieraj\u0105c spo\u0142eczno\u015b\u0107, kt\u00f3ra ceni r\u00f3\u017cnorodno\u015b\u0107 i wzajemny szacunek. <\/span><\/p><p class=\"cvGsUA direction-ltr align-start para-style-body\"><span class=\"OYPEnA font-feature-liga-off font-feature-clig-off font-feature-calt-off text-decoration-none text-strikethrough-none\">W ICE nauka j\u0119zyka angielskiego to podr\u00f3\u017c wzbogacona kulturami i przyja\u017aniami, kt\u00f3re napotkasz po drodze.<\/span><\/p><p> <\/p><p class=\"cvGsUA direction-ltr align-start para-style-body\" style=\"text-align: center;\"><strong><span class=\"OYPEnA font-feature-liga-off font-feature-clig-off font-feature-calt-off text-decoration-none text-strikethrough-none\">Pe\u0142ne zanurzenie w kulturze z irlandzkimi gospodarzami<\/span><\/strong><\/p><p class=\"cvGsUA direction-ltr align-start para-style-body\"><span class=\"OYPEnA font-feature-liga-off font-feature-clig-off font-feature-calt-off text-decoration-none text-strikethrough-none\">Niekt\u00f3rzy studenci maj\u0105 r\u00f3wnie\u017c wyj\u0105tkow\u0105 mo\u017cliwo\u015b\u0107 pobytu u starannie wybranych irlandzkich rodzin goszcz\u0105cych, oferuj\u0105cych pe\u0142ne zanurzenie w lokalnej kulturze. Mieszkanie z irlandzkimi gospodarzami pozwala studentom do\u015bwiadczy\u0107 codziennego irlandzkiego \u017cycia z pierwszej r\u0119ki, \u0107wiczy\u0107 umiej\u0119tno\u015bci j\u0119zykowe w rzeczywistych warunkach i uzyska\u0107 g\u0142\u0119bsze zrozumienie lokalnych zwyczaj\u00f3w i tradycji. <\/span><\/p><p> <\/p><p class=\"cvGsUA direction-ltr align-start para-style-body\" style=\"text-align: center;\"><strong><span class=\"OYPEnA font-feature-liga-off font-feature-clig-off font-feature-calt-off text-decoration-none text-strikethrough-none\">\u015awiadomo\u015b\u0107 kulturowa poprzez prac\u0119 i integracj\u0119 spo\u0142eczn\u0105 w Irlandii<\/span><\/strong><\/p><p class=\"cvGsUA direction-ltr align-start para-style-body\"><span class=\"OYPEnA font-feature-liga-off font-feature-clig-off font-feature-calt-off text-decoration-none text-strikethrough-none\">Dla os\u00f3b doros\u0142ych studiuj\u0105cych w Irlandii mo\u017cliwo\u015b\u0107 pracy i zaanga\u017cowania si\u0119 w lokalne grupy spo\u0142eczne odgrywa istotn\u0105 rol\u0119 w rozwijaniu \u015bwiadomo\u015bci kulturowej. Do\u015bwiadczenia te zapewniaj\u0105 studentom praktyczn\u0105, rzeczywist\u0105 ekspozycj\u0119 na irlandzkie spo\u0142ecze\u0144stwo, pozwalaj\u0105c im budowa\u0107 g\u0142\u0119bsze wi\u0119zi i rozwija\u0107 bardziej zniuansowane zrozumienie lokalnej kultury. <\/span><\/p><h4 style=\"text-align: center;\"><span style=\"color: #339966;\"><strong>Wydarzenia lokalne<\/strong><\/span><\/h4><p>Mamy stron\u0119 z zasobami zawieraj\u0105c\u0105 linki do przydatnych stron, kt\u00f3re pomog\u0105 Ci by\u0107 na bie\u017c\u0105co z interesuj\u0105cymi wydarzeniami w naszej okolicy i Dublinie, zobacz www.iceireland.com\/events.<\/p>\t\t\t\t\t\t\t\t<\/div>\n\t\t\t\t<\/div>\n\t\t\t\t\t<\/div>\n\t\t<\/div>\n\t\t\t\t\t<\/div>\n\t\t<\/section>\n\t\t\t\t<section class=\"elementor-section elementor-top-section elementor-element elementor-element-80cf46b elementor-section-boxed elementor-section-height-default elementor-section-height-default\" data-id=\"80cf46b\" data-element_type=\"section\" data-e-type=\"section\">\n\t\t\t\t\t\t<div class=\"elementor-container elementor-column-gap-default\">\n\t\t\t\t\t<div class=\"elementor-column elementor-col-100 elementor-top-column elementor-element elementor-element-25370cf\" data-id=\"25370cf\" data-element_type=\"column\" data-e-type=\"column\">\n\t\t\t<div class=\"elementor-widget-wrap elementor-element-populated\">\n\t\t\t\t\t\t<div class=\"elementor-element elementor-element-6cfad06 elementor-widget elementor-widget-spacer\" data-id=\"6cfad06\" data-element_type=\"widget\" data-e-type=\"widget\" data-widget_type=\"spacer.default\">\n\t\t\t\t<div class=\"elementor-widget-container\">\n\t\t\t\t\t\t\t<div class=\"elementor-spacer\">\n\t\t\t<div class=\"elementor-spacer-inner\"><\/div>\n\t\t<\/div>\n\t\t\t\t\t\t<\/div>\n\t\t\t\t<\/div>\n\t\t\t\t\t<\/div>\n\t\t<\/div>\n\t\t\t\t\t<\/div>\n\t\t<\/section>\n\t\t\t\t<section class=\"elementor-section elementor-top-section elementor-element elementor-element-475a9f4 elementor-section-boxed elementor-section-height-default elementor-section-height-default\" data-id=\"475a9f4\" data-element_type=\"section\" data-e-type=\"section\">\n\t\t\t\t\t\t<div class=\"elementor-container elementor-column-gap-default\">\n\t\t\t\t\t<div class=\"elementor-column elementor-col-100 elementor-top-column elementor-element elementor-element-f08c36c\" data-id=\"f08c36c\" data-element_type=\"column\" data-e-type=\"column\">\n\t\t\t<div class=\"elementor-widget-wrap elementor-element-populated\">\n\t\t\t\t\t\t<div class=\"elementor-element elementor-element-af1be0d elementor-widget elementor-widget-image\" data-id=\"af1be0d\" data-element_type=\"widget\" data-e-type=\"widget\" data-widget_type=\"image.default\">\n\t\t\t\t<div class=\"elementor-widget-container\">\n\t\t\t\t\t\t\t\t\t\t\t\t\t\t\t<img decoding=\"async\" width=\"724\" height=\"1024\" src=\"https:\/\/www.iceireland.com\/wp-content\/uploads\/2024\/09\/Events-1-724x1024.png\" class=\"attachment-large size-large wp-image-33306\" alt=\"\" srcset=\"https:\/\/www.iceireland.com\/wp-content\/uploads\/2024\/09\/Events-1-724x1024.png 724w, https:\/\/www.iceireland.com\/wp-content\/uploads\/2024\/09\/Events-1-212x300.png 212w, https:\/\/www.iceireland.com\/wp-content\/uploads\/2024\/09\/Events-1-768x1086.png 768w, https:\/\/www.iceireland.com\/wp-content\/uploads\/2024\/09\/Events-1-1086x1536.png 1086w, https:\/\/www.iceireland.com\/wp-content\/uploads\/2024\/09\/Events-1-1448x2048.png 1448w, https:\/\/www.iceireland.com\/wp-content\/uploads\/2024\/09\/Events-1.png 1587w\" sizes=\"(max-width: 724px) 100vw, 724px\" \/>\t\t\t\t\t\t\t\t\t\t\t\t\t\t\t<\/div>\n\t\t\t\t<\/div>\n\t\t\t\t\t<\/div>\n\t\t<\/div>\n\t\t\t\t\t<\/div>\n\t\t<\/section>\n\t\t\t\t<\/div>\n\t\t","protected":false},"excerpt":{"rendered":"<p>Program wydarze\u0144 i aktywno\u015bci dla doros\u0142ych student\u00f3w Nasz program wydarze\u0144 i aktywno\u015bci dla doros\u0142ych uczni\u00f3w jest dodatkowym wsparciem, kt\u00f3re ICE zapewnia doros\u0142ym uczniom, aby urozmaici\u0107 ich czas w naszej szkole i pom\u00f3c w integracji z innymi uczniami, nauczycielami i szersz\u0105 spo\u0142eczno\u015bci\u0105. Procedury administracyjne dotycz\u0105ce dzia\u0142alno\u015bci obejmuj\u0105 formu\u0142owanie ocen ryzyka, wdra\u017canie polityk nadzoru i proporcji, zarz\u0105dzanie [&hellip;]<\/p>\n","protected":false},"author":3,"featured_media":0,"parent":0,"menu_order":0,"comment_status":"closed","ping_status":"closed","template":"","meta":{"content-type":"","footnotes":""},"class_list":["post-33304","page","type-page","status-publish","hentry"],"yoast_head":"<!-- This site is optimized with the Yoast SEO plugin v27.3 - https:\/\/yoast.com\/product\/yoast-seo-wordpress\/ -->\n<title>Program wydarze\u0144 i aktywno\u015bci dla doros\u0142ych student\u00f3w - Irish College of English<\/title>\n<meta name=\"robots\" content=\"index, follow, max-snippet:-1, max-image-preview:large, max-video-preview:-1\" \/>\n<link rel=\"canonical\" href=\"https:\/\/www.iceireland.com\/pl\/adult-student-events-activity-programme\/\" \/>\n<meta property=\"og:locale\" content=\"pl_PL\" \/>\n<meta property=\"og:type\" content=\"article\" \/>\n<meta property=\"og:title\" content=\"Program wydarze\u0144 i aktywno\u015bci dla doros\u0142ych student\u00f3w - Irish College of English\" \/>\n<meta property=\"og:description\" content=\"Program wydarze\u0144 i aktywno\u015bci dla doros\u0142ych student\u00f3w Nasz program wydarze\u0144 i aktywno\u015bci dla doros\u0142ych uczni\u00f3w jest dodatkowym wsparciem, kt\u00f3re ICE zapewnia doros\u0142ym uczniom, aby urozmaici\u0107 ich czas w naszej szkole i pom\u00f3c w integracji z innymi uczniami, nauczycielami i szersz\u0105 spo\u0142eczno\u015bci\u0105. Procedury administracyjne dotycz\u0105ce dzia\u0142alno\u015bci obejmuj\u0105 formu\u0142owanie ocen ryzyka, wdra\u017canie polityk nadzoru i proporcji, zarz\u0105dzanie [&hellip;]\" \/>\n<meta property=\"og:url\" content=\"https:\/\/www.iceireland.com\/pl\/adult-student-events-activity-programme\/\" \/>\n<meta property=\"og:site_name\" content=\"Irish College of English\" \/>\n<meta property=\"article:modified_time\" content=\"2026-01-30T18:27:21+00:00\" \/>\n<meta property=\"og:image\" content=\"https:\/\/www.iceireland.com\/wp-content\/uploads\/2024\/10\/30th-Oct-10th-Nov-2-1024x683.png\" \/>\n\t<meta property=\"og:image:width\" content=\"1024\" \/>\n\t<meta property=\"og:image:height\" content=\"683\" \/>\n\t<meta property=\"og:image:type\" content=\"image\/png\" \/>\n<meta name=\"twitter:label1\" content=\"Szacowany czas czytania\" \/>\n\t<meta name=\"twitter:data1\" content=\"3 minuty\" \/>\n<script type=\"application\/ld+json\" class=\"yoast-schema-graph\">{\"@context\":\"https:\\\/\\\/schema.org\",\"@graph\":[{\"@type\":\"WebPage\",\"@id\":\"https:\\\/\\\/www.iceireland.com\\\/pl\\\/adult-student-events-activity-programme\\\/\",\"url\":\"https:\\\/\\\/www.iceireland.com\\\/pl\\\/adult-student-events-activity-programme\\\/\",\"name\":\"Program wydarze\u0144 i aktywno\u015bci dla doros\u0142ych student\u00f3w - Irish College of English\",\"isPartOf\":{\"@id\":\"https:\\\/\\\/www.iceireland.com\\\/pl\\\/#website\"},\"primaryImageOfPage\":{\"@id\":\"https:\\\/\\\/www.iceireland.com\\\/pl\\\/adult-student-events-activity-programme\\\/#primaryimage\"},\"image\":{\"@id\":\"https:\\\/\\\/www.iceireland.com\\\/pl\\\/adult-student-events-activity-programme\\\/#primaryimage\"},\"thumbnailUrl\":\"https:\\\/\\\/www.iceireland.com\\\/wp-content\\\/uploads\\\/2024\\\/10\\\/30th-Oct-10th-Nov-2-1024x683.png\",\"datePublished\":\"2024-04-30T08:28:30+00:00\",\"dateModified\":\"2026-01-30T18:27:21+00:00\",\"breadcrumb\":{\"@id\":\"https:\\\/\\\/www.iceireland.com\\\/pl\\\/adult-student-events-activity-programme\\\/#breadcrumb\"},\"inLanguage\":\"pl-PL\",\"potentialAction\":[{\"@type\":\"ReadAction\",\"target\":[\"https:\\\/\\\/www.iceireland.com\\\/pl\\\/adult-student-events-activity-programme\\\/\"]}]},{\"@type\":\"ImageObject\",\"inLanguage\":\"pl-PL\",\"@id\":\"https:\\\/\\\/www.iceireland.com\\\/pl\\\/adult-student-events-activity-programme\\\/#primaryimage\",\"url\":\"https:\\\/\\\/www.iceireland.com\\\/wp-content\\\/uploads\\\/2024\\\/10\\\/30th-Oct-10th-Nov-2-1024x683.png\",\"contentUrl\":\"https:\\\/\\\/www.iceireland.com\\\/wp-content\\\/uploads\\\/2024\\\/10\\\/30th-Oct-10th-Nov-2-1024x683.png\"},{\"@type\":\"BreadcrumbList\",\"@id\":\"https:\\\/\\\/www.iceireland.com\\\/pl\\\/adult-student-events-activity-programme\\\/#breadcrumb\",\"itemListElement\":[{\"@type\":\"ListItem\",\"position\":1,\"name\":\"Home\",\"item\":\"https:\\\/\\\/www.iceireland.com\\\/pl\\\/\"},{\"@type\":\"ListItem\",\"position\":2,\"name\":\"Program wydarze\u0144 i aktywno\u015bci dla doros\u0142ych student\u00f3w\"}]},{\"@type\":\"WebSite\",\"@id\":\"https:\\\/\\\/www.iceireland.com\\\/pl\\\/#website\",\"url\":\"https:\\\/\\\/www.iceireland.com\\\/pl\\\/\",\"name\":\"Irish College of English\",\"description\":\"English School in Dublin, Malahide\",\"publisher\":{\"@id\":\"https:\\\/\\\/www.iceireland.com\\\/pl\\\/#organization\"},\"potentialAction\":[{\"@type\":\"SearchAction\",\"target\":{\"@type\":\"EntryPoint\",\"urlTemplate\":\"https:\\\/\\\/www.iceireland.com\\\/pl\\\/?s={search_term_string}\"},\"query-input\":{\"@type\":\"PropertyValueSpecification\",\"valueRequired\":true,\"valueName\":\"search_term_string\"}}],\"inLanguage\":\"pl-PL\"},{\"@type\":\"Organization\",\"@id\":\"https:\\\/\\\/www.iceireland.com\\\/pl\\\/#organization\",\"name\":\"Irish College of English\",\"url\":\"https:\\\/\\\/www.iceireland.com\\\/pl\\\/\",\"logo\":{\"@type\":\"ImageObject\",\"inLanguage\":\"pl-PL\",\"@id\":\"https:\\\/\\\/www.iceireland.com\\\/pl\\\/#\\\/schema\\\/logo\\\/image\\\/\",\"url\":\"https:\\\/\\\/www.iceireland.com\\\/wp-content\\\/uploads\\\/2022\\\/03\\\/logo.png\",\"contentUrl\":\"https:\\\/\\\/www.iceireland.com\\\/wp-content\\\/uploads\\\/2022\\\/03\\\/logo.png\",\"width\":593,\"height\":92,\"caption\":\"Irish College of English\"},\"image\":{\"@id\":\"https:\\\/\\\/www.iceireland.com\\\/pl\\\/#\\\/schema\\\/logo\\\/image\\\/\"}}]}<\/script>\n<!-- \/ Yoast SEO plugin. -->","yoast_head_json":{"title":"Program wydarze\u0144 i aktywno\u015bci dla doros\u0142ych student\u00f3w - Irish College of English","robots":{"index":"index","follow":"follow","max-snippet":"max-snippet:-1","max-image-preview":"max-image-preview:large","max-video-preview":"max-video-preview:-1"},"canonical":"https:\/\/www.iceireland.com\/pl\/adult-student-events-activity-programme\/","og_locale":"pl_PL","og_type":"article","og_title":"Program wydarze\u0144 i aktywno\u015bci dla doros\u0142ych student\u00f3w - Irish College of English","og_description":"Program wydarze\u0144 i aktywno\u015bci dla doros\u0142ych student\u00f3w Nasz program wydarze\u0144 i aktywno\u015bci dla doros\u0142ych uczni\u00f3w jest dodatkowym wsparciem, kt\u00f3re ICE zapewnia doros\u0142ym uczniom, aby urozmaici\u0107 ich czas w naszej szkole i pom\u00f3c w integracji z innymi uczniami, nauczycielami i szersz\u0105 spo\u0142eczno\u015bci\u0105. Procedury administracyjne dotycz\u0105ce dzia\u0142alno\u015bci obejmuj\u0105 formu\u0142owanie ocen ryzyka, wdra\u017canie polityk nadzoru i proporcji, zarz\u0105dzanie [&hellip;]","og_url":"https:\/\/www.iceireland.com\/pl\/adult-student-events-activity-programme\/","og_site_name":"Irish College of English","article_modified_time":"2026-01-30T18:27:21+00:00","og_image":[{"width":1024,"height":683,"url":"https:\/\/www.iceireland.com\/wp-content\/uploads\/2024\/10\/30th-Oct-10th-Nov-2-1024x683.png","type":"image\/png"}],"twitter_misc":{"Szacowany czas czytania":"3 minuty"},"schema":{"@context":"https:\/\/schema.org","@graph":[{"@type":"WebPage","@id":"https:\/\/www.iceireland.com\/pl\/adult-student-events-activity-programme\/","url":"https:\/\/www.iceireland.com\/pl\/adult-student-events-activity-programme\/","name":"Program wydarze\u0144 i aktywno\u015bci dla doros\u0142ych student\u00f3w - Irish College of English","isPartOf":{"@id":"https:\/\/www.iceireland.com\/pl\/#website"},"primaryImageOfPage":{"@id":"https:\/\/www.iceireland.com\/pl\/adult-student-events-activity-programme\/#primaryimage"},"image":{"@id":"https:\/\/www.iceireland.com\/pl\/adult-student-events-activity-programme\/#primaryimage"},"thumbnailUrl":"https:\/\/www.iceireland.com\/wp-content\/uploads\/2024\/10\/30th-Oct-10th-Nov-2-1024x683.png","datePublished":"2024-04-30T08:28:30+00:00","dateModified":"2026-01-30T18:27:21+00:00","breadcrumb":{"@id":"https:\/\/www.iceireland.com\/pl\/adult-student-events-activity-programme\/#breadcrumb"},"inLanguage":"pl-PL","potentialAction":[{"@type":"ReadAction","target":["https:\/\/www.iceireland.com\/pl\/adult-student-events-activity-programme\/"]}]},{"@type":"ImageObject","inLanguage":"pl-PL","@id":"https:\/\/www.iceireland.com\/pl\/adult-student-events-activity-programme\/#primaryimage","url":"https:\/\/www.iceireland.com\/wp-content\/uploads\/2024\/10\/30th-Oct-10th-Nov-2-1024x683.png","contentUrl":"https:\/\/www.iceireland.com\/wp-content\/uploads\/2024\/10\/30th-Oct-10th-Nov-2-1024x683.png"},{"@type":"BreadcrumbList","@id":"https:\/\/www.iceireland.com\/pl\/adult-student-events-activity-programme\/#breadcrumb","itemListElement":[{"@type":"ListItem","position":1,"name":"Home","item":"https:\/\/www.iceireland.com\/pl\/"},{"@type":"ListItem","position":2,"name":"Program wydarze\u0144 i aktywno\u015bci dla doros\u0142ych student\u00f3w"}]},{"@type":"WebSite","@id":"https:\/\/www.iceireland.com\/pl\/#website","url":"https:\/\/www.iceireland.com\/pl\/","name":"Irish College of English","description":"English School in Dublin, Malahide","publisher":{"@id":"https:\/\/www.iceireland.com\/pl\/#organization"},"potentialAction":[{"@type":"SearchAction","target":{"@type":"EntryPoint","urlTemplate":"https:\/\/www.iceireland.com\/pl\/?s={search_term_string}"},"query-input":{"@type":"PropertyValueSpecification","valueRequired":true,"valueName":"search_term_string"}}],"inLanguage":"pl-PL"},{"@type":"Organization","@id":"https:\/\/www.iceireland.com\/pl\/#organization","name":"Irish College of English","url":"https:\/\/www.iceireland.com\/pl\/","logo":{"@type":"ImageObject","inLanguage":"pl-PL","@id":"https:\/\/www.iceireland.com\/pl\/#\/schema\/logo\/image\/","url":"https:\/\/www.iceireland.com\/wp-content\/uploads\/2022\/03\/logo.png","contentUrl":"https:\/\/www.iceireland.com\/wp-content\/uploads\/2022\/03\/logo.png","width":593,"height":92,"caption":"Irish College of English"},"image":{"@id":"https:\/\/www.iceireland.com\/pl\/#\/schema\/logo\/image\/"}}]}},"_links":{"self":[{"href":"https:\/\/www.iceireland.com\/pl\/wp-json\/wp\/v2\/pages\/33304","targetHints":{"allow":["GET"]}}],"collection":[{"href":"https:\/\/www.iceireland.com\/pl\/wp-json\/wp\/v2\/pages"}],"about":[{"href":"https:\/\/www.iceireland.com\/pl\/wp-json\/wp\/v2\/types\/page"}],"author":[{"embeddable":true,"href":"https:\/\/www.iceireland.com\/pl\/wp-json\/wp\/v2\/users\/3"}],"replies":[{"embeddable":true,"href":"https:\/\/www.iceireland.com\/pl\/wp-json\/wp\/v2\/comments?post=33304"}],"version-history":[{"count":1,"href":"https:\/\/www.iceireland.com\/pl\/wp-json\/wp\/v2\/pages\/33304\/revisions"}],"predecessor-version":[{"id":33310,"href":"https:\/\/www.iceireland.com\/pl\/wp-json\/wp\/v2\/pages\/33304\/revisions\/33310"}],"wp:attachment":[{"href":"https:\/\/www.iceireland.com\/pl\/wp-json\/wp\/v2\/media?parent=33304"}],"curies":[{"name":"wp","href":"https:\/\/api.w.org\/{rel}","templated":true}]}}