{"id":33350,"date":"2024-04-29T15:19:22","date_gmt":"2024-04-29T15:19:22","guid":{"rendered":"https:\/\/www.iceireland.com\/student-welfare-officers\/"},"modified":"2026-01-30T18:27:30","modified_gmt":"2026-01-30T18:27:30","slug":"student-welfare-officers","status":"publish","type":"page","link":"https:\/\/www.iceireland.com\/pl\/student-welfare-officers\/","title":{"rendered":"Urz\u0119dnicy ds. opieki spo\u0142ecznej nad uczniami"},"content":{"rendered":"\t\t<div data-elementor-type=\"wp-page\" data-elementor-id=\"33350\" class=\"elementor elementor-33350 elementor-26570\" data-elementor-post-type=\"page\">\n\t\t\t\t\t\t<section class=\"elementor-section elementor-top-section elementor-element elementor-element-763889f elementor-section-boxed elementor-section-height-default elementor-section-height-default\" data-id=\"763889f\" data-element_type=\"section\" data-e-type=\"section\">\n\t\t\t\t\t\t<div class=\"elementor-container elementor-column-gap-default\">\n\t\t\t\t\t<div class=\"elementor-column elementor-col-100 elementor-top-column elementor-element elementor-element-6be54b6\" data-id=\"6be54b6\" data-element_type=\"column\" data-e-type=\"column\">\n\t\t\t<div class=\"elementor-widget-wrap elementor-element-populated\">\n\t\t\t\t\t\t<div class=\"elementor-element elementor-element-cc41595 elementor-widget elementor-widget-heading\" data-id=\"cc41595\" data-element_type=\"widget\" data-e-type=\"widget\" data-widget_type=\"heading.default\">\n\t\t\t\t<div class=\"elementor-widget-container\">\n\t\t\t\t\t<h2 class=\"elementor-heading-title elementor-size-default\">Oficerowie opieki spo\u0142ecznej - Jeste\u015bmy tutaj, aby pom\u00f3c!<\/h2>\t\t\t\t<\/div>\n\t\t\t\t<\/div>\n\t\t\t\t\t<\/div>\n\t\t<\/div>\n\t\t\t\t\t<\/div>\n\t\t<\/section>\n\t\t\t\t<section class=\"elementor-section elementor-top-section elementor-element elementor-element-7f70896 elementor-section-boxed elementor-section-height-default elementor-section-height-default\" data-id=\"7f70896\" data-element_type=\"section\" data-e-type=\"section\">\n\t\t\t\t\t\t<div class=\"elementor-container elementor-column-gap-default\">\n\t\t\t\t\t<div class=\"elementor-column elementor-col-100 elementor-top-column elementor-element elementor-element-2de0e58\" data-id=\"2de0e58\" data-element_type=\"column\" data-e-type=\"column\">\n\t\t\t<div class=\"elementor-widget-wrap elementor-element-populated\">\n\t\t\t\t\t\t<div class=\"elementor-element elementor-element-4aba74e elementor-widget elementor-widget-text-editor\" data-id=\"4aba74e\" data-element_type=\"widget\" data-e-type=\"widget\" data-widget_type=\"text-editor.default\">\n\t\t\t\t<div class=\"elementor-widget-container\">\n\t\t\t\t\t\t\t\t\t<p>W Irish College of English mamy oficer\u00f3w opieki spo\u0142ecznej, kt\u00f3rzy s\u0105 tutaj, aby pom\u00f3c.<\/p><p>W The Irish College of English dobre samopoczucie student\u00f3w jest naszym najwy\u017cszym priorytetem. Rozumiemy, \u017ce studiowanie za granic\u0105 mo\u017ce by\u0107 zar\u00f3wno ekscytuj\u0105ce, jak i wymagaj\u0105ce, dlatego mamy dedykowanych opiekun\u00f3w student\u00f3w, kt\u00f3rzy s\u0105 gotowi wspiera\u0107 Ci\u0119 na ka\u017cdym kroku. <\/p><p>Nasz zesp\u00f3\u0142, w tym zar\u00f3wno doro\u015bli, jak i m\u0142odsi oficerowie, jest tutaj, aby zapewni\u0107, \u017ce czas sp\u0119dzony z nami b\u0119dzie nie tylko satysfakcjonuj\u0105cy pod wzgl\u0119dem akademickim, ale tak\u017ce wzbogacaj\u0105cy osobi\u015bcie. Niezale\u017cnie od tego, czy t\u0119sknisz za domem, napotykasz trudno\u015bci akademickie, czy po prostu potrzebujesz kogo\u015b, z kim mo\u017cesz porozmawia\u0107, nasze drzwi &#8211; i serca &#8211; s\u0105 zawsze otwarte. <\/p><p>Opr\u00f3cz naszych standardowych us\u0142ug wsparcia, mamy dost\u0119pne \u015brodki finansowe na wsparcie student\u00f3w w okre\u015blonych okoliczno\u015bciach.<\/p><p>Ian Mc Elhinney, specjalista ds. opieki nad doros\u0142ymi studentami &#8211; <a href=\"mailto:ianmcelhinney@iceireland.com\">ianmcelhinney@iceireland.com<\/a><\/p><p>G\u0142\u00f3wny M\u0142odszy Opiekun i DLP &#8211; Susan Mc Elhinney <a href=\"mailto:info@iceland.com\">info@iceland.com<\/a><\/p><p>W naszych rezydencjach dzia\u0142aj\u0105 dodatkowi opiekunowie spo\u0142eczni student\u00f3w, kt\u00f3rych opis znajduje si\u0119 w podr\u0119czniku dla student\u00f3w rezydencji.<\/p>\t\t\t\t\t\t\t\t<\/div>\n\t\t\t\t<\/div>\n\t\t\t\t\t<\/div>\n\t\t<\/div>\n\t\t\t\t\t<\/div>\n\t\t<\/section>\n\t\t\t\t<\/div>\n\t\t","protected":false},"excerpt":{"rendered":"<p>Oficerowie opieki spo\u0142ecznej &#8211; Jeste\u015bmy tutaj, aby pom\u00f3c! W Irish College of English mamy oficer\u00f3w opieki spo\u0142ecznej, kt\u00f3rzy s\u0105 tutaj, aby pom\u00f3c. W The Irish College of English dobre samopoczucie student\u00f3w jest naszym najwy\u017cszym priorytetem. Rozumiemy, \u017ce studiowanie za granic\u0105 mo\u017ce by\u0107 zar\u00f3wno ekscytuj\u0105ce, jak i wymagaj\u0105ce, dlatego mamy dedykowanych opiekun\u00f3w student\u00f3w, kt\u00f3rzy s\u0105 gotowi [&hellip;]<\/p>\n","protected":false},"author":3,"featured_media":0,"parent":0,"menu_order":0,"comment_status":"closed","ping_status":"closed","template":"","meta":{"content-type":"","footnotes":""},"class_list":["post-33350","page","type-page","status-publish","hentry"],"yoast_head":"<!-- This site is optimized with the Yoast SEO plugin v27.3 - https:\/\/yoast.com\/product\/yoast-seo-wordpress\/ -->\n<title>Urz\u0119dnicy ds. opieki spo\u0142ecznej nad uczniami - Irish College of English<\/title>\n<meta name=\"robots\" content=\"index, follow, max-snippet:-1, max-image-preview:large, max-video-preview:-1\" \/>\n<link rel=\"canonical\" href=\"https:\/\/www.iceireland.com\/pl\/student-welfare-officers\/\" \/>\n<meta property=\"og:locale\" content=\"pl_PL\" \/>\n<meta property=\"og:type\" content=\"article\" \/>\n<meta property=\"og:title\" content=\"Urz\u0119dnicy ds. opieki spo\u0142ecznej nad uczniami - Irish College of English\" \/>\n<meta property=\"og:description\" content=\"Oficerowie opieki spo\u0142ecznej &#8211; Jeste\u015bmy tutaj, aby pom\u00f3c! W Irish College of English mamy oficer\u00f3w opieki spo\u0142ecznej, kt\u00f3rzy s\u0105 tutaj, aby pom\u00f3c. W The Irish College of English dobre samopoczucie student\u00f3w jest naszym najwy\u017cszym priorytetem. Rozumiemy, \u017ce studiowanie za granic\u0105 mo\u017ce by\u0107 zar\u00f3wno ekscytuj\u0105ce, jak i wymagaj\u0105ce, dlatego mamy dedykowanych opiekun\u00f3w student\u00f3w, kt\u00f3rzy s\u0105 gotowi [&hellip;]\" \/>\n<meta property=\"og:url\" content=\"https:\/\/www.iceireland.com\/pl\/student-welfare-officers\/\" \/>\n<meta property=\"og:site_name\" content=\"Irish College of English\" \/>\n<meta property=\"article:modified_time\" content=\"2026-01-30T18:27:30+00:00\" \/>\n<meta name=\"twitter:label1\" content=\"Szacowany czas czytania\" \/>\n\t<meta name=\"twitter:data1\" content=\"1 minuta\" \/>\n<script type=\"application\/ld+json\" class=\"yoast-schema-graph\">{\"@context\":\"https:\\\/\\\/schema.org\",\"@graph\":[{\"@type\":\"WebPage\",\"@id\":\"https:\\\/\\\/www.iceireland.com\\\/pl\\\/student-welfare-officers\\\/\",\"url\":\"https:\\\/\\\/www.iceireland.com\\\/pl\\\/student-welfare-officers\\\/\",\"name\":\"Urz\u0119dnicy ds. opieki spo\u0142ecznej nad uczniami - Irish College of English\",\"isPartOf\":{\"@id\":\"https:\\\/\\\/www.iceireland.com\\\/pl\\\/#website\"},\"datePublished\":\"2024-04-29T15:19:22+00:00\",\"dateModified\":\"2026-01-30T18:27:30+00:00\",\"breadcrumb\":{\"@id\":\"https:\\\/\\\/www.iceireland.com\\\/pl\\\/student-welfare-officers\\\/#breadcrumb\"},\"inLanguage\":\"pl-PL\",\"potentialAction\":[{\"@type\":\"ReadAction\",\"target\":[\"https:\\\/\\\/www.iceireland.com\\\/pl\\\/student-welfare-officers\\\/\"]}]},{\"@type\":\"BreadcrumbList\",\"@id\":\"https:\\\/\\\/www.iceireland.com\\\/pl\\\/student-welfare-officers\\\/#breadcrumb\",\"itemListElement\":[{\"@type\":\"ListItem\",\"position\":1,\"name\":\"Home\",\"item\":\"https:\\\/\\\/www.iceireland.com\\\/pl\\\/\"},{\"@type\":\"ListItem\",\"position\":2,\"name\":\"Urz\u0119dnicy ds. opieki spo\u0142ecznej nad uczniami\"}]},{\"@type\":\"WebSite\",\"@id\":\"https:\\\/\\\/www.iceireland.com\\\/pl\\\/#website\",\"url\":\"https:\\\/\\\/www.iceireland.com\\\/pl\\\/\",\"name\":\"Irish College of English\",\"description\":\"English School in Dublin, Malahide\",\"publisher\":{\"@id\":\"https:\\\/\\\/www.iceireland.com\\\/pl\\\/#organization\"},\"potentialAction\":[{\"@type\":\"SearchAction\",\"target\":{\"@type\":\"EntryPoint\",\"urlTemplate\":\"https:\\\/\\\/www.iceireland.com\\\/pl\\\/?s={search_term_string}\"},\"query-input\":{\"@type\":\"PropertyValueSpecification\",\"valueRequired\":true,\"valueName\":\"search_term_string\"}}],\"inLanguage\":\"pl-PL\"},{\"@type\":\"Organization\",\"@id\":\"https:\\\/\\\/www.iceireland.com\\\/pl\\\/#organization\",\"name\":\"Irish College of English\",\"url\":\"https:\\\/\\\/www.iceireland.com\\\/pl\\\/\",\"logo\":{\"@type\":\"ImageObject\",\"inLanguage\":\"pl-PL\",\"@id\":\"https:\\\/\\\/www.iceireland.com\\\/pl\\\/#\\\/schema\\\/logo\\\/image\\\/\",\"url\":\"https:\\\/\\\/www.iceireland.com\\\/wp-content\\\/uploads\\\/2022\\\/03\\\/logo.png\",\"contentUrl\":\"https:\\\/\\\/www.iceireland.com\\\/wp-content\\\/uploads\\\/2022\\\/03\\\/logo.png\",\"width\":593,\"height\":92,\"caption\":\"Irish College of English\"},\"image\":{\"@id\":\"https:\\\/\\\/www.iceireland.com\\\/pl\\\/#\\\/schema\\\/logo\\\/image\\\/\"}}]}<\/script>\n<!-- \/ Yoast SEO plugin. -->","yoast_head_json":{"title":"Urz\u0119dnicy ds. opieki spo\u0142ecznej nad uczniami - Irish College of English","robots":{"index":"index","follow":"follow","max-snippet":"max-snippet:-1","max-image-preview":"max-image-preview:large","max-video-preview":"max-video-preview:-1"},"canonical":"https:\/\/www.iceireland.com\/pl\/student-welfare-officers\/","og_locale":"pl_PL","og_type":"article","og_title":"Urz\u0119dnicy ds. opieki spo\u0142ecznej nad uczniami - Irish College of English","og_description":"Oficerowie opieki spo\u0142ecznej &#8211; Jeste\u015bmy tutaj, aby pom\u00f3c! W Irish College of English mamy oficer\u00f3w opieki spo\u0142ecznej, kt\u00f3rzy s\u0105 tutaj, aby pom\u00f3c. W The Irish College of English dobre samopoczucie student\u00f3w jest naszym najwy\u017cszym priorytetem. Rozumiemy, \u017ce studiowanie za granic\u0105 mo\u017ce by\u0107 zar\u00f3wno ekscytuj\u0105ce, jak i wymagaj\u0105ce, dlatego mamy dedykowanych opiekun\u00f3w student\u00f3w, kt\u00f3rzy s\u0105 gotowi [&hellip;]","og_url":"https:\/\/www.iceireland.com\/pl\/student-welfare-officers\/","og_site_name":"Irish College of English","article_modified_time":"2026-01-30T18:27:30+00:00","twitter_misc":{"Szacowany czas czytania":"1 minuta"},"schema":{"@context":"https:\/\/schema.org","@graph":[{"@type":"WebPage","@id":"https:\/\/www.iceireland.com\/pl\/student-welfare-officers\/","url":"https:\/\/www.iceireland.com\/pl\/student-welfare-officers\/","name":"Urz\u0119dnicy ds. opieki spo\u0142ecznej nad uczniami - Irish College of English","isPartOf":{"@id":"https:\/\/www.iceireland.com\/pl\/#website"},"datePublished":"2024-04-29T15:19:22+00:00","dateModified":"2026-01-30T18:27:30+00:00","breadcrumb":{"@id":"https:\/\/www.iceireland.com\/pl\/student-welfare-officers\/#breadcrumb"},"inLanguage":"pl-PL","potentialAction":[{"@type":"ReadAction","target":["https:\/\/www.iceireland.com\/pl\/student-welfare-officers\/"]}]},{"@type":"BreadcrumbList","@id":"https:\/\/www.iceireland.com\/pl\/student-welfare-officers\/#breadcrumb","itemListElement":[{"@type":"ListItem","position":1,"name":"Home","item":"https:\/\/www.iceireland.com\/pl\/"},{"@type":"ListItem","position":2,"name":"Urz\u0119dnicy ds. opieki spo\u0142ecznej nad uczniami"}]},{"@type":"WebSite","@id":"https:\/\/www.iceireland.com\/pl\/#website","url":"https:\/\/www.iceireland.com\/pl\/","name":"Irish College of English","description":"English School in Dublin, Malahide","publisher":{"@id":"https:\/\/www.iceireland.com\/pl\/#organization"},"potentialAction":[{"@type":"SearchAction","target":{"@type":"EntryPoint","urlTemplate":"https:\/\/www.iceireland.com\/pl\/?s={search_term_string}"},"query-input":{"@type":"PropertyValueSpecification","valueRequired":true,"valueName":"search_term_string"}}],"inLanguage":"pl-PL"},{"@type":"Organization","@id":"https:\/\/www.iceireland.com\/pl\/#organization","name":"Irish College of English","url":"https:\/\/www.iceireland.com\/pl\/","logo":{"@type":"ImageObject","inLanguage":"pl-PL","@id":"https:\/\/www.iceireland.com\/pl\/#\/schema\/logo\/image\/","url":"https:\/\/www.iceireland.com\/wp-content\/uploads\/2022\/03\/logo.png","contentUrl":"https:\/\/www.iceireland.com\/wp-content\/uploads\/2022\/03\/logo.png","width":593,"height":92,"caption":"Irish College of English"},"image":{"@id":"https:\/\/www.iceireland.com\/pl\/#\/schema\/logo\/image\/"}}]}},"_links":{"self":[{"href":"https:\/\/www.iceireland.com\/pl\/wp-json\/wp\/v2\/pages\/33350","targetHints":{"allow":["GET"]}}],"collection":[{"href":"https:\/\/www.iceireland.com\/pl\/wp-json\/wp\/v2\/pages"}],"about":[{"href":"https:\/\/www.iceireland.com\/pl\/wp-json\/wp\/v2\/types\/page"}],"author":[{"embeddable":true,"href":"https:\/\/www.iceireland.com\/pl\/wp-json\/wp\/v2\/users\/3"}],"replies":[{"embeddable":true,"href":"https:\/\/www.iceireland.com\/pl\/wp-json\/wp\/v2\/comments?post=33350"}],"version-history":[{"count":1,"href":"https:\/\/www.iceireland.com\/pl\/wp-json\/wp\/v2\/pages\/33350\/revisions"}],"predecessor-version":[{"id":33352,"href":"https:\/\/www.iceireland.com\/pl\/wp-json\/wp\/v2\/pages\/33350\/revisions\/33352"}],"wp:attachment":[{"href":"https:\/\/www.iceireland.com\/pl\/wp-json\/wp\/v2\/media?parent=33350"}],"curies":[{"name":"wp","href":"https:\/\/api.w.org\/{rel}","templated":true}]}}