{"id":33493,"date":"2023-12-13T15:55:40","date_gmt":"2023-12-13T15:55:40","guid":{"rendered":"https:\/\/www.iceireland.com\/useful-information-and-supports\/student-conduct-guidelines\/"},"modified":"2026-01-30T18:28:44","modified_gmt":"2026-01-30T18:28:44","slug":"student-conduct-guidelines","status":"publish","type":"page","link":"https:\/\/www.iceireland.com\/pl\/useful-information-and-supports\/student-conduct-guidelines\/","title":{"rendered":"Wytyczne dotycz\u0105ce post\u0119powania student\u00f3w"},"content":{"rendered":"\t\t<div data-elementor-type=\"wp-page\" data-elementor-id=\"33493\" class=\"elementor elementor-33493 elementor-25944\" data-elementor-post-type=\"page\">\n\t\t\t\t\t\t<section class=\"elementor-section elementor-top-section elementor-element elementor-element-aee0803 elementor-section-boxed elementor-section-height-default elementor-section-height-default\" data-id=\"aee0803\" data-element_type=\"section\" data-e-type=\"section\">\n\t\t\t\t\t\t<div class=\"elementor-container elementor-column-gap-default\">\n\t\t\t\t\t<div class=\"elementor-column elementor-col-100 elementor-top-column elementor-element elementor-element-f943711\" data-id=\"f943711\" data-element_type=\"column\" data-e-type=\"column\">\n\t\t\t<div class=\"elementor-widget-wrap elementor-element-populated\">\n\t\t\t\t\t\t<div class=\"elementor-element elementor-element-06255c6 elementor-widget elementor-widget-heading\" data-id=\"06255c6\" data-element_type=\"widget\" data-e-type=\"widget\" data-widget_type=\"heading.default\">\n\t\t\t\t<div class=\"elementor-widget-container\">\n\t\t\t\t\t<h2 class=\"elementor-heading-title elementor-size-default\">Wytyczne dotycz\u0105ce post\u0119powania student\u00f3w<\/h2>\t\t\t\t<\/div>\n\t\t\t\t<\/div>\n\t\t\t\t\t<\/div>\n\t\t<\/div>\n\t\t\t\t\t<\/div>\n\t\t<\/section>\n\t\t\t\t<section class=\"elementor-section elementor-top-section elementor-element elementor-element-7d91f86 elementor-section-boxed elementor-section-height-default elementor-section-height-default\" data-id=\"7d91f86\" data-element_type=\"section\" data-e-type=\"section\">\n\t\t\t\t\t\t<div class=\"elementor-container elementor-column-gap-default\">\n\t\t\t\t\t<div class=\"elementor-column elementor-col-100 elementor-top-column elementor-element elementor-element-9f50e6f\" data-id=\"9f50e6f\" data-element_type=\"column\" data-e-type=\"column\">\n\t\t\t<div class=\"elementor-widget-wrap elementor-element-populated\">\n\t\t\t\t\t\t<div class=\"elementor-element elementor-element-bd6847d elementor-widget elementor-widget-text-editor\" data-id=\"bd6847d\" data-element_type=\"widget\" data-e-type=\"widget\" data-widget_type=\"text-editor.default\">\n\t\t\t\t<div class=\"elementor-widget-container\">\n\t\t\t\t\t\t\t\t\t<p><span style=\"font-weight: 400;\">Irish College of English zobowi\u0105zuje si\u0119 do zapewnienia wysokiej jako\u015bci us\u0142ug edukacyjnych i szkoleniowych w \u015brodowisku, kt\u00f3re sprzyja szacunkowi, wsp\u00f3\u0142pracy i r\u00f3\u017cnorodno\u015bci. Przed przyjazdem wszyscy uczniowie otrzymaj\u0105 podr\u0119cznik ucznia.   <\/span><\/p><p>Odpowiedni kodeks post\u0119powania znajduje si\u0119 w podr\u0119czniku.<\/p><p> <\/p><p> <\/p>\t\t\t\t\t\t\t\t<\/div>\n\t\t\t\t<\/div>\n\t\t\t\t\t<\/div>\n\t\t<\/div>\n\t\t\t\t\t<\/div>\n\t\t<\/section>\n\t\t\t\t<\/div>\n\t\t","protected":false},"excerpt":{"rendered":"<p>Wytyczne dotycz\u0105ce post\u0119powania student\u00f3w Irish College of English zobowi\u0105zuje si\u0119 do zapewnienia wysokiej jako\u015bci us\u0142ug edukacyjnych i szkoleniowych w \u015brodowisku, kt\u00f3re sprzyja szacunkowi, wsp\u00f3\u0142pracy i r\u00f3\u017cnorodno\u015bci. Przed przyjazdem wszyscy uczniowie otrzymaj\u0105 podr\u0119cznik ucznia. Odpowiedni kodeks post\u0119powania znajduje si\u0119 w podr\u0119czniku.<\/p>\n","protected":false},"author":3,"featured_media":0,"parent":32486,"menu_order":0,"comment_status":"closed","ping_status":"closed","template":"","meta":{"content-type":"","footnotes":""},"class_list":["post-33493","page","type-page","status-publish","hentry"],"yoast_head":"<!-- This site is optimized with the Yoast SEO plugin v27.3 - https:\/\/yoast.com\/product\/yoast-seo-wordpress\/ -->\n<title>Wytyczne dotycz\u0105ce post\u0119powania student\u00f3w - Irish College of English<\/title>\n<meta name=\"robots\" content=\"noindex, follow\" \/>\n<meta property=\"og:locale\" content=\"pl_PL\" \/>\n<meta property=\"og:type\" content=\"article\" \/>\n<meta property=\"og:title\" content=\"Wytyczne dotycz\u0105ce post\u0119powania student\u00f3w - Irish College of English\" \/>\n<meta property=\"og:description\" content=\"Wytyczne dotycz\u0105ce post\u0119powania student\u00f3w Irish College of English zobowi\u0105zuje si\u0119 do zapewnienia wysokiej jako\u015bci us\u0142ug edukacyjnych i szkoleniowych w \u015brodowisku, kt\u00f3re sprzyja szacunkowi, wsp\u00f3\u0142pracy i r\u00f3\u017cnorodno\u015bci. Przed przyjazdem wszyscy uczniowie otrzymaj\u0105 podr\u0119cznik ucznia. Odpowiedni kodeks post\u0119powania znajduje si\u0119 w podr\u0119czniku.\" \/>\n<meta property=\"og:url\" content=\"https:\/\/www.iceireland.com\/pl\/useful-information-and-supports\/student-conduct-guidelines\/\" \/>\n<meta property=\"og:site_name\" content=\"Irish College of English\" \/>\n<meta property=\"article:modified_time\" content=\"2026-01-30T18:28:44+00:00\" \/>\n<script type=\"application\/ld+json\" class=\"yoast-schema-graph\">{\"@context\":\"https:\\\/\\\/schema.org\",\"@graph\":[{\"@type\":\"WebPage\",\"@id\":\"https:\\\/\\\/www.iceireland.com\\\/pl\\\/useful-information-and-supports\\\/student-conduct-guidelines\\\/\",\"url\":\"https:\\\/\\\/www.iceireland.com\\\/pl\\\/useful-information-and-supports\\\/student-conduct-guidelines\\\/\",\"name\":\"Wytyczne dotycz\u0105ce post\u0119powania student\u00f3w - Irish College of English\",\"isPartOf\":{\"@id\":\"https:\\\/\\\/www.iceireland.com\\\/pl\\\/#website\"},\"datePublished\":\"2023-12-13T15:55:40+00:00\",\"dateModified\":\"2026-01-30T18:28:44+00:00\",\"breadcrumb\":{\"@id\":\"https:\\\/\\\/www.iceireland.com\\\/pl\\\/useful-information-and-supports\\\/student-conduct-guidelines\\\/#breadcrumb\"},\"inLanguage\":\"pl-PL\",\"potentialAction\":[{\"@type\":\"ReadAction\",\"target\":[\"https:\\\/\\\/www.iceireland.com\\\/pl\\\/useful-information-and-supports\\\/student-conduct-guidelines\\\/\"]}]},{\"@type\":\"BreadcrumbList\",\"@id\":\"https:\\\/\\\/www.iceireland.com\\\/pl\\\/useful-information-and-supports\\\/student-conduct-guidelines\\\/#breadcrumb\",\"itemListElement\":[{\"@type\":\"ListItem\",\"position\":1,\"name\":\"Home\",\"item\":\"https:\\\/\\\/www.iceireland.com\\\/pl\\\/\"},{\"@type\":\"ListItem\",\"position\":2,\"name\":\"Przydatne informacje i wsparcie\",\"item\":\"https:\\\/\\\/www.iceireland.com\\\/pl\\\/useful-information-and-supports\\\/\"},{\"@type\":\"ListItem\",\"position\":3,\"name\":\"Wytyczne dotycz\u0105ce post\u0119powania student\u00f3w\"}]},{\"@type\":\"WebSite\",\"@id\":\"https:\\\/\\\/www.iceireland.com\\\/pl\\\/#website\",\"url\":\"https:\\\/\\\/www.iceireland.com\\\/pl\\\/\",\"name\":\"Irish College of English\",\"description\":\"English School in Dublin, Malahide\",\"publisher\":{\"@id\":\"https:\\\/\\\/www.iceireland.com\\\/pl\\\/#organization\"},\"potentialAction\":[{\"@type\":\"SearchAction\",\"target\":{\"@type\":\"EntryPoint\",\"urlTemplate\":\"https:\\\/\\\/www.iceireland.com\\\/pl\\\/?s={search_term_string}\"},\"query-input\":{\"@type\":\"PropertyValueSpecification\",\"valueRequired\":true,\"valueName\":\"search_term_string\"}}],\"inLanguage\":\"pl-PL\"},{\"@type\":\"Organization\",\"@id\":\"https:\\\/\\\/www.iceireland.com\\\/pl\\\/#organization\",\"name\":\"Irish College of English\",\"url\":\"https:\\\/\\\/www.iceireland.com\\\/pl\\\/\",\"logo\":{\"@type\":\"ImageObject\",\"inLanguage\":\"pl-PL\",\"@id\":\"https:\\\/\\\/www.iceireland.com\\\/pl\\\/#\\\/schema\\\/logo\\\/image\\\/\",\"url\":\"https:\\\/\\\/www.iceireland.com\\\/wp-content\\\/uploads\\\/2022\\\/03\\\/logo.png\",\"contentUrl\":\"https:\\\/\\\/www.iceireland.com\\\/wp-content\\\/uploads\\\/2022\\\/03\\\/logo.png\",\"width\":593,\"height\":92,\"caption\":\"Irish College of English\"},\"image\":{\"@id\":\"https:\\\/\\\/www.iceireland.com\\\/pl\\\/#\\\/schema\\\/logo\\\/image\\\/\"}}]}<\/script>\n<!-- \/ Yoast SEO plugin. -->","yoast_head_json":{"title":"Wytyczne dotycz\u0105ce post\u0119powania student\u00f3w - Irish College of English","robots":{"index":"noindex","follow":"follow"},"og_locale":"pl_PL","og_type":"article","og_title":"Wytyczne dotycz\u0105ce post\u0119powania student\u00f3w - Irish College of English","og_description":"Wytyczne dotycz\u0105ce post\u0119powania student\u00f3w Irish College of English zobowi\u0105zuje si\u0119 do zapewnienia wysokiej jako\u015bci us\u0142ug edukacyjnych i szkoleniowych w \u015brodowisku, kt\u00f3re sprzyja szacunkowi, wsp\u00f3\u0142pracy i r\u00f3\u017cnorodno\u015bci. Przed przyjazdem wszyscy uczniowie otrzymaj\u0105 podr\u0119cznik ucznia. Odpowiedni kodeks post\u0119powania znajduje si\u0119 w podr\u0119czniku.","og_url":"https:\/\/www.iceireland.com\/pl\/useful-information-and-supports\/student-conduct-guidelines\/","og_site_name":"Irish College of English","article_modified_time":"2026-01-30T18:28:44+00:00","schema":{"@context":"https:\/\/schema.org","@graph":[{"@type":"WebPage","@id":"https:\/\/www.iceireland.com\/pl\/useful-information-and-supports\/student-conduct-guidelines\/","url":"https:\/\/www.iceireland.com\/pl\/useful-information-and-supports\/student-conduct-guidelines\/","name":"Wytyczne dotycz\u0105ce post\u0119powania student\u00f3w - Irish College of English","isPartOf":{"@id":"https:\/\/www.iceireland.com\/pl\/#website"},"datePublished":"2023-12-13T15:55:40+00:00","dateModified":"2026-01-30T18:28:44+00:00","breadcrumb":{"@id":"https:\/\/www.iceireland.com\/pl\/useful-information-and-supports\/student-conduct-guidelines\/#breadcrumb"},"inLanguage":"pl-PL","potentialAction":[{"@type":"ReadAction","target":["https:\/\/www.iceireland.com\/pl\/useful-information-and-supports\/student-conduct-guidelines\/"]}]},{"@type":"BreadcrumbList","@id":"https:\/\/www.iceireland.com\/pl\/useful-information-and-supports\/student-conduct-guidelines\/#breadcrumb","itemListElement":[{"@type":"ListItem","position":1,"name":"Home","item":"https:\/\/www.iceireland.com\/pl\/"},{"@type":"ListItem","position":2,"name":"Przydatne informacje i wsparcie","item":"https:\/\/www.iceireland.com\/pl\/useful-information-and-supports\/"},{"@type":"ListItem","position":3,"name":"Wytyczne dotycz\u0105ce post\u0119powania student\u00f3w"}]},{"@type":"WebSite","@id":"https:\/\/www.iceireland.com\/pl\/#website","url":"https:\/\/www.iceireland.com\/pl\/","name":"Irish College of English","description":"English School in Dublin, Malahide","publisher":{"@id":"https:\/\/www.iceireland.com\/pl\/#organization"},"potentialAction":[{"@type":"SearchAction","target":{"@type":"EntryPoint","urlTemplate":"https:\/\/www.iceireland.com\/pl\/?s={search_term_string}"},"query-input":{"@type":"PropertyValueSpecification","valueRequired":true,"valueName":"search_term_string"}}],"inLanguage":"pl-PL"},{"@type":"Organization","@id":"https:\/\/www.iceireland.com\/pl\/#organization","name":"Irish College of English","url":"https:\/\/www.iceireland.com\/pl\/","logo":{"@type":"ImageObject","inLanguage":"pl-PL","@id":"https:\/\/www.iceireland.com\/pl\/#\/schema\/logo\/image\/","url":"https:\/\/www.iceireland.com\/wp-content\/uploads\/2022\/03\/logo.png","contentUrl":"https:\/\/www.iceireland.com\/wp-content\/uploads\/2022\/03\/logo.png","width":593,"height":92,"caption":"Irish College of English"},"image":{"@id":"https:\/\/www.iceireland.com\/pl\/#\/schema\/logo\/image\/"}}]}},"_links":{"self":[{"href":"https:\/\/www.iceireland.com\/pl\/wp-json\/wp\/v2\/pages\/33493","targetHints":{"allow":["GET"]}}],"collection":[{"href":"https:\/\/www.iceireland.com\/pl\/wp-json\/wp\/v2\/pages"}],"about":[{"href":"https:\/\/www.iceireland.com\/pl\/wp-json\/wp\/v2\/types\/page"}],"author":[{"embeddable":true,"href":"https:\/\/www.iceireland.com\/pl\/wp-json\/wp\/v2\/users\/3"}],"replies":[{"embeddable":true,"href":"https:\/\/www.iceireland.com\/pl\/wp-json\/wp\/v2\/comments?post=33493"}],"version-history":[{"count":1,"href":"https:\/\/www.iceireland.com\/pl\/wp-json\/wp\/v2\/pages\/33493\/revisions"}],"predecessor-version":[{"id":33495,"href":"https:\/\/www.iceireland.com\/pl\/wp-json\/wp\/v2\/pages\/33493\/revisions\/33495"}],"up":[{"embeddable":true,"href":"https:\/\/www.iceireland.com\/pl\/wp-json\/wp\/v2\/pages\/32486"}],"wp:attachment":[{"href":"https:\/\/www.iceireland.com\/pl\/wp-json\/wp\/v2\/media?parent=33493"}],"curies":[{"name":"wp","href":"https:\/\/api.w.org\/{rel}","templated":true}]}}