{"id":33517,"date":"2023-12-13T15:53:32","date_gmt":"2023-12-13T15:53:32","guid":{"rendered":"https:\/\/www.iceireland.com\/useful-information-and-supports\/join-our-governance-committee\/"},"modified":"2026-01-30T18:28:52","modified_gmt":"2026-01-30T18:28:52","slug":"join-our-governance-committee","status":"publish","type":"page","link":"https:\/\/www.iceireland.com\/pl\/useful-information-and-supports\/join-our-governance-committee\/","title":{"rendered":"Do\u0142\u0105cz do naszego komitetu zarz\u0105dzaj\u0105cego"},"content":{"rendered":"\t\t<div data-elementor-type=\"wp-page\" data-elementor-id=\"33517\" class=\"elementor elementor-33517 elementor-25939\" data-elementor-post-type=\"page\">\n\t\t\t\t\t\t<section class=\"elementor-section elementor-top-section elementor-element elementor-element-27a9624 elementor-section-boxed elementor-section-height-default elementor-section-height-default\" data-id=\"27a9624\" data-element_type=\"section\" data-e-type=\"section\">\n\t\t\t\t\t\t<div class=\"elementor-container elementor-column-gap-default\">\n\t\t\t\t\t<div class=\"elementor-column elementor-col-100 elementor-top-column elementor-element elementor-element-02c8789\" data-id=\"02c8789\" data-element_type=\"column\" data-e-type=\"column\">\n\t\t\t<div class=\"elementor-widget-wrap elementor-element-populated\">\n\t\t\t\t\t\t<div class=\"elementor-element elementor-element-90a231f elementor-widget elementor-widget-heading\" data-id=\"90a231f\" data-element_type=\"widget\" data-e-type=\"widget\" data-widget_type=\"heading.default\">\n\t\t\t\t<div class=\"elementor-widget-container\">\n\t\t\t\t\t<h2 class=\"elementor-heading-title elementor-size-default\">Do\u0142\u0105cz do naszego akademickiego komitetu zarz\u0105dzaj\u0105cego<\/h2>\t\t\t\t<\/div>\n\t\t\t\t<\/div>\n\t\t\t\t\t<\/div>\n\t\t<\/div>\n\t\t\t\t\t<\/div>\n\t\t<\/section>\n\t\t\t\t<section class=\"elementor-section elementor-top-section elementor-element elementor-element-fb073b1 elementor-section-boxed elementor-section-height-default elementor-section-height-default\" data-id=\"fb073b1\" data-element_type=\"section\" data-e-type=\"section\">\n\t\t\t\t\t\t<div class=\"elementor-container elementor-column-gap-default\">\n\t\t\t\t\t<div class=\"elementor-column elementor-col-100 elementor-top-column elementor-element elementor-element-1ad22e0\" data-id=\"1ad22e0\" data-element_type=\"column\" data-e-type=\"column\">\n\t\t\t<div class=\"elementor-widget-wrap elementor-element-populated\">\n\t\t\t\t\t\t<div class=\"elementor-element elementor-element-2480859 elementor-widget elementor-widget-text-editor\" data-id=\"2480859\" data-element_type=\"widget\" data-e-type=\"widget\" data-widget_type=\"text-editor.default\">\n\t\t\t\t<div class=\"elementor-widget-container\">\n\t\t\t\t\t\t\t\t\t<p>Academic Governance Committee w Irish College of English zbiera si\u0119 dwa razy w roku, aby nadzorowa\u0107 i ulepsza\u0107 standardy akademickie i polityk\u0119 naszej instytucji. Sk\u0142adaj\u0105cy si\u0119 z kadry nauczycielskiej, kadry akademickiej, administrator\u00f3w i przedstawiciela student\u00f3w, komitet ten odgrywa kluczow\u0105 rol\u0119 w kszta\u0142towaniu do\u015bwiadczenia edukacyjnego naszych student\u00f3w. <\/p><p>Cz\u0142onkostwo w Akademickim Komitecie Zarz\u0105dzaj\u0105cym oferuje studentom wyj\u0105tkow\u0105 okazj\u0119 do:<\/p><p>Rzecznik swoich r\u00f3wie\u015bnik\u00f3w: Jako przedstawiciel student\u00f3w, osoby maj\u0105 szans\u0119 wyrazi\u0107 obawy, sugestie i perspektywy swoich koleg\u00f3w, w tym m\u0142odszych student\u00f3w, zapewniaj\u0105c, \u017ce ich g\u0142osy s\u0105 s\u0142yszane na najwy\u017cszych szczeblach podejmowania decyzji.<\/p><p>Przyczynianie si\u0119 do doskona\u0142o\u015bci akademickiej: Aktywnie uczestnicz\u0105c w dyskusjach i decyzjach dotycz\u0105cych rozwoju programu nauczania, metod oceny i polityki akademickiej, studenci mog\u0105 przyczyni\u0107 si\u0119 do utrzymania i poprawy jako\u015bci edukacji zapewnianej przez uczelni\u0119.<\/p><p>Zdobycie umiej\u0119tno\u015bci przyw\u00f3dczych i zarz\u0105dczych: S\u0142u\u017cba w Akademickim Komitecie Zarz\u0105dzaj\u0105cym zapewnia cenne do\u015bwiadczenie w zakresie przyw\u00f3dztwa, pracy zespo\u0142owej i zarz\u0105dzania, kt\u00f3re s\u0105 wysoce zbywalnymi umiej\u0119tno\u015bciami maj\u0105cymi zastosowanie w r\u00f3\u017cnych sytuacjach osobistych i zawodowych.<\/p><p>Kszta\u0142towanie przysz\u0142o\u015bci ICE: Uczniowie maj\u0105 mo\u017cliwo\u015b\u0107 wp\u0142ywania na kierunek i przysz\u0142e inicjatywy szko\u0142y, odgrywaj\u0105c rol\u0119 w kszta\u0142towaniu \u015brodowiska, kt\u00f3re promuje nauk\u0119, innowacje i sukces uczni\u00f3w.<\/p><p>Zasadniczo bycie cz\u0119\u015bci\u0105 Academic Governance Committee umo\u017cliwia studentom wywieranie znacz\u0105cego wp\u0142ywu na ich edukacyjn\u0105 podr\u00f3\u017c i przyczynianie si\u0119 do og\u00f3lnej doskona\u0142o\u015bci akademickiej Irish College of English.<\/p>\t\t\t\t\t\t\t\t<\/div>\n\t\t\t\t<\/div>\n\t\t\t\t\t<\/div>\n\t\t<\/div>\n\t\t\t\t\t<\/div>\n\t\t<\/section>\n\t\t\t\t<\/div>\n\t\t","protected":false},"excerpt":{"rendered":"<p>Do\u0142\u0105cz do naszego akademickiego komitetu zarz\u0105dzaj\u0105cego Academic Governance Committee w Irish College of English zbiera si\u0119 dwa razy w roku, aby nadzorowa\u0107 i ulepsza\u0107 standardy akademickie i polityk\u0119 naszej instytucji. Sk\u0142adaj\u0105cy si\u0119 z kadry nauczycielskiej, kadry akademickiej, administrator\u00f3w i przedstawiciela student\u00f3w, komitet ten odgrywa kluczow\u0105 rol\u0119 w kszta\u0142towaniu do\u015bwiadczenia edukacyjnego naszych student\u00f3w. Cz\u0142onkostwo w Akademickim [&hellip;]<\/p>\n","protected":false},"author":3,"featured_media":0,"parent":32486,"menu_order":0,"comment_status":"closed","ping_status":"closed","template":"","meta":{"content-type":"","footnotes":""},"class_list":["post-33517","page","type-page","status-publish","hentry"],"yoast_head":"<!-- This site is optimized with the Yoast SEO plugin v27.3 - https:\/\/yoast.com\/product\/yoast-seo-wordpress\/ -->\n<title>Do\u0142\u0105cz do naszego komitetu zarz\u0105dzaj\u0105cego - Irish College of English<\/title>\n<meta name=\"robots\" content=\"noindex, follow\" \/>\n<meta property=\"og:locale\" content=\"pl_PL\" \/>\n<meta property=\"og:type\" content=\"article\" \/>\n<meta property=\"og:title\" content=\"Do\u0142\u0105cz do naszego komitetu zarz\u0105dzaj\u0105cego - Irish College of English\" \/>\n<meta property=\"og:description\" content=\"Do\u0142\u0105cz do naszego akademickiego komitetu zarz\u0105dzaj\u0105cego Academic Governance Committee w Irish College of English zbiera si\u0119 dwa razy w roku, aby nadzorowa\u0107 i ulepsza\u0107 standardy akademickie i polityk\u0119 naszej instytucji. Sk\u0142adaj\u0105cy si\u0119 z kadry nauczycielskiej, kadry akademickiej, administrator\u00f3w i przedstawiciela student\u00f3w, komitet ten odgrywa kluczow\u0105 rol\u0119 w kszta\u0142towaniu do\u015bwiadczenia edukacyjnego naszych student\u00f3w. Cz\u0142onkostwo w Akademickim [&hellip;]\" \/>\n<meta property=\"og:url\" content=\"https:\/\/www.iceireland.com\/pl\/useful-information-and-supports\/join-our-governance-committee\/\" \/>\n<meta property=\"og:site_name\" content=\"Irish College of English\" \/>\n<meta property=\"article:modified_time\" content=\"2026-01-30T18:28:52+00:00\" \/>\n<meta name=\"twitter:label1\" content=\"Szacowany czas czytania\" \/>\n\t<meta name=\"twitter:data1\" content=\"1 minuta\" \/>\n<script type=\"application\/ld+json\" class=\"yoast-schema-graph\">{\"@context\":\"https:\\\/\\\/schema.org\",\"@graph\":[{\"@type\":\"WebPage\",\"@id\":\"https:\\\/\\\/www.iceireland.com\\\/pl\\\/useful-information-and-supports\\\/join-our-governance-committee\\\/\",\"url\":\"https:\\\/\\\/www.iceireland.com\\\/pl\\\/useful-information-and-supports\\\/join-our-governance-committee\\\/\",\"name\":\"Do\u0142\u0105cz do naszego komitetu zarz\u0105dzaj\u0105cego - Irish College of English\",\"isPartOf\":{\"@id\":\"https:\\\/\\\/www.iceireland.com\\\/pl\\\/#website\"},\"datePublished\":\"2023-12-13T15:53:32+00:00\",\"dateModified\":\"2026-01-30T18:28:52+00:00\",\"breadcrumb\":{\"@id\":\"https:\\\/\\\/www.iceireland.com\\\/pl\\\/useful-information-and-supports\\\/join-our-governance-committee\\\/#breadcrumb\"},\"inLanguage\":\"pl-PL\",\"potentialAction\":[{\"@type\":\"ReadAction\",\"target\":[\"https:\\\/\\\/www.iceireland.com\\\/pl\\\/useful-information-and-supports\\\/join-our-governance-committee\\\/\"]}]},{\"@type\":\"BreadcrumbList\",\"@id\":\"https:\\\/\\\/www.iceireland.com\\\/pl\\\/useful-information-and-supports\\\/join-our-governance-committee\\\/#breadcrumb\",\"itemListElement\":[{\"@type\":\"ListItem\",\"position\":1,\"name\":\"Home\",\"item\":\"https:\\\/\\\/www.iceireland.com\\\/pl\\\/\"},{\"@type\":\"ListItem\",\"position\":2,\"name\":\"Przydatne informacje i wsparcie\",\"item\":\"https:\\\/\\\/www.iceireland.com\\\/pl\\\/useful-information-and-supports\\\/\"},{\"@type\":\"ListItem\",\"position\":3,\"name\":\"Do\u0142\u0105cz do naszego komitetu zarz\u0105dzaj\u0105cego\"}]},{\"@type\":\"WebSite\",\"@id\":\"https:\\\/\\\/www.iceireland.com\\\/pl\\\/#website\",\"url\":\"https:\\\/\\\/www.iceireland.com\\\/pl\\\/\",\"name\":\"Irish College of English\",\"description\":\"English School in Dublin, Malahide\",\"publisher\":{\"@id\":\"https:\\\/\\\/www.iceireland.com\\\/pl\\\/#organization\"},\"potentialAction\":[{\"@type\":\"SearchAction\",\"target\":{\"@type\":\"EntryPoint\",\"urlTemplate\":\"https:\\\/\\\/www.iceireland.com\\\/pl\\\/?s={search_term_string}\"},\"query-input\":{\"@type\":\"PropertyValueSpecification\",\"valueRequired\":true,\"valueName\":\"search_term_string\"}}],\"inLanguage\":\"pl-PL\"},{\"@type\":\"Organization\",\"@id\":\"https:\\\/\\\/www.iceireland.com\\\/pl\\\/#organization\",\"name\":\"Irish College of English\",\"url\":\"https:\\\/\\\/www.iceireland.com\\\/pl\\\/\",\"logo\":{\"@type\":\"ImageObject\",\"inLanguage\":\"pl-PL\",\"@id\":\"https:\\\/\\\/www.iceireland.com\\\/pl\\\/#\\\/schema\\\/logo\\\/image\\\/\",\"url\":\"https:\\\/\\\/www.iceireland.com\\\/wp-content\\\/uploads\\\/2022\\\/03\\\/logo.png\",\"contentUrl\":\"https:\\\/\\\/www.iceireland.com\\\/wp-content\\\/uploads\\\/2022\\\/03\\\/logo.png\",\"width\":593,\"height\":92,\"caption\":\"Irish College of English\"},\"image\":{\"@id\":\"https:\\\/\\\/www.iceireland.com\\\/pl\\\/#\\\/schema\\\/logo\\\/image\\\/\"}}]}<\/script>\n<!-- \/ Yoast SEO plugin. -->","yoast_head_json":{"title":"Do\u0142\u0105cz do naszego komitetu zarz\u0105dzaj\u0105cego - Irish College of English","robots":{"index":"noindex","follow":"follow"},"og_locale":"pl_PL","og_type":"article","og_title":"Do\u0142\u0105cz do naszego komitetu zarz\u0105dzaj\u0105cego - Irish College of English","og_description":"Do\u0142\u0105cz do naszego akademickiego komitetu zarz\u0105dzaj\u0105cego Academic Governance Committee w Irish College of English zbiera si\u0119 dwa razy w roku, aby nadzorowa\u0107 i ulepsza\u0107 standardy akademickie i polityk\u0119 naszej instytucji. Sk\u0142adaj\u0105cy si\u0119 z kadry nauczycielskiej, kadry akademickiej, administrator\u00f3w i przedstawiciela student\u00f3w, komitet ten odgrywa kluczow\u0105 rol\u0119 w kszta\u0142towaniu do\u015bwiadczenia edukacyjnego naszych student\u00f3w. Cz\u0142onkostwo w Akademickim [&hellip;]","og_url":"https:\/\/www.iceireland.com\/pl\/useful-information-and-supports\/join-our-governance-committee\/","og_site_name":"Irish College of English","article_modified_time":"2026-01-30T18:28:52+00:00","twitter_misc":{"Szacowany czas czytania":"1 minuta"},"schema":{"@context":"https:\/\/schema.org","@graph":[{"@type":"WebPage","@id":"https:\/\/www.iceireland.com\/pl\/useful-information-and-supports\/join-our-governance-committee\/","url":"https:\/\/www.iceireland.com\/pl\/useful-information-and-supports\/join-our-governance-committee\/","name":"Do\u0142\u0105cz do naszego komitetu zarz\u0105dzaj\u0105cego - Irish College of English","isPartOf":{"@id":"https:\/\/www.iceireland.com\/pl\/#website"},"datePublished":"2023-12-13T15:53:32+00:00","dateModified":"2026-01-30T18:28:52+00:00","breadcrumb":{"@id":"https:\/\/www.iceireland.com\/pl\/useful-information-and-supports\/join-our-governance-committee\/#breadcrumb"},"inLanguage":"pl-PL","potentialAction":[{"@type":"ReadAction","target":["https:\/\/www.iceireland.com\/pl\/useful-information-and-supports\/join-our-governance-committee\/"]}]},{"@type":"BreadcrumbList","@id":"https:\/\/www.iceireland.com\/pl\/useful-information-and-supports\/join-our-governance-committee\/#breadcrumb","itemListElement":[{"@type":"ListItem","position":1,"name":"Home","item":"https:\/\/www.iceireland.com\/pl\/"},{"@type":"ListItem","position":2,"name":"Przydatne informacje i wsparcie","item":"https:\/\/www.iceireland.com\/pl\/useful-information-and-supports\/"},{"@type":"ListItem","position":3,"name":"Do\u0142\u0105cz do naszego komitetu zarz\u0105dzaj\u0105cego"}]},{"@type":"WebSite","@id":"https:\/\/www.iceireland.com\/pl\/#website","url":"https:\/\/www.iceireland.com\/pl\/","name":"Irish College of English","description":"English School in Dublin, Malahide","publisher":{"@id":"https:\/\/www.iceireland.com\/pl\/#organization"},"potentialAction":[{"@type":"SearchAction","target":{"@type":"EntryPoint","urlTemplate":"https:\/\/www.iceireland.com\/pl\/?s={search_term_string}"},"query-input":{"@type":"PropertyValueSpecification","valueRequired":true,"valueName":"search_term_string"}}],"inLanguage":"pl-PL"},{"@type":"Organization","@id":"https:\/\/www.iceireland.com\/pl\/#organization","name":"Irish College of English","url":"https:\/\/www.iceireland.com\/pl\/","logo":{"@type":"ImageObject","inLanguage":"pl-PL","@id":"https:\/\/www.iceireland.com\/pl\/#\/schema\/logo\/image\/","url":"https:\/\/www.iceireland.com\/wp-content\/uploads\/2022\/03\/logo.png","contentUrl":"https:\/\/www.iceireland.com\/wp-content\/uploads\/2022\/03\/logo.png","width":593,"height":92,"caption":"Irish College of English"},"image":{"@id":"https:\/\/www.iceireland.com\/pl\/#\/schema\/logo\/image\/"}}]}},"_links":{"self":[{"href":"https:\/\/www.iceireland.com\/pl\/wp-json\/wp\/v2\/pages\/33517","targetHints":{"allow":["GET"]}}],"collection":[{"href":"https:\/\/www.iceireland.com\/pl\/wp-json\/wp\/v2\/pages"}],"about":[{"href":"https:\/\/www.iceireland.com\/pl\/wp-json\/wp\/v2\/types\/page"}],"author":[{"embeddable":true,"href":"https:\/\/www.iceireland.com\/pl\/wp-json\/wp\/v2\/users\/3"}],"replies":[{"embeddable":true,"href":"https:\/\/www.iceireland.com\/pl\/wp-json\/wp\/v2\/comments?post=33517"}],"version-history":[{"count":1,"href":"https:\/\/www.iceireland.com\/pl\/wp-json\/wp\/v2\/pages\/33517\/revisions"}],"predecessor-version":[{"id":33518,"href":"https:\/\/www.iceireland.com\/pl\/wp-json\/wp\/v2\/pages\/33517\/revisions\/33518"}],"up":[{"embeddable":true,"href":"https:\/\/www.iceireland.com\/pl\/wp-json\/wp\/v2\/pages\/32486"}],"wp:attachment":[{"href":"https:\/\/www.iceireland.com\/pl\/wp-json\/wp\/v2\/media?parent=33517"}],"curies":[{"name":"wp","href":"https:\/\/api.w.org\/{rel}","templated":true}]}}