{"id":18200,"date":"2014-10-20T09:28:41","date_gmt":"2014-10-20T09:28:41","guid":{"rendered":"https:\/\/www.iceireland.com\/iletisim-us\/"},"modified":"2026-03-31T10:55:25","modified_gmt":"2026-03-31T10:55:25","slug":"iletisim-us","status":"publish","type":"page","link":"https:\/\/www.iceireland.com\/tr\/iletisim-us\/","title":{"rendered":"Bize Ula\u015f\u0131n"},"content":{"rendered":"\t\t<div data-elementor-type=\"wp-page\" data-elementor-id=\"18200\" class=\"elementor elementor-18200 elementor-139\" data-elementor-post-type=\"page\">\n\t\t\t\t\t\t<section class=\"elementor-section elementor-top-section elementor-element elementor-element-786134da cta elementor-section-boxed elementor-section-height-default elementor-section-height-default\" data-id=\"786134da\" data-element_type=\"section\" data-e-type=\"section\" id=\"cta\">\n\t\t\t\t\t\t<div class=\"elementor-container elementor-column-gap-default\">\n\t\t\t\t\t<div class=\"elementor-column elementor-col-100 elementor-top-column elementor-element elementor-element-53db5293\" data-id=\"53db5293\" data-element_type=\"column\" data-e-type=\"column\">\n\t\t\t<div class=\"elementor-widget-wrap elementor-element-populated\">\n\t\t\t\t\t\t<div class=\"elementor-element elementor-element-361f624d elementor-widget elementor-widget-text-editor\" data-id=\"361f624d\" data-element_type=\"widget\" data-e-type=\"widget\" data-widget_type=\"text-editor.default\">\n\t\t\t\t<div class=\"elementor-widget-container\">\n\t\t\t\t\t\t\t\t\t<p>Web sitemizi ziyaret etti\u011finiz i\u00e7in te\u015fekk\u00fcr ederiz. \u0130ngilizce dil okulumuz veya kurslar\u0131m\u0131z ve programlar\u0131m\u0131z hakk\u0131nda daha fazla bilgi almak veya kay\u0131t ofisimize herhangi bir soru sormak i\u00e7in l\u00fctfen a\u015fa\u011f\u0131daki formu kullanarak bizimle ileti\u015fime ge\u00e7in:<\/p>\t\t\t\t\t\t\t\t<\/div>\n\t\t\t\t<\/div>\n\t\t\t\t\t<\/div>\n\t\t<\/div>\n\t\t\t\t\t<\/div>\n\t\t<\/section>\n\t\t\t\t<section class=\"elementor-section elementor-top-section elementor-element elementor-element-0233543 cta elementor-section-boxed elementor-section-height-default elementor-section-height-default\" data-id=\"0233543\" data-element_type=\"section\" data-e-type=\"section\">\n\t\t\t\t\t\t<div class=\"elementor-container elementor-column-gap-default\">\n\t\t\t\t\t<div class=\"elementor-column elementor-col-100 elementor-top-column elementor-element elementor-element-87a5043\" data-id=\"87a5043\" data-element_type=\"column\" data-e-type=\"column\">\n\t\t\t<div class=\"elementor-widget-wrap elementor-element-populated\">\n\t\t\t\t\t\t<div class=\"elementor-element elementor-element-290df99 elementor-button-align-start elementor-widget elementor-widget-form\" data-id=\"290df99\" data-element_type=\"widget\" data-e-type=\"widget\" data-settings=\"{&quot;step_next_label&quot;:&quot;Sonraki&quot;,&quot;step_previous_label&quot;:&quot;\\u00d6nceki&quot;,&quot;button_width&quot;:&quot;100&quot;,&quot;step_type&quot;:&quot;number_text&quot;,&quot;step_icon_shape&quot;:&quot;circle&quot;}\" data-widget_type=\"form.default\">\n\t\t\t\t<div class=\"elementor-widget-container\">\n\t\t\t\t\t\t\t<form class=\"elementor-form\" method=\"post\" id=\"ice_contact_page\" name=\"Yeni Form\" aria-label=\"Yeni Form\">\n\t\t\t<input type=\"hidden\" name=\"post_id\" value=\"18200\"\/>\n\t\t\t<input type=\"hidden\" name=\"form_id\" value=\"290df99\"\/>\n\t\t\t<input type=\"hidden\" name=\"referer_title\" value=\"Irish College of English | \u0130ngilizce Dil Okulu ile ileti\u015fime ge\u00e7in\" \/>\n\n\t\t\t\t\t\t\t<input type=\"hidden\" name=\"queried_id\" value=\"18200\"\/>\n\t\t\t\n\t\t\t<div class=\"elementor-form-fields-wrapper elementor-labels-above\">\n\t\t\t\t\t\t\t\t<div class=\"elementor-field-type-text elementor-field-group elementor-column elementor-field-group-name elementor-col-30 elementor-field-required elementor-mark-required\">\n\t\t\t\t\t\t\t\t\t\t\t\t<label for=\"form-field-name\" class=\"elementor-field-label\">\n\t\t\t\t\t\t\t\t\u0130sim\t\t\t\t\t\t\t<\/label>\n\t\t\t\t\t\t\t\t\t\t\t\t\t\t<input size=\"1\" type=\"text\" name=\"form_fields[name]\" id=\"form-field-name\" class=\"elementor-field elementor-size-sm  elementor-field-textual\" placeholder=\"\u0130sim\" required=\"required\">\n\t\t\t\t\t\t\t\t\t\t\t<\/div>\n\t\t\t\t\t\t\t\t<div class=\"elementor-field-type-text elementor-field-group elementor-column elementor-field-group-field_4933d27 elementor-col-40 elementor-field-required elementor-mark-required\">\n\t\t\t\t\t\t\t\t\t\t\t\t<label for=\"form-field-field_4933d27\" class=\"elementor-field-label\">\n\t\t\t\t\t\t\t\tSoyad\u0131\t\t\t\t\t\t\t<\/label>\n\t\t\t\t\t\t\t\t\t\t\t\t\t\t<input size=\"1\" type=\"text\" name=\"form_fields[field_4933d27]\" id=\"form-field-field_4933d27\" class=\"elementor-field elementor-size-sm  elementor-field-textual\" placeholder=\"Soyad\u0131\" required=\"required\">\n\t\t\t\t\t\t\t\t\t\t\t<\/div>\n\t\t\t\t\t\t\t\t<div class=\"elementor-field-type-text elementor-field-group elementor-column elementor-field-group-field_9c254b5 elementor-col-30\">\n\t\t\t\t\t\t\t\t\t\t\t\t<label for=\"form-field-field_9c254b5\" class=\"elementor-field-label\">\n\t\t\t\t\t\t\t\tUyruk\t\t\t\t\t\t\t<\/label>\n\t\t\t\t\t\t\t\t\t\t\t\t\t\t<input size=\"1\" type=\"text\" name=\"form_fields[field_9c254b5]\" id=\"form-field-field_9c254b5\" class=\"elementor-field elementor-size-sm  elementor-field-textual\" placeholder=\"Uyruk\">\n\t\t\t\t\t\t\t\t\t\t\t<\/div>\n\t\t\t\t\t\t\t\t<div class=\"elementor-field-type-email elementor-field-group elementor-column elementor-field-group-email elementor-col-70 elementor-field-required elementor-mark-required\">\n\t\t\t\t\t\t\t\t\t\t\t\t<label for=\"form-field-email\" class=\"elementor-field-label\">\n\t\t\t\t\t\t\t\tE-posta\t\t\t\t\t\t\t<\/label>\n\t\t\t\t\t\t\t\t\t\t\t\t\t\t<input size=\"1\" type=\"email\" name=\"form_fields[email]\" id=\"form-field-email\" class=\"elementor-field elementor-size-sm  elementor-field-textual\" placeholder=\"E-posta\" required=\"required\">\n\t\t\t\t\t\t\t\t\t\t\t<\/div>\n\t\t\t\t\t\t\t\t<div class=\"elementor-field-type-tel elementor-field-group elementor-column elementor-field-group-field_56c1d0e elementor-col-30\">\n\t\t\t\t\t\t\t\t\t\t\t\t<label for=\"form-field-field_56c1d0e\" class=\"elementor-field-label\">\n\t\t\t\t\t\t\t\tTelefon Numaras\u0131\t\t\t\t\t\t\t<\/label>\n\t\t\t\t\t\t\t\t<input size=\"1\" type=\"tel\" name=\"form_fields[field_56c1d0e]\" id=\"form-field-field_56c1d0e\" class=\"elementor-field elementor-size-sm  elementor-field-textual\" placeholder=\"Telefon Numaras\u0131\" pattern=\"[0-9()#&amp;+*-=.]+\" title=\"Only numbers and phone characters (#, -, *, etc) are accepted.\">\n\n\t\t\t\t\t\t<\/div>\n\t\t\t\t\t\t\t\t<div class=\"elementor-field-type-text elementor-field-group elementor-column elementor-field-group-field_c5b98b7 elementor-col-50\">\n\t\t\t\t\t\t\t\t\t\t\t\t<label for=\"form-field-field_c5b98b7\" class=\"elementor-field-label\">\n\t\t\t\t\t\t\t\tKonu\t\t\t\t\t\t\t<\/label>\n\t\t\t\t\t\t\t\t\t\t\t\t\t\t<input size=\"1\" type=\"text\" name=\"form_fields[field_c5b98b7]\" id=\"form-field-field_c5b98b7\" class=\"elementor-field elementor-size-sm  elementor-field-textual\" placeholder=\"Konu\">\n\t\t\t\t\t\t\t\t\t\t\t<\/div>\n\t\t\t\t\t\t\t\t<div class=\"elementor-field-type-textarea elementor-field-group elementor-column elementor-field-group-message elementor-col-100\">\n\t\t\t\t\t\t\t\t\t\t\t\t<label for=\"form-field-message\" class=\"elementor-field-label\">\n\t\t\t\t\t\t\t\tMesaj\t\t\t\t\t\t\t<\/label>\n\t\t\t\t\t\t<textarea class=\"elementor-field-textual elementor-field  elementor-size-sm\" name=\"form_fields[message]\" id=\"form-field-message\" rows=\"4\" placeholder=\"Mesaj\"><\/textarea>\t\t\t\t<\/div>\n\t\t\t\t\t\t\t\t<div class=\"elementor-field-type-acceptance elementor-field-group elementor-column elementor-field-group-field_5c5a042 elementor-col-100 elementor-field-required elementor-mark-required\">\n\t\t\t\t\t\t\t<div class=\"elementor-field-subgroup\">\n\t\t\t<span class=\"elementor-field-option\">\n\t\t\t\t<input type=\"checkbox\" name=\"form_fields[field_5c5a042]\" id=\"form-field-field_5c5a042\" class=\"elementor-field elementor-size-sm  elementor-acceptance-field\" required=\"required\">\n\t\t\t\t<label for=\"form-field-field_5c5a042\">ICE'nin <a target=\"_blank\" href=\"https:\/\/www.iceireland.com\/wp-content\/uploads\/2023\/07\/ICE-Data-Protection-Policy.pdf\">Gizlilik Politikas\u0131n\u0131<\/a> kabul ediyorum<\/label>\t\t\t<\/span>\n\t\t<\/div>\n\t\t\t\t\t\t<\/div>\n\t\t\t\t\t\t\t\t<div class=\"elementor-field-type-recaptcha_v3 elementor-field-group elementor-column elementor-field-group-field_6396056 elementor-col-100 recaptcha_v3-inline\">\n\t\t\t\t\t<div class=\"elementor-field\" id=\"form-field-field_6396056\"><div class=\"elementor-g-recaptcha\" data-sitekey=\"6LdLbp8sAAAAANkX9ZeXlqiJm2n5ZylOcI7_zgSO\" data-type=\"v3\" data-action=\"Form\" data-badge=\"inline\" data-size=\"invisible\"><\/div><\/div>\t\t\t\t<\/div>\n\t\t\t\t\t\t\t\t<div class=\"elementor-field-group elementor-column elementor-field-type-submit elementor-col-100 e-form__buttons\">\n\t\t\t\t\t<button class=\"elementor-button elementor-size-sm\" type=\"submit\">\n\t\t\t\t\t\t<span class=\"elementor-button-content-wrapper\">\n\t\t\t\t\t\t\t\t\t\t\t\t\t\t\t\t\t\t\t\t\t\t<span class=\"elementor-button-text\">G\u00f6nder<\/span>\n\t\t\t\t\t\t\t\t\t\t\t\t\t<\/span>\n\t\t\t\t\t<\/button>\n\t\t\t\t<\/div>\n\t\t\t<\/div>\n\t\t<\/form>\n\t\t\t\t\t\t<\/div>\n\t\t\t\t<\/div>\n\t\t\t\t\t<\/div>\n\t\t<\/div>\n\t\t\t\t\t<\/div>\n\t\t<\/section>\n\t\t\t\t<section class=\"elementor-section elementor-top-section elementor-element elementor-element-aa905f3 cta elementor-section-boxed elementor-section-height-default elementor-section-height-default\" data-id=\"aa905f3\" data-element_type=\"section\" data-e-type=\"section\">\n\t\t\t\t\t\t<div class=\"elementor-container elementor-column-gap-default\">\n\t\t\t\t\t<div class=\"elementor-column elementor-col-100 elementor-top-column elementor-element elementor-element-f5b358c\" data-id=\"f5b358c\" data-element_type=\"column\" data-e-type=\"column\">\n\t\t\t<div class=\"elementor-widget-wrap elementor-element-populated\">\n\t\t\t\t\t\t<div class=\"elementor-element elementor-element-9116cc6 elementor-widget elementor-widget-text-editor\" data-id=\"9116cc6\" data-element_type=\"widget\" data-e-type=\"widget\" data-widget_type=\"text-editor.default\">\n\t\t\t\t<div class=\"elementor-widget-container\">\n\t\t\t\t\t\t\t\t\t<p style=\"text-align: left;\"><strong>Okulun Haritadaki Konumu<\/strong><\/p><h2><iframe style=\"border: 0px currentColor;\" src=\"https:\/\/www.google.com\/maps\/embed?pb=!1m18!1m12!1m3!1d2376.028543784925!2d-6.153333999999976!3d53.45007599999998!2m3!1f0!2f0!3f0!3m2!1i1024!2i768!4f13.1!3m3!1m2!1s0x48671a603ffaed79%3A0xff1db755ca7863d5!2sIrish+College+of+English!5e0!3m2!1sen!2s!4v1413811112153\" width=\"100%\" height=\"450\" frameborder=\"0\"><\/iframe><\/h2><p><strong>Merkez Ofis<\/strong><br>Irish College of English,<br>6 Church Road,<br>Malahide,<br>Co. Dublin,<\/p><p>Posta Kodu: K36 KF21<\/p><p>Tel: +353 1 8453744<\/p><p><strong>E-posta: <span style=\"color: #339966;\"><a style=\"color: #339966;\" title=\"\u0130leti\u015fim\" href=\"mailto:info@iceireland.com\">info@iceireland.com<\/a><br><\/span><\/strong><\/p><p><strong> <\/strong><\/p><p><strong>Kay\u0131t G\u00f6revlimizle \u0130leti\u015fime Ge\u00e7in:<\/strong><\/p><p>Kay\u0131t \u00f6ncesi sorular\u0131n\u0131z i\u00e7in l\u00fctfen bu web sitesindeki formlardan herhangi birini kullanarak veya e-posta adresimizden kay\u0131t yetkilimizle ileti\u015fime ge\u00e7in: <span style=\"color: #339966;\"><a style=\"color: #339966;\" title=\"\u0130leti\u015fim\" href=\"mailto:info@iceireland.com\">info@iceireland.com<\/a><br><\/span><\/p><p><span style=\"color: #339966;\"> <\/span><\/p>\t\t\t\t\t\t\t\t<\/div>\n\t\t\t\t<\/div>\n\t\t\t\t\t<\/div>\n\t\t<\/div>\n\t\t\t\t\t<\/div>\n\t\t<\/section>\n\t\t\t\t<\/div>\n\t\t","protected":false},"excerpt":{"rendered":"<p>Web sitemizi ziyaret etti\u011finiz i\u00e7in te\u015fekk\u00fcr ederiz. \u0130ngilizce dil okulumuz veya kurslar\u0131m\u0131z ve programlar\u0131m\u0131z hakk\u0131nda daha fazla bilgi almak veya kay\u0131t ofisimize herhangi bir soru sormak i\u00e7in l\u00fctfen a\u015fa\u011f\u0131daki formu kullanarak bizimle ileti\u015fime ge\u00e7in: Okulun Haritadaki Konumu Merkez OfisIrish College of English,6 Church Road,Malahide,Co. Dublin, Posta Kodu: K36 KF21 Tel: +353 1 8453744 E-posta: info@iceireland.com [&hellip;]<\/p>\n","protected":false},"author":1,"featured_media":0,"parent":0,"menu_order":0,"comment_status":"open","ping_status":"open","template":"elementor_header_footer","meta":{"content-type":"","footnotes":""},"class_list":["post-18200","page","type-page","status-publish","hentry"],"yoast_head":"<!-- This site is optimized with the Yoast SEO plugin v27.3 - https:\/\/yoast.com\/product\/yoast-seo-wordpress\/ -->\n<title>Irish College of English | \u0130ngilizce Dil Okulu ile ileti\u015fime ge\u00e7in<\/title>\n<meta name=\"description\" content=\"Dublin&#039;de bir \u0130ngilizce Dil Okulu ar\u0131yorum. Bize infor@iceireland.com adresinden ula\u015f\u0131n veya bug\u00fcn 00353 1 8453744 numaral\u0131 telefondan bizi aray\u0131n ya da www.iceireland.com adresini ziyaret edin\" \/>\n<meta name=\"robots\" content=\"index, follow, max-snippet:-1, max-image-preview:large, max-video-preview:-1\" \/>\n<link rel=\"canonical\" href=\"https:\/\/www.iceireland.com\/tr\/iletisim-us\/\" \/>\n<meta property=\"og:locale\" content=\"tr_TR\" \/>\n<meta property=\"og:type\" content=\"article\" \/>\n<meta property=\"og:title\" content=\"Irish College of English | \u0130ngilizce Dil Okulu ile ileti\u015fime ge\u00e7in\" \/>\n<meta property=\"og:description\" content=\"Dublin&#039;de bir \u0130ngilizce Dil Okulu ar\u0131yorum. Bize infor@iceireland.com adresinden ula\u015f\u0131n veya bug\u00fcn 00353 1 8453744 numaral\u0131 telefondan bizi aray\u0131n ya da www.iceireland.com adresini ziyaret edin\" \/>\n<meta property=\"og:url\" content=\"https:\/\/www.iceireland.com\/tr\/iletisim-us\/\" \/>\n<meta property=\"og:site_name\" content=\"Irish College of English\" \/>\n<meta property=\"article:modified_time\" content=\"2026-03-31T10:55:25+00:00\" \/>\n<meta name=\"twitter:label1\" content=\"Tahmini okuma s\u00fcresi\" \/>\n\t<meta name=\"twitter:data1\" content=\"1 dakika\" \/>\n<script type=\"application\/ld+json\" class=\"yoast-schema-graph\">{\"@context\":\"https:\\\/\\\/schema.org\",\"@graph\":[{\"@type\":\"WebPage\",\"@id\":\"https:\\\/\\\/www.iceireland.com\\\/tr\\\/iletisim-us\\\/\",\"url\":\"https:\\\/\\\/www.iceireland.com\\\/tr\\\/iletisim-us\\\/\",\"name\":\"Irish College of English | \u0130ngilizce Dil Okulu ile ileti\u015fime ge\u00e7in\",\"isPartOf\":{\"@id\":\"https:\\\/\\\/www.iceireland.com\\\/tr\\\/#website\"},\"datePublished\":\"2014-10-20T09:28:41+00:00\",\"dateModified\":\"2026-03-31T10:55:25+00:00\",\"description\":\"Dublin'de bir \u0130ngilizce Dil Okulu ar\u0131yorum. Bize infor@iceireland.com adresinden ula\u015f\u0131n veya bug\u00fcn 00353 1 8453744 numaral\u0131 telefondan bizi aray\u0131n ya da www.iceireland.com adresini ziyaret edin\",\"breadcrumb\":{\"@id\":\"https:\\\/\\\/www.iceireland.com\\\/tr\\\/iletisim-us\\\/#breadcrumb\"},\"inLanguage\":\"tr\",\"potentialAction\":[{\"@type\":\"ReadAction\",\"target\":[\"https:\\\/\\\/www.iceireland.com\\\/tr\\\/iletisim-us\\\/\"]}]},{\"@type\":\"BreadcrumbList\",\"@id\":\"https:\\\/\\\/www.iceireland.com\\\/tr\\\/iletisim-us\\\/#breadcrumb\",\"itemListElement\":[{\"@type\":\"ListItem\",\"position\":1,\"name\":\"Home\",\"item\":\"https:\\\/\\\/www.iceireland.com\\\/tr\\\/\"},{\"@type\":\"ListItem\",\"position\":2,\"name\":\"Bize Ula\u015f\u0131n\"}]},{\"@type\":\"WebSite\",\"@id\":\"https:\\\/\\\/www.iceireland.com\\\/tr\\\/#website\",\"url\":\"https:\\\/\\\/www.iceireland.com\\\/tr\\\/\",\"name\":\"Irish College of English\",\"description\":\"English School in Dublin, Malahide\",\"publisher\":{\"@id\":\"https:\\\/\\\/www.iceireland.com\\\/tr\\\/#organization\"},\"potentialAction\":[{\"@type\":\"SearchAction\",\"target\":{\"@type\":\"EntryPoint\",\"urlTemplate\":\"https:\\\/\\\/www.iceireland.com\\\/tr\\\/?s={search_term_string}\"},\"query-input\":{\"@type\":\"PropertyValueSpecification\",\"valueRequired\":true,\"valueName\":\"search_term_string\"}}],\"inLanguage\":\"tr\"},{\"@type\":\"Organization\",\"@id\":\"https:\\\/\\\/www.iceireland.com\\\/tr\\\/#organization\",\"name\":\"Irish College of English\",\"url\":\"https:\\\/\\\/www.iceireland.com\\\/tr\\\/\",\"logo\":{\"@type\":\"ImageObject\",\"inLanguage\":\"tr\",\"@id\":\"https:\\\/\\\/www.iceireland.com\\\/tr\\\/#\\\/schema\\\/logo\\\/image\\\/\",\"url\":\"https:\\\/\\\/www.iceireland.com\\\/wp-content\\\/uploads\\\/2022\\\/03\\\/logo.png\",\"contentUrl\":\"https:\\\/\\\/www.iceireland.com\\\/wp-content\\\/uploads\\\/2022\\\/03\\\/logo.png\",\"width\":593,\"height\":92,\"caption\":\"Irish College of English\"},\"image\":{\"@id\":\"https:\\\/\\\/www.iceireland.com\\\/tr\\\/#\\\/schema\\\/logo\\\/image\\\/\"}}]}<\/script>\n<!-- \/ Yoast SEO plugin. -->","yoast_head_json":{"title":"Irish College of English | \u0130ngilizce Dil Okulu ile ileti\u015fime ge\u00e7in","description":"Dublin'de bir \u0130ngilizce Dil Okulu ar\u0131yorum. Bize infor@iceireland.com adresinden ula\u015f\u0131n veya bug\u00fcn 00353 1 8453744 numaral\u0131 telefondan bizi aray\u0131n ya da www.iceireland.com adresini ziyaret edin","robots":{"index":"index","follow":"follow","max-snippet":"max-snippet:-1","max-image-preview":"max-image-preview:large","max-video-preview":"max-video-preview:-1"},"canonical":"https:\/\/www.iceireland.com\/tr\/iletisim-us\/","og_locale":"tr_TR","og_type":"article","og_title":"Irish College of English | \u0130ngilizce Dil Okulu ile ileti\u015fime ge\u00e7in","og_description":"Dublin'de bir \u0130ngilizce Dil Okulu ar\u0131yorum. Bize infor@iceireland.com adresinden ula\u015f\u0131n veya bug\u00fcn 00353 1 8453744 numaral\u0131 telefondan bizi aray\u0131n ya da www.iceireland.com adresini ziyaret edin","og_url":"https:\/\/www.iceireland.com\/tr\/iletisim-us\/","og_site_name":"Irish College of English","article_modified_time":"2026-03-31T10:55:25+00:00","twitter_misc":{"Tahmini okuma s\u00fcresi":"1 dakika"},"schema":{"@context":"https:\/\/schema.org","@graph":[{"@type":"WebPage","@id":"https:\/\/www.iceireland.com\/tr\/iletisim-us\/","url":"https:\/\/www.iceireland.com\/tr\/iletisim-us\/","name":"Irish College of English | \u0130ngilizce Dil Okulu ile ileti\u015fime ge\u00e7in","isPartOf":{"@id":"https:\/\/www.iceireland.com\/tr\/#website"},"datePublished":"2014-10-20T09:28:41+00:00","dateModified":"2026-03-31T10:55:25+00:00","description":"Dublin'de bir \u0130ngilizce Dil Okulu ar\u0131yorum. Bize infor@iceireland.com adresinden ula\u015f\u0131n veya bug\u00fcn 00353 1 8453744 numaral\u0131 telefondan bizi aray\u0131n ya da www.iceireland.com adresini ziyaret edin","breadcrumb":{"@id":"https:\/\/www.iceireland.com\/tr\/iletisim-us\/#breadcrumb"},"inLanguage":"tr","potentialAction":[{"@type":"ReadAction","target":["https:\/\/www.iceireland.com\/tr\/iletisim-us\/"]}]},{"@type":"BreadcrumbList","@id":"https:\/\/www.iceireland.com\/tr\/iletisim-us\/#breadcrumb","itemListElement":[{"@type":"ListItem","position":1,"name":"Home","item":"https:\/\/www.iceireland.com\/tr\/"},{"@type":"ListItem","position":2,"name":"Bize Ula\u015f\u0131n"}]},{"@type":"WebSite","@id":"https:\/\/www.iceireland.com\/tr\/#website","url":"https:\/\/www.iceireland.com\/tr\/","name":"Irish College of English","description":"English School in Dublin, Malahide","publisher":{"@id":"https:\/\/www.iceireland.com\/tr\/#organization"},"potentialAction":[{"@type":"SearchAction","target":{"@type":"EntryPoint","urlTemplate":"https:\/\/www.iceireland.com\/tr\/?s={search_term_string}"},"query-input":{"@type":"PropertyValueSpecification","valueRequired":true,"valueName":"search_term_string"}}],"inLanguage":"tr"},{"@type":"Organization","@id":"https:\/\/www.iceireland.com\/tr\/#organization","name":"Irish College of English","url":"https:\/\/www.iceireland.com\/tr\/","logo":{"@type":"ImageObject","inLanguage":"tr","@id":"https:\/\/www.iceireland.com\/tr\/#\/schema\/logo\/image\/","url":"https:\/\/www.iceireland.com\/wp-content\/uploads\/2022\/03\/logo.png","contentUrl":"https:\/\/www.iceireland.com\/wp-content\/uploads\/2022\/03\/logo.png","width":593,"height":92,"caption":"Irish College of English"},"image":{"@id":"https:\/\/www.iceireland.com\/tr\/#\/schema\/logo\/image\/"}}]}},"_links":{"self":[{"href":"https:\/\/www.iceireland.com\/tr\/wp-json\/wp\/v2\/pages\/18200","targetHints":{"allow":["GET"]}}],"collection":[{"href":"https:\/\/www.iceireland.com\/tr\/wp-json\/wp\/v2\/pages"}],"about":[{"href":"https:\/\/www.iceireland.com\/tr\/wp-json\/wp\/v2\/types\/page"}],"author":[{"embeddable":true,"href":"https:\/\/www.iceireland.com\/tr\/wp-json\/wp\/v2\/users\/1"}],"replies":[{"embeddable":true,"href":"https:\/\/www.iceireland.com\/tr\/wp-json\/wp\/v2\/comments?post=18200"}],"version-history":[{"count":5,"href":"https:\/\/www.iceireland.com\/tr\/wp-json\/wp\/v2\/pages\/18200\/revisions"}],"predecessor-version":[{"id":36162,"href":"https:\/\/www.iceireland.com\/tr\/wp-json\/wp\/v2\/pages\/18200\/revisions\/36162"}],"wp:attachment":[{"href":"https:\/\/www.iceireland.com\/tr\/wp-json\/wp\/v2\/media?parent=18200"}],"curies":[{"name":"wp","href":"https:\/\/api.w.org\/{rel}","templated":true}]}}