{"id":31894,"date":"2014-10-20T08:44:14","date_gmt":"2014-10-20T08:44:14","guid":{"rendered":"https:\/\/www.iceireland.com\/homestay-ireland\/"},"modified":"2014-10-20T08:44:14","modified_gmt":"2014-10-20T08:44:14","slug":"homestay-ireland","status":"publish","type":"page","link":"https:\/\/www.iceireland.com\/tr\/homestay-ireland\/","title":{"rendered":"Evde Konaklama \u0130rlanda &amp; Yat\u0131l\u0131 Konaklama"},"content":{"rendered":"<h2>Aile Yan\u0131 Konaklama<\/h2>\n<blockquote>\n<h4><span style=\"color: #808080;\">Okulumuza <strong>Y\u00fcr\u00fcme Mesafesinde \/ \u00c7ok K\u0131sa Otob\u00fcs Yolculu\u011fu<\/strong> Mesafesinde Kaliteli, Samimi, Misafirperver Pansiyonlar<br \/>\n<\/span><\/h4>\n<h4><span style=\"color: #808080;\">Her Aile Yan\u0131nda Sadece Bir Uyru\u011fu Garanti Ediyoruz, \u00c7o\u011fu Aile Yan\u0131nda 2-3 \u00d6\u011frenci Konakl\u0131yor<br \/>\n<\/span><\/h4>\n<h4><span style=\"color: #808080;\">T\u00fcm y\u0131l boyunca Ev Sahibi Ailelerde Yeti\u015fkin ve Gen\u00e7 \u00d6\u011frenci Konaklamas\u0131<br \/>\n<\/span><\/h4>\n<h4><span style=\"color: #808080;\">Kaliteyi ve Ev Sahibi Aile T\u00fcz\u00fc\u011f\u00fcn\u00fc Sa\u011flayan Y\u0131l Boyu Ev Sahibi Aile Koordinat\u00f6r\u00fc<\/span><\/h4>\n<\/blockquote>\n<p>&nbsp;<\/p>\n<p><strong>The Irish College of English ile Kaliteli Ev Konaklamalar\u0131<\/strong>. \u0130ngilizce Okullar\u0131m\u0131za y\u00fcr\u00fcme mesafesinde konforlu odalara sahip samimi ve misafirperver \u0130rlandal\u0131 Ev Sahibi Aileler. <\/p>\n<p><strong>Ev Sahibi Aile Konaklamas\u0131 <\/strong>,<strong> \u0130rlanda&#8217;da ger\u00e7ekten dilsel<\/strong> bir <strong>konaklama <\/strong>i\u00e7in \u0130rlandal\u0131 bir ailenin yan\u0131nda ya\u015famak isteyen \u00f6\u011frenciler i\u00e7in d\u00fczenlenmektedir. \u0130rlanda halk\u0131 misafirperverlik ve s\u0131cakl\u0131k gelene\u011fine sahiptir. Bu gelenek t\u00fcm d\u00fcnyada \u00fcnl\u00fcd\u00fcr ve binlerce \u00f6\u011frenciyi \u0130rlanda&#8217;da \u0130ngilizce \u00f6\u011frenmeye \u00e7ekmede \u00f6nemli bir fakt\u00f6r olmu\u015ftur.  <\/p>\n<p><strong>Kaliteli Konaklama<\/strong>, \u0130rlanda \u0130ngilizce Koleji&#8217;nin temel odak noktas\u0131d\u0131r. Konumumuz m\u00fckemmeldir<span style=\"color: #000000;\"> ve Malahide<\/span>, Dublin&#8217;in ya\u015famak i\u00e7in en prestijli b\u00f6lgelerinden biridir, bu da bizi Aile Yan\u0131 Konaklama i\u00e7in ideal bir se\u00e7im haline getirmektedir. Sadece okullar\u0131m\u0131za y\u00fcr\u00fcme mesafesinde bulunan aile yan\u0131 konaklama yerlerini kullan\u0131yoruz ve t\u00fcm y\u0131l boyunca faaliyet g\u00f6sterdi\u011fimiz i\u00e7in <strong>Toplumla<\/strong> ve t\u00fcm aile yan\u0131 konaklama yerlerimizle <strong>G\u00fc\u00e7l\u00fc \u0130li\u015fkiler Kuruyoruz<\/strong>.  <\/p>\n<p>Ev konaklamalar\u0131m\u0131z\u0131 ziyaret etmek ve kalitesini sa\u011flamak i\u00e7in tam zamanl\u0131 bir personelimiz bulunmaktad\u0131r. <strong>\u00d6\u011frenci Refah\u0131 bizim Ana Kayg\u0131m\u0131zd\u0131r<\/strong> ve maksimum konforu sa\u011flamak i\u00e7in ailelerimizi \u00e7ok dikkatli se\u00e7iyoruz. Buna ek olarak, t\u00fcm ev konaklamalar\u0131na ili\u015fkin standartlar\u0131 ve politikalar\u0131m\u0131z\u0131 a\u00e7\u0131k\u00e7a ortaya koyan bir Ev Konaklama T\u00fcz\u00fc\u011f\u00fcm\u00fcz bulunmaktad\u0131r. \u00d6\u011frenciler di\u011fer Uluslararas\u0131 \u00d6\u011frencilerle birlikte yerle\u015ftirilebilir ve b\u00f6ylece d\u00fcnyan\u0131n her yerinden gen\u00e7lerle yeni arkada\u015fl\u0131klar geli\u015ftirebilirler. \u00d6\u011frencilere m\u00fckemmel bir aile yan\u0131nda konaklama garantisi verebiliyoruz ve \u00f6\u011frenci geri bildirimlerimiz de bunu kan\u0131tl\u0131yor.   <\/p>\n<p><strong>Kahvalt\u0131, paketli \u00f6\u011fle yeme\u011fi ve<\/strong> besleyici bir diyete vurgu yapan bir <strong>ak\u015fam yeme\u011fi<\/strong> ile <strong>tam pansiyon <\/strong>sa\u011flanmaktad\u0131r. \u00d6\u011frenciler kald\u0131klar\u0131 s\u00fcre boyunca ailenin bir \u00fcyesi olmakta ve normal aile ya\u015fam\u0131na uyum sa\u011flamakta, sosyalle\u015fmekte ve aileyle birlikte yemek yemektedir. <\/p>\n<p>&nbsp;<\/p>\n<h3><span style=\"color: #808080;\"><strong><span style=\"color: #000000;\">&#8216;Evden bir ev&#8217;<\/span><\/strong><\/span><\/h3>\n<h4><strong>Bir \u00d6\u011frencinin ev sahibi ailesiyle ge\u00e7irdi\u011fi tipik bir g\u00fcn<\/strong><\/h4>\n<ul>\n<li><strong><span style=\"color: #808080;\">\u00d6\u011frenciler ev sahibi anneleri taraf\u0131ndan uyand\u0131r\u0131l\u0131r, du\u015f al\u0131r ve kahvalt\u0131 ederler.<\/span><\/strong><\/li>\n<li><strong><span style=\"color: #808080;\">\u00d6\u011frencilere g\u00fcn i\u00e7in paketlenmi\u015f bir \u00f6\u011fle yeme\u011fi verilir.<\/span><\/strong><\/li>\n<li><strong><span style=\"color: #808080;\">\u00d6\u011frenciler okula y\u00fcr\u00fcyerek gitmekte ve ders ve etkinlik programlar\u0131n\u0131n ard\u0131ndan ak\u015fam saat 6 civar\u0131nda evlerine d\u00f6nmektedir.<\/span><\/strong><\/li>\n<li><strong><span style=\"color: #808080;\">\u00d6\u011frenciler eve d\u00f6nd\u00fcklerinde ev sahibi aileleriyle ak\u015fam yeme\u011fi yer ve o g\u00fcn ya\u015fananlar hakk\u0131nda sohbet ederler.<\/span><\/strong><\/li>\n<li><strong><span style=\"color: #808080;\">\u00d6\u011frenciler ak\u015fam\u0131 dinlenerek ve aileleriyle sohbet ederek ge\u00e7irebilir veya b\u00f6lgedeki arkada\u015flar\u0131yla bulu\u015fabilirler.<\/span><\/strong><\/li>\n<li><strong><span style=\"color: #808080;\">Gen\u00e7lerin soka\u011fa \u00e7\u0131kma yasa\u011f\u0131, t\u00fcm \u00f6\u011frencilerin evde olmas\u0131 gereken saat olan 9.30&#8217;dur.<br \/>\n<\/span><\/strong><\/li>\n<li><strong><span style=\"color: #808080;\">Gen\u00e7lerin ve ailelerin acil durum telefon numaras\u0131na 24 saat eri\u015fimi vard\u0131r ve ekibimizin bir \u00fcyesi her zaman yard\u0131m etmek i\u00e7in g\u00f6rev ba\u015f\u0131ndad\u0131r.<\/span><\/strong><\/li>\n<\/ul>\n<p>&nbsp;<\/p>\n<p><a href=\"http:\/\/bit.ly\/30uWaD3\"><img fetchpriority=\"high\" decoding=\"async\" class=\"alignleft wp-image-5111\" style=\"margin-right: 25px;\" src=\"https:\/\/www.iceireland.com\/wp-content\/uploads\/2019\/09\/3-2-182x300.jpg\" alt=\"\" width=\"212\" height=\"350\" srcset=\"https:\/\/www.iceireland.com\/wp-content\/uploads\/2019\/09\/3-2-182x300.jpg 182w, https:\/\/www.iceireland.com\/wp-content\/uploads\/2019\/09\/3-2.jpg 424w\" sizes=\"(max-width: 212px) 100vw, 212px\" \/><\/a> <a href=\"http:\/\/bit.ly\/2kwaCet\"><img decoding=\"async\" class=\"alignleft wp-image-5110\" style=\"margin-right: 25px;\" src=\"https:\/\/www.iceireland.com\/wp-content\/uploads\/2019\/09\/junior-summer-camp-in-dublin-150x150.jpg\" alt=\"\" width=\"212\" height=\"350\"><\/a> <a href=\"http:\/\/bit.ly\/2P6BBvt\"><img decoding=\"async\" class=\"alignleft wp-image-5109\" style=\"margin-right: 25px;\" src=\"https:\/\/www.iceireland.com\/wp-content\/uploads\/2019\/09\/1-1-182x300.jpg\" alt=\"\" width=\"212\" height=\"350\" srcset=\"https:\/\/www.iceireland.com\/wp-content\/uploads\/2019\/09\/1-1-182x300.jpg 182w, https:\/\/www.iceireland.com\/wp-content\/uploads\/2019\/09\/1-1.jpg 424w\" sizes=\"(max-width: 212px) 100vw, 212px\" \/><\/a> <a href=\"https:\/\/www.iceireland.com\/wp-content\/uploads\/2019\/08\/English-Courses-and-Fees-2021.pdf\"><img loading=\"lazy\" decoding=\"async\" class=\"alignleft wp-image-5112\" style=\"margin-right: 25px;\" src=\"https:\/\/www.iceireland.com\/wp-content\/uploads\/2019\/09\/english-courses-dublin-182x300.jpg\" alt=\"\" width=\"212\" height=\"350\" srcset=\"https:\/\/www.iceireland.com\/wp-content\/uploads\/2019\/09\/english-courses-dublin-182x300.jpg 182w, https:\/\/www.iceireland.com\/wp-content\/uploads\/2019\/09\/english-courses-dublin.jpg 424w\" sizes=\"(max-width: 212px) 100vw, 212px\" \/><\/a> <a href=\"mailto:info@iceireland.com\"><img loading=\"lazy\" decoding=\"async\" class=\"alignleft wp-image-4832\" src=\"https:\/\/www.iceireland.com\/wp-content\/uploads\/2019\/08\/BOOK-NOW-e1567611851930.jpg\" alt=\"\" width=\"212\" height=\"300\"><\/a><\/p>\n<p>&nbsp;<\/p>\n<p>&nbsp;<\/p>\n<p>&nbsp;<\/p>\n<p>&nbsp;<\/p>\n<p>&nbsp;<\/p>\n","protected":false},"excerpt":{"rendered":"<p>Aile Yan\u0131 Konaklama Okulumuza Y\u00fcr\u00fcme Mesafesinde \/ \u00c7ok K\u0131sa Otob\u00fcs Yolculu\u011fu Mesafesinde Kaliteli, Samimi, Misafirperver Pansiyonlar Her Aile Yan\u0131nda Sadece Bir Uyru\u011fu Garanti Ediyoruz, \u00c7o\u011fu Aile Yan\u0131nda 2-3 \u00d6\u011frenci Konakl\u0131yor T\u00fcm y\u0131l boyunca Ev Sahibi Ailelerde Yeti\u015fkin ve Gen\u00e7 \u00d6\u011frenci Konaklamas\u0131 Kaliteyi ve Ev Sahibi Aile T\u00fcz\u00fc\u011f\u00fcn\u00fc Sa\u011flayan Y\u0131l Boyu Ev Sahibi Aile Koordinat\u00f6r\u00fc &nbsp; [&hellip;]<\/p>\n","protected":false},"author":1,"featured_media":0,"parent":0,"menu_order":0,"comment_status":"open","ping_status":"closed","template":"","meta":{"content-type":"","footnotes":""},"class_list":["post-31894","page","type-page","status-publish","hentry"],"yoast_head":"<!-- This site is optimized with the Yoast SEO plugin v27.3 - https:\/\/yoast.com\/product\/yoast-seo-wordpress\/ -->\n<title>\u0130rlanda Aile Yan\u0131 - Konaklamal\u0131 \u0130ngilizce Kurslar\u0131<\/title>\n<meta name=\"description\" content=\"\u0130rlanda \u0130ngilizce Koleji&#039;nde bir \u0130ngilizce Kursu al\u0131n ve hepsi Y\u00fcr\u00fcme Mesafesinde \/ \u00c7ok K\u0131sa Otob\u00fcs Yolculu\u011fu mesafesinde Dost Canl\u0131s\u0131 ve Misafirperver \u0130rlandal\u0131 Ev Sahibi Aile Konaklama deneyimini ya\u015fay\u0131n.\" \/>\n<meta name=\"robots\" content=\"index, follow, max-snippet:-1, max-image-preview:large, max-video-preview:-1\" \/>\n<link rel=\"canonical\" href=\"https:\/\/www.iceireland.com\/tr\/homestay-ireland\/\" \/>\n<meta property=\"og:locale\" content=\"tr_TR\" \/>\n<meta property=\"og:type\" content=\"article\" \/>\n<meta property=\"og:title\" content=\"\u0130rlanda Aile Yan\u0131 - Konaklamal\u0131 \u0130ngilizce Kurslar\u0131\" \/>\n<meta property=\"og:description\" content=\"\u0130rlanda \u0130ngilizce Koleji&#039;nde bir \u0130ngilizce Kursu al\u0131n ve hepsi Y\u00fcr\u00fcme Mesafesinde \/ \u00c7ok K\u0131sa Otob\u00fcs Yolculu\u011fu mesafesinde Dost Canl\u0131s\u0131 ve Misafirperver \u0130rlandal\u0131 Ev Sahibi Aile Konaklama deneyimini ya\u015fay\u0131n.\" \/>\n<meta property=\"og:url\" content=\"https:\/\/www.iceireland.com\/tr\/homestay-ireland\/\" \/>\n<meta property=\"og:site_name\" content=\"Irish College of English\" \/>\n<meta property=\"og:image\" content=\"https:\/\/www.iceireland.com\/wp-content\/uploads\/2019\/09\/3-2.jpg\" \/>\n\t<meta property=\"og:image:width\" content=\"424\" \/>\n\t<meta property=\"og:image:height\" content=\"700\" \/>\n\t<meta property=\"og:image:type\" content=\"image\/jpeg\" \/>\n<meta name=\"twitter:label1\" content=\"Tahmini okuma s\u00fcresi\" \/>\n\t<meta name=\"twitter:data1\" content=\"3 dakika\" \/>\n<script type=\"application\/ld+json\" class=\"yoast-schema-graph\">{\"@context\":\"https:\\\/\\\/schema.org\",\"@graph\":[{\"@type\":\"WebPage\",\"@id\":\"https:\\\/\\\/www.iceireland.com\\\/tr\\\/homestay-ireland\\\/\",\"url\":\"https:\\\/\\\/www.iceireland.com\\\/tr\\\/homestay-ireland\\\/\",\"name\":\"\u0130rlanda Aile Yan\u0131 - Konaklamal\u0131 \u0130ngilizce Kurslar\u0131\",\"isPartOf\":{\"@id\":\"https:\\\/\\\/www.iceireland.com\\\/tr\\\/#website\"},\"primaryImageOfPage\":{\"@id\":\"https:\\\/\\\/www.iceireland.com\\\/tr\\\/homestay-ireland\\\/#primaryimage\"},\"image\":{\"@id\":\"https:\\\/\\\/www.iceireland.com\\\/tr\\\/homestay-ireland\\\/#primaryimage\"},\"thumbnailUrl\":\"https:\\\/\\\/www.iceireland.com\\\/wp-content\\\/uploads\\\/2019\\\/09\\\/3-2-182x300.jpg\",\"datePublished\":\"2014-10-20T08:44:14+00:00\",\"description\":\"\u0130rlanda \u0130ngilizce Koleji'nde bir \u0130ngilizce Kursu al\u0131n ve hepsi Y\u00fcr\u00fcme Mesafesinde \\\/ \u00c7ok K\u0131sa Otob\u00fcs Yolculu\u011fu mesafesinde Dost Canl\u0131s\u0131 ve Misafirperver \u0130rlandal\u0131 Ev Sahibi Aile Konaklama deneyimini ya\u015fay\u0131n.\",\"breadcrumb\":{\"@id\":\"https:\\\/\\\/www.iceireland.com\\\/tr\\\/homestay-ireland\\\/#breadcrumb\"},\"inLanguage\":\"tr\",\"potentialAction\":[{\"@type\":\"ReadAction\",\"target\":[\"https:\\\/\\\/www.iceireland.com\\\/tr\\\/homestay-ireland\\\/\"]}]},{\"@type\":\"ImageObject\",\"inLanguage\":\"tr\",\"@id\":\"https:\\\/\\\/www.iceireland.com\\\/tr\\\/homestay-ireland\\\/#primaryimage\",\"url\":\"https:\\\/\\\/www.iceireland.com\\\/wp-content\\\/uploads\\\/2019\\\/09\\\/3-2-182x300.jpg\",\"contentUrl\":\"https:\\\/\\\/www.iceireland.com\\\/wp-content\\\/uploads\\\/2019\\\/09\\\/3-2-182x300.jpg\"},{\"@type\":\"BreadcrumbList\",\"@id\":\"https:\\\/\\\/www.iceireland.com\\\/tr\\\/homestay-ireland\\\/#breadcrumb\",\"itemListElement\":[{\"@type\":\"ListItem\",\"position\":1,\"name\":\"Home\",\"item\":\"https:\\\/\\\/www.iceireland.com\\\/tr\\\/\"},{\"@type\":\"ListItem\",\"position\":2,\"name\":\"Evde Konaklama \u0130rlanda &amp; Yat\u0131l\u0131 Konaklama\"}]},{\"@type\":\"WebSite\",\"@id\":\"https:\\\/\\\/www.iceireland.com\\\/tr\\\/#website\",\"url\":\"https:\\\/\\\/www.iceireland.com\\\/tr\\\/\",\"name\":\"Irish College of English\",\"description\":\"English School in Dublin, Malahide\",\"publisher\":{\"@id\":\"https:\\\/\\\/www.iceireland.com\\\/tr\\\/#organization\"},\"potentialAction\":[{\"@type\":\"SearchAction\",\"target\":{\"@type\":\"EntryPoint\",\"urlTemplate\":\"https:\\\/\\\/www.iceireland.com\\\/tr\\\/?s={search_term_string}\"},\"query-input\":{\"@type\":\"PropertyValueSpecification\",\"valueRequired\":true,\"valueName\":\"search_term_string\"}}],\"inLanguage\":\"tr\"},{\"@type\":\"Organization\",\"@id\":\"https:\\\/\\\/www.iceireland.com\\\/tr\\\/#organization\",\"name\":\"Irish College of English\",\"url\":\"https:\\\/\\\/www.iceireland.com\\\/tr\\\/\",\"logo\":{\"@type\":\"ImageObject\",\"inLanguage\":\"tr\",\"@id\":\"https:\\\/\\\/www.iceireland.com\\\/tr\\\/#\\\/schema\\\/logo\\\/image\\\/\",\"url\":\"https:\\\/\\\/www.iceireland.com\\\/wp-content\\\/uploads\\\/2022\\\/03\\\/logo.png\",\"contentUrl\":\"https:\\\/\\\/www.iceireland.com\\\/wp-content\\\/uploads\\\/2022\\\/03\\\/logo.png\",\"width\":593,\"height\":92,\"caption\":\"Irish College of English\"},\"image\":{\"@id\":\"https:\\\/\\\/www.iceireland.com\\\/tr\\\/#\\\/schema\\\/logo\\\/image\\\/\"}}]}<\/script>\n<!-- \/ Yoast SEO plugin. -->","yoast_head_json":{"title":"\u0130rlanda Aile Yan\u0131 - Konaklamal\u0131 \u0130ngilizce Kurslar\u0131","description":"\u0130rlanda \u0130ngilizce Koleji'nde bir \u0130ngilizce Kursu al\u0131n ve hepsi Y\u00fcr\u00fcme Mesafesinde \/ \u00c7ok K\u0131sa Otob\u00fcs Yolculu\u011fu mesafesinde Dost Canl\u0131s\u0131 ve Misafirperver \u0130rlandal\u0131 Ev Sahibi Aile Konaklama deneyimini ya\u015fay\u0131n.","robots":{"index":"index","follow":"follow","max-snippet":"max-snippet:-1","max-image-preview":"max-image-preview:large","max-video-preview":"max-video-preview:-1"},"canonical":"https:\/\/www.iceireland.com\/tr\/homestay-ireland\/","og_locale":"tr_TR","og_type":"article","og_title":"\u0130rlanda Aile Yan\u0131 - Konaklamal\u0131 \u0130ngilizce Kurslar\u0131","og_description":"\u0130rlanda \u0130ngilizce Koleji'nde bir \u0130ngilizce Kursu al\u0131n ve hepsi Y\u00fcr\u00fcme Mesafesinde \/ \u00c7ok K\u0131sa Otob\u00fcs Yolculu\u011fu mesafesinde Dost Canl\u0131s\u0131 ve Misafirperver \u0130rlandal\u0131 Ev Sahibi Aile Konaklama deneyimini ya\u015fay\u0131n.","og_url":"https:\/\/www.iceireland.com\/tr\/homestay-ireland\/","og_site_name":"Irish College of English","og_image":[{"width":424,"height":700,"url":"https:\/\/www.iceireland.com\/wp-content\/uploads\/2019\/09\/3-2.jpg","type":"image\/jpeg"}],"twitter_misc":{"Tahmini okuma s\u00fcresi":"3 dakika"},"schema":{"@context":"https:\/\/schema.org","@graph":[{"@type":"WebPage","@id":"https:\/\/www.iceireland.com\/tr\/homestay-ireland\/","url":"https:\/\/www.iceireland.com\/tr\/homestay-ireland\/","name":"\u0130rlanda Aile Yan\u0131 - Konaklamal\u0131 \u0130ngilizce Kurslar\u0131","isPartOf":{"@id":"https:\/\/www.iceireland.com\/tr\/#website"},"primaryImageOfPage":{"@id":"https:\/\/www.iceireland.com\/tr\/homestay-ireland\/#primaryimage"},"image":{"@id":"https:\/\/www.iceireland.com\/tr\/homestay-ireland\/#primaryimage"},"thumbnailUrl":"https:\/\/www.iceireland.com\/wp-content\/uploads\/2019\/09\/3-2-182x300.jpg","datePublished":"2014-10-20T08:44:14+00:00","description":"\u0130rlanda \u0130ngilizce Koleji'nde bir \u0130ngilizce Kursu al\u0131n ve hepsi Y\u00fcr\u00fcme Mesafesinde \/ \u00c7ok K\u0131sa Otob\u00fcs Yolculu\u011fu mesafesinde Dost Canl\u0131s\u0131 ve Misafirperver \u0130rlandal\u0131 Ev Sahibi Aile Konaklama deneyimini ya\u015fay\u0131n.","breadcrumb":{"@id":"https:\/\/www.iceireland.com\/tr\/homestay-ireland\/#breadcrumb"},"inLanguage":"tr","potentialAction":[{"@type":"ReadAction","target":["https:\/\/www.iceireland.com\/tr\/homestay-ireland\/"]}]},{"@type":"ImageObject","inLanguage":"tr","@id":"https:\/\/www.iceireland.com\/tr\/homestay-ireland\/#primaryimage","url":"https:\/\/www.iceireland.com\/wp-content\/uploads\/2019\/09\/3-2-182x300.jpg","contentUrl":"https:\/\/www.iceireland.com\/wp-content\/uploads\/2019\/09\/3-2-182x300.jpg"},{"@type":"BreadcrumbList","@id":"https:\/\/www.iceireland.com\/tr\/homestay-ireland\/#breadcrumb","itemListElement":[{"@type":"ListItem","position":1,"name":"Home","item":"https:\/\/www.iceireland.com\/tr\/"},{"@type":"ListItem","position":2,"name":"Evde Konaklama \u0130rlanda &amp; Yat\u0131l\u0131 Konaklama"}]},{"@type":"WebSite","@id":"https:\/\/www.iceireland.com\/tr\/#website","url":"https:\/\/www.iceireland.com\/tr\/","name":"Irish College of English","description":"English School in Dublin, Malahide","publisher":{"@id":"https:\/\/www.iceireland.com\/tr\/#organization"},"potentialAction":[{"@type":"SearchAction","target":{"@type":"EntryPoint","urlTemplate":"https:\/\/www.iceireland.com\/tr\/?s={search_term_string}"},"query-input":{"@type":"PropertyValueSpecification","valueRequired":true,"valueName":"search_term_string"}}],"inLanguage":"tr"},{"@type":"Organization","@id":"https:\/\/www.iceireland.com\/tr\/#organization","name":"Irish College of English","url":"https:\/\/www.iceireland.com\/tr\/","logo":{"@type":"ImageObject","inLanguage":"tr","@id":"https:\/\/www.iceireland.com\/tr\/#\/schema\/logo\/image\/","url":"https:\/\/www.iceireland.com\/wp-content\/uploads\/2022\/03\/logo.png","contentUrl":"https:\/\/www.iceireland.com\/wp-content\/uploads\/2022\/03\/logo.png","width":593,"height":92,"caption":"Irish College of English"},"image":{"@id":"https:\/\/www.iceireland.com\/tr\/#\/schema\/logo\/image\/"}}]}},"_links":{"self":[{"href":"https:\/\/www.iceireland.com\/tr\/wp-json\/wp\/v2\/pages\/31894","targetHints":{"allow":["GET"]}}],"collection":[{"href":"https:\/\/www.iceireland.com\/tr\/wp-json\/wp\/v2\/pages"}],"about":[{"href":"https:\/\/www.iceireland.com\/tr\/wp-json\/wp\/v2\/types\/page"}],"author":[{"embeddable":true,"href":"https:\/\/www.iceireland.com\/tr\/wp-json\/wp\/v2\/users\/1"}],"replies":[{"embeddable":true,"href":"https:\/\/www.iceireland.com\/tr\/wp-json\/wp\/v2\/comments?post=31894"}],"version-history":[{"count":0,"href":"https:\/\/www.iceireland.com\/tr\/wp-json\/wp\/v2\/pages\/31894\/revisions"}],"wp:attachment":[{"href":"https:\/\/www.iceireland.com\/tr\/wp-json\/wp\/v2\/media?parent=31894"}],"curies":[{"name":"wp","href":"https:\/\/api.w.org\/{rel}","templated":true}]}}