{"id":31956,"date":"2016-04-14T10:13:28","date_gmt":"2016-04-14T10:13:28","guid":{"rendered":"https:\/\/www.iceireland.com\/thank-you\/"},"modified":"2026-01-30T16:21:54","modified_gmt":"2026-01-30T16:21:54","slug":"thank-you","status":"publish","type":"page","link":"https:\/\/www.iceireland.com\/tr\/thank-you\/","title":{"rendered":"Te\u015fekk\u00fcr ederim."},"content":{"rendered":"<p style=\"text-align: center;\">Mesaj\u0131n\u0131z i\u00e7in te\u015fekk\u00fcr ederim.<\/p>\n<p style=\"text-align: center;\">Ekibimizin bir \u00fcyesi k\u0131sa s\u00fcre i\u00e7inde sizinle irtibata ge\u00e7ecektir.<\/p>\n<p style=\"text-align: center;\">Sorunuz daha acil bir nitelik ta\u015f\u0131yorsa, l\u00fctfen bizi do\u011frudan aray\u0131n:<\/p>\n<p style=\"text-align: center;\">+353 1 8453744<\/p>\n","protected":false},"excerpt":{"rendered":"<p>Mesaj\u0131n\u0131z i\u00e7in te\u015fekk\u00fcr ederim. Ekibimizin bir \u00fcyesi k\u0131sa s\u00fcre i\u00e7inde sizinle irtibata ge\u00e7ecektir. Sorunuz daha acil bir nitelik ta\u015f\u0131yorsa, l\u00fctfen bizi do\u011frudan aray\u0131n: +353 1 8453744<\/p>\n","protected":false},"author":6,"featured_media":0,"parent":0,"menu_order":0,"comment_status":"open","ping_status":"open","template":"","meta":{"content-type":"","footnotes":""},"class_list":["post-31956","page","type-page","status-publish","hentry"],"yoast_head":"<!-- This site is optimized with the Yoast SEO plugin v27.3 - https:\/\/yoast.com\/product\/yoast-seo-wordpress\/ -->\n<title>Te\u015fekk\u00fcr ederim. - Irish College of English<\/title>\n<meta name=\"robots\" content=\"noindex, follow\" \/>\n<meta property=\"og:locale\" content=\"tr_TR\" \/>\n<meta property=\"og:type\" content=\"article\" \/>\n<meta property=\"og:title\" content=\"Te\u015fekk\u00fcr ederim. - Irish College of English\" \/>\n<meta property=\"og:description\" content=\"Mesaj\u0131n\u0131z i\u00e7in te\u015fekk\u00fcr ederim. Ekibimizin bir \u00fcyesi k\u0131sa s\u00fcre i\u00e7inde sizinle irtibata ge\u00e7ecektir. Sorunuz daha acil bir nitelik ta\u015f\u0131yorsa, l\u00fctfen bizi do\u011frudan aray\u0131n: +353 1 8453744\" \/>\n<meta property=\"og:url\" content=\"https:\/\/www.iceireland.com\/tr\/thank-you\/\" \/>\n<meta property=\"og:site_name\" content=\"Irish College of English\" \/>\n<meta property=\"article:modified_time\" content=\"2026-01-30T16:21:54+00:00\" \/>\n<script type=\"application\/ld+json\" class=\"yoast-schema-graph\">{\"@context\":\"https:\\\/\\\/schema.org\",\"@graph\":[{\"@type\":\"WebPage\",\"@id\":\"https:\\\/\\\/www.iceireland.com\\\/tr\\\/thank-you\\\/\",\"url\":\"https:\\\/\\\/www.iceireland.com\\\/tr\\\/thank-you\\\/\",\"name\":\"Te\u015fekk\u00fcr ederim. - Irish College of English\",\"isPartOf\":{\"@id\":\"https:\\\/\\\/www.iceireland.com\\\/tr\\\/#website\"},\"datePublished\":\"2016-04-14T10:13:28+00:00\",\"dateModified\":\"2026-01-30T16:21:54+00:00\",\"breadcrumb\":{\"@id\":\"https:\\\/\\\/www.iceireland.com\\\/tr\\\/thank-you\\\/#breadcrumb\"},\"inLanguage\":\"tr\",\"potentialAction\":[{\"@type\":\"ReadAction\",\"target\":[\"https:\\\/\\\/www.iceireland.com\\\/tr\\\/thank-you\\\/\"]}]},{\"@type\":\"BreadcrumbList\",\"@id\":\"https:\\\/\\\/www.iceireland.com\\\/tr\\\/thank-you\\\/#breadcrumb\",\"itemListElement\":[{\"@type\":\"ListItem\",\"position\":1,\"name\":\"Home\",\"item\":\"https:\\\/\\\/www.iceireland.com\\\/tr\\\/\"},{\"@type\":\"ListItem\",\"position\":2,\"name\":\"Te\u015fekk\u00fcr ederim.\"}]},{\"@type\":\"WebSite\",\"@id\":\"https:\\\/\\\/www.iceireland.com\\\/tr\\\/#website\",\"url\":\"https:\\\/\\\/www.iceireland.com\\\/tr\\\/\",\"name\":\"Irish College of English\",\"description\":\"English School in Dublin, Malahide\",\"publisher\":{\"@id\":\"https:\\\/\\\/www.iceireland.com\\\/tr\\\/#organization\"},\"potentialAction\":[{\"@type\":\"SearchAction\",\"target\":{\"@type\":\"EntryPoint\",\"urlTemplate\":\"https:\\\/\\\/www.iceireland.com\\\/tr\\\/?s={search_term_string}\"},\"query-input\":{\"@type\":\"PropertyValueSpecification\",\"valueRequired\":true,\"valueName\":\"search_term_string\"}}],\"inLanguage\":\"tr\"},{\"@type\":\"Organization\",\"@id\":\"https:\\\/\\\/www.iceireland.com\\\/tr\\\/#organization\",\"name\":\"Irish College of English\",\"url\":\"https:\\\/\\\/www.iceireland.com\\\/tr\\\/\",\"logo\":{\"@type\":\"ImageObject\",\"inLanguage\":\"tr\",\"@id\":\"https:\\\/\\\/www.iceireland.com\\\/tr\\\/#\\\/schema\\\/logo\\\/image\\\/\",\"url\":\"https:\\\/\\\/www.iceireland.com\\\/wp-content\\\/uploads\\\/2022\\\/03\\\/logo.png\",\"contentUrl\":\"https:\\\/\\\/www.iceireland.com\\\/wp-content\\\/uploads\\\/2022\\\/03\\\/logo.png\",\"width\":593,\"height\":92,\"caption\":\"Irish College of English\"},\"image\":{\"@id\":\"https:\\\/\\\/www.iceireland.com\\\/tr\\\/#\\\/schema\\\/logo\\\/image\\\/\"}}]}<\/script>\n<!-- \/ Yoast SEO plugin. -->","yoast_head_json":{"title":"Te\u015fekk\u00fcr ederim. - Irish College of English","robots":{"index":"noindex","follow":"follow"},"og_locale":"tr_TR","og_type":"article","og_title":"Te\u015fekk\u00fcr ederim. - Irish College of English","og_description":"Mesaj\u0131n\u0131z i\u00e7in te\u015fekk\u00fcr ederim. Ekibimizin bir \u00fcyesi k\u0131sa s\u00fcre i\u00e7inde sizinle irtibata ge\u00e7ecektir. Sorunuz daha acil bir nitelik ta\u015f\u0131yorsa, l\u00fctfen bizi do\u011frudan aray\u0131n: +353 1 8453744","og_url":"https:\/\/www.iceireland.com\/tr\/thank-you\/","og_site_name":"Irish College of English","article_modified_time":"2026-01-30T16:21:54+00:00","schema":{"@context":"https:\/\/schema.org","@graph":[{"@type":"WebPage","@id":"https:\/\/www.iceireland.com\/tr\/thank-you\/","url":"https:\/\/www.iceireland.com\/tr\/thank-you\/","name":"Te\u015fekk\u00fcr ederim. - Irish College of English","isPartOf":{"@id":"https:\/\/www.iceireland.com\/tr\/#website"},"datePublished":"2016-04-14T10:13:28+00:00","dateModified":"2026-01-30T16:21:54+00:00","breadcrumb":{"@id":"https:\/\/www.iceireland.com\/tr\/thank-you\/#breadcrumb"},"inLanguage":"tr","potentialAction":[{"@type":"ReadAction","target":["https:\/\/www.iceireland.com\/tr\/thank-you\/"]}]},{"@type":"BreadcrumbList","@id":"https:\/\/www.iceireland.com\/tr\/thank-you\/#breadcrumb","itemListElement":[{"@type":"ListItem","position":1,"name":"Home","item":"https:\/\/www.iceireland.com\/tr\/"},{"@type":"ListItem","position":2,"name":"Te\u015fekk\u00fcr ederim."}]},{"@type":"WebSite","@id":"https:\/\/www.iceireland.com\/tr\/#website","url":"https:\/\/www.iceireland.com\/tr\/","name":"Irish College of English","description":"English School in Dublin, Malahide","publisher":{"@id":"https:\/\/www.iceireland.com\/tr\/#organization"},"potentialAction":[{"@type":"SearchAction","target":{"@type":"EntryPoint","urlTemplate":"https:\/\/www.iceireland.com\/tr\/?s={search_term_string}"},"query-input":{"@type":"PropertyValueSpecification","valueRequired":true,"valueName":"search_term_string"}}],"inLanguage":"tr"},{"@type":"Organization","@id":"https:\/\/www.iceireland.com\/tr\/#organization","name":"Irish College of English","url":"https:\/\/www.iceireland.com\/tr\/","logo":{"@type":"ImageObject","inLanguage":"tr","@id":"https:\/\/www.iceireland.com\/tr\/#\/schema\/logo\/image\/","url":"https:\/\/www.iceireland.com\/wp-content\/uploads\/2022\/03\/logo.png","contentUrl":"https:\/\/www.iceireland.com\/wp-content\/uploads\/2022\/03\/logo.png","width":593,"height":92,"caption":"Irish College of English"},"image":{"@id":"https:\/\/www.iceireland.com\/tr\/#\/schema\/logo\/image\/"}}]}},"_links":{"self":[{"href":"https:\/\/www.iceireland.com\/tr\/wp-json\/wp\/v2\/pages\/31956","targetHints":{"allow":["GET"]}}],"collection":[{"href":"https:\/\/www.iceireland.com\/tr\/wp-json\/wp\/v2\/pages"}],"about":[{"href":"https:\/\/www.iceireland.com\/tr\/wp-json\/wp\/v2\/types\/page"}],"author":[{"embeddable":true,"href":"https:\/\/www.iceireland.com\/tr\/wp-json\/wp\/v2\/users\/6"}],"replies":[{"embeddable":true,"href":"https:\/\/www.iceireland.com\/tr\/wp-json\/wp\/v2\/comments?post=31956"}],"version-history":[{"count":1,"href":"https:\/\/www.iceireland.com\/tr\/wp-json\/wp\/v2\/pages\/31956\/revisions"}],"predecessor-version":[{"id":31964,"href":"https:\/\/www.iceireland.com\/tr\/wp-json\/wp\/v2\/pages\/31956\/revisions\/31964"}],"wp:attachment":[{"href":"https:\/\/www.iceireland.com\/tr\/wp-json\/wp\/v2\/media?parent=31956"}],"curies":[{"name":"wp","href":"https:\/\/api.w.org\/{rel}","templated":true}]}}