{"id":32032,"date":"2020-02-11T15:56:52","date_gmt":"2020-02-11T15:56:52","guid":{"rendered":"https:\/\/www.iceireland.com\/terms-and-conditions\/"},"modified":"2026-01-30T16:23:54","modified_gmt":"2026-01-30T16:23:54","slug":"terms-and-conditions","status":"publish","type":"page","link":"https:\/\/www.iceireland.com\/tr\/terms-and-conditions\/","title":{"rendered":"\u015eartlar ve Ko\u015fullar"},"content":{"rendered":"\t\t<div data-elementor-type=\"wp-page\" data-elementor-id=\"32032\" class=\"elementor elementor-32032 elementor-6985\" data-elementor-post-type=\"page\">\n\t\t\t\t\t\t<section class=\"elementor-section elementor-top-section elementor-element elementor-element-3c0a1b6 elementor-section-boxed elementor-section-height-default elementor-section-height-default\" data-id=\"3c0a1b6\" data-element_type=\"section\" data-e-type=\"section\">\n\t\t\t\t\t\t<div class=\"elementor-container elementor-column-gap-default\">\n\t\t\t\t\t<div class=\"elementor-column elementor-col-100 elementor-top-column elementor-element elementor-element-3cd70ad\" data-id=\"3cd70ad\" data-element_type=\"column\" data-e-type=\"column\">\n\t\t\t<div class=\"elementor-widget-wrap elementor-element-populated\">\n\t\t\t\t\t\t<div class=\"elementor-element elementor-element-8110a42 elementor-widget elementor-widget-text-editor\" data-id=\"8110a42\" data-element_type=\"widget\" data-e-type=\"widget\" data-widget_type=\"text-editor.default\">\n\t\t\t\t<div class=\"elementor-widget-container\">\n\t\t\t\t\t\t\t\t\t<h1>\u015eartlar ve Ko\u015fullar<\/h1>\t\t\t\t\t\t\t\t<\/div>\n\t\t\t\t<\/div>\n\t\t\t\t\t<\/div>\n\t\t<\/div>\n\t\t\t\t\t<\/div>\n\t\t<\/section>\n\t\t\t\t<section class=\"elementor-section elementor-top-section elementor-element elementor-element-73497784 elementor-section-boxed elementor-section-height-default elementor-section-height-default\" data-id=\"73497784\" data-element_type=\"section\" data-e-type=\"section\">\n\t\t\t\t\t\t<div class=\"elementor-container elementor-column-gap-default\">\n\t\t\t\t\t<div class=\"elementor-column elementor-col-100 elementor-top-column elementor-element elementor-element-66b1651e\" data-id=\"66b1651e\" data-element_type=\"column\" data-e-type=\"column\">\n\t\t\t<div class=\"elementor-widget-wrap elementor-element-populated\">\n\t\t\t\t\t\t<div class=\"elementor-element elementor-element-24b70953 elementor-widget elementor-widget-text-editor\" data-id=\"24b70953\" data-element_type=\"widget\" data-e-type=\"widget\" data-widget_type=\"text-editor.default\">\n\t\t\t\t<div class=\"elementor-widget-container\">\n\t\t\t\t\t\t\t\t\t<ol><li>\u0130ptaller ve Para \u0130adesi Politikas\u0131: &#8216;G\u00fcvenle Rezervasyon Garantimiz&#8217; esneklik sunarken ayn\u0131 zamanda t\u00fcm \u00f6\u011frencilere en iyi hizmeti verebilmemizi sa\u011flamak i\u00e7in tasarlanm\u0131\u015ft\u0131r. \u00d6\u011frencilerin\/ebeveynlerin\/velilerin\/grup organizat\u00f6rlerinin seyahat planlar\u0131nda beklenmedik de\u011fi\u015fikliklere kar\u015f\u0131 korunmak i\u00e7in seyahat sigortas\u0131 yapt\u0131rmalar\u0131n\u0131 \u00f6nemle tavsiye ederiz. <\/li><\/ol><p> <\/p><ul><li>Var\u0131\u015ftan 7 g\u00fcn veya daha uzun s\u00fcre \u00f6nce iptal &#8211; Tam iade<\/li><li>Var\u0131\u015ftan 3 &#8211; 6 g\u00fcn \u00f6nce iptal &#8211; Toplam rezervasyon tutar\u0131n\u0131n %50&#8217;si iade edilir<\/li><li>Var\u0131\u015ftan 1 &#8211; 2 g\u00fcn \u00f6nce iptal &#8211; Para iadesi yok<\/li><\/ul><p>         <\/p><p>  \u00d6nemli Notlar:<\/p><p>  T\u00fcm iptaller <a href=\"mailto:info@iceireland.com\">info@iceireland.com<\/a> adresine yaz\u0131l\u0131 olarak yap\u0131lmal\u0131 ve Kolej taraf\u0131ndan onaylanmal\u0131d\u0131r.<\/p><ul><li>Para iadeleri, iptal onay\u0131ndan sonraki 7-10 i\u015f g\u00fcn\u00fc i\u00e7inde i\u015fleme al\u0131nacakt\u0131r.<\/li><li>Gelmeyenler veya kurslardan erken ayr\u0131lanlar i\u00e7in para iadesi yap\u0131lmayacakt\u0131r.<\/li><li>Geri \u00f6deme politikam\u0131z\u0131n ama\u00e7lar\u0131 do\u011frultusunda &#8216;var\u0131\u015f&#8217;, ger\u00e7ek var\u0131\u015f saatinden ba\u011f\u0131ms\u0131z olarak var\u0131\u015f g\u00fcn\u00fc sabah 10&#8217;dur<\/li><\/ul><p> <\/p><ol start=\"2\"><li>Kabuller: Kabul s\u00fcrecimiz kapsay\u0131c\u0131 ve \u015feffaf olacak \u015fekilde tasarlanm\u0131\u015f olup, hem gen\u00e7 hem de yeti\u015fkin \u00f6\u011frenciler i\u00e7in net kriterlere ba\u011fl\u0131 kalarak t\u00fcm ba\u015fvuru sahipleri i\u00e7in f\u0131rsat e\u015fitli\u011fi sa\u011flamaktad\u0131r. Programlar\u0131m\u0131z ve kabul prosed\u00fcrlerimiz hakk\u0131ndaki bilgiler a\u00e7\u0131k bir \u015fekilde iletilmekte ve \u015feffafl\u0131k ve eri\u015filebilirlik sa\u011flanarak muhtemel \u00f6\u011frencilere haz\u0131r hale getirilmektedir. <\/li><\/ol><ul><li>Kurslar\u0131m\u0131zla ilgili bilgilere web sitemizden ve kay\u0131t ekibimizden ula\u015fabilirsiniz.<\/li><li>\u00d6\u011frenciler\/Ebeveynler\/Veliler veya Grup Organizat\u00f6rleri rezervasyon sistemimiz veya grup sorgulama formumuz arac\u0131l\u0131\u011f\u0131yla \u00e7evrimi\u00e7i olarak ba\u015fvurabilirler<\/li><li>Ayr\u0131ca e-posta veya telefon yoluyla veya Malahide&#8217;deki okulumuzda \u015fahsen do\u011frudan sorular\u0131n\u0131z\u0131 ve ileti\u015fiminizi memnuniyetle kar\u015f\u0131l\u0131yoruz<\/li><li>Bro\u015f\u00fcrler, rezervasyon formlar\u0131 ve ek bilgiler dahil olmak \u00fczere rezervasyon \u00f6ncesi kapsaml\u0131 bilgi sa\u011fl\u0131yoruz.<\/li><li>Farkl\u0131 \u00d6\u011freniciler i\u00e7in Destek: \u00d6\u011frencilere makul kolayl\u0131klar ve destek hizmetleri sa\u011flamay\u0131 taahh\u00fct ediyoruz ve programlar\u0131m\u0131z dahilinde hangi ek ihtiya\u00e7lar\u0131 destekleyebilece\u011fimizi vaka baz\u0131nda de\u011ferlendirece\u011fiz. Alerjiler, T\u0131bbi Durumlar ve Ek \u0130htiya\u00e7lara ili\u015fkin Politikam\u0131z, t\u00fcm payda\u015flar taraf\u0131ndan QA El Kitab\u0131nda web sitemizde g\u00f6r\u00fcnt\u00fclenebilir. <\/li><\/ul><p> <\/p><ol start=\"3\"><li>Transferler: Havaalan\u0131ndan al\u0131nman\u0131z\u0131 ayarlayabilmemiz i\u00e7in u\u00e7u\u015f numaras\u0131, var\u0131\u015f tarihi ve saati m\u00fcmk\u00fcn olan en k\u0131sa s\u00fcrede \u0130rlanda \u0130ngiliz Koleji&#8217;ne bildirilmelidir. U\u00e7u\u015flar\u0131n ertelenmesi\/iptal edilmesi durumunda, transferleri yeniden planlayabilmemiz i\u00e7in kolej derhal bilgilendirilmelidir; bildirim eksikli\u011fi nedeniyle transferleri yeniden planlayamad\u0131\u011f\u0131m\u0131z durumlarda, \u00f6\u011frencilerin kald\u0131klar\u0131 yere\/konutlar\u0131na kendi ula\u015f\u0131mlar\u0131n\u0131 ayarlamalar\u0131 ve \u00f6demeleri gerekecektir. <\/li><\/ol><p> <\/p><ol start=\"4\"><li>Ek transfer veya konaklama gereksinimi. Bir \u00f6\u011frencinin herhangi bir nedenle u\u00e7a\u011fa binememesi durumunda, m\u00fcmk\u00fcn olan durumlarda konaklama ve transferleri desteklemekten ve kolayla\u015ft\u0131rmaktan memnuniyet duyar\u0131z. \u00d6\u011frenciler veya veliler\/vasi olarak organizat\u00f6rler bu hizmetlerden yararlanmak isteyip istemediklerine karar verebilirler, \u00fccretler bizim do\u011frudan masraflar\u0131m\u0131z olacakt\u0131r.  <\/li><\/ol><p> <\/p><ol start=\"5\"><li>ICE, hastal\u0131k, h\u0131rs\u0131zl\u0131k, kaza, hasar veya ki\u015fisel e\u015fyalar\u0131n kayb\u0131 durumunda hi\u00e7bir sorumluluk kabul etmedi\u011finden, t\u00fcm m\u00fc\u015fterilerimize var\u0131\u015ftan \u00f6nce tam Ki\u015fisel ve Sa\u011fl\u0131k Sigortas\u0131 yapt\u0131rmalar\u0131n\u0131 tavsiye ederiz. AB \u00fclkelerinden gelen t\u00fcm m\u00fc\u015fteriler Avrupa Sa\u011fl\u0131k Sigortas\u0131 Kart\u0131 getirmelidir. AB \u00fcyesi olmayan \u00f6\u011frencilerin \u00f6zel sa\u011fl\u0131k sigortas\u0131 yapt\u0131rmalar\u0131 gerekmektedir. \u00d6\u011frenciler\/Ebeveynler, kald\u0131klar\u0131 s\u00fcre boyunca ortaya \u00e7\u0131kan t\u00fcm t\u0131bbi ve ilgili masraflardan sorumludur. Grup \/ Bireysel Feragatnameler var\u0131\u015ftan \u00f6nce imzalanmal\u0131d\u0131r.<\/li><\/ol><p> <\/p><ol start=\"6\"><li>U\u00e7u\u015f gecikmeleri\/iptalleri nedeniyle ortaya \u00e7\u0131kan konaklama vb. masraflar i\u00e7in sorumluluk kabul etmiyoruz.<\/li><\/ol><p> <\/p><ol start=\"7\"><li>ICE, okul politikalar\u0131m\u0131za uymayan veya ICE&#8217;nin kabul edilemez buldu\u011fu herhangi bir faaliyete kat\u0131lan \u00f6\u011frencileri okuldan atma hakk\u0131n\u0131 sakl\u0131 tutar. Bu durumda, acenteler\/ebeveynler konaklama ayarlamaktan \/ eve d\u00f6n\u00fc\u015f u\u00e7u\u015funu yeniden planlamaktan vb. sorumludur. Para iadesi yap\u0131lmayacakt\u0131r.<\/li><\/ol><p> <\/p><ol start=\"8\"><li>Her \u00f6\u011frenci i\u00e7in kay\u0131t, ancak doldurulmu\u015f kay\u0131t formlar\u0131n\u0131n ve \u00fccretlerin tamam\u0131n\u0131n \u00f6denmesinin ard\u0131ndan onaylanacakt\u0131r.<\/li><\/ol><p> <\/p><ol start=\"9\"><li>Ev sahibinin veya okulun\/konutun mallar\u0131na ya da ba\u015fka herhangi bir mala bir \u00f6\u011frenci taraf\u0131ndan zarar verilmesi\/h\u0131rs\u0131zl\u0131k yap\u0131lmas\u0131 durumunda, bu \u00f6\u011frenci (\u00f6\u011frencinin re\u015fit olmad\u0131\u011f\u0131 durumlarda, \u00f6\u011frencinin ebeveynleri) bu t\u00fcr bir zarar\u0131n maliyetinden sorumlu olacakt\u0131r ve \u00f6deme derhal yap\u0131lmal\u0131d\u0131r.<\/li><\/ol><p> <\/p><ol start=\"10\"><li>ICE, rezervasyon ko\u015fullar\u0131n\u0131n yerine getirilmemesi durumunda d\u00fczenlemeleri iptal etme hakk\u0131n\u0131 sakl\u0131 tutar.<\/li><\/ol><p> <\/p><ol start=\"11\"><li>ICE, yeterli say\u0131ya ula\u015f\u0131lamad\u0131\u011f\u0131 veya herhangi bir nedenle program\u0131n y\u00fcr\u00fct\u00fclemedi\u011fi durumlarda programlar\u0131 iptal etme hakk\u0131n\u0131 sakl\u0131 tutar. Bir program\u0131n iptal edilmesi durumunda, \u00f6\u011frencilerin rezervasyonlar\u0131n\u0131 ayn\u0131 tarihler i\u00e7in alternatif bir programa ta\u015f\u0131yaca\u011f\u0131z.  Bir \u00f6\u011frencinin bu ko\u015fullarda rezervasyonunu iptal etmek istemesi halinde normal iade politikam\u0131z ge\u00e7erli olacakt\u0131r. Alternatif bir program\u0131n mevcut olmamas\u0131 durumunda, ICE para iadesi \/ kurs kredisi d\u00fczenleyecek, ba\u015fka bir tazminat \u00f6denmeyecektir.<\/li><\/ol><p> <\/p><ol start=\"12\"><li>ICE&#8217;ye rezervasyon \u00f6ncesinde herhangi bir sa\u011fl\u0131k sorunu, ek ihtiya\u00e7 veya \u00f6zel diyet gereksinimi bildirilmelidir ve rezervasyon onay\u0131 Alerjiler, T\u0131bbi Durumlar ve Ek \u0130htiya\u00e7lar Politikam\u0131z do\u011frultusunda yap\u0131lacakt\u0131r.<\/li><\/ol><p> <\/p><ol start=\"13\"><li>ICE taraf\u0131ndan kabul edilebilir g\u00f6r\u00fclen herhangi bir nedenle bir \u00f6\u011frenci art\u0131k evde konaklama veya rezidanslar\u0131m\u0131zda kalamazsa, \u00f6\u011frenci i\u00e7in uygun bir konaklama yeri bulmak acentenin\/ebeveynlerin sorumlulu\u011fundad\u0131r. ICE, kullan\u0131lmayan konaklama \u00fccretlerini acenteye\/ebeveynlere iade edecektir. Bu t\u00fcr durumlara \u00f6rnek olarak &#8211; kabul edilemez \u00f6\u011frenci davran\u0131\u015flar\u0131, ailenin uyum sa\u011flayamad\u0131\u011f\u0131 t\u0131bbi bir sorun, bula\u015f\u0131c\u0131 bir hastal\u0131k vb. verilebilir.<\/li><\/ol><p> <\/p><ol start=\"14\"><li>Bir kurstan daha az saat\/de\u011fer\/program vb. olan ba\u015fka bir kursa ge\u00e7en \u00f6\u011frenciler i\u00e7in para iadesi yap\u0131lmaz. Kurs s\u0131ras\u0131nda ka\u00e7\u0131r\u0131lan g\u00fcnler, ge\u00e7 var\u0131\u015f veya erken ayr\u0131l\u0131\u015f ya da resmi tatiller i\u00e7in \u00fccret iadesi yap\u0131lmaz.<\/li><\/ol><p> <\/p><ol start=\"15\"><li>Vize Gerektiren \u00d6\u011frenciler &#8211; ICE, tam rezervasyon bilgileri ve program \u00fccretlerinin al\u0131nmas\u0131n\u0131n ard\u0131ndan bir kabul mektubu d\u00fczenleyecektir. \u00d6\u011frencinin vize alamamas\u0131 durumunda, y\u00f6netim \u00fccreti olarak al\u0131koydu\u011fumuz 200 Euro hari\u00e7, \u00f6denen t\u00fcm \u00fccretler iade edilecektir. Bu gibi durumlarda, herhangi bir geri \u00f6deme yap\u0131lmadan \u00f6nce ilgili dan\u0131\u015fman\/b\u00fcy\u00fckel\u00e7ilikten vize verilmedi\u011fine dair bir beyan\u0131 ICE&#8217;ye g\u00f6ndermek \u00f6\u011frencinin\/ebeveynin\/velinin sorumlulu\u011fundad\u0131r. \u00d6\u011frenciler \u0130rlanda&#8217;ya girmek i\u00e7in kabul mektubumuzu kulland\u0131ktan sonra derslere kat\u0131lmal\u0131d\u0131r ve t\u00fcm \u00fccretler iade edilmez.   <\/li><\/ol><p> <\/p><ol start=\"16\"><li>\u00c7evrimi\u00e7i bir kursa kat\u0131lan 18 ya\u015f\u0131n alt\u0131ndaki t\u00fcm \u00f6\u011frenciler, \u00e7evrimi\u00e7i g\u00fcvenliklerini sa\u011flamak i\u00e7in her zaman yeti\u015fkin g\u00f6zetiminde olmal\u0131d\u0131r.<\/li><\/ol><p> <\/p><ol start=\"17\"><li>Bir M\u00fccbir Sebep durumunda, yukar\u0131daki h\u00fck\u00fcm ve ko\u015fullar\u0131 yerine getirmemiz m\u00fcmk\u00fcn olmayabilir, ancak normal faaliyetlerimizi, h\u00fck\u00fcm ve ko\u015fullar\u0131m\u0131z\u0131 s\u00fcrd\u00fcrmek i\u00e7in makul \u00e7abay\u0131 g\u00f6stermeye \u00e7al\u0131\u015faca\u011f\u0131z. Kurslar ertelenebilir, bu durumda tam kredi veya para iadesi uygulanacak ve kurs daha sonraki bir tarih i\u00e7in yeniden d\u00fczenlenebilecektir.  Ba\u015fka hi\u00e7bir tazminat uygulanmayacakt\u0131r.<\/li><\/ol>\t\t\t\t\t\t\t\t<\/div>\n\t\t\t\t<\/div>\n\t\t\t\t\t<\/div>\n\t\t<\/div>\n\t\t\t\t\t<\/div>\n\t\t<\/section>\n\t\t\t\t<section class=\"elementor-section elementor-top-section elementor-element elementor-element-a14887b elementor-section-boxed elementor-section-height-default elementor-section-height-default\" data-id=\"a14887b\" data-element_type=\"section\" data-e-type=\"section\">\n\t\t\t\t\t\t<div class=\"elementor-container elementor-column-gap-default\">\n\t\t\t\t\t<div class=\"elementor-column elementor-col-100 elementor-top-column elementor-element elementor-element-fe4e607\" data-id=\"fe4e607\" data-element_type=\"column\" data-e-type=\"column\">\n\t\t\t<div class=\"elementor-widget-wrap elementor-element-populated\">\n\t\t\t\t\t\t<div class=\"elementor-element elementor-element-72e3c6c elementor-widget elementor-widget-spacer\" data-id=\"72e3c6c\" data-element_type=\"widget\" data-e-type=\"widget\" data-widget_type=\"spacer.default\">\n\t\t\t\t<div class=\"elementor-widget-container\">\n\t\t\t\t\t\t\t<div class=\"elementor-spacer\">\n\t\t\t<div class=\"elementor-spacer-inner\"><\/div>\n\t\t<\/div>\n\t\t\t\t\t\t<\/div>\n\t\t\t\t<\/div>\n\t\t\t\t\t<\/div>\n\t\t<\/div>\n\t\t\t\t\t<\/div>\n\t\t<\/section>\n\t\t\t\t<\/div>\n\t\t","protected":false},"excerpt":{"rendered":"<p>\u015eartlar ve Ko\u015fullar \u0130ptaller ve Para \u0130adesi Politikas\u0131: &#8216;G\u00fcvenle Rezervasyon Garantimiz&#8217; esneklik sunarken ayn\u0131 zamanda t\u00fcm \u00f6\u011frencilere en iyi hizmeti verebilmemizi sa\u011flamak i\u00e7in tasarlanm\u0131\u015ft\u0131r. \u00d6\u011frencilerin\/ebeveynlerin\/velilerin\/grup organizat\u00f6rlerinin seyahat planlar\u0131nda beklenmedik de\u011fi\u015fikliklere kar\u015f\u0131 korunmak i\u00e7in seyahat sigortas\u0131 yapt\u0131rmalar\u0131n\u0131 \u00f6nemle tavsiye ederiz. Var\u0131\u015ftan 7 g\u00fcn veya daha uzun s\u00fcre \u00f6nce iptal &#8211; Tam iade Var\u0131\u015ftan 3 &#8211; 6 [&hellip;]<\/p>\n","protected":false},"author":3,"featured_media":0,"parent":0,"menu_order":0,"comment_status":"closed","ping_status":"closed","template":"","meta":{"content-type":"","footnotes":""},"class_list":["post-32032","page","type-page","status-publish","hentry"],"yoast_head":"<!-- This site is optimized with the Yoast SEO plugin v27.3 - https:\/\/yoast.com\/product\/yoast-seo-wordpress\/ -->\n<title>\u015eartlar ve Ko\u015fullar - Irish College of English<\/title>\n<meta name=\"robots\" content=\"index, follow, max-snippet:-1, max-image-preview:large, max-video-preview:-1\" \/>\n<link rel=\"canonical\" href=\"https:\/\/www.iceireland.com\/tr\/terms-and-conditions\/\" \/>\n<meta property=\"og:locale\" content=\"tr_TR\" \/>\n<meta property=\"og:type\" content=\"article\" \/>\n<meta property=\"og:title\" content=\"\u015eartlar ve Ko\u015fullar - Irish College of English\" \/>\n<meta property=\"og:description\" content=\"\u015eartlar ve Ko\u015fullar \u0130ptaller ve Para \u0130adesi Politikas\u0131: &#8216;G\u00fcvenle Rezervasyon Garantimiz&#8217; esneklik sunarken ayn\u0131 zamanda t\u00fcm \u00f6\u011frencilere en iyi hizmeti verebilmemizi sa\u011flamak i\u00e7in tasarlanm\u0131\u015ft\u0131r. \u00d6\u011frencilerin\/ebeveynlerin\/velilerin\/grup organizat\u00f6rlerinin seyahat planlar\u0131nda beklenmedik de\u011fi\u015fikliklere kar\u015f\u0131 korunmak i\u00e7in seyahat sigortas\u0131 yapt\u0131rmalar\u0131n\u0131 \u00f6nemle tavsiye ederiz. Var\u0131\u015ftan 7 g\u00fcn veya daha uzun s\u00fcre \u00f6nce iptal &#8211; Tam iade Var\u0131\u015ftan 3 &#8211; 6 [&hellip;]\" \/>\n<meta property=\"og:url\" content=\"https:\/\/www.iceireland.com\/tr\/terms-and-conditions\/\" \/>\n<meta property=\"og:site_name\" content=\"Irish College of English\" \/>\n<meta property=\"article:modified_time\" content=\"2026-01-30T16:23:54+00:00\" \/>\n<meta name=\"twitter:label1\" content=\"Tahmini okuma s\u00fcresi\" \/>\n\t<meta name=\"twitter:data1\" content=\"6 dakika\" \/>\n<script type=\"application\/ld+json\" class=\"yoast-schema-graph\">{\"@context\":\"https:\\\/\\\/schema.org\",\"@graph\":[{\"@type\":\"WebPage\",\"@id\":\"https:\\\/\\\/www.iceireland.com\\\/tr\\\/terms-and-conditions\\\/\",\"url\":\"https:\\\/\\\/www.iceireland.com\\\/tr\\\/terms-and-conditions\\\/\",\"name\":\"\u015eartlar ve Ko\u015fullar - Irish College of English\",\"isPartOf\":{\"@id\":\"https:\\\/\\\/www.iceireland.com\\\/tr\\\/#website\"},\"datePublished\":\"2020-02-11T15:56:52+00:00\",\"dateModified\":\"2026-01-30T16:23:54+00:00\",\"breadcrumb\":{\"@id\":\"https:\\\/\\\/www.iceireland.com\\\/tr\\\/terms-and-conditions\\\/#breadcrumb\"},\"inLanguage\":\"tr\",\"potentialAction\":[{\"@type\":\"ReadAction\",\"target\":[\"https:\\\/\\\/www.iceireland.com\\\/tr\\\/terms-and-conditions\\\/\"]}]},{\"@type\":\"BreadcrumbList\",\"@id\":\"https:\\\/\\\/www.iceireland.com\\\/tr\\\/terms-and-conditions\\\/#breadcrumb\",\"itemListElement\":[{\"@type\":\"ListItem\",\"position\":1,\"name\":\"Home\",\"item\":\"https:\\\/\\\/www.iceireland.com\\\/tr\\\/\"},{\"@type\":\"ListItem\",\"position\":2,\"name\":\"\u015eartlar ve Ko\u015fullar\"}]},{\"@type\":\"WebSite\",\"@id\":\"https:\\\/\\\/www.iceireland.com\\\/tr\\\/#website\",\"url\":\"https:\\\/\\\/www.iceireland.com\\\/tr\\\/\",\"name\":\"Irish College of English\",\"description\":\"English School in Dublin, Malahide\",\"publisher\":{\"@id\":\"https:\\\/\\\/www.iceireland.com\\\/tr\\\/#organization\"},\"potentialAction\":[{\"@type\":\"SearchAction\",\"target\":{\"@type\":\"EntryPoint\",\"urlTemplate\":\"https:\\\/\\\/www.iceireland.com\\\/tr\\\/?s={search_term_string}\"},\"query-input\":{\"@type\":\"PropertyValueSpecification\",\"valueRequired\":true,\"valueName\":\"search_term_string\"}}],\"inLanguage\":\"tr\"},{\"@type\":\"Organization\",\"@id\":\"https:\\\/\\\/www.iceireland.com\\\/tr\\\/#organization\",\"name\":\"Irish College of English\",\"url\":\"https:\\\/\\\/www.iceireland.com\\\/tr\\\/\",\"logo\":{\"@type\":\"ImageObject\",\"inLanguage\":\"tr\",\"@id\":\"https:\\\/\\\/www.iceireland.com\\\/tr\\\/#\\\/schema\\\/logo\\\/image\\\/\",\"url\":\"https:\\\/\\\/www.iceireland.com\\\/wp-content\\\/uploads\\\/2022\\\/03\\\/logo.png\",\"contentUrl\":\"https:\\\/\\\/www.iceireland.com\\\/wp-content\\\/uploads\\\/2022\\\/03\\\/logo.png\",\"width\":593,\"height\":92,\"caption\":\"Irish College of English\"},\"image\":{\"@id\":\"https:\\\/\\\/www.iceireland.com\\\/tr\\\/#\\\/schema\\\/logo\\\/image\\\/\"}}]}<\/script>\n<!-- \/ Yoast SEO plugin. -->","yoast_head_json":{"title":"\u015eartlar ve Ko\u015fullar - Irish College of English","robots":{"index":"index","follow":"follow","max-snippet":"max-snippet:-1","max-image-preview":"max-image-preview:large","max-video-preview":"max-video-preview:-1"},"canonical":"https:\/\/www.iceireland.com\/tr\/terms-and-conditions\/","og_locale":"tr_TR","og_type":"article","og_title":"\u015eartlar ve Ko\u015fullar - Irish College of English","og_description":"\u015eartlar ve Ko\u015fullar \u0130ptaller ve Para \u0130adesi Politikas\u0131: &#8216;G\u00fcvenle Rezervasyon Garantimiz&#8217; esneklik sunarken ayn\u0131 zamanda t\u00fcm \u00f6\u011frencilere en iyi hizmeti verebilmemizi sa\u011flamak i\u00e7in tasarlanm\u0131\u015ft\u0131r. \u00d6\u011frencilerin\/ebeveynlerin\/velilerin\/grup organizat\u00f6rlerinin seyahat planlar\u0131nda beklenmedik de\u011fi\u015fikliklere kar\u015f\u0131 korunmak i\u00e7in seyahat sigortas\u0131 yapt\u0131rmalar\u0131n\u0131 \u00f6nemle tavsiye ederiz. Var\u0131\u015ftan 7 g\u00fcn veya daha uzun s\u00fcre \u00f6nce iptal &#8211; Tam iade Var\u0131\u015ftan 3 &#8211; 6 [&hellip;]","og_url":"https:\/\/www.iceireland.com\/tr\/terms-and-conditions\/","og_site_name":"Irish College of English","article_modified_time":"2026-01-30T16:23:54+00:00","twitter_misc":{"Tahmini okuma s\u00fcresi":"6 dakika"},"schema":{"@context":"https:\/\/schema.org","@graph":[{"@type":"WebPage","@id":"https:\/\/www.iceireland.com\/tr\/terms-and-conditions\/","url":"https:\/\/www.iceireland.com\/tr\/terms-and-conditions\/","name":"\u015eartlar ve Ko\u015fullar - Irish College of English","isPartOf":{"@id":"https:\/\/www.iceireland.com\/tr\/#website"},"datePublished":"2020-02-11T15:56:52+00:00","dateModified":"2026-01-30T16:23:54+00:00","breadcrumb":{"@id":"https:\/\/www.iceireland.com\/tr\/terms-and-conditions\/#breadcrumb"},"inLanguage":"tr","potentialAction":[{"@type":"ReadAction","target":["https:\/\/www.iceireland.com\/tr\/terms-and-conditions\/"]}]},{"@type":"BreadcrumbList","@id":"https:\/\/www.iceireland.com\/tr\/terms-and-conditions\/#breadcrumb","itemListElement":[{"@type":"ListItem","position":1,"name":"Home","item":"https:\/\/www.iceireland.com\/tr\/"},{"@type":"ListItem","position":2,"name":"\u015eartlar ve Ko\u015fullar"}]},{"@type":"WebSite","@id":"https:\/\/www.iceireland.com\/tr\/#website","url":"https:\/\/www.iceireland.com\/tr\/","name":"Irish College of English","description":"English School in Dublin, Malahide","publisher":{"@id":"https:\/\/www.iceireland.com\/tr\/#organization"},"potentialAction":[{"@type":"SearchAction","target":{"@type":"EntryPoint","urlTemplate":"https:\/\/www.iceireland.com\/tr\/?s={search_term_string}"},"query-input":{"@type":"PropertyValueSpecification","valueRequired":true,"valueName":"search_term_string"}}],"inLanguage":"tr"},{"@type":"Organization","@id":"https:\/\/www.iceireland.com\/tr\/#organization","name":"Irish College of English","url":"https:\/\/www.iceireland.com\/tr\/","logo":{"@type":"ImageObject","inLanguage":"tr","@id":"https:\/\/www.iceireland.com\/tr\/#\/schema\/logo\/image\/","url":"https:\/\/www.iceireland.com\/wp-content\/uploads\/2022\/03\/logo.png","contentUrl":"https:\/\/www.iceireland.com\/wp-content\/uploads\/2022\/03\/logo.png","width":593,"height":92,"caption":"Irish College of English"},"image":{"@id":"https:\/\/www.iceireland.com\/tr\/#\/schema\/logo\/image\/"}}]}},"_links":{"self":[{"href":"https:\/\/www.iceireland.com\/tr\/wp-json\/wp\/v2\/pages\/32032","targetHints":{"allow":["GET"]}}],"collection":[{"href":"https:\/\/www.iceireland.com\/tr\/wp-json\/wp\/v2\/pages"}],"about":[{"href":"https:\/\/www.iceireland.com\/tr\/wp-json\/wp\/v2\/types\/page"}],"author":[{"embeddable":true,"href":"https:\/\/www.iceireland.com\/tr\/wp-json\/wp\/v2\/users\/3"}],"replies":[{"embeddable":true,"href":"https:\/\/www.iceireland.com\/tr\/wp-json\/wp\/v2\/comments?post=32032"}],"version-history":[{"count":3,"href":"https:\/\/www.iceireland.com\/tr\/wp-json\/wp\/v2\/pages\/32032\/revisions"}],"predecessor-version":[{"id":32042,"href":"https:\/\/www.iceireland.com\/tr\/wp-json\/wp\/v2\/pages\/32032\/revisions\/32042"}],"wp:attachment":[{"href":"https:\/\/www.iceireland.com\/tr\/wp-json\/wp\/v2\/media?parent=32032"}],"curies":[{"name":"wp","href":"https:\/\/api.w.org\/{rel}","templated":true}]}}