{"id":32125,"date":"2014-10-20T09:11:13","date_gmt":"2014-10-20T09:11:13","guid":{"rendered":"https:\/\/www.iceireland.com\/learn-english-ireland-host-family\/"},"modified":"2014-10-20T09:11:13","modified_gmt":"2014-10-20T09:11:13","slug":"learn-english-ireland-host-family","status":"publish","type":"page","link":"https:\/\/www.iceireland.com\/tr\/learn-english-ireland-host-family\/","title":{"rendered":"\u0130ngilizce \u00d6\u011fren \u0130rlanda Ev Sahibi Aile"},"content":{"rendered":"<h2><strong>Ev Sahibi Aile Konaklamas\u0131  <\/strong><\/h2>\n<p><strong style=\"color: #339966; line-height: 1.5;\"> <\/strong><\/p>\n<blockquote>\n<h4 style=\"text-align: justify;\"><span style=\"color: #808080;\">Okulumuzdan Y\u00fcr\u00fcme Mesafesinde \/ \u00c7ok K\u0131sa Otob\u00fcs Yolculu\u011fu Mesafesinde Kaliteli Dost Misafirperver Aileler<\/span><\/h4>\n<h4 style=\"text-align: justify;\"><span style=\"color: #808080;\">\u00c7o\u011fu Aile \u0130ki\/\u00dc\u00e7 \u00d6\u011frenciye Ev Sahipli\u011fi Yap\u0131yor<\/span><\/h4>\n<h4 style=\"text-align: justify;\"><span style=\"color: #808080;\">Y\u0131l Boyunca Ev Sahibi Aile Koordinat\u00f6r\u00fc Kaliteyi Sa\u011fl\u0131yor, Ev Sahibi Aile S\u00f6zle\u015fmesi Y\u00fcr\u00fcrl\u00fckte<\/span><\/h4>\n<\/blockquote>\n<h3 style=\"text-align: justify;\"><\/h3>\n<p style=\"text-align: justify;\"><strong>Irish College of English ile<\/strong> Kaliteli <strong>Ev Sahibi Aileler &#8211;<\/strong> Kaliteli \u0130ngilizce Dil Okulumuzda \u0130ngilizce \u00f6\u011frenin ve \u0130ngilizce Okullar\u0131m\u0131za y\u00fcr\u00fcme mesafesinde veya \u00e7ok k\u0131sa bir otob\u00fcs yolculu\u011fu mesafesinde Konforlu odalara sahip <strong>G\u00fclery\u00fczl\u00fc ve Misafirperver \u0130rlandal\u0131 Ev Sahibi <\/strong><strong>Ailelerle<\/strong> kal\u0131n.  <strong><br \/>\n<\/strong><\/p>\n<p style=\"text-align: justify;\">\u0130rlanda&#8217;da ger\u00e7ekten dilsel bir konaklama i\u00e7in \u0130rlandal\u0131 bir Aile ile ya\u015famak isteyen \u00f6\u011frenciler i\u00e7in konaklamalar d\u00fczenliyoruz. \u0130rlanda halk\u0131 misafirperverlik ve s\u0131cakl\u0131k gelene\u011fine sahiptir. Bu gelenek t\u00fcm d\u00fcnyada \u00fcnl\u00fcd\u00fcr ve binlerce \u00f6\u011frenciyi \u0130rlanda&#8217;da \u0130ngilizce \u00f6\u011frenmeye \u00e7ekmede \u00f6nemli bir fakt\u00f6r olmu\u015ftur. Kaliteli Konaklama, \u0130rlanda \u0130ngilizce Koleji&#8217;nin temel odak noktas\u0131d\u0131r. Konumlar\u0131m\u0131z m\u00fckemmeldir ve Malahide, Dublin&#8217;in ya\u015famak i\u00e7in en prestijli b\u00f6lgelerinden biridir. Sadece Okullar\u0131m\u0131za y\u00fcr\u00fcme mesafesinde veya \u00e7ok k\u0131sa bir otob\u00fcs yolculu\u011fu mesafesinde Ev Sahibi Aile Konaklamas\u0131 kullan\u0131yoruz ve t\u00fcm y\u0131l boyunca faaliyet g\u00f6sterdi\u011fimiz i\u00e7in toplumla ve t\u00fcm ev sahibi ailelerimizle g\u00fc\u00e7l\u00fc ili\u015fkiler kuruyoruz. Ev konaklamalar\u0131m\u0131z\u0131 ziyaret etmek ve kalitelerini sa\u011flamakla g\u00f6revli tam zamanl\u0131 bir personelimiz bulunmaktad\u0131r.      <\/p>\n<p style=\"text-align: justify;\"><strong>\u00d6\u011frenci Refah\u0131 Ana \u00d6nceli\u011fimizdir<\/strong> ve maksimum konforu sa\u011flamak i\u00e7in ailelerimizi \u00e7ok dikkatli se\u00e7iyoruz. Buna ek olarak, t\u00fcm Learn English Ireland Ev Sahibi Aile Programlar\u0131na ili\u015fkin standartlar\u0131 ve politikalar\u0131m\u0131z\u0131 a\u00e7\u0131k\u00e7a ortaya koyan bir Evde Konaklama T\u00fcz\u00fc\u011f\u00fcm\u00fcz bulunmaktad\u0131r. \u00d6\u011frenciler di\u011fer Uluslararas\u0131 \u00d6\u011frencilerle birlikte yerle\u015ftirilebilir ve b\u00f6ylece d\u00fcnyan\u0131n her yerinden gen\u00e7lerle yeni arkada\u015fl\u0131klar geli\u015ftirebilirler. \u00d6\u011frencilere m\u00fckemmel bir aile yan\u0131nda kalmay\u0131 garanti edebiliriz ve \u00f6\u011frenci geri bildirimlerimiz bunu kan\u0131tlamaktad\u0131r. Besleyici bir diyete \u00f6nem verilerek Kahvalt\u0131, Paketli \u00d6\u011fle Yeme\u011fi ve Ak\u015fam Yeme\u011fi ile tam pansiyon sa\u011flanmaktad\u0131r. \u00d6\u011frenciler kald\u0131klar\u0131 s\u00fcre boyunca ailenin bir \u00fcyesi olmakta ve normal aile ya\u015fam\u0131na uyum sa\u011flamaktad\u0131r. \u00d6\u011frencilere m\u00fckemmel bir aile yan\u0131nda kalmay\u0131 garanti edebiliriz ve \u00f6\u011frenci geri bildirimlerimiz bunu kan\u0131tlamaktad\u0131r.      <\/p>\n<p>Ev sahibi ailelerin \u00e7o\u011fu herhangi bir zamanda 1 &#8211; 3 \u00f6\u011frenci kabul etmektedir. \u00d6zel istekleriniz varsa   <a href=\"https:\/\/www.iceireland.com\/wp-content\/uploads\/2014\/10\/Homestay-for-Teenagers-on-Junior-English-Summer-Camps-Ireland.jpg\"><img fetchpriority=\"high\" decoding=\"async\" class=\"alignright wp-image-1827\" title=\"\u0130rlanda Junior \u0130ngilizce Yaz Kamplar\u0131nda Gen\u00e7ler i\u00e7in Aile Yan\u0131 Konaklama\" src=\"https:\/\/www.iceireland.com\/wp-content\/uploads\/2014\/10\/Homestay-for-Teenagers-on-Junior-English-Summer-Camps-Ireland.jpg\" alt=\"\u0130rlanda Junior \u0130ngilizce Yaz Kamplar\u0131nda Gen\u00e7ler i\u00e7in Aile Yan\u0131 Konaklama\" width=\"533\" height=\"445\" srcset=\"https:\/\/www.iceireland.com\/wp-content\/uploads\/2014\/10\/Homestay-for-Teenagers-on-Junior-English-Summer-Camps-Ireland.jpg 572w, https:\/\/www.iceireland.com\/wp-content\/uploads\/2014\/10\/Homestay-for-Teenagers-on-Junior-English-Summer-Camps-Ireland-300x250.jpg 300w\" sizes=\"(max-width: 533px) 100vw, 533px\" \/><\/a>Ev sahibi aile konaklamas\u0131yla ilgili olarak, m\u00fcmk\u00fcn oldu\u011funda bu gereksinimleri kar\u015f\u0131lamaya \u00e7al\u0131\u015fmaktan mutluluk duyar\u0131z. T\u00fcm ev sahibi aile konaklama yerleri okulumuza y\u00fcr\u00fcme mesafesinde veya \u00e7ok k\u0131sa bir otob\u00fcs yolculu\u011fu mesafesindedir ve personelimiz taraf\u0131ndan incelenmi\u015ftir. <\/p>\n<h3><\/h3>\n<h3>Ev sahibi aile ile tipik bir g\u00fcn &#8216;Evden bir ev&#8217;<\/h3>\n<ul>\n<li><strong><span style=\"color: #808080;\">\u00d6\u011frenciler ev sahibi anneleri taraf\u0131ndan uyand\u0131r\u0131l\u0131r, du\u015f al\u0131r ve kahvalt\u0131 ederler<\/span><\/strong><\/li>\n<li><strong><span style=\"color: #808080;\">\u00d6\u011frencilere g\u00fcn i\u00e7in paketlenmi\u015f \u00f6\u011fle yeme\u011fi verilir<\/span><\/strong><\/li>\n<li><strong><span style=\"color: #808080;\">\u00d6\u011frenciler okula y\u00fcr\u00fcyerek ya da \u00e7ok k\u0131sa bir otob\u00fcs yolculu\u011fu yaparak giderler. <\/span><\/strong><strong><span style=\"color: #808080;\">e\u011fitim ve etkinlik programlar\u0131n\u0131n ard\u0131ndan ak\u015fam saat 6 civar\u0131nda evlerine d\u00f6nerler<\/span><\/strong><\/li>\n<li><strong><span style=\"color: #808080;\">\u00d6\u011frenciler eve d\u00f6nd\u00fcklerinde ev sahibi aileleriyle ak\u015fam yeme\u011fi yer ve o g\u00fcn ya\u015fananlar hakk\u0131nda sohbet ederler<\/span><\/strong><\/li>\n<li><strong><span style=\"color: #808080;\">\u00d6\u011frenciler ak\u015famlar\u0131 <\/span><\/strong><strong><span style=\"color: #808080;\">dinlenmek ve aile ile sohbet etmek veya yerelde arkada\u015flarla bulu\u015fmak<\/span><\/strong><\/li>\n<li><strong><span style=\"color: #808080;\">T\u00fcm \u00f6\u011frencilerin evde olmas\u0131 gereken saat 9.30&#8217;da s\u0131k\u0131 bir soka\u011fa \u00e7\u0131kma yasa\u011f\u0131 uygulan\u0131r<\/span><\/strong><\/li>\n<li><strong><span style=\"color: #808080;\">\u00d6\u011frenciler ve aileler acil durum telefon numaras\u0131na 24 saat eri\u015febilirler ve ekibimizin bir \u00fcyesi her zaman yard\u0131mc\u0131 olmak i\u00e7in g\u00f6rev ba\u015f\u0131ndad\u0131r<\/span><\/strong><\/li>\n<\/ul>\n<h2><\/h2>\n","protected":false},"excerpt":{"rendered":"<p>Ev Sahibi Aile Konaklamas\u0131 Okulumuzdan Y\u00fcr\u00fcme Mesafesinde \/ \u00c7ok K\u0131sa Otob\u00fcs Yolculu\u011fu Mesafesinde Kaliteli Dost Misafirperver Aileler \u00c7o\u011fu Aile \u0130ki\/\u00dc\u00e7 \u00d6\u011frenciye Ev Sahipli\u011fi Yap\u0131yor Y\u0131l Boyunca Ev Sahibi Aile Koordinat\u00f6r\u00fc Kaliteyi Sa\u011fl\u0131yor, Ev Sahibi Aile S\u00f6zle\u015fmesi Y\u00fcr\u00fcrl\u00fckte Irish College of English ile Kaliteli Ev Sahibi Aileler &#8211; Kaliteli \u0130ngilizce Dil Okulumuzda \u0130ngilizce \u00f6\u011frenin ve \u0130ngilizce [&hellip;]<\/p>\n","protected":false},"author":1,"featured_media":0,"parent":0,"menu_order":0,"comment_status":"open","ping_status":"open","template":"","meta":{"content-type":"","footnotes":""},"class_list":["post-32125","page","type-page","status-publish","hentry"],"yoast_head":"<!-- This site is optimized with the Yoast SEO plugin v27.3 - https:\/\/yoast.com\/product\/yoast-seo-wordpress\/ -->\n<title>Y\u00fcr\u00fcme Mesafesinde \/ \u00c7ok K\u0131sa Otob\u00fcs Yolculu\u011funda \u0130ngilizce \u0130rlanda Ev Sahibi Aile \u00d6\u011frenin<\/title>\n<meta name=\"description\" content=\"\u0130rlanda \u0130ngilizce Koleji ile bir Junior \u0130ngilizce Yaz Kamp\u0131 rezervasyonu yap\u0131n ve okulumuza y\u00fcr\u00fcme mesafesinde veya \u00e7ok k\u0131sa bir otob\u00fcs yolculu\u011fu mesafesinde Kaliteli Ev Sahibi Aile Konaklama Garantisi al\u0131n.\" \/>\n<meta name=\"robots\" content=\"index, follow, max-snippet:-1, max-image-preview:large, max-video-preview:-1\" \/>\n<link rel=\"canonical\" href=\"https:\/\/www.iceireland.com\/tr\/learn-english-ireland-host-family\/\" \/>\n<meta property=\"og:locale\" content=\"tr_TR\" \/>\n<meta property=\"og:type\" content=\"article\" \/>\n<meta property=\"og:title\" content=\"Y\u00fcr\u00fcme Mesafesinde \/ \u00c7ok K\u0131sa Otob\u00fcs Yolculu\u011funda \u0130ngilizce \u0130rlanda Ev Sahibi Aile \u00d6\u011frenin\" \/>\n<meta property=\"og:description\" content=\"\u0130rlanda \u0130ngilizce Koleji ile bir Junior \u0130ngilizce Yaz Kamp\u0131 rezervasyonu yap\u0131n ve okulumuza y\u00fcr\u00fcme mesafesinde veya \u00e7ok k\u0131sa bir otob\u00fcs yolculu\u011fu mesafesinde Kaliteli Ev Sahibi Aile Konaklama Garantisi al\u0131n.\" \/>\n<meta property=\"og:url\" content=\"https:\/\/www.iceireland.com\/tr\/learn-english-ireland-host-family\/\" \/>\n<meta property=\"og:site_name\" content=\"Irish College of English\" \/>\n<meta property=\"og:image\" content=\"https:\/\/www.iceireland.com\/wp-content\/uploads\/2014\/10\/Homestay-for-Teenagers-on-Junior-English-Summer-Camps-Ireland.jpg\" \/>\n\t<meta property=\"og:image:width\" content=\"572\" \/>\n\t<meta property=\"og:image:height\" content=\"477\" \/>\n\t<meta property=\"og:image:type\" content=\"image\/jpeg\" \/>\n<meta name=\"twitter:label1\" content=\"Tahmini okuma s\u00fcresi\" \/>\n\t<meta name=\"twitter:data1\" content=\"3 dakika\" \/>\n<script type=\"application\/ld+json\" class=\"yoast-schema-graph\">{\"@context\":\"https:\\\/\\\/schema.org\",\"@graph\":[{\"@type\":\"WebPage\",\"@id\":\"https:\\\/\\\/www.iceireland.com\\\/tr\\\/learn-english-ireland-host-family\\\/\",\"url\":\"https:\\\/\\\/www.iceireland.com\\\/tr\\\/learn-english-ireland-host-family\\\/\",\"name\":\"Y\u00fcr\u00fcme Mesafesinde \\\/ \u00c7ok K\u0131sa Otob\u00fcs Yolculu\u011funda \u0130ngilizce \u0130rlanda Ev Sahibi Aile \u00d6\u011frenin\",\"isPartOf\":{\"@id\":\"https:\\\/\\\/www.iceireland.com\\\/tr\\\/#website\"},\"primaryImageOfPage\":{\"@id\":\"https:\\\/\\\/www.iceireland.com\\\/tr\\\/learn-english-ireland-host-family\\\/#primaryimage\"},\"image\":{\"@id\":\"https:\\\/\\\/www.iceireland.com\\\/tr\\\/learn-english-ireland-host-family\\\/#primaryimage\"},\"thumbnailUrl\":\"https:\\\/\\\/www.iceireland.com\\\/wp-content\\\/uploads\\\/2014\\\/10\\\/Homestay-for-Teenagers-on-Junior-English-Summer-Camps-Ireland.jpg\",\"datePublished\":\"2014-10-20T09:11:13+00:00\",\"description\":\"\u0130rlanda \u0130ngilizce Koleji ile bir Junior \u0130ngilizce Yaz Kamp\u0131 rezervasyonu yap\u0131n ve okulumuza y\u00fcr\u00fcme mesafesinde veya \u00e7ok k\u0131sa bir otob\u00fcs yolculu\u011fu mesafesinde Kaliteli Ev Sahibi Aile Konaklama Garantisi al\u0131n.\",\"breadcrumb\":{\"@id\":\"https:\\\/\\\/www.iceireland.com\\\/tr\\\/learn-english-ireland-host-family\\\/#breadcrumb\"},\"inLanguage\":\"tr\",\"potentialAction\":[{\"@type\":\"ReadAction\",\"target\":[\"https:\\\/\\\/www.iceireland.com\\\/tr\\\/learn-english-ireland-host-family\\\/\"]}]},{\"@type\":\"ImageObject\",\"inLanguage\":\"tr\",\"@id\":\"https:\\\/\\\/www.iceireland.com\\\/tr\\\/learn-english-ireland-host-family\\\/#primaryimage\",\"url\":\"https:\\\/\\\/www.iceireland.com\\\/wp-content\\\/uploads\\\/2014\\\/10\\\/Homestay-for-Teenagers-on-Junior-English-Summer-Camps-Ireland.jpg\",\"contentUrl\":\"https:\\\/\\\/www.iceireland.com\\\/wp-content\\\/uploads\\\/2014\\\/10\\\/Homestay-for-Teenagers-on-Junior-English-Summer-Camps-Ireland.jpg\"},{\"@type\":\"BreadcrumbList\",\"@id\":\"https:\\\/\\\/www.iceireland.com\\\/tr\\\/learn-english-ireland-host-family\\\/#breadcrumb\",\"itemListElement\":[{\"@type\":\"ListItem\",\"position\":1,\"name\":\"Home\",\"item\":\"https:\\\/\\\/www.iceireland.com\\\/tr\\\/\"},{\"@type\":\"ListItem\",\"position\":2,\"name\":\"\u0130ngilizce \u00d6\u011fren \u0130rlanda Ev Sahibi Aile\"}]},{\"@type\":\"WebSite\",\"@id\":\"https:\\\/\\\/www.iceireland.com\\\/tr\\\/#website\",\"url\":\"https:\\\/\\\/www.iceireland.com\\\/tr\\\/\",\"name\":\"Irish College of English\",\"description\":\"English School in Dublin, Malahide\",\"publisher\":{\"@id\":\"https:\\\/\\\/www.iceireland.com\\\/tr\\\/#organization\"},\"potentialAction\":[{\"@type\":\"SearchAction\",\"target\":{\"@type\":\"EntryPoint\",\"urlTemplate\":\"https:\\\/\\\/www.iceireland.com\\\/tr\\\/?s={search_term_string}\"},\"query-input\":{\"@type\":\"PropertyValueSpecification\",\"valueRequired\":true,\"valueName\":\"search_term_string\"}}],\"inLanguage\":\"tr\"},{\"@type\":\"Organization\",\"@id\":\"https:\\\/\\\/www.iceireland.com\\\/tr\\\/#organization\",\"name\":\"Irish College of English\",\"url\":\"https:\\\/\\\/www.iceireland.com\\\/tr\\\/\",\"logo\":{\"@type\":\"ImageObject\",\"inLanguage\":\"tr\",\"@id\":\"https:\\\/\\\/www.iceireland.com\\\/tr\\\/#\\\/schema\\\/logo\\\/image\\\/\",\"url\":\"https:\\\/\\\/www.iceireland.com\\\/wp-content\\\/uploads\\\/2022\\\/03\\\/logo.png\",\"contentUrl\":\"https:\\\/\\\/www.iceireland.com\\\/wp-content\\\/uploads\\\/2022\\\/03\\\/logo.png\",\"width\":593,\"height\":92,\"caption\":\"Irish College of English\"},\"image\":{\"@id\":\"https:\\\/\\\/www.iceireland.com\\\/tr\\\/#\\\/schema\\\/logo\\\/image\\\/\"}}]}<\/script>\n<!-- \/ Yoast SEO plugin. -->","yoast_head_json":{"title":"Y\u00fcr\u00fcme Mesafesinde \/ \u00c7ok K\u0131sa Otob\u00fcs Yolculu\u011funda \u0130ngilizce \u0130rlanda Ev Sahibi Aile \u00d6\u011frenin","description":"\u0130rlanda \u0130ngilizce Koleji ile bir Junior \u0130ngilizce Yaz Kamp\u0131 rezervasyonu yap\u0131n ve okulumuza y\u00fcr\u00fcme mesafesinde veya \u00e7ok k\u0131sa bir otob\u00fcs yolculu\u011fu mesafesinde Kaliteli Ev Sahibi Aile Konaklama Garantisi al\u0131n.","robots":{"index":"index","follow":"follow","max-snippet":"max-snippet:-1","max-image-preview":"max-image-preview:large","max-video-preview":"max-video-preview:-1"},"canonical":"https:\/\/www.iceireland.com\/tr\/learn-english-ireland-host-family\/","og_locale":"tr_TR","og_type":"article","og_title":"Y\u00fcr\u00fcme Mesafesinde \/ \u00c7ok K\u0131sa Otob\u00fcs Yolculu\u011funda \u0130ngilizce \u0130rlanda Ev Sahibi Aile \u00d6\u011frenin","og_description":"\u0130rlanda \u0130ngilizce Koleji ile bir Junior \u0130ngilizce Yaz Kamp\u0131 rezervasyonu yap\u0131n ve okulumuza y\u00fcr\u00fcme mesafesinde veya \u00e7ok k\u0131sa bir otob\u00fcs yolculu\u011fu mesafesinde Kaliteli Ev Sahibi Aile Konaklama Garantisi al\u0131n.","og_url":"https:\/\/www.iceireland.com\/tr\/learn-english-ireland-host-family\/","og_site_name":"Irish College of English","og_image":[{"width":572,"height":477,"url":"https:\/\/www.iceireland.com\/wp-content\/uploads\/2014\/10\/Homestay-for-Teenagers-on-Junior-English-Summer-Camps-Ireland.jpg","type":"image\/jpeg"}],"twitter_misc":{"Tahmini okuma s\u00fcresi":"3 dakika"},"schema":{"@context":"https:\/\/schema.org","@graph":[{"@type":"WebPage","@id":"https:\/\/www.iceireland.com\/tr\/learn-english-ireland-host-family\/","url":"https:\/\/www.iceireland.com\/tr\/learn-english-ireland-host-family\/","name":"Y\u00fcr\u00fcme Mesafesinde \/ \u00c7ok K\u0131sa Otob\u00fcs Yolculu\u011funda \u0130ngilizce \u0130rlanda Ev Sahibi Aile \u00d6\u011frenin","isPartOf":{"@id":"https:\/\/www.iceireland.com\/tr\/#website"},"primaryImageOfPage":{"@id":"https:\/\/www.iceireland.com\/tr\/learn-english-ireland-host-family\/#primaryimage"},"image":{"@id":"https:\/\/www.iceireland.com\/tr\/learn-english-ireland-host-family\/#primaryimage"},"thumbnailUrl":"https:\/\/www.iceireland.com\/wp-content\/uploads\/2014\/10\/Homestay-for-Teenagers-on-Junior-English-Summer-Camps-Ireland.jpg","datePublished":"2014-10-20T09:11:13+00:00","description":"\u0130rlanda \u0130ngilizce Koleji ile bir Junior \u0130ngilizce Yaz Kamp\u0131 rezervasyonu yap\u0131n ve okulumuza y\u00fcr\u00fcme mesafesinde veya \u00e7ok k\u0131sa bir otob\u00fcs yolculu\u011fu mesafesinde Kaliteli Ev Sahibi Aile Konaklama Garantisi al\u0131n.","breadcrumb":{"@id":"https:\/\/www.iceireland.com\/tr\/learn-english-ireland-host-family\/#breadcrumb"},"inLanguage":"tr","potentialAction":[{"@type":"ReadAction","target":["https:\/\/www.iceireland.com\/tr\/learn-english-ireland-host-family\/"]}]},{"@type":"ImageObject","inLanguage":"tr","@id":"https:\/\/www.iceireland.com\/tr\/learn-english-ireland-host-family\/#primaryimage","url":"https:\/\/www.iceireland.com\/wp-content\/uploads\/2014\/10\/Homestay-for-Teenagers-on-Junior-English-Summer-Camps-Ireland.jpg","contentUrl":"https:\/\/www.iceireland.com\/wp-content\/uploads\/2014\/10\/Homestay-for-Teenagers-on-Junior-English-Summer-Camps-Ireland.jpg"},{"@type":"BreadcrumbList","@id":"https:\/\/www.iceireland.com\/tr\/learn-english-ireland-host-family\/#breadcrumb","itemListElement":[{"@type":"ListItem","position":1,"name":"Home","item":"https:\/\/www.iceireland.com\/tr\/"},{"@type":"ListItem","position":2,"name":"\u0130ngilizce \u00d6\u011fren \u0130rlanda Ev Sahibi Aile"}]},{"@type":"WebSite","@id":"https:\/\/www.iceireland.com\/tr\/#website","url":"https:\/\/www.iceireland.com\/tr\/","name":"Irish College of English","description":"English School in Dublin, Malahide","publisher":{"@id":"https:\/\/www.iceireland.com\/tr\/#organization"},"potentialAction":[{"@type":"SearchAction","target":{"@type":"EntryPoint","urlTemplate":"https:\/\/www.iceireland.com\/tr\/?s={search_term_string}"},"query-input":{"@type":"PropertyValueSpecification","valueRequired":true,"valueName":"search_term_string"}}],"inLanguage":"tr"},{"@type":"Organization","@id":"https:\/\/www.iceireland.com\/tr\/#organization","name":"Irish College of English","url":"https:\/\/www.iceireland.com\/tr\/","logo":{"@type":"ImageObject","inLanguage":"tr","@id":"https:\/\/www.iceireland.com\/tr\/#\/schema\/logo\/image\/","url":"https:\/\/www.iceireland.com\/wp-content\/uploads\/2022\/03\/logo.png","contentUrl":"https:\/\/www.iceireland.com\/wp-content\/uploads\/2022\/03\/logo.png","width":593,"height":92,"caption":"Irish College of English"},"image":{"@id":"https:\/\/www.iceireland.com\/tr\/#\/schema\/logo\/image\/"}}]}},"_links":{"self":[{"href":"https:\/\/www.iceireland.com\/tr\/wp-json\/wp\/v2\/pages\/32125","targetHints":{"allow":["GET"]}}],"collection":[{"href":"https:\/\/www.iceireland.com\/tr\/wp-json\/wp\/v2\/pages"}],"about":[{"href":"https:\/\/www.iceireland.com\/tr\/wp-json\/wp\/v2\/types\/page"}],"author":[{"embeddable":true,"href":"https:\/\/www.iceireland.com\/tr\/wp-json\/wp\/v2\/users\/1"}],"replies":[{"embeddable":true,"href":"https:\/\/www.iceireland.com\/tr\/wp-json\/wp\/v2\/comments?post=32125"}],"version-history":[{"count":0,"href":"https:\/\/www.iceireland.com\/tr\/wp-json\/wp\/v2\/pages\/32125\/revisions"}],"wp:attachment":[{"href":"https:\/\/www.iceireland.com\/tr\/wp-json\/wp\/v2\/media?parent=32125"}],"curies":[{"name":"wp","href":"https:\/\/api.w.org\/{rel}","templated":true}]}}