{"id":32245,"date":"2014-10-20T13:45:06","date_gmt":"2014-10-20T13:45:06","guid":{"rendered":"https:\/\/www.iceireland.com\/useful-info\/english-language-school-in-dublin-ireland\/"},"modified":"2014-10-20T13:45:06","modified_gmt":"2014-10-20T13:45:06","slug":"english-language-school-in-dublin-ireland","status":"publish","type":"page","link":"https:\/\/www.iceireland.com\/tr\/useful-info\/english-language-school-in-dublin-ireland\/","title":{"rendered":"Dublin \u0130rlanda&#8217;da \u0130ngilizce Dil Okulu"},"content":{"rendered":"<h3>M\u00fckemmeliyet i\u00e7in \u0130ngilizce \u00c7al\u0131\u015fmalar\u0131 Merkezi<\/h3>\n<p>\u0130lk olarak 1992 y\u0131l\u0131nda Dublin, \u0130rlanda&#8217;da bir \u0130ngilizce Dil Okulu olarak kurulan Irish College of English, kaliteli bir e\u011fitim sa\u011flay\u0131c\u0131s\u0131d\u0131r ve E\u011fitim Bakanl\u0131\u011f\u0131 taraf\u0131ndan yabanc\u0131 dil olarak \u0130ngilizce \u00f6\u011fretimi i\u00e7in y\u0131l boyunca \u0130ngilizce okullar\u0131na sahip olarak tan\u0131nmaktad\u0131r. Ders programlar\u0131m\u0131z \u00f6\u011frencilerimizin ihtiya\u00e7lar\u0131n\u0131 kar\u015f\u0131lamak \u00fczere \u00f6zenle tasarlan\u0131r ve her \u00f6\u011frenci var\u0131\u015fta notland\u0131r\u0131larak uygun bir s\u0131n\u0131fa yerle\u015ftirilir. Bir kursu bitiren \u00f6\u011frenciler, bireysel bir \u00e7\u0131k\u0131\u015f raporu ve derecelendirilmi\u015f ba\u015far\u0131 sertifikas\u0131 al\u0131rlar.  <\/p>\n<h3>Ba\u015flang\u0131\u00e7 Seviyesinden \u0130leri Seviyeye<\/h3>\n<p>S\u0131n\u0131flar temelden ileri yeterlilik seviyelerine kadar de\u011fi\u015fir ve t\u00fcm \u00f6\u011frenciler var\u0131\u015fta test edilir ve \u0130ngilizce seviyelerine en uygun s\u0131n\u0131fa yerle\u015ftirilir. T\u00fcm dil okulu kurslar\u0131m\u0131z\u0131n ana odak noktas\u0131, s\u00f6zl\u00fc ve yaz\u0131l\u0131 \u0130ngilizce yoluyla ileti\u015fimdir. Y\u00fcksek nitelikli \u00f6\u011fretmenlerimiz \u00f6\u011frencilere net \u00f6\u011frenme hedefleri koyar ve \u0130ngilizce dili i\u00e7in konu\u015fma, yazma, dinleme, okuma ve dilbilgisi prati\u011fi sa\u011flamak i\u00e7in en iyi teknikleri kullan\u0131r.  <\/p>\n<h3>ICE \u0130ngilizce dil okullar\u0131nda \u00f6\u011frencilerimizin ba\u015far\u0131l\u0131 olmas\u0131na yard\u0131mc\u0131 olan fakt\u00f6rler:<\/h3>\n<ul>\n<li>\u00d6\u011frenciler, \u0130ngilizce konu\u015fma, dinleme, okuma ve yazma becerilerini geli\u015ftirmek i\u00e7in ileti\u015fimsel faaliyetlerde bulunurlar. \u0130rlanda \u0130ngilizce Koleji&#8217;ndeki e\u011fitimleri s\u0131ras\u0131nda \u00f6\u011frencilerin k\u00fclt\u00fcrel fark\u0131ndal\u0131klar\u0131n\u0131 art\u0131rmak i\u00e7in otantik metin ve materyallerin kullan\u0131m\u0131na \u00f6nem verilmektedir. <\/li>\n<li>S\u00fcrekli de\u011ferlendirme ve s\u0131n\u0131f seviyeleri aras\u0131nda hareket, \u00f6\u011frencilerin her zaman ihtiya\u00e7lar\u0131na en uygun h\u0131zda \u00f6\u011frenmelerini sa\u011flar.<\/li>\n<li>Kendini i\u015fine adam\u0131\u015f \u00f6\u011fretmenlerimiz m\u00fckemmel \u00f6\u011frenci deste\u011fi ve g\u00f6zetimi sunar ve \u00f6\u011frencilere yard\u0131mc\u0131 olmak ve onlara ekstra materyaller sa\u011flamak i\u00e7in her zaman haz\u0131rd\u0131r.<\/li>\n<li>Talep \u00fczerine, \u00f6\u011frencilerin \u00f6zel gereksinimlerine g\u00f6re uyarlanm\u0131\u015f bireysel dersler sunabiliriz.<\/li>\n<li>\u00d6\u011frenciler, \u0130ngilizce beceri temellerini geli\u015ftirmeye yard\u0131mc\u0131 olmak i\u00e7in k\u00fct\u00fcphane ve \u00fccretsiz y\u00fcksek h\u0131zl\u0131 internet ve e-posta eri\u015fimine sahiptir.<\/li>\n<\/ul>\n<h3>Profesyonel \u0130ngilizce \u00d6\u011fretmenleri<\/h3>\n<p>\u00d6\u011fretim kadromuzun t\u00fcm\u00fc, birincil derece ve tan\u0131nm\u0131\u015f bir TEFL (Yabanc\u0131 Dil Olarak \u0130ngilizce \u00d6\u011fretimi) yeterlili\u011fine sahip profesyonel niteliklere sahiptir ve deneyimli anadili \u0130ngilizce \u00f6\u011fretmenleridir. M\u00fckemmel \u00f6\u011frenci geri bildirimlerimiz, \u00f6\u011fretimimizin kalitesini ve \u00f6\u011fretmenlerimizin her \u00f6\u011frencinin motive olmas\u0131n\u0131 ve s\u0131n\u0131fta iyi ilerlemesini sa\u011flamak i\u00e7in g\u00f6sterdi\u011fi \u00e7abay\u0131 kan\u0131tlamaktad\u0131r. \u00d6\u011fretim anlay\u0131\u015f\u0131m\u0131z, derslerin sadece e\u011fitici de\u011fil, ayn\u0131 zamanda e\u011flenceli ve e\u011flenceli olmas\u0131, dolay\u0131s\u0131yla rahat bir ortamda \u00f6\u011frenmeyi te\u015fvik etmesidir.  <\/p>\n<h3>Modern Dublin \u0130ngilizce Okulu<\/h3>\n<p>\u0130rlanda \u0130ngilizce Koleji&#8217;nde \u0130ngilizce \u00f6\u011frenen \u00f6\u011frenciler, modern dil okullar\u0131n\u0131n ve y\u00fcksek kaliteli \u0130ngilizce e\u011fitim merkezlerinin (CES) m\u00fckemmel olanaklar\u0131ndan yararlanabilirler. Dil merkezleri ayd\u0131nl\u0131k ve feraht\u0131r ve yak\u0131n zamanda yenilenmi\u015ftir. S\u0131n\u0131flar\u0131m\u0131z en fazla 15 \u00f6\u011frenci kapasitelidir ve t\u00fcm \u00f6\u011frencilerin bireysel masalar\u0131 vard\u0131r. S\u0131n\u0131flar bir araya geldi\u011finde grup etkinlikleri i\u00e7in d\u00fczenli olarak kulland\u0131\u011f\u0131m\u0131z b\u00fcy\u00fck bir \u00f6\u011frenci salonumuz var. Ayr\u0131ca \u00f6\u011frenciler i\u00e7in bir \u00e7al\u0131\u015fma alan\u0131 olarak da kullan\u0131labilir. Okullarda rahat sandalyelerin ve \u00fccretsiz y\u00fcksek h\u0131zl\u0131 internet eri\u015fiminin bulundu\u011fu bir \u00f6\u011frenci ortak alan\u0131 bulunmaktad\u0131r. Buras\u0131 di\u011fer \u00f6\u011frencilerle tan\u0131\u015fmak ve ders aralar\u0131nda dinlenmek i\u00e7in iyi bir yerdir.      <\/p>\n<p>Ayr\u0131ca, \u00f6\u011frencilerin dereceli \u00f6\u011frenciler, en \u00e7ok satanlar ve \u0130rlanda&#8217;n\u0131n ilgi alan\u0131na giren kitaplar dahil olmak \u00fczere \u00e7e\u015fitli \u0130ngilizce kitaplara eri\u015febilecekleri bir k\u00fct\u00fcphanemiz de bulunmaktad\u0131r. \u00d6\u011fretmenlerimiz ayr\u0131ca s\u0131n\u0131fta dil \u00f6\u011fretimi i\u00e7in en son teknolojiye sahip g\u00f6rsel\/i\u015fitsel e\u011fitim ara\u00e7lar\u0131na da eri\u015febilmektedir. <\/p>\n","protected":false},"excerpt":{"rendered":"<p>M\u00fckemmeliyet i\u00e7in \u0130ngilizce \u00c7al\u0131\u015fmalar\u0131 Merkezi \u0130lk olarak 1992 y\u0131l\u0131nda Dublin, \u0130rlanda&#8217;da bir \u0130ngilizce Dil Okulu olarak kurulan Irish College of English, kaliteli bir e\u011fitim sa\u011flay\u0131c\u0131s\u0131d\u0131r ve E\u011fitim Bakanl\u0131\u011f\u0131 taraf\u0131ndan yabanc\u0131 dil olarak \u0130ngilizce \u00f6\u011fretimi i\u00e7in y\u0131l boyunca \u0130ngilizce okullar\u0131na sahip olarak tan\u0131nmaktad\u0131r. Ders programlar\u0131m\u0131z \u00f6\u011frencilerimizin ihtiya\u00e7lar\u0131n\u0131 kar\u015f\u0131lamak \u00fczere \u00f6zenle tasarlan\u0131r ve her \u00f6\u011frenci var\u0131\u015fta notland\u0131r\u0131larak [&hellip;]<\/p>\n","protected":false},"author":1,"featured_media":0,"parent":32237,"menu_order":0,"comment_status":"open","ping_status":"open","template":"","meta":{"content-type":"","footnotes":""},"class_list":["post-32245","page","type-page","status-publish","hentry"],"yoast_head":"<!-- This site is optimized with the Yoast SEO plugin v27.3 - https:\/\/yoast.com\/product\/yoast-seo-wordpress\/ -->\n<title>Dublin \u0130rlanda&#039;da \u0130ngilizce Dil Okulu<\/title>\n<meta name=\"description\" content=\"\u0130lk olarak 1992 y\u0131l\u0131nda \u0130rlanda&#039;n\u0131n ba\u015fkenti Dublin&#039;de bir \u0130ngilizce Dil Okulu olarak kurulan Irish College of English, kaliteli bir e\u011fitim sa\u011flay\u0131c\u0131s\u0131d\u0131r ve E\u011fitim Bakanl\u0131\u011f\u0131 taraf\u0131ndan tan\u0131nmaktad\u0131r\" \/>\n<meta name=\"robots\" content=\"index, follow, max-snippet:-1, max-image-preview:large, max-video-preview:-1\" \/>\n<link rel=\"canonical\" href=\"https:\/\/www.iceireland.com\/tr\/useful-info\/english-language-school-in-dublin-ireland\/\" \/>\n<meta property=\"og:locale\" content=\"tr_TR\" \/>\n<meta property=\"og:type\" content=\"article\" \/>\n<meta property=\"og:title\" content=\"Dublin \u0130rlanda&#039;da \u0130ngilizce Dil Okulu\" \/>\n<meta property=\"og:description\" content=\"\u0130lk olarak 1992 y\u0131l\u0131nda \u0130rlanda&#039;n\u0131n ba\u015fkenti Dublin&#039;de bir \u0130ngilizce Dil Okulu olarak kurulan Irish College of English, kaliteli bir e\u011fitim sa\u011flay\u0131c\u0131s\u0131d\u0131r ve E\u011fitim Bakanl\u0131\u011f\u0131 taraf\u0131ndan tan\u0131nmaktad\u0131r\" \/>\n<meta property=\"og:url\" content=\"https:\/\/www.iceireland.com\/tr\/useful-info\/english-language-school-in-dublin-ireland\/\" \/>\n<meta property=\"og:site_name\" content=\"Irish College of English\" \/>\n<meta name=\"twitter:label1\" content=\"Tahmini okuma s\u00fcresi\" \/>\n\t<meta name=\"twitter:data1\" content=\"3 dakika\" \/>\n<script type=\"application\/ld+json\" class=\"yoast-schema-graph\">{\"@context\":\"https:\\\/\\\/schema.org\",\"@graph\":[{\"@type\":\"WebPage\",\"@id\":\"https:\\\/\\\/www.iceireland.com\\\/tr\\\/useful-info\\\/english-language-school-in-dublin-ireland\\\/\",\"url\":\"https:\\\/\\\/www.iceireland.com\\\/tr\\\/useful-info\\\/english-language-school-in-dublin-ireland\\\/\",\"name\":\"Dublin \u0130rlanda'da \u0130ngilizce Dil Okulu\",\"isPartOf\":{\"@id\":\"https:\\\/\\\/www.iceireland.com\\\/tr\\\/#website\"},\"datePublished\":\"2014-10-20T13:45:06+00:00\",\"description\":\"\u0130lk olarak 1992 y\u0131l\u0131nda \u0130rlanda'n\u0131n ba\u015fkenti Dublin'de bir \u0130ngilizce Dil Okulu olarak kurulan Irish College of English, kaliteli bir e\u011fitim sa\u011flay\u0131c\u0131s\u0131d\u0131r ve E\u011fitim Bakanl\u0131\u011f\u0131 taraf\u0131ndan tan\u0131nmaktad\u0131r\",\"breadcrumb\":{\"@id\":\"https:\\\/\\\/www.iceireland.com\\\/tr\\\/useful-info\\\/english-language-school-in-dublin-ireland\\\/#breadcrumb\"},\"inLanguage\":\"tr\",\"potentialAction\":[{\"@type\":\"ReadAction\",\"target\":[\"https:\\\/\\\/www.iceireland.com\\\/tr\\\/useful-info\\\/english-language-school-in-dublin-ireland\\\/\"]}]},{\"@type\":\"BreadcrumbList\",\"@id\":\"https:\\\/\\\/www.iceireland.com\\\/tr\\\/useful-info\\\/english-language-school-in-dublin-ireland\\\/#breadcrumb\",\"itemListElement\":[{\"@type\":\"ListItem\",\"position\":1,\"name\":\"Home\",\"item\":\"https:\\\/\\\/www.iceireland.com\\\/tr\\\/\"},{\"@type\":\"ListItem\",\"position\":2,\"name\":\"Faydal\u0131 Bilgiler\",\"item\":\"https:\\\/\\\/www.iceireland.com\\\/tr\\\/useful-info\\\/\"},{\"@type\":\"ListItem\",\"position\":3,\"name\":\"Dublin \u0130rlanda&#8217;da \u0130ngilizce Dil Okulu\"}]},{\"@type\":\"WebSite\",\"@id\":\"https:\\\/\\\/www.iceireland.com\\\/tr\\\/#website\",\"url\":\"https:\\\/\\\/www.iceireland.com\\\/tr\\\/\",\"name\":\"Irish College of English\",\"description\":\"English School in Dublin, Malahide\",\"publisher\":{\"@id\":\"https:\\\/\\\/www.iceireland.com\\\/tr\\\/#organization\"},\"potentialAction\":[{\"@type\":\"SearchAction\",\"target\":{\"@type\":\"EntryPoint\",\"urlTemplate\":\"https:\\\/\\\/www.iceireland.com\\\/tr\\\/?s={search_term_string}\"},\"query-input\":{\"@type\":\"PropertyValueSpecification\",\"valueRequired\":true,\"valueName\":\"search_term_string\"}}],\"inLanguage\":\"tr\"},{\"@type\":\"Organization\",\"@id\":\"https:\\\/\\\/www.iceireland.com\\\/tr\\\/#organization\",\"name\":\"Irish College of English\",\"url\":\"https:\\\/\\\/www.iceireland.com\\\/tr\\\/\",\"logo\":{\"@type\":\"ImageObject\",\"inLanguage\":\"tr\",\"@id\":\"https:\\\/\\\/www.iceireland.com\\\/tr\\\/#\\\/schema\\\/logo\\\/image\\\/\",\"url\":\"https:\\\/\\\/www.iceireland.com\\\/wp-content\\\/uploads\\\/2022\\\/03\\\/logo.png\",\"contentUrl\":\"https:\\\/\\\/www.iceireland.com\\\/wp-content\\\/uploads\\\/2022\\\/03\\\/logo.png\",\"width\":593,\"height\":92,\"caption\":\"Irish College of English\"},\"image\":{\"@id\":\"https:\\\/\\\/www.iceireland.com\\\/tr\\\/#\\\/schema\\\/logo\\\/image\\\/\"}}]}<\/script>\n<!-- \/ Yoast SEO plugin. -->","yoast_head_json":{"title":"Dublin \u0130rlanda'da \u0130ngilizce Dil Okulu","description":"\u0130lk olarak 1992 y\u0131l\u0131nda \u0130rlanda'n\u0131n ba\u015fkenti Dublin'de bir \u0130ngilizce Dil Okulu olarak kurulan Irish College of English, kaliteli bir e\u011fitim sa\u011flay\u0131c\u0131s\u0131d\u0131r ve E\u011fitim Bakanl\u0131\u011f\u0131 taraf\u0131ndan tan\u0131nmaktad\u0131r","robots":{"index":"index","follow":"follow","max-snippet":"max-snippet:-1","max-image-preview":"max-image-preview:large","max-video-preview":"max-video-preview:-1"},"canonical":"https:\/\/www.iceireland.com\/tr\/useful-info\/english-language-school-in-dublin-ireland\/","og_locale":"tr_TR","og_type":"article","og_title":"Dublin \u0130rlanda'da \u0130ngilizce Dil Okulu","og_description":"\u0130lk olarak 1992 y\u0131l\u0131nda \u0130rlanda'n\u0131n ba\u015fkenti Dublin'de bir \u0130ngilizce Dil Okulu olarak kurulan Irish College of English, kaliteli bir e\u011fitim sa\u011flay\u0131c\u0131s\u0131d\u0131r ve E\u011fitim Bakanl\u0131\u011f\u0131 taraf\u0131ndan tan\u0131nmaktad\u0131r","og_url":"https:\/\/www.iceireland.com\/tr\/useful-info\/english-language-school-in-dublin-ireland\/","og_site_name":"Irish College of English","twitter_misc":{"Tahmini okuma s\u00fcresi":"3 dakika"},"schema":{"@context":"https:\/\/schema.org","@graph":[{"@type":"WebPage","@id":"https:\/\/www.iceireland.com\/tr\/useful-info\/english-language-school-in-dublin-ireland\/","url":"https:\/\/www.iceireland.com\/tr\/useful-info\/english-language-school-in-dublin-ireland\/","name":"Dublin \u0130rlanda'da \u0130ngilizce Dil Okulu","isPartOf":{"@id":"https:\/\/www.iceireland.com\/tr\/#website"},"datePublished":"2014-10-20T13:45:06+00:00","description":"\u0130lk olarak 1992 y\u0131l\u0131nda \u0130rlanda'n\u0131n ba\u015fkenti Dublin'de bir \u0130ngilizce Dil Okulu olarak kurulan Irish College of English, kaliteli bir e\u011fitim sa\u011flay\u0131c\u0131s\u0131d\u0131r ve E\u011fitim Bakanl\u0131\u011f\u0131 taraf\u0131ndan tan\u0131nmaktad\u0131r","breadcrumb":{"@id":"https:\/\/www.iceireland.com\/tr\/useful-info\/english-language-school-in-dublin-ireland\/#breadcrumb"},"inLanguage":"tr","potentialAction":[{"@type":"ReadAction","target":["https:\/\/www.iceireland.com\/tr\/useful-info\/english-language-school-in-dublin-ireland\/"]}]},{"@type":"BreadcrumbList","@id":"https:\/\/www.iceireland.com\/tr\/useful-info\/english-language-school-in-dublin-ireland\/#breadcrumb","itemListElement":[{"@type":"ListItem","position":1,"name":"Home","item":"https:\/\/www.iceireland.com\/tr\/"},{"@type":"ListItem","position":2,"name":"Faydal\u0131 Bilgiler","item":"https:\/\/www.iceireland.com\/tr\/useful-info\/"},{"@type":"ListItem","position":3,"name":"Dublin \u0130rlanda&#8217;da \u0130ngilizce Dil Okulu"}]},{"@type":"WebSite","@id":"https:\/\/www.iceireland.com\/tr\/#website","url":"https:\/\/www.iceireland.com\/tr\/","name":"Irish College of English","description":"English School in Dublin, Malahide","publisher":{"@id":"https:\/\/www.iceireland.com\/tr\/#organization"},"potentialAction":[{"@type":"SearchAction","target":{"@type":"EntryPoint","urlTemplate":"https:\/\/www.iceireland.com\/tr\/?s={search_term_string}"},"query-input":{"@type":"PropertyValueSpecification","valueRequired":true,"valueName":"search_term_string"}}],"inLanguage":"tr"},{"@type":"Organization","@id":"https:\/\/www.iceireland.com\/tr\/#organization","name":"Irish College of English","url":"https:\/\/www.iceireland.com\/tr\/","logo":{"@type":"ImageObject","inLanguage":"tr","@id":"https:\/\/www.iceireland.com\/tr\/#\/schema\/logo\/image\/","url":"https:\/\/www.iceireland.com\/wp-content\/uploads\/2022\/03\/logo.png","contentUrl":"https:\/\/www.iceireland.com\/wp-content\/uploads\/2022\/03\/logo.png","width":593,"height":92,"caption":"Irish College of English"},"image":{"@id":"https:\/\/www.iceireland.com\/tr\/#\/schema\/logo\/image\/"}}]}},"_links":{"self":[{"href":"https:\/\/www.iceireland.com\/tr\/wp-json\/wp\/v2\/pages\/32245","targetHints":{"allow":["GET"]}}],"collection":[{"href":"https:\/\/www.iceireland.com\/tr\/wp-json\/wp\/v2\/pages"}],"about":[{"href":"https:\/\/www.iceireland.com\/tr\/wp-json\/wp\/v2\/types\/page"}],"author":[{"embeddable":true,"href":"https:\/\/www.iceireland.com\/tr\/wp-json\/wp\/v2\/users\/1"}],"replies":[{"embeddable":true,"href":"https:\/\/www.iceireland.com\/tr\/wp-json\/wp\/v2\/comments?post=32245"}],"version-history":[{"count":0,"href":"https:\/\/www.iceireland.com\/tr\/wp-json\/wp\/v2\/pages\/32245\/revisions"}],"up":[{"embeddable":true,"href":"https:\/\/www.iceireland.com\/tr\/wp-json\/wp\/v2\/pages\/32237"}],"wp:attachment":[{"href":"https:\/\/www.iceireland.com\/tr\/wp-json\/wp\/v2\/media?parent=32245"}],"curies":[{"name":"wp","href":"https:\/\/api.w.org\/{rel}","templated":true}]}}