{"id":32282,"date":"2014-11-12T15:03:17","date_gmt":"2014-11-12T15:03:17","guid":{"rendered":"https:\/\/www.iceireland.com\/study-abroad-host-family\/"},"modified":"2026-01-30T16:39:07","modified_gmt":"2026-01-30T16:39:07","slug":"study-abroad-host-family","status":"publish","type":"page","link":"https:\/\/www.iceireland.com\/tr\/study-abroad-host-family\/","title":{"rendered":"Yeti\u015fkin Ev Sahibi Aile"},"content":{"rendered":"\t\t<div data-elementor-type=\"wp-page\" data-elementor-id=\"32282\" class=\"elementor elementor-32282 elementor-657\" data-elementor-post-type=\"page\">\n\t\t\t\t\t\t<section class=\"elementor-section elementor-top-section elementor-element elementor-element-4e9cc1c elementor-section-content-middle elementor-section-boxed elementor-section-height-default elementor-section-height-default\" data-id=\"4e9cc1c\" data-element_type=\"section\" data-e-type=\"section\">\n\t\t\t\t\t\t<div class=\"elementor-container elementor-column-gap-no\">\n\t\t\t\t\t<div class=\"elementor-column elementor-col-100 elementor-top-column elementor-element elementor-element-142e06c\" data-id=\"142e06c\" data-element_type=\"column\" data-e-type=\"column\">\n\t\t\t<div class=\"elementor-widget-wrap elementor-element-populated\">\n\t\t\t\t\t\t<div class=\"elementor-element elementor-element-0fa216a elementor-widget elementor-widget-heading\" data-id=\"0fa216a\" data-element_type=\"widget\" data-e-type=\"widget\" data-widget_type=\"heading.default\">\n\t\t\t\t<div class=\"elementor-widget-container\">\n\t\t\t\t\t<h1 class=\"elementor-heading-title elementor-size-default\">Ev Sahibi Aile Konaklamas\u0131<\/h1>\t\t\t\t<\/div>\n\t\t\t\t<\/div>\n\t\t\t\t\t<\/div>\n\t\t<\/div>\n\t\t\t\t\t<\/div>\n\t\t<\/section>\n\t\t\t\t<section class=\"elementor-section elementor-top-section elementor-element elementor-element-a56626b elementor-section-content-middle elementor-section-stretched elementor-section-boxed elementor-section-height-default elementor-section-height-default\" data-id=\"a56626b\" data-element_type=\"section\" data-e-type=\"section\" data-settings=\"{&quot;background_background&quot;:&quot;classic&quot;,&quot;stretch_section&quot;:&quot;section-stretched&quot;}\">\n\t\t\t\t\t\t<div class=\"elementor-container elementor-column-gap-no\">\n\t\t\t\t\t<div class=\"elementor-column elementor-col-50 elementor-top-column elementor-element elementor-element-ad9d52d\" data-id=\"ad9d52d\" data-element_type=\"column\" data-e-type=\"column\" data-settings=\"{&quot;background_background&quot;:&quot;classic&quot;}\">\n\t\t\t<div class=\"elementor-widget-wrap elementor-element-populated\">\n\t\t\t\t\t\t<div class=\"elementor-element elementor-element-2d974c4 elementor-widget elementor-widget-spacer\" data-id=\"2d974c4\" data-element_type=\"widget\" data-e-type=\"widget\" data-widget_type=\"spacer.default\">\n\t\t\t\t<div class=\"elementor-widget-container\">\n\t\t\t\t\t\t\t<div class=\"elementor-spacer\">\n\t\t\t<div class=\"elementor-spacer-inner\"><\/div>\n\t\t<\/div>\n\t\t\t\t\t\t<\/div>\n\t\t\t\t<\/div>\n\t\t\t\t\t<\/div>\n\t\t<\/div>\n\t\t\t\t<div class=\"elementor-column elementor-col-50 elementor-top-column elementor-element elementor-element-158f932\" data-id=\"158f932\" data-element_type=\"column\" data-e-type=\"column\" data-settings=\"{&quot;background_background&quot;:&quot;classic&quot;}\">\n\t\t\t<div class=\"elementor-widget-wrap elementor-element-populated\">\n\t\t\t\t\t\t<section class=\"elementor-section elementor-inner-section elementor-element elementor-element-80348ba elementor-section-boxed elementor-section-height-default elementor-section-height-default\" data-id=\"80348ba\" data-element_type=\"section\" data-e-type=\"section\">\n\t\t\t\t\t\t<div class=\"elementor-container elementor-column-gap-default\">\n\t\t\t\t\t<div class=\"elementor-column elementor-col-100 elementor-inner-column elementor-element elementor-element-2dd7c50\" data-id=\"2dd7c50\" data-element_type=\"column\" data-e-type=\"column\">\n\t\t\t<div class=\"elementor-widget-wrap\">\n\t\t\t\t\t\t\t<\/div>\n\t\t<\/div>\n\t\t\t\t\t<\/div>\n\t\t<\/section>\n\t\t\t\t<div class=\"elementor-element elementor-element-5967be2 elementor-widget elementor-widget-text-editor\" data-id=\"5967be2\" data-element_type=\"widget\" data-e-type=\"widget\" data-widget_type=\"text-editor.default\">\n\t\t\t\t<div class=\"elementor-widget-container\">\n\t\t\t\t\t\t\t\t\t<p>Okulumuza y\u00fcr\u00fcme mesafesinde veya k\u0131sa bir otob\u00fcs\/tren yolculu\u011fu mesafesinde konforlu odalara sahip samimi ve konuksever \u0130rlandal\u0131 Ev Sahipleri ideal bir deneyim sunmaktad\u0131r.<\/p><ul><li>Tam pansiyon<\/li><li>Tek Ki\u015filik Oda<\/li><li>Haftal\u0131k 280 \u20ac<\/li><li>Y\u00fcr\u00fcme Mesafesi veya k\u0131sa otob\u00fcs\/tren yolculu\u011fu<\/li><\/ul>\t\t\t\t\t\t\t\t<\/div>\n\t\t\t\t<\/div>\n\t\t\t\t<section class=\"elementor-section elementor-inner-section elementor-element elementor-element-490ae53 elementor-section-boxed elementor-section-height-default elementor-section-height-default\" data-id=\"490ae53\" data-element_type=\"section\" data-e-type=\"section\">\n\t\t\t\t\t\t<div class=\"elementor-container elementor-column-gap-default\">\n\t\t\t\t\t<div class=\"elementor-column elementor-col-100 elementor-inner-column elementor-element elementor-element-97768cf\" data-id=\"97768cf\" data-element_type=\"column\" data-e-type=\"column\">\n\t\t\t<div class=\"elementor-widget-wrap\">\n\t\t\t\t\t\t\t<\/div>\n\t\t<\/div>\n\t\t\t\t\t<\/div>\n\t\t<\/section>\n\t\t\t\t\t<\/div>\n\t\t<\/div>\n\t\t\t\t\t<\/div>\n\t\t<\/section>\n\t\t\t\t<section class=\"elementor-section elementor-top-section elementor-element elementor-element-f70dfe6 elementor-section-boxed elementor-section-height-default elementor-section-height-default\" data-id=\"f70dfe6\" data-element_type=\"section\" data-e-type=\"section\">\n\t\t\t\t\t\t<div class=\"elementor-container elementor-column-gap-default\">\n\t\t\t\t\t<div class=\"elementor-column elementor-col-100 elementor-top-column elementor-element elementor-element-b370312\" data-id=\"b370312\" data-element_type=\"column\" data-e-type=\"column\">\n\t\t\t<div class=\"elementor-widget-wrap elementor-element-populated\">\n\t\t\t\t\t\t<div class=\"elementor-element elementor-element-02494d1 elementor-widget elementor-widget-spacer\" data-id=\"02494d1\" data-element_type=\"widget\" data-e-type=\"widget\" data-widget_type=\"spacer.default\">\n\t\t\t\t<div class=\"elementor-widget-container\">\n\t\t\t\t\t\t\t<div class=\"elementor-spacer\">\n\t\t\t<div class=\"elementor-spacer-inner\"><\/div>\n\t\t<\/div>\n\t\t\t\t\t\t<\/div>\n\t\t\t\t<\/div>\n\t\t\t\t\t<\/div>\n\t\t<\/div>\n\t\t\t\t\t<\/div>\n\t\t<\/section>\n\t\t\t\t<section class=\"elementor-section elementor-top-section elementor-element elementor-element-1ac13f3d elementor-section-boxed elementor-section-height-default elementor-section-height-default\" data-id=\"1ac13f3d\" data-element_type=\"section\" data-e-type=\"section\">\n\t\t\t\t\t\t<div class=\"elementor-container elementor-column-gap-default\">\n\t\t\t\t\t<div class=\"elementor-column elementor-col-100 elementor-top-column elementor-element elementor-element-2548a6dd\" data-id=\"2548a6dd\" data-element_type=\"column\" data-e-type=\"column\">\n\t\t\t<div class=\"elementor-widget-wrap elementor-element-populated\">\n\t\t\t\t\t\t<div class=\"elementor-element elementor-element-61fd282e elementor-widget elementor-widget-text-editor\" data-id=\"61fd282e\" data-element_type=\"widget\" data-e-type=\"widget\" data-widget_type=\"text-editor.default\">\n\t\t\t\t<div class=\"elementor-widget-container\">\n\t\t\t\t\t\t\t\t\t<div id=\"page-view\" class=\"full-width\"> <\/div><h2>Di\u011fer Konaklama Se\u00e7enekleri:<\/h2><p> <\/p><h4 class=\"full-width\"><strong>Otel Konaklama<\/strong><\/h4><p>Grand Hotel, Malahide&#8217;nin merkezinde yer alan ve okulumuza sadece birka\u00e7 dakikal\u0131k y\u00fcr\u00fcme mesafesinde bulunan 4 y\u0131ld\u0131zl\u0131 g\u00fczel bir oteldir.<\/p><p><strong><a href=\"http:\/\/www.thegrand.ie\" target=\"_blank\" rel=\"noopener noreferrer\">www.thegrand.ie<\/a><\/strong><\/p><h4> <\/h4><h4><strong>Airbnb<\/strong><\/h4><p>Neler sunuldu\u011funu g\u00f6rmek i\u00e7in Malahide, Swords, Portmarnock gibi b\u00f6lgelerde arama yap\u0131n.<\/p><p><strong><a href=\"http:\/\/www.airbnb.ie\" target=\"_blank\" rel=\"noopener noreferrer\">www.airbnb.ie<\/a><\/strong><\/p><h4> <\/h4><h4><strong>Oda veya Daire Kiralama<\/strong><\/h4><p>Neler sunuldu\u011funu g\u00f6rmek i\u00e7in Malahide, Swords, Portmarnock gibi b\u00f6lgelerde arama yap\u0131n.<\/p><p><strong><a href=\"http:\/\/www.daft.ie\" target=\"_blank\" rel=\"noopener noreferrer\">www.daft.ie<\/a><\/strong><\/p>\t\t\t\t\t\t\t\t<\/div>\n\t\t\t\t<\/div>\n\t\t\t\t\t<\/div>\n\t\t<\/div>\n\t\t\t\t\t<\/div>\n\t\t<\/section>\n\t\t\t\t<\/div>\n\t\t","protected":false},"excerpt":{"rendered":"<p>Ev Sahibi Aile Konaklamas\u0131 Okulumuza y\u00fcr\u00fcme mesafesinde veya k\u0131sa bir otob\u00fcs\/tren yolculu\u011fu mesafesinde konforlu odalara sahip samimi ve konuksever \u0130rlandal\u0131 Ev Sahipleri ideal bir deneyim sunmaktad\u0131r. Tam pansiyon Tek Ki\u015filik Oda Haftal\u0131k 280 \u20ac Y\u00fcr\u00fcme Mesafesi veya k\u0131sa otob\u00fcs\/tren yolculu\u011fu Di\u011fer Konaklama Se\u00e7enekleri: Otel Konaklama Grand Hotel, Malahide&#8217;nin merkezinde yer alan ve okulumuza sadece birka\u00e7 [&hellip;]<\/p>\n","protected":false},"author":3,"featured_media":0,"parent":0,"menu_order":0,"comment_status":"open","ping_status":"closed","template":"","meta":{"content-type":"","footnotes":""},"class_list":["post-32282","page","type-page","status-publish","hentry"],"yoast_head":"<!-- This site is optimized with the Yoast SEO plugin v27.3 - https:\/\/yoast.com\/product\/yoast-seo-wordpress\/ -->\n<title>Yurtd\u0131\u015f\u0131nda E\u011fitim Kaliteli Aile Yan\u0131 Konaklama<\/title>\n<meta name=\"description\" content=\"Kendinizi Dile B\u0131rak\u0131n - \u0130ngilizce E\u011fitim Konaklamas\u0131 i\u00e7in rezervasyon yap\u0131n ve Dublin&#039;deki g\u00fczel Malahide ve \u00c7evresindeki B\u00f6lgelerde y\u00fcr\u00fcme mesafesinde veya \u00e7ok k\u0131sa bir otob\u00fcs yolculu\u011fu mesafesinde harika ev sahibi ailelerin tad\u0131n\u0131 \u00e7\u0131kar\u0131n.\" \/>\n<meta name=\"robots\" content=\"index, follow, max-snippet:-1, max-image-preview:large, max-video-preview:-1\" \/>\n<link rel=\"canonical\" href=\"https:\/\/www.iceireland.com\/tr\/study-abroad-host-family\/\" \/>\n<meta property=\"og:locale\" content=\"tr_TR\" \/>\n<meta property=\"og:type\" content=\"article\" \/>\n<meta property=\"og:title\" content=\"Yurtd\u0131\u015f\u0131nda E\u011fitim Kaliteli Aile Yan\u0131 Konaklama\" \/>\n<meta property=\"og:description\" content=\"Kendinizi Dile B\u0131rak\u0131n - \u0130ngilizce E\u011fitim Konaklamas\u0131 i\u00e7in rezervasyon yap\u0131n ve Dublin&#039;deki g\u00fczel Malahide ve \u00c7evresindeki B\u00f6lgelerde y\u00fcr\u00fcme mesafesinde veya \u00e7ok k\u0131sa bir otob\u00fcs yolculu\u011fu mesafesinde harika ev sahibi ailelerin tad\u0131n\u0131 \u00e7\u0131kar\u0131n.\" \/>\n<meta property=\"og:url\" content=\"https:\/\/www.iceireland.com\/tr\/study-abroad-host-family\/\" \/>\n<meta property=\"og:site_name\" content=\"Irish College of English\" \/>\n<meta property=\"article:modified_time\" content=\"2026-01-30T16:39:07+00:00\" \/>\n<meta name=\"twitter:label1\" content=\"Tahmini okuma s\u00fcresi\" \/>\n\t<meta name=\"twitter:data1\" content=\"1 dakika\" \/>\n<script type=\"application\/ld+json\" class=\"yoast-schema-graph\">{\"@context\":\"https:\\\/\\\/schema.org\",\"@graph\":[{\"@type\":\"WebPage\",\"@id\":\"https:\\\/\\\/www.iceireland.com\\\/tr\\\/study-abroad-host-family\\\/\",\"url\":\"https:\\\/\\\/www.iceireland.com\\\/tr\\\/study-abroad-host-family\\\/\",\"name\":\"Yurtd\u0131\u015f\u0131nda E\u011fitim Kaliteli Aile Yan\u0131 Konaklama\",\"isPartOf\":{\"@id\":\"https:\\\/\\\/www.iceireland.com\\\/tr\\\/#website\"},\"datePublished\":\"2014-11-12T15:03:17+00:00\",\"dateModified\":\"2026-01-30T16:39:07+00:00\",\"description\":\"Kendinizi Dile B\u0131rak\u0131n - \u0130ngilizce E\u011fitim Konaklamas\u0131 i\u00e7in rezervasyon yap\u0131n ve Dublin'deki g\u00fczel Malahide ve \u00c7evresindeki B\u00f6lgelerde y\u00fcr\u00fcme mesafesinde veya \u00e7ok k\u0131sa bir otob\u00fcs yolculu\u011fu mesafesinde harika ev sahibi ailelerin tad\u0131n\u0131 \u00e7\u0131kar\u0131n.\",\"breadcrumb\":{\"@id\":\"https:\\\/\\\/www.iceireland.com\\\/tr\\\/study-abroad-host-family\\\/#breadcrumb\"},\"inLanguage\":\"tr\",\"potentialAction\":[{\"@type\":\"ReadAction\",\"target\":[\"https:\\\/\\\/www.iceireland.com\\\/tr\\\/study-abroad-host-family\\\/\"]}]},{\"@type\":\"BreadcrumbList\",\"@id\":\"https:\\\/\\\/www.iceireland.com\\\/tr\\\/study-abroad-host-family\\\/#breadcrumb\",\"itemListElement\":[{\"@type\":\"ListItem\",\"position\":1,\"name\":\"Home\",\"item\":\"https:\\\/\\\/www.iceireland.com\\\/tr\\\/\"},{\"@type\":\"ListItem\",\"position\":2,\"name\":\"Yeti\u015fkin Ev Sahibi Aile\"}]},{\"@type\":\"WebSite\",\"@id\":\"https:\\\/\\\/www.iceireland.com\\\/tr\\\/#website\",\"url\":\"https:\\\/\\\/www.iceireland.com\\\/tr\\\/\",\"name\":\"Irish College of English\",\"description\":\"English School in Dublin, Malahide\",\"publisher\":{\"@id\":\"https:\\\/\\\/www.iceireland.com\\\/tr\\\/#organization\"},\"potentialAction\":[{\"@type\":\"SearchAction\",\"target\":{\"@type\":\"EntryPoint\",\"urlTemplate\":\"https:\\\/\\\/www.iceireland.com\\\/tr\\\/?s={search_term_string}\"},\"query-input\":{\"@type\":\"PropertyValueSpecification\",\"valueRequired\":true,\"valueName\":\"search_term_string\"}}],\"inLanguage\":\"tr\"},{\"@type\":\"Organization\",\"@id\":\"https:\\\/\\\/www.iceireland.com\\\/tr\\\/#organization\",\"name\":\"Irish College of English\",\"url\":\"https:\\\/\\\/www.iceireland.com\\\/tr\\\/\",\"logo\":{\"@type\":\"ImageObject\",\"inLanguage\":\"tr\",\"@id\":\"https:\\\/\\\/www.iceireland.com\\\/tr\\\/#\\\/schema\\\/logo\\\/image\\\/\",\"url\":\"https:\\\/\\\/www.iceireland.com\\\/wp-content\\\/uploads\\\/2022\\\/03\\\/logo.png\",\"contentUrl\":\"https:\\\/\\\/www.iceireland.com\\\/wp-content\\\/uploads\\\/2022\\\/03\\\/logo.png\",\"width\":593,\"height\":92,\"caption\":\"Irish College of English\"},\"image\":{\"@id\":\"https:\\\/\\\/www.iceireland.com\\\/tr\\\/#\\\/schema\\\/logo\\\/image\\\/\"}}]}<\/script>\n<!-- \/ Yoast SEO plugin. -->","yoast_head_json":{"title":"Yurtd\u0131\u015f\u0131nda E\u011fitim Kaliteli Aile Yan\u0131 Konaklama","description":"Kendinizi Dile B\u0131rak\u0131n - \u0130ngilizce E\u011fitim Konaklamas\u0131 i\u00e7in rezervasyon yap\u0131n ve Dublin'deki g\u00fczel Malahide ve \u00c7evresindeki B\u00f6lgelerde y\u00fcr\u00fcme mesafesinde veya \u00e7ok k\u0131sa bir otob\u00fcs yolculu\u011fu mesafesinde harika ev sahibi ailelerin tad\u0131n\u0131 \u00e7\u0131kar\u0131n.","robots":{"index":"index","follow":"follow","max-snippet":"max-snippet:-1","max-image-preview":"max-image-preview:large","max-video-preview":"max-video-preview:-1"},"canonical":"https:\/\/www.iceireland.com\/tr\/study-abroad-host-family\/","og_locale":"tr_TR","og_type":"article","og_title":"Yurtd\u0131\u015f\u0131nda E\u011fitim Kaliteli Aile Yan\u0131 Konaklama","og_description":"Kendinizi Dile B\u0131rak\u0131n - \u0130ngilizce E\u011fitim Konaklamas\u0131 i\u00e7in rezervasyon yap\u0131n ve Dublin'deki g\u00fczel Malahide ve \u00c7evresindeki B\u00f6lgelerde y\u00fcr\u00fcme mesafesinde veya \u00e7ok k\u0131sa bir otob\u00fcs yolculu\u011fu mesafesinde harika ev sahibi ailelerin tad\u0131n\u0131 \u00e7\u0131kar\u0131n.","og_url":"https:\/\/www.iceireland.com\/tr\/study-abroad-host-family\/","og_site_name":"Irish College of English","article_modified_time":"2026-01-30T16:39:07+00:00","twitter_misc":{"Tahmini okuma s\u00fcresi":"1 dakika"},"schema":{"@context":"https:\/\/schema.org","@graph":[{"@type":"WebPage","@id":"https:\/\/www.iceireland.com\/tr\/study-abroad-host-family\/","url":"https:\/\/www.iceireland.com\/tr\/study-abroad-host-family\/","name":"Yurtd\u0131\u015f\u0131nda E\u011fitim Kaliteli Aile Yan\u0131 Konaklama","isPartOf":{"@id":"https:\/\/www.iceireland.com\/tr\/#website"},"datePublished":"2014-11-12T15:03:17+00:00","dateModified":"2026-01-30T16:39:07+00:00","description":"Kendinizi Dile B\u0131rak\u0131n - \u0130ngilizce E\u011fitim Konaklamas\u0131 i\u00e7in rezervasyon yap\u0131n ve Dublin'deki g\u00fczel Malahide ve \u00c7evresindeki B\u00f6lgelerde y\u00fcr\u00fcme mesafesinde veya \u00e7ok k\u0131sa bir otob\u00fcs yolculu\u011fu mesafesinde harika ev sahibi ailelerin tad\u0131n\u0131 \u00e7\u0131kar\u0131n.","breadcrumb":{"@id":"https:\/\/www.iceireland.com\/tr\/study-abroad-host-family\/#breadcrumb"},"inLanguage":"tr","potentialAction":[{"@type":"ReadAction","target":["https:\/\/www.iceireland.com\/tr\/study-abroad-host-family\/"]}]},{"@type":"BreadcrumbList","@id":"https:\/\/www.iceireland.com\/tr\/study-abroad-host-family\/#breadcrumb","itemListElement":[{"@type":"ListItem","position":1,"name":"Home","item":"https:\/\/www.iceireland.com\/tr\/"},{"@type":"ListItem","position":2,"name":"Yeti\u015fkin Ev Sahibi Aile"}]},{"@type":"WebSite","@id":"https:\/\/www.iceireland.com\/tr\/#website","url":"https:\/\/www.iceireland.com\/tr\/","name":"Irish College of English","description":"English School in Dublin, Malahide","publisher":{"@id":"https:\/\/www.iceireland.com\/tr\/#organization"},"potentialAction":[{"@type":"SearchAction","target":{"@type":"EntryPoint","urlTemplate":"https:\/\/www.iceireland.com\/tr\/?s={search_term_string}"},"query-input":{"@type":"PropertyValueSpecification","valueRequired":true,"valueName":"search_term_string"}}],"inLanguage":"tr"},{"@type":"Organization","@id":"https:\/\/www.iceireland.com\/tr\/#organization","name":"Irish College of English","url":"https:\/\/www.iceireland.com\/tr\/","logo":{"@type":"ImageObject","inLanguage":"tr","@id":"https:\/\/www.iceireland.com\/tr\/#\/schema\/logo\/image\/","url":"https:\/\/www.iceireland.com\/wp-content\/uploads\/2022\/03\/logo.png","contentUrl":"https:\/\/www.iceireland.com\/wp-content\/uploads\/2022\/03\/logo.png","width":593,"height":92,"caption":"Irish College of English"},"image":{"@id":"https:\/\/www.iceireland.com\/tr\/#\/schema\/logo\/image\/"}}]}},"_links":{"self":[{"href":"https:\/\/www.iceireland.com\/tr\/wp-json\/wp\/v2\/pages\/32282","targetHints":{"allow":["GET"]}}],"collection":[{"href":"https:\/\/www.iceireland.com\/tr\/wp-json\/wp\/v2\/pages"}],"about":[{"href":"https:\/\/www.iceireland.com\/tr\/wp-json\/wp\/v2\/types\/page"}],"author":[{"embeddable":true,"href":"https:\/\/www.iceireland.com\/tr\/wp-json\/wp\/v2\/users\/3"}],"replies":[{"embeddable":true,"href":"https:\/\/www.iceireland.com\/tr\/wp-json\/wp\/v2\/comments?post=32282"}],"version-history":[{"count":6,"href":"https:\/\/www.iceireland.com\/tr\/wp-json\/wp\/v2\/pages\/32282\/revisions"}],"predecessor-version":[{"id":32321,"href":"https:\/\/www.iceireland.com\/tr\/wp-json\/wp\/v2\/pages\/32282\/revisions\/32321"}],"wp:attachment":[{"href":"https:\/\/www.iceireland.com\/tr\/wp-json\/wp\/v2\/media?parent=32282"}],"curies":[{"name":"wp","href":"https:\/\/api.w.org\/{rel}","templated":true}]}}