{"id":32290,"date":"2014-10-20T08:40:07","date_gmt":"2014-10-20T08:40:07","guid":{"rendered":"https:\/\/www.iceireland.com\/study-english-in-ireland\/"},"modified":"2014-10-20T08:40:07","modified_gmt":"2014-10-20T08:40:07","slug":"study-english-in-ireland","status":"publish","type":"page","link":"https:\/\/www.iceireland.com\/tr\/study-english-in-ireland\/","title":{"rendered":"\u0130rlanda&#8217;da \u0130ngilizce \u00d6\u011frenin"},"content":{"rendered":"<h2>\u0130rlanda&#8217;da \u0130ngilizce \u00d6\u011frenin<\/h2>\n<p>Malahide \u015eubemiz <strong>Dublin \u015eehir Merkezine<\/strong> sadece 20 dakika ve Dublin Havaalan\u0131na 10 dakika uzakl\u0131ktad\u0131r. \u0130rlanda \u0130ngilizce Koleji, hem \u0130ngilizce \u00f6\u011frenmek hem de Dublin&#8217;de vakit ge\u00e7irmek i\u00e7in \u00e7ok uygun ve eri\u015filebilirdir. Dublin, <strong>d\u00fcnyan\u0131n en dost canl\u0131s\u0131 ba\u015fkentlerinden<\/strong> biridir ve ya\u015famak i\u00e7in harika bir yerdir.  <\/p>\n<p><strong>Y\u00fcksek \u0130ngilizce E\u011fitim Standartlar\u0131<\/strong><\/p>\n<p>\u0130rlanda, \u0130ngilizce \u00f6\u011frenmek i\u00e7in harika bir yerdir ve misafirperver ve dost canl\u0131s\u0131 bir \u00fclke olarak \u00fcnl\u00fcd\u00fcr. \u0130rlanda, <strong>\u0130ngilizce dil e\u011fitimindeki y\u00fcksek standartlar\u0131<\/strong> ve e\u011fitim kalitesiyle tan\u0131n\u0131r. Irish College of English, Dublin&#8217;de E\u011fitim Bakanl\u0131\u011f\u0131 taraf\u0131ndan tan\u0131nan iki \u015fubesi ve MEI \u00fcyesi olan lider bir e\u011fitim sa\u011flay\u0131c\u0131s\u0131d\u0131r.  <\/p>\n<p><strong>\u0130rlanda Aksan\u0131<\/strong><\/p>\n<p>\u0130rlanda aksan\u0131, \u00f6zellikle de Dublin aksan\u0131 <strong>net ve anla\u015f\u0131lmas\u0131 kolayd\u0131r<\/strong>. Bu, Dublin&#8217;deki herhangi bir dilsel konaklama s\u0131ras\u0131nda dili g\u00fcnl\u00fck olarak yerel halkla kullan\u0131rken \u0130ngilizce \u00e7al\u0131\u015fmalar\u0131n\u0131z\u0131 daha kolay ve daha keyifli hale getirir. <\/p>\n<p><strong>Ferahlat\u0131c\u0131 Manzaralar<\/strong><\/p>\n<p>Do\u011fal ye\u015fil manzaran\u0131n canland\u0131r\u0131c\u0131 g\u00fczelli\u011fi, \u0130rlanda&#8217;da \u0130ngilizce \u00f6\u011frenmeyi se\u00e7mek i\u00e7in bir ba\u015fka nedendir. \u0130rlanda&#8217;n\u0131n bozulmam\u0131\u015f k\u0131rsal\u0131, uzun kumsallar\u0131, muhte\u015fem sahil \u015feridi, g\u00f6lleri, tepeleri ve pitoresk k\u00f6yleri buray\u0131 ka\u00e7\u0131r\u0131lmayacak bir yer haline getirmektedir. \u0130rlanda ayr\u0131ca son 20 y\u0131lda h\u0131zl\u0131 bir b\u00fcy\u00fcme g\u00f6stermi\u015ftir ve birinci s\u0131n\u0131f tesisler ve hizmetler sunmaktad\u0131r. Bu de\u011fi\u015fime ra\u011fmen \u00f6zel kimli\u011fini, k\u00fclt\u00fcr\u00fcn\u00fc veya geleneksel de\u011ferler anlay\u0131\u015f\u0131n\u0131 kaybetmemi\u015ftir.   <\/p>\n<p><strong>S\u0131cak Kar\u015f\u0131lama<\/strong><\/p>\n<p>\u0130rlanda&#8217;da \u0130ngilizce \u00f6\u011frenin ve benzersiz bir deneyim ya\u015fay\u0131n &#8211; \u0130rlanda&#8217;n\u0131n bir k\u00f6y havas\u0131 vard\u0131r ve insanlar yabanc\u0131 dil \u00f6\u011frencilerine ve gen\u00e7lere kar\u015f\u0131 arkada\u015f canl\u0131s\u0131 ve yard\u0131mseverdir. Dublin, Avrupa&#8217;n\u0131n en heyecan verici ba\u015fkentlerinden biridir. Ne\u015feli ve canl\u0131d\u0131r ve gen\u00e7 bir n\u00fcfusa sahiptir. Bu da \u00e7ok canl\u0131 bir sosyal ortam yaratmaktad\u0131r. Dublin, k\u00fclt\u00fcr ve m\u00fczik zenginli\u011fiyle tan\u0131nmaktad\u0131r. Her k\u00f6\u015fede bir bardak Guinness&#8217;in tad\u0131n\u0131 \u00e7\u0131karabilece\u011finiz ve geleneksel m\u00fczik dinleyebilece\u011finiz canl\u0131 bir pub veya kul\u00fcp vard\u0131r.     <\/p>\n<p>\u015eehir, \u00fcnl\u00fc Trinity College, Ulusal M\u00fczeler, Ulusal Galeri ve biraz e\u011flence i\u00e7in Temple Bar&#8217;a ev sahipli\u011fi yapmaktad\u0131r. Al\u0131\u015fveri\u015f yapanlar Dublin&#8217;deki perakende deneyiminden ger\u00e7ekten keyif alacaklard\u0131r. Deniz, da\u011flar ve k\u0131rsal alanlar\u0131n hepsi \u015fehir merkezine bir saatlik s\u00fcr\u00fc\u015f mesafesindedir ve toplu ta\u015f\u0131ma ara\u00e7lar\u0131yla ula\u015f\u0131labilir. Dublin&#8217;in tiyatrolar\u0131 d\u00fcnya \u00e7ap\u0131nda \u00fcnl\u00fcd\u00fcr ve Ulusal Konser Salonu t\u00fcm m\u00fczik zevklerine hitap eder. Golf, tenis ve at binicili\u011fi gibi sporlar\u0131n hepsi mevcuttur, kolayca eri\u015filebilir ve \u015fehre yak\u0131nd\u0131r. Unutmadan, Dublin bir ba\u015fkent olmas\u0131na ra\u011fmen, di\u011ferlerinin aksine k\u00fc\u00e7\u00fck ve g\u00fcvenli hissettirir, etrafta dola\u015fmak kolayd\u0131r ve \u00e7ok h\u0131zl\u0131 bir \u015fekilde kendinizi evinizde hissedeceksiniz.     <\/p>\n<p>&nbsp;<\/p>\n<p><a href=\"http:\/\/bit.ly\/30uWaD3\"><img fetchpriority=\"high\" decoding=\"async\" class=\"alignleft wp-image-5111\" style=\"margin-right: 25px;\" src=\"https:\/\/www.iceireland.com\/wp-content\/uploads\/2019\/09\/3-2-182x300.jpg\" alt=\"\" width=\"212\" height=\"350\" srcset=\"https:\/\/www.iceireland.com\/wp-content\/uploads\/2019\/09\/3-2-182x300.jpg 182w, https:\/\/www.iceireland.com\/wp-content\/uploads\/2019\/09\/3-2.jpg 424w\" sizes=\"(max-width: 212px) 100vw, 212px\" \/><\/a> <a href=\"http:\/\/bit.ly\/2kwaCet\"><img decoding=\"async\" class=\"alignleft wp-image-5110\" style=\"margin-right: 25px;\" src=\"https:\/\/www.iceireland.com\/wp-content\/uploads\/2019\/09\/junior-summer-camp-in-dublin-150x150.jpg\" alt=\"\" width=\"212\" height=\"350\"><\/a> <a href=\"http:\/\/bit.ly\/2P6BBvt\"><img decoding=\"async\" class=\"alignleft wp-image-5109\" style=\"margin-right: 25px;\" src=\"https:\/\/www.iceireland.com\/wp-content\/uploads\/2019\/09\/1-1-182x300.jpg\" alt=\"\" width=\"212\" height=\"350\" srcset=\"https:\/\/www.iceireland.com\/wp-content\/uploads\/2019\/09\/1-1-182x300.jpg 182w, https:\/\/www.iceireland.com\/wp-content\/uploads\/2019\/09\/1-1.jpg 424w\" sizes=\"(max-width: 212px) 100vw, 212px\" \/><\/a> <a href=\"https:\/\/www.iceireland.com\/wp-content\/uploads\/2019\/08\/English-Courses-and-Fees-2021.pdf\"><img loading=\"lazy\" decoding=\"async\" class=\"alignleft wp-image-5112\" style=\"margin-right: 25px;\" src=\"https:\/\/www.iceireland.com\/wp-content\/uploads\/2019\/09\/english-courses-dublin-182x300.jpg\" alt=\"\" width=\"212\" height=\"350\" srcset=\"https:\/\/www.iceireland.com\/wp-content\/uploads\/2019\/09\/english-courses-dublin-182x300.jpg 182w, https:\/\/www.iceireland.com\/wp-content\/uploads\/2019\/09\/english-courses-dublin.jpg 424w\" sizes=\"(max-width: 212px) 100vw, 212px\" \/><\/a> <a href=\"mailto:info@iceireland.com\"><img loading=\"lazy\" decoding=\"async\" class=\"alignleft wp-image-4832\" src=\"https:\/\/www.iceireland.com\/wp-content\/uploads\/2019\/08\/BOOK-NOW-e1567611851930.jpg\" alt=\"\" width=\"212\" height=\"300\"><\/a><\/p>\n<p>&nbsp;<\/p>\n<p>&nbsp;<\/p>\n<p>&nbsp;<\/p>\n<p>&nbsp;<\/p>\n<p>&nbsp;<\/p>\n","protected":false},"excerpt":{"rendered":"<p>\u0130rlanda&#8217;da \u0130ngilizce \u00d6\u011frenin Malahide \u015eubemiz Dublin \u015eehir Merkezine sadece 20 dakika ve Dublin Havaalan\u0131na 10 dakika uzakl\u0131ktad\u0131r. \u0130rlanda \u0130ngilizce Koleji, hem \u0130ngilizce \u00f6\u011frenmek hem de Dublin&#8217;de vakit ge\u00e7irmek i\u00e7in \u00e7ok uygun ve eri\u015filebilirdir. Dublin, d\u00fcnyan\u0131n en dost canl\u0131s\u0131 ba\u015fkentlerinden biridir ve ya\u015famak i\u00e7in harika bir yerdir. Y\u00fcksek \u0130ngilizce E\u011fitim Standartlar\u0131 \u0130rlanda, \u0130ngilizce \u00f6\u011frenmek i\u00e7in harika [&hellip;]<\/p>\n","protected":false},"author":1,"featured_media":0,"parent":0,"menu_order":0,"comment_status":"open","ping_status":"closed","template":"","meta":{"content-type":"","footnotes":""},"class_list":["post-32290","page","type-page","status-publish","hentry"],"yoast_head":"<!-- This site is optimized with the Yoast SEO plugin v27.3 - https:\/\/yoast.com\/product\/yoast-seo-wordpress\/ -->\n<title>\u0130rlanda&#039;da \u0130rlanda \u0130ngilizce Koleji&#039;nde \u0130ngilizce E\u011fitimi - Malahide, Dublin<\/title>\n<meta name=\"description\" content=\"\u0130ngilizce dil e\u011fitiminde y\u00fcksek standartlar\u0131yla bilinen misafirperver ve dost canl\u0131s\u0131 bir \u00fclke. Tamamen \u0130ngilizceye Dal\u0131n, \u0130rlanda&#039;y\u0131 Se\u00e7in, Bizi Se\u00e7in .\" \/>\n<meta name=\"robots\" content=\"index, follow, max-snippet:-1, max-image-preview:large, max-video-preview:-1\" \/>\n<link rel=\"canonical\" href=\"https:\/\/www.iceireland.com\/tr\/study-english-in-ireland\/\" \/>\n<meta property=\"og:locale\" content=\"tr_TR\" \/>\n<meta property=\"og:type\" content=\"article\" \/>\n<meta property=\"og:title\" content=\"\u0130rlanda&#039;da \u0130rlanda \u0130ngilizce Koleji&#039;nde \u0130ngilizce E\u011fitimi - Malahide, Dublin\" \/>\n<meta property=\"og:description\" content=\"\u0130ngilizce dil e\u011fitiminde y\u00fcksek standartlar\u0131yla bilinen misafirperver ve dost canl\u0131s\u0131 bir \u00fclke. Tamamen \u0130ngilizceye Dal\u0131n, \u0130rlanda&#039;y\u0131 Se\u00e7in, Bizi Se\u00e7in .\" \/>\n<meta property=\"og:url\" content=\"https:\/\/www.iceireland.com\/tr\/study-english-in-ireland\/\" \/>\n<meta property=\"og:site_name\" content=\"Irish College of English\" \/>\n<meta property=\"og:image\" content=\"https:\/\/www.iceireland.com\/wp-content\/uploads\/2019\/09\/3-2.jpg\" \/>\n\t<meta property=\"og:image:width\" content=\"424\" \/>\n\t<meta property=\"og:image:height\" content=\"700\" \/>\n\t<meta property=\"og:image:type\" content=\"image\/jpeg\" \/>\n<meta name=\"twitter:label1\" content=\"Tahmini okuma s\u00fcresi\" \/>\n\t<meta name=\"twitter:data1\" content=\"3 dakika\" \/>\n<script type=\"application\/ld+json\" class=\"yoast-schema-graph\">{\"@context\":\"https:\\\/\\\/schema.org\",\"@graph\":[{\"@type\":\"WebPage\",\"@id\":\"https:\\\/\\\/www.iceireland.com\\\/tr\\\/study-english-in-ireland\\\/\",\"url\":\"https:\\\/\\\/www.iceireland.com\\\/tr\\\/study-english-in-ireland\\\/\",\"name\":\"\u0130rlanda'da \u0130rlanda \u0130ngilizce Koleji'nde \u0130ngilizce E\u011fitimi - Malahide, Dublin\",\"isPartOf\":{\"@id\":\"https:\\\/\\\/www.iceireland.com\\\/tr\\\/#website\"},\"primaryImageOfPage\":{\"@id\":\"https:\\\/\\\/www.iceireland.com\\\/tr\\\/study-english-in-ireland\\\/#primaryimage\"},\"image\":{\"@id\":\"https:\\\/\\\/www.iceireland.com\\\/tr\\\/study-english-in-ireland\\\/#primaryimage\"},\"thumbnailUrl\":\"https:\\\/\\\/www.iceireland.com\\\/wp-content\\\/uploads\\\/2019\\\/09\\\/3-2-182x300.jpg\",\"datePublished\":\"2014-10-20T08:40:07+00:00\",\"description\":\"\u0130ngilizce dil e\u011fitiminde y\u00fcksek standartlar\u0131yla bilinen misafirperver ve dost canl\u0131s\u0131 bir \u00fclke. Tamamen \u0130ngilizceye Dal\u0131n, \u0130rlanda'y\u0131 Se\u00e7in, Bizi Se\u00e7in .\",\"breadcrumb\":{\"@id\":\"https:\\\/\\\/www.iceireland.com\\\/tr\\\/study-english-in-ireland\\\/#breadcrumb\"},\"inLanguage\":\"tr\",\"potentialAction\":[{\"@type\":\"ReadAction\",\"target\":[\"https:\\\/\\\/www.iceireland.com\\\/tr\\\/study-english-in-ireland\\\/\"]}]},{\"@type\":\"ImageObject\",\"inLanguage\":\"tr\",\"@id\":\"https:\\\/\\\/www.iceireland.com\\\/tr\\\/study-english-in-ireland\\\/#primaryimage\",\"url\":\"https:\\\/\\\/www.iceireland.com\\\/wp-content\\\/uploads\\\/2019\\\/09\\\/3-2-182x300.jpg\",\"contentUrl\":\"https:\\\/\\\/www.iceireland.com\\\/wp-content\\\/uploads\\\/2019\\\/09\\\/3-2-182x300.jpg\"},{\"@type\":\"BreadcrumbList\",\"@id\":\"https:\\\/\\\/www.iceireland.com\\\/tr\\\/study-english-in-ireland\\\/#breadcrumb\",\"itemListElement\":[{\"@type\":\"ListItem\",\"position\":1,\"name\":\"Home\",\"item\":\"https:\\\/\\\/www.iceireland.com\\\/tr\\\/\"},{\"@type\":\"ListItem\",\"position\":2,\"name\":\"\u0130rlanda&#8217;da \u0130ngilizce \u00d6\u011frenin\"}]},{\"@type\":\"WebSite\",\"@id\":\"https:\\\/\\\/www.iceireland.com\\\/tr\\\/#website\",\"url\":\"https:\\\/\\\/www.iceireland.com\\\/tr\\\/\",\"name\":\"Irish College of English\",\"description\":\"English School in Dublin, Malahide\",\"publisher\":{\"@id\":\"https:\\\/\\\/www.iceireland.com\\\/tr\\\/#organization\"},\"potentialAction\":[{\"@type\":\"SearchAction\",\"target\":{\"@type\":\"EntryPoint\",\"urlTemplate\":\"https:\\\/\\\/www.iceireland.com\\\/tr\\\/?s={search_term_string}\"},\"query-input\":{\"@type\":\"PropertyValueSpecification\",\"valueRequired\":true,\"valueName\":\"search_term_string\"}}],\"inLanguage\":\"tr\"},{\"@type\":\"Organization\",\"@id\":\"https:\\\/\\\/www.iceireland.com\\\/tr\\\/#organization\",\"name\":\"Irish College of English\",\"url\":\"https:\\\/\\\/www.iceireland.com\\\/tr\\\/\",\"logo\":{\"@type\":\"ImageObject\",\"inLanguage\":\"tr\",\"@id\":\"https:\\\/\\\/www.iceireland.com\\\/tr\\\/#\\\/schema\\\/logo\\\/image\\\/\",\"url\":\"https:\\\/\\\/www.iceireland.com\\\/wp-content\\\/uploads\\\/2022\\\/03\\\/logo.png\",\"contentUrl\":\"https:\\\/\\\/www.iceireland.com\\\/wp-content\\\/uploads\\\/2022\\\/03\\\/logo.png\",\"width\":593,\"height\":92,\"caption\":\"Irish College of English\"},\"image\":{\"@id\":\"https:\\\/\\\/www.iceireland.com\\\/tr\\\/#\\\/schema\\\/logo\\\/image\\\/\"}}]}<\/script>\n<!-- \/ Yoast SEO plugin. -->","yoast_head_json":{"title":"\u0130rlanda'da \u0130rlanda \u0130ngilizce Koleji'nde \u0130ngilizce E\u011fitimi - Malahide, Dublin","description":"\u0130ngilizce dil e\u011fitiminde y\u00fcksek standartlar\u0131yla bilinen misafirperver ve dost canl\u0131s\u0131 bir \u00fclke. Tamamen \u0130ngilizceye Dal\u0131n, \u0130rlanda'y\u0131 Se\u00e7in, Bizi Se\u00e7in .","robots":{"index":"index","follow":"follow","max-snippet":"max-snippet:-1","max-image-preview":"max-image-preview:large","max-video-preview":"max-video-preview:-1"},"canonical":"https:\/\/www.iceireland.com\/tr\/study-english-in-ireland\/","og_locale":"tr_TR","og_type":"article","og_title":"\u0130rlanda'da \u0130rlanda \u0130ngilizce Koleji'nde \u0130ngilizce E\u011fitimi - Malahide, Dublin","og_description":"\u0130ngilizce dil e\u011fitiminde y\u00fcksek standartlar\u0131yla bilinen misafirperver ve dost canl\u0131s\u0131 bir \u00fclke. Tamamen \u0130ngilizceye Dal\u0131n, \u0130rlanda'y\u0131 Se\u00e7in, Bizi Se\u00e7in .","og_url":"https:\/\/www.iceireland.com\/tr\/study-english-in-ireland\/","og_site_name":"Irish College of English","og_image":[{"width":424,"height":700,"url":"https:\/\/www.iceireland.com\/wp-content\/uploads\/2019\/09\/3-2.jpg","type":"image\/jpeg"}],"twitter_misc":{"Tahmini okuma s\u00fcresi":"3 dakika"},"schema":{"@context":"https:\/\/schema.org","@graph":[{"@type":"WebPage","@id":"https:\/\/www.iceireland.com\/tr\/study-english-in-ireland\/","url":"https:\/\/www.iceireland.com\/tr\/study-english-in-ireland\/","name":"\u0130rlanda'da \u0130rlanda \u0130ngilizce Koleji'nde \u0130ngilizce E\u011fitimi - Malahide, Dublin","isPartOf":{"@id":"https:\/\/www.iceireland.com\/tr\/#website"},"primaryImageOfPage":{"@id":"https:\/\/www.iceireland.com\/tr\/study-english-in-ireland\/#primaryimage"},"image":{"@id":"https:\/\/www.iceireland.com\/tr\/study-english-in-ireland\/#primaryimage"},"thumbnailUrl":"https:\/\/www.iceireland.com\/wp-content\/uploads\/2019\/09\/3-2-182x300.jpg","datePublished":"2014-10-20T08:40:07+00:00","description":"\u0130ngilizce dil e\u011fitiminde y\u00fcksek standartlar\u0131yla bilinen misafirperver ve dost canl\u0131s\u0131 bir \u00fclke. Tamamen \u0130ngilizceye Dal\u0131n, \u0130rlanda'y\u0131 Se\u00e7in, Bizi Se\u00e7in .","breadcrumb":{"@id":"https:\/\/www.iceireland.com\/tr\/study-english-in-ireland\/#breadcrumb"},"inLanguage":"tr","potentialAction":[{"@type":"ReadAction","target":["https:\/\/www.iceireland.com\/tr\/study-english-in-ireland\/"]}]},{"@type":"ImageObject","inLanguage":"tr","@id":"https:\/\/www.iceireland.com\/tr\/study-english-in-ireland\/#primaryimage","url":"https:\/\/www.iceireland.com\/wp-content\/uploads\/2019\/09\/3-2-182x300.jpg","contentUrl":"https:\/\/www.iceireland.com\/wp-content\/uploads\/2019\/09\/3-2-182x300.jpg"},{"@type":"BreadcrumbList","@id":"https:\/\/www.iceireland.com\/tr\/study-english-in-ireland\/#breadcrumb","itemListElement":[{"@type":"ListItem","position":1,"name":"Home","item":"https:\/\/www.iceireland.com\/tr\/"},{"@type":"ListItem","position":2,"name":"\u0130rlanda&#8217;da \u0130ngilizce \u00d6\u011frenin"}]},{"@type":"WebSite","@id":"https:\/\/www.iceireland.com\/tr\/#website","url":"https:\/\/www.iceireland.com\/tr\/","name":"Irish College of English","description":"English School in Dublin, Malahide","publisher":{"@id":"https:\/\/www.iceireland.com\/tr\/#organization"},"potentialAction":[{"@type":"SearchAction","target":{"@type":"EntryPoint","urlTemplate":"https:\/\/www.iceireland.com\/tr\/?s={search_term_string}"},"query-input":{"@type":"PropertyValueSpecification","valueRequired":true,"valueName":"search_term_string"}}],"inLanguage":"tr"},{"@type":"Organization","@id":"https:\/\/www.iceireland.com\/tr\/#organization","name":"Irish College of English","url":"https:\/\/www.iceireland.com\/tr\/","logo":{"@type":"ImageObject","inLanguage":"tr","@id":"https:\/\/www.iceireland.com\/tr\/#\/schema\/logo\/image\/","url":"https:\/\/www.iceireland.com\/wp-content\/uploads\/2022\/03\/logo.png","contentUrl":"https:\/\/www.iceireland.com\/wp-content\/uploads\/2022\/03\/logo.png","width":593,"height":92,"caption":"Irish College of English"},"image":{"@id":"https:\/\/www.iceireland.com\/tr\/#\/schema\/logo\/image\/"}}]}},"_links":{"self":[{"href":"https:\/\/www.iceireland.com\/tr\/wp-json\/wp\/v2\/pages\/32290","targetHints":{"allow":["GET"]}}],"collection":[{"href":"https:\/\/www.iceireland.com\/tr\/wp-json\/wp\/v2\/pages"}],"about":[{"href":"https:\/\/www.iceireland.com\/tr\/wp-json\/wp\/v2\/types\/page"}],"author":[{"embeddable":true,"href":"https:\/\/www.iceireland.com\/tr\/wp-json\/wp\/v2\/users\/1"}],"replies":[{"embeddable":true,"href":"https:\/\/www.iceireland.com\/tr\/wp-json\/wp\/v2\/comments?post=32290"}],"version-history":[{"count":0,"href":"https:\/\/www.iceireland.com\/tr\/wp-json\/wp\/v2\/pages\/32290\/revisions"}],"wp:attachment":[{"href":"https:\/\/www.iceireland.com\/tr\/wp-json\/wp\/v2\/media?parent=32290"}],"curies":[{"name":"wp","href":"https:\/\/api.w.org\/{rel}","templated":true}]}}