{"id":32409,"date":"2020-02-27T10:40:47","date_gmt":"2020-02-27T10:40:47","guid":{"rendered":"https:\/\/www.iceireland.com\/coronavirus-and-irish-college-of-english-programmes\/"},"modified":"2026-01-30T16:49:40","modified_gmt":"2026-01-30T16:49:40","slug":"coronavirus-and-irish-college-of-english-programmes","status":"publish","type":"page","link":"https:\/\/www.iceireland.com\/tr\/coronavirus-and-irish-college-of-english-programmes\/","title":{"rendered":"Koronavir\u00fcs ve \u0130rlanda \u0130ngiliz Koleji Programlar\u0131"},"content":{"rendered":"\t\t<div data-elementor-type=\"wp-page\" data-elementor-id=\"32409\" class=\"elementor elementor-32409 elementor-7011\" data-elementor-post-type=\"page\">\n\t\t\t\t\t\t<section class=\"elementor-section elementor-top-section elementor-element elementor-element-745564da elementor-section-boxed elementor-section-height-default elementor-section-height-default\" data-id=\"745564da\" data-element_type=\"section\" data-e-type=\"section\">\n\t\t\t\t\t\t<div class=\"elementor-container elementor-column-gap-default\">\n\t\t\t\t\t<div class=\"elementor-column elementor-col-100 elementor-top-column elementor-element elementor-element-346afb08\" data-id=\"346afb08\" data-element_type=\"column\" data-e-type=\"column\">\n\t\t\t<div class=\"elementor-widget-wrap elementor-element-populated\">\n\t\t\t\t\t\t<div class=\"elementor-element elementor-element-67097e24 elementor-widget elementor-widget-text-editor\" data-id=\"67097e24\" data-element_type=\"widget\" data-e-type=\"widget\" data-widget_type=\"text-editor.default\">\n\t\t\t\t<div class=\"elementor-widget-container\">\n\t\t\t\t\t\t\t\t\t<p><strong>Tarih 7 Mart 2022<\/strong><\/p><p><strong>Covid-19 ve \u0130rlanda \u0130ngilizce Koleji Programlar\u0131<\/strong><\/p><p style=\"background-image: initial; background-position: initial; background-size: initial; background-repeat: initial; background-attachment: initial; background-origin: initial; background-clip: initial;\"><b><span style=\"font-size: 12pt; font-family: Roboto;\">Harika Haberler<\/span><\/b><\/p><p style=\"margin-bottom: 14.4pt; background-image: initial; background-position: initial; background-size: initial; background-repeat: initial; background-attachment: initial; background-origin: initial; background-clip: initial;\"><b><i><span style=\"font-size: 12.0pt; color: #404040; letter-spacing: .15pt;\">\u0130rlanda&#8217;ya seyahat i\u00e7in t\u00fcm COVID-19 k\u0131s\u0131tlamalar\u0131 kald\u0131r\u0131lm\u0131\u015ft\u0131r. Art\u0131k bir yolcu bulma formu doldurman\u0131za gerek yok. Ayr\u0131ca art\u0131k a\u015f\u0131 veya iyile\u015fme kan\u0131t\u0131 veya COVID-19 testine de ihtiyac\u0131n\u0131z yok.  <\/span><\/i><\/b><\/p><p style=\"margin-bottom: 14.4pt; background-image: initial; background-position: initial; background-size: initial; background-repeat: initial; background-attachment: initial; background-origin: initial; background-clip: initial;\"><span style=\"color: #404040; font-size: 12pt; letter-spacing: 0.15pt;\">\u0130rlanda&#8217;da maske takma veya sosyal mesafeye ili\u015fkin herhangi bir k\u0131s\u0131tlama bulunmamaktad\u0131r.<\/span><\/p><p style=\"margin-bottom: 14.4pt; background-image: initial; background-position: initial; background-size: initial; background-repeat: initial; background-attachment: initial; background-origin: initial; background-clip: initial;\"><span style=\"font-size: 12.0pt; color: #404040; letter-spacing: .15pt;\">Geriye kalan tek k\u0131s\u0131tlama ise  <\/span><span style=\"font-size: 12.0pt; color: black;\">semptomlar\u0131n\u0131z varsa kendi kendinizi izole etme ihtiyac\u0131 ve baz\u0131 s\u0131n\u0131rl\u0131 yak\u0131n temas rehberli\u011fi. H\u00fck\u00fcmet kalan bu k\u0131s\u0131tlamalar\u0131 a\u015famal\u0131 olarak kald\u0131rmay\u0131 planlamaktad\u0131r. <\/span><\/p><p style=\"margin-bottom: 14.4pt; background-image: initial; background-position: initial; background-size: initial; background-repeat: initial; background-attachment: initial; background-origin: initial; background-clip: initial;\"><span style=\"font-size: 12.0pt; color: black;\">\u0130rlanda a\u015f\u0131lama program\u0131nda \u00e7ok ba\u015far\u0131l\u0131 olmu\u015ftur; birincil a\u015f\u0131lama program\u0131m\u0131za kat\u0131l\u0131m oran\u0131 %95&#8217;in \u00fczerindedir ve takviye a\u015f\u0131 program\u0131na kat\u0131l\u0131m oran\u0131 \u015fu anda %70&#8217;tir. Dolay\u0131s\u0131yla personelimizin ve ev sahibi ailelerin b\u00fcy\u00fck \u00e7o\u011funlu\u011fu tamamen a\u015f\u0131lanm\u0131\u015f durumdad\u0131r.   <\/span><\/p><p>\u0130rlanda, Covid-19 ile ilgili \u00e7o\u011fu k\u0131s\u0131tlaman\u0131n hafifletilmesiyle birlikte yeni bir d\u00f6neme giriyor. Hayat normale d\u00f6nd\u00fc ve insanlar art\u0131k maske takmak ya da sosyal mesafe koymak zorunda de\u011fil. Geriye kalan tek k\u0131s\u0131tlama Uluslararas\u0131 Seyahat ve Kendini \u0130zole Etme ile ilgili. Zaman i\u00e7inde bu kalan k\u0131s\u0131tlamalar\u0131n da kald\u0131r\u0131laca\u011f\u0131n\u0131 umuyoruz.   <\/p><p>Irish College of English&#8217;te t\u00fcm personelimizin, \u00f6\u011frencilerimizin, ev sahibi ailelerimizin ve faaliyet g\u00f6sterdi\u011fimiz toplumlar\u0131n sa\u011fl\u0131\u011f\u0131 ve g\u00fcvenli\u011fi \u00f6nceli\u011fimizdir. Covid-19 ile ilgili t\u00fcm h\u00fck\u00fcmet tavsiyelerini g\u00fcncel olarak takip ediyoruz ve \u015fimdi ve gelecekte t\u00fcm personelimizin ve m\u00fc\u015fterilerimizin refah\u0131n\u0131 sa\u011flamak i\u00e7in bu konuda en iyi uygulamalar\u0131 takip edece\u011fiz. <\/p><p>T\u00fcm programlar\u0131m\u0131zda Covid-19 ile ilgili t\u00fcm y\u00f6nergelere uymam\u0131z\u0131 sa\u011flamak i\u00e7in geli\u015fmi\u015f g\u00fcvenlik ve temizlik protokollerine sahibiz. T\u00fcm s\u0131n\u0131flar\u0131m\u0131z CO2 monit\u00f6rleri ile donat\u0131lm\u0131\u015ft\u0131r. Okul genelinde el dezenfeksiyon istasyonlar\u0131 mevcuttur. Politikalar\u0131m\u0131z\u0131 g\u00fcncellemeye ve herkes i\u00e7in g\u00fcvenli ve keyifli bir e\u011fitim deneyimi sa\u011flamaya devam edece\u011fiz.   <\/p><p>\u0130rlanda da a\u015f\u0131lama program\u0131nda \u00e7ok ba\u015far\u0131l\u0131 olmu\u015ftur; birincil a\u015f\u0131lama program\u0131m\u0131z\u0131n al\u0131m\u0131 %95&#8217;in \u00fczerindedir ve takviye a\u015f\u0131 program\u0131n\u0131n al\u0131m\u0131 \u015fu anda %65&#8217;tir. Dolay\u0131s\u0131yla personelimizin ve ev sahibi ailelerin b\u00fcy\u00fck \u00e7o\u011funlu\u011fu tamamen a\u015f\u0131lanm\u0131\u015f durumdad\u0131r. Mevcut Omicron dalgas\u0131 art\u0131k zirveye ula\u015fm\u0131\u015ft\u0131r.  <\/p><div><p><a href=\"#\">Okul \u015fu anda y\u00fcz y\u00fcze dersler i\u00e7in a\u00e7\u0131k m\u0131?<\/a><\/p><\/div><div><div><p>Evet, t\u00fcm yeti\u015fkin ve gen\u00e7 s\u0131n\u0131flar\u0131m\u0131z ve programlar\u0131m\u0131z normal \u015fekilde devam etmektedir.<\/p><\/div><\/div><div><p><a href=\"#\">\u0130rlanda \u0130ngiliz Koleji, okuldaki \u00f6\u011frencilerin ve personelin g\u00fcvenli\u011fini nas\u0131l sa\u011flayacak?<\/a><\/p><div><p>\u0130rlanda H\u00fck\u00fcmetinin y\u00f6nergelerini s\u0131k\u0131 bir \u015fekilde takip ederek ve Sa\u011fl\u0131k Hizmetleri Y\u00f6neticisinin (HSE) en son tavsiyelerini g\u00fcncel tutarak, okula g\u00fcvenli bir \u015fekilde d\u00f6nmeyi m\u00fcmk\u00fcn k\u0131lacak \u00f6nlemleri uygulamaya koyduk. Her zaman yeterli havaland\u0131rma sa\u011flamak i\u00e7in her s\u0131n\u0131fa CO2 monit\u00f6rleri yerle\u015ftirilmesi \u00f6nemli bir \u00f6nlemdir. COVID-19&#8217;a kar\u015f\u0131 daha iyi koruma sa\u011flamak i\u00e7in, potansiyel olarak kontamine olmu\u015f y\u00fczeylerin g\u00fcn boyunca d\u00fczenli olarak dezenfekte edilmesiyle birlikte kapsaml\u0131 g\u00fcnl\u00fck temizlik de dahil olmak \u00fczere temizlik planlar\u0131 uygulanm\u0131\u015ft\u0131r.  <\/p><\/div><\/div><div><p><a href=\"#\">Bir endi\u015fem oldu\u011funda okulla nas\u0131l ileti\u015fime ge\u00e7ece\u011fim?<\/a><\/p><div><p>Ofisi 01 8453744 numaral\u0131 telefondan veya info@iceireland.com adresinden arayabilir ya da e-posta g\u00f6nderebilirsiniz.<\/p><\/div><\/div><div><p><a href=\"#\">COVID-19 semptomlar\u0131 geli\u015ftirirsem ne yapmal\u0131y\u0131m?<\/a><\/p><div><p>Bir \u00f6\u011frencide COVID-19 semptomlar\u0131 geli\u015firse: \u0130rlanda&#8217;dayken veya seyahat s\u0131ras\u0131nda yeni ve s\u00fcrekli \u00f6ks\u00fcr\u00fck, y\u00fcksek ate\u015f veya \u00f6\u011frencinin tat veya koku alma duyusunda kay\u0131p\/de\u011fi\u015fiklik (anosmi), yorgunluk, \u00f6\u011frenci ne yapmas\u0131 gerekti\u011fini g\u00f6r\u00fc\u015fmek ve o s\u0131rada \u0130rlanda&#8217;da halk sa\u011fl\u0131\u011f\u0131 tavsiyelerine uymak i\u00e7in bir sa\u011fl\u0131k kurulu\u015funu ve\/veya sigorta \u015firketini aramal\u0131d\u0131r.<\/p><p>\u015eu anda a\u015fa\u011f\u0131dakiler ge\u00e7erlidir:<\/p><ol><li>Kendinizi izole edin (kapal\u0131 alanda kal\u0131n ve di\u011fer insanlarla temastan ka\u00e7\u0131n\u0131n)<\/li><li>Kendi kendinize antijen testi yap\u0131n, 39 ya\u015f\u0131n alt\u0131ndaysan\u0131z PCR testi gerekli de\u011fildir. Okul, semptomlar\u0131 olan veya yak\u0131n temasl\u0131 olan t\u00fcm \u00f6\u011frencilere antijen testlerini \u00fccretsiz olarak sa\u011flayacakt\u0131r. <\/li><\/ol><p>Olumlu Sonu\u00e7<\/p><p>\u00d6\u011frencinin tek ki\u015filik bir odada 7 g\u00fcn boyunca kendini izole etmesi gerekmektedir.<\/p><p>Olumsuz Sonu\u00e7<\/p><p>\u00d6\u011frencinin 48 saat boyunca hi\u00e7bir semptom g\u00f6stermeyene kadar tek ki\u015filik bir odada kendini izole etmesi gerekir.<\/p><\/div><\/div><div><div><p><a href=\"#\">\u0130rlanda&#8217;ya seyahat etmek i\u00e7in kurallar nelerdir?<\/a><\/p><\/div><\/div><div><div><p><span style=\"font-size: 12pt; font-family: Roboto;\">\u0130rlanda&#8217;ya seyahat hakk\u0131nda g\u00fcncel bilgiler i\u00e7in l\u00fctfen bkz:<\/span> <u><\/u><\/p><p><u><span style=\"font-size: 12pt; font-family: Roboto; color: #0563c1; background-image: initial; background-position: initial; background-size: initial; background-repeat: initial; background-attachment: initial; background-origin: initial; background-clip: initial;\"><a style=\"color: #1155cc;\" href=\"https:\/\/urldefense.proofpoint.com\/v2\/url?u=https-3A__www.citizensinformation.ie_en_travel-5Fand-5Frecreation_travel-5Fto-5Fireland_travel-5Fto-5Fireland-5Fduring-5Fcovid.html-23l41d7d&amp;d=DwMFaQ&amp;c=euGZstcaTDllvimEN8b7jXrwqOf-v5A_CdpgnVfiiMM&amp;r=6sF5MjZTTADw7lYvl303WIaH3-wpCL1IW38EiTxvrEI&amp;m=p9OyM7sZ5u0ffIW7UqJVoFDalkDTlJvYoIiyAjolaMU&amp;s=6srtfScuvZoXuxhn7PEbFjN-8wz32DKwysxId8cbKg8&amp;e=\" target=\"_blank\" rel=\"noopener\" data-saferedirecturl=\"https:\/\/www.google.com\/url?q=https:\/\/urldefense.proofpoint.com\/v2\/url?u%3Dhttps-3A__www.citizensinformation.ie_en_travel-5Fand-5Frecreation_travel-5Fto-5Fireland_travel-5Fto-5Fireland-5Fduring-5Fcovid.html-23l41d7d%26d%3DDwMFaQ%26c%3DeuGZstcaTDllvimEN8b7jXrwqOf-v5A_CdpgnVfiiMM%26r%3D6sF5MjZTTADw7lYvl303WIaH3-wpCL1IW38EiTxvrEI%26m%3Dp9OyM7sZ5u0ffIW7UqJVoFDalkDTlJvYoIiyAjolaMU%26s%3D6srtfScuvZoXuxhn7PEbFjN-8wz32DKwysxId8cbKg8%26e%3D&amp;source=gmail&amp;ust=1631951870289000&amp;usg=AFQjCNG-qMUtp6MUmoQ2CVJBiDWXOWGl9A\">https:\/\/www.<wbr><\/wbr>citizensinformation.ie\/tr\/<wbr><\/wbr>travel_and_recreation\/travel_<wbr><\/wbr>to_ireland\/travel_to_ireland_<wbr><\/wbr>during_covid.html#l41d7d<\/a><\/span><\/u><\/p><p><span style=\"font-size: 12pt; font-family: Roboto;\">Seyahat kolayl\u0131\u011f\u0131 a\u00e7\u0131s\u0131ndan t\u00fcm \u00f6\u011frencilere EMA onayl\u0131 bir a\u015f\u0131 ile a\u015f\u0131lanm\u0131\u015f olmalar\u0131n\u0131 tavsiye ederiz. Buna ek olarak, \u0130rlanda&#8217;da rapel a\u015f\u0131 ile tam olarak a\u015f\u0131lanm\u0131\u015fsan\u0131z, yak\u0131n temasl\u0131 iseniz ve herhangi bir belirti g\u00f6stermiyorsan\u0131z kendi kendinizi izole etmenize gerek yoktur.   <\/span><\/p><p>\u0130rlanda&#8217;ya bir PCR testi kullanarak girmeniz ve kalk\u0131\u015ftan 72 saat \u00f6nce ba\u015fka bir teste ihtiya\u00e7 duyman\u0131z halinde, bunu ayarlaman\u0131za yard\u0131mc\u0131 olabiliriz, daha fazla bilgi i\u00e7in l\u00fctfen bizimle ileti\u015fime ge\u00e7in.<\/p><\/div><\/div><div><p><a href=\"#\">Uluslararas\u0131 bir \u00f6\u011frenci olarak COVID-19 hakk\u0131nda nereden tavsiye alabilirim?  <\/a><\/p><div><p>\u0130rlanda Uluslararas\u0131 \u00d6\u011frenciler Konseyi (ICOS), uluslararas\u0131 \u00f6\u011frencilerin dikkat etmesi gereken sa\u011fl\u0131k, seyahat, e\u011fitim ve refah konular\u0131na ili\u015fkin bilgileri bir araya getirmi\u015ftir. COVID-19 ile ilgili bir seyahat sorunuz varsa, 01 613 1733 numaral\u0131 telefondan D\u0131\u015fi\u015fleri Bakanl\u0131\u011f\u0131 dan\u0131\u015fma merkezini arayabilirsiniz. <\/p><\/div><\/div><div><p><a href=\"#\">Konaklama se\u00e7enekleri nelerdir?<\/a><\/p><div><p>\u00c7ok \u00e7e\u015fitli ev sahibi aile ve konut se\u00e7enekleri sunuyoruz.<\/p><\/div><\/div><div><p><a href=\"#\">Kursum s\u0131ras\u0131nda Covid-19 al\u0131rsam ne olur?<\/a><\/p><div><p>Bu durumda HSE taraf\u0131ndan kendinizi izole etmeniz istenecektir. T\u00fcm \u00f6\u011frenciler, konaklama, ya\u015fam masraflar\u0131, u\u00e7u\u015f de\u011fi\u015fikli\u011fi gibi ek masraflar\u0131 kar\u015f\u0131lamak i\u00e7in yeterli sigortaya veya ki\u015fisel fona sahip olmal\u0131d\u0131r. <\/p><\/div><\/div><div><p><a href=\"#\">Bir kursa \u015fimdi rezervasyon yapt\u0131r\u0131rsam ve sonra kat\u0131lamazsam iptal politikas\u0131 nedir?<\/a><\/p><div><p>&#8216;G\u00fcvenle Rezervasyon Yapma Garantimiz&#8217; \u0130rlanda&#8217;ya seyahat eden birey ve gruplar\u0131n var\u0131\u015ftan 7 g\u00fcn \u00f6ncesine kadar \u00fccretsiz olarak iptal etmelerine olanak sa\u011flamaktad\u0131r. Var\u0131\u015ftan sonraki 7 g\u00fcn i\u00e7inde iptal etmeniz gerekiyorsa, 2023 sonuna kadar ge\u00e7erli olacak \u00fccretsiz bir kurs ertelemesi sunaca\u011f\u0131z. Var\u0131\u015ftan sonraki 7 g\u00fcn i\u00e7inde iptal edilen konaklamalar i\u00e7in geri \u00f6deme yap\u0131lmayacakt\u0131r.  <\/p><\/div><\/div>\t\t\t\t\t\t\t\t<\/div>\n\t\t\t\t<\/div>\n\t\t\t\t\t<\/div>\n\t\t<\/div>\n\t\t\t\t\t<\/div>\n\t\t<\/section>\n\t\t\t\t<\/div>\n\t\t","protected":false},"excerpt":{"rendered":"<p>Tarih 7 Mart 2022 Covid-19 ve \u0130rlanda \u0130ngilizce Koleji Programlar\u0131 Harika Haberler \u0130rlanda&#8217;ya seyahat i\u00e7in t\u00fcm COVID-19 k\u0131s\u0131tlamalar\u0131 kald\u0131r\u0131lm\u0131\u015ft\u0131r. Art\u0131k bir yolcu bulma formu doldurman\u0131za gerek yok. Ayr\u0131ca art\u0131k a\u015f\u0131 veya iyile\u015fme kan\u0131t\u0131 veya COVID-19 testine de ihtiyac\u0131n\u0131z yok. \u0130rlanda&#8217;da maske takma veya sosyal mesafeye ili\u015fkin herhangi bir k\u0131s\u0131tlama bulunmamaktad\u0131r. Geriye kalan tek k\u0131s\u0131tlama ise [&hellip;]<\/p>\n","protected":false},"author":3,"featured_media":0,"parent":0,"menu_order":0,"comment_status":"closed","ping_status":"closed","template":"","meta":{"content-type":"","footnotes":""},"class_list":["post-32409","page","type-page","status-publish","hentry"],"yoast_head":"<!-- This site is optimized with the Yoast SEO plugin v27.3 - https:\/\/yoast.com\/product\/yoast-seo-wordpress\/ -->\n<title>Koronavir\u00fcs ve \u0130rlanda \u0130ngiliz Koleji Programlar\u0131 - Irish College of English<\/title>\n<meta name=\"robots\" content=\"index, follow, max-snippet:-1, max-image-preview:large, max-video-preview:-1\" \/>\n<link rel=\"canonical\" href=\"https:\/\/www.iceireland.com\/tr\/coronavirus-and-irish-college-of-english-programmes\/\" \/>\n<meta property=\"og:locale\" content=\"tr_TR\" \/>\n<meta property=\"og:type\" content=\"article\" \/>\n<meta property=\"og:title\" content=\"Koronavir\u00fcs ve \u0130rlanda \u0130ngiliz Koleji Programlar\u0131 - Irish College of English\" \/>\n<meta property=\"og:description\" content=\"Tarih 7 Mart 2022 Covid-19 ve \u0130rlanda \u0130ngilizce Koleji Programlar\u0131 Harika Haberler \u0130rlanda&#8217;ya seyahat i\u00e7in t\u00fcm COVID-19 k\u0131s\u0131tlamalar\u0131 kald\u0131r\u0131lm\u0131\u015ft\u0131r. Art\u0131k bir yolcu bulma formu doldurman\u0131za gerek yok. Ayr\u0131ca art\u0131k a\u015f\u0131 veya iyile\u015fme kan\u0131t\u0131 veya COVID-19 testine de ihtiyac\u0131n\u0131z yok. \u0130rlanda&#8217;da maske takma veya sosyal mesafeye ili\u015fkin herhangi bir k\u0131s\u0131tlama bulunmamaktad\u0131r. Geriye kalan tek k\u0131s\u0131tlama ise [&hellip;]\" \/>\n<meta property=\"og:url\" content=\"https:\/\/www.iceireland.com\/tr\/coronavirus-and-irish-college-of-english-programmes\/\" \/>\n<meta property=\"og:site_name\" content=\"Irish College of English\" \/>\n<meta property=\"article:modified_time\" content=\"2026-01-30T16:49:40+00:00\" \/>\n<meta name=\"twitter:label1\" content=\"Tahmini okuma s\u00fcresi\" \/>\n\t<meta name=\"twitter:data1\" content=\"5 dakika\" \/>\n<script type=\"application\/ld+json\" class=\"yoast-schema-graph\">{\"@context\":\"https:\\\/\\\/schema.org\",\"@graph\":[{\"@type\":\"WebPage\",\"@id\":\"https:\\\/\\\/www.iceireland.com\\\/tr\\\/coronavirus-and-irish-college-of-english-programmes\\\/\",\"url\":\"https:\\\/\\\/www.iceireland.com\\\/tr\\\/coronavirus-and-irish-college-of-english-programmes\\\/\",\"name\":\"Koronavir\u00fcs ve \u0130rlanda \u0130ngiliz Koleji Programlar\u0131 - Irish College of English\",\"isPartOf\":{\"@id\":\"https:\\\/\\\/www.iceireland.com\\\/tr\\\/#website\"},\"datePublished\":\"2020-02-27T10:40:47+00:00\",\"dateModified\":\"2026-01-30T16:49:40+00:00\",\"breadcrumb\":{\"@id\":\"https:\\\/\\\/www.iceireland.com\\\/tr\\\/coronavirus-and-irish-college-of-english-programmes\\\/#breadcrumb\"},\"inLanguage\":\"tr\",\"potentialAction\":[{\"@type\":\"ReadAction\",\"target\":[\"https:\\\/\\\/www.iceireland.com\\\/tr\\\/coronavirus-and-irish-college-of-english-programmes\\\/\"]}]},{\"@type\":\"BreadcrumbList\",\"@id\":\"https:\\\/\\\/www.iceireland.com\\\/tr\\\/coronavirus-and-irish-college-of-english-programmes\\\/#breadcrumb\",\"itemListElement\":[{\"@type\":\"ListItem\",\"position\":1,\"name\":\"Home\",\"item\":\"https:\\\/\\\/www.iceireland.com\\\/tr\\\/\"},{\"@type\":\"ListItem\",\"position\":2,\"name\":\"Koronavir\u00fcs ve \u0130rlanda \u0130ngiliz Koleji Programlar\u0131\"}]},{\"@type\":\"WebSite\",\"@id\":\"https:\\\/\\\/www.iceireland.com\\\/tr\\\/#website\",\"url\":\"https:\\\/\\\/www.iceireland.com\\\/tr\\\/\",\"name\":\"Irish College of English\",\"description\":\"English School in Dublin, Malahide\",\"publisher\":{\"@id\":\"https:\\\/\\\/www.iceireland.com\\\/tr\\\/#organization\"},\"potentialAction\":[{\"@type\":\"SearchAction\",\"target\":{\"@type\":\"EntryPoint\",\"urlTemplate\":\"https:\\\/\\\/www.iceireland.com\\\/tr\\\/?s={search_term_string}\"},\"query-input\":{\"@type\":\"PropertyValueSpecification\",\"valueRequired\":true,\"valueName\":\"search_term_string\"}}],\"inLanguage\":\"tr\"},{\"@type\":\"Organization\",\"@id\":\"https:\\\/\\\/www.iceireland.com\\\/tr\\\/#organization\",\"name\":\"Irish College of English\",\"url\":\"https:\\\/\\\/www.iceireland.com\\\/tr\\\/\",\"logo\":{\"@type\":\"ImageObject\",\"inLanguage\":\"tr\",\"@id\":\"https:\\\/\\\/www.iceireland.com\\\/tr\\\/#\\\/schema\\\/logo\\\/image\\\/\",\"url\":\"https:\\\/\\\/www.iceireland.com\\\/wp-content\\\/uploads\\\/2022\\\/03\\\/logo.png\",\"contentUrl\":\"https:\\\/\\\/www.iceireland.com\\\/wp-content\\\/uploads\\\/2022\\\/03\\\/logo.png\",\"width\":593,\"height\":92,\"caption\":\"Irish College of English\"},\"image\":{\"@id\":\"https:\\\/\\\/www.iceireland.com\\\/tr\\\/#\\\/schema\\\/logo\\\/image\\\/\"}}]}<\/script>\n<!-- \/ Yoast SEO plugin. -->","yoast_head_json":{"title":"Koronavir\u00fcs ve \u0130rlanda \u0130ngiliz Koleji Programlar\u0131 - Irish College of English","robots":{"index":"index","follow":"follow","max-snippet":"max-snippet:-1","max-image-preview":"max-image-preview:large","max-video-preview":"max-video-preview:-1"},"canonical":"https:\/\/www.iceireland.com\/tr\/coronavirus-and-irish-college-of-english-programmes\/","og_locale":"tr_TR","og_type":"article","og_title":"Koronavir\u00fcs ve \u0130rlanda \u0130ngiliz Koleji Programlar\u0131 - Irish College of English","og_description":"Tarih 7 Mart 2022 Covid-19 ve \u0130rlanda \u0130ngilizce Koleji Programlar\u0131 Harika Haberler \u0130rlanda&#8217;ya seyahat i\u00e7in t\u00fcm COVID-19 k\u0131s\u0131tlamalar\u0131 kald\u0131r\u0131lm\u0131\u015ft\u0131r. Art\u0131k bir yolcu bulma formu doldurman\u0131za gerek yok. Ayr\u0131ca art\u0131k a\u015f\u0131 veya iyile\u015fme kan\u0131t\u0131 veya COVID-19 testine de ihtiyac\u0131n\u0131z yok. \u0130rlanda&#8217;da maske takma veya sosyal mesafeye ili\u015fkin herhangi bir k\u0131s\u0131tlama bulunmamaktad\u0131r. Geriye kalan tek k\u0131s\u0131tlama ise [&hellip;]","og_url":"https:\/\/www.iceireland.com\/tr\/coronavirus-and-irish-college-of-english-programmes\/","og_site_name":"Irish College of English","article_modified_time":"2026-01-30T16:49:40+00:00","twitter_misc":{"Tahmini okuma s\u00fcresi":"5 dakika"},"schema":{"@context":"https:\/\/schema.org","@graph":[{"@type":"WebPage","@id":"https:\/\/www.iceireland.com\/tr\/coronavirus-and-irish-college-of-english-programmes\/","url":"https:\/\/www.iceireland.com\/tr\/coronavirus-and-irish-college-of-english-programmes\/","name":"Koronavir\u00fcs ve \u0130rlanda \u0130ngiliz Koleji Programlar\u0131 - Irish College of English","isPartOf":{"@id":"https:\/\/www.iceireland.com\/tr\/#website"},"datePublished":"2020-02-27T10:40:47+00:00","dateModified":"2026-01-30T16:49:40+00:00","breadcrumb":{"@id":"https:\/\/www.iceireland.com\/tr\/coronavirus-and-irish-college-of-english-programmes\/#breadcrumb"},"inLanguage":"tr","potentialAction":[{"@type":"ReadAction","target":["https:\/\/www.iceireland.com\/tr\/coronavirus-and-irish-college-of-english-programmes\/"]}]},{"@type":"BreadcrumbList","@id":"https:\/\/www.iceireland.com\/tr\/coronavirus-and-irish-college-of-english-programmes\/#breadcrumb","itemListElement":[{"@type":"ListItem","position":1,"name":"Home","item":"https:\/\/www.iceireland.com\/tr\/"},{"@type":"ListItem","position":2,"name":"Koronavir\u00fcs ve \u0130rlanda \u0130ngiliz Koleji Programlar\u0131"}]},{"@type":"WebSite","@id":"https:\/\/www.iceireland.com\/tr\/#website","url":"https:\/\/www.iceireland.com\/tr\/","name":"Irish College of English","description":"English School in Dublin, Malahide","publisher":{"@id":"https:\/\/www.iceireland.com\/tr\/#organization"},"potentialAction":[{"@type":"SearchAction","target":{"@type":"EntryPoint","urlTemplate":"https:\/\/www.iceireland.com\/tr\/?s={search_term_string}"},"query-input":{"@type":"PropertyValueSpecification","valueRequired":true,"valueName":"search_term_string"}}],"inLanguage":"tr"},{"@type":"Organization","@id":"https:\/\/www.iceireland.com\/tr\/#organization","name":"Irish College of English","url":"https:\/\/www.iceireland.com\/tr\/","logo":{"@type":"ImageObject","inLanguage":"tr","@id":"https:\/\/www.iceireland.com\/tr\/#\/schema\/logo\/image\/","url":"https:\/\/www.iceireland.com\/wp-content\/uploads\/2022\/03\/logo.png","contentUrl":"https:\/\/www.iceireland.com\/wp-content\/uploads\/2022\/03\/logo.png","width":593,"height":92,"caption":"Irish College of English"},"image":{"@id":"https:\/\/www.iceireland.com\/tr\/#\/schema\/logo\/image\/"}}]}},"_links":{"self":[{"href":"https:\/\/www.iceireland.com\/tr\/wp-json\/wp\/v2\/pages\/32409","targetHints":{"allow":["GET"]}}],"collection":[{"href":"https:\/\/www.iceireland.com\/tr\/wp-json\/wp\/v2\/pages"}],"about":[{"href":"https:\/\/www.iceireland.com\/tr\/wp-json\/wp\/v2\/types\/page"}],"author":[{"embeddable":true,"href":"https:\/\/www.iceireland.com\/tr\/wp-json\/wp\/v2\/users\/3"}],"replies":[{"embeddable":true,"href":"https:\/\/www.iceireland.com\/tr\/wp-json\/wp\/v2\/comments?post=32409"}],"version-history":[{"count":1,"href":"https:\/\/www.iceireland.com\/tr\/wp-json\/wp\/v2\/pages\/32409\/revisions"}],"predecessor-version":[{"id":32410,"href":"https:\/\/www.iceireland.com\/tr\/wp-json\/wp\/v2\/pages\/32409\/revisions\/32410"}],"wp:attachment":[{"href":"https:\/\/www.iceireland.com\/tr\/wp-json\/wp\/v2\/media?parent=32409"}],"curies":[{"name":"wp","href":"https:\/\/api.w.org\/{rel}","templated":true}]}}