{"id":32423,"date":"2023-11-29T15:33:01","date_gmt":"2023-11-29T15:33:01","guid":{"rendered":"https:\/\/www.iceireland.com\/induction-orientation\/"},"modified":"2026-01-30T16:50:23","modified_gmt":"2026-01-30T16:50:23","slug":"induction-orientation","status":"publish","type":"page","link":"https:\/\/www.iceireland.com\/tr\/useful-information-and-supports\/induction-orientation\/","title":{"rendered":"\u0130nd\u00fcksiyon ve Oryantasyon"},"content":{"rendered":"\t\t<div data-elementor-type=\"wp-page\" data-elementor-id=\"32423\" class=\"elementor elementor-32423 elementor-25711\" data-elementor-post-type=\"page\">\n\t\t\t\t\t\t<section class=\"elementor-section elementor-top-section elementor-element elementor-element-e585a1e elementor-section-boxed elementor-section-height-default elementor-section-height-default\" data-id=\"e585a1e\" data-element_type=\"section\" data-e-type=\"section\">\n\t\t\t\t\t\t<div class=\"elementor-container elementor-column-gap-default\">\n\t\t\t\t\t<div class=\"elementor-column elementor-col-100 elementor-top-column elementor-element elementor-element-655e19e\" data-id=\"655e19e\" data-element_type=\"column\" data-e-type=\"column\">\n\t\t\t<div class=\"elementor-widget-wrap elementor-element-populated\">\n\t\t\t\t\t\t<div class=\"elementor-element elementor-element-3c0f89b elementor-widget elementor-widget-text-editor\" data-id=\"3c0f89b\" data-element_type=\"widget\" data-e-type=\"widget\" data-widget_type=\"text-editor.default\">\n\t\t\t\t<div class=\"elementor-widget-container\">\n\t\t\t\t\t\t\t\t\t<h4>\u0130nd\u00fcksiyon ve Oryantasyon<\/h4><p>ICE&#8217;de amac\u0131m\u0131z, t\u00fcm \u00f6\u011frencilerin okul toplumuna ba\u015far\u0131l\u0131 bir \u015fekilde entegre olmalar\u0131, beklentileri anlamalar\u0131 ve dil \u00f6\u011frenme yolculuklar\u0131na ba\u015flarken kendilerini g\u00fcvende hissetmeleri i\u00e7in ihtiya\u00e7 duyduklar\u0131 bilgi, kaynak ve deste\u011fi almalar\u0131n\u0131 sa\u011flamakt\u0131r.<\/p><ul><li>Program detaylar\u0131, konaklama ve gerekirse transfer detaylar\u0131 da dahil olmak \u00fczere ICE&#8217;deki kal\u0131\u015flar\u0131 hakk\u0131nda haz\u0131rl\u0131kl\u0131 ve bilgili olmalar\u0131 i\u00e7in ihtiya\u00e7 duyduklar\u0131 t\u00fcm bilgilerle \u00f6\u011frencileri var\u0131\u015f \u00f6ncesinde destekliyoruz.<\/li><li>Var\u0131\u015f \u00f6ncesi \u00f6\u011frenciler uygun var\u0131\u015f \u00f6ncesi testine gireceklerdir.<\/li><li>Yeti\u015fkin \u00f6\u011frenciler var\u0131\u015f \u00f6ncesi bir toplant\u0131ya davet edilecektir. Bu toplant\u0131da \u00f6\u011frenme hedefleri ve beklentileri, s\u00f6zl\u00fc de\u011ferlendirme, yerle\u015ftirme de\u011ferlendirme sonu\u00e7lar\u0131n\u0131n g\u00f6zden ge\u00e7irilmesi, kurs yap\u0131s\u0131na genel bak\u0131\u015f ve destek konular\u0131 ele al\u0131nacakt\u0131r. <\/li><li>Her \u00d6\u011frenciye \u00d6\u011frenci El Kitab\u0131m\u0131z\u0131n bir kopyas\u0131 ve Kalite G\u00fcvence K\u0131lavuzumuz ile Evde Konaklama T\u00fcz\u00fc\u011f\u00fcm\u00fcze (ilgili oldu\u011fu durumlarda) bir ba\u011flant\u0131 verilecektir. Bu belgeler \u00f6\u011frencilere ve\/veya velilere\/vasilere okulumuz, programlar\u0131m\u0131z ve desteklerimiz hakk\u0131nda net bir anlay\u0131\u015f kazand\u0131rmaktad\u0131r. <\/li><li>Var\u0131\u015fta, her \u00f6\u011frenci, \u00f6zel el kitab\u0131n\u0131zda veya var\u0131\u015f \u00f6ncesi bilgilerinizde belirtildi\u011fi gibi kurslar\u0131na \u00f6zg\u00fc oryantasyona sahip olacakt\u0131r.<\/li><li>\u0130nd\u00fcksiyon devam eden bir s\u00fcre\u00e7tir ve \u00f6\u011frencilerin kurslar\u0131 boyunca akademik veya akademik olmayan her t\u00fcrl\u00fc soru veya di\u011fer endi\u015feleri i\u00e7in her zaman yard\u0131ma haz\u0131r\u0131z.<\/li><li>Akademik Y\u00f6neticilerimiz, Akademik Personelimiz, Resepsiyon Ekibimiz, Konaklama G\u00f6revlilerimiz, Sosyal Yard\u0131m G\u00f6revlilerimiz ve di\u011fer personelimiz size destek olmak ve yard\u0131mc\u0131 olmak i\u00e7in buradalar.<\/li><li>Daha fazla bilgiye ihtiya\u00e7 duyman\u0131z halinde l\u00fctfen QA Manual &#8211; Student Induction Policy&#8217;ye bak\u0131n\u0131z veya <a href=\"mailto:info@iceireland.com\">info@iceireland.com<\/a> adresinden bizimle ileti\u015fime ge\u00e7iniz.  <\/li><\/ul>\t\t\t\t\t\t\t\t<\/div>\n\t\t\t\t<\/div>\n\t\t\t\t\t<\/div>\n\t\t<\/div>\n\t\t\t\t\t<\/div>\n\t\t<\/section>\n\t\t\t\t<section class=\"elementor-section elementor-top-section elementor-element elementor-element-609f049 elementor-section-boxed elementor-section-height-default elementor-section-height-default\" data-id=\"609f049\" data-element_type=\"section\" data-e-type=\"section\">\n\t\t\t\t\t\t<div class=\"elementor-container elementor-column-gap-default\">\n\t\t\t\t\t<div class=\"elementor-column elementor-col-100 elementor-top-column elementor-element elementor-element-04dd031\" data-id=\"04dd031\" data-element_type=\"column\" data-e-type=\"column\">\n\t\t\t<div class=\"elementor-widget-wrap elementor-element-populated\">\n\t\t\t\t\t\t<div class=\"elementor-element elementor-element-bf3c1c1 elementor-widget elementor-widget-spacer\" data-id=\"bf3c1c1\" data-element_type=\"widget\" data-e-type=\"widget\" data-widget_type=\"spacer.default\">\n\t\t\t\t<div class=\"elementor-widget-container\">\n\t\t\t\t\t\t\t<div class=\"elementor-spacer\">\n\t\t\t<div class=\"elementor-spacer-inner\"><\/div>\n\t\t<\/div>\n\t\t\t\t\t\t<\/div>\n\t\t\t\t<\/div>\n\t\t\t\t\t<\/div>\n\t\t<\/div>\n\t\t\t\t\t<\/div>\n\t\t<\/section>\n\t\t\t\t<\/div>\n\t\t","protected":false},"excerpt":{"rendered":"<p>\u0130nd\u00fcksiyon ve Oryantasyon ICE&#8217;de amac\u0131m\u0131z, t\u00fcm \u00f6\u011frencilerin okul toplumuna ba\u015far\u0131l\u0131 bir \u015fekilde entegre olmalar\u0131, beklentileri anlamalar\u0131 ve dil \u00f6\u011frenme yolculuklar\u0131na ba\u015flarken kendilerini g\u00fcvende hissetmeleri i\u00e7in ihtiya\u00e7 duyduklar\u0131 bilgi, kaynak ve deste\u011fi almalar\u0131n\u0131 sa\u011flamakt\u0131r. Program detaylar\u0131, konaklama ve gerekirse transfer detaylar\u0131 da dahil olmak \u00fczere ICE&#8217;deki kal\u0131\u015flar\u0131 hakk\u0131nda haz\u0131rl\u0131kl\u0131 ve bilgili olmalar\u0131 i\u00e7in ihtiya\u00e7 duyduklar\u0131 t\u00fcm [&hellip;]<\/p>\n","protected":false},"author":3,"featured_media":0,"parent":32472,"menu_order":0,"comment_status":"closed","ping_status":"closed","template":"","meta":{"content-type":"","footnotes":""},"class_list":["post-32423","page","type-page","status-publish","hentry"],"yoast_head":"<!-- This site is optimized with the Yoast SEO plugin v27.3 - https:\/\/yoast.com\/product\/yoast-seo-wordpress\/ -->\n<title>\u0130nd\u00fcksiyon ve Oryantasyon - Irish College of English<\/title>\n<meta name=\"robots\" content=\"noindex, follow\" \/>\n<meta property=\"og:locale\" content=\"tr_TR\" \/>\n<meta property=\"og:type\" content=\"article\" \/>\n<meta property=\"og:title\" content=\"\u0130nd\u00fcksiyon ve Oryantasyon - Irish College of English\" \/>\n<meta property=\"og:description\" content=\"\u0130nd\u00fcksiyon ve Oryantasyon ICE&#8217;de amac\u0131m\u0131z, t\u00fcm \u00f6\u011frencilerin okul toplumuna ba\u015far\u0131l\u0131 bir \u015fekilde entegre olmalar\u0131, beklentileri anlamalar\u0131 ve dil \u00f6\u011frenme yolculuklar\u0131na ba\u015flarken kendilerini g\u00fcvende hissetmeleri i\u00e7in ihtiya\u00e7 duyduklar\u0131 bilgi, kaynak ve deste\u011fi almalar\u0131n\u0131 sa\u011flamakt\u0131r. Program detaylar\u0131, konaklama ve gerekirse transfer detaylar\u0131 da dahil olmak \u00fczere ICE&#8217;deki kal\u0131\u015flar\u0131 hakk\u0131nda haz\u0131rl\u0131kl\u0131 ve bilgili olmalar\u0131 i\u00e7in ihtiya\u00e7 duyduklar\u0131 t\u00fcm [&hellip;]\" \/>\n<meta property=\"og:url\" content=\"https:\/\/www.iceireland.com\/tr\/useful-information-and-supports\/induction-orientation\/\" \/>\n<meta property=\"og:site_name\" content=\"Irish College of English\" \/>\n<meta property=\"article:modified_time\" content=\"2026-01-30T16:50:23+00:00\" \/>\n<meta name=\"twitter:label1\" content=\"Tahmini okuma s\u00fcresi\" \/>\n\t<meta name=\"twitter:data1\" content=\"1 dakika\" \/>\n<script type=\"application\/ld+json\" class=\"yoast-schema-graph\">{\"@context\":\"https:\\\/\\\/schema.org\",\"@graph\":[{\"@type\":\"WebPage\",\"@id\":\"https:\\\/\\\/www.iceireland.com\\\/tr\\\/useful-information-and-supports\\\/induction-orientation\\\/\",\"url\":\"https:\\\/\\\/www.iceireland.com\\\/tr\\\/useful-information-and-supports\\\/induction-orientation\\\/\",\"name\":\"\u0130nd\u00fcksiyon ve Oryantasyon - Irish College of English\",\"isPartOf\":{\"@id\":\"https:\\\/\\\/www.iceireland.com\\\/tr\\\/#website\"},\"datePublished\":\"2023-11-29T15:33:01+00:00\",\"dateModified\":\"2026-01-30T16:50:23+00:00\",\"breadcrumb\":{\"@id\":\"https:\\\/\\\/www.iceireland.com\\\/tr\\\/useful-information-and-supports\\\/induction-orientation\\\/#breadcrumb\"},\"inLanguage\":\"tr\",\"potentialAction\":[{\"@type\":\"ReadAction\",\"target\":[\"https:\\\/\\\/www.iceireland.com\\\/tr\\\/useful-information-and-supports\\\/induction-orientation\\\/\"]}]},{\"@type\":\"BreadcrumbList\",\"@id\":\"https:\\\/\\\/www.iceireland.com\\\/tr\\\/useful-information-and-supports\\\/induction-orientation\\\/#breadcrumb\",\"itemListElement\":[{\"@type\":\"ListItem\",\"position\":1,\"name\":\"Home\",\"item\":\"https:\\\/\\\/www.iceireland.com\\\/tr\\\/\"},{\"@type\":\"ListItem\",\"position\":2,\"name\":\"Yararl\u0131 Bilgiler ve Destekler\",\"item\":\"https:\\\/\\\/www.iceireland.com\\\/tr\\\/useful-information-and-supports\\\/\"},{\"@type\":\"ListItem\",\"position\":3,\"name\":\"\u0130nd\u00fcksiyon ve Oryantasyon\"}]},{\"@type\":\"WebSite\",\"@id\":\"https:\\\/\\\/www.iceireland.com\\\/tr\\\/#website\",\"url\":\"https:\\\/\\\/www.iceireland.com\\\/tr\\\/\",\"name\":\"Irish College of English\",\"description\":\"English School in Dublin, Malahide\",\"publisher\":{\"@id\":\"https:\\\/\\\/www.iceireland.com\\\/tr\\\/#organization\"},\"potentialAction\":[{\"@type\":\"SearchAction\",\"target\":{\"@type\":\"EntryPoint\",\"urlTemplate\":\"https:\\\/\\\/www.iceireland.com\\\/tr\\\/?s={search_term_string}\"},\"query-input\":{\"@type\":\"PropertyValueSpecification\",\"valueRequired\":true,\"valueName\":\"search_term_string\"}}],\"inLanguage\":\"tr\"},{\"@type\":\"Organization\",\"@id\":\"https:\\\/\\\/www.iceireland.com\\\/tr\\\/#organization\",\"name\":\"Irish College of English\",\"url\":\"https:\\\/\\\/www.iceireland.com\\\/tr\\\/\",\"logo\":{\"@type\":\"ImageObject\",\"inLanguage\":\"tr\",\"@id\":\"https:\\\/\\\/www.iceireland.com\\\/tr\\\/#\\\/schema\\\/logo\\\/image\\\/\",\"url\":\"https:\\\/\\\/www.iceireland.com\\\/wp-content\\\/uploads\\\/2022\\\/03\\\/logo.png\",\"contentUrl\":\"https:\\\/\\\/www.iceireland.com\\\/wp-content\\\/uploads\\\/2022\\\/03\\\/logo.png\",\"width\":593,\"height\":92,\"caption\":\"Irish College of English\"},\"image\":{\"@id\":\"https:\\\/\\\/www.iceireland.com\\\/tr\\\/#\\\/schema\\\/logo\\\/image\\\/\"}}]}<\/script>\n<!-- \/ Yoast SEO plugin. -->","yoast_head_json":{"title":"\u0130nd\u00fcksiyon ve Oryantasyon - Irish College of English","robots":{"index":"noindex","follow":"follow"},"og_locale":"tr_TR","og_type":"article","og_title":"\u0130nd\u00fcksiyon ve Oryantasyon - Irish College of English","og_description":"\u0130nd\u00fcksiyon ve Oryantasyon ICE&#8217;de amac\u0131m\u0131z, t\u00fcm \u00f6\u011frencilerin okul toplumuna ba\u015far\u0131l\u0131 bir \u015fekilde entegre olmalar\u0131, beklentileri anlamalar\u0131 ve dil \u00f6\u011frenme yolculuklar\u0131na ba\u015flarken kendilerini g\u00fcvende hissetmeleri i\u00e7in ihtiya\u00e7 duyduklar\u0131 bilgi, kaynak ve deste\u011fi almalar\u0131n\u0131 sa\u011flamakt\u0131r. Program detaylar\u0131, konaklama ve gerekirse transfer detaylar\u0131 da dahil olmak \u00fczere ICE&#8217;deki kal\u0131\u015flar\u0131 hakk\u0131nda haz\u0131rl\u0131kl\u0131 ve bilgili olmalar\u0131 i\u00e7in ihtiya\u00e7 duyduklar\u0131 t\u00fcm [&hellip;]","og_url":"https:\/\/www.iceireland.com\/tr\/useful-information-and-supports\/induction-orientation\/","og_site_name":"Irish College of English","article_modified_time":"2026-01-30T16:50:23+00:00","twitter_misc":{"Tahmini okuma s\u00fcresi":"1 dakika"},"schema":{"@context":"https:\/\/schema.org","@graph":[{"@type":"WebPage","@id":"https:\/\/www.iceireland.com\/tr\/useful-information-and-supports\/induction-orientation\/","url":"https:\/\/www.iceireland.com\/tr\/useful-information-and-supports\/induction-orientation\/","name":"\u0130nd\u00fcksiyon ve Oryantasyon - Irish College of English","isPartOf":{"@id":"https:\/\/www.iceireland.com\/tr\/#website"},"datePublished":"2023-11-29T15:33:01+00:00","dateModified":"2026-01-30T16:50:23+00:00","breadcrumb":{"@id":"https:\/\/www.iceireland.com\/tr\/useful-information-and-supports\/induction-orientation\/#breadcrumb"},"inLanguage":"tr","potentialAction":[{"@type":"ReadAction","target":["https:\/\/www.iceireland.com\/tr\/useful-information-and-supports\/induction-orientation\/"]}]},{"@type":"BreadcrumbList","@id":"https:\/\/www.iceireland.com\/tr\/useful-information-and-supports\/induction-orientation\/#breadcrumb","itemListElement":[{"@type":"ListItem","position":1,"name":"Home","item":"https:\/\/www.iceireland.com\/tr\/"},{"@type":"ListItem","position":2,"name":"Yararl\u0131 Bilgiler ve Destekler","item":"https:\/\/www.iceireland.com\/tr\/useful-information-and-supports\/"},{"@type":"ListItem","position":3,"name":"\u0130nd\u00fcksiyon ve Oryantasyon"}]},{"@type":"WebSite","@id":"https:\/\/www.iceireland.com\/tr\/#website","url":"https:\/\/www.iceireland.com\/tr\/","name":"Irish College of English","description":"English School in Dublin, Malahide","publisher":{"@id":"https:\/\/www.iceireland.com\/tr\/#organization"},"potentialAction":[{"@type":"SearchAction","target":{"@type":"EntryPoint","urlTemplate":"https:\/\/www.iceireland.com\/tr\/?s={search_term_string}"},"query-input":{"@type":"PropertyValueSpecification","valueRequired":true,"valueName":"search_term_string"}}],"inLanguage":"tr"},{"@type":"Organization","@id":"https:\/\/www.iceireland.com\/tr\/#organization","name":"Irish College of English","url":"https:\/\/www.iceireland.com\/tr\/","logo":{"@type":"ImageObject","inLanguage":"tr","@id":"https:\/\/www.iceireland.com\/tr\/#\/schema\/logo\/image\/","url":"https:\/\/www.iceireland.com\/wp-content\/uploads\/2022\/03\/logo.png","contentUrl":"https:\/\/www.iceireland.com\/wp-content\/uploads\/2022\/03\/logo.png","width":593,"height":92,"caption":"Irish College of English"},"image":{"@id":"https:\/\/www.iceireland.com\/tr\/#\/schema\/logo\/image\/"}}]}},"_links":{"self":[{"href":"https:\/\/www.iceireland.com\/tr\/wp-json\/wp\/v2\/pages\/32423","targetHints":{"allow":["GET"]}}],"collection":[{"href":"https:\/\/www.iceireland.com\/tr\/wp-json\/wp\/v2\/pages"}],"about":[{"href":"https:\/\/www.iceireland.com\/tr\/wp-json\/wp\/v2\/types\/page"}],"author":[{"embeddable":true,"href":"https:\/\/www.iceireland.com\/tr\/wp-json\/wp\/v2\/users\/3"}],"replies":[{"embeddable":true,"href":"https:\/\/www.iceireland.com\/tr\/wp-json\/wp\/v2\/comments?post=32423"}],"version-history":[{"count":1,"href":"https:\/\/www.iceireland.com\/tr\/wp-json\/wp\/v2\/pages\/32423\/revisions"}],"predecessor-version":[{"id":32425,"href":"https:\/\/www.iceireland.com\/tr\/wp-json\/wp\/v2\/pages\/32423\/revisions\/32425"}],"up":[{"embeddable":true,"href":"https:\/\/www.iceireland.com\/tr\/wp-json\/wp\/v2\/pages\/32472"}],"wp:attachment":[{"href":"https:\/\/www.iceireland.com\/tr\/wp-json\/wp\/v2\/media?parent=32423"}],"curies":[{"name":"wp","href":"https:\/\/api.w.org\/{rel}","templated":true}]}}