{"id":32434,"date":"2023-11-29T15:32:14","date_gmt":"2023-11-29T15:32:14","guid":{"rendered":"https:\/\/www.iceireland.com\/assessment\/"},"modified":"2026-01-30T16:50:23","modified_gmt":"2026-01-30T16:50:23","slug":"assessment","status":"publish","type":"page","link":"https:\/\/www.iceireland.com\/tr\/useful-information-and-supports\/assessment\/","title":{"rendered":"De\u011ferlendirme"},"content":{"rendered":"\t\t<div data-elementor-type=\"wp-page\" data-elementor-id=\"32434\" class=\"elementor elementor-32434 elementor-25709\" data-elementor-post-type=\"page\">\n\t\t\t\t\t\t<section class=\"elementor-section elementor-top-section elementor-element elementor-element-0b49e11 elementor-section-boxed elementor-section-height-default elementor-section-height-default\" data-id=\"0b49e11\" data-element_type=\"section\" data-e-type=\"section\">\n\t\t\t\t\t\t<div class=\"elementor-container elementor-column-gap-default\">\n\t\t\t\t\t<div class=\"elementor-column elementor-col-100 elementor-top-column elementor-element elementor-element-9d18d67\" data-id=\"9d18d67\" data-element_type=\"column\" data-e-type=\"column\">\n\t\t\t<div class=\"elementor-widget-wrap elementor-element-populated\">\n\t\t\t\t\t\t<div class=\"elementor-element elementor-element-03ed506 elementor-widget elementor-widget-text-editor\" data-id=\"03ed506\" data-element_type=\"widget\" data-e-type=\"widget\" data-widget_type=\"text-editor.default\">\n\t\t\t\t<div class=\"elementor-widget-container\">\n\t\t\t\t\t\t\t\t\t<p class=\"MsoNormal\"><b><span lang=\"EN-GB\">De\u011ferlendirme Geli\u015ftirme<o:p><\/o:p><\/span><\/b><\/p><p class=\"MsoNormal\" style=\"text-align:justify\"><span lang=\"EN-GB\">De\u011ferlendirmeler\n\u00f6\u011frenme yolculu\u011funuzun \u00f6nemli bir par\u00e7as\u0131 olup\nilerlemenizi desteklemek ve \u0130ngilizceyi kullanma konusunda kendinize g\u00fcveninizi art\u0131rmak i\u00e7in tasarlanm\u0131\u015ft\u0131r. T\u00fcm temel CEFR becerilerine odaklan\u0131yoruz &#8211;\ndinleme, okuma, yazma ve konu\u015fma &#8211;\ndil \u00f6\u011frenimine dengeli bir yakla\u015f\u0131m sa\u011fl\u0131yoruz. Bu, \u00f6\u011frencilerin \u00e7ok y\u00f6nl\u00fc yeterlilik geli\u015ftirmelerini sa\u011flarken\niyile\u015ftirme alanlar\u0131n\u0131 belirler.  <o:p><\/o:p><\/span><\/p><p class=\"MsoNormal\" style=\"text-align:justify\"><span lang=\"EN-GB\">De\u011ferlendirme\ny\u00f6ntemimiz d\u00fc\u015f\u00fck risklidir, yani odak noktas\u0131 bask\u0131dan ziyade\n\u00f6\u011frenmeniz ve geli\u015fmenizdir. Kat\u0131l\u0131m\u0131 ve geri bildirimi vurgulayarak\n\u00f6\u011frenmenizi sahiplenmeniz i\u00e7in kendinizi g\u00fc\u00e7l\u00fc hissetti\u011finiz\nmotive edici bir ortam yarat\u0131yoruz. <o:p><\/o:p><\/span><\/p><p class=\"MsoNormal\" style=\"text-align:justify\"><span lang=\"EN-GB\">\u00d6\u011frenciler,\nCEFR ile uyumlu\n\u00e7evrimi\u00e7i de\u011ferlendirmesi arac\u0131l\u0131\u011f\u0131yla yeterlilik d\u00fczeylerini belirlemek i\u00e7in var\u0131\u015f \u00f6ncesi de\u011ferlendirmeye tabi tutulurlar.<o:p><\/o:p><\/span><\/p><p class=\"MsoNormal\" style=\"text-align:justify\"><span lang=\"EN-GB\">\u00d6\u011frencilerimiz\ndaha sonra\ndil becerilerinde \u00f6\u011frenci performans\u0131n\u0131 de\u011ferlendirmede\nge\u00e7erlilik, g\u00fcvenilirlik ve adaleti sa\u011flayan bi\u00e7imlendirici ve \u00f6zetleyici de\u011ferlendirme sistemlerimiz arac\u0131l\u0131\u011f\u0131yla de\u011ferlendirilmektedir.<o:p><\/o:p><\/span><\/p><p class=\"MsoNormal\" style=\"line-height:107%\"><b><span lang=\"EN-GB\">Bi\u00e7imlendirici\nDe\u011ferlendirme<o:p><\/o:p><\/span><\/b><\/p><p class=\"MsoNormal\" style=\"text-align:justify;line-height:107%\"><span lang=\"EN-GB\">Bi\u00e7imlendirici de\u011ferlendirme\n\u00f6\u011frencilerin ilerlemelerini \u00f6l\u00e7meye ve kald\u0131klar\u0131 s\u00fcre boyunca yap\u0131c\u0131 geri bildirim sa\u011flamaya yard\u0131mc\u0131 olan devam eden bir s\u00fcre\u00e7tir. Bu\ns\u0131n\u0131f g\u00f6zlemlerini, interaktif etkinlikleri, s\u0131navlar\u0131 ve haftal\u0131k\nprojeleri i\u00e7erir. Bi\u00e7imlendirici de\u011ferlendirmenin di\u011fer \u00f6rnekleri \u00f6\u011frencilerin\netkinliklere kat\u0131l\u0131m\u0131 ve \u00f6\u011frencilerin dil engellerini a\u015fma becerileri olabilir. Bunlar\nkaydedilir ve\n\u00f6\u011frenci \u00e7\u0131k\u0131\u015f raporumuzdaki de\u011ferlendirmeye ili\u015fkin yorumlar\u0131n temeli olarak kullan\u0131l\u0131r.   <o:p><\/o:p><\/span><\/p><p class=\"MsoNormal\"><b><span lang=\"EN-GB\">\u00d6zetleyici De\u011ferlendirme<o:p><\/o:p><\/span><\/b><\/p><p>\n\n\n\n\n\n\n\n\n\n\n\n\n\n\n\n<\/p><p class=\"MsoNormal\" style=\"text-align:justify;line-height:107%\"><span lang=\"EN-GB\">Her haftan\u0131n sonunda\n\u00f6\u011frencilerin\n\u00e7al\u0131\u015ft\u0131klar\u0131 temel ders kitab\u0131 \u00fcnitesine dayal\u0131 olarak \u00f6\u011frendiklerini \u00f6l\u00e7mek i\u00e7in \u00f6zetleyici de\u011ferlendirmeler yap\u0131l\u0131r. Bu testler tutarl\u0131l\u0131k ve adaleti sa\u011flamak i\u00e7in standartla\u015ft\u0131r\u0131lm\u0131\u015ft\u0131r ve\netkili bir \u015fekilde haz\u0131rlanmalar\u0131na yard\u0131mc\u0131 olmak i\u00e7in \u00f6\u011frencilerin m\u00fcfredat\u0131nda listelenmi\u015ftir. <o:p><\/o:p><\/span><\/p>\t\t\t\t\t\t\t\t<\/div>\n\t\t\t\t<\/div>\n\t\t\t\t\t<\/div>\n\t\t<\/div>\n\t\t\t\t\t<\/div>\n\t\t<\/section>\n\t\t\t\t<\/div>\n\t\t","protected":false},"excerpt":{"rendered":"<p>De\u011ferlendirme Geli\u015ftirme De\u011ferlendirmeler \u00f6\u011frenme yolculu\u011funuzun \u00f6nemli bir par\u00e7as\u0131 olup ilerlemenizi desteklemek ve \u0130ngilizceyi kullanma konusunda kendinize g\u00fcveninizi art\u0131rmak i\u00e7in tasarlanm\u0131\u015ft\u0131r. T\u00fcm temel CEFR becerilerine odaklan\u0131yoruz &#8211; dinleme, okuma, yazma ve konu\u015fma &#8211; dil \u00f6\u011frenimine dengeli bir yakla\u015f\u0131m sa\u011fl\u0131yoruz. Bu, \u00f6\u011frencilerin \u00e7ok y\u00f6nl\u00fc yeterlilik geli\u015ftirmelerini sa\u011flarken iyile\u015ftirme alanlar\u0131n\u0131 belirler. De\u011ferlendirme y\u00f6ntemimiz d\u00fc\u015f\u00fck risklidir, yani odak noktas\u0131 [&hellip;]<\/p>\n","protected":false},"author":3,"featured_media":0,"parent":32472,"menu_order":0,"comment_status":"closed","ping_status":"closed","template":"","meta":{"content-type":"","footnotes":""},"class_list":["post-32434","page","type-page","status-publish","hentry"],"yoast_head":"<!-- This site is optimized with the Yoast SEO plugin v27.3 - https:\/\/yoast.com\/product\/yoast-seo-wordpress\/ -->\n<title>De\u011ferlendirme - Irish College of English<\/title>\n<meta name=\"robots\" content=\"noindex, follow\" \/>\n<meta property=\"og:locale\" content=\"tr_TR\" \/>\n<meta property=\"og:type\" content=\"article\" \/>\n<meta property=\"og:title\" content=\"De\u011ferlendirme - Irish College of English\" \/>\n<meta property=\"og:description\" content=\"De\u011ferlendirme Geli\u015ftirme De\u011ferlendirmeler \u00f6\u011frenme yolculu\u011funuzun \u00f6nemli bir par\u00e7as\u0131 olup ilerlemenizi desteklemek ve \u0130ngilizceyi kullanma konusunda kendinize g\u00fcveninizi art\u0131rmak i\u00e7in tasarlanm\u0131\u015ft\u0131r. T\u00fcm temel CEFR becerilerine odaklan\u0131yoruz &#8211; dinleme, okuma, yazma ve konu\u015fma &#8211; dil \u00f6\u011frenimine dengeli bir yakla\u015f\u0131m sa\u011fl\u0131yoruz. Bu, \u00f6\u011frencilerin \u00e7ok y\u00f6nl\u00fc yeterlilik geli\u015ftirmelerini sa\u011flarken iyile\u015ftirme alanlar\u0131n\u0131 belirler. De\u011ferlendirme y\u00f6ntemimiz d\u00fc\u015f\u00fck risklidir, yani odak noktas\u0131 [&hellip;]\" \/>\n<meta property=\"og:url\" content=\"https:\/\/www.iceireland.com\/tr\/useful-information-and-supports\/assessment\/\" \/>\n<meta property=\"og:site_name\" content=\"Irish College of English\" \/>\n<meta property=\"article:modified_time\" content=\"2026-01-30T16:50:23+00:00\" \/>\n<meta name=\"twitter:label1\" content=\"Tahmini okuma s\u00fcresi\" \/>\n\t<meta name=\"twitter:data1\" content=\"2 dakika\" \/>\n<script type=\"application\/ld+json\" class=\"yoast-schema-graph\">{\"@context\":\"https:\\\/\\\/schema.org\",\"@graph\":[{\"@type\":\"WebPage\",\"@id\":\"https:\\\/\\\/www.iceireland.com\\\/tr\\\/useful-information-and-supports\\\/assessment\\\/\",\"url\":\"https:\\\/\\\/www.iceireland.com\\\/tr\\\/useful-information-and-supports\\\/assessment\\\/\",\"name\":\"De\u011ferlendirme - Irish College of English\",\"isPartOf\":{\"@id\":\"https:\\\/\\\/www.iceireland.com\\\/tr\\\/#website\"},\"datePublished\":\"2023-11-29T15:32:14+00:00\",\"dateModified\":\"2026-01-30T16:50:23+00:00\",\"breadcrumb\":{\"@id\":\"https:\\\/\\\/www.iceireland.com\\\/tr\\\/useful-information-and-supports\\\/assessment\\\/#breadcrumb\"},\"inLanguage\":\"tr\",\"potentialAction\":[{\"@type\":\"ReadAction\",\"target\":[\"https:\\\/\\\/www.iceireland.com\\\/tr\\\/useful-information-and-supports\\\/assessment\\\/\"]}]},{\"@type\":\"BreadcrumbList\",\"@id\":\"https:\\\/\\\/www.iceireland.com\\\/tr\\\/useful-information-and-supports\\\/assessment\\\/#breadcrumb\",\"itemListElement\":[{\"@type\":\"ListItem\",\"position\":1,\"name\":\"Home\",\"item\":\"https:\\\/\\\/www.iceireland.com\\\/tr\\\/\"},{\"@type\":\"ListItem\",\"position\":2,\"name\":\"Yararl\u0131 Bilgiler ve Destekler\",\"item\":\"https:\\\/\\\/www.iceireland.com\\\/tr\\\/useful-information-and-supports\\\/\"},{\"@type\":\"ListItem\",\"position\":3,\"name\":\"De\u011ferlendirme\"}]},{\"@type\":\"WebSite\",\"@id\":\"https:\\\/\\\/www.iceireland.com\\\/tr\\\/#website\",\"url\":\"https:\\\/\\\/www.iceireland.com\\\/tr\\\/\",\"name\":\"Irish College of English\",\"description\":\"English School in Dublin, Malahide\",\"publisher\":{\"@id\":\"https:\\\/\\\/www.iceireland.com\\\/tr\\\/#organization\"},\"potentialAction\":[{\"@type\":\"SearchAction\",\"target\":{\"@type\":\"EntryPoint\",\"urlTemplate\":\"https:\\\/\\\/www.iceireland.com\\\/tr\\\/?s={search_term_string}\"},\"query-input\":{\"@type\":\"PropertyValueSpecification\",\"valueRequired\":true,\"valueName\":\"search_term_string\"}}],\"inLanguage\":\"tr\"},{\"@type\":\"Organization\",\"@id\":\"https:\\\/\\\/www.iceireland.com\\\/tr\\\/#organization\",\"name\":\"Irish College of English\",\"url\":\"https:\\\/\\\/www.iceireland.com\\\/tr\\\/\",\"logo\":{\"@type\":\"ImageObject\",\"inLanguage\":\"tr\",\"@id\":\"https:\\\/\\\/www.iceireland.com\\\/tr\\\/#\\\/schema\\\/logo\\\/image\\\/\",\"url\":\"https:\\\/\\\/www.iceireland.com\\\/wp-content\\\/uploads\\\/2022\\\/03\\\/logo.png\",\"contentUrl\":\"https:\\\/\\\/www.iceireland.com\\\/wp-content\\\/uploads\\\/2022\\\/03\\\/logo.png\",\"width\":593,\"height\":92,\"caption\":\"Irish College of English\"},\"image\":{\"@id\":\"https:\\\/\\\/www.iceireland.com\\\/tr\\\/#\\\/schema\\\/logo\\\/image\\\/\"}}]}<\/script>\n<!-- \/ Yoast SEO plugin. -->","yoast_head_json":{"title":"De\u011ferlendirme - Irish College of English","robots":{"index":"noindex","follow":"follow"},"og_locale":"tr_TR","og_type":"article","og_title":"De\u011ferlendirme - Irish College of English","og_description":"De\u011ferlendirme Geli\u015ftirme De\u011ferlendirmeler \u00f6\u011frenme yolculu\u011funuzun \u00f6nemli bir par\u00e7as\u0131 olup ilerlemenizi desteklemek ve \u0130ngilizceyi kullanma konusunda kendinize g\u00fcveninizi art\u0131rmak i\u00e7in tasarlanm\u0131\u015ft\u0131r. T\u00fcm temel CEFR becerilerine odaklan\u0131yoruz &#8211; dinleme, okuma, yazma ve konu\u015fma &#8211; dil \u00f6\u011frenimine dengeli bir yakla\u015f\u0131m sa\u011fl\u0131yoruz. Bu, \u00f6\u011frencilerin \u00e7ok y\u00f6nl\u00fc yeterlilik geli\u015ftirmelerini sa\u011flarken iyile\u015ftirme alanlar\u0131n\u0131 belirler. De\u011ferlendirme y\u00f6ntemimiz d\u00fc\u015f\u00fck risklidir, yani odak noktas\u0131 [&hellip;]","og_url":"https:\/\/www.iceireland.com\/tr\/useful-information-and-supports\/assessment\/","og_site_name":"Irish College of English","article_modified_time":"2026-01-30T16:50:23+00:00","twitter_misc":{"Tahmini okuma s\u00fcresi":"2 dakika"},"schema":{"@context":"https:\/\/schema.org","@graph":[{"@type":"WebPage","@id":"https:\/\/www.iceireland.com\/tr\/useful-information-and-supports\/assessment\/","url":"https:\/\/www.iceireland.com\/tr\/useful-information-and-supports\/assessment\/","name":"De\u011ferlendirme - Irish College of English","isPartOf":{"@id":"https:\/\/www.iceireland.com\/tr\/#website"},"datePublished":"2023-11-29T15:32:14+00:00","dateModified":"2026-01-30T16:50:23+00:00","breadcrumb":{"@id":"https:\/\/www.iceireland.com\/tr\/useful-information-and-supports\/assessment\/#breadcrumb"},"inLanguage":"tr","potentialAction":[{"@type":"ReadAction","target":["https:\/\/www.iceireland.com\/tr\/useful-information-and-supports\/assessment\/"]}]},{"@type":"BreadcrumbList","@id":"https:\/\/www.iceireland.com\/tr\/useful-information-and-supports\/assessment\/#breadcrumb","itemListElement":[{"@type":"ListItem","position":1,"name":"Home","item":"https:\/\/www.iceireland.com\/tr\/"},{"@type":"ListItem","position":2,"name":"Yararl\u0131 Bilgiler ve Destekler","item":"https:\/\/www.iceireland.com\/tr\/useful-information-and-supports\/"},{"@type":"ListItem","position":3,"name":"De\u011ferlendirme"}]},{"@type":"WebSite","@id":"https:\/\/www.iceireland.com\/tr\/#website","url":"https:\/\/www.iceireland.com\/tr\/","name":"Irish College of English","description":"English School in Dublin, Malahide","publisher":{"@id":"https:\/\/www.iceireland.com\/tr\/#organization"},"potentialAction":[{"@type":"SearchAction","target":{"@type":"EntryPoint","urlTemplate":"https:\/\/www.iceireland.com\/tr\/?s={search_term_string}"},"query-input":{"@type":"PropertyValueSpecification","valueRequired":true,"valueName":"search_term_string"}}],"inLanguage":"tr"},{"@type":"Organization","@id":"https:\/\/www.iceireland.com\/tr\/#organization","name":"Irish College of English","url":"https:\/\/www.iceireland.com\/tr\/","logo":{"@type":"ImageObject","inLanguage":"tr","@id":"https:\/\/www.iceireland.com\/tr\/#\/schema\/logo\/image\/","url":"https:\/\/www.iceireland.com\/wp-content\/uploads\/2022\/03\/logo.png","contentUrl":"https:\/\/www.iceireland.com\/wp-content\/uploads\/2022\/03\/logo.png","width":593,"height":92,"caption":"Irish College of English"},"image":{"@id":"https:\/\/www.iceireland.com\/tr\/#\/schema\/logo\/image\/"}}]}},"_links":{"self":[{"href":"https:\/\/www.iceireland.com\/tr\/wp-json\/wp\/v2\/pages\/32434","targetHints":{"allow":["GET"]}}],"collection":[{"href":"https:\/\/www.iceireland.com\/tr\/wp-json\/wp\/v2\/pages"}],"about":[{"href":"https:\/\/www.iceireland.com\/tr\/wp-json\/wp\/v2\/types\/page"}],"author":[{"embeddable":true,"href":"https:\/\/www.iceireland.com\/tr\/wp-json\/wp\/v2\/users\/3"}],"replies":[{"embeddable":true,"href":"https:\/\/www.iceireland.com\/tr\/wp-json\/wp\/v2\/comments?post=32434"}],"version-history":[{"count":1,"href":"https:\/\/www.iceireland.com\/tr\/wp-json\/wp\/v2\/pages\/32434\/revisions"}],"predecessor-version":[{"id":32436,"href":"https:\/\/www.iceireland.com\/tr\/wp-json\/wp\/v2\/pages\/32434\/revisions\/32436"}],"up":[{"embeddable":true,"href":"https:\/\/www.iceireland.com\/tr\/wp-json\/wp\/v2\/pages\/32472"}],"wp:attachment":[{"href":"https:\/\/www.iceireland.com\/tr\/wp-json\/wp\/v2\/media?parent=32434"}],"curies":[{"name":"wp","href":"https:\/\/api.w.org\/{rel}","templated":true}]}}