{"id":32490,"date":"2023-11-28T14:29:02","date_gmt":"2023-11-28T14:29:02","guid":{"rendered":"https:\/\/www.iceireland.com\/useful-information-and-supports\/learner-protection\/"},"modified":"2026-01-30T16:50:37","modified_gmt":"2026-01-30T16:50:37","slug":"learner-protection","status":"publish","type":"page","link":"https:\/\/www.iceireland.com\/tr\/useful-information-and-supports\/learner-protection\/","title":{"rendered":"\u00d6\u011frencinin Korunmas\u0131"},"content":{"rendered":"\t\t<div data-elementor-type=\"wp-page\" data-elementor-id=\"32490\" class=\"elementor elementor-32490 elementor-25634\" data-elementor-post-type=\"page\">\n\t\t\t\t\t\t<section class=\"elementor-section elementor-top-section elementor-element elementor-element-f28b19c elementor-section-boxed elementor-section-height-default elementor-section-height-default\" data-id=\"f28b19c\" data-element_type=\"section\" data-e-type=\"section\">\n\t\t\t\t\t\t<div class=\"elementor-container elementor-column-gap-default\">\n\t\t\t\t\t<div class=\"elementor-column elementor-col-100 elementor-top-column elementor-element elementor-element-f788b3d\" data-id=\"f788b3d\" data-element_type=\"column\" data-e-type=\"column\">\n\t\t\t<div class=\"elementor-widget-wrap elementor-element-populated\">\n\t\t\t\t\t\t<div class=\"elementor-element elementor-element-86ec0a2 elementor-widget elementor-widget-heading\" data-id=\"86ec0a2\" data-element_type=\"widget\" data-e-type=\"widget\" data-widget_type=\"heading.default\">\n\t\t\t\t<div class=\"elementor-widget-container\">\n\t\t\t\t\t<h2 class=\"elementor-heading-title elementor-size-default\">\u00d6\u011frencinin Korunmas\u0131<\/h2>\t\t\t\t<\/div>\n\t\t\t\t<\/div>\n\t\t\t\t\t<\/div>\n\t\t<\/div>\n\t\t\t\t\t<\/div>\n\t\t<\/section>\n\t\t\t\t<section class=\"elementor-section elementor-top-section elementor-element elementor-element-04766b2 elementor-section-boxed elementor-section-height-default elementor-section-height-default\" data-id=\"04766b2\" data-element_type=\"section\" data-e-type=\"section\">\n\t\t\t\t\t\t<div class=\"elementor-container elementor-column-gap-default\">\n\t\t\t\t\t<div class=\"elementor-column elementor-col-100 elementor-top-column elementor-element elementor-element-731c06c\" data-id=\"731c06c\" data-element_type=\"column\" data-e-type=\"column\">\n\t\t\t<div class=\"elementor-widget-wrap elementor-element-populated\">\n\t\t\t\t\t\t<div class=\"elementor-element elementor-element-a4037cf elementor-widget elementor-widget-text-editor\" data-id=\"a4037cf\" data-element_type=\"widget\" data-e-type=\"widget\" data-widget_type=\"text-editor.default\">\n\t\t\t\t<div class=\"elementor-widget-container\">\n\t\t\t\t\t\t\t\t\t<p>\u0130rlanda \u0130ngilizce Koleji&#8217;nde \u00f6\u011frencilerimizin refah\u0131na ve g\u00fcvenli\u011fine \u00f6ncelik veriyoruz.<\/p><p>G\u00fcvenli ve destekleyici bir \u00f6\u011frenim ortam\u0131 sa\u011flama taahh\u00fcd\u00fcm\u00fcz\u00fcn bir par\u00e7as\u0131 olarak, Arachas Kay\u0131tl\u0131 \u00d6\u011frenci Koruma Program\u0131 arac\u0131l\u0131\u011f\u0131yla t\u00fcm ILEP \u00f6\u011frencilerine \u00f6\u011frenci koruma sigortas\u0131 ve t\u00fcm \u00f6\u011frencilere MEI \u00f6\u011frenci korumas\u0131 sa\u011fl\u0131yoruz.<\/p><p><strong>Arachas Kay\u0131tl\u0131 \u00d6\u011frenici Koruma Program\u0131<\/strong><\/p><p>Aviva Insurance Ireland DAC taraf\u0131ndan sa\u011flanan bu sigorta kapsam\u0131, \u0130rlanda Merkez Bankas\u0131 taraf\u0131ndan d\u00fczenlenmekte ve \u00f6\u011frencilerimiz i\u00e7in en y\u00fcksek koruma standartlar\u0131n\u0131 sa\u011flamaktad\u0131r. Bu grup poli\u00e7esi kapsam\u0131nda \u00f6\u011frenciler, bir program\u0131n zaman\u0131ndan \u00f6nce sona ermesi durumunda g\u00fcvence alt\u0131na al\u0131nmaktad\u0131r. <\/p><p>\u0130ngilizce Dil Programlar\u0131 i\u00e7in Ge\u00e7erli D\u00fczenlemeler B\u00f6l\u00fcm 5A14&#8217;e uygun olarak, \u00f6\u011frenci koruma d\u00fczenlemelerimizin d\u00fczenleyici makamlar taraf\u0131ndan belirtilen gerekli standartlar\u0131 kar\u015f\u0131lamas\u0131n\u0131 sa\u011fl\u0131yoruz. Bu d\u00fczenlemeler, \u00f6\u011frencileri kay\u0131t ve \u00fccret \u00f6deme an\u0131ndan program\u0131n tamamlanmas\u0131na ve program sonu s\u0131navlar\u0131na kadar kapsamaktad\u0131r. <\/p><p><strong>\u00d6\u011frencinin Korunmas\u0131<\/strong><\/p><p>EEI \u00fcyeleri olarak, Study &amp; Protect arac\u0131l\u0131\u011f\u0131yla EEI \u00f6\u011frenci koruma program\u0131 kapsam\u0131nday\u0131z ve bir okulun kapanmas\u0131 durumunda \u00f6\u011frenciler e\u011fitimlerini ba\u015fka bir EEI okulunda hi\u00e7bir ek \u00fccret \u00f6demeden tamamlayabilecekler. Bu, EEI ofisi taraf\u0131ndan kolayla\u015ft\u0131r\u0131lacak ve ba\u015fka bir EEI dil okuluna yerle\u015ftirme h\u0131zl\u0131 ve stressiz bir \u015fekilde koordine edilecektir. <\/p><p>\u00d6\u011frenci koruma d\u00fczenlemelerimiz, sigorta sa\u011flay\u0131c\u0131s\u0131 taraf\u0131ndan sa\u011flanan poli\u00e7e ayr\u0131nt\u0131lar\u0131 ve talep prosed\u00fcrlerinin a\u00e7\u0131k ileti\u015fimi ile her bir \u00f6\u011frenci i\u00e7in kapsaml\u0131 teminat\u0131 garanti edecek \u015fekilde yap\u0131land\u0131r\u0131lm\u0131\u015ft\u0131r. Ayr\u0131ca, program\u0131n kesintiye u\u011framas\u0131 durumunda e\u011fitimin devaml\u0131l\u0131\u011f\u0131n\u0131 sa\u011flamak i\u00e7in akademik ba\u011f d\u00fczenlemelerine ba\u011fl\u0131 kal\u0131yoruz ve \u015feffafl\u0131k ve hesap verebilirli\u011fi s\u00fcrd\u00fcrmek i\u00e7in kat\u0131 y\u00f6nergeler uyguluyoruz.   <\/p><p>\u00d6\u011frencilerimizin \u00e7\u0131karlar\u0131n\u0131n korunmas\u0131nda \u015feffafl\u0131k ve hesap verebilirli\u011fin \u00f6nemini anl\u0131yor ve en y\u00fcksek \u00f6\u011frenci koruma standartlar\u0131n\u0131 s\u00fcrd\u00fcrmeye kararl\u0131y\u0131z. \u00d6\u011frenci koruma d\u00fczenlemelerimizde \u00f6nerilen her t\u00fcrl\u00fc de\u011fi\u015fiklik, ilgili makamlar\u0131n onay\u0131na tabidir ve \u00f6\u011frenci toplulu\u011fumuzun s\u00fcrekli g\u00fcvenli\u011fini ve refah\u0131n\u0131 sa\u011flar. <\/p><p>Irish College of English&#8217;te sadece kaliteli e\u011fitim de\u011fil, ayn\u0131 zamanda sa\u011flam \u00f6\u011frenci koruma \u00f6nlemleriyle \u00f6\u011frencilerimiz ve aileleri i\u00e7in g\u00f6n\u00fcl rahatl\u0131\u011f\u0131 sa\u011flamaya kararl\u0131y\u0131z.<\/p>\t\t\t\t\t\t\t\t<\/div>\n\t\t\t\t<\/div>\n\t\t\t\t\t<\/div>\n\t\t<\/div>\n\t\t\t\t\t<\/div>\n\t\t<\/section>\n\t\t\t\t<\/div>\n\t\t","protected":false},"excerpt":{"rendered":"<p>\u00d6\u011frencinin Korunmas\u0131 \u0130rlanda \u0130ngilizce Koleji&#8217;nde \u00f6\u011frencilerimizin refah\u0131na ve g\u00fcvenli\u011fine \u00f6ncelik veriyoruz. G\u00fcvenli ve destekleyici bir \u00f6\u011frenim ortam\u0131 sa\u011flama taahh\u00fcd\u00fcm\u00fcz\u00fcn bir par\u00e7as\u0131 olarak, Arachas Kay\u0131tl\u0131 \u00d6\u011frenci Koruma Program\u0131 arac\u0131l\u0131\u011f\u0131yla t\u00fcm ILEP \u00f6\u011frencilerine \u00f6\u011frenci koruma sigortas\u0131 ve t\u00fcm \u00f6\u011frencilere MEI \u00f6\u011frenci korumas\u0131 sa\u011fl\u0131yoruz. Arachas Kay\u0131tl\u0131 \u00d6\u011frenici Koruma Program\u0131 Aviva Insurance Ireland DAC taraf\u0131ndan sa\u011flanan bu sigorta kapsam\u0131, [&hellip;]<\/p>\n","protected":false},"author":3,"featured_media":0,"parent":32472,"menu_order":0,"comment_status":"closed","ping_status":"closed","template":"","meta":{"content-type":"","footnotes":""},"class_list":["post-32490","page","type-page","status-publish","hentry"],"yoast_head":"<!-- This site is optimized with the Yoast SEO plugin v27.3 - https:\/\/yoast.com\/product\/yoast-seo-wordpress\/ -->\n<title>\u00d6\u011frencinin Korunmas\u0131 - Irish College of English<\/title>\n<meta name=\"robots\" content=\"noindex, follow\" \/>\n<meta property=\"og:locale\" content=\"tr_TR\" \/>\n<meta property=\"og:type\" content=\"article\" \/>\n<meta property=\"og:title\" content=\"\u00d6\u011frencinin Korunmas\u0131 - Irish College of English\" \/>\n<meta property=\"og:description\" content=\"\u00d6\u011frencinin Korunmas\u0131 \u0130rlanda \u0130ngilizce Koleji&#8217;nde \u00f6\u011frencilerimizin refah\u0131na ve g\u00fcvenli\u011fine \u00f6ncelik veriyoruz. G\u00fcvenli ve destekleyici bir \u00f6\u011frenim ortam\u0131 sa\u011flama taahh\u00fcd\u00fcm\u00fcz\u00fcn bir par\u00e7as\u0131 olarak, Arachas Kay\u0131tl\u0131 \u00d6\u011frenci Koruma Program\u0131 arac\u0131l\u0131\u011f\u0131yla t\u00fcm ILEP \u00f6\u011frencilerine \u00f6\u011frenci koruma sigortas\u0131 ve t\u00fcm \u00f6\u011frencilere MEI \u00f6\u011frenci korumas\u0131 sa\u011fl\u0131yoruz. Arachas Kay\u0131tl\u0131 \u00d6\u011frenici Koruma Program\u0131 Aviva Insurance Ireland DAC taraf\u0131ndan sa\u011flanan bu sigorta kapsam\u0131, [&hellip;]\" \/>\n<meta property=\"og:url\" content=\"https:\/\/www.iceireland.com\/tr\/useful-information-and-supports\/learner-protection\/\" \/>\n<meta property=\"og:site_name\" content=\"Irish College of English\" \/>\n<meta property=\"article:modified_time\" content=\"2026-01-30T16:50:37+00:00\" \/>\n<meta name=\"twitter:label1\" content=\"Tahmini okuma s\u00fcresi\" \/>\n\t<meta name=\"twitter:data1\" content=\"2 dakika\" \/>\n<script type=\"application\/ld+json\" class=\"yoast-schema-graph\">{\"@context\":\"https:\\\/\\\/schema.org\",\"@graph\":[{\"@type\":\"WebPage\",\"@id\":\"https:\\\/\\\/www.iceireland.com\\\/tr\\\/useful-information-and-supports\\\/learner-protection\\\/\",\"url\":\"https:\\\/\\\/www.iceireland.com\\\/tr\\\/useful-information-and-supports\\\/learner-protection\\\/\",\"name\":\"\u00d6\u011frencinin Korunmas\u0131 - Irish College of English\",\"isPartOf\":{\"@id\":\"https:\\\/\\\/www.iceireland.com\\\/tr\\\/#website\"},\"datePublished\":\"2023-11-28T14:29:02+00:00\",\"dateModified\":\"2026-01-30T16:50:37+00:00\",\"breadcrumb\":{\"@id\":\"https:\\\/\\\/www.iceireland.com\\\/tr\\\/useful-information-and-supports\\\/learner-protection\\\/#breadcrumb\"},\"inLanguage\":\"tr\",\"potentialAction\":[{\"@type\":\"ReadAction\",\"target\":[\"https:\\\/\\\/www.iceireland.com\\\/tr\\\/useful-information-and-supports\\\/learner-protection\\\/\"]}]},{\"@type\":\"BreadcrumbList\",\"@id\":\"https:\\\/\\\/www.iceireland.com\\\/tr\\\/useful-information-and-supports\\\/learner-protection\\\/#breadcrumb\",\"itemListElement\":[{\"@type\":\"ListItem\",\"position\":1,\"name\":\"Home\",\"item\":\"https:\\\/\\\/www.iceireland.com\\\/tr\\\/\"},{\"@type\":\"ListItem\",\"position\":2,\"name\":\"Yararl\u0131 Bilgiler ve Destekler\",\"item\":\"https:\\\/\\\/www.iceireland.com\\\/tr\\\/useful-information-and-supports\\\/\"},{\"@type\":\"ListItem\",\"position\":3,\"name\":\"\u00d6\u011frencinin Korunmas\u0131\"}]},{\"@type\":\"WebSite\",\"@id\":\"https:\\\/\\\/www.iceireland.com\\\/tr\\\/#website\",\"url\":\"https:\\\/\\\/www.iceireland.com\\\/tr\\\/\",\"name\":\"Irish College of English\",\"description\":\"English School in Dublin, Malahide\",\"publisher\":{\"@id\":\"https:\\\/\\\/www.iceireland.com\\\/tr\\\/#organization\"},\"potentialAction\":[{\"@type\":\"SearchAction\",\"target\":{\"@type\":\"EntryPoint\",\"urlTemplate\":\"https:\\\/\\\/www.iceireland.com\\\/tr\\\/?s={search_term_string}\"},\"query-input\":{\"@type\":\"PropertyValueSpecification\",\"valueRequired\":true,\"valueName\":\"search_term_string\"}}],\"inLanguage\":\"tr\"},{\"@type\":\"Organization\",\"@id\":\"https:\\\/\\\/www.iceireland.com\\\/tr\\\/#organization\",\"name\":\"Irish College of English\",\"url\":\"https:\\\/\\\/www.iceireland.com\\\/tr\\\/\",\"logo\":{\"@type\":\"ImageObject\",\"inLanguage\":\"tr\",\"@id\":\"https:\\\/\\\/www.iceireland.com\\\/tr\\\/#\\\/schema\\\/logo\\\/image\\\/\",\"url\":\"https:\\\/\\\/www.iceireland.com\\\/wp-content\\\/uploads\\\/2022\\\/03\\\/logo.png\",\"contentUrl\":\"https:\\\/\\\/www.iceireland.com\\\/wp-content\\\/uploads\\\/2022\\\/03\\\/logo.png\",\"width\":593,\"height\":92,\"caption\":\"Irish College of English\"},\"image\":{\"@id\":\"https:\\\/\\\/www.iceireland.com\\\/tr\\\/#\\\/schema\\\/logo\\\/image\\\/\"}}]}<\/script>\n<!-- \/ Yoast SEO plugin. -->","yoast_head_json":{"title":"\u00d6\u011frencinin Korunmas\u0131 - Irish College of English","robots":{"index":"noindex","follow":"follow"},"og_locale":"tr_TR","og_type":"article","og_title":"\u00d6\u011frencinin Korunmas\u0131 - Irish College of English","og_description":"\u00d6\u011frencinin Korunmas\u0131 \u0130rlanda \u0130ngilizce Koleji&#8217;nde \u00f6\u011frencilerimizin refah\u0131na ve g\u00fcvenli\u011fine \u00f6ncelik veriyoruz. G\u00fcvenli ve destekleyici bir \u00f6\u011frenim ortam\u0131 sa\u011flama taahh\u00fcd\u00fcm\u00fcz\u00fcn bir par\u00e7as\u0131 olarak, Arachas Kay\u0131tl\u0131 \u00d6\u011frenci Koruma Program\u0131 arac\u0131l\u0131\u011f\u0131yla t\u00fcm ILEP \u00f6\u011frencilerine \u00f6\u011frenci koruma sigortas\u0131 ve t\u00fcm \u00f6\u011frencilere MEI \u00f6\u011frenci korumas\u0131 sa\u011fl\u0131yoruz. Arachas Kay\u0131tl\u0131 \u00d6\u011frenici Koruma Program\u0131 Aviva Insurance Ireland DAC taraf\u0131ndan sa\u011flanan bu sigorta kapsam\u0131, [&hellip;]","og_url":"https:\/\/www.iceireland.com\/tr\/useful-information-and-supports\/learner-protection\/","og_site_name":"Irish College of English","article_modified_time":"2026-01-30T16:50:37+00:00","twitter_misc":{"Tahmini okuma s\u00fcresi":"2 dakika"},"schema":{"@context":"https:\/\/schema.org","@graph":[{"@type":"WebPage","@id":"https:\/\/www.iceireland.com\/tr\/useful-information-and-supports\/learner-protection\/","url":"https:\/\/www.iceireland.com\/tr\/useful-information-and-supports\/learner-protection\/","name":"\u00d6\u011frencinin Korunmas\u0131 - Irish College of English","isPartOf":{"@id":"https:\/\/www.iceireland.com\/tr\/#website"},"datePublished":"2023-11-28T14:29:02+00:00","dateModified":"2026-01-30T16:50:37+00:00","breadcrumb":{"@id":"https:\/\/www.iceireland.com\/tr\/useful-information-and-supports\/learner-protection\/#breadcrumb"},"inLanguage":"tr","potentialAction":[{"@type":"ReadAction","target":["https:\/\/www.iceireland.com\/tr\/useful-information-and-supports\/learner-protection\/"]}]},{"@type":"BreadcrumbList","@id":"https:\/\/www.iceireland.com\/tr\/useful-information-and-supports\/learner-protection\/#breadcrumb","itemListElement":[{"@type":"ListItem","position":1,"name":"Home","item":"https:\/\/www.iceireland.com\/tr\/"},{"@type":"ListItem","position":2,"name":"Yararl\u0131 Bilgiler ve Destekler","item":"https:\/\/www.iceireland.com\/tr\/useful-information-and-supports\/"},{"@type":"ListItem","position":3,"name":"\u00d6\u011frencinin Korunmas\u0131"}]},{"@type":"WebSite","@id":"https:\/\/www.iceireland.com\/tr\/#website","url":"https:\/\/www.iceireland.com\/tr\/","name":"Irish College of English","description":"English School in Dublin, Malahide","publisher":{"@id":"https:\/\/www.iceireland.com\/tr\/#organization"},"potentialAction":[{"@type":"SearchAction","target":{"@type":"EntryPoint","urlTemplate":"https:\/\/www.iceireland.com\/tr\/?s={search_term_string}"},"query-input":{"@type":"PropertyValueSpecification","valueRequired":true,"valueName":"search_term_string"}}],"inLanguage":"tr"},{"@type":"Organization","@id":"https:\/\/www.iceireland.com\/tr\/#organization","name":"Irish College of English","url":"https:\/\/www.iceireland.com\/tr\/","logo":{"@type":"ImageObject","inLanguage":"tr","@id":"https:\/\/www.iceireland.com\/tr\/#\/schema\/logo\/image\/","url":"https:\/\/www.iceireland.com\/wp-content\/uploads\/2022\/03\/logo.png","contentUrl":"https:\/\/www.iceireland.com\/wp-content\/uploads\/2022\/03\/logo.png","width":593,"height":92,"caption":"Irish College of English"},"image":{"@id":"https:\/\/www.iceireland.com\/tr\/#\/schema\/logo\/image\/"}}]}},"_links":{"self":[{"href":"https:\/\/www.iceireland.com\/tr\/wp-json\/wp\/v2\/pages\/32490","targetHints":{"allow":["GET"]}}],"collection":[{"href":"https:\/\/www.iceireland.com\/tr\/wp-json\/wp\/v2\/pages"}],"about":[{"href":"https:\/\/www.iceireland.com\/tr\/wp-json\/wp\/v2\/types\/page"}],"author":[{"embeddable":true,"href":"https:\/\/www.iceireland.com\/tr\/wp-json\/wp\/v2\/users\/3"}],"replies":[{"embeddable":true,"href":"https:\/\/www.iceireland.com\/tr\/wp-json\/wp\/v2\/comments?post=32490"}],"version-history":[{"count":1,"href":"https:\/\/www.iceireland.com\/tr\/wp-json\/wp\/v2\/pages\/32490\/revisions"}],"predecessor-version":[{"id":32491,"href":"https:\/\/www.iceireland.com\/tr\/wp-json\/wp\/v2\/pages\/32490\/revisions\/32491"}],"up":[{"embeddable":true,"href":"https:\/\/www.iceireland.com\/tr\/wp-json\/wp\/v2\/pages\/32472"}],"wp:attachment":[{"href":"https:\/\/www.iceireland.com\/tr\/wp-json\/wp\/v2\/media?parent=32490"}],"curies":[{"name":"wp","href":"https:\/\/api.w.org\/{rel}","templated":true}]}}