{"id":32546,"date":"2023-11-17T14:23:45","date_gmt":"2023-11-17T14:23:45","guid":{"rendered":"https:\/\/www.iceireland.com\/i%cc%87ngi%cc%87li%cc%87zce-kurslari-dublin\/adult-courses-academic-schedule\/"},"modified":"2026-03-11T12:06:01","modified_gmt":"2026-03-11T12:06:01","slug":"adult-courses-academic-schedule","status":"publish","type":"page","link":"https:\/\/www.iceireland.com\/tr\/i%cc%87ngi%cc%87li%cc%87zce-kurslari-dublin\/adult-courses-academic-schedule\/","title":{"rendered":"Yeti\u015fkin Kurslar\u0131: Akademik Program"},"content":{"rendered":"\t\t<div data-elementor-type=\"wp-page\" data-elementor-id=\"32546\" class=\"elementor elementor-32546 elementor-25463\" data-elementor-post-type=\"page\">\n\t\t\t\t\t\t<section class=\"elementor-section elementor-top-section elementor-element elementor-element-4ada53b elementor-section-content-middle schedule elementor-section-boxed elementor-section-height-default elementor-section-height-default\" data-id=\"4ada53b\" data-element_type=\"section\" data-e-type=\"section\" id=\"schedule\">\n\t\t\t\t\t\t<div class=\"elementor-container elementor-column-gap-no\">\n\t\t\t\t\t<div class=\"elementor-column elementor-col-100 elementor-top-column elementor-element elementor-element-561e238\" data-id=\"561e238\" data-element_type=\"column\" data-e-type=\"column\">\n\t\t\t<div class=\"elementor-widget-wrap elementor-element-populated\">\n\t\t\t\t\t\t<div class=\"elementor-element elementor-element-b524a15 elementor-widget elementor-widget-heading\" data-id=\"b524a15\" data-element_type=\"widget\" data-e-type=\"widget\" data-widget_type=\"heading.default\">\n\t\t\t\t<div class=\"elementor-widget-container\">\n\t\t\t\t\t<h1 class=\"elementor-heading-title elementor-size-default\">Akademik Program &amp; Takvim<\/h1>\t\t\t\t<\/div>\n\t\t\t\t<\/div>\n\t\t\t\t\t<\/div>\n\t\t<\/div>\n\t\t\t\t\t<\/div>\n\t\t<\/section>\n\t\t\t\t<section class=\"elementor-section elementor-top-section elementor-element elementor-element-e2abe28 elementor-section-content-middle elementor-section-full_width elementor-reverse-tablet elementor-section-height-default elementor-section-height-default\" data-id=\"e2abe28\" data-element_type=\"section\" data-e-type=\"section\" data-settings=\"{&quot;background_background&quot;:&quot;classic&quot;}\">\n\t\t\t\t\t\t<div class=\"elementor-container elementor-column-gap-no\">\n\t\t\t\t\t<div class=\"elementor-column elementor-col-100 elementor-top-column elementor-element elementor-element-0c48d79\" data-id=\"0c48d79\" data-element_type=\"column\" data-e-type=\"column\" data-settings=\"{&quot;background_background&quot;:&quot;classic&quot;}\">\n\t\t\t<div class=\"elementor-widget-wrap elementor-element-populated\">\n\t\t\t\t\t\t<div class=\"elementor-element elementor-element-8e92e8c elementor-widget elementor-widget-heading\" data-id=\"8e92e8c\" data-element_type=\"widget\" data-e-type=\"widget\" data-widget_type=\"heading.default\">\n\t\t\t\t<div class=\"elementor-widget-container\">\n\t\t\t\t\t<h2 class=\"elementor-heading-title elementor-size-default\">Akademik Program - Yeti\u015fkinler<\/h2>\t\t\t\t<\/div>\n\t\t\t\t<\/div>\n\t\t\t\t<div class=\"elementor-element elementor-element-ef3b6dc elementor-widget elementor-widget-text-editor\" data-id=\"ef3b6dc\" data-element_type=\"widget\" data-e-type=\"widget\" data-widget_type=\"text-editor.default\">\n\t\t\t\t<div class=\"elementor-widget-container\">\n\t\t\t\t\t\t\t\t\t<h4><b>Kay\u0131tlar Devam Ediyor:<\/b><\/h4><p>Yeti\u015fkin \u00f6\u011frenciler, a\u015fa\u011f\u0131daki tatiller d\u0131\u015f\u0131nda t\u00fcm y\u0131l boyunca herhangi bir Pazartesi g\u00fcn\u00fc yeti\u015fkin kurslar\u0131m\u0131zdan birine ba\u015flamak i\u00e7in kay\u0131t yapt\u0131rabilirler.<\/p><h4><b>2026 i\u00e7in Tatiller<\/b><\/h4><p>Merkezimiz yeti\u015fkin kurslar\u0131 i\u00e7in a\u015fa\u011f\u0131da belirtilen s\u00fcrelerde kapal\u0131d\u0131r:<\/p>\t\t\t\t\t\t\t\t<\/div>\n\t\t\t\t<\/div>\n\t\t\t\t<div class=\"elementor-element elementor-element-849d641 elementor-widget elementor-widget-shortcode\" data-id=\"849d641\" data-element_type=\"widget\" data-e-type=\"widget\" data-widget_type=\"shortcode.default\">\n\t\t\t\t<div class=\"elementor-widget-container\">\n\t\t\t\t\t\t\t<div class=\"elementor-shortcode\">\n<table id=\"tablepress-40\" class=\"tablepress tablepress-id-40 tbl-adu-schedule\">\n<thead>\n<tr class=\"row-1\">\n\t<th class=\"column-1\">Name of Holiday<\/th><th class=\"column-2\">2026<\/th>\n<\/tr>\n<\/thead>\n<tbody class=\"row-striping row-hover\">\n<tr class=\"row-2\">\n\t<td class=\"column-1\">Christmas\/New Year Break<\/td><td class=\"column-2\">13 Dec 2025 - 04 Jan 2026<\/td>\n<\/tr>\n<tr class=\"row-3\">\n\t<td class=\"column-1\">February Bank Holiday - St. Brigid's Day<\/td><td class=\"column-2\">03-Feb-26<\/td>\n<\/tr>\n<tr class=\"row-4\">\n\t<td class=\"column-1\">March Bank Holiday - St. Patrick's Day<\/td><td class=\"column-2\">17-Mar-26<\/td>\n<\/tr>\n<tr class=\"row-5\">\n\t<td class=\"column-1\">Bank Holiday - Easter Monday<\/td><td class=\"column-2\">21-Apr-26<\/td>\n<\/tr>\n<tr class=\"row-6\">\n\t<td class=\"column-1\">May Bank Holiday<\/td><td class=\"column-2\">05-May-26<\/td>\n<\/tr>\n<tr class=\"row-7\">\n\t<td class=\"column-1\">June Bank Holiday<\/td><td class=\"column-2\">02-Jun-26<\/td>\n<\/tr>\n<tr class=\"row-8\">\n\t<td class=\"column-1\">August Bank Holiday<\/td><td class=\"column-2\">04-Aug-26<\/td>\n<\/tr>\n<tr class=\"row-9\">\n\t<td class=\"column-1\">October Bank Holiday<\/td><td class=\"column-2\">27-Oct-26<\/td>\n<\/tr>\n<tr class=\"row-10\">\n\t<td class=\"column-1\">Christmas\/New Year Break<\/td><td class=\"column-2\">12 Dec 2026 - 03 Jan 2027<\/td>\n<\/tr>\n<\/tbody>\n<\/table>\n<!-- #tablepress-40 from cache --><\/div>\n\t\t\t\t\t\t<\/div>\n\t\t\t\t<\/div>\n\t\t\t\t<div class=\"elementor-element elementor-element-48a5db5 elementor-widget elementor-widget-heading\" data-id=\"48a5db5\" data-element_type=\"widget\" data-e-type=\"widget\" data-widget_type=\"heading.default\">\n\t\t\t\t<div class=\"elementor-widget-container\">\n\t\t\t\t\t<h2 class=\"elementor-heading-title elementor-size-default\">Akademik Takvim - Yeti\u015fkinler<\/h2>\t\t\t\t<\/div>\n\t\t\t\t<\/div>\n\t\t\t\t<div class=\"elementor-element elementor-element-11710ae elementor-widget elementor-widget-text-editor\" data-id=\"11710ae\" data-element_type=\"widget\" data-e-type=\"widget\" data-widget_type=\"text-editor.default\">\n\t\t\t\t<div class=\"elementor-widget-container\">\n\t\t\t\t\t\t\t\t\t<h4><b>A\u015fa\u011f\u0131daki y\u0131llara ait Akademik Takvimimizi g\u00f6r\u00fcnt\u00fclemek i\u00e7in t\u0131klay\u0131n\u0131z:<\/b><\/h4><ul><li><a class=\"anchor2\" href=\"https:\/\/drive.google.com\/file\/d\/1Xo01WwyBgRb7XSVT_KnomecTMItEJ27j\/view?usp=sharing\" target=\"_blank\" rel=\"noopener\">Akademik Takvim 2026 &#8211; buraya t\u0131klay\u0131n<\/a><\/li><\/ul>\t\t\t\t\t\t\t\t<\/div>\n\t\t\t\t<\/div>\n\t\t\t\t\t<\/div>\n\t\t<\/div>\n\t\t\t\t\t<\/div>\n\t\t<\/section>\n\t\t\t\t<section class=\"elementor-section elementor-top-section elementor-element elementor-element-a717f7c elementor-section-boxed elementor-section-height-default elementor-section-height-default\" data-id=\"a717f7c\" data-element_type=\"section\" data-e-type=\"section\">\n\t\t\t\t\t\t<div class=\"elementor-container elementor-column-gap-default\">\n\t\t\t\t\t<div class=\"elementor-column elementor-col-100 elementor-top-column elementor-element elementor-element-0fcb531\" data-id=\"0fcb531\" data-element_type=\"column\" data-e-type=\"column\">\n\t\t\t<div class=\"elementor-widget-wrap elementor-element-populated\">\n\t\t\t\t\t\t<div class=\"elementor-element elementor-element-d1f9230 elementor-align-center elementor-widget elementor-widget-button\" data-id=\"d1f9230\" data-element_type=\"widget\" data-e-type=\"widget\" data-widget_type=\"button.default\">\n\t\t\t\t<div class=\"elementor-widget-container\">\n\t\t\t\t\t\t\t\t\t<div class=\"elementor-button-wrapper\">\n\t\t\t\t\t<a class=\"elementor-button elementor-button-link elementor-size-xl elementor-animation-grow\" href=\"https:\/\/www.bookingiceireland.com\/\" target=\"_blank\" id=\"enroll\">\n\t\t\t\t\t\t<span class=\"elementor-button-content-wrapper\">\n\t\t\t\t\t\t\t\t\t<span class=\"elementor-button-text\">\u015eimdi Online Rezervasyon Yap\u0131n<\/span>\n\t\t\t\t\t<\/span>\n\t\t\t\t\t<\/a>\n\t\t\t\t<\/div>\n\t\t\t\t\t\t\t\t<\/div>\n\t\t\t\t<\/div>\n\t\t\t\t\t<\/div>\n\t\t<\/div>\n\t\t\t\t\t<\/div>\n\t\t<\/section>\n\t\t\t\t<\/div>\n\t\t","protected":false},"excerpt":{"rendered":"<p>Akademik Program &amp; Takvim Akademik Program &#8211; Yeti\u015fkinler Kay\u0131tlar Devam Ediyor: Yeti\u015fkin \u00f6\u011frenciler, a\u015fa\u011f\u0131daki tatiller d\u0131\u015f\u0131nda t\u00fcm y\u0131l boyunca herhangi bir Pazartesi g\u00fcn\u00fc yeti\u015fkin kurslar\u0131m\u0131zdan birine ba\u015flamak i\u00e7in kay\u0131t yapt\u0131rabilirler. 2026 i\u00e7in Tatiller Merkezimiz yeti\u015fkin kurslar\u0131 i\u00e7in a\u015fa\u011f\u0131da belirtilen s\u00fcrelerde kapal\u0131d\u0131r: Akademik Takvim &#8211; Yeti\u015fkinler A\u015fa\u011f\u0131daki y\u0131llara ait Akademik Takvimimizi g\u00f6r\u00fcnt\u00fclemek i\u00e7in t\u0131klay\u0131n\u0131z: Akademik Takvim [&hellip;]<\/p>\n","protected":false},"author":3,"featured_media":0,"parent":18192,"menu_order":0,"comment_status":"closed","ping_status":"closed","template":"","meta":{"content-type":"","footnotes":""},"class_list":["post-32546","page","type-page","status-publish","hentry"],"yoast_head":"<!-- This site is optimized with the Yoast SEO plugin v27.3 - https:\/\/yoast.com\/product\/yoast-seo-wordpress\/ -->\n<title>Yeti\u015fkin Kurslar\u0131: Akademik Program - Irish College of English<\/title>\n<meta name=\"description\" content=\"Yeti\u015fkinlere y\u00f6nelik \u0130ngilizce kurslar\u0131 i\u00e7in 2024-2025 okul a\u00e7\u0131l\u0131\u015f ve kapan\u0131\u015f tarihleri.\" \/>\n<meta name=\"robots\" content=\"index, follow, max-snippet:-1, max-image-preview:large, max-video-preview:-1\" \/>\n<link rel=\"canonical\" href=\"https:\/\/www.iceireland.com\/tr\/i%cc%87ngi%cc%87li%cc%87zce-kurslari-dublin\/adult-courses-academic-schedule\/\" \/>\n<meta property=\"og:locale\" content=\"tr_TR\" \/>\n<meta property=\"og:type\" content=\"article\" \/>\n<meta property=\"og:title\" content=\"Yeti\u015fkin Kurslar\u0131: Akademik Program - Irish College of English\" \/>\n<meta property=\"og:description\" content=\"Yeti\u015fkinlere y\u00f6nelik \u0130ngilizce kurslar\u0131 i\u00e7in 2024-2025 okul a\u00e7\u0131l\u0131\u015f ve kapan\u0131\u015f tarihleri.\" \/>\n<meta property=\"og:url\" content=\"https:\/\/www.iceireland.com\/tr\/i%cc%87ngi%cc%87li%cc%87zce-kurslari-dublin\/adult-courses-academic-schedule\/\" \/>\n<meta property=\"og:site_name\" content=\"Irish College of English\" \/>\n<meta property=\"article:modified_time\" content=\"2026-03-11T12:06:01+00:00\" \/>\n<meta name=\"twitter:label1\" content=\"Tahmini okuma s\u00fcresi\" \/>\n\t<meta name=\"twitter:data1\" content=\"1 dakika\" \/>\n<script type=\"application\/ld+json\" class=\"yoast-schema-graph\">{\"@context\":\"https:\\\/\\\/schema.org\",\"@graph\":[{\"@type\":\"WebPage\",\"@id\":\"https:\\\/\\\/www.iceireland.com\\\/tr\\\/i%cc%87ngi%cc%87li%cc%87zce-kurslari-dublin\\\/adult-courses-academic-schedule\\\/\",\"url\":\"https:\\\/\\\/www.iceireland.com\\\/tr\\\/i%cc%87ngi%cc%87li%cc%87zce-kurslari-dublin\\\/adult-courses-academic-schedule\\\/\",\"name\":\"Yeti\u015fkin Kurslar\u0131: Akademik Program - Irish College of English\",\"isPartOf\":{\"@id\":\"https:\\\/\\\/www.iceireland.com\\\/tr\\\/#website\"},\"datePublished\":\"2023-11-17T14:23:45+00:00\",\"dateModified\":\"2026-03-11T12:06:01+00:00\",\"description\":\"Yeti\u015fkinlere y\u00f6nelik \u0130ngilizce kurslar\u0131 i\u00e7in 2024-2025 okul a\u00e7\u0131l\u0131\u015f ve kapan\u0131\u015f tarihleri.\",\"breadcrumb\":{\"@id\":\"https:\\\/\\\/www.iceireland.com\\\/tr\\\/i%cc%87ngi%cc%87li%cc%87zce-kurslari-dublin\\\/adult-courses-academic-schedule\\\/#breadcrumb\"},\"inLanguage\":\"tr\",\"potentialAction\":[{\"@type\":\"ReadAction\",\"target\":[\"https:\\\/\\\/www.iceireland.com\\\/tr\\\/i%cc%87ngi%cc%87li%cc%87zce-kurslari-dublin\\\/adult-courses-academic-schedule\\\/\"]}]},{\"@type\":\"BreadcrumbList\",\"@id\":\"https:\\\/\\\/www.iceireland.com\\\/tr\\\/i%cc%87ngi%cc%87li%cc%87zce-kurslari-dublin\\\/adult-courses-academic-schedule\\\/#breadcrumb\",\"itemListElement\":[{\"@type\":\"ListItem\",\"position\":1,\"name\":\"Home\",\"item\":\"https:\\\/\\\/www.iceireland.com\\\/tr\\\/\"},{\"@type\":\"ListItem\",\"position\":2,\"name\":\"Yeti\u015fkin Kurslar\u0131\",\"item\":\"https:\\\/\\\/www.iceireland.com\\\/tr\\\/i%cc%87ngi%cc%87li%cc%87zce-kurslari-dublin\\\/\"},{\"@type\":\"ListItem\",\"position\":3,\"name\":\"Yeti\u015fkin Kurslar\u0131: Akademik Program\"}]},{\"@type\":\"WebSite\",\"@id\":\"https:\\\/\\\/www.iceireland.com\\\/tr\\\/#website\",\"url\":\"https:\\\/\\\/www.iceireland.com\\\/tr\\\/\",\"name\":\"Irish College of English\",\"description\":\"English School in Dublin, Malahide\",\"publisher\":{\"@id\":\"https:\\\/\\\/www.iceireland.com\\\/tr\\\/#organization\"},\"potentialAction\":[{\"@type\":\"SearchAction\",\"target\":{\"@type\":\"EntryPoint\",\"urlTemplate\":\"https:\\\/\\\/www.iceireland.com\\\/tr\\\/?s={search_term_string}\"},\"query-input\":{\"@type\":\"PropertyValueSpecification\",\"valueRequired\":true,\"valueName\":\"search_term_string\"}}],\"inLanguage\":\"tr\"},{\"@type\":\"Organization\",\"@id\":\"https:\\\/\\\/www.iceireland.com\\\/tr\\\/#organization\",\"name\":\"Irish College of English\",\"url\":\"https:\\\/\\\/www.iceireland.com\\\/tr\\\/\",\"logo\":{\"@type\":\"ImageObject\",\"inLanguage\":\"tr\",\"@id\":\"https:\\\/\\\/www.iceireland.com\\\/tr\\\/#\\\/schema\\\/logo\\\/image\\\/\",\"url\":\"https:\\\/\\\/www.iceireland.com\\\/wp-content\\\/uploads\\\/2022\\\/03\\\/logo.png\",\"contentUrl\":\"https:\\\/\\\/www.iceireland.com\\\/wp-content\\\/uploads\\\/2022\\\/03\\\/logo.png\",\"width\":593,\"height\":92,\"caption\":\"Irish College of English\"},\"image\":{\"@id\":\"https:\\\/\\\/www.iceireland.com\\\/tr\\\/#\\\/schema\\\/logo\\\/image\\\/\"}}]}<\/script>\n<!-- \/ Yoast SEO plugin. -->","yoast_head_json":{"title":"Yeti\u015fkin Kurslar\u0131: Akademik Program - Irish College of English","description":"Yeti\u015fkinlere y\u00f6nelik \u0130ngilizce kurslar\u0131 i\u00e7in 2024-2025 okul a\u00e7\u0131l\u0131\u015f ve kapan\u0131\u015f tarihleri.","robots":{"index":"index","follow":"follow","max-snippet":"max-snippet:-1","max-image-preview":"max-image-preview:large","max-video-preview":"max-video-preview:-1"},"canonical":"https:\/\/www.iceireland.com\/tr\/i%cc%87ngi%cc%87li%cc%87zce-kurslari-dublin\/adult-courses-academic-schedule\/","og_locale":"tr_TR","og_type":"article","og_title":"Yeti\u015fkin Kurslar\u0131: Akademik Program - Irish College of English","og_description":"Yeti\u015fkinlere y\u00f6nelik \u0130ngilizce kurslar\u0131 i\u00e7in 2024-2025 okul a\u00e7\u0131l\u0131\u015f ve kapan\u0131\u015f tarihleri.","og_url":"https:\/\/www.iceireland.com\/tr\/i%cc%87ngi%cc%87li%cc%87zce-kurslari-dublin\/adult-courses-academic-schedule\/","og_site_name":"Irish College of English","article_modified_time":"2026-03-11T12:06:01+00:00","twitter_misc":{"Tahmini okuma s\u00fcresi":"1 dakika"},"schema":{"@context":"https:\/\/schema.org","@graph":[{"@type":"WebPage","@id":"https:\/\/www.iceireland.com\/tr\/i%cc%87ngi%cc%87li%cc%87zce-kurslari-dublin\/adult-courses-academic-schedule\/","url":"https:\/\/www.iceireland.com\/tr\/i%cc%87ngi%cc%87li%cc%87zce-kurslari-dublin\/adult-courses-academic-schedule\/","name":"Yeti\u015fkin Kurslar\u0131: Akademik Program - Irish College of English","isPartOf":{"@id":"https:\/\/www.iceireland.com\/tr\/#website"},"datePublished":"2023-11-17T14:23:45+00:00","dateModified":"2026-03-11T12:06:01+00:00","description":"Yeti\u015fkinlere y\u00f6nelik \u0130ngilizce kurslar\u0131 i\u00e7in 2024-2025 okul a\u00e7\u0131l\u0131\u015f ve kapan\u0131\u015f tarihleri.","breadcrumb":{"@id":"https:\/\/www.iceireland.com\/tr\/i%cc%87ngi%cc%87li%cc%87zce-kurslari-dublin\/adult-courses-academic-schedule\/#breadcrumb"},"inLanguage":"tr","potentialAction":[{"@type":"ReadAction","target":["https:\/\/www.iceireland.com\/tr\/i%cc%87ngi%cc%87li%cc%87zce-kurslari-dublin\/adult-courses-academic-schedule\/"]}]},{"@type":"BreadcrumbList","@id":"https:\/\/www.iceireland.com\/tr\/i%cc%87ngi%cc%87li%cc%87zce-kurslari-dublin\/adult-courses-academic-schedule\/#breadcrumb","itemListElement":[{"@type":"ListItem","position":1,"name":"Home","item":"https:\/\/www.iceireland.com\/tr\/"},{"@type":"ListItem","position":2,"name":"Yeti\u015fkin Kurslar\u0131","item":"https:\/\/www.iceireland.com\/tr\/i%cc%87ngi%cc%87li%cc%87zce-kurslari-dublin\/"},{"@type":"ListItem","position":3,"name":"Yeti\u015fkin Kurslar\u0131: Akademik Program"}]},{"@type":"WebSite","@id":"https:\/\/www.iceireland.com\/tr\/#website","url":"https:\/\/www.iceireland.com\/tr\/","name":"Irish College of English","description":"English School in Dublin, Malahide","publisher":{"@id":"https:\/\/www.iceireland.com\/tr\/#organization"},"potentialAction":[{"@type":"SearchAction","target":{"@type":"EntryPoint","urlTemplate":"https:\/\/www.iceireland.com\/tr\/?s={search_term_string}"},"query-input":{"@type":"PropertyValueSpecification","valueRequired":true,"valueName":"search_term_string"}}],"inLanguage":"tr"},{"@type":"Organization","@id":"https:\/\/www.iceireland.com\/tr\/#organization","name":"Irish College of English","url":"https:\/\/www.iceireland.com\/tr\/","logo":{"@type":"ImageObject","inLanguage":"tr","@id":"https:\/\/www.iceireland.com\/tr\/#\/schema\/logo\/image\/","url":"https:\/\/www.iceireland.com\/wp-content\/uploads\/2022\/03\/logo.png","contentUrl":"https:\/\/www.iceireland.com\/wp-content\/uploads\/2022\/03\/logo.png","width":593,"height":92,"caption":"Irish College of English"},"image":{"@id":"https:\/\/www.iceireland.com\/tr\/#\/schema\/logo\/image\/"}}]}},"_links":{"self":[{"href":"https:\/\/www.iceireland.com\/tr\/wp-json\/wp\/v2\/pages\/32546","targetHints":{"allow":["GET"]}}],"collection":[{"href":"https:\/\/www.iceireland.com\/tr\/wp-json\/wp\/v2\/pages"}],"about":[{"href":"https:\/\/www.iceireland.com\/tr\/wp-json\/wp\/v2\/types\/page"}],"author":[{"embeddable":true,"href":"https:\/\/www.iceireland.com\/tr\/wp-json\/wp\/v2\/users\/3"}],"replies":[{"embeddable":true,"href":"https:\/\/www.iceireland.com\/tr\/wp-json\/wp\/v2\/comments?post=32546"}],"version-history":[{"count":9,"href":"https:\/\/www.iceireland.com\/tr\/wp-json\/wp\/v2\/pages\/32546\/revisions"}],"predecessor-version":[{"id":35551,"href":"https:\/\/www.iceireland.com\/tr\/wp-json\/wp\/v2\/pages\/32546\/revisions\/35551"}],"up":[{"embeddable":true,"href":"https:\/\/www.iceireland.com\/tr\/wp-json\/wp\/v2\/pages\/18192"}],"wp:attachment":[{"href":"https:\/\/www.iceireland.com\/tr\/wp-json\/wp\/v2\/media?parent=32546"}],"curies":[{"name":"wp","href":"https:\/\/api.w.org\/{rel}","templated":true}]}}