{"id":32809,"date":"2022-10-28T14:01:32","date_gmt":"2022-10-28T14:01:32","guid":{"rendered":"https:\/\/www.iceireland.com\/our-green-commitment\/"},"modified":"2026-01-30T18:22:57","modified_gmt":"2026-01-30T18:22:57","slug":"our-green-commitment","status":"publish","type":"page","link":"https:\/\/www.iceireland.com\/tr\/our-green-commitment\/","title":{"rendered":"Devam Eden Ye\u015fil Taahh\u00fcd\u00fcm\u00fcz"},"content":{"rendered":"\t\t<div data-elementor-type=\"wp-page\" data-elementor-id=\"32809\" class=\"elementor elementor-32809 elementor-9973\" data-elementor-post-type=\"page\">\n\t\t\t\t\t\t<section class=\"elementor-section elementor-top-section elementor-element elementor-element-74b2366 elementor-section-boxed elementor-section-height-default elementor-section-height-default\" data-id=\"74b2366\" data-element_type=\"section\" data-e-type=\"section\">\n\t\t\t\t\t\t<div class=\"elementor-container elementor-column-gap-default\">\n\t\t\t\t\t<div class=\"elementor-column elementor-col-25 elementor-top-column elementor-element elementor-element-35f6c69\" data-id=\"35f6c69\" data-element_type=\"column\" data-e-type=\"column\">\n\t\t\t<div class=\"elementor-widget-wrap\">\n\t\t\t\t\t\t\t<\/div>\n\t\t<\/div>\n\t\t\t\t<div class=\"elementor-column elementor-col-50 elementor-top-column elementor-element elementor-element-8f16ea1\" data-id=\"8f16ea1\" data-element_type=\"column\" data-e-type=\"column\">\n\t\t\t<div class=\"elementor-widget-wrap elementor-element-populated\">\n\t\t\t\t\t\t<div class=\"elementor-element elementor-element-7c1d7eb elementor-widget elementor-widget-image-box\" data-id=\"7c1d7eb\" data-element_type=\"widget\" data-e-type=\"widget\" data-widget_type=\"image-box.default\">\n\t\t\t\t<div class=\"elementor-widget-container\">\n\t\t\t\t\t<div class=\"elementor-image-box-wrapper\"><div class=\"elementor-image-box-content\"><h3 class=\"elementor-image-box-title\"><strong><em>Devam Eden Ye\u015fil Taahh\u00fcd\u00fcm\u00fcz<\/em><\/strong><\/h3><p class=\"elementor-image-box-description\"><p><strong><em><br><\/em><\/strong><\/p><p><strong><br>Tek Kullan\u0131ml\u0131k Plastik Yok<br><\/strong><\/p><p>\u00d6\u011frencilere <strong>yeniden kullan\u0131labilir su \u015fi\u015fesi<\/strong> verilir ve okullar\u0131m\u0131zda <strong>su \u015fi\u015fesi doldurma istasyonlar\u0131m\u0131z<\/strong> vard\u0131r<\/p><p>\u00d6\u011frencilere <strong>kompostlanabilir \u0130rlanda \u0130ngiliz Koleji kalemi<\/strong> veriliyor<\/p><p>\u00d6\u011frencilere bir <strong>karton \u00f6\u011frenci paketi<\/strong> verilir.<\/p><p><strong><br>Enerji Verimlili\u011fi<\/strong><\/p><p>D\u00fc\u015f\u00fck Enerjili Ampuller tak\u0131ld\u0131<\/p><p>Enerji Verimli Is\u0131tma sistemi mevcut<\/p><p><strong><br>\u00c7i\u00e7ekler\/Bitkiler<\/strong><\/p><p>Ar\u0131lar\u0131 ve di\u011fer b\u00f6cekleri te\u015fvik etmek i\u00e7in okulumuzun d\u0131\u015f \u00e7evresine <strong>\u00e7i\u00e7ekler<\/strong>ekilmektedir.<\/p><p><strong><br>Geri D\u00f6n\u00fc\u015f\u00fcm<br><\/strong><\/p><p>Geri d\u00f6n\u00fc\u015f\u00fcm ve ka\u011f\u0131t kullan\u0131m\u0131n\u0131n s\u0131n\u0131rland\u0131r\u0131lmas\u0131 te\u015fvik edilmektedir.<\/p><p>Ye\u015fil temizlik \u00fcr\u00fcnleri kullan\u0131lmaktad\u0131r.<\/p><p><strong><br>Vegan\/Vejetaryen Dostu<\/strong><\/p>Vegan ve vejetaryen dostuyuz.<\/p><\/div><\/div>\t\t\t\t<\/div>\n\t\t\t\t<\/div>\n\t\t\t\t\t<\/div>\n\t\t<\/div>\n\t\t\t\t<div class=\"elementor-column elementor-col-25 elementor-top-column elementor-element elementor-element-92d61cc\" data-id=\"92d61cc\" data-element_type=\"column\" data-e-type=\"column\">\n\t\t\t<div class=\"elementor-widget-wrap\">\n\t\t\t\t\t\t\t<\/div>\n\t\t<\/div>\n\t\t\t\t\t<\/div>\n\t\t<\/section>\n\t\t\t\t<\/div>\n\t\t","protected":false},"excerpt":{"rendered":"<p>Devam Eden Ye\u015fil Taahh\u00fcd\u00fcm\u00fcz Tek Kullan\u0131ml\u0131k Plastik Yok \u00d6\u011frencilere yeniden kullan\u0131labilir su \u015fi\u015fesi verilir ve okullar\u0131m\u0131zda su \u015fi\u015fesi doldurma istasyonlar\u0131m\u0131z vard\u0131r \u00d6\u011frencilere kompostlanabilir \u0130rlanda \u0130ngiliz Koleji kalemi veriliyor \u00d6\u011frencilere bir karton \u00f6\u011frenci paketi verilir. Enerji Verimlili\u011fi D\u00fc\u015f\u00fck Enerjili Ampuller tak\u0131ld\u0131 Enerji Verimli Is\u0131tma sistemi mevcut \u00c7i\u00e7ekler\/Bitkiler Ar\u0131lar\u0131 ve di\u011fer b\u00f6cekleri te\u015fvik etmek i\u00e7in okulumuzun d\u0131\u015f [&hellip;]<\/p>\n","protected":false},"author":3,"featured_media":0,"parent":0,"menu_order":0,"comment_status":"closed","ping_status":"closed","template":"","meta":{"content-type":"","footnotes":""},"class_list":["post-32809","page","type-page","status-publish","hentry"],"yoast_head":"<!-- This site is optimized with the Yoast SEO plugin v27.3 - https:\/\/yoast.com\/product\/yoast-seo-wordpress\/ -->\n<title>Devam Eden Ye\u015fil Taahh\u00fcd\u00fcm\u00fcz - Irish College of English<\/title>\n<meta name=\"robots\" content=\"index, follow, max-snippet:-1, max-image-preview:large, max-video-preview:-1\" \/>\n<link rel=\"canonical\" href=\"https:\/\/www.iceireland.com\/tr\/our-green-commitment\/\" \/>\n<meta property=\"og:locale\" content=\"tr_TR\" \/>\n<meta property=\"og:type\" content=\"article\" \/>\n<meta property=\"og:title\" content=\"Devam Eden Ye\u015fil Taahh\u00fcd\u00fcm\u00fcz - Irish College of English\" \/>\n<meta property=\"og:description\" content=\"Devam Eden Ye\u015fil Taahh\u00fcd\u00fcm\u00fcz Tek Kullan\u0131ml\u0131k Plastik Yok \u00d6\u011frencilere yeniden kullan\u0131labilir su \u015fi\u015fesi verilir ve okullar\u0131m\u0131zda su \u015fi\u015fesi doldurma istasyonlar\u0131m\u0131z vard\u0131r \u00d6\u011frencilere kompostlanabilir \u0130rlanda \u0130ngiliz Koleji kalemi veriliyor \u00d6\u011frencilere bir karton \u00f6\u011frenci paketi verilir. Enerji Verimlili\u011fi D\u00fc\u015f\u00fck Enerjili Ampuller tak\u0131ld\u0131 Enerji Verimli Is\u0131tma sistemi mevcut \u00c7i\u00e7ekler\/Bitkiler Ar\u0131lar\u0131 ve di\u011fer b\u00f6cekleri te\u015fvik etmek i\u00e7in okulumuzun d\u0131\u015f [&hellip;]\" \/>\n<meta property=\"og:url\" content=\"https:\/\/www.iceireland.com\/tr\/our-green-commitment\/\" \/>\n<meta property=\"og:site_name\" content=\"Irish College of English\" \/>\n<meta property=\"article:modified_time\" content=\"2026-01-30T18:22:57+00:00\" \/>\n<meta name=\"twitter:label1\" content=\"Tahmini okuma s\u00fcresi\" \/>\n\t<meta name=\"twitter:data1\" content=\"1 dakika\" \/>\n<script type=\"application\/ld+json\" class=\"yoast-schema-graph\">{\"@context\":\"https:\\\/\\\/schema.org\",\"@graph\":[{\"@type\":\"WebPage\",\"@id\":\"https:\\\/\\\/www.iceireland.com\\\/tr\\\/our-green-commitment\\\/\",\"url\":\"https:\\\/\\\/www.iceireland.com\\\/tr\\\/our-green-commitment\\\/\",\"name\":\"Devam Eden Ye\u015fil Taahh\u00fcd\u00fcm\u00fcz - Irish College of English\",\"isPartOf\":{\"@id\":\"https:\\\/\\\/www.iceireland.com\\\/tr\\\/#website\"},\"datePublished\":\"2022-10-28T14:01:32+00:00\",\"dateModified\":\"2026-01-30T18:22:57+00:00\",\"breadcrumb\":{\"@id\":\"https:\\\/\\\/www.iceireland.com\\\/tr\\\/our-green-commitment\\\/#breadcrumb\"},\"inLanguage\":\"tr\",\"potentialAction\":[{\"@type\":\"ReadAction\",\"target\":[\"https:\\\/\\\/www.iceireland.com\\\/tr\\\/our-green-commitment\\\/\"]}]},{\"@type\":\"BreadcrumbList\",\"@id\":\"https:\\\/\\\/www.iceireland.com\\\/tr\\\/our-green-commitment\\\/#breadcrumb\",\"itemListElement\":[{\"@type\":\"ListItem\",\"position\":1,\"name\":\"Home\",\"item\":\"https:\\\/\\\/www.iceireland.com\\\/tr\\\/\"},{\"@type\":\"ListItem\",\"position\":2,\"name\":\"Devam Eden Ye\u015fil Taahh\u00fcd\u00fcm\u00fcz\"}]},{\"@type\":\"WebSite\",\"@id\":\"https:\\\/\\\/www.iceireland.com\\\/tr\\\/#website\",\"url\":\"https:\\\/\\\/www.iceireland.com\\\/tr\\\/\",\"name\":\"Irish College of English\",\"description\":\"English School in Dublin, Malahide\",\"publisher\":{\"@id\":\"https:\\\/\\\/www.iceireland.com\\\/tr\\\/#organization\"},\"potentialAction\":[{\"@type\":\"SearchAction\",\"target\":{\"@type\":\"EntryPoint\",\"urlTemplate\":\"https:\\\/\\\/www.iceireland.com\\\/tr\\\/?s={search_term_string}\"},\"query-input\":{\"@type\":\"PropertyValueSpecification\",\"valueRequired\":true,\"valueName\":\"search_term_string\"}}],\"inLanguage\":\"tr\"},{\"@type\":\"Organization\",\"@id\":\"https:\\\/\\\/www.iceireland.com\\\/tr\\\/#organization\",\"name\":\"Irish College of English\",\"url\":\"https:\\\/\\\/www.iceireland.com\\\/tr\\\/\",\"logo\":{\"@type\":\"ImageObject\",\"inLanguage\":\"tr\",\"@id\":\"https:\\\/\\\/www.iceireland.com\\\/tr\\\/#\\\/schema\\\/logo\\\/image\\\/\",\"url\":\"https:\\\/\\\/www.iceireland.com\\\/wp-content\\\/uploads\\\/2022\\\/03\\\/logo.png\",\"contentUrl\":\"https:\\\/\\\/www.iceireland.com\\\/wp-content\\\/uploads\\\/2022\\\/03\\\/logo.png\",\"width\":593,\"height\":92,\"caption\":\"Irish College of English\"},\"image\":{\"@id\":\"https:\\\/\\\/www.iceireland.com\\\/tr\\\/#\\\/schema\\\/logo\\\/image\\\/\"}}]}<\/script>\n<!-- \/ Yoast SEO plugin. -->","yoast_head_json":{"title":"Devam Eden Ye\u015fil Taahh\u00fcd\u00fcm\u00fcz - Irish College of English","robots":{"index":"index","follow":"follow","max-snippet":"max-snippet:-1","max-image-preview":"max-image-preview:large","max-video-preview":"max-video-preview:-1"},"canonical":"https:\/\/www.iceireland.com\/tr\/our-green-commitment\/","og_locale":"tr_TR","og_type":"article","og_title":"Devam Eden Ye\u015fil Taahh\u00fcd\u00fcm\u00fcz - Irish College of English","og_description":"Devam Eden Ye\u015fil Taahh\u00fcd\u00fcm\u00fcz Tek Kullan\u0131ml\u0131k Plastik Yok \u00d6\u011frencilere yeniden kullan\u0131labilir su \u015fi\u015fesi verilir ve okullar\u0131m\u0131zda su \u015fi\u015fesi doldurma istasyonlar\u0131m\u0131z vard\u0131r \u00d6\u011frencilere kompostlanabilir \u0130rlanda \u0130ngiliz Koleji kalemi veriliyor \u00d6\u011frencilere bir karton \u00f6\u011frenci paketi verilir. Enerji Verimlili\u011fi D\u00fc\u015f\u00fck Enerjili Ampuller tak\u0131ld\u0131 Enerji Verimli Is\u0131tma sistemi mevcut \u00c7i\u00e7ekler\/Bitkiler Ar\u0131lar\u0131 ve di\u011fer b\u00f6cekleri te\u015fvik etmek i\u00e7in okulumuzun d\u0131\u015f [&hellip;]","og_url":"https:\/\/www.iceireland.com\/tr\/our-green-commitment\/","og_site_name":"Irish College of English","article_modified_time":"2026-01-30T18:22:57+00:00","twitter_misc":{"Tahmini okuma s\u00fcresi":"1 dakika"},"schema":{"@context":"https:\/\/schema.org","@graph":[{"@type":"WebPage","@id":"https:\/\/www.iceireland.com\/tr\/our-green-commitment\/","url":"https:\/\/www.iceireland.com\/tr\/our-green-commitment\/","name":"Devam Eden Ye\u015fil Taahh\u00fcd\u00fcm\u00fcz - Irish College of English","isPartOf":{"@id":"https:\/\/www.iceireland.com\/tr\/#website"},"datePublished":"2022-10-28T14:01:32+00:00","dateModified":"2026-01-30T18:22:57+00:00","breadcrumb":{"@id":"https:\/\/www.iceireland.com\/tr\/our-green-commitment\/#breadcrumb"},"inLanguage":"tr","potentialAction":[{"@type":"ReadAction","target":["https:\/\/www.iceireland.com\/tr\/our-green-commitment\/"]}]},{"@type":"BreadcrumbList","@id":"https:\/\/www.iceireland.com\/tr\/our-green-commitment\/#breadcrumb","itemListElement":[{"@type":"ListItem","position":1,"name":"Home","item":"https:\/\/www.iceireland.com\/tr\/"},{"@type":"ListItem","position":2,"name":"Devam Eden Ye\u015fil Taahh\u00fcd\u00fcm\u00fcz"}]},{"@type":"WebSite","@id":"https:\/\/www.iceireland.com\/tr\/#website","url":"https:\/\/www.iceireland.com\/tr\/","name":"Irish College of English","description":"English School in Dublin, Malahide","publisher":{"@id":"https:\/\/www.iceireland.com\/tr\/#organization"},"potentialAction":[{"@type":"SearchAction","target":{"@type":"EntryPoint","urlTemplate":"https:\/\/www.iceireland.com\/tr\/?s={search_term_string}"},"query-input":{"@type":"PropertyValueSpecification","valueRequired":true,"valueName":"search_term_string"}}],"inLanguage":"tr"},{"@type":"Organization","@id":"https:\/\/www.iceireland.com\/tr\/#organization","name":"Irish College of English","url":"https:\/\/www.iceireland.com\/tr\/","logo":{"@type":"ImageObject","inLanguage":"tr","@id":"https:\/\/www.iceireland.com\/tr\/#\/schema\/logo\/image\/","url":"https:\/\/www.iceireland.com\/wp-content\/uploads\/2022\/03\/logo.png","contentUrl":"https:\/\/www.iceireland.com\/wp-content\/uploads\/2022\/03\/logo.png","width":593,"height":92,"caption":"Irish College of English"},"image":{"@id":"https:\/\/www.iceireland.com\/tr\/#\/schema\/logo\/image\/"}}]}},"_links":{"self":[{"href":"https:\/\/www.iceireland.com\/tr\/wp-json\/wp\/v2\/pages\/32809","targetHints":{"allow":["GET"]}}],"collection":[{"href":"https:\/\/www.iceireland.com\/tr\/wp-json\/wp\/v2\/pages"}],"about":[{"href":"https:\/\/www.iceireland.com\/tr\/wp-json\/wp\/v2\/types\/page"}],"author":[{"embeddable":true,"href":"https:\/\/www.iceireland.com\/tr\/wp-json\/wp\/v2\/users\/3"}],"replies":[{"embeddable":true,"href":"https:\/\/www.iceireland.com\/tr\/wp-json\/wp\/v2\/comments?post=32809"}],"version-history":[{"count":1,"href":"https:\/\/www.iceireland.com\/tr\/wp-json\/wp\/v2\/pages\/32809\/revisions"}],"predecessor-version":[{"id":32815,"href":"https:\/\/www.iceireland.com\/tr\/wp-json\/wp\/v2\/pages\/32809\/revisions\/32815"}],"wp:attachment":[{"href":"https:\/\/www.iceireland.com\/tr\/wp-json\/wp\/v2\/media?parent=32809"}],"curies":[{"name":"wp","href":"https:\/\/api.w.org\/{rel}","templated":true}]}}