{"id":33042,"date":"2025-08-28T10:59:56","date_gmt":"2025-08-28T10:59:56","guid":{"rendered":"https:\/\/www.iceireland.com\/academic-support\/"},"modified":"2026-01-30T18:25:39","modified_gmt":"2026-01-30T18:25:39","slug":"academic-support","status":"publish","type":"page","link":"https:\/\/www.iceireland.com\/tr\/academic-support\/","title":{"rendered":"Akademik Destek"},"content":{"rendered":"\t\t<div data-elementor-type=\"wp-page\" data-elementor-id=\"33042\" class=\"elementor elementor-33042 elementor-31352\" data-elementor-post-type=\"page\">\n\t\t\t\t\t\t<section class=\"elementor-section elementor-top-section elementor-element elementor-element-b55a7ad elementor-section-boxed elementor-section-height-default elementor-section-height-default\" data-id=\"b55a7ad\" data-element_type=\"section\" data-e-type=\"section\">\n\t\t\t\t\t\t<div class=\"elementor-container elementor-column-gap-default\">\n\t\t\t\t\t<div class=\"elementor-column elementor-col-100 elementor-top-column elementor-element elementor-element-2f2634f\" data-id=\"2f2634f\" data-element_type=\"column\" data-e-type=\"column\">\n\t\t\t<div class=\"elementor-widget-wrap elementor-element-populated\">\n\t\t\t\t\t\t<div class=\"elementor-element elementor-element-edea061 elementor-widget elementor-widget-text-editor\" data-id=\"edea061\" data-element_type=\"widget\" data-e-type=\"widget\" data-widget_type=\"text-editor.default\">\n\t\t\t\t<div class=\"elementor-widget-container\">\n\t\t\t\t\t\t\t\t\t<h4 style=\"font-weight: 400;\">Akademik Destek<\/h4><p style=\"font-weight: 400;\">ICE&#8217;de, \u00f6\u011frencilerin dil \u00f6\u011frenme yolculuklar\u0131nda ba\u015far\u0131l\u0131 olmalar\u0131na yard\u0131mc\u0131 olmak i\u00e7in akademik destek sunuyoruz. Bu hizmetler farkl\u0131 \u00f6\u011frenme stillerine, seviyelerine ve hedeflerine hitap eder ve genellikle hem dil becerilerine hem de daha geni\u015f akademik veya mesleki geli\u015fime odaklan\u0131r. <\/p><p style=\"font-weight: 400;\">\u00d6\u011frencilerin dil \u00f6\u011frenme hedeflerine ula\u015fmalar\u0131na yard\u0131mc\u0131 olmak i\u00e7in destek hizmetleri sa\u011flamay\u0131 taahh\u00fct ediyoruz. Buna akademik dan\u0131\u015fmanl\u0131k, \u00f6zel ders ve ek ihtiya\u00e7lar\u0131 olan \u00f6\u011frenciler i\u00e7in ek destek dahildir. <\/p><p style=\"font-weight: 400;\">Etkile\u015fimli s\u0131n\u0131f etkinlikleri, grup projeleri ve sohbet s\u0131n\u0131f\u0131 ve k\u00fclt\u00fcrel etkinlikler gibi m\u00fcfredat d\u0131\u015f\u0131 f\u0131rsatlar arac\u0131l\u0131\u011f\u0131yla \u00f6\u011frencilerin aktif kat\u0131l\u0131m\u0131n\u0131 te\u015fvik ediyoruz.<\/p><p style=\"font-weight: 400;\">ICE, s\u00fcrekli iyile\u015ftirme \u00e7abalar\u0131n\u0131 bilgilendirmek i\u00e7in \u00f6\u011fretim etkinli\u011fi, kurs i\u00e7eri\u011fi ve genel \u00f6\u011frenme deneyimi hakk\u0131nda geri bildirim arayarak \u00f6\u011frenciler ve \u00f6\u011fretmenler aras\u0131nda a\u00e7\u0131k ileti\u015fimi te\u015fvik eder.<\/p><p> <\/p><p style=\"font-weight: 400;\">A\u015fa\u011f\u0131da ICE&#8217;nin yeti\u015fkin \u00f6\u011frencileri akademik olarak nas\u0131l destekledi\u011fine dair \u00f6rnekler yer almaktad\u0131r:<\/p><p> <\/p><p style=\"font-weight: 400;\">Dil Becerilerinin Geli\u015ftirilmesi<\/p><ul style=\"font-weight: 400;\"><li>Haftal\u0131k \u00fccretsiz konu\u015fma dersleri, di\u011fer \u00f6\u011frencilerle ve ana dili \u0130ngilizce olan ki\u015filerle konu\u015fmada ak\u0131c\u0131l\u0131\u011f\u0131 geli\u015ftirmek i\u00e7in d\u00fczenli pratik oturumlar\u0131 sa\u011flar.<\/li><li>Haftal\u0131k IELTS s\u0131nav s\u0131n\u0131flar\u0131, \u00f6\u011frencilere s\u0131navlara haz\u0131rlanma f\u0131rsat\u0131 verir ve di\u011fer \u00f6\u011frencilere s\u0131nav modeli hakk\u0131nda fikir edinme \u015fans\u0131 sunar.<\/li><\/ul><p> <\/p><p style=\"font-weight: 400;\">S\u0131nav Haz\u0131rl\u0131\u011f\u0131<\/p><ul style=\"font-weight: 400;\"><li>\u00d6\u011frencileri yakla\u015fan standartla\u015ft\u0131r\u0131lm\u0131\u015f \u0130ngilizce yeterlilik s\u0131navlar\u0131na haz\u0131rlamak i\u00e7in bireyselle\u015ftirilmi\u015f IELTS veya Cambridge s\u0131nav haz\u0131rl\u0131k e\u011fitimi bir \u00f6\u011frenme deste\u011fi olarak mevcuttur.<\/li><li>IELTS s\u0131nav s\u0131n\u0131flar\u0131m\u0131z\u0131n bir par\u00e7as\u0131 olan deneme s\u0131navlar\u0131, \u00f6\u011frencilere s\u0131nav ko\u015fullar\u0131nda ger\u00e7ek s\u0131navlara girme f\u0131rsat\u0131 sunarak \u00f6\u011frencilerin haz\u0131r olma durumlar\u0131n\u0131 de\u011ferlendirmelerine ve geli\u015ftirmeleri gereken alanlar\u0131 belirlemelerine yard\u0131mc\u0131 olur. Di\u011fer s\u0131navlara giren \u00f6\u011frenciler i\u00e7in akademik ekibimiz deneme s\u0131navlar\u0131na eri\u015fmelerine yard\u0131mc\u0131 olabilir. <\/li><\/ul><p> <\/p><p style=\"font-weight: 400;\">Bireyselle\u015ftirilmi\u015f \u00d6\u011frenme Deste\u011fi<\/p><ul style=\"font-weight: 400;\"><li>\u00d6\u011frenci \u00f6\u011frenim hedefleri ve harici planlanan s\u0131navlar, \u00f6\u011fretmenlerin \u00f6\u011frencilere bu konularda yard\u0131mc\u0131 olabilmeleri i\u00e7in s\u0131n\u0131f kay\u0131t defterine not edilir.<\/li><li>\u00d6\u011frencinin \u00f6zel ihtiya\u00e7lar\u0131na ve hedeflerine odaklanan ki\u015fiselle\u015ftirilmi\u015f e\u011fitim sunan bire bir \u00f6zel ders mevcuttur.<\/li><li>Dil sorunlar\u0131 veya akademik hedefler konusunda rehberlik sa\u011flayan bireysel akademik dan\u0131\u015fmanl\u0131k i\u00e7in akademik destek mevcuttur.<\/li><li>\u00d6\u011frenciler, ek deste\u011fe ihtiya\u00e7 duymalar\u0131 halinde akademik ekibimizle ileti\u015fime ge\u00e7meleri i\u00e7in basit bir sisteme de sahip olan ayl\u0131k s\u00fcre\u00e7 raporlar\u0131 al\u0131rlar. Buna ek olarak, \u00f6\u011fretmenler \u00f6\u011frencileri s\u00fcrekli olarak destekleyecek ve \u00f6\u011frencilerin s\u0131n\u0131f d\u0131\u015f\u0131nda ek destekten yararlanmalar\u0131 durumunda akademik ekibe i\u015faret edebileceklerdir. <\/li><li>Akademik Programlar Koordinat\u00f6r\u00fc, \u00d6\u011frenci Sosyal Yard\u0131m G\u00f6revlisi ve \u00d6\u011frenci Sosyal Yard\u0131m G\u00f6revlisi Yard\u0131mc\u0131lar\u0131n\u0131n y\u00fcksek ve ileri e\u011fitim yollar\u0131, \u0130rlanda&#8217;da ya\u015fama ve pratik yard\u0131m konular\u0131nda destek ve tavsiyelerde bulunabilmelerini sa\u011flayacakt\u0131r.<\/li><\/ul><p> <\/p><p style=\"font-weight: 400;\">Buna ek olarak, t\u00fcm \u00f6\u011frenciler \u015funlardan yararlan\u0131r<\/p><p> <\/p><p style=\"font-weight: 400;\">Geri Bildirim ve De\u011ferlendirme<\/p><ul style=\"font-weight: 400;\"><li>\u00d6\u011frenci geli\u015fimini takip etmek i\u00e7in haftal\u0131k, \u00f6zetleyici ve bi\u00e7imlendirici de\u011ferlendirmeler ve s\u0131n\u0131f etkinlikleri yoluyla s\u00fcrekli de\u011ferlendirme.<\/li><li>\u00d6\u011fretmenler \u00f6\u011frencilere s\u00fcrekli olarak geri bildirimde bulunur ve ayr\u0131ca de\u011ferlendirme notlar\u0131 kaydedilir ve \u00f6\u011frencilere ayl\u0131k ilerleme raporlar\u0131 g\u00f6nderilir.<\/li><\/ul><p> <\/p><p style=\"font-weight: 400;\">Kendi Kendine \u00c7al\u0131\u015fma Kaynaklar\u0131<\/p><ul style=\"font-weight: 400;\"><li>\u00d6\u011fretmenler, \u00f6\u011frencilerin ders kitaplar\u0131na, \u00e7al\u0131\u015fma kitaplar\u0131na, dilbilgisi k\u0131lavuzlar\u0131na ve onlar\u0131 destekleyecek di\u011fer \u00f6\u011frenme materyallerine eri\u015fmelerine yard\u0131mc\u0131 olur.<\/li><li>K\u00fc\u00e7\u00fck k\u00fct\u00fcphanemize kolayca eri\u015filebilir ve kitaplar herhangi bir evrak i\u015fi olmadan onur sistemimizle \u00f6d\u00fcn\u00e7 al\u0131nabilir.<\/li><li>\u00d6\u011frenciler, uygulamalar, web siteleri ve English File online gibi interaktif \u00f6\u011frenme platformlar\u0131 gibi \u00e7evrimi\u00e7i kaynaklarla tan\u0131\u015ft\u0131r\u0131l\u0131r.<\/li><\/ul>\t\t\t\t\t\t\t\t<\/div>\n\t\t\t\t<\/div>\n\t\t\t\t\t<\/div>\n\t\t<\/div>\n\t\t\t\t\t<\/div>\n\t\t<\/section>\n\t\t\t\t<section class=\"elementor-section elementor-top-section elementor-element elementor-element-d3ca70a elementor-section-boxed elementor-section-height-default elementor-section-height-default\" data-id=\"d3ca70a\" data-element_type=\"section\" data-e-type=\"section\">\n\t\t\t\t\t\t<div class=\"elementor-container elementor-column-gap-default\">\n\t\t\t\t\t<div class=\"elementor-column elementor-col-100 elementor-top-column elementor-element elementor-element-ea712aa\" data-id=\"ea712aa\" data-element_type=\"column\" data-e-type=\"column\">\n\t\t\t<div class=\"elementor-widget-wrap elementor-element-populated\">\n\t\t\t\t\t\t<div class=\"elementor-element elementor-element-83e9269 elementor-widget elementor-widget-spacer\" data-id=\"83e9269\" data-element_type=\"widget\" data-e-type=\"widget\" data-widget_type=\"spacer.default\">\n\t\t\t\t<div class=\"elementor-widget-container\">\n\t\t\t\t\t\t\t<div class=\"elementor-spacer\">\n\t\t\t<div class=\"elementor-spacer-inner\"><\/div>\n\t\t<\/div>\n\t\t\t\t\t\t<\/div>\n\t\t\t\t<\/div>\n\t\t\t\t\t<\/div>\n\t\t<\/div>\n\t\t\t\t\t<\/div>\n\t\t<\/section>\n\t\t\t\t<\/div>\n\t\t","protected":false},"excerpt":{"rendered":"<p>Akademik Destek ICE&#8217;de, \u00f6\u011frencilerin dil \u00f6\u011frenme yolculuklar\u0131nda ba\u015far\u0131l\u0131 olmalar\u0131na yard\u0131mc\u0131 olmak i\u00e7in akademik destek sunuyoruz. Bu hizmetler farkl\u0131 \u00f6\u011frenme stillerine, seviyelerine ve hedeflerine hitap eder ve genellikle hem dil becerilerine hem de daha geni\u015f akademik veya mesleki geli\u015fime odaklan\u0131r. \u00d6\u011frencilerin dil \u00f6\u011frenme hedeflerine ula\u015fmalar\u0131na yard\u0131mc\u0131 olmak i\u00e7in destek hizmetleri sa\u011flamay\u0131 taahh\u00fct ediyoruz. Buna akademik dan\u0131\u015fmanl\u0131k, [&hellip;]<\/p>\n","protected":false},"author":3,"featured_media":0,"parent":0,"menu_order":0,"comment_status":"closed","ping_status":"closed","template":"","meta":{"content-type":"","footnotes":""},"class_list":["post-33042","page","type-page","status-publish","hentry"],"yoast_head":"<!-- This site is optimized with the Yoast SEO plugin v27.3 - https:\/\/yoast.com\/product\/yoast-seo-wordpress\/ -->\n<title>Akademik Destek - Irish College of English<\/title>\n<meta name=\"robots\" content=\"index, follow, max-snippet:-1, max-image-preview:large, max-video-preview:-1\" \/>\n<link rel=\"canonical\" href=\"https:\/\/www.iceireland.com\/tr\/academic-support\/\" \/>\n<meta property=\"og:locale\" content=\"tr_TR\" \/>\n<meta property=\"og:type\" content=\"article\" \/>\n<meta property=\"og:title\" content=\"Akademik Destek - Irish College of English\" \/>\n<meta property=\"og:description\" content=\"Akademik Destek ICE&#8217;de, \u00f6\u011frencilerin dil \u00f6\u011frenme yolculuklar\u0131nda ba\u015far\u0131l\u0131 olmalar\u0131na yard\u0131mc\u0131 olmak i\u00e7in akademik destek sunuyoruz. Bu hizmetler farkl\u0131 \u00f6\u011frenme stillerine, seviyelerine ve hedeflerine hitap eder ve genellikle hem dil becerilerine hem de daha geni\u015f akademik veya mesleki geli\u015fime odaklan\u0131r. \u00d6\u011frencilerin dil \u00f6\u011frenme hedeflerine ula\u015fmalar\u0131na yard\u0131mc\u0131 olmak i\u00e7in destek hizmetleri sa\u011flamay\u0131 taahh\u00fct ediyoruz. Buna akademik dan\u0131\u015fmanl\u0131k, [&hellip;]\" \/>\n<meta property=\"og:url\" content=\"https:\/\/www.iceireland.com\/tr\/academic-support\/\" \/>\n<meta property=\"og:site_name\" content=\"Irish College of English\" \/>\n<meta property=\"article:modified_time\" content=\"2026-01-30T18:25:39+00:00\" \/>\n<meta name=\"twitter:label1\" content=\"Tahmini okuma s\u00fcresi\" \/>\n\t<meta name=\"twitter:data1\" content=\"3 dakika\" \/>\n<script type=\"application\/ld+json\" class=\"yoast-schema-graph\">{\"@context\":\"https:\\\/\\\/schema.org\",\"@graph\":[{\"@type\":\"WebPage\",\"@id\":\"https:\\\/\\\/www.iceireland.com\\\/tr\\\/academic-support\\\/\",\"url\":\"https:\\\/\\\/www.iceireland.com\\\/tr\\\/academic-support\\\/\",\"name\":\"Akademik Destek - Irish College of English\",\"isPartOf\":{\"@id\":\"https:\\\/\\\/www.iceireland.com\\\/tr\\\/#website\"},\"datePublished\":\"2025-08-28T10:59:56+00:00\",\"dateModified\":\"2026-01-30T18:25:39+00:00\",\"breadcrumb\":{\"@id\":\"https:\\\/\\\/www.iceireland.com\\\/tr\\\/academic-support\\\/#breadcrumb\"},\"inLanguage\":\"tr\",\"potentialAction\":[{\"@type\":\"ReadAction\",\"target\":[\"https:\\\/\\\/www.iceireland.com\\\/tr\\\/academic-support\\\/\"]}]},{\"@type\":\"BreadcrumbList\",\"@id\":\"https:\\\/\\\/www.iceireland.com\\\/tr\\\/academic-support\\\/#breadcrumb\",\"itemListElement\":[{\"@type\":\"ListItem\",\"position\":1,\"name\":\"Home\",\"item\":\"https:\\\/\\\/www.iceireland.com\\\/tr\\\/\"},{\"@type\":\"ListItem\",\"position\":2,\"name\":\"Akademik Destek\"}]},{\"@type\":\"WebSite\",\"@id\":\"https:\\\/\\\/www.iceireland.com\\\/tr\\\/#website\",\"url\":\"https:\\\/\\\/www.iceireland.com\\\/tr\\\/\",\"name\":\"Irish College of English\",\"description\":\"English School in Dublin, Malahide\",\"publisher\":{\"@id\":\"https:\\\/\\\/www.iceireland.com\\\/tr\\\/#organization\"},\"potentialAction\":[{\"@type\":\"SearchAction\",\"target\":{\"@type\":\"EntryPoint\",\"urlTemplate\":\"https:\\\/\\\/www.iceireland.com\\\/tr\\\/?s={search_term_string}\"},\"query-input\":{\"@type\":\"PropertyValueSpecification\",\"valueRequired\":true,\"valueName\":\"search_term_string\"}}],\"inLanguage\":\"tr\"},{\"@type\":\"Organization\",\"@id\":\"https:\\\/\\\/www.iceireland.com\\\/tr\\\/#organization\",\"name\":\"Irish College of English\",\"url\":\"https:\\\/\\\/www.iceireland.com\\\/tr\\\/\",\"logo\":{\"@type\":\"ImageObject\",\"inLanguage\":\"tr\",\"@id\":\"https:\\\/\\\/www.iceireland.com\\\/tr\\\/#\\\/schema\\\/logo\\\/image\\\/\",\"url\":\"https:\\\/\\\/www.iceireland.com\\\/wp-content\\\/uploads\\\/2022\\\/03\\\/logo.png\",\"contentUrl\":\"https:\\\/\\\/www.iceireland.com\\\/wp-content\\\/uploads\\\/2022\\\/03\\\/logo.png\",\"width\":593,\"height\":92,\"caption\":\"Irish College of English\"},\"image\":{\"@id\":\"https:\\\/\\\/www.iceireland.com\\\/tr\\\/#\\\/schema\\\/logo\\\/image\\\/\"}}]}<\/script>\n<!-- \/ Yoast SEO plugin. -->","yoast_head_json":{"title":"Akademik Destek - Irish College of English","robots":{"index":"index","follow":"follow","max-snippet":"max-snippet:-1","max-image-preview":"max-image-preview:large","max-video-preview":"max-video-preview:-1"},"canonical":"https:\/\/www.iceireland.com\/tr\/academic-support\/","og_locale":"tr_TR","og_type":"article","og_title":"Akademik Destek - Irish College of English","og_description":"Akademik Destek ICE&#8217;de, \u00f6\u011frencilerin dil \u00f6\u011frenme yolculuklar\u0131nda ba\u015far\u0131l\u0131 olmalar\u0131na yard\u0131mc\u0131 olmak i\u00e7in akademik destek sunuyoruz. Bu hizmetler farkl\u0131 \u00f6\u011frenme stillerine, seviyelerine ve hedeflerine hitap eder ve genellikle hem dil becerilerine hem de daha geni\u015f akademik veya mesleki geli\u015fime odaklan\u0131r. \u00d6\u011frencilerin dil \u00f6\u011frenme hedeflerine ula\u015fmalar\u0131na yard\u0131mc\u0131 olmak i\u00e7in destek hizmetleri sa\u011flamay\u0131 taahh\u00fct ediyoruz. Buna akademik dan\u0131\u015fmanl\u0131k, [&hellip;]","og_url":"https:\/\/www.iceireland.com\/tr\/academic-support\/","og_site_name":"Irish College of English","article_modified_time":"2026-01-30T18:25:39+00:00","twitter_misc":{"Tahmini okuma s\u00fcresi":"3 dakika"},"schema":{"@context":"https:\/\/schema.org","@graph":[{"@type":"WebPage","@id":"https:\/\/www.iceireland.com\/tr\/academic-support\/","url":"https:\/\/www.iceireland.com\/tr\/academic-support\/","name":"Akademik Destek - Irish College of English","isPartOf":{"@id":"https:\/\/www.iceireland.com\/tr\/#website"},"datePublished":"2025-08-28T10:59:56+00:00","dateModified":"2026-01-30T18:25:39+00:00","breadcrumb":{"@id":"https:\/\/www.iceireland.com\/tr\/academic-support\/#breadcrumb"},"inLanguage":"tr","potentialAction":[{"@type":"ReadAction","target":["https:\/\/www.iceireland.com\/tr\/academic-support\/"]}]},{"@type":"BreadcrumbList","@id":"https:\/\/www.iceireland.com\/tr\/academic-support\/#breadcrumb","itemListElement":[{"@type":"ListItem","position":1,"name":"Home","item":"https:\/\/www.iceireland.com\/tr\/"},{"@type":"ListItem","position":2,"name":"Akademik Destek"}]},{"@type":"WebSite","@id":"https:\/\/www.iceireland.com\/tr\/#website","url":"https:\/\/www.iceireland.com\/tr\/","name":"Irish College of English","description":"English School in Dublin, Malahide","publisher":{"@id":"https:\/\/www.iceireland.com\/tr\/#organization"},"potentialAction":[{"@type":"SearchAction","target":{"@type":"EntryPoint","urlTemplate":"https:\/\/www.iceireland.com\/tr\/?s={search_term_string}"},"query-input":{"@type":"PropertyValueSpecification","valueRequired":true,"valueName":"search_term_string"}}],"inLanguage":"tr"},{"@type":"Organization","@id":"https:\/\/www.iceireland.com\/tr\/#organization","name":"Irish College of English","url":"https:\/\/www.iceireland.com\/tr\/","logo":{"@type":"ImageObject","inLanguage":"tr","@id":"https:\/\/www.iceireland.com\/tr\/#\/schema\/logo\/image\/","url":"https:\/\/www.iceireland.com\/wp-content\/uploads\/2022\/03\/logo.png","contentUrl":"https:\/\/www.iceireland.com\/wp-content\/uploads\/2022\/03\/logo.png","width":593,"height":92,"caption":"Irish College of English"},"image":{"@id":"https:\/\/www.iceireland.com\/tr\/#\/schema\/logo\/image\/"}}]}},"_links":{"self":[{"href":"https:\/\/www.iceireland.com\/tr\/wp-json\/wp\/v2\/pages\/33042","targetHints":{"allow":["GET"]}}],"collection":[{"href":"https:\/\/www.iceireland.com\/tr\/wp-json\/wp\/v2\/pages"}],"about":[{"href":"https:\/\/www.iceireland.com\/tr\/wp-json\/wp\/v2\/types\/page"}],"author":[{"embeddable":true,"href":"https:\/\/www.iceireland.com\/tr\/wp-json\/wp\/v2\/users\/3"}],"replies":[{"embeddable":true,"href":"https:\/\/www.iceireland.com\/tr\/wp-json\/wp\/v2\/comments?post=33042"}],"version-history":[{"count":1,"href":"https:\/\/www.iceireland.com\/tr\/wp-json\/wp\/v2\/pages\/33042\/revisions"}],"predecessor-version":[{"id":33044,"href":"https:\/\/www.iceireland.com\/tr\/wp-json\/wp\/v2\/pages\/33042\/revisions\/33044"}],"wp:attachment":[{"href":"https:\/\/www.iceireland.com\/tr\/wp-json\/wp\/v2\/media?parent=33042"}],"curies":[{"name":"wp","href":"https:\/\/api.w.org\/{rel}","templated":true}]}}