{"id":33052,"date":"2025-08-28T09:23:09","date_gmt":"2025-08-28T09:23:09","guid":{"rendered":"https:\/\/www.iceireland.com\/visa-immigration-support\/"},"modified":"2026-03-14T11:33:50","modified_gmt":"2026-03-14T11:33:50","slug":"visa-immigration-support","status":"publish","type":"page","link":"https:\/\/www.iceireland.com\/tr\/visa-immigration-support\/","title":{"rendered":"Vize ve G\u00f6\u00e7menlik Deste\u011fi"},"content":{"rendered":"\t\t<div data-elementor-type=\"wp-page\" data-elementor-id=\"33052\" class=\"elementor elementor-33052 elementor-31322\" data-elementor-post-type=\"page\">\n\t\t\t\t\t\t<section class=\"elementor-section elementor-top-section elementor-element elementor-element-ded4c0a elementor-section-boxed elementor-section-height-default elementor-section-height-default\" data-id=\"ded4c0a\" data-element_type=\"section\" data-e-type=\"section\">\n\t\t\t\t\t\t<div class=\"elementor-container elementor-column-gap-default\">\n\t\t\t\t\t<div class=\"elementor-column elementor-col-100 elementor-top-column elementor-element elementor-element-07c7a5c\" data-id=\"07c7a5c\" data-element_type=\"column\" data-e-type=\"column\">\n\t\t\t<div class=\"elementor-widget-wrap elementor-element-populated\">\n\t\t\t\t\t\t<div class=\"elementor-element elementor-element-4254848 elementor-widget elementor-widget-text-editor\" data-id=\"4254848\" data-element_type=\"widget\" data-e-type=\"widget\" data-widget_type=\"text-editor.default\">\n\t\t\t\t<div class=\"elementor-widget-container\">\n\t\t\t\t\t\t\t\t\t<h2><span style=\"color: #808080;\">Vize ve G\u00f6\u00e7menlik Deste\u011fi<\/span><\/h2><p data-start=\"386\" data-end=\"759\"> <\/p><p data-start=\"386\" data-end=\"759\"><span style=\"color: #808080;\"><strong>Vize Ba\u015fvurusu Yapman\u0131z Gerekiyor mu?<\/strong><\/span><\/p><ul><li data-start=\"386\" data-end=\"759\">E\u011fer bir AB\/EAA \u00fclkesinden geliyorsan\u0131z, \u0130rlanda&#8217;da e\u011fitim almak i\u00e7in vize alman\u0131za gerek yoktur.<\/li><li>AB\/AEA \u00fcyesi olmayan \u00f6\u011frencilerin bir kabul mektubuna sahip olmalar\u0131 ve \u0130rlanda&#8217;da e\u011fitim almak i\u00e7in \u00fccretlerinizi \u00f6demi\u015f olmalar\u0131 gerekecektir.<\/li><li>Uyru\u011funuza ba\u011fl\u0131 olarak vize alman\u0131z da gerekebilir. <span style=\"color: #808080;\">\u0130rlanda <span style=\"text-decoration: underline;\"><a style=\"color: #808080; text-decoration: underline;\" href=\"https:\/\/www.irishimmigration.ie\/\" target=\"_blank\" rel=\"noopener\">G\u00f6\u00e7menlik web sitesinde<\/a><\/span> uyru\u011funuza g\u00f6re \u0130rlanda&#8217;ya girmek i\u00e7in neye ihtiyac\u0131n\u0131z oldu\u011funu \u00f6\u011frenin.<\/span><\/li><li data-start=\"386\" data-end=\"759\">AB\/EAA \u00fcyesi olmayan ve 90 g\u00fcnden fazla kalacak t\u00fcm \u00f6\u011frencilerin \u0130rlanda G\u00f6\u00e7menlik B\u00fcrosuna (ISD) kay\u0131t yapt\u0131rmalar\u0131 gerekmektedir.<\/li><\/ul><div id=\"Requirements\"><div class=\"wrapper wrapper--large content--padding\"><div class=\"rich-text\"><div class=\"rich-text rich-text__narrow\"><div class=\"rich_text__summary\"><p data-block-key=\"8i3qr\"> <\/p><\/div><\/div><\/div><\/div><\/div><div tabindex=\"0\"><span style=\"color: #808080;\"><strong>\u0130rlanda&#8217;da E\u011fitim Almak \u0130\u00e7in Vizeye \u0130htiyac\u0131n\u0131z Varsa<\/strong><\/span><\/div><div tabindex=\"0\"> <\/div><div tabindex=\"0\"><span style=\"color: #808080;\">Bir rezervasyon formu dolduracak ve pasaportunuzun bir kopyas\u0131n\u0131 ileteceksiniz. Kurs \u00fccretlerine ili\u015fkin bir fatura d\u00fczenleyece\u011fiz, \u00fccretler Transfermate arac\u0131l\u0131\u011f\u0131yla \u00f6denmelidir ve vize karar\u0131n\u0131 beklerken emanette tutulacakt\u0131r. Kurs \u00f6demeniz onayland\u0131\u011f\u0131nda kabul mektubunuzu d\u00fczenleyebilir ve vize ba\u015fvurunuzu yapabilirsiniz.  <\/span><\/div><div tabindex=\"0\"> <\/div><div tabindex=\"0\">Vize ba\u015fvurular\u0131 genel olarak 6 ila 8 hafta s\u00fcrmektedir ve gecikmeleri \u00f6nlemek i\u00e7in kurs ba\u015flang\u0131\u00e7 tarihinizden 3 ay \u00f6nce ba\u015fvurman\u0131z\u0131 tavsiye ederiz.<\/div><div tabindex=\"0\"> <\/div><div id=\"Application\"><div class=\"wrapper wrapper--large content--padding\"><div class=\"rich-text\"><div class=\"rich-text rich-text__narrow\"><p class=\"story__heading heading--2\"><span style=\"color: #808080;\"><b>Vize Ba\u015fvurunuzu G\u00f6nderme<\/b><\/span><\/p><div class=\"rich_text__summary\"> <\/div><div class=\"rich_text__summary\"><p>Vize ba\u015fvurusunda bulunmak i\u00e7in:<\/p><ol><li>Online ba\u015fvuru formunu doldurun <a href=\"http:\/\/www.visas.inis.gov.ie\/AVATS\/OnlineHome.aspx\">www.visas.inis.gov.ie\/AVATS\/OnlineHome.aspx<\/a><\/li><li>Destekleyici belgeleri, pasaport foto\u011fraf\u0131n\u0131 ve \u00fccreti toplay\u0131n.<\/li><li>Online ba\u015fvuru sistemi otomatik olarak \u00f6\u011frencilerden el\u00e7ili\u011fe belge g\u00f6ndermelerini isteyecektir.<\/li><\/ol><p>Vize ba\u015fvurular\u0131 hakk\u0131nda ek bilgi i\u00e7in l\u00fctfen a\u015fa\u011f\u0131daki web sayfalar\u0131n\u0131 kontrol edin: <a href=\"https:\/\/www.dfa.ie\/travel\/visas\/visas-for-ireland\/\">https:\/\/www.dfa.ie\/travel\/visas\/visas-for-ireland\/<\/a> &amp; <a href=\"http:\/\/www.inis.gov.ie\/en\/INIS\/Pages\/Study\">http:\/\/www.inis.gov.ie\/en\/INIS\/Pages\/Study<\/a><\/p><p data-block-key=\"9or89\"> <\/p><p data-block-key=\"9or89\"><span style=\"color: #808080;\"><strong>Ba\u015fvurunuzu takip etme<\/strong><\/span><\/p><p data-block-key=\"1md8t\"><span style=\"color: #808080;\">Ba\u015fvurunuzun yap\u0131ld\u0131\u011f\u0131 B\u00fcy\u00fckel\u00e7ilik veya Konsoloslukla ileti\u015fime ge\u00e7erek, ba\u015fvurunuzdaki referans numaras\u0131n\u0131 belirterek ba\u015fvurunuzu takip edin.<\/span><\/p><p data-block-key=\"7eoon\"><span style=\"color: #808080;\">Ba\u015fvurunuzu Dublin&#8217;e g\u00f6nderdiyseniz, <a style=\"color: #808080;\" href=\"https:\/\/www.irishimmigration.ie\/contact-immigration-service-delivery\/\">do\u011frudan G\u00f6\u00e7menlik Hizmeti Teslimat\u0131 ile ileti\u015fime ge\u00e7<\/a>melisiniz.<\/span><\/p><p data-block-key=\"98tpr\"> <\/p><p data-block-key=\"98tpr\"><span style=\"color: #808080;\"><b>Bildirim<\/b><\/span><\/p><p data-block-key=\"ffqqi\"><span style=\"color: #808080;\">Bir B\u00fcy\u00fckel\u00e7ilik veya Konsoloslu\u011fa ba\u015fvurduysan\u0131z, karar verildikten sonra sizinle ileti\u015fime ge\u00e7eceklerdir.<\/span><\/p><p data-block-key=\"3pd3g\"><span style=\"color: #808080;\">Do\u011frudan Dublin&#8217;deki INIS&#8217;e ba\u015fvurduysan\u0131z veya ba\u015fvurunuz bir karar i\u00e7in INIS&#8217;e havale edildiyse, G\u00f6\u00e7menlik Hizmet Sunumunun <a style=\"color: #808080;\" href=\"https:\/\/www.irishimmigration.ie\/visa-decisions\/\"><b>Vize Karar\u0131 Haftal\u0131k Listesi<\/b><\/a> referans numaran\u0131z\u0131 kullanarak.<\/span><\/p><\/div><p data-block-key=\"3pd3g\"><strong>Vize Ba\u015fvurunuz Reddedilirse<\/strong><\/p><p>\u00d6\u011frencilere vize verilmeyebilir ve ba\u015far\u0131s\u0131z bir vize ba\u015fvurusu durumunda 200 \u20ac idari \u00fccret al\u0131konulacakt\u0131r.<\/p><p>Para iadeleri yaln\u0131zca b\u00fcy\u00fckel\u00e7ilikten vize ret mektubu al\u0131nmas\u0131 halinde yap\u0131lacakt\u0131r.<\/p><div class=\"rich_text__summary\"><p data-block-key=\"3pd3g\"> <\/p><p data-block-key=\"3pd3g\"><strong>\u0130rlanda&#8217;da G\u00f6\u00e7menlik Kayd\u0131<\/strong><\/p><p data-block-key=\"3pd3g\"><strong data-start=\"2145\" data-end=\"2192\">AB \u00fcyesi olmayan ve 90 g\u00fcnden uzun s\u00fcre e\u011fitim g\u00f6ren bir \u00f6\u011frenciyseniz<\/strong>, \u0130rlanda&#8217;ya vard\u0131ktan sonra g\u00f6\u00e7menlik b\u00fcrosuna kay\u0131t yapt\u0131racaks\u0131n\u0131z.<\/p><p class=\"cvGsUA direction-ltr align-start para-style-body\"><span class=\"a_GcMg font-feature-liga-off font-feature-clig-off font-feature-calt-off text-decoration-none text-strikethrough-none\">\u0130rlanda G\u00f6\u00e7menlik B\u00fcrosu web sitesinden randevu alacaks\u0131n\u0131z <\/span><span class=\"a_GcMg font-feature-liga-off font-feature-clig-off font-feature-calt-off text-decoration-none text-strikethrough-none\">https:\/\/portal.irishimmigration.ie\/en\/ <\/span> <\/p><p>Kay\u0131t randevunuzda a\u015fa\u011f\u0131daki belgelere ihtiyac\u0131n\u0131z olacakt\u0131r;<\/p><ul><li>Kursunuzu onaylayan kabul mektubu<\/li><li>Kurs \u00f6demenizin tamam\u0131n\u0131n yap\u0131ld\u0131\u011f\u0131na dair belge<\/li><li>Ge\u00e7erli pasaport<\/li><li>\u00d6zel sa\u011fl\u0131k sigortas\u0131<\/li><li>\u0130rlanda&#8217;da adres kan\u0131t\u0131<\/li><li>Mali destek kan\u0131t\u0131, ad\u0131n\u0131za d\u00fczenlenmi\u015f ve bakiyesi en az 6.665 Avro olan banka hesap \u00f6zeti<\/li><li>Kay\u0131t \u00fccreti, banka\/kredi kart\u0131 ile \u00f6denen 300 \u20ac<\/li><\/ul><div> <\/div><div>Birka\u00e7 hafta i\u00e7inde posta yoluyla bir <strong data-start=\"2019\" data-end=\"2056\">\u0130rlanda Oturma \u0130zni (IRP) kart\u0131<\/strong> al\u0131rs\u0131n\u0131z. Kartta <strong data-start=\"2107\" data-end=\"2157\">g\u00f6\u00e7menlik damgan\u0131z (\u00f6rne\u011fin \u00f6\u011frenciler i\u00e7in Damga 2)<\/strong> ve son kullanma tarihiniz g\u00f6sterilir.   <\/div><div> <\/div><div>\u00d6\u011frenciler e\u011fer isterlerse vizelerini iki kez yenileyebilirler;<\/div><\/div><ul><li>  ILEP&#8217;e kay\u0131tl\u0131 ba\u015fka bir kursa kaydolun.<\/li><li>Kurs \u00fccretlerini tam olarak \u00f6deyin.<\/li><li>En az %85 devaml\u0131l\u0131k d\u00fczeyini korumak.<\/li><li>Kurslar\u0131n\u0131n sonunda tan\u0131nan bir s\u0131nava girerler (ILETS).<\/li><li>\u00d6zel sa\u011fl\u0131k sigortas\u0131 sat\u0131n al\u0131n.  <\/li><li>Ge\u00e7erli bir pasaportunuz olsun.  <\/li><\/ul><div class=\"rich_text__summary\"><div> <\/div><p data-block-key=\"3pd3g\"><strong>Vize \u00d6\u011frenci Y\u00fck\u00fcml\u00fcl\u00fckleri<\/strong><\/p><p data-block-key=\"3pd3g\">ILEP kay\u0131tl\u0131 bir kursa kat\u0131lan vize \u00f6\u011frencileri \u015funlar\u0131 yapmal\u0131d\u0131r:<\/p><ul><li data-block-key=\"3pd3g\">En az %85&#8217;lik bir devaml\u0131l\u0131k oran\u0131n\u0131 korumak.<\/li><li data-block-key=\"3pd3g\">Kurslar\u0131n\u0131n sonunda tan\u0131nm\u0131\u015f bir s\u0131nava girerler, IELTS Akademik Y\u0131l Program\u0131na dahildir.<\/li><li data-block-key=\"3pd3g\">Kurs s\u00fcreleri boyunca ge\u00e7erli sa\u011fl\u0131k sigortas\u0131na sahip olmak.<\/li><li data-block-key=\"3pd3g\">Pasaportunuzun 8 aydan daha uzun s\u00fcre ge\u00e7erli oldu\u011fundan emin olun.<\/li><\/ul><p> <\/p><p><strong>\u0130\u015f ve Tatiller<\/strong><\/p><p>Akademik Y\u0131l \u00f6\u011frencileri 25 ders haftas\u0131n\u0131 tamamlamak zorundad\u0131r. Kalan 8 hafta tatil d\u00f6nemidir. <\/p><p>Noel tatili i\u00e7in 3 haftal\u0131k zorunlu bir tatil vard\u0131r, tatilin geri kalan\u0131 25 kurs haftas\u0131n\u0131n tamamlanmas\u0131yla al\u0131nacakt\u0131r, bir \u00f6\u011frencinin bu d\u00f6nemler d\u0131\u015f\u0131nda almak istedi\u011fi herhangi bir tatil, ilk kurs haftas\u0131nda rezerve edilmelidir.<\/p><p>Akademik Y\u0131l \u00f6\u011frencileri kurs s\u00fcresince haftada 20 saat, Haziran-Eyl\u00fcl ve <sup>15<\/sup> <sup>Aral\u0131k-15<\/sup> Ocak tarihleri aras\u0131ndaki tatillerde ise haftada 40 saat \u00e7al\u0131\u015fma hakk\u0131na sahiptir.<\/p><\/div><\/div><\/div><\/div><\/div><p data-start=\"3634\" data-end=\"3727\"> <\/p>\t\t\t\t\t\t\t\t<\/div>\n\t\t\t\t<\/div>\n\t\t\t\t\t<\/div>\n\t\t<\/div>\n\t\t\t\t\t<\/div>\n\t\t<\/section>\n\t\t\t\t<section class=\"elementor-section elementor-top-section elementor-element elementor-element-d3fae5e elementor-section-boxed elementor-section-height-default elementor-section-height-default\" data-id=\"d3fae5e\" data-element_type=\"section\" data-e-type=\"section\">\n\t\t\t\t\t\t<div class=\"elementor-container elementor-column-gap-default\">\n\t\t\t\t\t<div class=\"elementor-column elementor-col-100 elementor-top-column elementor-element elementor-element-b10bd47\" data-id=\"b10bd47\" data-element_type=\"column\" data-e-type=\"column\">\n\t\t\t<div class=\"elementor-widget-wrap elementor-element-populated\">\n\t\t\t\t\t\t<div class=\"elementor-element elementor-element-6d2bda8 elementor-widget elementor-widget-spacer\" data-id=\"6d2bda8\" data-element_type=\"widget\" data-e-type=\"widget\" data-widget_type=\"spacer.default\">\n\t\t\t\t<div class=\"elementor-widget-container\">\n\t\t\t\t\t\t\t<div class=\"elementor-spacer\">\n\t\t\t<div class=\"elementor-spacer-inner\"><\/div>\n\t\t<\/div>\n\t\t\t\t\t\t<\/div>\n\t\t\t\t<\/div>\n\t\t\t\t\t<\/div>\n\t\t<\/div>\n\t\t\t\t\t<\/div>\n\t\t<\/section>\n\t\t\t\t<\/div>\n\t\t","protected":false},"excerpt":{"rendered":"<p>Vize ve G\u00f6\u00e7menlik Deste\u011fi Vize Ba\u015fvurusu Yapman\u0131z Gerekiyor mu? E\u011fer bir AB\/EAA \u00fclkesinden geliyorsan\u0131z, \u0130rlanda&#8217;da e\u011fitim almak i\u00e7in vize alman\u0131za gerek yoktur. AB\/AEA \u00fcyesi olmayan \u00f6\u011frencilerin bir kabul mektubuna sahip olmalar\u0131 ve \u0130rlanda&#8217;da e\u011fitim almak i\u00e7in \u00fccretlerinizi \u00f6demi\u015f olmalar\u0131 gerekecektir. Uyru\u011funuza ba\u011fl\u0131 olarak vize alman\u0131z da gerekebilir. \u0130rlanda G\u00f6\u00e7menlik web sitesinde uyru\u011funuza g\u00f6re \u0130rlanda&#8217;ya girmek [&hellip;]<\/p>\n","protected":false},"author":3,"featured_media":0,"parent":0,"menu_order":0,"comment_status":"closed","ping_status":"closed","template":"elementor_header_footer","meta":{"content-type":"","footnotes":""},"class_list":["post-33052","page","type-page","status-publish","hentry"],"yoast_head":"<!-- This site is optimized with the Yoast SEO plugin v27.3 - https:\/\/yoast.com\/product\/yoast-seo-wordpress\/ -->\n<title>Vize ve G\u00f6\u00e7menlik Deste\u011fi - Irish College of English<\/title>\n<meta name=\"robots\" content=\"index, follow, max-snippet:-1, max-image-preview:large, max-video-preview:-1\" \/>\n<link rel=\"canonical\" href=\"https:\/\/www.iceireland.com\/tr\/visa-immigration-support\/\" \/>\n<meta property=\"og:locale\" content=\"tr_TR\" \/>\n<meta property=\"og:type\" content=\"article\" \/>\n<meta property=\"og:title\" content=\"Vize ve G\u00f6\u00e7menlik Deste\u011fi - Irish College of English\" \/>\n<meta property=\"og:description\" content=\"Vize ve G\u00f6\u00e7menlik Deste\u011fi Vize Ba\u015fvurusu Yapman\u0131z Gerekiyor mu? E\u011fer bir AB\/EAA \u00fclkesinden geliyorsan\u0131z, \u0130rlanda&#8217;da e\u011fitim almak i\u00e7in vize alman\u0131za gerek yoktur. AB\/AEA \u00fcyesi olmayan \u00f6\u011frencilerin bir kabul mektubuna sahip olmalar\u0131 ve \u0130rlanda&#8217;da e\u011fitim almak i\u00e7in \u00fccretlerinizi \u00f6demi\u015f olmalar\u0131 gerekecektir. Uyru\u011funuza ba\u011fl\u0131 olarak vize alman\u0131z da gerekebilir. \u0130rlanda G\u00f6\u00e7menlik web sitesinde uyru\u011funuza g\u00f6re \u0130rlanda&#8217;ya girmek [&hellip;]\" \/>\n<meta property=\"og:url\" content=\"https:\/\/www.iceireland.com\/tr\/visa-immigration-support\/\" \/>\n<meta property=\"og:site_name\" content=\"Irish College of English\" \/>\n<meta property=\"article:modified_time\" content=\"2026-03-14T11:33:50+00:00\" \/>\n<meta name=\"twitter:label1\" content=\"Tahmini okuma s\u00fcresi\" \/>\n\t<meta name=\"twitter:data1\" content=\"4 dakika\" \/>\n<script type=\"application\/ld+json\" class=\"yoast-schema-graph\">{\"@context\":\"https:\\\/\\\/schema.org\",\"@graph\":[{\"@type\":\"WebPage\",\"@id\":\"https:\\\/\\\/www.iceireland.com\\\/tr\\\/visa-immigration-support\\\/\",\"url\":\"https:\\\/\\\/www.iceireland.com\\\/tr\\\/visa-immigration-support\\\/\",\"name\":\"Vize ve G\u00f6\u00e7menlik Deste\u011fi - Irish College of English\",\"isPartOf\":{\"@id\":\"https:\\\/\\\/www.iceireland.com\\\/tr\\\/#website\"},\"datePublished\":\"2025-08-28T09:23:09+00:00\",\"dateModified\":\"2026-03-14T11:33:50+00:00\",\"breadcrumb\":{\"@id\":\"https:\\\/\\\/www.iceireland.com\\\/tr\\\/visa-immigration-support\\\/#breadcrumb\"},\"inLanguage\":\"tr\",\"potentialAction\":[{\"@type\":\"ReadAction\",\"target\":[\"https:\\\/\\\/www.iceireland.com\\\/tr\\\/visa-immigration-support\\\/\"]}]},{\"@type\":\"BreadcrumbList\",\"@id\":\"https:\\\/\\\/www.iceireland.com\\\/tr\\\/visa-immigration-support\\\/#breadcrumb\",\"itemListElement\":[{\"@type\":\"ListItem\",\"position\":1,\"name\":\"Home\",\"item\":\"https:\\\/\\\/www.iceireland.com\\\/tr\\\/\"},{\"@type\":\"ListItem\",\"position\":2,\"name\":\"Vize ve G\u00f6\u00e7menlik Deste\u011fi\"}]},{\"@type\":\"WebSite\",\"@id\":\"https:\\\/\\\/www.iceireland.com\\\/tr\\\/#website\",\"url\":\"https:\\\/\\\/www.iceireland.com\\\/tr\\\/\",\"name\":\"Irish College of English\",\"description\":\"English School in Dublin, Malahide\",\"publisher\":{\"@id\":\"https:\\\/\\\/www.iceireland.com\\\/tr\\\/#organization\"},\"potentialAction\":[{\"@type\":\"SearchAction\",\"target\":{\"@type\":\"EntryPoint\",\"urlTemplate\":\"https:\\\/\\\/www.iceireland.com\\\/tr\\\/?s={search_term_string}\"},\"query-input\":{\"@type\":\"PropertyValueSpecification\",\"valueRequired\":true,\"valueName\":\"search_term_string\"}}],\"inLanguage\":\"tr\"},{\"@type\":\"Organization\",\"@id\":\"https:\\\/\\\/www.iceireland.com\\\/tr\\\/#organization\",\"name\":\"Irish College of English\",\"url\":\"https:\\\/\\\/www.iceireland.com\\\/tr\\\/\",\"logo\":{\"@type\":\"ImageObject\",\"inLanguage\":\"tr\",\"@id\":\"https:\\\/\\\/www.iceireland.com\\\/tr\\\/#\\\/schema\\\/logo\\\/image\\\/\",\"url\":\"https:\\\/\\\/www.iceireland.com\\\/wp-content\\\/uploads\\\/2022\\\/03\\\/logo.png\",\"contentUrl\":\"https:\\\/\\\/www.iceireland.com\\\/wp-content\\\/uploads\\\/2022\\\/03\\\/logo.png\",\"width\":593,\"height\":92,\"caption\":\"Irish College of English\"},\"image\":{\"@id\":\"https:\\\/\\\/www.iceireland.com\\\/tr\\\/#\\\/schema\\\/logo\\\/image\\\/\"}}]}<\/script>\n<!-- \/ Yoast SEO plugin. -->","yoast_head_json":{"title":"Vize ve G\u00f6\u00e7menlik Deste\u011fi - Irish College of English","robots":{"index":"index","follow":"follow","max-snippet":"max-snippet:-1","max-image-preview":"max-image-preview:large","max-video-preview":"max-video-preview:-1"},"canonical":"https:\/\/www.iceireland.com\/tr\/visa-immigration-support\/","og_locale":"tr_TR","og_type":"article","og_title":"Vize ve G\u00f6\u00e7menlik Deste\u011fi - Irish College of English","og_description":"Vize ve G\u00f6\u00e7menlik Deste\u011fi Vize Ba\u015fvurusu Yapman\u0131z Gerekiyor mu? E\u011fer bir AB\/EAA \u00fclkesinden geliyorsan\u0131z, \u0130rlanda&#8217;da e\u011fitim almak i\u00e7in vize alman\u0131za gerek yoktur. AB\/AEA \u00fcyesi olmayan \u00f6\u011frencilerin bir kabul mektubuna sahip olmalar\u0131 ve \u0130rlanda&#8217;da e\u011fitim almak i\u00e7in \u00fccretlerinizi \u00f6demi\u015f olmalar\u0131 gerekecektir. Uyru\u011funuza ba\u011fl\u0131 olarak vize alman\u0131z da gerekebilir. \u0130rlanda G\u00f6\u00e7menlik web sitesinde uyru\u011funuza g\u00f6re \u0130rlanda&#8217;ya girmek [&hellip;]","og_url":"https:\/\/www.iceireland.com\/tr\/visa-immigration-support\/","og_site_name":"Irish College of English","article_modified_time":"2026-03-14T11:33:50+00:00","twitter_misc":{"Tahmini okuma s\u00fcresi":"4 dakika"},"schema":{"@context":"https:\/\/schema.org","@graph":[{"@type":"WebPage","@id":"https:\/\/www.iceireland.com\/tr\/visa-immigration-support\/","url":"https:\/\/www.iceireland.com\/tr\/visa-immigration-support\/","name":"Vize ve G\u00f6\u00e7menlik Deste\u011fi - Irish College of English","isPartOf":{"@id":"https:\/\/www.iceireland.com\/tr\/#website"},"datePublished":"2025-08-28T09:23:09+00:00","dateModified":"2026-03-14T11:33:50+00:00","breadcrumb":{"@id":"https:\/\/www.iceireland.com\/tr\/visa-immigration-support\/#breadcrumb"},"inLanguage":"tr","potentialAction":[{"@type":"ReadAction","target":["https:\/\/www.iceireland.com\/tr\/visa-immigration-support\/"]}]},{"@type":"BreadcrumbList","@id":"https:\/\/www.iceireland.com\/tr\/visa-immigration-support\/#breadcrumb","itemListElement":[{"@type":"ListItem","position":1,"name":"Home","item":"https:\/\/www.iceireland.com\/tr\/"},{"@type":"ListItem","position":2,"name":"Vize ve G\u00f6\u00e7menlik Deste\u011fi"}]},{"@type":"WebSite","@id":"https:\/\/www.iceireland.com\/tr\/#website","url":"https:\/\/www.iceireland.com\/tr\/","name":"Irish College of English","description":"English School in Dublin, Malahide","publisher":{"@id":"https:\/\/www.iceireland.com\/tr\/#organization"},"potentialAction":[{"@type":"SearchAction","target":{"@type":"EntryPoint","urlTemplate":"https:\/\/www.iceireland.com\/tr\/?s={search_term_string}"},"query-input":{"@type":"PropertyValueSpecification","valueRequired":true,"valueName":"search_term_string"}}],"inLanguage":"tr"},{"@type":"Organization","@id":"https:\/\/www.iceireland.com\/tr\/#organization","name":"Irish College of English","url":"https:\/\/www.iceireland.com\/tr\/","logo":{"@type":"ImageObject","inLanguage":"tr","@id":"https:\/\/www.iceireland.com\/tr\/#\/schema\/logo\/image\/","url":"https:\/\/www.iceireland.com\/wp-content\/uploads\/2022\/03\/logo.png","contentUrl":"https:\/\/www.iceireland.com\/wp-content\/uploads\/2022\/03\/logo.png","width":593,"height":92,"caption":"Irish College of English"},"image":{"@id":"https:\/\/www.iceireland.com\/tr\/#\/schema\/logo\/image\/"}}]}},"_links":{"self":[{"href":"https:\/\/www.iceireland.com\/tr\/wp-json\/wp\/v2\/pages\/33052","targetHints":{"allow":["GET"]}}],"collection":[{"href":"https:\/\/www.iceireland.com\/tr\/wp-json\/wp\/v2\/pages"}],"about":[{"href":"https:\/\/www.iceireland.com\/tr\/wp-json\/wp\/v2\/types\/page"}],"author":[{"embeddable":true,"href":"https:\/\/www.iceireland.com\/tr\/wp-json\/wp\/v2\/users\/3"}],"replies":[{"embeddable":true,"href":"https:\/\/www.iceireland.com\/tr\/wp-json\/wp\/v2\/comments?post=33052"}],"version-history":[{"count":2,"href":"https:\/\/www.iceireland.com\/tr\/wp-json\/wp\/v2\/pages\/33052\/revisions"}],"predecessor-version":[{"id":35749,"href":"https:\/\/www.iceireland.com\/tr\/wp-json\/wp\/v2\/pages\/33052\/revisions\/35749"}],"wp:attachment":[{"href":"https:\/\/www.iceireland.com\/tr\/wp-json\/wp\/v2\/media?parent=33052"}],"curies":[{"name":"wp","href":"https:\/\/api.w.org\/{rel}","templated":true}]}}