{"id":33078,"date":"2025-08-28T09:16:10","date_gmt":"2025-08-28T09:16:10","guid":{"rendered":"https:\/\/www.iceireland.com\/accommodation-support\/"},"modified":"2026-03-13T15:53:34","modified_gmt":"2026-03-13T15:53:34","slug":"accommodation-support","status":"publish","type":"page","link":"https:\/\/www.iceireland.com\/tr\/accommodation-support\/","title":{"rendered":"Konaklama Deste\u011fi"},"content":{"rendered":"\t\t<div data-elementor-type=\"wp-page\" data-elementor-id=\"33078\" class=\"elementor elementor-33078 elementor-31311\" data-elementor-post-type=\"page\">\n\t\t\t\t\t\t<section class=\"elementor-section elementor-top-section elementor-element elementor-element-325c2a3 elementor-section-boxed elementor-section-height-default elementor-section-height-default\" data-id=\"325c2a3\" data-element_type=\"section\" data-e-type=\"section\">\n\t\t\t\t\t\t<div class=\"elementor-container elementor-column-gap-default\">\n\t\t\t\t\t<div class=\"elementor-column elementor-col-100 elementor-top-column elementor-element elementor-element-8737b22\" data-id=\"8737b22\" data-element_type=\"column\" data-e-type=\"column\">\n\t\t\t<div class=\"elementor-widget-wrap elementor-element-populated\">\n\t\t\t\t\t\t<div class=\"elementor-element elementor-element-cc64c5f elementor-widget elementor-widget-text-editor\" data-id=\"cc64c5f\" data-element_type=\"widget\" data-e-type=\"widget\" data-widget_type=\"text-editor.default\">\n\t\t\t\t<div class=\"elementor-widget-container\">\n\t\t\t\t\t\t\t\t\t<h4>Konaklama Deste\u011fi<\/h4><p>Uygun konaklama yeri bulma konusunda yard\u0131m ve bilgi sa\u011fl\u0131yoruz ve konaklama hizmetlerimizden yararlanan \u00f6\u011frenciler i\u00e7in d\u00fczenli kontroller ve destek sunuyoruz.<\/p><p>Yeti\u015fkin \u00f6\u011frenciler evde konaklama se\u00e7ene\u011fimizden yararlanabilirler.<\/p><p>Gen\u00e7 \u00f6\u011frenciler evde konaklama veya yat\u0131l\u0131 konaklama se\u00e7eneklerimizden (Glenstal Abbey ve Clongowes Wood College yaz kamplar\u0131) yararlanabilirler.<\/p><p>Konaklama kalitemizi g\u00fcvence alt\u0131na almak i\u00e7in sistemlerimiz mevcut olup, \u00f6\u011frencilerimize unutulmaz bir deneyim sunmak i\u00e7in yerel aileler ve \u0130rlanda&#8217;n\u0131n en iyi yat\u0131l\u0131 okullar\u0131ndan baz\u0131lar\u0131yla ortakl\u0131k yap\u0131yoruz.<\/p><p>Konutlar\u0131m\u0131zda \u00e7al\u0131\u015fan t\u00fcm ev sahipleri ve personel garda vetted (polis kontroll\u00fc).<\/p>\t\t\t\t\t\t\t\t<\/div>\n\t\t\t\t<\/div>\n\t\t\t\t\t<\/div>\n\t\t<\/div>\n\t\t\t\t\t<\/div>\n\t\t<\/section>\n\t\t\t\t<section class=\"elementor-section elementor-top-section elementor-element elementor-element-0e09569 elementor-section-boxed elementor-section-height-default elementor-section-height-default\" data-id=\"0e09569\" data-element_type=\"section\" data-e-type=\"section\">\n\t\t\t\t\t\t<div class=\"elementor-container elementor-column-gap-default\">\n\t\t\t\t\t<div class=\"elementor-column elementor-col-100 elementor-top-column elementor-element elementor-element-3473db6\" data-id=\"3473db6\" data-element_type=\"column\" data-e-type=\"column\">\n\t\t\t<div class=\"elementor-widget-wrap elementor-element-populated\">\n\t\t\t\t\t\t<div class=\"elementor-element elementor-element-6fd73ef elementor-widget elementor-widget-spacer\" data-id=\"6fd73ef\" data-element_type=\"widget\" data-e-type=\"widget\" data-widget_type=\"spacer.default\">\n\t\t\t\t<div class=\"elementor-widget-container\">\n\t\t\t\t\t\t\t<div class=\"elementor-spacer\">\n\t\t\t<div class=\"elementor-spacer-inner\"><\/div>\n\t\t<\/div>\n\t\t\t\t\t\t<\/div>\n\t\t\t\t<\/div>\n\t\t\t\t\t<\/div>\n\t\t<\/div>\n\t\t\t\t\t<\/div>\n\t\t<\/section>\n\t\t\t\t<section class=\"elementor-section elementor-top-section elementor-element elementor-element-7b090a1 elementor-section-boxed elementor-section-height-default elementor-section-height-default\" data-id=\"7b090a1\" data-element_type=\"section\" data-e-type=\"section\">\n\t\t\t\t\t\t<div class=\"elementor-container elementor-column-gap-default\">\n\t\t\t\t\t<div class=\"elementor-column elementor-col-100 elementor-top-column elementor-element elementor-element-da26d4a\" data-id=\"da26d4a\" data-element_type=\"column\" data-e-type=\"column\">\n\t\t\t<div class=\"elementor-widget-wrap elementor-element-populated\">\n\t\t\t\t\t\t<div class=\"elementor-element elementor-element-c3d61da elementor-widget elementor-widget-text-editor\" data-id=\"c3d61da\" data-element_type=\"widget\" data-e-type=\"widget\" data-widget_type=\"text-editor.default\">\n\t\t\t\t<div class=\"elementor-widget-container\">\n\t\t\t\t\t\t\t\t\t<div id=\"page-view\" class=\"full-width\"> <\/div><h2>Di\u011fer Konaklama Se\u00e7enekleri:<\/h2><p> <\/p><h4 class=\"full-width\"><strong>Otel Konaklama<\/strong><\/h4><p>Grand Hotel, Malahide&#8217;nin merkezinde yer alan ve okulumuza sadece birka\u00e7 dakikal\u0131k y\u00fcr\u00fcme mesafesinde bulunan 4 y\u0131ld\u0131zl\u0131 g\u00fczel bir oteldir.<\/p><p><strong><a href=\"http:\/\/www.thegrand.ie\" target=\"_blank\" rel=\"noopener noreferrer\">www.thegrand.ie<\/a><\/strong><\/p><h4> <\/h4><h4><strong>Airbnb<\/strong><\/h4><p>Neler sunuldu\u011funu g\u00f6rmek i\u00e7in Malahide, Swords, Portmarnock gibi b\u00f6lgelerde arama yap\u0131n.<\/p><p><strong><a href=\"http:\/\/www.airbnb.ie\" target=\"_blank\" rel=\"noopener noreferrer\">www.airbnb.ie<\/a><\/strong><\/p><h4> <\/h4><h4><strong>Oda veya Daire Kiralama<\/strong><\/h4><p>Neler sunuldu\u011funu g\u00f6rmek i\u00e7in Malahide, Swords, Portmarnock gibi b\u00f6lgelerde arama yap\u0131n.<\/p><p><strong><a href=\"http:\/\/www.daft.ie\" target=\"_blank\" rel=\"noopener noreferrer\">www.daft.ie<\/a><\/strong><\/p>\t\t\t\t\t\t\t\t<\/div>\n\t\t\t\t<\/div>\n\t\t\t\t\t<\/div>\n\t\t<\/div>\n\t\t\t\t\t<\/div>\n\t\t<\/section>\n\t\t\t\t<\/div>\n\t\t","protected":false},"excerpt":{"rendered":"<p>Konaklama Deste\u011fi Uygun konaklama yeri bulma konusunda yard\u0131m ve bilgi sa\u011fl\u0131yoruz ve konaklama hizmetlerimizden yararlanan \u00f6\u011frenciler i\u00e7in d\u00fczenli kontroller ve destek sunuyoruz. Yeti\u015fkin \u00f6\u011frenciler evde konaklama se\u00e7ene\u011fimizden yararlanabilirler. Gen\u00e7 \u00f6\u011frenciler evde konaklama veya yat\u0131l\u0131 konaklama se\u00e7eneklerimizden (Glenstal Abbey ve Clongowes Wood College yaz kamplar\u0131) yararlanabilirler. Konaklama kalitemizi g\u00fcvence alt\u0131na almak i\u00e7in sistemlerimiz mevcut olup, \u00f6\u011frencilerimize [&hellip;]<\/p>\n","protected":false},"author":3,"featured_media":0,"parent":0,"menu_order":0,"comment_status":"closed","ping_status":"closed","template":"","meta":{"content-type":"","footnotes":""},"class_list":["post-33078","page","type-page","status-publish","hentry"],"yoast_head":"<!-- This site is optimized with the Yoast SEO plugin v27.3 - https:\/\/yoast.com\/product\/yoast-seo-wordpress\/ -->\n<title>Konaklama Deste\u011fi - Irish College of English<\/title>\n<meta name=\"robots\" content=\"index, follow, max-snippet:-1, max-image-preview:large, max-video-preview:-1\" \/>\n<link rel=\"canonical\" href=\"https:\/\/www.iceireland.com\/tr\/accommodation-support\/\" \/>\n<meta property=\"og:locale\" content=\"tr_TR\" \/>\n<meta property=\"og:type\" content=\"article\" \/>\n<meta property=\"og:title\" content=\"Konaklama Deste\u011fi - Irish College of English\" \/>\n<meta property=\"og:description\" content=\"Konaklama Deste\u011fi Uygun konaklama yeri bulma konusunda yard\u0131m ve bilgi sa\u011fl\u0131yoruz ve konaklama hizmetlerimizden yararlanan \u00f6\u011frenciler i\u00e7in d\u00fczenli kontroller ve destek sunuyoruz. Yeti\u015fkin \u00f6\u011frenciler evde konaklama se\u00e7ene\u011fimizden yararlanabilirler. Gen\u00e7 \u00f6\u011frenciler evde konaklama veya yat\u0131l\u0131 konaklama se\u00e7eneklerimizden (Glenstal Abbey ve Clongowes Wood College yaz kamplar\u0131) yararlanabilirler. Konaklama kalitemizi g\u00fcvence alt\u0131na almak i\u00e7in sistemlerimiz mevcut olup, \u00f6\u011frencilerimize [&hellip;]\" \/>\n<meta property=\"og:url\" content=\"https:\/\/www.iceireland.com\/tr\/accommodation-support\/\" \/>\n<meta property=\"og:site_name\" content=\"Irish College of English\" \/>\n<meta property=\"article:modified_time\" content=\"2026-03-13T15:53:34+00:00\" \/>\n<meta name=\"twitter:label1\" content=\"Tahmini okuma s\u00fcresi\" \/>\n\t<meta name=\"twitter:data1\" content=\"1 dakika\" \/>\n<script type=\"application\/ld+json\" class=\"yoast-schema-graph\">{\"@context\":\"https:\\\/\\\/schema.org\",\"@graph\":[{\"@type\":\"WebPage\",\"@id\":\"https:\\\/\\\/www.iceireland.com\\\/tr\\\/accommodation-support\\\/\",\"url\":\"https:\\\/\\\/www.iceireland.com\\\/tr\\\/accommodation-support\\\/\",\"name\":\"Konaklama Deste\u011fi - Irish College of English\",\"isPartOf\":{\"@id\":\"https:\\\/\\\/www.iceireland.com\\\/tr\\\/#website\"},\"datePublished\":\"2025-08-28T09:16:10+00:00\",\"dateModified\":\"2026-03-13T15:53:34+00:00\",\"breadcrumb\":{\"@id\":\"https:\\\/\\\/www.iceireland.com\\\/tr\\\/accommodation-support\\\/#breadcrumb\"},\"inLanguage\":\"tr\",\"potentialAction\":[{\"@type\":\"ReadAction\",\"target\":[\"https:\\\/\\\/www.iceireland.com\\\/tr\\\/accommodation-support\\\/\"]}]},{\"@type\":\"BreadcrumbList\",\"@id\":\"https:\\\/\\\/www.iceireland.com\\\/tr\\\/accommodation-support\\\/#breadcrumb\",\"itemListElement\":[{\"@type\":\"ListItem\",\"position\":1,\"name\":\"Home\",\"item\":\"https:\\\/\\\/www.iceireland.com\\\/tr\\\/\"},{\"@type\":\"ListItem\",\"position\":2,\"name\":\"Konaklama Deste\u011fi\"}]},{\"@type\":\"WebSite\",\"@id\":\"https:\\\/\\\/www.iceireland.com\\\/tr\\\/#website\",\"url\":\"https:\\\/\\\/www.iceireland.com\\\/tr\\\/\",\"name\":\"Irish College of English\",\"description\":\"English School in Dublin, Malahide\",\"publisher\":{\"@id\":\"https:\\\/\\\/www.iceireland.com\\\/tr\\\/#organization\"},\"potentialAction\":[{\"@type\":\"SearchAction\",\"target\":{\"@type\":\"EntryPoint\",\"urlTemplate\":\"https:\\\/\\\/www.iceireland.com\\\/tr\\\/?s={search_term_string}\"},\"query-input\":{\"@type\":\"PropertyValueSpecification\",\"valueRequired\":true,\"valueName\":\"search_term_string\"}}],\"inLanguage\":\"tr\"},{\"@type\":\"Organization\",\"@id\":\"https:\\\/\\\/www.iceireland.com\\\/tr\\\/#organization\",\"name\":\"Irish College of English\",\"url\":\"https:\\\/\\\/www.iceireland.com\\\/tr\\\/\",\"logo\":{\"@type\":\"ImageObject\",\"inLanguage\":\"tr\",\"@id\":\"https:\\\/\\\/www.iceireland.com\\\/tr\\\/#\\\/schema\\\/logo\\\/image\\\/\",\"url\":\"https:\\\/\\\/www.iceireland.com\\\/wp-content\\\/uploads\\\/2022\\\/03\\\/logo.png\",\"contentUrl\":\"https:\\\/\\\/www.iceireland.com\\\/wp-content\\\/uploads\\\/2022\\\/03\\\/logo.png\",\"width\":593,\"height\":92,\"caption\":\"Irish College of English\"},\"image\":{\"@id\":\"https:\\\/\\\/www.iceireland.com\\\/tr\\\/#\\\/schema\\\/logo\\\/image\\\/\"}}]}<\/script>\n<!-- \/ Yoast SEO plugin. -->","yoast_head_json":{"title":"Konaklama Deste\u011fi - Irish College of English","robots":{"index":"index","follow":"follow","max-snippet":"max-snippet:-1","max-image-preview":"max-image-preview:large","max-video-preview":"max-video-preview:-1"},"canonical":"https:\/\/www.iceireland.com\/tr\/accommodation-support\/","og_locale":"tr_TR","og_type":"article","og_title":"Konaklama Deste\u011fi - Irish College of English","og_description":"Konaklama Deste\u011fi Uygun konaklama yeri bulma konusunda yard\u0131m ve bilgi sa\u011fl\u0131yoruz ve konaklama hizmetlerimizden yararlanan \u00f6\u011frenciler i\u00e7in d\u00fczenli kontroller ve destek sunuyoruz. Yeti\u015fkin \u00f6\u011frenciler evde konaklama se\u00e7ene\u011fimizden yararlanabilirler. Gen\u00e7 \u00f6\u011frenciler evde konaklama veya yat\u0131l\u0131 konaklama se\u00e7eneklerimizden (Glenstal Abbey ve Clongowes Wood College yaz kamplar\u0131) yararlanabilirler. Konaklama kalitemizi g\u00fcvence alt\u0131na almak i\u00e7in sistemlerimiz mevcut olup, \u00f6\u011frencilerimize [&hellip;]","og_url":"https:\/\/www.iceireland.com\/tr\/accommodation-support\/","og_site_name":"Irish College of English","article_modified_time":"2026-03-13T15:53:34+00:00","twitter_misc":{"Tahmini okuma s\u00fcresi":"1 dakika"},"schema":{"@context":"https:\/\/schema.org","@graph":[{"@type":"WebPage","@id":"https:\/\/www.iceireland.com\/tr\/accommodation-support\/","url":"https:\/\/www.iceireland.com\/tr\/accommodation-support\/","name":"Konaklama Deste\u011fi - Irish College of English","isPartOf":{"@id":"https:\/\/www.iceireland.com\/tr\/#website"},"datePublished":"2025-08-28T09:16:10+00:00","dateModified":"2026-03-13T15:53:34+00:00","breadcrumb":{"@id":"https:\/\/www.iceireland.com\/tr\/accommodation-support\/#breadcrumb"},"inLanguage":"tr","potentialAction":[{"@type":"ReadAction","target":["https:\/\/www.iceireland.com\/tr\/accommodation-support\/"]}]},{"@type":"BreadcrumbList","@id":"https:\/\/www.iceireland.com\/tr\/accommodation-support\/#breadcrumb","itemListElement":[{"@type":"ListItem","position":1,"name":"Home","item":"https:\/\/www.iceireland.com\/tr\/"},{"@type":"ListItem","position":2,"name":"Konaklama Deste\u011fi"}]},{"@type":"WebSite","@id":"https:\/\/www.iceireland.com\/tr\/#website","url":"https:\/\/www.iceireland.com\/tr\/","name":"Irish College of English","description":"English School in Dublin, Malahide","publisher":{"@id":"https:\/\/www.iceireland.com\/tr\/#organization"},"potentialAction":[{"@type":"SearchAction","target":{"@type":"EntryPoint","urlTemplate":"https:\/\/www.iceireland.com\/tr\/?s={search_term_string}"},"query-input":{"@type":"PropertyValueSpecification","valueRequired":true,"valueName":"search_term_string"}}],"inLanguage":"tr"},{"@type":"Organization","@id":"https:\/\/www.iceireland.com\/tr\/#organization","name":"Irish College of English","url":"https:\/\/www.iceireland.com\/tr\/","logo":{"@type":"ImageObject","inLanguage":"tr","@id":"https:\/\/www.iceireland.com\/tr\/#\/schema\/logo\/image\/","url":"https:\/\/www.iceireland.com\/wp-content\/uploads\/2022\/03\/logo.png","contentUrl":"https:\/\/www.iceireland.com\/wp-content\/uploads\/2022\/03\/logo.png","width":593,"height":92,"caption":"Irish College of English"},"image":{"@id":"https:\/\/www.iceireland.com\/tr\/#\/schema\/logo\/image\/"}}]}},"_links":{"self":[{"href":"https:\/\/www.iceireland.com\/tr\/wp-json\/wp\/v2\/pages\/33078","targetHints":{"allow":["GET"]}}],"collection":[{"href":"https:\/\/www.iceireland.com\/tr\/wp-json\/wp\/v2\/pages"}],"about":[{"href":"https:\/\/www.iceireland.com\/tr\/wp-json\/wp\/v2\/types\/page"}],"author":[{"embeddable":true,"href":"https:\/\/www.iceireland.com\/tr\/wp-json\/wp\/v2\/users\/3"}],"replies":[{"embeddable":true,"href":"https:\/\/www.iceireland.com\/tr\/wp-json\/wp\/v2\/comments?post=33078"}],"version-history":[{"count":2,"href":"https:\/\/www.iceireland.com\/tr\/wp-json\/wp\/v2\/pages\/33078\/revisions"}],"predecessor-version":[{"id":35715,"href":"https:\/\/www.iceireland.com\/tr\/wp-json\/wp\/v2\/pages\/33078\/revisions\/35715"}],"wp:attachment":[{"href":"https:\/\/www.iceireland.com\/tr\/wp-json\/wp\/v2\/media?parent=33078"}],"curies":[{"name":"wp","href":"https:\/\/api.w.org\/{rel}","templated":true}]}}