{"id":33087,"date":"2025-08-27T17:58:07","date_gmt":"2025-08-27T17:58:07","guid":{"rendered":"https:\/\/www.iceireland.com\/health-and-wellbeing\/"},"modified":"2026-01-30T18:25:52","modified_gmt":"2026-01-30T18:25:52","slug":"health-and-wellbeing","status":"publish","type":"page","link":"https:\/\/www.iceireland.com\/tr\/health-and-wellbeing\/","title":{"rendered":"Sa\u011fl\u0131k ve Refah"},"content":{"rendered":"\t\t<div data-elementor-type=\"wp-page\" data-elementor-id=\"33087\" class=\"elementor elementor-33087 elementor-31272\" data-elementor-post-type=\"page\">\n\t\t\t\t\t\t<section class=\"elementor-section elementor-top-section elementor-element elementor-element-637dd89 elementor-section-boxed elementor-section-height-default elementor-section-height-default\" data-id=\"637dd89\" data-element_type=\"section\" data-e-type=\"section\">\n\t\t\t\t\t\t<div class=\"elementor-container elementor-column-gap-default\">\n\t\t\t\t\t<div class=\"elementor-column elementor-col-100 elementor-top-column elementor-element elementor-element-2b0fe48\" data-id=\"2b0fe48\" data-element_type=\"column\" data-e-type=\"column\">\n\t\t\t<div class=\"elementor-widget-wrap elementor-element-populated\">\n\t\t\t\t\t\t<div class=\"elementor-element elementor-element-d4a904b elementor-widget elementor-widget-spacer\" data-id=\"d4a904b\" data-element_type=\"widget\" data-e-type=\"widget\" data-widget_type=\"spacer.default\">\n\t\t\t\t<div class=\"elementor-widget-container\">\n\t\t\t\t\t\t\t<div class=\"elementor-spacer\">\n\t\t\t<div class=\"elementor-spacer-inner\"><\/div>\n\t\t<\/div>\n\t\t\t\t\t\t<\/div>\n\t\t\t\t<\/div>\n\t\t\t\t\t<\/div>\n\t\t<\/div>\n\t\t\t\t\t<\/div>\n\t\t<\/section>\n\t\t\t\t<section class=\"elementor-section elementor-top-section elementor-element elementor-element-9817a5e elementor-section-boxed elementor-section-height-default elementor-section-height-default\" data-id=\"9817a5e\" data-element_type=\"section\" data-e-type=\"section\">\n\t\t\t\t\t\t<div class=\"elementor-container elementor-column-gap-default\">\n\t\t\t\t\t<div class=\"elementor-column elementor-col-100 elementor-top-column elementor-element elementor-element-fe0d37a\" data-id=\"fe0d37a\" data-element_type=\"column\" data-e-type=\"column\">\n\t\t\t<div class=\"elementor-widget-wrap elementor-element-populated\">\n\t\t\t\t\t\t<div class=\"elementor-element elementor-element-20e19ca elementor-widget elementor-widget-text-editor\" data-id=\"20e19ca\" data-element_type=\"widget\" data-e-type=\"widget\" data-widget_type=\"text-editor.default\">\n\t\t\t\t<div class=\"elementor-widget-container\">\n\t\t\t\t\t\t\t\t\t<h3><span style=\"color: #808080;\"><strong>Sa\u011fl\u0131k ve Refah  <\/strong><\/span><\/h3><p><strong> <\/strong><\/p><p><strong>\u00d6\u011frenci Refah\u0131<\/strong><\/p><p>\u00d6\u011frenci Refah\u0131 Politikam\u0131z, acil ve zor durumlarda \u00f6\u011frencilere yard\u0131mc\u0131 olmak \u00fczere atanm\u0131\u015f bir \u00d6\u011frenci Refah\u0131 G\u00f6revlisine sahip olmam\u0131z\u0131 sa\u011flar. Gerekirse, \u00f6zel ruh sa\u011fl\u0131\u011f\u0131 bak\u0131m\u0131 i\u00e7in sevk hizmetleri sa\u011flamak. <\/p><p>\u0130rlanda&#8217;da sa\u011fl\u0131k hizmetlerine eri\u015fim konusunda rehberlik sunuyor ve \u00f6\u011frencilere sa\u011fl\u0131k sigortas\u0131 bilgileri ve talepleri konusunda yard\u0131mc\u0131 oluyoruz.<\/p><p><strong> <\/strong><\/p><p><strong>St<\/strong><strong>\u00d6\u011frenci Refah\u0131<\/strong><\/p><p>\u00d6\u011frencilerimizin programlar\u0131m\u0131za ve kamplar\u0131m\u0131za yerle\u015fmelerine yard\u0131mc\u0131 oluyoruz. \u00d6\u011frenci tipleri ve kal\u0131\u015f s\u00fcreleri bak\u0131m\u0131ndan \u00e7e\u015fitlilik g\u00f6steren bir kar\u0131\u015f\u0131ma sahibiz. \u00d6\u011frencilerimizin \u00e7o\u011funlu\u011fu k\u0131sa s\u00fcreli kalan Junior \u00f6\u011frencilerdir. Kurslar\u0131m\u0131z\u0131n k\u0131sa s\u00fcreli olmas\u0131 nedeniyle s\u00fcrekli ihtiya\u00e7lar\u0131 olan \u00f6\u011frencileri destekleyecek durumda olamayabilece\u011fimizi ve bunlar\u0131n en iyi \u015fekilde arkada\u015flar ve aile arac\u0131l\u0131\u011f\u0131yla destek arayarak a\u015f\u0131labilece\u011fini kabul ediyoruz. Ekibimiz ayn\u0131 zamanda ula\u015f\u0131labilir olmaya ve makul \u00f6l\u00e7\u00fcde pratik olan her t\u00fcrl\u00fc deste\u011fi sunmaya kararl\u0131d\u0131r. \u00d6\u011frenci sosyal yard\u0131m g\u00f6revlimiz pratik konularda destek sunabilir.     <\/p><p>Bazen, \u00e7\u00f6z\u00fcme kavu\u015fturulmas\u0131 i\u00e7in uzman girdisi, deste\u011fi veya bilgisi gerektiren endi\u015feler ortaya \u00e7\u0131kabilir. Bu deste\u011fin bir k\u0131sm\u0131 kurum i\u00e7inde sa\u011flanabilir. Ancak, belirli ihtiya\u00e7 t\u00fcrlerinin \u00e7\u00f6z\u00fcm\u00fc kurum i\u00e7i kaynaklar\u0131n ve kapasitenin \u00f6tesine ge\u00e7ebilir. Bu durumda okul, \u00f6\u011frencilere ihtiya\u00e7lar\u0131n\u0131n nerede daha uygun bir \u015fekilde kar\u015f\u0131lanaca\u011f\u0131 konusunda tavsiyede bulunacakt\u0131r. Baz\u0131 durumlarda \u00f6\u011frencilere\/ailelerine, ihtiya\u00e7 duyduklar\u0131 deste\u011fi alabilecekleri bir yere d\u00f6nmelerini tavsiye edece\u011fiz; bu, \u00f6zellikle k\u00fc\u00e7\u00fck \u00f6\u011frencilerin programlar\u0131m\u0131zla ba\u011flant\u0131l\u0131 olmayan refah sorunlar\u0131 ya\u015fad\u0131\u011f\u0131 durumlarda gereklidir.    <\/p><p><strong> <\/strong><\/p><p><strong>E\u015fitlik, \u00c7e\u015fitlilik ve Kapsay\u0131c\u0131l\u0131k Politikas\u0131<\/strong><\/p><p>\u00c7e\u015fitlili\u011fin kutland\u0131\u011f\u0131 ve t\u00fcm bireylerin sayg\u0131 g\u00f6rd\u00fc\u011f\u00fc, de\u011fer verildi\u011fi ve g\u00fc\u00e7lendirildi\u011fi kapsay\u0131c\u0131 ve e\u015fitlik\u00e7i bir \u00f6\u011frenme ve \u00e7al\u0131\u015fma ortam\u0131n\u0131 te\u015fvik etmeye kararl\u0131y\u0131z. E\u015fitlik, \u00e7e\u015fitlilik ve kapsay\u0131c\u0131l\u0131k (EDI) taahh\u00fcd\u00fcm\u00fcz, \u00f6\u011frenci kat\u0131l\u0131m\u0131ndan personel al\u0131m\u0131na, m\u00fcfredat geli\u015ftirmeden toplum kat\u0131l\u0131m\u0131na kadar faaliyetlerimizin her y\u00f6n\u00fcne n\u00fcfuz etmektedir. ICE olarak, \u00e7e\u015fitlili\u011fi kucaklaman\u0131n e\u011fitim deneyimini zenginle\u015ftirdi\u011fine, k\u00fclt\u00fcrel anlay\u0131\u015f\u0131 geli\u015ftirdi\u011fine ve ilgili herkes i\u00e7in bir aidiyet duygusu geli\u015ftirdi\u011fine inan\u0131yoruz.  <\/p><p> <\/p><p><strong>Sa\u011fl\u0131k ve G\u00fcvenlik<\/strong><strong> <\/strong><\/p><p>T\u00fcm personelin, \u00f6\u011frencilerin, y\u00fcklenicilerin, ziyaret\u00e7ilerin ve okuldaki i\u015f ve okul faaliyetlerinden etkilenebilecek di\u011fer ki\u015filerin i\u015f yerinde g\u00fcvenlik, sa\u011fl\u0131k ve refah\u0131n\u0131 makul \u00f6l\u00e7\u00fclerde sa\u011flamay\u0131 taahh\u00fct ediyoruz.<strong> <\/strong><\/p><p><strong> <\/strong><\/p><p><strong>Koruma<\/strong><strong> <\/strong><\/p><p>ICE, \u00e7ocuklar\u0131n refah\u0131n\u0131 koruma, kollama ve te\u015fvik etme konusundaki \u00f6zen y\u00fck\u00fcml\u00fcl\u00fc\u011f\u00fcm\u00fcze ba\u011fl\u0131d\u0131r ve koruma uygulamalar\u0131n\u0131n yasal sorumluluklar\u0131, h\u00fck\u00fcmet rehberli\u011fini yans\u0131tmas\u0131n\u0131 ve en iyi uygulama ve QQI gerekliliklerine uygun olmas\u0131n\u0131 sa\u011flamay\u0131 taahh\u00fct eder.<\/p><p> <\/p><p><strong>\u00d6\u011frenci Destek ve Hizmetleri<\/strong><\/p><p>Irish College of English (ICE) olarak, uluslararas\u0131 \u00f6\u011frencilerimize refahlar\u0131n\u0131, akademik ba\u015far\u0131lar\u0131n\u0131 ve genel olarak olumlu bir deneyim ya\u015famalar\u0131n\u0131 sa\u011flamak i\u00e7in kapsaml\u0131 destek ve hizmetler sunmaya kendimizi adad\u0131k. Bu politika, \u015feffaf kabul s\u00fcre\u00e7leri, oryantasyon, akademik destek, \u00f6\u011frenci refah\u0131 hizmetleri, konaklama yard\u0131m\u0131, k\u00fclt\u00fcrel entegrasyon giri\u015fimleri, etkili ileti\u015fim kanallar\u0131, yasal y\u00fck\u00fcml\u00fcl\u00fcklere uyum ve s\u00fcrekli iyile\u015ftirme stratejileri sunma taahh\u00fcd\u00fcm\u00fcz\u00fc \u00f6zetlemektedir. <\/p><p> <\/p><p><strong>Alerjiler, T\u0131bbi Durumlar ve Ek \u0130htiya\u00e7lara \u0130li\u015fkin Politika<\/strong><\/p><p>T\u00fcm \u00f6\u011frenciler i\u00e7in kapsay\u0131c\u0131 ve s\u0131cak bir ortam sa\u011flamay\u0131 taahh\u00fct ediyoruz. \u00c7ok \u00e7e\u015fitli ihtiya\u00e7lar\u0131 kar\u015f\u0131lamaya \u00e7al\u0131\u015f\u0131yoruz; ancak programlar\u0131m\u0131z\u0131n k\u0131sa s\u00fcreli olmas\u0131 nedeniyle (genellikle 1-4 hafta), alerjisi, kronik ve di\u011fer t\u0131bbi rahats\u0131zl\u0131klar\u0131 veya ek ihtiya\u00e7lar\u0131 olan \u00f6\u011frenciler i\u00e7in \u00f6zel t\u0131bbi bak\u0131m veya g\u00f6zetim sa\u011flayabilecek durumda de\u011filiz. \u0130lgili bilgileri pansiyon ve konaklama personeli ile payla\u015fmak i\u00e7in makul ad\u0131mlar\u0131 atacak olsak da, t\u0131bbi durumlar\u0131 ve ek ihtiya\u00e7lar\u0131 y\u00f6netme konusundaki nihai sorumluluk \u00f6\u011frenciye ve ebeveynlerine\/velilerine\/grup organizat\u00f6rlerine aittir.  <\/p><p> <\/p><p><strong>G\u00f6zetim<\/strong><\/p><p>Kamplar\u0131m\u0131z, \u00f6\u011frencileri \u0130rlandal\u0131larla ve di\u011fer gen\u00e7lerle etkile\u015fime girerek ve etkinlikler ve k\u00fclt\u00fcrel ziyaretlerle e\u011flenerek \u0130ngilizceyi aktif bir \u015fekilde \u00f6\u011frenmeye te\u015fvik etmektedir.<\/p><p>G\u00f6zetim, \u00f6\u011frencilerimizi g\u00fcvende tutmaya yard\u0131mc\u0131 olan bir rold\u00fcr. G\u00f6zetim felsefemiz, ke\u015fif ve etkile\u015fime izin veren bir felsefedir. Kamplar\u0131m\u0131za kat\u0131lan \u00f6\u011frenciler ya\u015flar\u0131na g\u00f6re yeterince olgun, ba\u011f\u0131ms\u0131z, kendi kendine yeterli ve sorumluluk sahibi olmal\u0131d\u0131r. Keyifli ve g\u00fcvenli bir kamp atmosferi yaratmak i\u00e7in politikalar\u0131m\u0131z ve prosed\u00fcrlerimiz mevcuttur ancak hayat\u0131n do\u011fas\u0131nda riskler vard\u0131r ve t\u00fcm \u00f6\u011frencilerimizden kendi \u00fclkelerinde oldu\u011fu gibi ayn\u0131 \u00f6nlemleri almalar\u0131n\u0131 ve \u00f6zen g\u00f6stermelerini istiyoruz.   <\/p><p>G\u00f6zetim modelimiz destekleyici ve etkile\u015fimlidir. Kamp deneyiminin t\u00fcm faydalar\u0131ndan yararlanabilmeleri i\u00e7in \u00f6\u011frencileri a\u015f\u0131r\u0131 veya m\u00fcdahaleci bir \u015fekilde denetlemeyece\u011fiz. Bu nedenle, \u00f6\u011frenciler kamptayken risklere maruz kalabilir, hata yapabilir veya yaralanabilirler.  <\/p><p>\u00d6\u011frenciler t\u00fcm kamplar\u0131m\u0131zda g\u00f6zetimsiz serbest zaman ge\u00e7ireceklerdir. Bu s\u00fcre zarf\u0131nda \u00f6\u011frenciler personele veya bir personelimizin 24 saat hizmet verdi\u011fi acil durum telefon numaram\u0131za eri\u015febileceklerdir. <\/p><p> <\/p><p><strong>\u00c7ocuk Koruma<\/strong><\/p><p>Do\u011frudan gen\u00e7lerle \u00e7al\u0131\u015fan t\u00fcm personelimiz bir \u00e7ocuk koruma kursunu tamamlam\u0131\u015ft\u0131r. Yerinde e\u011fitim, \u00f6\u011frencilerin g\u00fcvenli bir \u015fekilde korunmas\u0131 ve personelin sorumluluklar\u0131 konusunda bir hat\u0131rlatma olacakt\u0131r. <\/p><p> <\/p><p><strong>Konaklama Y\u00f6nergeleri<\/strong><\/p><p>\u00d6\u011frencilere a\u015fa\u011f\u0131daki gibi konaklama y\u00f6nergeleri verilir:<\/p><p>Home Stay &#8211; Home Stay Kiralama<\/p><p>Konut &#8211; \u00d6\u011frenci El Kitab\u0131ndaki Konut K\u0131lavuzunda Yat\u0131l\u0131<\/p><p>Rezidanslar\u0131m\u0131z\u0131 i\u015fleten personel bu k\u0131lavuz ilkelere Personel El Kitab\u0131m\u0131zdan ula\u015fabilir.<\/p><p> <\/p><p><strong>Davran\u0131\u015f Kurallar\u0131<\/strong><\/p><p>Davran\u0131\u015f kurallar\u0131m\u0131z, rezervasyon formumuz ve \u00f6\u011frenci el kitab\u0131m\u0131z arac\u0131l\u0131\u011f\u0131yla ebeveynlere\/velilere\/grup liderlerine ve \u00f6\u011frencilere var\u0131\u015ftan \u00f6nce bildirilir. A\u00e7\u0131k ve basit kurallar belirlemek \u00e7ok \u00f6nemlidir <\/p>\t\t\t\t\t\t\t\t<\/div>\n\t\t\t\t<\/div>\n\t\t\t\t\t<\/div>\n\t\t<\/div>\n\t\t\t\t\t<\/div>\n\t\t<\/section>\n\t\t\t\t<section class=\"elementor-section elementor-top-section elementor-element elementor-element-78eee0e elementor-section-boxed elementor-section-height-default elementor-section-height-default\" data-id=\"78eee0e\" data-element_type=\"section\" data-e-type=\"section\">\n\t\t\t\t\t\t<div class=\"elementor-container elementor-column-gap-default\">\n\t\t\t\t\t<div class=\"elementor-column elementor-col-100 elementor-top-column elementor-element elementor-element-1cdbbea\" data-id=\"1cdbbea\" data-element_type=\"column\" data-e-type=\"column\">\n\t\t\t<div class=\"elementor-widget-wrap elementor-element-populated\">\n\t\t\t\t\t\t<div class=\"elementor-element elementor-element-ba89721 elementor-widget elementor-widget-spacer\" data-id=\"ba89721\" data-element_type=\"widget\" data-e-type=\"widget\" data-widget_type=\"spacer.default\">\n\t\t\t\t<div class=\"elementor-widget-container\">\n\t\t\t\t\t\t\t<div class=\"elementor-spacer\">\n\t\t\t<div class=\"elementor-spacer-inner\"><\/div>\n\t\t<\/div>\n\t\t\t\t\t\t<\/div>\n\t\t\t\t<\/div>\n\t\t\t\t\t<\/div>\n\t\t<\/div>\n\t\t\t\t\t<\/div>\n\t\t<\/section>\n\t\t\t\t<section class=\"elementor-section elementor-top-section elementor-element elementor-element-d39cfef elementor-section-boxed elementor-section-height-default elementor-section-height-default\" data-id=\"d39cfef\" data-element_type=\"section\" data-e-type=\"section\">\n\t\t\t\t\t\t<div class=\"elementor-container elementor-column-gap-default\">\n\t\t\t\t\t<div class=\"elementor-column elementor-col-100 elementor-top-column elementor-element elementor-element-3ebc0a2\" data-id=\"3ebc0a2\" data-element_type=\"column\" data-e-type=\"column\">\n\t\t\t<div class=\"elementor-widget-wrap elementor-element-populated\">\n\t\t\t\t\t\t<div class=\"elementor-element elementor-element-c4f2735 elementor-widget elementor-widget-image\" data-id=\"c4f2735\" data-element_type=\"widget\" data-e-type=\"widget\" data-widget_type=\"image.default\">\n\t\t\t\t<div class=\"elementor-widget-container\">\n\t\t\t\t\t\t\t\t\t\t\t\t\t\t\t<img fetchpriority=\"high\" decoding=\"async\" width=\"1448\" height=\"2048\" src=\"https:\/\/www.iceireland.com\/wp-content\/uploads\/2025\/11\/Student-Support-ICE-1448x2048.png\" class=\"attachment-2048x2048 size-2048x2048 wp-image-31641\" alt=\"\" srcset=\"https:\/\/www.iceireland.com\/wp-content\/uploads\/2025\/11\/Student-Support-ICE-1448x2048.png 1448w, https:\/\/www.iceireland.com\/wp-content\/uploads\/2025\/11\/Student-Support-ICE-212x300.png 212w, https:\/\/www.iceireland.com\/wp-content\/uploads\/2025\/11\/Student-Support-ICE-724x1024.png 724w, https:\/\/www.iceireland.com\/wp-content\/uploads\/2025\/11\/Student-Support-ICE-768x1086.png 768w, https:\/\/www.iceireland.com\/wp-content\/uploads\/2025\/11\/Student-Support-ICE-1086x1536.png 1086w, https:\/\/www.iceireland.com\/wp-content\/uploads\/2025\/11\/Student-Support-ICE.png 1655w\" sizes=\"(max-width: 1448px) 100vw, 1448px\" \/>\t\t\t\t\t\t\t\t\t\t\t\t\t\t\t<\/div>\n\t\t\t\t<\/div>\n\t\t\t\t\t<\/div>\n\t\t<\/div>\n\t\t\t\t\t<\/div>\n\t\t<\/section>\n\t\t\t\t<section class=\"elementor-section elementor-top-section elementor-element elementor-element-52aebab elementor-section-boxed elementor-section-height-default elementor-section-height-default\" data-id=\"52aebab\" data-element_type=\"section\" data-e-type=\"section\">\n\t\t\t\t\t\t<div class=\"elementor-container elementor-column-gap-default\">\n\t\t\t\t\t<div class=\"elementor-column elementor-col-100 elementor-top-column elementor-element elementor-element-1c80ec8\" data-id=\"1c80ec8\" data-element_type=\"column\" data-e-type=\"column\">\n\t\t\t<div class=\"elementor-widget-wrap elementor-element-populated\">\n\t\t\t\t\t\t<div class=\"elementor-element elementor-element-54893ad elementor-widget elementor-widget-spacer\" data-id=\"54893ad\" data-element_type=\"widget\" data-e-type=\"widget\" data-widget_type=\"spacer.default\">\n\t\t\t\t<div class=\"elementor-widget-container\">\n\t\t\t\t\t\t\t<div class=\"elementor-spacer\">\n\t\t\t<div class=\"elementor-spacer-inner\"><\/div>\n\t\t<\/div>\n\t\t\t\t\t\t<\/div>\n\t\t\t\t<\/div>\n\t\t\t\t\t<\/div>\n\t\t<\/div>\n\t\t\t\t\t<\/div>\n\t\t<\/section>\n\t\t\t\t<\/div>\n\t\t","protected":false},"excerpt":{"rendered":"<p>Sa\u011fl\u0131k ve Refah \u00d6\u011frenci Refah\u0131 \u00d6\u011frenci Refah\u0131 Politikam\u0131z, acil ve zor durumlarda \u00f6\u011frencilere yard\u0131mc\u0131 olmak \u00fczere atanm\u0131\u015f bir \u00d6\u011frenci Refah\u0131 G\u00f6revlisine sahip olmam\u0131z\u0131 sa\u011flar. Gerekirse, \u00f6zel ruh sa\u011fl\u0131\u011f\u0131 bak\u0131m\u0131 i\u00e7in sevk hizmetleri sa\u011flamak. \u0130rlanda&#8217;da sa\u011fl\u0131k hizmetlerine eri\u015fim konusunda rehberlik sunuyor ve \u00f6\u011frencilere sa\u011fl\u0131k sigortas\u0131 bilgileri ve talepleri konusunda yard\u0131mc\u0131 oluyoruz. St\u00d6\u011frenci Refah\u0131 \u00d6\u011frencilerimizin programlar\u0131m\u0131za ve [&hellip;]<\/p>\n","protected":false},"author":3,"featured_media":0,"parent":0,"menu_order":0,"comment_status":"closed","ping_status":"closed","template":"","meta":{"content-type":"","footnotes":""},"class_list":["post-33087","page","type-page","status-publish","hentry"],"yoast_head":"<!-- This site is optimized with the Yoast SEO plugin v27.3 - https:\/\/yoast.com\/product\/yoast-seo-wordpress\/ -->\n<title>Sa\u011fl\u0131k ve Refah - Irish College of English<\/title>\n<meta name=\"robots\" content=\"index, follow, max-snippet:-1, max-image-preview:large, max-video-preview:-1\" \/>\n<link rel=\"canonical\" href=\"https:\/\/www.iceireland.com\/tr\/health-and-wellbeing\/\" \/>\n<meta property=\"og:locale\" content=\"tr_TR\" \/>\n<meta property=\"og:type\" content=\"article\" \/>\n<meta property=\"og:title\" content=\"Sa\u011fl\u0131k ve Refah - Irish College of English\" \/>\n<meta property=\"og:description\" content=\"Sa\u011fl\u0131k ve Refah \u00d6\u011frenci Refah\u0131 \u00d6\u011frenci Refah\u0131 Politikam\u0131z, acil ve zor durumlarda \u00f6\u011frencilere yard\u0131mc\u0131 olmak \u00fczere atanm\u0131\u015f bir \u00d6\u011frenci Refah\u0131 G\u00f6revlisine sahip olmam\u0131z\u0131 sa\u011flar. Gerekirse, \u00f6zel ruh sa\u011fl\u0131\u011f\u0131 bak\u0131m\u0131 i\u00e7in sevk hizmetleri sa\u011flamak. \u0130rlanda&#8217;da sa\u011fl\u0131k hizmetlerine eri\u015fim konusunda rehberlik sunuyor ve \u00f6\u011frencilere sa\u011fl\u0131k sigortas\u0131 bilgileri ve talepleri konusunda yard\u0131mc\u0131 oluyoruz. St\u00d6\u011frenci Refah\u0131 \u00d6\u011frencilerimizin programlar\u0131m\u0131za ve [&hellip;]\" \/>\n<meta property=\"og:url\" content=\"https:\/\/www.iceireland.com\/tr\/health-and-wellbeing\/\" \/>\n<meta property=\"og:site_name\" content=\"Irish College of English\" \/>\n<meta property=\"article:modified_time\" content=\"2026-01-30T18:25:52+00:00\" \/>\n<meta property=\"og:image\" content=\"https:\/\/www.iceireland.com\/wp-content\/uploads\/2025\/11\/Student-Support-ICE.png\" \/>\n\t<meta property=\"og:image:width\" content=\"1655\" \/>\n\t<meta property=\"og:image:height\" content=\"2340\" \/>\n\t<meta property=\"og:image:type\" content=\"image\/png\" \/>\n<meta name=\"twitter:label1\" content=\"Tahmini okuma s\u00fcresi\" \/>\n\t<meta name=\"twitter:data1\" content=\"5 dakika\" \/>\n<script type=\"application\/ld+json\" class=\"yoast-schema-graph\">{\"@context\":\"https:\\\/\\\/schema.org\",\"@graph\":[{\"@type\":\"WebPage\",\"@id\":\"https:\\\/\\\/www.iceireland.com\\\/tr\\\/health-and-wellbeing\\\/\",\"url\":\"https:\\\/\\\/www.iceireland.com\\\/tr\\\/health-and-wellbeing\\\/\",\"name\":\"Sa\u011fl\u0131k ve Refah - Irish College of English\",\"isPartOf\":{\"@id\":\"https:\\\/\\\/www.iceireland.com\\\/tr\\\/#website\"},\"primaryImageOfPage\":{\"@id\":\"https:\\\/\\\/www.iceireland.com\\\/tr\\\/health-and-wellbeing\\\/#primaryimage\"},\"image\":{\"@id\":\"https:\\\/\\\/www.iceireland.com\\\/tr\\\/health-and-wellbeing\\\/#primaryimage\"},\"thumbnailUrl\":\"https:\\\/\\\/www.iceireland.com\\\/wp-content\\\/uploads\\\/2025\\\/11\\\/Student-Support-ICE-1448x2048.png\",\"datePublished\":\"2025-08-27T17:58:07+00:00\",\"dateModified\":\"2026-01-30T18:25:52+00:00\",\"breadcrumb\":{\"@id\":\"https:\\\/\\\/www.iceireland.com\\\/tr\\\/health-and-wellbeing\\\/#breadcrumb\"},\"inLanguage\":\"tr\",\"potentialAction\":[{\"@type\":\"ReadAction\",\"target\":[\"https:\\\/\\\/www.iceireland.com\\\/tr\\\/health-and-wellbeing\\\/\"]}]},{\"@type\":\"ImageObject\",\"inLanguage\":\"tr\",\"@id\":\"https:\\\/\\\/www.iceireland.com\\\/tr\\\/health-and-wellbeing\\\/#primaryimage\",\"url\":\"https:\\\/\\\/www.iceireland.com\\\/wp-content\\\/uploads\\\/2025\\\/11\\\/Student-Support-ICE-1448x2048.png\",\"contentUrl\":\"https:\\\/\\\/www.iceireland.com\\\/wp-content\\\/uploads\\\/2025\\\/11\\\/Student-Support-ICE-1448x2048.png\"},{\"@type\":\"BreadcrumbList\",\"@id\":\"https:\\\/\\\/www.iceireland.com\\\/tr\\\/health-and-wellbeing\\\/#breadcrumb\",\"itemListElement\":[{\"@type\":\"ListItem\",\"position\":1,\"name\":\"Home\",\"item\":\"https:\\\/\\\/www.iceireland.com\\\/tr\\\/\"},{\"@type\":\"ListItem\",\"position\":2,\"name\":\"Sa\u011fl\u0131k ve Refah\"}]},{\"@type\":\"WebSite\",\"@id\":\"https:\\\/\\\/www.iceireland.com\\\/tr\\\/#website\",\"url\":\"https:\\\/\\\/www.iceireland.com\\\/tr\\\/\",\"name\":\"Irish College of English\",\"description\":\"English School in Dublin, Malahide\",\"publisher\":{\"@id\":\"https:\\\/\\\/www.iceireland.com\\\/tr\\\/#organization\"},\"potentialAction\":[{\"@type\":\"SearchAction\",\"target\":{\"@type\":\"EntryPoint\",\"urlTemplate\":\"https:\\\/\\\/www.iceireland.com\\\/tr\\\/?s={search_term_string}\"},\"query-input\":{\"@type\":\"PropertyValueSpecification\",\"valueRequired\":true,\"valueName\":\"search_term_string\"}}],\"inLanguage\":\"tr\"},{\"@type\":\"Organization\",\"@id\":\"https:\\\/\\\/www.iceireland.com\\\/tr\\\/#organization\",\"name\":\"Irish College of English\",\"url\":\"https:\\\/\\\/www.iceireland.com\\\/tr\\\/\",\"logo\":{\"@type\":\"ImageObject\",\"inLanguage\":\"tr\",\"@id\":\"https:\\\/\\\/www.iceireland.com\\\/tr\\\/#\\\/schema\\\/logo\\\/image\\\/\",\"url\":\"https:\\\/\\\/www.iceireland.com\\\/wp-content\\\/uploads\\\/2022\\\/03\\\/logo.png\",\"contentUrl\":\"https:\\\/\\\/www.iceireland.com\\\/wp-content\\\/uploads\\\/2022\\\/03\\\/logo.png\",\"width\":593,\"height\":92,\"caption\":\"Irish College of English\"},\"image\":{\"@id\":\"https:\\\/\\\/www.iceireland.com\\\/tr\\\/#\\\/schema\\\/logo\\\/image\\\/\"}}]}<\/script>\n<!-- \/ Yoast SEO plugin. -->","yoast_head_json":{"title":"Sa\u011fl\u0131k ve Refah - Irish College of English","robots":{"index":"index","follow":"follow","max-snippet":"max-snippet:-1","max-image-preview":"max-image-preview:large","max-video-preview":"max-video-preview:-1"},"canonical":"https:\/\/www.iceireland.com\/tr\/health-and-wellbeing\/","og_locale":"tr_TR","og_type":"article","og_title":"Sa\u011fl\u0131k ve Refah - Irish College of English","og_description":"Sa\u011fl\u0131k ve Refah \u00d6\u011frenci Refah\u0131 \u00d6\u011frenci Refah\u0131 Politikam\u0131z, acil ve zor durumlarda \u00f6\u011frencilere yard\u0131mc\u0131 olmak \u00fczere atanm\u0131\u015f bir \u00d6\u011frenci Refah\u0131 G\u00f6revlisine sahip olmam\u0131z\u0131 sa\u011flar. Gerekirse, \u00f6zel ruh sa\u011fl\u0131\u011f\u0131 bak\u0131m\u0131 i\u00e7in sevk hizmetleri sa\u011flamak. \u0130rlanda&#8217;da sa\u011fl\u0131k hizmetlerine eri\u015fim konusunda rehberlik sunuyor ve \u00f6\u011frencilere sa\u011fl\u0131k sigortas\u0131 bilgileri ve talepleri konusunda yard\u0131mc\u0131 oluyoruz. St\u00d6\u011frenci Refah\u0131 \u00d6\u011frencilerimizin programlar\u0131m\u0131za ve [&hellip;]","og_url":"https:\/\/www.iceireland.com\/tr\/health-and-wellbeing\/","og_site_name":"Irish College of English","article_modified_time":"2026-01-30T18:25:52+00:00","og_image":[{"width":1655,"height":2340,"url":"https:\/\/www.iceireland.com\/wp-content\/uploads\/2025\/11\/Student-Support-ICE.png","type":"image\/png"}],"twitter_misc":{"Tahmini okuma s\u00fcresi":"5 dakika"},"schema":{"@context":"https:\/\/schema.org","@graph":[{"@type":"WebPage","@id":"https:\/\/www.iceireland.com\/tr\/health-and-wellbeing\/","url":"https:\/\/www.iceireland.com\/tr\/health-and-wellbeing\/","name":"Sa\u011fl\u0131k ve Refah - Irish College of English","isPartOf":{"@id":"https:\/\/www.iceireland.com\/tr\/#website"},"primaryImageOfPage":{"@id":"https:\/\/www.iceireland.com\/tr\/health-and-wellbeing\/#primaryimage"},"image":{"@id":"https:\/\/www.iceireland.com\/tr\/health-and-wellbeing\/#primaryimage"},"thumbnailUrl":"https:\/\/www.iceireland.com\/wp-content\/uploads\/2025\/11\/Student-Support-ICE-1448x2048.png","datePublished":"2025-08-27T17:58:07+00:00","dateModified":"2026-01-30T18:25:52+00:00","breadcrumb":{"@id":"https:\/\/www.iceireland.com\/tr\/health-and-wellbeing\/#breadcrumb"},"inLanguage":"tr","potentialAction":[{"@type":"ReadAction","target":["https:\/\/www.iceireland.com\/tr\/health-and-wellbeing\/"]}]},{"@type":"ImageObject","inLanguage":"tr","@id":"https:\/\/www.iceireland.com\/tr\/health-and-wellbeing\/#primaryimage","url":"https:\/\/www.iceireland.com\/wp-content\/uploads\/2025\/11\/Student-Support-ICE-1448x2048.png","contentUrl":"https:\/\/www.iceireland.com\/wp-content\/uploads\/2025\/11\/Student-Support-ICE-1448x2048.png"},{"@type":"BreadcrumbList","@id":"https:\/\/www.iceireland.com\/tr\/health-and-wellbeing\/#breadcrumb","itemListElement":[{"@type":"ListItem","position":1,"name":"Home","item":"https:\/\/www.iceireland.com\/tr\/"},{"@type":"ListItem","position":2,"name":"Sa\u011fl\u0131k ve Refah"}]},{"@type":"WebSite","@id":"https:\/\/www.iceireland.com\/tr\/#website","url":"https:\/\/www.iceireland.com\/tr\/","name":"Irish College of English","description":"English School in Dublin, Malahide","publisher":{"@id":"https:\/\/www.iceireland.com\/tr\/#organization"},"potentialAction":[{"@type":"SearchAction","target":{"@type":"EntryPoint","urlTemplate":"https:\/\/www.iceireland.com\/tr\/?s={search_term_string}"},"query-input":{"@type":"PropertyValueSpecification","valueRequired":true,"valueName":"search_term_string"}}],"inLanguage":"tr"},{"@type":"Organization","@id":"https:\/\/www.iceireland.com\/tr\/#organization","name":"Irish College of English","url":"https:\/\/www.iceireland.com\/tr\/","logo":{"@type":"ImageObject","inLanguage":"tr","@id":"https:\/\/www.iceireland.com\/tr\/#\/schema\/logo\/image\/","url":"https:\/\/www.iceireland.com\/wp-content\/uploads\/2022\/03\/logo.png","contentUrl":"https:\/\/www.iceireland.com\/wp-content\/uploads\/2022\/03\/logo.png","width":593,"height":92,"caption":"Irish College of English"},"image":{"@id":"https:\/\/www.iceireland.com\/tr\/#\/schema\/logo\/image\/"}}]}},"_links":{"self":[{"href":"https:\/\/www.iceireland.com\/tr\/wp-json\/wp\/v2\/pages\/33087","targetHints":{"allow":["GET"]}}],"collection":[{"href":"https:\/\/www.iceireland.com\/tr\/wp-json\/wp\/v2\/pages"}],"about":[{"href":"https:\/\/www.iceireland.com\/tr\/wp-json\/wp\/v2\/types\/page"}],"author":[{"embeddable":true,"href":"https:\/\/www.iceireland.com\/tr\/wp-json\/wp\/v2\/users\/3"}],"replies":[{"embeddable":true,"href":"https:\/\/www.iceireland.com\/tr\/wp-json\/wp\/v2\/comments?post=33087"}],"version-history":[{"count":1,"href":"https:\/\/www.iceireland.com\/tr\/wp-json\/wp\/v2\/pages\/33087\/revisions"}],"predecessor-version":[{"id":33089,"href":"https:\/\/www.iceireland.com\/tr\/wp-json\/wp\/v2\/pages\/33087\/revisions\/33089"}],"wp:attachment":[{"href":"https:\/\/www.iceireland.com\/tr\/wp-json\/wp\/v2\/media?parent=33087"}],"curies":[{"name":"wp","href":"https:\/\/api.w.org\/{rel}","templated":true}]}}